{"id":57883,"date":"2026-04-01T17:02:39","date_gmt":"2026-04-01T15:02:39","guid":{"rendered":"https:\/\/audibax.com\/?post_type=product&#038;p=57883"},"modified":"2026-04-27T15:59:38","modified_gmt":"2026-04-27T13:59:38","slug":"cable-pwc100-25-2","status":"publish","type":"product","link":"https:\/\/audibax.com\/fr\/produit\/cable-pwc100-25-2\/","title":{"rendered":"C\u00e2ble PWC300-25"},"content":{"rendered":"<div class=\"elementor-element elementor-element-8b8d2e0 e-flex e-con-boxed e-con e-parent\" data-id=\"8b8d2e0\" data-element_type=\"container\" data-core-v316-plus=\"true\">\n<div class=\"e-con-inner\">\n<div class=\"elementor-element elementor-element-4b1882b elementor-widget elementor-widget-woocommerce-product-content\" data-id=\"4b1882b\" data-element_type=\"widget\" data-widget_type=\"woocommerce-product-content.default\">\n<div class=\"elementor-widget-container\">\n<p data-path-to-node=\"2\"><span class=\"\">Le\u00a0<\/span><b class=\"\" data-path-to-node=\"2\" data-index-in-node=\"3\">PWC300-25<\/b><span class=\"\">\u00a0est un c\u00e2ble d\u2019alimentation professionnel con\u00e7u pour garantir des connexions s\u00fbres et stables pour les \u00e9quipements d\u2019audio,<\/span><span class=\"\">\u00a0d\u2019\u00e9clairage et d\u2019installations techniques.<\/span><span class=\"\"> Dot\u00e9 de connecteurs PowerCON (entr\u00e9e bleue et sortie grise) et d\u2019une longueur de 3 m\u00e8tres,<\/span><span class=\"\">\u00a0il est id\u00e9al pour les configurations compactes et les connexions rapides dans des environnements exigeants.<\/span><span class=\"\">\u00a0Fabriqu\u00e9 avec un conducteur de 3 x 2,<\/span><span class=\"\">5 mm\u00b2,<\/span><span class=\"\">\u00a0il offre une transmission d\u2019\u00e9nergie efficace et fiable.<\/span><span class=\"\">\u00a0De plus,<\/span><span class=\"\">\u00a0sa construction robuste et ses certifications CE et RoHS garantissent une utilisation s\u00e9curis\u00e9e dans les applications professionnelles.<\/span><\/p>\n<p data-path-to-node=\"3\"><span class=\"\">Une solution pratique et durable,<\/span><span class=\"\">\u00a0parfaite pour les installations techniques,<\/span><span class=\"\">\u00a0les \u00e9v\u00e9nements et les syst\u00e8mes professionnels.<\/span><\/p>\n<p>&nbsp;<\/p>\n<h2>Sp\u00e9cifications G\u00e9n\u00e9rales<\/h2>\n<ul>\n<li>Type de produit : C\u00e2ble d\u2019alimentation PowerCON<\/li>\n<li>Mod\u00e8le: PWC300-25<\/li>\n<li>ID: 10316040<\/li>\n<li>Longueur: 3 m<\/li>\n<\/ul>\n<p>&nbsp;<\/p>\n<h2>Connectivit\u00e9<\/h2>\n<ul>\n<li>Connecteur 1 : PowerCON (Entr\u00e9e \u2013 Bleu)<\/li>\n<li>Connecteur 2 : PowerCON (Sortie \u2013 Gris)<\/li>\n<\/ul>\n<p>&nbsp;<\/p>\n<h2>Sp\u00e9cifications du C\u00e2ble<\/h2>\n<ul>\n<li>Section du c\u00e2ble : 3 x 2,5 mm\u00b2<\/li>\n<li>AWG: 13<\/li>\n<li>Type de c\u00e2ble : C\u00e2ble d\u2019alimentation<\/li>\n<li>Blindage : Non blind\u00e9<\/li>\n<\/ul>\n<p>&nbsp;<\/p>\n<h2>Informations Physiques et Protection<\/h2>\n<ul>\n<li>Type de c\u00e2ble : H05RN-F<\/li>\n<li>Poids : 0,58 kg<\/li>\n<li>Indice de protection IP : IP44<\/li>\n<\/ul>\n<p>&nbsp;<\/p>\n<h2>Applications<\/h2>\n<ul>\n<li>Utilisation : Audio, \u00e9clairage, \u00e9v\u00e9nements, installations techniques<\/li>\n<li>Solutions : Connexion s\u00e9curis\u00e9e d\u2019\u00e9quipements avec PowerCON<\/li>\n<\/ul>\n<p>&nbsp;<\/p>\n<h2>Certifications<\/h2>\n<ul>\n<li>Certificats : CE, ROHS<\/li>\n<\/ul>\n<p>&nbsp;<\/p>\n<h2>Contenu de la Bo\u00eete<\/h2>\n<ul>\n<li>1 x C\u00e2ble PowerCON PWC100-25<\/li>\n<\/ul>\n<\/div>\n<\/div>\n<\/div>\n<\/div>\n<div class=\"elementor-element elementor-element-a5c0c6f e-flex e-con-boxed e-con e-parent\" data-id=\"a5c0c6f\" data-element_type=\"container\" data-core-v316-plus=\"true\"><\/div>\n","protected":false},"excerpt":{"rendered":"<ul>\n<li><strong>Connecteur 1<\/strong>\u00a0: PowerCON (Entr\u00e9e \u2013 Bleu)<\/li>\n<li><strong>Connecteur 2<\/strong>\u00a0: PowerCON (Sortie \u2013 Gris)<\/li>\n<li><strong>Longueur<\/strong>: 3 m<\/li>\n<li><strong>Type de c\u00e2ble<\/strong>\u00a0: H05RN-F<\/li>\n<li><strong>Section du c\u00e2ble<\/strong>\u00a0: 3 x 2,5 mm\u00b2<\/li>\n<\/ul>\n","protected":false},"featured_media":57042,"comment_status":"open","ping_status":"closed","template":"","meta":{"_acf_changed":false},"product_cat":[800],"product_tag":[752],"class_list":{"0":"post-57883","1":"product","2":"type-product","3":"status-publish","4":"has-post-thumbnail","6":"product_cat-cable-electrico","7":"product_tag-new","9":"first","10":"instock","11":"shipping-taxable","12":"product-type-simple"},"acf":[],"yoast_head":"<!-- This site is optimized with the Yoast SEO plugin v27.0 - https:\/\/yoast.com\/product\/yoast-seo-wordpress\/ -->\n<title>C\u00e2ble PWC300-25 - Audibax<\/title>\n<meta name=\"robots\" content=\"index, follow, max-snippet:-1, max-image-preview:large, max-video-preview:-1\" \/>\n<link rel=\"canonical\" href=\"https:\/\/audibax.com\/fr\/produit\/cable-pwc100-25-2\/\" \/>\n<meta property=\"og:locale\" content=\"fr_FR\" \/>\n<meta property=\"og:type\" content=\"article\" \/>\n<meta property=\"og:title\" content=\"C\u00e2ble PWC300-25 - Audibax\" \/>\n<meta property=\"og:description\" content=\"Connecteur 1\u00a0: PowerCON (Entr\u00e9e \u2013 Bleu)  Connecteur 2\u00a0: PowerCON (Sortie \u2013 Gris)  Longueur: 3 m  Type de c\u00e2ble\u00a0: H05RN-F  Section du c\u00e2ble\u00a0: 3 x 2,5 mm\u00b2\" \/>\n<meta property=\"og:url\" content=\"https:\/\/audibax.com\/fr\/produit\/cable-pwc100-25-2\/\" \/>\n<meta property=\"og:site_name\" content=\"Audibax\" \/>\n<meta property=\"article:modified_time\" content=\"2026-04-27T13:59:38+00:00\" \/>\n<meta property=\"og:image\" content=\"https:\/\/audibax.com\/wp-content\/uploads\/2026\/04\/PWC500-25_10316041_1.png\" \/>\n\t<meta property=\"og:image:width\" content=\"2500\" \/>\n\t<meta property=\"og:image:height\" content=\"1667\" \/>\n\t<meta property=\"og:image:type\" content=\"image\/png\" \/>\n<meta name=\"twitter:card\" content=\"summary_large_image\" \/>\n<meta name=\"twitter:label1\" content=\"Dur\u00e9e de lecture estim\u00e9e\" \/>\n\t<meta name=\"twitter:data1\" content=\"2 minutes\" \/>\n<script type=\"application\/ld+json\" class=\"yoast-schema-graph\">{\"@context\":\"https:\/\/schema.org\",\"@graph\":[{\"@type\":\"WebPage\",\"@id\":\"https:\/\/audibax.com\/fr\/produit\/cable-pwc100-25-2\/\",\"url\":\"https:\/\/audibax.com\/fr\/produit\/cable-pwc100-25-2\/\",\"name\":\"C\u00e2ble PWC300-25 - Audibax\",\"isPartOf\":{\"@id\":\"https:\/\/audibax.com\/fr\/#website\"},\"primaryImageOfPage\":{\"@id\":\"https:\/\/audibax.com\/fr\/produit\/cable-pwc100-25-2\/#primaryimage\"},\"image\":{\"@id\":\"https:\/\/audibax.com\/fr\/produit\/cable-pwc100-25-2\/#primaryimage\"},\"thumbnailUrl\":\"https:\/\/audibax.com\/wp-content\/uploads\/2026\/04\/PWC500-25_10316041_1.png\",\"datePublished\":\"2026-04-01T15:02:39+00:00\",\"dateModified\":\"2026-04-27T13:59:38+00:00\",\"breadcrumb\":{\"@id\":\"https:\/\/audibax.com\/fr\/produit\/cable-pwc100-25-2\/#breadcrumb\"},\"inLanguage\":\"fr-FR\",\"potentialAction\":[{\"@type\":\"ReadAction\",\"target\":[\"https:\/\/audibax.com\/fr\/produit\/cable-pwc100-25-2\/\"]}]},{\"@type\":\"ImageObject\",\"inLanguage\":\"fr-FR\",\"@id\":\"https:\/\/audibax.com\/fr\/produit\/cable-pwc100-25-2\/#primaryimage\",\"url\":\"https:\/\/audibax.com\/wp-content\/uploads\/2026\/04\/PWC500-25_10316041_1.png\",\"contentUrl\":\"https:\/\/audibax.com\/wp-content\/uploads\/2026\/04\/PWC500-25_10316041_1.png\",\"width\":2500,\"height\":1667},{\"@type\":\"BreadcrumbList\",\"@id\":\"https:\/\/audibax.com\/fr\/produit\/cable-pwc100-25-2\/#breadcrumb\",\"itemListElement\":[{\"@type\":\"ListItem\",\"position\":1,\"name\":\"Portada\",\"item\":\"https:\/\/audibax.com\/fr\/\"},{\"@type\":\"ListItem\",\"position\":2,\"name\":\"Produits\",\"item\":\"https:\/\/audibax.com\/fr\/shop\/\"},{\"@type\":\"ListItem\",\"position\":3,\"name\":\"C\u00e2ble PWC300-25\"}]},{\"@type\":\"WebSite\",\"@id\":\"https:\/\/audibax.com\/fr\/#website\",\"url\":\"https:\/\/audibax.com\/fr\/\",\"name\":\"Audibax\",\"description\":\"\",\"publisher\":{\"@id\":\"https:\/\/audibax.com\/fr\/#organization\"},\"potentialAction\":[{\"@type\":\"SearchAction\",\"target\":{\"@type\":\"EntryPoint\",\"urlTemplate\":\"https:\/\/audibax.com\/fr\/?s={search_term_string}\"},\"query-input\":{\"@type\":\"PropertyValueSpecification\",\"valueRequired\":true,\"valueName\":\"search_term_string\"}}],\"inLanguage\":\"fr-FR\"},{\"@type\":\"Organization\",\"@id\":\"https:\/\/audibax.com\/fr\/#organization\",\"name\":\"Audibax\",\"url\":\"https:\/\/audibax.com\/fr\/\",\"logo\":{\"@type\":\"ImageObject\",\"inLanguage\":\"fr-FR\",\"@id\":\"https:\/\/audibax.com\/fr\/#\/schema\/logo\/image\/\",\"url\":\"https:\/\/audibax.com\/wp-content\/uploads\/2023\/09\/logo-Audibax-BLANCO-SVG-1.svg\",\"contentUrl\":\"https:\/\/audibax.com\/wp-content\/uploads\/2023\/09\/logo-Audibax-BLANCO-SVG-1.svg\",\"caption\":\"Audibax\"},\"image\":{\"@id\":\"https:\/\/audibax.com\/fr\/#\/schema\/logo\/image\/\"}}]}<\/script>\n<!-- \/ Yoast SEO plugin. -->","yoast_head_json":{"title":"C\u00e2ble PWC300-25 - Audibax","robots":{"index":"index","follow":"follow","max-snippet":"max-snippet:-1","max-image-preview":"max-image-preview:large","max-video-preview":"max-video-preview:-1"},"canonical":"https:\/\/audibax.com\/fr\/produit\/cable-pwc100-25-2\/","og_locale":"fr_FR","og_type":"article","og_title":"C\u00e2ble PWC300-25 - Audibax","og_description":"Connecteur 1\u00a0: PowerCON (Entr\u00e9e \u2013 Bleu)  Connecteur 2\u00a0: PowerCON (Sortie \u2013 Gris)  Longueur: 3 m  Type de c\u00e2ble\u00a0: H05RN-F  Section du c\u00e2ble\u00a0: 3 x 2,5 mm\u00b2","og_url":"https:\/\/audibax.com\/fr\/produit\/cable-pwc100-25-2\/","og_site_name":"Audibax","article_modified_time":"2026-04-27T13:59:38+00:00","og_image":[{"width":2500,"height":1667,"url":"https:\/\/audibax.com\/wp-content\/uploads\/2026\/04\/PWC500-25_10316041_1.png","type":"image\/png"}],"twitter_card":"summary_large_image","twitter_misc":{"Dur\u00e9e de lecture estim\u00e9e":"2 minutes"},"schema":{"@context":"https:\/\/schema.org","@graph":[{"@type":"WebPage","@id":"https:\/\/audibax.com\/fr\/produit\/cable-pwc100-25-2\/","url":"https:\/\/audibax.com\/fr\/produit\/cable-pwc100-25-2\/","name":"C\u00e2ble PWC300-25 - Audibax","isPartOf":{"@id":"https:\/\/audibax.com\/fr\/#website"},"primaryImageOfPage":{"@id":"https:\/\/audibax.com\/fr\/produit\/cable-pwc100-25-2\/#primaryimage"},"image":{"@id":"https:\/\/audibax.com\/fr\/produit\/cable-pwc100-25-2\/#primaryimage"},"thumbnailUrl":"https:\/\/audibax.com\/wp-content\/uploads\/2026\/04\/PWC500-25_10316041_1.png","datePublished":"2026-04-01T15:02:39+00:00","dateModified":"2026-04-27T13:59:38+00:00","breadcrumb":{"@id":"https:\/\/audibax.com\/fr\/produit\/cable-pwc100-25-2\/#breadcrumb"},"inLanguage":"fr-FR","potentialAction":[{"@type":"ReadAction","target":["https:\/\/audibax.com\/fr\/produit\/cable-pwc100-25-2\/"]}]},{"@type":"ImageObject","inLanguage":"fr-FR","@id":"https:\/\/audibax.com\/fr\/produit\/cable-pwc100-25-2\/#primaryimage","url":"https:\/\/audibax.com\/wp-content\/uploads\/2026\/04\/PWC500-25_10316041_1.png","contentUrl":"https:\/\/audibax.com\/wp-content\/uploads\/2026\/04\/PWC500-25_10316041_1.png","width":2500,"height":1667},{"@type":"BreadcrumbList","@id":"https:\/\/audibax.com\/fr\/produit\/cable-pwc100-25-2\/#breadcrumb","itemListElement":[{"@type":"ListItem","position":1,"name":"Portada","item":"https:\/\/audibax.com\/fr\/"},{"@type":"ListItem","position":2,"name":"Produits","item":"https:\/\/audibax.com\/fr\/shop\/"},{"@type":"ListItem","position":3,"name":"C\u00e2ble PWC300-25"}]},{"@type":"WebSite","@id":"https:\/\/audibax.com\/fr\/#website","url":"https:\/\/audibax.com\/fr\/","name":"Audibax","description":"","publisher":{"@id":"https:\/\/audibax.com\/fr\/#organization"},"potentialAction":[{"@type":"SearchAction","target":{"@type":"EntryPoint","urlTemplate":"https:\/\/audibax.com\/fr\/?s={search_term_string}"},"query-input":{"@type":"PropertyValueSpecification","valueRequired":true,"valueName":"search_term_string"}}],"inLanguage":"fr-FR"},{"@type":"Organization","@id":"https:\/\/audibax.com\/fr\/#organization","name":"Audibax","url":"https:\/\/audibax.com\/fr\/","logo":{"@type":"ImageObject","inLanguage":"fr-FR","@id":"https:\/\/audibax.com\/fr\/#\/schema\/logo\/image\/","url":"https:\/\/audibax.com\/wp-content\/uploads\/2023\/09\/logo-Audibax-BLANCO-SVG-1.svg","contentUrl":"https:\/\/audibax.com\/wp-content\/uploads\/2023\/09\/logo-Audibax-BLANCO-SVG-1.svg","caption":"Audibax"},"image":{"@id":"https:\/\/audibax.com\/fr\/#\/schema\/logo\/image\/"}}]}},"_links":{"self":[{"href":"https:\/\/audibax.com\/fr\/wp-json\/wp\/v2\/product\/57883","targetHints":{"allow":["GET"]}}],"collection":[{"href":"https:\/\/audibax.com\/fr\/wp-json\/wp\/v2\/product"}],"about":[{"href":"https:\/\/audibax.com\/fr\/wp-json\/wp\/v2\/types\/product"}],"replies":[{"embeddable":true,"href":"https:\/\/audibax.com\/fr\/wp-json\/wp\/v2\/comments?post=57883"}],"wp:featuredmedia":[{"embeddable":true,"href":"https:\/\/audibax.com\/fr\/wp-json\/wp\/v2\/media\/57042"}],"wp:attachment":[{"href":"https:\/\/audibax.com\/fr\/wp-json\/wp\/v2\/media?parent=57883"}],"wp:term":[{"taxonomy":"product_cat","embeddable":true,"href":"https:\/\/audibax.com\/fr\/wp-json\/wp\/v2\/product_cat?post=57883"},{"taxonomy":"product_tag","embeddable":true,"href":"https:\/\/audibax.com\/fr\/wp-json\/wp\/v2\/product_tag?post=57883"}],"curies":[{"name":"wp","href":"https:\/\/api.w.org\/{rel}","templated":true}]}}