{"id":57871,"date":"2026-04-01T16:36:08","date_gmt":"2026-04-01T14:36:08","guid":{"rendered":"https:\/\/audibax.com\/?post_type=product&#038;p=57871"},"modified":"2026-04-27T14:00:54","modified_gmt":"2026-04-27T12:00:54","slug":"cable-pc-xlr-250","status":"publish","type":"product","link":"https:\/\/audibax.com\/fr\/produit\/cable-pc-xlr-250\/","title":{"rendered":"C\u00e2ble PC-XLR-250"},"content":{"rendered":"<p data-path-to-node=\"2\">Le\u00a0<b data-path-to-node=\"2\" data-index-in-node=\"3\">PC-XLR-250<\/b> est un c\u00e2ble hybride XLR professionnel con\u00e7u pour optimiser les installations techniques en combinant la transmission de puissance et de signal dans une solution unique. \u00c9quip\u00e9 de connecteurs PowerCON (entr\u00e9e bleue et sortie grise) et d\u2019une longueur de 2,5 m\u00e8tre, il r\u00e9duit le c\u00e2blage et simplifie les configurations dans les environnements audio et d\u2019\u00e9clairage. Construit avec un conducteur de 3 x 2,5 mm\u00b2, il assure une transmission d\u2019\u00e9nergie stable et s\u00fbre. De plus, il est certifi\u00e9 CE et RoHS et b\u00e9n\u00e9ficie d\u2019une protection\u00a0<b data-path-to-node=\"2\" data-index-in-node=\"541\">IP44<\/b>, ce qui le rend adapt\u00e9 \u00e0 une utilisation dans des environnements professionnels exigeants.<\/p>\n<p data-path-to-node=\"3\">Une option pratique, robuste et efficace pour les installations o\u00f9 l\u2019organisation et la fiabilit\u00e9 sont essentielles.<\/p>\n<p>&nbsp;<\/p>\n<h2>Sp\u00e9cifications G\u00e9n\u00e9rales<\/h2>\n<ul>\n<li>Type de produit : C\u00e2ble hybride PowerCON \/ XLR<\/li>\n<li>Mod\u00e8le: PC-XLR-250<\/li>\n<li>ID: 10316034<\/li>\n<li>Longueur: 2.5 m<\/li>\n<\/ul>\n<p>&nbsp;<\/p>\n<h2>Connectivit\u00e9<\/h2>\n<ul>\n<li>Connecteur 1 : PowerCON (Entr\u00e9e \u2013 Bleu)<\/li>\n<li>Connecteur 2 : PowerCON (Sortie \u2013 Gris)<\/li>\n<\/ul>\n<p>&nbsp;<\/p>\n<h2>Sp\u00e9cifications du C\u00e2ble<\/h2>\n<ul>\n<li>Section du c\u00e2ble (1) : 3 x 2,5 mm\u00b2<\/li>\n<li>AWG (1) : 13<\/li>\n<li>Section du c\u00e2ble (2) : 2 x 0,3 mm\u00b2<\/li>\n<li>AWG (2) : 22<\/li>\n<li>Type de c\u00e2ble : Puissance \/ Signal<\/li>\n<li>Blindage : Non blind\u00e9 (Unshielded)<\/li>\n<\/ul>\n<p>&nbsp;<\/p>\n<h2>Informations Physiques et Protection<\/h2>\n<ul>\n<li>Type de c\u00e2ble : H05RN-F<\/li>\n<li>Poids : 0.68 kg<\/li>\n<li>Indice de protection IP : IP44<\/li>\n<\/ul>\n<p>&nbsp;<\/p>\n<h2>Applications<\/h2>\n<ul>\n<li>Utilisation : Audio, \u00e9clairage, \u00e9v\u00e9nements, installations techniques<\/li>\n<li>Solutions : Optimisation du c\u00e2blage dans les syst\u00e8mes professionnels<\/li>\n<\/ul>\n<p>&nbsp;<\/p>\n<h2>Certifications<\/h2>\n<ul>\n<li>Certificats : CE, ROHS<\/li>\n<\/ul>\n<p>&nbsp;<\/p>\n<h2>Contenu de la Bo\u00eete<\/h2>\n<ul>\n<li>1 x C\u00e2ble Hybride PC-XLR-250<\/li>\n<\/ul>\n<p>&nbsp;<\/p>\n","protected":false},"excerpt":{"rendered":"<ul class=\"p_0 m_0 list-style-position_outside list-style-type_revert\">\n<li class=\"ml_4 mr_4\" value=\"1\"><span class=\"knownFragmentElementNode\"><b><strong class=\"fw_bold\">Connecteur\u00a01<\/strong><\/b>\u00a0: PowerCON (entr\u00e9e\u00a0\u2013\u00a0bleu)<\/span><\/li>\n<li class=\"ml_4 mr_4\" value=\"2\"><span class=\"knownFragmentElementNode\"><b><strong class=\"fw_bold\">Connecteur\u00a02<\/strong><\/b>\u00a0: PowerCON (sortie\u00a0\u2013\u00a0gris)<\/span><\/li>\n<li class=\"ml_4 mr_4\" value=\"3\"><span class=\"knownFragmentElementNode\"><b><strong class=\"fw_bold\">Longueur<\/strong><\/b> : 2,5 m<\/span><\/li>\n<li class=\"ml_4 mr_4\" value=\"4\"><span class=\"knownFragmentElementNode\"><b><strong class=\"fw_bold\">Type de c\u00e2ble<\/strong><\/b>\u00a0: H05RN-F<\/span><\/li>\n<li class=\"ml_4 mr_4\" value=\"5\"><span class=\"knownFragmentElementNode\"><b><strong class=\"fw_bold\">Section du c\u00e2ble (1)<\/strong><\/b>\u00a0: 3\u00a0x\u00a02,5\u00a0mm\u00b2<\/span><\/li>\n<li><span class=\"knownFragmentElementNode\"><b><strong class=\"fw_bold\">Section du c\u00e2ble (2)<\/strong><\/b>\u00a0: 2 x 0,3 mm\u00b2<\/span><\/li>\n<\/ul>\n","protected":false},"featured_media":56936,"comment_status":"open","ping_status":"closed","template":"","meta":{"_acf_changed":false},"product_cat":[325,799,801],"product_tag":[752],"class_list":{"0":"post-57871","1":"product","2":"type-product","3":"status-publish","4":"has-post-thumbnail","6":"product_cat-cable-xlr","7":"product_cat-electric-cables","8":"product_cat-powercon-cables","9":"product_tag-new","11":"first","12":"instock","13":"shipping-taxable","14":"product-type-simple"},"acf":[],"yoast_head":"<!-- This site is optimized with the Yoast SEO plugin v27.0 - https:\/\/yoast.com\/product\/yoast-seo-wordpress\/ -->\n<title>C\u00e2ble PC-XLR-250 - Audibax<\/title>\n<meta name=\"robots\" content=\"index, follow, max-snippet:-1, max-image-preview:large, max-video-preview:-1\" \/>\n<link rel=\"canonical\" href=\"https:\/\/audibax.com\/fr\/produit\/cable-pc-xlr-250\/\" \/>\n<meta property=\"og:locale\" content=\"fr_FR\" \/>\n<meta property=\"og:type\" content=\"article\" \/>\n<meta property=\"og:title\" content=\"C\u00e2ble PC-XLR-250 - Audibax\" \/>\n<meta property=\"og:description\" content=\"Connecteur\u00a01\u00a0: PowerCON (entr\u00e9e\u00a0\u2013\u00a0bleu)  Connecteur\u00a02\u00a0: PowerCON (sortie\u00a0\u2013\u00a0gris)  Longueur : 2,5 m  Type de c\u00e2ble\u00a0: H05RN-F  Section du c\u00e2ble (1)\u00a0: 3\u00a0x\u00a02,5\u00a0mm\u00b2  Section du c\u00e2ble (2)\u00a0: 2 x 0,3 mm\u00b2\" \/>\n<meta property=\"og:url\" content=\"https:\/\/audibax.com\/fr\/produit\/cable-pc-xlr-250\/\" \/>\n<meta property=\"og:site_name\" content=\"Audibax\" \/>\n<meta property=\"article:modified_time\" content=\"2026-04-27T12:00:54+00:00\" \/>\n<meta property=\"og:image\" content=\"https:\/\/audibax.com\/wp-content\/uploads\/2026\/04\/PC-XLR-250_10316034_1.png\" \/>\n\t<meta property=\"og:image:width\" content=\"2500\" \/>\n\t<meta property=\"og:image:height\" content=\"1768\" \/>\n\t<meta property=\"og:image:type\" content=\"image\/png\" \/>\n<meta name=\"twitter:card\" content=\"summary_large_image\" \/>\n<meta name=\"twitter:label1\" content=\"Dur\u00e9e de lecture estim\u00e9e\" \/>\n\t<meta name=\"twitter:data1\" content=\"2 minutes\" \/>\n<script type=\"application\/ld+json\" class=\"yoast-schema-graph\">{\"@context\":\"https:\/\/schema.org\",\"@graph\":[{\"@type\":\"WebPage\",\"@id\":\"https:\/\/audibax.com\/fr\/produit\/cable-pc-xlr-250\/\",\"url\":\"https:\/\/audibax.com\/fr\/produit\/cable-pc-xlr-250\/\",\"name\":\"C\u00e2ble PC-XLR-250 - Audibax\",\"isPartOf\":{\"@id\":\"https:\/\/audibax.com\/fr\/#website\"},\"primaryImageOfPage\":{\"@id\":\"https:\/\/audibax.com\/fr\/produit\/cable-pc-xlr-250\/#primaryimage\"},\"image\":{\"@id\":\"https:\/\/audibax.com\/fr\/produit\/cable-pc-xlr-250\/#primaryimage\"},\"thumbnailUrl\":\"https:\/\/audibax.com\/wp-content\/uploads\/2026\/04\/PC-XLR-250_10316034_1.png\",\"datePublished\":\"2026-04-01T14:36:08+00:00\",\"dateModified\":\"2026-04-27T12:00:54+00:00\",\"breadcrumb\":{\"@id\":\"https:\/\/audibax.com\/fr\/produit\/cable-pc-xlr-250\/#breadcrumb\"},\"inLanguage\":\"fr-FR\",\"potentialAction\":[{\"@type\":\"ReadAction\",\"target\":[\"https:\/\/audibax.com\/fr\/produit\/cable-pc-xlr-250\/\"]}]},{\"@type\":\"ImageObject\",\"inLanguage\":\"fr-FR\",\"@id\":\"https:\/\/audibax.com\/fr\/produit\/cable-pc-xlr-250\/#primaryimage\",\"url\":\"https:\/\/audibax.com\/wp-content\/uploads\/2026\/04\/PC-XLR-250_10316034_1.png\",\"contentUrl\":\"https:\/\/audibax.com\/wp-content\/uploads\/2026\/04\/PC-XLR-250_10316034_1.png\",\"width\":2500,\"height\":1768},{\"@type\":\"BreadcrumbList\",\"@id\":\"https:\/\/audibax.com\/fr\/produit\/cable-pc-xlr-250\/#breadcrumb\",\"itemListElement\":[{\"@type\":\"ListItem\",\"position\":1,\"name\":\"Portada\",\"item\":\"https:\/\/audibax.com\/fr\/\"},{\"@type\":\"ListItem\",\"position\":2,\"name\":\"Produits\",\"item\":\"https:\/\/audibax.com\/fr\/shop\/\"},{\"@type\":\"ListItem\",\"position\":3,\"name\":\"C\u00e2ble PC-XLR-250\"}]},{\"@type\":\"WebSite\",\"@id\":\"https:\/\/audibax.com\/fr\/#website\",\"url\":\"https:\/\/audibax.com\/fr\/\",\"name\":\"Audibax\",\"description\":\"\",\"publisher\":{\"@id\":\"https:\/\/audibax.com\/fr\/#organization\"},\"potentialAction\":[{\"@type\":\"SearchAction\",\"target\":{\"@type\":\"EntryPoint\",\"urlTemplate\":\"https:\/\/audibax.com\/fr\/?s={search_term_string}\"},\"query-input\":{\"@type\":\"PropertyValueSpecification\",\"valueRequired\":true,\"valueName\":\"search_term_string\"}}],\"inLanguage\":\"fr-FR\"},{\"@type\":\"Organization\",\"@id\":\"https:\/\/audibax.com\/fr\/#organization\",\"name\":\"Audibax\",\"url\":\"https:\/\/audibax.com\/fr\/\",\"logo\":{\"@type\":\"ImageObject\",\"inLanguage\":\"fr-FR\",\"@id\":\"https:\/\/audibax.com\/fr\/#\/schema\/logo\/image\/\",\"url\":\"https:\/\/audibax.com\/wp-content\/uploads\/2023\/09\/logo-Audibax-BLANCO-SVG-1.svg\",\"contentUrl\":\"https:\/\/audibax.com\/wp-content\/uploads\/2023\/09\/logo-Audibax-BLANCO-SVG-1.svg\",\"caption\":\"Audibax\"},\"image\":{\"@id\":\"https:\/\/audibax.com\/fr\/#\/schema\/logo\/image\/\"}}]}<\/script>\n<!-- \/ Yoast SEO plugin. -->","yoast_head_json":{"title":"C\u00e2ble PC-XLR-250 - Audibax","robots":{"index":"index","follow":"follow","max-snippet":"max-snippet:-1","max-image-preview":"max-image-preview:large","max-video-preview":"max-video-preview:-1"},"canonical":"https:\/\/audibax.com\/fr\/produit\/cable-pc-xlr-250\/","og_locale":"fr_FR","og_type":"article","og_title":"C\u00e2ble PC-XLR-250 - Audibax","og_description":"Connecteur\u00a01\u00a0: PowerCON (entr\u00e9e\u00a0\u2013\u00a0bleu)  Connecteur\u00a02\u00a0: PowerCON (sortie\u00a0\u2013\u00a0gris)  Longueur : 2,5 m  Type de c\u00e2ble\u00a0: H05RN-F  Section du c\u00e2ble (1)\u00a0: 3\u00a0x\u00a02,5\u00a0mm\u00b2  Section du c\u00e2ble (2)\u00a0: 2 x 0,3 mm\u00b2","og_url":"https:\/\/audibax.com\/fr\/produit\/cable-pc-xlr-250\/","og_site_name":"Audibax","article_modified_time":"2026-04-27T12:00:54+00:00","og_image":[{"width":2500,"height":1768,"url":"https:\/\/audibax.com\/wp-content\/uploads\/2026\/04\/PC-XLR-250_10316034_1.png","type":"image\/png"}],"twitter_card":"summary_large_image","twitter_misc":{"Dur\u00e9e de lecture estim\u00e9e":"2 minutes"},"schema":{"@context":"https:\/\/schema.org","@graph":[{"@type":"WebPage","@id":"https:\/\/audibax.com\/fr\/produit\/cable-pc-xlr-250\/","url":"https:\/\/audibax.com\/fr\/produit\/cable-pc-xlr-250\/","name":"C\u00e2ble PC-XLR-250 - Audibax","isPartOf":{"@id":"https:\/\/audibax.com\/fr\/#website"},"primaryImageOfPage":{"@id":"https:\/\/audibax.com\/fr\/produit\/cable-pc-xlr-250\/#primaryimage"},"image":{"@id":"https:\/\/audibax.com\/fr\/produit\/cable-pc-xlr-250\/#primaryimage"},"thumbnailUrl":"https:\/\/audibax.com\/wp-content\/uploads\/2026\/04\/PC-XLR-250_10316034_1.png","datePublished":"2026-04-01T14:36:08+00:00","dateModified":"2026-04-27T12:00:54+00:00","breadcrumb":{"@id":"https:\/\/audibax.com\/fr\/produit\/cable-pc-xlr-250\/#breadcrumb"},"inLanguage":"fr-FR","potentialAction":[{"@type":"ReadAction","target":["https:\/\/audibax.com\/fr\/produit\/cable-pc-xlr-250\/"]}]},{"@type":"ImageObject","inLanguage":"fr-FR","@id":"https:\/\/audibax.com\/fr\/produit\/cable-pc-xlr-250\/#primaryimage","url":"https:\/\/audibax.com\/wp-content\/uploads\/2026\/04\/PC-XLR-250_10316034_1.png","contentUrl":"https:\/\/audibax.com\/wp-content\/uploads\/2026\/04\/PC-XLR-250_10316034_1.png","width":2500,"height":1768},{"@type":"BreadcrumbList","@id":"https:\/\/audibax.com\/fr\/produit\/cable-pc-xlr-250\/#breadcrumb","itemListElement":[{"@type":"ListItem","position":1,"name":"Portada","item":"https:\/\/audibax.com\/fr\/"},{"@type":"ListItem","position":2,"name":"Produits","item":"https:\/\/audibax.com\/fr\/shop\/"},{"@type":"ListItem","position":3,"name":"C\u00e2ble PC-XLR-250"}]},{"@type":"WebSite","@id":"https:\/\/audibax.com\/fr\/#website","url":"https:\/\/audibax.com\/fr\/","name":"Audibax","description":"","publisher":{"@id":"https:\/\/audibax.com\/fr\/#organization"},"potentialAction":[{"@type":"SearchAction","target":{"@type":"EntryPoint","urlTemplate":"https:\/\/audibax.com\/fr\/?s={search_term_string}"},"query-input":{"@type":"PropertyValueSpecification","valueRequired":true,"valueName":"search_term_string"}}],"inLanguage":"fr-FR"},{"@type":"Organization","@id":"https:\/\/audibax.com\/fr\/#organization","name":"Audibax","url":"https:\/\/audibax.com\/fr\/","logo":{"@type":"ImageObject","inLanguage":"fr-FR","@id":"https:\/\/audibax.com\/fr\/#\/schema\/logo\/image\/","url":"https:\/\/audibax.com\/wp-content\/uploads\/2023\/09\/logo-Audibax-BLANCO-SVG-1.svg","contentUrl":"https:\/\/audibax.com\/wp-content\/uploads\/2023\/09\/logo-Audibax-BLANCO-SVG-1.svg","caption":"Audibax"},"image":{"@id":"https:\/\/audibax.com\/fr\/#\/schema\/logo\/image\/"}}]}},"_links":{"self":[{"href":"https:\/\/audibax.com\/fr\/wp-json\/wp\/v2\/product\/57871","targetHints":{"allow":["GET"]}}],"collection":[{"href":"https:\/\/audibax.com\/fr\/wp-json\/wp\/v2\/product"}],"about":[{"href":"https:\/\/audibax.com\/fr\/wp-json\/wp\/v2\/types\/product"}],"replies":[{"embeddable":true,"href":"https:\/\/audibax.com\/fr\/wp-json\/wp\/v2\/comments?post=57871"}],"wp:featuredmedia":[{"embeddable":true,"href":"https:\/\/audibax.com\/fr\/wp-json\/wp\/v2\/media\/56936"}],"wp:attachment":[{"href":"https:\/\/audibax.com\/fr\/wp-json\/wp\/v2\/media?parent=57871"}],"wp:term":[{"taxonomy":"product_cat","embeddable":true,"href":"https:\/\/audibax.com\/fr\/wp-json\/wp\/v2\/product_cat?post=57871"},{"taxonomy":"product_tag","embeddable":true,"href":"https:\/\/audibax.com\/fr\/wp-json\/wp\/v2\/product_tag?post=57871"}],"curies":[{"name":"wp","href":"https:\/\/api.w.org\/{rel}","templated":true}]}}