{"id":57864,"date":"2026-04-01T15:55:02","date_gmt":"2026-04-01T13:55:02","guid":{"rendered":"https:\/\/audibax.com\/?post_type=product&#038;p=57864"},"modified":"2026-04-27T12:23:33","modified_gmt":"2026-04-27T10:23:33","slug":"cable-pwc300-15","status":"publish","type":"product","link":"https:\/\/audibax.com\/fr\/produit\/cable-pwc300-15\/","title":{"rendered":"C\u00e2ble PWC300-15"},"content":{"rendered":"<p><span class=\"knownFragmentElementNode\">Le <b><strong class=\"fw_bold\">PWC300-15<\/strong><\/b>\u00a0est un c\u00e2ble d&rsquo;alimentation professionnel con\u00e7u pour garantir des connexions s\u00fbres et stables sur les \u00e9quipements audio, d&rsquo;\u00e9clairage et d&rsquo;installation technique. <\/span><span class=\"knownFragmentElementNode\">Dot\u00e9 de connecteurs\u00a0<b><strong class=\"fw_bold\">PowerCON (entr\u00e9e bleue et sortie grise)<\/strong><\/b> et d&rsquo;une longueur de\u00a0<b><strong class=\"fw_bold\">3 m\u00e8tres<\/strong><\/b>, il est id\u00e9al pour les configurations compactes et les connexions rapides dans des environnements exigeants. <\/span><span class=\"knownFragmentElementNode\">Fabriqu\u00e9 avec un conducteur de\u00a0<b><strong class=\"fw_bold\">3\u00a0x\u00a01,5\u00a0mm\u00b2<\/strong><\/b>, il assure une transmission d&rsquo;\u00e9nergie efficace et fiable. <\/span><span class=\"knownFragmentElementNode\">De plus, sa construction robuste et ses certifications\u00a0<b><strong class=\"fw_bold\">CE et RoHS<\/strong><\/b>\u00a0garantissent une utilisation s\u00fbre dans le cadre d&rsquo;applications professionnelles.<\/span><\/p>\n<p><span class=\"knownFragmentElementNode\">Une solution pratique, robuste et parfaite pour les installations techniques, les \u00e9v\u00e9nements et les syst\u00e8mes professionnels.<\/span><\/p>\n<p>&nbsp;<\/p>\n<h2>Caract\u00e9ristiques techniques<\/h2>\n<ul>\n<li>Type de produit\u00a0: C\u00e2ble d&rsquo;alimentation PowerCON<\/li>\n<li>Mod\u00e8le\u00a0: <span data-sheets-root=\"1\">10316031<\/span><\/li>\n<li>ID: <span data-sheets-root=\"1\">PWC300-15<\/span><\/li>\n<li>Longueur\u00a0: 3 m<\/li>\n<\/ul>\n<p>&nbsp;<\/p>\n<h2>Connectivit\u00e9<\/h2>\n<ul>\n<li>Connecteur\u00a01\u00a0: PowerCON (entr\u00e9e \u2013\u00a0bleu)<\/li>\n<li>Connecteur\u00a02\u00a0: PowerCON (sortie \u2013\u00a0gris)<\/li>\n<\/ul>\n<p>&nbsp;<\/p>\n<h2>Caract\u00e9ristiques du c\u00e2ble<\/h2>\n<ul>\n<li>Section du c\u00e2ble\u00a0: 3\u00a0x\u00a01,5\u00a0mm\u00b2<\/li>\n<li>AWG: 15<\/li>\n<li>Type de c\u00e2ble\u00a0: Alimentation \u00e9lectrique<\/li>\n<li>Protection\u00a0: Sans blindage<\/li>\n<\/ul>\n<p>&nbsp;<\/p>\n<h2>Informations physiques et protection<\/h2>\n<ul>\n<li>Type de c\u00e2ble\u00a0: H05RN-F<\/li>\n<li>Weight: 0,44 kg<\/li>\n<li>IP Protection Rating: IP44<\/li>\n<\/ul>\n<p>&nbsp;<\/p>\n<h2>Applications<\/h2>\n<ul>\n<li>Utilisation\u00a0: Audio, \u00e9clairage, \u00e9v\u00e9nements, installations techniques<\/li>\n<li>Solutions\u00a0: Connexion s\u00e9curis\u00e9e des \u00e9quipements avec PowerCON<\/li>\n<\/ul>\n<p>&nbsp;<\/p>\n<h2>Certifications<\/h2>\n<ul>\n<li>Certifications\u00a0: CE, RoHS<\/li>\n<\/ul>\n<p>&nbsp;<\/p>\n<h2>Contenu de la bo\u00eete<\/h2>\n<ul>\n<li>1 x c\u00e2ble PowerCON PWC300-15<\/li>\n<\/ul>\n<p>&nbsp;<\/p>\n","protected":false},"excerpt":{"rendered":"<ul class=\"p_0 m_0 list-style-position_outside list-style-type_revert\">\n<li class=\"ml_4 mr_4\" value=\"1\"><span class=\"knownFragmentElementNode\"><b><strong class=\"fw_bold\">Connecteur\u00a01<\/strong><\/b> : PowerCON (entr\u00e9e\u00a0\u2013\u00a0bleu)<\/span><\/li>\n<li class=\"ml_4 mr_4\" value=\"2\"><span class=\"knownFragmentElementNode\"><b><strong class=\"fw_bold\">Connecteur\u00a02<\/strong><\/b> : PowerCON (sortie\u00a0\u2013\u00a0gris)<\/span><\/li>\n<li class=\"ml_4 mr_4\" value=\"3\"><span class=\"knownFragmentElementNode\"><b><strong class=\"fw_bold\">Longueur<\/strong><\/b> : 3 m<\/span><\/li>\n<li class=\"ml_4 mr_4\" value=\"4\"><span class=\"knownFragmentElementNode\"><b><strong class=\"fw_bold\">Type de c\u00e2ble<\/strong><\/b> : H05RN-F<\/span><\/li>\n<li class=\"ml_4 mr_4\" value=\"5\"><span class=\"knownFragmentElementNode\"><b><strong class=\"fw_bold\">Section du c\u00e2ble<\/strong><\/b> : 3\u00a0x\u00a01,5\u00a0mm\u00b2<\/span><\/li>\n<\/ul>\n","protected":false},"featured_media":56865,"comment_status":"open","ping_status":"closed","template":"","meta":{"_acf_changed":false},"product_cat":[799,801],"product_tag":[752],"class_list":{"0":"post-57864","1":"product","2":"type-product","3":"status-publish","4":"has-post-thumbnail","6":"product_cat-electric-cables","7":"product_cat-powercon-cables","8":"product_tag-new","10":"first","11":"instock","12":"shipping-taxable","13":"product-type-simple"},"acf":[],"yoast_head":"<!-- This site is optimized with the Yoast SEO plugin v27.0 - https:\/\/yoast.com\/product\/yoast-seo-wordpress\/ -->\n<title>C\u00e2ble PWC300-15 - Audibax<\/title>\n<meta name=\"robots\" content=\"index, follow, max-snippet:-1, max-image-preview:large, max-video-preview:-1\" \/>\n<link rel=\"canonical\" href=\"https:\/\/audibax.com\/fr\/produit\/cable-pwc300-15\/\" \/>\n<meta property=\"og:locale\" content=\"fr_FR\" \/>\n<meta property=\"og:type\" content=\"article\" \/>\n<meta property=\"og:title\" content=\"C\u00e2ble PWC300-15 - Audibax\" \/>\n<meta property=\"og:description\" content=\"Connecteur\u00a01 : PowerCON (entr\u00e9e\u00a0\u2013\u00a0bleu)  Connecteur\u00a02 : PowerCON (sortie\u00a0\u2013\u00a0gris)  Longueur : 3 m  Type de c\u00e2ble : H05RN-F  Section du c\u00e2ble : 3\u00a0x\u00a01,5\u00a0mm\u00b2\" \/>\n<meta property=\"og:url\" content=\"https:\/\/audibax.com\/fr\/produit\/cable-pwc300-15\/\" \/>\n<meta property=\"og:site_name\" content=\"Audibax\" \/>\n<meta property=\"article:modified_time\" content=\"2026-04-27T10:23:33+00:00\" \/>\n<meta property=\"og:image\" content=\"https:\/\/audibax.com\/wp-content\/uploads\/2026\/04\/PWC300-15_10316031_1.png\" \/>\n\t<meta property=\"og:image:width\" content=\"2500\" \/>\n\t<meta property=\"og:image:height\" content=\"1667\" \/>\n\t<meta property=\"og:image:type\" content=\"image\/png\" \/>\n<meta name=\"twitter:card\" content=\"summary_large_image\" \/>\n<meta name=\"twitter:label1\" content=\"Dur\u00e9e de lecture estim\u00e9e\" \/>\n\t<meta name=\"twitter:data1\" content=\"1 minute\" \/>\n<script type=\"application\/ld+json\" class=\"yoast-schema-graph\">{\"@context\":\"https:\/\/schema.org\",\"@graph\":[{\"@type\":\"WebPage\",\"@id\":\"https:\/\/audibax.com\/fr\/produit\/cable-pwc300-15\/\",\"url\":\"https:\/\/audibax.com\/fr\/produit\/cable-pwc300-15\/\",\"name\":\"C\u00e2ble PWC300-15 - Audibax\",\"isPartOf\":{\"@id\":\"https:\/\/audibax.com\/fr\/#website\"},\"primaryImageOfPage\":{\"@id\":\"https:\/\/audibax.com\/fr\/produit\/cable-pwc300-15\/#primaryimage\"},\"image\":{\"@id\":\"https:\/\/audibax.com\/fr\/produit\/cable-pwc300-15\/#primaryimage\"},\"thumbnailUrl\":\"https:\/\/audibax.com\/wp-content\/uploads\/2026\/04\/PWC300-15_10316031_1.png\",\"datePublished\":\"2026-04-01T13:55:02+00:00\",\"dateModified\":\"2026-04-27T10:23:33+00:00\",\"breadcrumb\":{\"@id\":\"https:\/\/audibax.com\/fr\/produit\/cable-pwc300-15\/#breadcrumb\"},\"inLanguage\":\"fr-FR\",\"potentialAction\":[{\"@type\":\"ReadAction\",\"target\":[\"https:\/\/audibax.com\/fr\/produit\/cable-pwc300-15\/\"]}]},{\"@type\":\"ImageObject\",\"inLanguage\":\"fr-FR\",\"@id\":\"https:\/\/audibax.com\/fr\/produit\/cable-pwc300-15\/#primaryimage\",\"url\":\"https:\/\/audibax.com\/wp-content\/uploads\/2026\/04\/PWC300-15_10316031_1.png\",\"contentUrl\":\"https:\/\/audibax.com\/wp-content\/uploads\/2026\/04\/PWC300-15_10316031_1.png\",\"width\":2500,\"height\":1667},{\"@type\":\"BreadcrumbList\",\"@id\":\"https:\/\/audibax.com\/fr\/produit\/cable-pwc300-15\/#breadcrumb\",\"itemListElement\":[{\"@type\":\"ListItem\",\"position\":1,\"name\":\"Portada\",\"item\":\"https:\/\/audibax.com\/fr\/\"},{\"@type\":\"ListItem\",\"position\":2,\"name\":\"Produits\",\"item\":\"https:\/\/audibax.com\/fr\/shop\/\"},{\"@type\":\"ListItem\",\"position\":3,\"name\":\"C\u00e2ble PWC300-15\"}]},{\"@type\":\"WebSite\",\"@id\":\"https:\/\/audibax.com\/fr\/#website\",\"url\":\"https:\/\/audibax.com\/fr\/\",\"name\":\"Audibax\",\"description\":\"\",\"publisher\":{\"@id\":\"https:\/\/audibax.com\/fr\/#organization\"},\"potentialAction\":[{\"@type\":\"SearchAction\",\"target\":{\"@type\":\"EntryPoint\",\"urlTemplate\":\"https:\/\/audibax.com\/fr\/?s={search_term_string}\"},\"query-input\":{\"@type\":\"PropertyValueSpecification\",\"valueRequired\":true,\"valueName\":\"search_term_string\"}}],\"inLanguage\":\"fr-FR\"},{\"@type\":\"Organization\",\"@id\":\"https:\/\/audibax.com\/fr\/#organization\",\"name\":\"Audibax\",\"url\":\"https:\/\/audibax.com\/fr\/\",\"logo\":{\"@type\":\"ImageObject\",\"inLanguage\":\"fr-FR\",\"@id\":\"https:\/\/audibax.com\/fr\/#\/schema\/logo\/image\/\",\"url\":\"https:\/\/audibax.com\/wp-content\/uploads\/2023\/09\/logo-Audibax-BLANCO-SVG-1.svg\",\"contentUrl\":\"https:\/\/audibax.com\/wp-content\/uploads\/2023\/09\/logo-Audibax-BLANCO-SVG-1.svg\",\"caption\":\"Audibax\"},\"image\":{\"@id\":\"https:\/\/audibax.com\/fr\/#\/schema\/logo\/image\/\"}}]}<\/script>\n<!-- \/ Yoast SEO plugin. -->","yoast_head_json":{"title":"C\u00e2ble PWC300-15 - Audibax","robots":{"index":"index","follow":"follow","max-snippet":"max-snippet:-1","max-image-preview":"max-image-preview:large","max-video-preview":"max-video-preview:-1"},"canonical":"https:\/\/audibax.com\/fr\/produit\/cable-pwc300-15\/","og_locale":"fr_FR","og_type":"article","og_title":"C\u00e2ble PWC300-15 - Audibax","og_description":"Connecteur\u00a01 : PowerCON (entr\u00e9e\u00a0\u2013\u00a0bleu)  Connecteur\u00a02 : PowerCON (sortie\u00a0\u2013\u00a0gris)  Longueur : 3 m  Type de c\u00e2ble : H05RN-F  Section du c\u00e2ble : 3\u00a0x\u00a01,5\u00a0mm\u00b2","og_url":"https:\/\/audibax.com\/fr\/produit\/cable-pwc300-15\/","og_site_name":"Audibax","article_modified_time":"2026-04-27T10:23:33+00:00","og_image":[{"width":2500,"height":1667,"url":"https:\/\/audibax.com\/wp-content\/uploads\/2026\/04\/PWC300-15_10316031_1.png","type":"image\/png"}],"twitter_card":"summary_large_image","twitter_misc":{"Dur\u00e9e de lecture estim\u00e9e":"1 minute"},"schema":{"@context":"https:\/\/schema.org","@graph":[{"@type":"WebPage","@id":"https:\/\/audibax.com\/fr\/produit\/cable-pwc300-15\/","url":"https:\/\/audibax.com\/fr\/produit\/cable-pwc300-15\/","name":"C\u00e2ble PWC300-15 - Audibax","isPartOf":{"@id":"https:\/\/audibax.com\/fr\/#website"},"primaryImageOfPage":{"@id":"https:\/\/audibax.com\/fr\/produit\/cable-pwc300-15\/#primaryimage"},"image":{"@id":"https:\/\/audibax.com\/fr\/produit\/cable-pwc300-15\/#primaryimage"},"thumbnailUrl":"https:\/\/audibax.com\/wp-content\/uploads\/2026\/04\/PWC300-15_10316031_1.png","datePublished":"2026-04-01T13:55:02+00:00","dateModified":"2026-04-27T10:23:33+00:00","breadcrumb":{"@id":"https:\/\/audibax.com\/fr\/produit\/cable-pwc300-15\/#breadcrumb"},"inLanguage":"fr-FR","potentialAction":[{"@type":"ReadAction","target":["https:\/\/audibax.com\/fr\/produit\/cable-pwc300-15\/"]}]},{"@type":"ImageObject","inLanguage":"fr-FR","@id":"https:\/\/audibax.com\/fr\/produit\/cable-pwc300-15\/#primaryimage","url":"https:\/\/audibax.com\/wp-content\/uploads\/2026\/04\/PWC300-15_10316031_1.png","contentUrl":"https:\/\/audibax.com\/wp-content\/uploads\/2026\/04\/PWC300-15_10316031_1.png","width":2500,"height":1667},{"@type":"BreadcrumbList","@id":"https:\/\/audibax.com\/fr\/produit\/cable-pwc300-15\/#breadcrumb","itemListElement":[{"@type":"ListItem","position":1,"name":"Portada","item":"https:\/\/audibax.com\/fr\/"},{"@type":"ListItem","position":2,"name":"Produits","item":"https:\/\/audibax.com\/fr\/shop\/"},{"@type":"ListItem","position":3,"name":"C\u00e2ble PWC300-15"}]},{"@type":"WebSite","@id":"https:\/\/audibax.com\/fr\/#website","url":"https:\/\/audibax.com\/fr\/","name":"Audibax","description":"","publisher":{"@id":"https:\/\/audibax.com\/fr\/#organization"},"potentialAction":[{"@type":"SearchAction","target":{"@type":"EntryPoint","urlTemplate":"https:\/\/audibax.com\/fr\/?s={search_term_string}"},"query-input":{"@type":"PropertyValueSpecification","valueRequired":true,"valueName":"search_term_string"}}],"inLanguage":"fr-FR"},{"@type":"Organization","@id":"https:\/\/audibax.com\/fr\/#organization","name":"Audibax","url":"https:\/\/audibax.com\/fr\/","logo":{"@type":"ImageObject","inLanguage":"fr-FR","@id":"https:\/\/audibax.com\/fr\/#\/schema\/logo\/image\/","url":"https:\/\/audibax.com\/wp-content\/uploads\/2023\/09\/logo-Audibax-BLANCO-SVG-1.svg","contentUrl":"https:\/\/audibax.com\/wp-content\/uploads\/2023\/09\/logo-Audibax-BLANCO-SVG-1.svg","caption":"Audibax"},"image":{"@id":"https:\/\/audibax.com\/fr\/#\/schema\/logo\/image\/"}}]}},"_links":{"self":[{"href":"https:\/\/audibax.com\/fr\/wp-json\/wp\/v2\/product\/57864","targetHints":{"allow":["GET"]}}],"collection":[{"href":"https:\/\/audibax.com\/fr\/wp-json\/wp\/v2\/product"}],"about":[{"href":"https:\/\/audibax.com\/fr\/wp-json\/wp\/v2\/types\/product"}],"replies":[{"embeddable":true,"href":"https:\/\/audibax.com\/fr\/wp-json\/wp\/v2\/comments?post=57864"}],"wp:featuredmedia":[{"embeddable":true,"href":"https:\/\/audibax.com\/fr\/wp-json\/wp\/v2\/media\/56865"}],"wp:attachment":[{"href":"https:\/\/audibax.com\/fr\/wp-json\/wp\/v2\/media?parent=57864"}],"wp:term":[{"taxonomy":"product_cat","embeddable":true,"href":"https:\/\/audibax.com\/fr\/wp-json\/wp\/v2\/product_cat?post=57864"},{"taxonomy":"product_tag","embeddable":true,"href":"https:\/\/audibax.com\/fr\/wp-json\/wp\/v2\/product_tag?post=57864"}],"curies":[{"name":"wp","href":"https:\/\/api.w.org\/{rel}","templated":true}]}}