{"id":57543,"date":"2026-04-01T13:18:10","date_gmt":"2026-04-01T11:18:10","guid":{"rendered":"https:\/\/audibax.com\/product\/cable-a-sc-cee3p-25\/"},"modified":"2026-04-23T14:20:02","modified_gmt":"2026-04-23T12:20:02","slug":"cable-a-sc-cee3p-25","status":"publish","type":"product","link":"https:\/\/audibax.com\/fr\/produit\/cable-a-sc-cee3p-25\/","title":{"rendered":"C\u00e2ble A-SC-CEE3P-25"},"content":{"rendered":"<p><span class=\"knownFragmentElementNode\">L&rsquo;<b><strong class=\"fw_bold\">A-SC-CEE3P-25<\/strong><\/b> est un c\u00e2ble CEE polyvalent et s\u00fbr, con\u00e7u pour permettre des connexions rapides et fiables entre les \u00e9quipements \u00e9lectriques. <\/span><span class=\"knownFragmentElementNode\">Dot\u00e9 d&rsquo;un connecteur Schuko-CEE\u00a016\u00a0A (3\u00a0broches) et d&rsquo;une longueur de 1\u00a0m\u00e8tre, il est id\u00e9al pour les petites installations, les \u00e9v\u00e9nements ou les environnements professionnels n\u00e9cessitant un c\u00e2ble facile \u00e0 manipuler et s\u00fbr. <\/span><span class=\"knownFragmentElementNode\">Fabriqu\u00e9 avec un conducteur\u00a03\u00a0x\u00a02,5\u00a0mm\u00b2, il assure une transmission de l&rsquo;\u00e9nergie stable et fiable. <\/span><span class=\"knownFragmentElementNode\">Son indice de protection\u00a0IP44 permet une utilisation en toute s\u00e9curit\u00e9 \u00e0 l&rsquo;ext\u00e9rieur ou dans des zones expos\u00e9es \u00e0 des projections d&rsquo;eau.<\/span><\/p>\n<p><span class=\"knownFragmentElementNode\">Une solution compacte et durable, pr\u00eate pour des raccordements rapides et s\u00fbrs.\u00a0<\/span><\/p>\n<p>&nbsp;<\/p>\n<h2>Caract\u00e9ristiques g\u00e9n\u00e9rales<\/h2>\n<ul>\n<li>Type de produit : C\u00e2ble CEE<\/li>\n<li>Mod\u00e8le : A-SC-CEE3P-25<\/li>\n<li>ID : 10316016<\/li>\n<li>Longueur\u00a0: 1\u00a0m<\/li>\n<\/ul>\n<p>&nbsp;<\/p>\n<h2>Connectors<\/h2>\n<ul>\n<li>Connecteur 1 : Schuko<\/li>\n<li>Connecteur 2 : CEE 16A (3 pin)<\/li>\n<\/ul>\n<p>&nbsp;<\/p>\n<h2>Caract\u00e9ristiques du c\u00e2ble<\/h2>\n<ul>\n<li>Section du c\u00e2ble : 3 x 2,5 mm\u00b2<\/li>\n<li>Type de c\u00e2ble : Alimentation \u00e9lectrique<\/li>\n<li>Protection\u00a0: aucune<\/li>\n<\/ul>\n<p>&nbsp;<\/p>\n<h2>Caract\u00e9ristiques physiques et protection<\/h2>\n<ul>\n<li>Poids : 0,36 kg<\/li>\n<li>Indice de protection\u00a0IP\u00a0: IP44<\/li>\n<\/ul>\n<p>&nbsp;<\/p>\n<h2>Applications<\/h2>\n<ul>\n<li>Utilisation : Installations \u00e9lectriques, \u00e9v\u00e9nements, environnements professionnels<\/li>\n<li>Solutions\u00a0: Raccordement flexible et s\u00e9curis\u00e9 des \u00e9quipements \u00e9lectriques<\/li>\n<\/ul>\n<p>&nbsp;<\/p>\n<h2>Certifications<\/h2>\n<ul>\n<li>Certifications\u00a0: CE, RoHS<\/li>\n<\/ul>\n<p>&nbsp;<\/p>\n<h2>Contenu de la bo\u00eete<\/h2>\n<ul>\n<li>1\u00a0x\u00a0c\u00e2ble CEE\u00a0A-SC-CEE3P-25<\/li>\n<\/ul>\n","protected":false},"excerpt":{"rendered":"<ul class=\"p_0 m_0 list-style-position_outside list-style-type_revert\">\n<li class=\"ml_4 mr_4\" value=\"1\"><span class=\"knownFragmentElementNode\"><b><strong class=\"fw_bold\">Connecteur\u00a01<\/strong><\/b> : Schuko<\/span><\/li>\n<li class=\"ml_4 mr_4\" value=\"2\"><span class=\"knownFragmentElementNode\"><b><strong class=\"fw_bold\">Connecteur\u00a02<\/strong><\/b> : CEE\u00a016A<\/span><\/li>\n<li class=\"ml_4 mr_4\" value=\"3\"><span class=\"knownFragmentElementNode\"><b><strong class=\"fw_bold\">Longueur<\/strong><\/b> : 1\u00a0m<\/span><\/li>\n<li class=\"ml_4 mr_4\" value=\"4\"><span class=\"knownFragmentElementNode\"><b><strong class=\"fw_bold\">AWG<\/strong><\/b> : 3\u00a0x\u00a02,5\u00a0mm\u00b2<\/span><\/li>\n<\/ul>\n","protected":false},"featured_media":56799,"comment_status":"open","ping_status":"closed","template":"","meta":{"_acf_changed":false},"product_cat":[799],"product_tag":[752],"class_list":{"0":"post-57543","1":"product","2":"type-product","3":"status-publish","4":"has-post-thumbnail","6":"product_cat-electric-cables","7":"product_tag-new","9":"first","10":"instock","11":"shipping-taxable","12":"product-type-simple"},"acf":[],"yoast_head":"<!-- This site is optimized with the Yoast SEO plugin v27.0 - https:\/\/yoast.com\/product\/yoast-seo-wordpress\/ -->\n<title>C\u00e2ble A-SC-CEE3P-25 - Audibax<\/title>\n<meta name=\"robots\" content=\"index, follow, max-snippet:-1, max-image-preview:large, max-video-preview:-1\" \/>\n<link rel=\"canonical\" href=\"https:\/\/audibax.com\/fr\/produit\/cable-a-sc-cee3p-25\/\" \/>\n<meta property=\"og:locale\" content=\"fr_FR\" \/>\n<meta property=\"og:type\" content=\"article\" \/>\n<meta property=\"og:title\" content=\"C\u00e2ble A-SC-CEE3P-25 - Audibax\" \/>\n<meta property=\"og:description\" content=\"Connecteur\u00a01 : Schuko  Connecteur\u00a02 : CEE\u00a016A  Longueur : 1\u00a0m  AWG : 3\u00a0x\u00a02,5\u00a0mm\u00b2\" \/>\n<meta property=\"og:url\" content=\"https:\/\/audibax.com\/fr\/produit\/cable-a-sc-cee3p-25\/\" \/>\n<meta property=\"og:site_name\" content=\"Audibax\" \/>\n<meta property=\"article:modified_time\" content=\"2026-04-23T12:20:02+00:00\" \/>\n<meta property=\"og:image\" content=\"https:\/\/audibax.com\/wp-content\/uploads\/2026\/04\/A-SC-CEE3P-25_10316016_1_cable_foto_principal.png\" \/>\n\t<meta property=\"og:image:width\" content=\"2500\" \/>\n\t<meta property=\"og:image:height\" content=\"1769\" \/>\n\t<meta property=\"og:image:type\" content=\"image\/png\" \/>\n<meta name=\"twitter:card\" content=\"summary_large_image\" \/>\n<meta name=\"twitter:label1\" content=\"Dur\u00e9e de lecture estim\u00e9e\" \/>\n\t<meta name=\"twitter:data1\" content=\"2 minutes\" \/>\n<script type=\"application\/ld+json\" class=\"yoast-schema-graph\">{\"@context\":\"https:\/\/schema.org\",\"@graph\":[{\"@type\":\"WebPage\",\"@id\":\"https:\/\/audibax.com\/fr\/produit\/cable-a-sc-cee3p-25\/\",\"url\":\"https:\/\/audibax.com\/fr\/produit\/cable-a-sc-cee3p-25\/\",\"name\":\"C\u00e2ble A-SC-CEE3P-25 - Audibax\",\"isPartOf\":{\"@id\":\"https:\/\/audibax.com\/fr\/#website\"},\"primaryImageOfPage\":{\"@id\":\"https:\/\/audibax.com\/fr\/produit\/cable-a-sc-cee3p-25\/#primaryimage\"},\"image\":{\"@id\":\"https:\/\/audibax.com\/fr\/produit\/cable-a-sc-cee3p-25\/#primaryimage\"},\"thumbnailUrl\":\"https:\/\/audibax.com\/wp-content\/uploads\/2026\/04\/A-SC-CEE3P-25_10316016_1_cable_foto_principal.png\",\"datePublished\":\"2026-04-01T11:18:10+00:00\",\"dateModified\":\"2026-04-23T12:20:02+00:00\",\"breadcrumb\":{\"@id\":\"https:\/\/audibax.com\/fr\/produit\/cable-a-sc-cee3p-25\/#breadcrumb\"},\"inLanguage\":\"fr-FR\",\"potentialAction\":[{\"@type\":\"ReadAction\",\"target\":[\"https:\/\/audibax.com\/fr\/produit\/cable-a-sc-cee3p-25\/\"]}]},{\"@type\":\"ImageObject\",\"inLanguage\":\"fr-FR\",\"@id\":\"https:\/\/audibax.com\/fr\/produit\/cable-a-sc-cee3p-25\/#primaryimage\",\"url\":\"https:\/\/audibax.com\/wp-content\/uploads\/2026\/04\/A-SC-CEE3P-25_10316016_1_cable_foto_principal.png\",\"contentUrl\":\"https:\/\/audibax.com\/wp-content\/uploads\/2026\/04\/A-SC-CEE3P-25_10316016_1_cable_foto_principal.png\",\"width\":2500,\"height\":1769},{\"@type\":\"BreadcrumbList\",\"@id\":\"https:\/\/audibax.com\/fr\/produit\/cable-a-sc-cee3p-25\/#breadcrumb\",\"itemListElement\":[{\"@type\":\"ListItem\",\"position\":1,\"name\":\"Portada\",\"item\":\"https:\/\/audibax.com\/fr\/\"},{\"@type\":\"ListItem\",\"position\":2,\"name\":\"Produits\",\"item\":\"https:\/\/audibax.com\/fr\/shop\/\"},{\"@type\":\"ListItem\",\"position\":3,\"name\":\"C\u00e2ble A-SC-CEE3P-25\"}]},{\"@type\":\"WebSite\",\"@id\":\"https:\/\/audibax.com\/fr\/#website\",\"url\":\"https:\/\/audibax.com\/fr\/\",\"name\":\"Audibax\",\"description\":\"\",\"publisher\":{\"@id\":\"https:\/\/audibax.com\/fr\/#organization\"},\"potentialAction\":[{\"@type\":\"SearchAction\",\"target\":{\"@type\":\"EntryPoint\",\"urlTemplate\":\"https:\/\/audibax.com\/fr\/?s={search_term_string}\"},\"query-input\":{\"@type\":\"PropertyValueSpecification\",\"valueRequired\":true,\"valueName\":\"search_term_string\"}}],\"inLanguage\":\"fr-FR\"},{\"@type\":\"Organization\",\"@id\":\"https:\/\/audibax.com\/fr\/#organization\",\"name\":\"Audibax\",\"url\":\"https:\/\/audibax.com\/fr\/\",\"logo\":{\"@type\":\"ImageObject\",\"inLanguage\":\"fr-FR\",\"@id\":\"https:\/\/audibax.com\/fr\/#\/schema\/logo\/image\/\",\"url\":\"https:\/\/audibax.com\/wp-content\/uploads\/2023\/09\/logo-Audibax-BLANCO-SVG-1.svg\",\"contentUrl\":\"https:\/\/audibax.com\/wp-content\/uploads\/2023\/09\/logo-Audibax-BLANCO-SVG-1.svg\",\"caption\":\"Audibax\"},\"image\":{\"@id\":\"https:\/\/audibax.com\/fr\/#\/schema\/logo\/image\/\"}}]}<\/script>\n<!-- \/ Yoast SEO plugin. -->","yoast_head_json":{"title":"C\u00e2ble A-SC-CEE3P-25 - Audibax","robots":{"index":"index","follow":"follow","max-snippet":"max-snippet:-1","max-image-preview":"max-image-preview:large","max-video-preview":"max-video-preview:-1"},"canonical":"https:\/\/audibax.com\/fr\/produit\/cable-a-sc-cee3p-25\/","og_locale":"fr_FR","og_type":"article","og_title":"C\u00e2ble A-SC-CEE3P-25 - Audibax","og_description":"Connecteur\u00a01 : Schuko  Connecteur\u00a02 : CEE\u00a016A  Longueur : 1\u00a0m  AWG : 3\u00a0x\u00a02,5\u00a0mm\u00b2","og_url":"https:\/\/audibax.com\/fr\/produit\/cable-a-sc-cee3p-25\/","og_site_name":"Audibax","article_modified_time":"2026-04-23T12:20:02+00:00","og_image":[{"width":2500,"height":1769,"url":"https:\/\/audibax.com\/wp-content\/uploads\/2026\/04\/A-SC-CEE3P-25_10316016_1_cable_foto_principal.png","type":"image\/png"}],"twitter_card":"summary_large_image","twitter_misc":{"Dur\u00e9e de lecture estim\u00e9e":"2 minutes"},"schema":{"@context":"https:\/\/schema.org","@graph":[{"@type":"WebPage","@id":"https:\/\/audibax.com\/fr\/produit\/cable-a-sc-cee3p-25\/","url":"https:\/\/audibax.com\/fr\/produit\/cable-a-sc-cee3p-25\/","name":"C\u00e2ble A-SC-CEE3P-25 - Audibax","isPartOf":{"@id":"https:\/\/audibax.com\/fr\/#website"},"primaryImageOfPage":{"@id":"https:\/\/audibax.com\/fr\/produit\/cable-a-sc-cee3p-25\/#primaryimage"},"image":{"@id":"https:\/\/audibax.com\/fr\/produit\/cable-a-sc-cee3p-25\/#primaryimage"},"thumbnailUrl":"https:\/\/audibax.com\/wp-content\/uploads\/2026\/04\/A-SC-CEE3P-25_10316016_1_cable_foto_principal.png","datePublished":"2026-04-01T11:18:10+00:00","dateModified":"2026-04-23T12:20:02+00:00","breadcrumb":{"@id":"https:\/\/audibax.com\/fr\/produit\/cable-a-sc-cee3p-25\/#breadcrumb"},"inLanguage":"fr-FR","potentialAction":[{"@type":"ReadAction","target":["https:\/\/audibax.com\/fr\/produit\/cable-a-sc-cee3p-25\/"]}]},{"@type":"ImageObject","inLanguage":"fr-FR","@id":"https:\/\/audibax.com\/fr\/produit\/cable-a-sc-cee3p-25\/#primaryimage","url":"https:\/\/audibax.com\/wp-content\/uploads\/2026\/04\/A-SC-CEE3P-25_10316016_1_cable_foto_principal.png","contentUrl":"https:\/\/audibax.com\/wp-content\/uploads\/2026\/04\/A-SC-CEE3P-25_10316016_1_cable_foto_principal.png","width":2500,"height":1769},{"@type":"BreadcrumbList","@id":"https:\/\/audibax.com\/fr\/produit\/cable-a-sc-cee3p-25\/#breadcrumb","itemListElement":[{"@type":"ListItem","position":1,"name":"Portada","item":"https:\/\/audibax.com\/fr\/"},{"@type":"ListItem","position":2,"name":"Produits","item":"https:\/\/audibax.com\/fr\/shop\/"},{"@type":"ListItem","position":3,"name":"C\u00e2ble A-SC-CEE3P-25"}]},{"@type":"WebSite","@id":"https:\/\/audibax.com\/fr\/#website","url":"https:\/\/audibax.com\/fr\/","name":"Audibax","description":"","publisher":{"@id":"https:\/\/audibax.com\/fr\/#organization"},"potentialAction":[{"@type":"SearchAction","target":{"@type":"EntryPoint","urlTemplate":"https:\/\/audibax.com\/fr\/?s={search_term_string}"},"query-input":{"@type":"PropertyValueSpecification","valueRequired":true,"valueName":"search_term_string"}}],"inLanguage":"fr-FR"},{"@type":"Organization","@id":"https:\/\/audibax.com\/fr\/#organization","name":"Audibax","url":"https:\/\/audibax.com\/fr\/","logo":{"@type":"ImageObject","inLanguage":"fr-FR","@id":"https:\/\/audibax.com\/fr\/#\/schema\/logo\/image\/","url":"https:\/\/audibax.com\/wp-content\/uploads\/2023\/09\/logo-Audibax-BLANCO-SVG-1.svg","contentUrl":"https:\/\/audibax.com\/wp-content\/uploads\/2023\/09\/logo-Audibax-BLANCO-SVG-1.svg","caption":"Audibax"},"image":{"@id":"https:\/\/audibax.com\/fr\/#\/schema\/logo\/image\/"}}]}},"_links":{"self":[{"href":"https:\/\/audibax.com\/fr\/wp-json\/wp\/v2\/product\/57543","targetHints":{"allow":["GET"]}}],"collection":[{"href":"https:\/\/audibax.com\/fr\/wp-json\/wp\/v2\/product"}],"about":[{"href":"https:\/\/audibax.com\/fr\/wp-json\/wp\/v2\/types\/product"}],"replies":[{"embeddable":true,"href":"https:\/\/audibax.com\/fr\/wp-json\/wp\/v2\/comments?post=57543"}],"wp:featuredmedia":[{"embeddable":true,"href":"https:\/\/audibax.com\/fr\/wp-json\/wp\/v2\/media\/56799"}],"wp:attachment":[{"href":"https:\/\/audibax.com\/fr\/wp-json\/wp\/v2\/media?parent=57543"}],"wp:term":[{"taxonomy":"product_cat","embeddable":true,"href":"https:\/\/audibax.com\/fr\/wp-json\/wp\/v2\/product_cat?post=57543"},{"taxonomy":"product_tag","embeddable":true,"href":"https:\/\/audibax.com\/fr\/wp-json\/wp\/v2\/product_tag?post=57543"}],"curies":[{"name":"wp","href":"https:\/\/api.w.org\/{rel}","templated":true}]}}