{"id":53722,"date":"2025-12-02T11:00:43","date_gmt":"2025-12-02T10:00:43","guid":{"rendered":"https:\/\/audibax.com\/?post_type=product&#038;p=53722"},"modified":"2026-03-03T11:27:58","modified_gmt":"2026-03-03T10:27:58","slug":"audibax-pce2000-15-cable-dalimentation","status":"publish","type":"product","link":"https:\/\/audibax.com\/fr\/produit\/audibax-pce2000-15-cable-dalimentation\/","title":{"rendered":"PCE2000-15"},"content":{"rendered":"<p data-start=\"790\" data-end=\"1227\">Le <strong data-start=\"793\" data-end=\"833\">c\u00e2ble d\u2019extension Audibax PCE1000-15<\/strong> est une extension de 10 m con\u00e7ue pour prolonger en toute s\u00e9curit\u00e9 et fiabilit\u00e9 la connexion de vos appareils \u00e9lectriques.<br data-start=\"955\" data-end=\"958\" \/>Fabriqu\u00e9 avec un c\u00e2ble H05VV-F (1,5 mm\u00b2) et une fiche EURO-Schuko, il supporte jusqu\u2019\u00e0 3680 W et une tension d\u2019entr\u00e9e de 220\u2013250 V.<br data-start=\"1089\" data-end=\"1092\" \/>Son isolation en PVC et sa certification VDE garantissent s\u00e9curit\u00e9 et durabilit\u00e9 dans les environnements domestiques et professionnels.<\/p>\n<p data-start=\"1229\" data-end=\"1253\"><strong data-start=\"1229\" data-end=\"1251\">Caract\u00e9ristiques :<\/strong><\/p>\n<ul data-start=\"1254\" data-end=\"1538\">\n<li data-start=\"1254\" data-end=\"1297\">\n<p data-start=\"1256\" data-end=\"1297\"><strong>Type d\u2019installation :<\/strong> C\u00e2ble d\u2019extension<\/p>\n<\/li>\n<li data-start=\"1298\" data-end=\"1330\">\n<p data-start=\"1300\" data-end=\"1330\"><strong>Tension d\u2019entr\u00e9e :<\/strong> 220\u2013250 V<\/p>\n<\/li>\n<li data-start=\"1331\" data-end=\"1364\">\n<p data-start=\"1333\" data-end=\"1364\"><strong>Longueur du c\u00e2ble :<\/strong> 10 m\u00e8tres<\/p>\n<\/li>\n<li data-start=\"1365\" data-end=\"1393\">\n<p data-start=\"1367\" data-end=\"1393\"><strong>Type de fiche :<\/strong> EURO-C13<\/p>\n<\/li>\n<li data-start=\"1394\" data-end=\"1443\">\n<p data-start=\"1396\" data-end=\"1443\"><strong>Puissance maximale :<\/strong> 3680 W (220\u2013250 V \/ 5 A)<\/p>\n<\/li>\n<li data-start=\"1444\" data-end=\"1475\">\n<p data-start=\"1446\" data-end=\"1475\"><strong>Diam\u00e8tre du c\u00e2ble :<\/strong> 1,5 mm\u00b2<\/p>\n<\/li>\n<li data-start=\"1476\" data-end=\"1494\">\n<p data-start=\"1478\" data-end=\"1494\"><strong>Mat\u00e9riau<\/strong> : PVC<\/p>\n<\/li>\n<li><strong>Indice de protection :<\/strong> IP44<\/li>\n<li data-start=\"1495\" data-end=\"1513\">\n<p data-start=\"1497\" data-end=\"1513\"><strong>Couleur<\/strong> : Noir<\/p>\n<\/li>\n<li data-start=\"1514\" data-end=\"1538\">\n<p data-start=\"1516\" data-end=\"1538\"><strong>Certifications :<\/strong> VDE<\/p>\n<\/li>\n<\/ul>\n","protected":false},"excerpt":{"rendered":"<ul>\n<li data-start=\"240\" data-end=\"272\">\n<p data-start=\"242\" data-end=\"272\">Tension d\u2019entr\u00e9e : 220\u2013250 V<\/p>\n<\/li>\n<li data-start=\"273\" data-end=\"306\">\n<p data-start=\"275\" data-end=\"306\">Longueur du c\u00e2ble : 10 m\u00e8tres<\/p>\n<\/li>\n<li data-start=\"307\" data-end=\"360\">\n<p data-start=\"309\" data-end=\"360\">Type de connecteur : Schuko m\u00e2le \u2013 Schuko femelle<\/p>\n<\/li>\n<li data-start=\"361\" data-end=\"385\">\n<p data-start=\"363\" data-end=\"385\">Certifications : VDE<\/p>\n<\/li>\n<\/ul>\n","protected":false},"featured_media":54576,"comment_status":"open","ping_status":"closed","template":"","meta":{"_acf_changed":false},"product_cat":[403],"product_tag":[752],"class_list":{"0":"post-53722","1":"product","2":"type-product","3":"status-publish","4":"has-post-thumbnail","6":"product_cat-amplificateur-de-puissance","7":"product_tag-new","9":"first","10":"instock","11":"shipping-taxable","12":"product-type-simple"},"acf":[],"yoast_head":"<!-- This site is optimized with the Yoast SEO plugin v27.0 - https:\/\/yoast.com\/product\/yoast-seo-wordpress\/ -->\n<title>PCE2000-15 - Audibax<\/title>\n<meta name=\"robots\" content=\"index, follow, max-snippet:-1, max-image-preview:large, max-video-preview:-1\" \/>\n<link rel=\"canonical\" href=\"https:\/\/audibax.com\/fr\/produit\/audibax-pce2000-15-cable-dalimentation\/\" \/>\n<meta property=\"og:locale\" content=\"fr_FR\" \/>\n<meta property=\"og:type\" content=\"article\" \/>\n<meta property=\"og:title\" content=\"PCE2000-15 - Audibax\" \/>\n<meta property=\"og:description\" content=\"Tension d\u2019entr\u00e9e : 220\u2013250 V    Longueur du c\u00e2ble : 10 m\u00e8tres    Type de connecteur : Schuko m\u00e2le \u2013 Schuko femelle    Certifications : VDE\" \/>\n<meta property=\"og:url\" content=\"https:\/\/audibax.com\/fr\/produit\/audibax-pce2000-15-cable-dalimentation\/\" \/>\n<meta property=\"og:site_name\" content=\"Audibax\" \/>\n<meta property=\"article:modified_time\" content=\"2026-03-03T10:27:58+00:00\" \/>\n<meta property=\"og:image\" content=\"https:\/\/audibax.com\/wp-content\/uploads\/2025\/12\/Principal_10315849_1.1.png\" \/>\n\t<meta property=\"og:image:width\" content=\"2500\" \/>\n\t<meta property=\"og:image:height\" content=\"1768\" \/>\n\t<meta property=\"og:image:type\" content=\"image\/png\" \/>\n<meta name=\"twitter:card\" content=\"summary_large_image\" \/>\n<meta name=\"twitter:label1\" content=\"Dur\u00e9e de lecture estim\u00e9e\" \/>\n\t<meta name=\"twitter:data1\" content=\"1 minute\" \/>\n<script type=\"application\/ld+json\" class=\"yoast-schema-graph\">{\"@context\":\"https:\/\/schema.org\",\"@graph\":[{\"@type\":\"WebPage\",\"@id\":\"https:\/\/audibax.com\/fr\/produit\/audibax-pce2000-15-cable-dalimentation\/\",\"url\":\"https:\/\/audibax.com\/fr\/produit\/audibax-pce2000-15-cable-dalimentation\/\",\"name\":\"PCE2000-15 - Audibax\",\"isPartOf\":{\"@id\":\"https:\/\/audibax.com\/fr\/#website\"},\"primaryImageOfPage\":{\"@id\":\"https:\/\/audibax.com\/fr\/produit\/audibax-pce2000-15-cable-dalimentation\/#primaryimage\"},\"image\":{\"@id\":\"https:\/\/audibax.com\/fr\/produit\/audibax-pce2000-15-cable-dalimentation\/#primaryimage\"},\"thumbnailUrl\":\"https:\/\/audibax.com\/wp-content\/uploads\/2025\/12\/Principal_10315849_1.1.png\",\"datePublished\":\"2025-12-02T10:00:43+00:00\",\"dateModified\":\"2026-03-03T10:27:58+00:00\",\"breadcrumb\":{\"@id\":\"https:\/\/audibax.com\/fr\/produit\/audibax-pce2000-15-cable-dalimentation\/#breadcrumb\"},\"inLanguage\":\"fr-FR\",\"potentialAction\":[{\"@type\":\"ReadAction\",\"target\":[\"https:\/\/audibax.com\/fr\/produit\/audibax-pce2000-15-cable-dalimentation\/\"]}]},{\"@type\":\"ImageObject\",\"inLanguage\":\"fr-FR\",\"@id\":\"https:\/\/audibax.com\/fr\/produit\/audibax-pce2000-15-cable-dalimentation\/#primaryimage\",\"url\":\"https:\/\/audibax.com\/wp-content\/uploads\/2025\/12\/Principal_10315849_1.1.png\",\"contentUrl\":\"https:\/\/audibax.com\/wp-content\/uploads\/2025\/12\/Principal_10315849_1.1.png\",\"width\":2500,\"height\":1768},{\"@type\":\"BreadcrumbList\",\"@id\":\"https:\/\/audibax.com\/fr\/produit\/audibax-pce2000-15-cable-dalimentation\/#breadcrumb\",\"itemListElement\":[{\"@type\":\"ListItem\",\"position\":1,\"name\":\"Portada\",\"item\":\"https:\/\/audibax.com\/fr\/\"},{\"@type\":\"ListItem\",\"position\":2,\"name\":\"Produits\",\"item\":\"https:\/\/audibax.com\/fr\/shop\/\"},{\"@type\":\"ListItem\",\"position\":3,\"name\":\"PCE2000-15\"}]},{\"@type\":\"WebSite\",\"@id\":\"https:\/\/audibax.com\/fr\/#website\",\"url\":\"https:\/\/audibax.com\/fr\/\",\"name\":\"Audibax\",\"description\":\"\",\"publisher\":{\"@id\":\"https:\/\/audibax.com\/fr\/#organization\"},\"potentialAction\":[{\"@type\":\"SearchAction\",\"target\":{\"@type\":\"EntryPoint\",\"urlTemplate\":\"https:\/\/audibax.com\/fr\/?s={search_term_string}\"},\"query-input\":{\"@type\":\"PropertyValueSpecification\",\"valueRequired\":true,\"valueName\":\"search_term_string\"}}],\"inLanguage\":\"fr-FR\"},{\"@type\":\"Organization\",\"@id\":\"https:\/\/audibax.com\/fr\/#organization\",\"name\":\"Audibax\",\"url\":\"https:\/\/audibax.com\/fr\/\",\"logo\":{\"@type\":\"ImageObject\",\"inLanguage\":\"fr-FR\",\"@id\":\"https:\/\/audibax.com\/fr\/#\/schema\/logo\/image\/\",\"url\":\"https:\/\/audibax.com\/wp-content\/uploads\/2023\/09\/logo-Audibax-BLANCO-SVG-1.svg\",\"contentUrl\":\"https:\/\/audibax.com\/wp-content\/uploads\/2023\/09\/logo-Audibax-BLANCO-SVG-1.svg\",\"caption\":\"Audibax\"},\"image\":{\"@id\":\"https:\/\/audibax.com\/fr\/#\/schema\/logo\/image\/\"}}]}<\/script>\n<!-- \/ Yoast SEO plugin. -->","yoast_head_json":{"title":"PCE2000-15 - Audibax","robots":{"index":"index","follow":"follow","max-snippet":"max-snippet:-1","max-image-preview":"max-image-preview:large","max-video-preview":"max-video-preview:-1"},"canonical":"https:\/\/audibax.com\/fr\/produit\/audibax-pce2000-15-cable-dalimentation\/","og_locale":"fr_FR","og_type":"article","og_title":"PCE2000-15 - Audibax","og_description":"Tension d\u2019entr\u00e9e : 220\u2013250 V    Longueur du c\u00e2ble : 10 m\u00e8tres    Type de connecteur : Schuko m\u00e2le \u2013 Schuko femelle    Certifications : VDE","og_url":"https:\/\/audibax.com\/fr\/produit\/audibax-pce2000-15-cable-dalimentation\/","og_site_name":"Audibax","article_modified_time":"2026-03-03T10:27:58+00:00","og_image":[{"width":2500,"height":1768,"url":"https:\/\/audibax.com\/wp-content\/uploads\/2025\/12\/Principal_10315849_1.1.png","type":"image\/png"}],"twitter_card":"summary_large_image","twitter_misc":{"Dur\u00e9e de lecture estim\u00e9e":"1 minute"},"schema":{"@context":"https:\/\/schema.org","@graph":[{"@type":"WebPage","@id":"https:\/\/audibax.com\/fr\/produit\/audibax-pce2000-15-cable-dalimentation\/","url":"https:\/\/audibax.com\/fr\/produit\/audibax-pce2000-15-cable-dalimentation\/","name":"PCE2000-15 - Audibax","isPartOf":{"@id":"https:\/\/audibax.com\/fr\/#website"},"primaryImageOfPage":{"@id":"https:\/\/audibax.com\/fr\/produit\/audibax-pce2000-15-cable-dalimentation\/#primaryimage"},"image":{"@id":"https:\/\/audibax.com\/fr\/produit\/audibax-pce2000-15-cable-dalimentation\/#primaryimage"},"thumbnailUrl":"https:\/\/audibax.com\/wp-content\/uploads\/2025\/12\/Principal_10315849_1.1.png","datePublished":"2025-12-02T10:00:43+00:00","dateModified":"2026-03-03T10:27:58+00:00","breadcrumb":{"@id":"https:\/\/audibax.com\/fr\/produit\/audibax-pce2000-15-cable-dalimentation\/#breadcrumb"},"inLanguage":"fr-FR","potentialAction":[{"@type":"ReadAction","target":["https:\/\/audibax.com\/fr\/produit\/audibax-pce2000-15-cable-dalimentation\/"]}]},{"@type":"ImageObject","inLanguage":"fr-FR","@id":"https:\/\/audibax.com\/fr\/produit\/audibax-pce2000-15-cable-dalimentation\/#primaryimage","url":"https:\/\/audibax.com\/wp-content\/uploads\/2025\/12\/Principal_10315849_1.1.png","contentUrl":"https:\/\/audibax.com\/wp-content\/uploads\/2025\/12\/Principal_10315849_1.1.png","width":2500,"height":1768},{"@type":"BreadcrumbList","@id":"https:\/\/audibax.com\/fr\/produit\/audibax-pce2000-15-cable-dalimentation\/#breadcrumb","itemListElement":[{"@type":"ListItem","position":1,"name":"Portada","item":"https:\/\/audibax.com\/fr\/"},{"@type":"ListItem","position":2,"name":"Produits","item":"https:\/\/audibax.com\/fr\/shop\/"},{"@type":"ListItem","position":3,"name":"PCE2000-15"}]},{"@type":"WebSite","@id":"https:\/\/audibax.com\/fr\/#website","url":"https:\/\/audibax.com\/fr\/","name":"Audibax","description":"","publisher":{"@id":"https:\/\/audibax.com\/fr\/#organization"},"potentialAction":[{"@type":"SearchAction","target":{"@type":"EntryPoint","urlTemplate":"https:\/\/audibax.com\/fr\/?s={search_term_string}"},"query-input":{"@type":"PropertyValueSpecification","valueRequired":true,"valueName":"search_term_string"}}],"inLanguage":"fr-FR"},{"@type":"Organization","@id":"https:\/\/audibax.com\/fr\/#organization","name":"Audibax","url":"https:\/\/audibax.com\/fr\/","logo":{"@type":"ImageObject","inLanguage":"fr-FR","@id":"https:\/\/audibax.com\/fr\/#\/schema\/logo\/image\/","url":"https:\/\/audibax.com\/wp-content\/uploads\/2023\/09\/logo-Audibax-BLANCO-SVG-1.svg","contentUrl":"https:\/\/audibax.com\/wp-content\/uploads\/2023\/09\/logo-Audibax-BLANCO-SVG-1.svg","caption":"Audibax"},"image":{"@id":"https:\/\/audibax.com\/fr\/#\/schema\/logo\/image\/"}}]}},"_links":{"self":[{"href":"https:\/\/audibax.com\/fr\/wp-json\/wp\/v2\/product\/53722","targetHints":{"allow":["GET"]}}],"collection":[{"href":"https:\/\/audibax.com\/fr\/wp-json\/wp\/v2\/product"}],"about":[{"href":"https:\/\/audibax.com\/fr\/wp-json\/wp\/v2\/types\/product"}],"replies":[{"embeddable":true,"href":"https:\/\/audibax.com\/fr\/wp-json\/wp\/v2\/comments?post=53722"}],"wp:featuredmedia":[{"embeddable":true,"href":"https:\/\/audibax.com\/fr\/wp-json\/wp\/v2\/media\/54576"}],"wp:attachment":[{"href":"https:\/\/audibax.com\/fr\/wp-json\/wp\/v2\/media?parent=53722"}],"wp:term":[{"taxonomy":"product_cat","embeddable":true,"href":"https:\/\/audibax.com\/fr\/wp-json\/wp\/v2\/product_cat?post=53722"},{"taxonomy":"product_tag","embeddable":true,"href":"https:\/\/audibax.com\/fr\/wp-json\/wp\/v2\/product_tag?post=53722"}],"curies":[{"name":"wp","href":"https:\/\/api.w.org\/{rel}","templated":true}]}}