{"id":53654,"date":"2025-12-02T10:19:45","date_gmt":"2025-12-02T09:19:45","guid":{"rendered":"https:\/\/audibax.com\/?post_type=product&#038;p=53654"},"modified":"2026-03-03T11:26:06","modified_gmt":"2026-03-03T10:26:06","slug":"pc300-15","status":"publish","type":"product","link":"https:\/\/audibax.com\/fr\/produit\/pc300-15\/","title":{"rendered":"PC300-15"},"content":{"rendered":"<p data-start=\"44\" data-end=\"464\"><strong data-start=\"44\" data-end=\"76\">Audibax PC300-15 Power Cable<\/strong> est un c\u00e2ble d\u2019alimentation de 3 m con\u00e7u pour connecter des multiprises et des appareils \u00e9lectriques de mani\u00e8re s\u00fbre et fiable.<br data-start=\"204\" data-end=\"207\" \/>Fabriqu\u00e9 avec un c\u00e2ble H05VV-F (1,5 mm\u00b2) et une prise EURO-C13, il supporte jusqu\u2019\u00e0 3680 W et une tension de 220\u2013250 V.<br data-start=\"326\" data-end=\"329\" \/>Son isolation en PVC et sa certification VDE garantissent s\u00e9curit\u00e9 et durabilit\u00e9 dans des environnements domestiques ou professionnels.<\/p>\n<ul data-start=\"466\" data-end=\"786\">\n<li data-start=\"466\" data-end=\"516\">\n<p data-start=\"468\" data-end=\"516\"><strong data-start=\"468\" data-end=\"493\">Type d\u2019installation :<\/strong> C\u00e2ble d\u2019alimentation<\/p>\n<\/li>\n<li data-start=\"517\" data-end=\"553\">\n<p data-start=\"519\" data-end=\"553\"><strong data-start=\"519\" data-end=\"541\">Tension d\u2019entr\u00e9e :<\/strong> 220\u2013250 V<\/p>\n<\/li>\n<li data-start=\"554\" data-end=\"590\">\n<p data-start=\"556\" data-end=\"590\"><strong data-start=\"556\" data-end=\"579\">Longueur du c\u00e2ble :<\/strong> 3 m\u00e8tres<\/p>\n<\/li>\n<li data-start=\"591\" data-end=\"623\">\n<p data-start=\"593\" data-end=\"623\"><strong data-start=\"593\" data-end=\"612\">Type de prise :<\/strong> EURO-C13<\/p>\n<\/li>\n<li data-start=\"624\" data-end=\"677\">\n<p data-start=\"626\" data-end=\"677\"><strong data-start=\"626\" data-end=\"650\">Puissance maximale :<\/strong> 3680 W (220\u2013250 V \/ 5 A)<\/p>\n<\/li>\n<li data-start=\"678\" data-end=\"713\">\n<p data-start=\"680\" data-end=\"713\"><strong data-start=\"680\" data-end=\"703\">Diam\u00e8tre du c\u00e2ble :<\/strong> 1,5 mm\u00b2<\/p>\n<\/li>\n<li data-start=\"714\" data-end=\"736\">\n<p data-start=\"716\" data-end=\"736\"><strong data-start=\"716\" data-end=\"730\">Mat\u00e9riau :<\/strong> PVC<\/p>\n<\/li>\n<li data-start=\"737\" data-end=\"759\">\n<p data-start=\"739\" data-end=\"759\"><strong data-start=\"739\" data-end=\"752\">Couleur :<\/strong> Noir<\/p>\n<\/li>\n<li data-start=\"760\" data-end=\"786\">\n<p data-start=\"762\" data-end=\"786\"><strong data-start=\"762\" data-end=\"782\">Certifications :<\/strong> VDE<\/p>\n<\/li>\n<\/ul>\n","protected":false},"excerpt":{"rendered":"<ul>\n<li data-start=\"39\" data-end=\"75\">\n<p data-start=\"41\" data-end=\"75\"><strong data-start=\"41\" data-end=\"63\">Tension d\u2019entr\u00e9e :<\/strong> 220\u2013250 V<\/p>\n<\/li>\n<li data-start=\"76\" data-end=\"112\">\n<p data-start=\"78\" data-end=\"112\"><strong data-start=\"78\" data-end=\"101\">Longueur du c\u00e2ble :<\/strong> 3 m\u00e8tres<\/p>\n<\/li>\n<li data-start=\"113\" data-end=\"164\">\n<p data-start=\"115\" data-end=\"164\"><strong data-start=\"115\" data-end=\"139\">Type de connecteur :<\/strong> Schuko m\u00e2le \u2013 IEC m\u00e2le<\/p>\n<\/li>\n<li data-start=\"165\" data-end=\"191\" data-is-last-node=\"\">\n<p data-start=\"167\" data-end=\"191\" data-is-last-node=\"\"><strong data-start=\"167\" data-end=\"187\">Certifications :<\/strong> VDE<\/p>\n<\/li>\n<\/ul>\n","protected":false},"featured_media":54824,"comment_status":"open","ping_status":"closed","template":"","meta":{"_acf_changed":false},"product_cat":[403],"product_tag":[752],"class_list":{"0":"post-53654","1":"product","2":"type-product","3":"status-publish","4":"has-post-thumbnail","6":"product_cat-amplificateur-de-puissance","7":"product_tag-new","9":"first","10":"instock","11":"shipping-taxable","12":"product-type-simple"},"acf":[],"yoast_head":"<!-- This site is optimized with the Yoast SEO plugin v27.0 - https:\/\/yoast.com\/product\/yoast-seo-wordpress\/ -->\n<title>PC300-15 - Audibax<\/title>\n<meta name=\"robots\" content=\"index, follow, max-snippet:-1, max-image-preview:large, max-video-preview:-1\" \/>\n<link rel=\"canonical\" href=\"https:\/\/audibax.com\/fr\/produit\/pc300-15\/\" \/>\n<meta property=\"og:locale\" content=\"fr_FR\" \/>\n<meta property=\"og:type\" content=\"article\" \/>\n<meta property=\"og:title\" content=\"PC300-15 - Audibax\" \/>\n<meta property=\"og:description\" content=\"Tension d\u2019entr\u00e9e : 220\u2013250 V    Longueur du c\u00e2ble : 3 m\u00e8tres    Type de connecteur : Schuko m\u00e2le \u2013 IEC m\u00e2le    Certifications : VDE\" \/>\n<meta property=\"og:url\" content=\"https:\/\/audibax.com\/fr\/produit\/pc300-15\/\" \/>\n<meta property=\"og:site_name\" content=\"Audibax\" \/>\n<meta property=\"article:modified_time\" content=\"2026-03-03T10:26:06+00:00\" \/>\n<meta property=\"og:image\" content=\"https:\/\/audibax.com\/wp-content\/uploads\/2025\/12\/10315845_Principal_1.png\" \/>\n\t<meta property=\"og:image:width\" content=\"2500\" \/>\n\t<meta property=\"og:image:height\" content=\"1768\" \/>\n\t<meta property=\"og:image:type\" content=\"image\/png\" \/>\n<meta name=\"twitter:card\" content=\"summary_large_image\" \/>\n<meta name=\"twitter:label1\" content=\"Dur\u00e9e de lecture estim\u00e9e\" \/>\n\t<meta name=\"twitter:data1\" content=\"1 minute\" \/>\n<script type=\"application\/ld+json\" class=\"yoast-schema-graph\">{\"@context\":\"https:\/\/schema.org\",\"@graph\":[{\"@type\":\"WebPage\",\"@id\":\"https:\/\/audibax.com\/fr\/produit\/pc300-15\/\",\"url\":\"https:\/\/audibax.com\/fr\/produit\/pc300-15\/\",\"name\":\"PC300-15 - Audibax\",\"isPartOf\":{\"@id\":\"https:\/\/audibax.com\/fr\/#website\"},\"primaryImageOfPage\":{\"@id\":\"https:\/\/audibax.com\/fr\/produit\/pc300-15\/#primaryimage\"},\"image\":{\"@id\":\"https:\/\/audibax.com\/fr\/produit\/pc300-15\/#primaryimage\"},\"thumbnailUrl\":\"https:\/\/audibax.com\/wp-content\/uploads\/2025\/12\/10315845_Principal_1.png\",\"datePublished\":\"2025-12-02T09:19:45+00:00\",\"dateModified\":\"2026-03-03T10:26:06+00:00\",\"breadcrumb\":{\"@id\":\"https:\/\/audibax.com\/fr\/produit\/pc300-15\/#breadcrumb\"},\"inLanguage\":\"fr-FR\",\"potentialAction\":[{\"@type\":\"ReadAction\",\"target\":[\"https:\/\/audibax.com\/fr\/produit\/pc300-15\/\"]}]},{\"@type\":\"ImageObject\",\"inLanguage\":\"fr-FR\",\"@id\":\"https:\/\/audibax.com\/fr\/produit\/pc300-15\/#primaryimage\",\"url\":\"https:\/\/audibax.com\/wp-content\/uploads\/2025\/12\/10315845_Principal_1.png\",\"contentUrl\":\"https:\/\/audibax.com\/wp-content\/uploads\/2025\/12\/10315845_Principal_1.png\",\"width\":2500,\"height\":1768},{\"@type\":\"BreadcrumbList\",\"@id\":\"https:\/\/audibax.com\/fr\/produit\/pc300-15\/#breadcrumb\",\"itemListElement\":[{\"@type\":\"ListItem\",\"position\":1,\"name\":\"Portada\",\"item\":\"https:\/\/audibax.com\/fr\/\"},{\"@type\":\"ListItem\",\"position\":2,\"name\":\"Produits\",\"item\":\"https:\/\/audibax.com\/fr\/shop\/\"},{\"@type\":\"ListItem\",\"position\":3,\"name\":\"PC300-15\"}]},{\"@type\":\"WebSite\",\"@id\":\"https:\/\/audibax.com\/fr\/#website\",\"url\":\"https:\/\/audibax.com\/fr\/\",\"name\":\"Audibax\",\"description\":\"\",\"publisher\":{\"@id\":\"https:\/\/audibax.com\/fr\/#organization\"},\"potentialAction\":[{\"@type\":\"SearchAction\",\"target\":{\"@type\":\"EntryPoint\",\"urlTemplate\":\"https:\/\/audibax.com\/fr\/?s={search_term_string}\"},\"query-input\":{\"@type\":\"PropertyValueSpecification\",\"valueRequired\":true,\"valueName\":\"search_term_string\"}}],\"inLanguage\":\"fr-FR\"},{\"@type\":\"Organization\",\"@id\":\"https:\/\/audibax.com\/fr\/#organization\",\"name\":\"Audibax\",\"url\":\"https:\/\/audibax.com\/fr\/\",\"logo\":{\"@type\":\"ImageObject\",\"inLanguage\":\"fr-FR\",\"@id\":\"https:\/\/audibax.com\/fr\/#\/schema\/logo\/image\/\",\"url\":\"https:\/\/audibax.com\/wp-content\/uploads\/2023\/09\/logo-Audibax-BLANCO-SVG-1.svg\",\"contentUrl\":\"https:\/\/audibax.com\/wp-content\/uploads\/2023\/09\/logo-Audibax-BLANCO-SVG-1.svg\",\"caption\":\"Audibax\"},\"image\":{\"@id\":\"https:\/\/audibax.com\/fr\/#\/schema\/logo\/image\/\"}}]}<\/script>\n<!-- \/ Yoast SEO plugin. -->","yoast_head_json":{"title":"PC300-15 - Audibax","robots":{"index":"index","follow":"follow","max-snippet":"max-snippet:-1","max-image-preview":"max-image-preview:large","max-video-preview":"max-video-preview:-1"},"canonical":"https:\/\/audibax.com\/fr\/produit\/pc300-15\/","og_locale":"fr_FR","og_type":"article","og_title":"PC300-15 - Audibax","og_description":"Tension d\u2019entr\u00e9e : 220\u2013250 V    Longueur du c\u00e2ble : 3 m\u00e8tres    Type de connecteur : Schuko m\u00e2le \u2013 IEC m\u00e2le    Certifications : VDE","og_url":"https:\/\/audibax.com\/fr\/produit\/pc300-15\/","og_site_name":"Audibax","article_modified_time":"2026-03-03T10:26:06+00:00","og_image":[{"width":2500,"height":1768,"url":"https:\/\/audibax.com\/wp-content\/uploads\/2025\/12\/10315845_Principal_1.png","type":"image\/png"}],"twitter_card":"summary_large_image","twitter_misc":{"Dur\u00e9e de lecture estim\u00e9e":"1 minute"},"schema":{"@context":"https:\/\/schema.org","@graph":[{"@type":"WebPage","@id":"https:\/\/audibax.com\/fr\/produit\/pc300-15\/","url":"https:\/\/audibax.com\/fr\/produit\/pc300-15\/","name":"PC300-15 - Audibax","isPartOf":{"@id":"https:\/\/audibax.com\/fr\/#website"},"primaryImageOfPage":{"@id":"https:\/\/audibax.com\/fr\/produit\/pc300-15\/#primaryimage"},"image":{"@id":"https:\/\/audibax.com\/fr\/produit\/pc300-15\/#primaryimage"},"thumbnailUrl":"https:\/\/audibax.com\/wp-content\/uploads\/2025\/12\/10315845_Principal_1.png","datePublished":"2025-12-02T09:19:45+00:00","dateModified":"2026-03-03T10:26:06+00:00","breadcrumb":{"@id":"https:\/\/audibax.com\/fr\/produit\/pc300-15\/#breadcrumb"},"inLanguage":"fr-FR","potentialAction":[{"@type":"ReadAction","target":["https:\/\/audibax.com\/fr\/produit\/pc300-15\/"]}]},{"@type":"ImageObject","inLanguage":"fr-FR","@id":"https:\/\/audibax.com\/fr\/produit\/pc300-15\/#primaryimage","url":"https:\/\/audibax.com\/wp-content\/uploads\/2025\/12\/10315845_Principal_1.png","contentUrl":"https:\/\/audibax.com\/wp-content\/uploads\/2025\/12\/10315845_Principal_1.png","width":2500,"height":1768},{"@type":"BreadcrumbList","@id":"https:\/\/audibax.com\/fr\/produit\/pc300-15\/#breadcrumb","itemListElement":[{"@type":"ListItem","position":1,"name":"Portada","item":"https:\/\/audibax.com\/fr\/"},{"@type":"ListItem","position":2,"name":"Produits","item":"https:\/\/audibax.com\/fr\/shop\/"},{"@type":"ListItem","position":3,"name":"PC300-15"}]},{"@type":"WebSite","@id":"https:\/\/audibax.com\/fr\/#website","url":"https:\/\/audibax.com\/fr\/","name":"Audibax","description":"","publisher":{"@id":"https:\/\/audibax.com\/fr\/#organization"},"potentialAction":[{"@type":"SearchAction","target":{"@type":"EntryPoint","urlTemplate":"https:\/\/audibax.com\/fr\/?s={search_term_string}"},"query-input":{"@type":"PropertyValueSpecification","valueRequired":true,"valueName":"search_term_string"}}],"inLanguage":"fr-FR"},{"@type":"Organization","@id":"https:\/\/audibax.com\/fr\/#organization","name":"Audibax","url":"https:\/\/audibax.com\/fr\/","logo":{"@type":"ImageObject","inLanguage":"fr-FR","@id":"https:\/\/audibax.com\/fr\/#\/schema\/logo\/image\/","url":"https:\/\/audibax.com\/wp-content\/uploads\/2023\/09\/logo-Audibax-BLANCO-SVG-1.svg","contentUrl":"https:\/\/audibax.com\/wp-content\/uploads\/2023\/09\/logo-Audibax-BLANCO-SVG-1.svg","caption":"Audibax"},"image":{"@id":"https:\/\/audibax.com\/fr\/#\/schema\/logo\/image\/"}}]}},"_links":{"self":[{"href":"https:\/\/audibax.com\/fr\/wp-json\/wp\/v2\/product\/53654","targetHints":{"allow":["GET"]}}],"collection":[{"href":"https:\/\/audibax.com\/fr\/wp-json\/wp\/v2\/product"}],"about":[{"href":"https:\/\/audibax.com\/fr\/wp-json\/wp\/v2\/types\/product"}],"replies":[{"embeddable":true,"href":"https:\/\/audibax.com\/fr\/wp-json\/wp\/v2\/comments?post=53654"}],"wp:featuredmedia":[{"embeddable":true,"href":"https:\/\/audibax.com\/fr\/wp-json\/wp\/v2\/media\/54824"}],"wp:attachment":[{"href":"https:\/\/audibax.com\/fr\/wp-json\/wp\/v2\/media?parent=53654"}],"wp:term":[{"taxonomy":"product_cat","embeddable":true,"href":"https:\/\/audibax.com\/fr\/wp-json\/wp\/v2\/product_cat?post=53654"},{"taxonomy":"product_tag","embeddable":true,"href":"https:\/\/audibax.com\/fr\/wp-json\/wp\/v2\/product_tag?post=53654"}],"curies":[{"name":"wp","href":"https:\/\/api.w.org\/{rel}","templated":true}]}}