{"id":52557,"date":"2025-10-06T16:26:57","date_gmt":"2025-10-06T14:26:57","guid":{"rendered":"https:\/\/audibax.com\/?post_type=product&#038;p=52557"},"modified":"2025-11-27T21:09:27","modified_gmt":"2025-11-27T20:09:27","slug":"audibax-fab40-6u-rack-case-black","status":"publish","type":"product","link":"https:\/\/audibax.com\/fr\/produit\/audibax-fab40-6u-rack-case-black\/","title":{"rendered":"Audibax FAB40 6U Rack Black Flightcase"},"content":{"rendered":"<p data-start=\"114\" data-end=\"500\">Le <strong data-start=\"117\" data-end=\"147\">Rack Case Audibax FAB40-6U<\/strong> red\u00e9finit la protection et le transport des \u00e9quipements professionnels gr\u00e2ce \u00e0 son design robuste et \u00e0 ses dimensions interm\u00e9diaires, offrant l\u2019\u00e9quilibre parfait entre capacit\u00e9 et portabilit\u00e9. Ce rack est id\u00e9al pour les musiciens, les ing\u00e9nieurs du son et tout professionnel ayant besoin de transporter son mat\u00e9riel en toute s\u00e9curit\u00e9 et avec confort.<\/p>\n<p data-start=\"502\" data-end=\"538\"><strong data-start=\"502\" data-end=\"536\">Caract\u00e9ristiques principales :<\/strong><\/p>\n<ul>\n<li data-start=\"542\" data-end=\"720\"><strong data-start=\"542\" data-end=\"568\">Construction robuste :<\/strong> Fabriqu\u00e9 en PE avec des coins renforc\u00e9s et du carton renforc\u00e9, il offre une durabilit\u00e9 exceptionnelle et une protection sup\u00e9rieure contre les chocs.<\/li>\n<li data-start=\"723\" data-end=\"906\"><strong data-start=\"723\" data-end=\"763\">Couvercles protecteurs extensibles :<\/strong> \u00c9quip\u00e9 de filets de rangement sur les deux couvercles et de panneaux lat\u00e9raux amovibles pour garder votre mat\u00e9riel s\u00e9curis\u00e9 et bien ventil\u00e9.<\/li>\n<li data-start=\"909\" data-end=\"1043\"><strong data-start=\"909\" data-end=\"937\">Verrous haute s\u00e9curit\u00e9 :<\/strong> 4 fermetures papillon sur chaque couvercle emp\u00eachent toute ouverture accidentelle pendant le transport.<\/li>\n<li data-start=\"1046\" data-end=\"1152\"><strong data-start=\"1046\" data-end=\"1068\">Poign\u00e9es doubles :<\/strong> Facilitent le levage et le transport des charges lourdes avec un confort optimal.<\/li>\n<li data-start=\"1155\" data-end=\"1260\"><strong data-start=\"1155\" data-end=\"1190\">Couvercles \u00e0 ouverture facile :<\/strong> Permettent un acc\u00e8s rapide et sans complication \u00e0 votre \u00e9quipement.<\/li>\n<li data-start=\"1263\" data-end=\"1435\"><strong data-start=\"1263\" data-end=\"1292\">Compatibilit\u00e9 modulaire :<\/strong> Parfait pour les syst\u00e8mes audio professionnels, y compris les tables de mixage et les amplificateurs, avec une int\u00e9gration modulaire simple.<\/li>\n<li data-start=\"1438\" data-end=\"1624\"><strong data-start=\"1438\" data-end=\"1469\">Protection suppl\u00e9mentaire :<\/strong> \u00c9vite l\u2019exposition aux chocs et aux vibrations extr\u00eames ; assurez-vous que tous les couvercles et verrous sont bien s\u00e9curis\u00e9s avant de d\u00e9placer le rack.<\/li>\n<\/ul>\n<p data-start=\"1626\" data-end=\"1644\"><strong data-start=\"1626\" data-end=\"1642\">Dimensions :<\/strong><\/p>\n<ul>\n<li data-start=\"1647\" data-end=\"1681\"><strong>Ext\u00e9rieures<\/strong> : 502 x 347 x 570 mm<\/li>\n<li data-start=\"1684\" data-end=\"1718\"><strong>Int\u00e9rieures<\/strong> : 495 x 275 x 490 mm<\/li>\n<li data-start=\"1684\" data-end=\"1718\"><strong>Capacit\u00e9<\/strong> : 6 unit\u00e9s<\/li>\n<li data-start=\"1684\" data-end=\"1718\"><strong>Poids:<\/strong> 7,5 Kg<\/li>\n<\/ul>\n<p data-start=\"1744\" data-end=\"2148\">Le <strong data-start=\"1747\" data-end=\"1772\">Rack Audibax FAB40-6U<\/strong> n\u2019est pas seulement une mallette ; c\u2019est un investissement dans la s\u00e9curit\u00e9 et la fonctionnalit\u00e9 de votre \u00e9quipement professionnel. Id\u00e9al pour les tourn\u00e9es, les studios et les prestations live, il garantit que vos instruments et \u00e9quipements audio arrivent toujours en parfait \u00e9tat.<\/p>\n<p data-start=\"1744\" data-end=\"2148\"><br data-start=\"2054\" data-end=\"2057\" \/>Faites confiance \u00e0 <strong data-start=\"2076\" data-end=\"2087\">Audibax<\/strong> pour garder votre mat\u00e9riel prot\u00e9g\u00e9 et pr\u00eat pour l\u2019action !<\/p>\n","protected":false},"excerpt":{"rendered":"<ul>\n<li data-start=\"300\" data-end=\"324\">\n<p data-start=\"302\" data-end=\"324\">Construction Robuste<\/p>\n<\/li>\n<li data-start=\"325\" data-end=\"363\">\n<p data-start=\"327\" data-end=\"363\">Couvercles Protecteurs Extensibles<\/p>\n<\/li>\n<li data-start=\"364\" data-end=\"391\">\n<p data-start=\"366\" data-end=\"391\">Serrures Haute S\u00e9curit\u00e9<\/p>\n<\/li>\n<li data-start=\"392\" data-end=\"430\">\n<p data-start=\"394\" data-end=\"430\">Couvercles Protecteurs Extensibles<\/p>\n<\/li>\n<li data-start=\"431\" data-end=\"465\">\n<p data-start=\"433\" data-end=\"465\">Ext\u00e9rieur : 502 x 347 x 570 mm<\/p>\n<\/li>\n<li data-start=\"466\" data-end=\"500\">\n<p data-start=\"468\" data-end=\"500\">Int\u00e9rieur : 495 x 275 x 490 mm<\/p>\n<\/li>\n<li data-start=\"501\" data-end=\"519\">\n<p data-start=\"503\" data-end=\"519\">Capacit\u00e9 : 6 U<\/p>\n<\/li>\n<li data-start=\"520\" data-end=\"538\">\n<p data-start=\"522\" data-end=\"538\">Poids : 7,5 Kg<\/p>\n<\/li>\n<\/ul>\n","protected":false},"featured_media":52594,"comment_status":"open","ping_status":"closed","template":"","meta":{"_acf_changed":false},"product_cat":[762],"product_tag":[],"class_list":{"0":"post-52557","1":"product","2":"type-product","3":"status-publish","4":"has-post-thumbnail","6":"product_cat-rack-cases-fr","8":"first","9":"onbackorder","10":"shipping-taxable","11":"product-type-simple"},"acf":[],"yoast_head":"<!-- This site is optimized with the Yoast SEO plugin v27.0 - https:\/\/yoast.com\/product\/yoast-seo-wordpress\/ -->\n<title>Audibax FAB40 6U Rack Black Flightcase - Audibax<\/title>\n<meta name=\"robots\" content=\"index, follow, max-snippet:-1, max-image-preview:large, max-video-preview:-1\" \/>\n<link rel=\"canonical\" href=\"https:\/\/audibax.com\/fr\/produit\/audibax-fab40-6u-rack-case-black\/\" \/>\n<meta property=\"og:locale\" content=\"fr_FR\" \/>\n<meta property=\"og:type\" content=\"article\" \/>\n<meta property=\"og:title\" content=\"Audibax FAB40 6U Rack Black Flightcase - Audibax\" \/>\n<meta property=\"og:description\" content=\"Construction Robuste    Couvercles Protecteurs Extensibles    Serrures Haute S\u00e9curit\u00e9    Couvercles Protecteurs Extensibles    Ext\u00e9rieur : 502 x 347 x 570 mm    Int\u00e9rieur : 495 x 275 x 490 mm    Capacit\u00e9 : 6 U    Poids : 7,5 Kg\" \/>\n<meta property=\"og:url\" content=\"https:\/\/audibax.com\/fr\/produit\/audibax-fab40-6u-rack-case-black\/\" \/>\n<meta property=\"og:site_name\" content=\"Audibax\" \/>\n<meta property=\"article:modified_time\" content=\"2025-11-27T20:09:27+00:00\" \/>\n<meta property=\"og:image\" content=\"https:\/\/audibax.com\/wp-content\/uploads\/2025\/10\/FAB40-6U-COMPRAR-1-2-1024x725.png\" \/>\n\t<meta property=\"og:image:width\" content=\"1024\" \/>\n\t<meta property=\"og:image:height\" content=\"725\" \/>\n\t<meta property=\"og:image:type\" content=\"image\/png\" \/>\n<meta name=\"twitter:card\" content=\"summary_large_image\" \/>\n<meta name=\"twitter:label1\" content=\"Dur\u00e9e de lecture estim\u00e9e\" \/>\n\t<meta name=\"twitter:data1\" content=\"2 minutes\" \/>\n<script type=\"application\/ld+json\" class=\"yoast-schema-graph\">{\"@context\":\"https:\/\/schema.org\",\"@graph\":[{\"@type\":\"WebPage\",\"@id\":\"https:\/\/audibax.com\/fr\/produit\/audibax-fab40-6u-rack-case-black\/\",\"url\":\"https:\/\/audibax.com\/fr\/produit\/audibax-fab40-6u-rack-case-black\/\",\"name\":\"Audibax FAB40 6U Rack Black Flightcase - Audibax\",\"isPartOf\":{\"@id\":\"https:\/\/audibax.com\/fr\/#website\"},\"primaryImageOfPage\":{\"@id\":\"https:\/\/audibax.com\/fr\/produit\/audibax-fab40-6u-rack-case-black\/#primaryimage\"},\"image\":{\"@id\":\"https:\/\/audibax.com\/fr\/produit\/audibax-fab40-6u-rack-case-black\/#primaryimage\"},\"thumbnailUrl\":\"https:\/\/audibax.com\/wp-content\/uploads\/2025\/10\/FAB40-6U-COMPRAR-1-2.png\",\"datePublished\":\"2025-10-06T14:26:57+00:00\",\"dateModified\":\"2025-11-27T20:09:27+00:00\",\"breadcrumb\":{\"@id\":\"https:\/\/audibax.com\/fr\/produit\/audibax-fab40-6u-rack-case-black\/#breadcrumb\"},\"inLanguage\":\"fr-FR\",\"potentialAction\":[{\"@type\":\"ReadAction\",\"target\":[\"https:\/\/audibax.com\/fr\/produit\/audibax-fab40-6u-rack-case-black\/\"]}]},{\"@type\":\"ImageObject\",\"inLanguage\":\"fr-FR\",\"@id\":\"https:\/\/audibax.com\/fr\/produit\/audibax-fab40-6u-rack-case-black\/#primaryimage\",\"url\":\"https:\/\/audibax.com\/wp-content\/uploads\/2025\/10\/FAB40-6U-COMPRAR-1-2.png\",\"contentUrl\":\"https:\/\/audibax.com\/wp-content\/uploads\/2025\/10\/FAB40-6U-COMPRAR-1-2.png\",\"width\":2500,\"height\":1769},{\"@type\":\"BreadcrumbList\",\"@id\":\"https:\/\/audibax.com\/fr\/produit\/audibax-fab40-6u-rack-case-black\/#breadcrumb\",\"itemListElement\":[{\"@type\":\"ListItem\",\"position\":1,\"name\":\"Portada\",\"item\":\"https:\/\/audibax.com\/fr\/\"},{\"@type\":\"ListItem\",\"position\":2,\"name\":\"Produits\",\"item\":\"https:\/\/audibax.com\/fr\/shop\/\"},{\"@type\":\"ListItem\",\"position\":3,\"name\":\"Audibax FAB40 6U Rack Black Flightcase\"}]},{\"@type\":\"WebSite\",\"@id\":\"https:\/\/audibax.com\/fr\/#website\",\"url\":\"https:\/\/audibax.com\/fr\/\",\"name\":\"Audibax\",\"description\":\"\",\"publisher\":{\"@id\":\"https:\/\/audibax.com\/fr\/#organization\"},\"potentialAction\":[{\"@type\":\"SearchAction\",\"target\":{\"@type\":\"EntryPoint\",\"urlTemplate\":\"https:\/\/audibax.com\/fr\/?s={search_term_string}\"},\"query-input\":{\"@type\":\"PropertyValueSpecification\",\"valueRequired\":true,\"valueName\":\"search_term_string\"}}],\"inLanguage\":\"fr-FR\"},{\"@type\":\"Organization\",\"@id\":\"https:\/\/audibax.com\/fr\/#organization\",\"name\":\"Audibax\",\"url\":\"https:\/\/audibax.com\/fr\/\",\"logo\":{\"@type\":\"ImageObject\",\"inLanguage\":\"fr-FR\",\"@id\":\"https:\/\/audibax.com\/fr\/#\/schema\/logo\/image\/\",\"url\":\"https:\/\/audibax.com\/wp-content\/uploads\/2023\/09\/logo-Audibax-BLANCO-SVG-1.svg\",\"contentUrl\":\"https:\/\/audibax.com\/wp-content\/uploads\/2023\/09\/logo-Audibax-BLANCO-SVG-1.svg\",\"caption\":\"Audibax\"},\"image\":{\"@id\":\"https:\/\/audibax.com\/fr\/#\/schema\/logo\/image\/\"}}]}<\/script>\n<!-- \/ Yoast SEO plugin. -->","yoast_head_json":{"title":"Audibax FAB40 6U Rack Black Flightcase - Audibax","robots":{"index":"index","follow":"follow","max-snippet":"max-snippet:-1","max-image-preview":"max-image-preview:large","max-video-preview":"max-video-preview:-1"},"canonical":"https:\/\/audibax.com\/fr\/produit\/audibax-fab40-6u-rack-case-black\/","og_locale":"fr_FR","og_type":"article","og_title":"Audibax FAB40 6U Rack Black Flightcase - Audibax","og_description":"Construction Robuste    Couvercles Protecteurs Extensibles    Serrures Haute S\u00e9curit\u00e9    Couvercles Protecteurs Extensibles    Ext\u00e9rieur : 502 x 347 x 570 mm    Int\u00e9rieur : 495 x 275 x 490 mm    Capacit\u00e9 : 6 U    Poids : 7,5 Kg","og_url":"https:\/\/audibax.com\/fr\/produit\/audibax-fab40-6u-rack-case-black\/","og_site_name":"Audibax","article_modified_time":"2025-11-27T20:09:27+00:00","og_image":[{"width":1024,"height":725,"url":"https:\/\/audibax.com\/wp-content\/uploads\/2025\/10\/FAB40-6U-COMPRAR-1-2-1024x725.png","type":"image\/png"}],"twitter_card":"summary_large_image","twitter_misc":{"Dur\u00e9e de lecture estim\u00e9e":"2 minutes"},"schema":{"@context":"https:\/\/schema.org","@graph":[{"@type":"WebPage","@id":"https:\/\/audibax.com\/fr\/produit\/audibax-fab40-6u-rack-case-black\/","url":"https:\/\/audibax.com\/fr\/produit\/audibax-fab40-6u-rack-case-black\/","name":"Audibax FAB40 6U Rack Black Flightcase - Audibax","isPartOf":{"@id":"https:\/\/audibax.com\/fr\/#website"},"primaryImageOfPage":{"@id":"https:\/\/audibax.com\/fr\/produit\/audibax-fab40-6u-rack-case-black\/#primaryimage"},"image":{"@id":"https:\/\/audibax.com\/fr\/produit\/audibax-fab40-6u-rack-case-black\/#primaryimage"},"thumbnailUrl":"https:\/\/audibax.com\/wp-content\/uploads\/2025\/10\/FAB40-6U-COMPRAR-1-2.png","datePublished":"2025-10-06T14:26:57+00:00","dateModified":"2025-11-27T20:09:27+00:00","breadcrumb":{"@id":"https:\/\/audibax.com\/fr\/produit\/audibax-fab40-6u-rack-case-black\/#breadcrumb"},"inLanguage":"fr-FR","potentialAction":[{"@type":"ReadAction","target":["https:\/\/audibax.com\/fr\/produit\/audibax-fab40-6u-rack-case-black\/"]}]},{"@type":"ImageObject","inLanguage":"fr-FR","@id":"https:\/\/audibax.com\/fr\/produit\/audibax-fab40-6u-rack-case-black\/#primaryimage","url":"https:\/\/audibax.com\/wp-content\/uploads\/2025\/10\/FAB40-6U-COMPRAR-1-2.png","contentUrl":"https:\/\/audibax.com\/wp-content\/uploads\/2025\/10\/FAB40-6U-COMPRAR-1-2.png","width":2500,"height":1769},{"@type":"BreadcrumbList","@id":"https:\/\/audibax.com\/fr\/produit\/audibax-fab40-6u-rack-case-black\/#breadcrumb","itemListElement":[{"@type":"ListItem","position":1,"name":"Portada","item":"https:\/\/audibax.com\/fr\/"},{"@type":"ListItem","position":2,"name":"Produits","item":"https:\/\/audibax.com\/fr\/shop\/"},{"@type":"ListItem","position":3,"name":"Audibax FAB40 6U Rack Black Flightcase"}]},{"@type":"WebSite","@id":"https:\/\/audibax.com\/fr\/#website","url":"https:\/\/audibax.com\/fr\/","name":"Audibax","description":"","publisher":{"@id":"https:\/\/audibax.com\/fr\/#organization"},"potentialAction":[{"@type":"SearchAction","target":{"@type":"EntryPoint","urlTemplate":"https:\/\/audibax.com\/fr\/?s={search_term_string}"},"query-input":{"@type":"PropertyValueSpecification","valueRequired":true,"valueName":"search_term_string"}}],"inLanguage":"fr-FR"},{"@type":"Organization","@id":"https:\/\/audibax.com\/fr\/#organization","name":"Audibax","url":"https:\/\/audibax.com\/fr\/","logo":{"@type":"ImageObject","inLanguage":"fr-FR","@id":"https:\/\/audibax.com\/fr\/#\/schema\/logo\/image\/","url":"https:\/\/audibax.com\/wp-content\/uploads\/2023\/09\/logo-Audibax-BLANCO-SVG-1.svg","contentUrl":"https:\/\/audibax.com\/wp-content\/uploads\/2023\/09\/logo-Audibax-BLANCO-SVG-1.svg","caption":"Audibax"},"image":{"@id":"https:\/\/audibax.com\/fr\/#\/schema\/logo\/image\/"}}]}},"_links":{"self":[{"href":"https:\/\/audibax.com\/fr\/wp-json\/wp\/v2\/product\/52557","targetHints":{"allow":["GET"]}}],"collection":[{"href":"https:\/\/audibax.com\/fr\/wp-json\/wp\/v2\/product"}],"about":[{"href":"https:\/\/audibax.com\/fr\/wp-json\/wp\/v2\/types\/product"}],"replies":[{"embeddable":true,"href":"https:\/\/audibax.com\/fr\/wp-json\/wp\/v2\/comments?post=52557"}],"wp:featuredmedia":[{"embeddable":true,"href":"https:\/\/audibax.com\/fr\/wp-json\/wp\/v2\/media\/52594"}],"wp:attachment":[{"href":"https:\/\/audibax.com\/fr\/wp-json\/wp\/v2\/media?parent=52557"}],"wp:term":[{"taxonomy":"product_cat","embeddable":true,"href":"https:\/\/audibax.com\/fr\/wp-json\/wp\/v2\/product_cat?post=52557"},{"taxonomy":"product_tag","embeddable":true,"href":"https:\/\/audibax.com\/fr\/wp-json\/wp\/v2\/product_tag?post=52557"}],"curies":[{"name":"wp","href":"https:\/\/api.w.org\/{rel}","templated":true}]}}