{"id":52365,"date":"2025-10-06T14:46:29","date_gmt":"2025-10-06T12:46:29","guid":{"rendered":"https:\/\/audibax.com\/?post_type=product&#038;p=52365"},"modified":"2025-11-27T21:08:33","modified_gmt":"2025-11-27T20:08:33","slug":"audibax-fab40-4u-rack-case-black","status":"publish","type":"product","link":"https:\/\/audibax.com\/fr\/produit\/audibax-fab40-4u-rack-case-black\/","title":{"rendered":"Audibax FAB40 4U Rack Black Flightcase"},"content":{"rendered":"<p data-start=\"111\" data-end=\"415\">Le Rack Case Audibax FAB40-4U red\u00e9finit la protection et le transport des \u00e9quipements professionnels gr\u00e2ce \u00e0 son design compact et robuste. Ce rack est id\u00e9al pour les musiciens, les ing\u00e9nieurs du son et tous les professionnels qui ont besoin de transporter leur mat\u00e9riel en toute s\u00e9curit\u00e9 et commodit\u00e9.<\/p>\n<p data-start=\"417\" data-end=\"453\"><strong data-start=\"417\" data-end=\"451\">Caract\u00e9ristiques principales :<\/strong><\/p>\n<ul>\n<li data-start=\"457\" data-end=\"600\"><strong data-start=\"457\" data-end=\"483\">Construction robuste :<\/strong> Fabriqu\u00e9 en PE avec des coins renforc\u00e9s et du carton renforc\u00e9, offrant durabilit\u00e9 et protection contre les chocs.<\/li>\n<li data-start=\"603\" data-end=\"783\"><strong data-start=\"603\" data-end=\"643\">Couvercles protecteurs extensibles :<\/strong> Comprend des filets de rangement sur deux couvercles et des panneaux lat\u00e9raux amovibles pour garder votre \u00e9quipement s\u00e9curis\u00e9 et ventil\u00e9.<\/li>\n<li data-start=\"786\" data-end=\"920\"><strong data-start=\"786\" data-end=\"814\">Verrous haute s\u00e9curit\u00e9 :<\/strong> 2 fermetures papillon sur chaque couvercle emp\u00eachent les ouvertures accidentelles pendant le transport.<\/li>\n<li data-start=\"923\" data-end=\"1024\"><strong data-start=\"923\" data-end=\"945\">Poign\u00e9es doubles :<\/strong> Facilite le levage et le transport des charges lourdes avec plus de confort.<\/li>\n<li data-start=\"1027\" data-end=\"1132\"><strong data-start=\"1027\" data-end=\"1062\">Couvercles \u00e0 ouverture facile :<\/strong> Garantissent un acc\u00e8s rapide et sans complication \u00e0 votre mat\u00e9riel.<\/li>\n<li data-start=\"1135\" data-end=\"1294\"><strong data-start=\"1135\" data-end=\"1164\">Compatibilit\u00e9 modulaire :<\/strong> Parfait pour les syst\u00e8mes audio professionnels, y compris les mixeurs et amplificateurs, avec une int\u00e9gration modulaire facile.<\/li>\n<li data-start=\"1297\" data-end=\"1474\"><strong data-start=\"1297\" data-end=\"1328\">Protection suppl\u00e9mentaire :<\/strong> \u00c9vite l\u2019exposition aux chocs et vibrations extr\u00eames ; assurez-vous que tous les couvercles et verrous sont s\u00e9curis\u00e9s avant de d\u00e9placer le rack.<\/li>\n<\/ul>\n<p data-start=\"1476\" data-end=\"1494\"><strong data-start=\"1476\" data-end=\"1492\">Dimensions :<\/strong><\/p>\n<ul>\n<li data-start=\"1497\" data-end=\"1531\"><strong>Ext\u00e9rieures<\/strong> : 502 x 256 x 570 mm<\/li>\n<li data-start=\"1534\" data-end=\"1568\"><strong>Int\u00e9rieures<\/strong> : 495 x 187 x 490 mm<\/li>\n<li data-start=\"1534\" data-end=\"1568\"><strong>Capacit\u00e9<\/strong> : 4 unit\u00e9s<\/li>\n<li data-start=\"1534\" data-end=\"1568\"><strong>Poids:<\/strong> 6,5 Kg<\/li>\n<\/ul>\n<p data-start=\"1594\" data-end=\"1977\">Le Rack Audibax FAB40-4U n\u2019est pas seulement une mallette ; c\u2019est un investissement dans la s\u00e9curit\u00e9 et la fonctionnalit\u00e9 de votre \u00e9quipement professionnel. Id\u00e9al pour les tourn\u00e9es, les studios et les concerts, il garantit que vos instruments et \u00e9quipements audio arrivent toujours en parfait \u00e9tat. Faites confiance \u00e0 Audibax pour garder votre mat\u00e9riel prot\u00e9g\u00e9 et pr\u00eat \u00e0 l\u2019action !<\/p>\n","protected":false},"excerpt":{"rendered":"<ul>\n<li data-start=\"286\" data-end=\"310\">\n<p data-start=\"288\" data-end=\"310\">Construction Robuste<\/p>\n<\/li>\n<li data-start=\"311\" data-end=\"349\">\n<p data-start=\"313\" data-end=\"349\">Couvercles Protecteurs Extensibles<\/p>\n<\/li>\n<li data-start=\"350\" data-end=\"377\">\n<p data-start=\"352\" data-end=\"377\">Serrures Haute S\u00e9curit\u00e9<\/p>\n<\/li>\n<li data-start=\"378\" data-end=\"411\">\n<p data-start=\"380\" data-end=\"411\">Couvercles \u00e0 Ouverture Facile<\/p>\n<\/li>\n<li data-start=\"412\" data-end=\"446\">\n<p data-start=\"414\" data-end=\"446\">Ext\u00e9rieur : 502 x 256 x 570 mm<\/p>\n<\/li>\n<li data-start=\"412\" data-end=\"446\">Poids : 6,5 Kg<\/li>\n<li data-start=\"447\" data-end=\"481\">\n<p data-start=\"449\" data-end=\"481\">Int\u00e9rieur : 495 x 187 x 490 mm<\/p>\n<\/li>\n<li data-start=\"482\" data-end=\"500\">\n<p data-start=\"484\" data-end=\"500\">Capacit\u00e9 : 4 U<\/p>\n<\/li>\n<\/ul>\n","protected":false},"featured_media":52459,"comment_status":"open","ping_status":"closed","template":"","meta":{"_acf_changed":false},"product_cat":[762],"product_tag":[],"class_list":{"0":"post-52365","1":"product","2":"type-product","3":"status-publish","4":"has-post-thumbnail","6":"product_cat-rack-cases-fr","8":"first","9":"onbackorder","10":"shipping-taxable","11":"product-type-simple"},"acf":[],"yoast_head":"<!-- This site is optimized with the Yoast SEO plugin v27.0 - https:\/\/yoast.com\/product\/yoast-seo-wordpress\/ -->\n<title>Audibax FAB40 4U Rack Black Flightcase - Audibax<\/title>\n<meta name=\"robots\" content=\"index, follow, max-snippet:-1, max-image-preview:large, max-video-preview:-1\" \/>\n<link rel=\"canonical\" href=\"https:\/\/audibax.com\/fr\/produit\/audibax-fab40-4u-rack-case-black\/\" \/>\n<meta property=\"og:locale\" content=\"fr_FR\" \/>\n<meta property=\"og:type\" content=\"article\" \/>\n<meta property=\"og:title\" content=\"Audibax FAB40 4U Rack Black Flightcase - Audibax\" \/>\n<meta property=\"og:description\" content=\"Construction Robuste    Couvercles Protecteurs Extensibles    Serrures Haute S\u00e9curit\u00e9    Couvercles \u00e0 Ouverture Facile    Ext\u00e9rieur : 502 x 256 x 570 mm   Poids : 6,5 Kg   Int\u00e9rieur : 495 x 187 x 490 mm    Capacit\u00e9 : 4 U\" \/>\n<meta property=\"og:url\" content=\"https:\/\/audibax.com\/fr\/produit\/audibax-fab40-4u-rack-case-black\/\" \/>\n<meta property=\"og:site_name\" content=\"Audibax\" \/>\n<meta property=\"article:modified_time\" content=\"2025-11-27T20:08:33+00:00\" \/>\n<meta property=\"og:image\" content=\"https:\/\/audibax.com\/wp-content\/uploads\/2025\/10\/FAB40-4U-LADO-3-2-1024x725.png\" \/>\n\t<meta property=\"og:image:width\" content=\"1024\" \/>\n\t<meta property=\"og:image:height\" content=\"725\" \/>\n\t<meta property=\"og:image:type\" content=\"image\/png\" \/>\n<meta name=\"twitter:card\" content=\"summary_large_image\" \/>\n<meta name=\"twitter:label1\" content=\"Dur\u00e9e de lecture estim\u00e9e\" \/>\n\t<meta name=\"twitter:data1\" content=\"2 minutes\" \/>\n<script type=\"application\/ld+json\" class=\"yoast-schema-graph\">{\"@context\":\"https:\/\/schema.org\",\"@graph\":[{\"@type\":\"WebPage\",\"@id\":\"https:\/\/audibax.com\/fr\/produit\/audibax-fab40-4u-rack-case-black\/\",\"url\":\"https:\/\/audibax.com\/fr\/produit\/audibax-fab40-4u-rack-case-black\/\",\"name\":\"Audibax FAB40 4U Rack Black Flightcase - Audibax\",\"isPartOf\":{\"@id\":\"https:\/\/audibax.com\/fr\/#website\"},\"primaryImageOfPage\":{\"@id\":\"https:\/\/audibax.com\/fr\/produit\/audibax-fab40-4u-rack-case-black\/#primaryimage\"},\"image\":{\"@id\":\"https:\/\/audibax.com\/fr\/produit\/audibax-fab40-4u-rack-case-black\/#primaryimage\"},\"thumbnailUrl\":\"https:\/\/audibax.com\/wp-content\/uploads\/2025\/10\/FAB40-4U-LADO-3-2.png\",\"datePublished\":\"2025-10-06T12:46:29+00:00\",\"dateModified\":\"2025-11-27T20:08:33+00:00\",\"breadcrumb\":{\"@id\":\"https:\/\/audibax.com\/fr\/produit\/audibax-fab40-4u-rack-case-black\/#breadcrumb\"},\"inLanguage\":\"fr-FR\",\"potentialAction\":[{\"@type\":\"ReadAction\",\"target\":[\"https:\/\/audibax.com\/fr\/produit\/audibax-fab40-4u-rack-case-black\/\"]}]},{\"@type\":\"ImageObject\",\"inLanguage\":\"fr-FR\",\"@id\":\"https:\/\/audibax.com\/fr\/produit\/audibax-fab40-4u-rack-case-black\/#primaryimage\",\"url\":\"https:\/\/audibax.com\/wp-content\/uploads\/2025\/10\/FAB40-4U-LADO-3-2.png\",\"contentUrl\":\"https:\/\/audibax.com\/wp-content\/uploads\/2025\/10\/FAB40-4U-LADO-3-2.png\",\"width\":2500,\"height\":1769},{\"@type\":\"BreadcrumbList\",\"@id\":\"https:\/\/audibax.com\/fr\/produit\/audibax-fab40-4u-rack-case-black\/#breadcrumb\",\"itemListElement\":[{\"@type\":\"ListItem\",\"position\":1,\"name\":\"Portada\",\"item\":\"https:\/\/audibax.com\/fr\/\"},{\"@type\":\"ListItem\",\"position\":2,\"name\":\"Produits\",\"item\":\"https:\/\/audibax.com\/fr\/shop\/\"},{\"@type\":\"ListItem\",\"position\":3,\"name\":\"Audibax FAB40 4U Rack Black Flightcase\"}]},{\"@type\":\"WebSite\",\"@id\":\"https:\/\/audibax.com\/fr\/#website\",\"url\":\"https:\/\/audibax.com\/fr\/\",\"name\":\"Audibax\",\"description\":\"\",\"publisher\":{\"@id\":\"https:\/\/audibax.com\/fr\/#organization\"},\"potentialAction\":[{\"@type\":\"SearchAction\",\"target\":{\"@type\":\"EntryPoint\",\"urlTemplate\":\"https:\/\/audibax.com\/fr\/?s={search_term_string}\"},\"query-input\":{\"@type\":\"PropertyValueSpecification\",\"valueRequired\":true,\"valueName\":\"search_term_string\"}}],\"inLanguage\":\"fr-FR\"},{\"@type\":\"Organization\",\"@id\":\"https:\/\/audibax.com\/fr\/#organization\",\"name\":\"Audibax\",\"url\":\"https:\/\/audibax.com\/fr\/\",\"logo\":{\"@type\":\"ImageObject\",\"inLanguage\":\"fr-FR\",\"@id\":\"https:\/\/audibax.com\/fr\/#\/schema\/logo\/image\/\",\"url\":\"https:\/\/audibax.com\/wp-content\/uploads\/2023\/09\/logo-Audibax-BLANCO-SVG-1.svg\",\"contentUrl\":\"https:\/\/audibax.com\/wp-content\/uploads\/2023\/09\/logo-Audibax-BLANCO-SVG-1.svg\",\"caption\":\"Audibax\"},\"image\":{\"@id\":\"https:\/\/audibax.com\/fr\/#\/schema\/logo\/image\/\"}}]}<\/script>\n<!-- \/ Yoast SEO plugin. -->","yoast_head_json":{"title":"Audibax FAB40 4U Rack Black Flightcase - Audibax","robots":{"index":"index","follow":"follow","max-snippet":"max-snippet:-1","max-image-preview":"max-image-preview:large","max-video-preview":"max-video-preview:-1"},"canonical":"https:\/\/audibax.com\/fr\/produit\/audibax-fab40-4u-rack-case-black\/","og_locale":"fr_FR","og_type":"article","og_title":"Audibax FAB40 4U Rack Black Flightcase - Audibax","og_description":"Construction Robuste    Couvercles Protecteurs Extensibles    Serrures Haute S\u00e9curit\u00e9    Couvercles \u00e0 Ouverture Facile    Ext\u00e9rieur : 502 x 256 x 570 mm   Poids : 6,5 Kg   Int\u00e9rieur : 495 x 187 x 490 mm    Capacit\u00e9 : 4 U","og_url":"https:\/\/audibax.com\/fr\/produit\/audibax-fab40-4u-rack-case-black\/","og_site_name":"Audibax","article_modified_time":"2025-11-27T20:08:33+00:00","og_image":[{"width":1024,"height":725,"url":"https:\/\/audibax.com\/wp-content\/uploads\/2025\/10\/FAB40-4U-LADO-3-2-1024x725.png","type":"image\/png"}],"twitter_card":"summary_large_image","twitter_misc":{"Dur\u00e9e de lecture estim\u00e9e":"2 minutes"},"schema":{"@context":"https:\/\/schema.org","@graph":[{"@type":"WebPage","@id":"https:\/\/audibax.com\/fr\/produit\/audibax-fab40-4u-rack-case-black\/","url":"https:\/\/audibax.com\/fr\/produit\/audibax-fab40-4u-rack-case-black\/","name":"Audibax FAB40 4U Rack Black Flightcase - Audibax","isPartOf":{"@id":"https:\/\/audibax.com\/fr\/#website"},"primaryImageOfPage":{"@id":"https:\/\/audibax.com\/fr\/produit\/audibax-fab40-4u-rack-case-black\/#primaryimage"},"image":{"@id":"https:\/\/audibax.com\/fr\/produit\/audibax-fab40-4u-rack-case-black\/#primaryimage"},"thumbnailUrl":"https:\/\/audibax.com\/wp-content\/uploads\/2025\/10\/FAB40-4U-LADO-3-2.png","datePublished":"2025-10-06T12:46:29+00:00","dateModified":"2025-11-27T20:08:33+00:00","breadcrumb":{"@id":"https:\/\/audibax.com\/fr\/produit\/audibax-fab40-4u-rack-case-black\/#breadcrumb"},"inLanguage":"fr-FR","potentialAction":[{"@type":"ReadAction","target":["https:\/\/audibax.com\/fr\/produit\/audibax-fab40-4u-rack-case-black\/"]}]},{"@type":"ImageObject","inLanguage":"fr-FR","@id":"https:\/\/audibax.com\/fr\/produit\/audibax-fab40-4u-rack-case-black\/#primaryimage","url":"https:\/\/audibax.com\/wp-content\/uploads\/2025\/10\/FAB40-4U-LADO-3-2.png","contentUrl":"https:\/\/audibax.com\/wp-content\/uploads\/2025\/10\/FAB40-4U-LADO-3-2.png","width":2500,"height":1769},{"@type":"BreadcrumbList","@id":"https:\/\/audibax.com\/fr\/produit\/audibax-fab40-4u-rack-case-black\/#breadcrumb","itemListElement":[{"@type":"ListItem","position":1,"name":"Portada","item":"https:\/\/audibax.com\/fr\/"},{"@type":"ListItem","position":2,"name":"Produits","item":"https:\/\/audibax.com\/fr\/shop\/"},{"@type":"ListItem","position":3,"name":"Audibax FAB40 4U Rack Black Flightcase"}]},{"@type":"WebSite","@id":"https:\/\/audibax.com\/fr\/#website","url":"https:\/\/audibax.com\/fr\/","name":"Audibax","description":"","publisher":{"@id":"https:\/\/audibax.com\/fr\/#organization"},"potentialAction":[{"@type":"SearchAction","target":{"@type":"EntryPoint","urlTemplate":"https:\/\/audibax.com\/fr\/?s={search_term_string}"},"query-input":{"@type":"PropertyValueSpecification","valueRequired":true,"valueName":"search_term_string"}}],"inLanguage":"fr-FR"},{"@type":"Organization","@id":"https:\/\/audibax.com\/fr\/#organization","name":"Audibax","url":"https:\/\/audibax.com\/fr\/","logo":{"@type":"ImageObject","inLanguage":"fr-FR","@id":"https:\/\/audibax.com\/fr\/#\/schema\/logo\/image\/","url":"https:\/\/audibax.com\/wp-content\/uploads\/2023\/09\/logo-Audibax-BLANCO-SVG-1.svg","contentUrl":"https:\/\/audibax.com\/wp-content\/uploads\/2023\/09\/logo-Audibax-BLANCO-SVG-1.svg","caption":"Audibax"},"image":{"@id":"https:\/\/audibax.com\/fr\/#\/schema\/logo\/image\/"}}]}},"_links":{"self":[{"href":"https:\/\/audibax.com\/fr\/wp-json\/wp\/v2\/product\/52365","targetHints":{"allow":["GET"]}}],"collection":[{"href":"https:\/\/audibax.com\/fr\/wp-json\/wp\/v2\/product"}],"about":[{"href":"https:\/\/audibax.com\/fr\/wp-json\/wp\/v2\/types\/product"}],"replies":[{"embeddable":true,"href":"https:\/\/audibax.com\/fr\/wp-json\/wp\/v2\/comments?post=52365"}],"wp:featuredmedia":[{"embeddable":true,"href":"https:\/\/audibax.com\/fr\/wp-json\/wp\/v2\/media\/52459"}],"wp:attachment":[{"href":"https:\/\/audibax.com\/fr\/wp-json\/wp\/v2\/media?parent=52365"}],"wp:term":[{"taxonomy":"product_cat","embeddable":true,"href":"https:\/\/audibax.com\/fr\/wp-json\/wp\/v2\/product_cat?post=52365"},{"taxonomy":"product_tag","embeddable":true,"href":"https:\/\/audibax.com\/fr\/wp-json\/wp\/v2\/product_tag?post=52365"}],"curies":[{"name":"wp","href":"https:\/\/api.w.org\/{rel}","templated":true}]}}