{"id":52217,"date":"2025-10-06T13:19:32","date_gmt":"2025-10-06T11:19:32","guid":{"rendered":"https:\/\/audibax.com\/?post_type=product&#038;p=52217"},"modified":"2025-12-11T12:30:40","modified_gmt":"2025-12-11T11:30:40","slug":"audibax-fab40-2u-rack-case","status":"publish","type":"product","link":"https:\/\/audibax.com\/fr\/produit\/audibax-fab40-2u-rack-case\/","title":{"rendered":"FAB40-2U"},"content":{"rendered":"<p data-start=\"79\" data-end=\"408\">Le Rack Case Audibax FAB40-2U allie protection, fonctionnalit\u00e9 et transport s\u00e9curis\u00e9 pour vos \u00e9quipements professionnels gr\u00e2ce \u00e0 un design compact et robuste.<br data-start=\"237\" data-end=\"240\" \/>Ce rack est id\u00e9al pour les musiciens, les techniciens du son et tous les professionnels qui ont besoin de transporter leur mat\u00e9riel en toute s\u00e9curit\u00e9 et avec confort.<\/p>\n<p data-start=\"410\" data-end=\"446\"><strong data-start=\"410\" data-end=\"444\">Caract\u00e9ristiques principales :<\/strong><\/p>\n<ul>\n<li data-start=\"450\" data-end=\"595\"><strong data-start=\"450\" data-end=\"476\">Construction robuste :<\/strong> Fabriqu\u00e9 en PE avec des coins renforc\u00e9s et un carton renforc\u00e9, il assure durabilit\u00e9 et protection contre les chocs.<\/li>\n<li data-start=\"598\" data-end=\"775\"><strong data-start=\"598\" data-end=\"638\">Couvercles protecteurs extensibles :<\/strong> \u00c9quip\u00e9 de filets de rangement sur deux couvercles et de panneaux lat\u00e9raux amovibles pour garder vos \u00e9quipements s\u00e9curis\u00e9s et ventil\u00e9s.<\/li>\n<li data-start=\"778\" data-end=\"909\"><strong data-start=\"778\" data-end=\"806\">Verrous haute s\u00e9curit\u00e9 :<\/strong> 2 verrous papillon sur chaque couvercle emp\u00eachent toute ouverture accidentelle pendant le transport.<\/li>\n<li data-start=\"912\" data-end=\"1014\"><strong data-start=\"912\" data-end=\"934\">Poign\u00e9es doubles :<\/strong> Facilitent le levage et le transport de charges lourdes avec plus de confort.<\/li>\n<li data-start=\"1017\" data-end=\"1112\"><strong data-start=\"1017\" data-end=\"1052\">Couvercles \u00e0 ouverture facile :<\/strong> Permettent un acc\u00e8s rapide au mat\u00e9riel sans complication.<\/li>\n<li data-start=\"1115\" data-end=\"1274\"><strong data-start=\"1115\" data-end=\"1144\">Compatibilit\u00e9 modulaire :<\/strong> Parfait pour les syst\u00e8mes audio professionnels, y compris les mixeurs et amplificateurs, avec une int\u00e9gration modulaire simple.<\/li>\n<li data-start=\"1277\" data-end=\"1470\"><strong data-start=\"1277\" data-end=\"1308\">Protection suppl\u00e9mentaire :<\/strong> Prot\u00e8ge votre mat\u00e9riel contre les chocs et vibrations extr\u00eames ; assurez-vous que tous les couvercles et verrous sont bien s\u00e9curis\u00e9s avant de d\u00e9placer le rack.<\/li>\n<\/ul>\n<p data-start=\"1472\" data-end=\"1490\"><strong data-start=\"1472\" data-end=\"1488\">Dimensions :<\/strong><\/p>\n<ul>\n<li data-start=\"1494\" data-end=\"1532\"><strong data-start=\"1494\" data-end=\"1511\">Ext\u00e9rieures :<\/strong> 502 x 165 x 570 mm<\/li>\n<li data-start=\"1535\" data-end=\"1572\"><strong data-start=\"1535\" data-end=\"1552\">Int\u00e9rieures :<\/strong> 495 x 98 x 490 mm<\/li>\n<li data-start=\"1575\" data-end=\"1594\"><strong data-start=\"1575\" data-end=\"1589\">Capacit\u00e9 :<\/strong> 2U<\/li>\n<li data-start=\"1575\" data-end=\"1594\"><strong>Poids<\/strong> : 4,5 kg<\/li>\n<\/ul>\n<p data-start=\"1596\" data-end=\"1978\">Le Rack Audibax FAB40-2U n\u2019est pas seulement un rack ; c\u2019est un investissement dans la s\u00e9curit\u00e9 et la fonctionnalit\u00e9 de votre \u00e9quipement professionnel. Id\u00e9al pour les tourn\u00e9es, studios et prestations live, il garantit que vos instruments et \u00e9quipements audio arrivent toujours en parfait \u00e9tat. Faites confiance \u00e0 Audibax pour prot\u00e9ger votre mat\u00e9riel et le garder pr\u00eat \u00e0 l\u2019action !<\/p>\n","protected":false},"excerpt":{"rendered":"<ul>\n<li data-start=\"289\" data-end=\"313\">\n<p data-start=\"291\" data-end=\"313\">Construction Robuste<\/p>\n<\/li>\n<li data-start=\"314\" data-end=\"352\">\n<p data-start=\"316\" data-end=\"352\">Couvercles Protecteurs Extensibles<\/p>\n<\/li>\n<li data-start=\"353\" data-end=\"380\">\n<p data-start=\"355\" data-end=\"380\">Serrures Haute S\u00e9curit\u00e9<\/p>\n<\/li>\n<li data-start=\"381\" data-end=\"414\">\n<p data-start=\"383\" data-end=\"414\">Couvercles \u00e0 Ouverture Facile<\/p>\n<\/li>\n<li data-start=\"415\" data-end=\"449\">\n<p data-start=\"417\" data-end=\"449\">Ext\u00e9rieur : 502 x 165 x 570 mm<\/p>\n<\/li>\n<li data-start=\"450\" data-end=\"483\">\n<p data-start=\"452\" data-end=\"483\">Int\u00e9rieur : 495 x 98 x 490 mm<\/p>\n<\/li>\n<li data-start=\"484\" data-end=\"507\">\n<p data-start=\"486\" data-end=\"507\">Capacit\u00e9 : 2 Unit\u00e9s<\/p>\n<\/li>\n<li data-start=\"508\" data-end=\"524\" data-is-last-node=\"\">\n<p data-start=\"510\" data-end=\"524\" data-is-last-node=\"\">Poids : 4,5 Kg<\/p>\n<\/li>\n<li data-start=\"450\" data-end=\"595\"><\/li>\n<\/ul>\n","protected":false},"featured_media":52245,"comment_status":"open","ping_status":"closed","template":"","meta":{"_acf_changed":false},"product_cat":[762],"product_tag":[],"class_list":{"0":"post-52217","1":"product","2":"type-product","3":"status-publish","4":"has-post-thumbnail","6":"product_cat-rack-cases-fr","8":"first","9":"onbackorder","10":"shipping-taxable","11":"product-type-simple"},"acf":[],"yoast_head":"<!-- This site is optimized with the Yoast SEO plugin v27.0 - https:\/\/yoast.com\/product\/yoast-seo-wordpress\/ -->\n<title>FAB40-2U - Audibax<\/title>\n<meta name=\"robots\" content=\"index, follow, max-snippet:-1, max-image-preview:large, max-video-preview:-1\" \/>\n<link rel=\"canonical\" href=\"https:\/\/audibax.com\/fr\/produit\/audibax-fab40-2u-rack-case\/\" \/>\n<meta property=\"og:locale\" content=\"fr_FR\" \/>\n<meta property=\"og:type\" content=\"article\" \/>\n<meta property=\"og:title\" content=\"FAB40-2U - Audibax\" \/>\n<meta property=\"og:description\" content=\"Construction Robuste    Couvercles Protecteurs Extensibles    Serrures Haute S\u00e9curit\u00e9    Couvercles \u00e0 Ouverture Facile    Ext\u00e9rieur : 502 x 165 x 570 mm    Int\u00e9rieur : 495 x 98 x 490 mm    Capacit\u00e9 : 2 Unit\u00e9s    Poids : 4,5 Kg\" \/>\n<meta property=\"og:url\" content=\"https:\/\/audibax.com\/fr\/produit\/audibax-fab40-2u-rack-case\/\" \/>\n<meta property=\"og:site_name\" content=\"Audibax\" \/>\n<meta property=\"article:modified_time\" content=\"2025-12-11T11:30:40+00:00\" \/>\n<meta property=\"og:image\" content=\"https:\/\/audibax.com\/wp-content\/uploads\/2025\/10\/FAB40-2U-COMPRAR-1-2-1024x725.png\" \/>\n\t<meta property=\"og:image:width\" content=\"1024\" \/>\n\t<meta property=\"og:image:height\" content=\"725\" \/>\n\t<meta property=\"og:image:type\" content=\"image\/png\" \/>\n<meta name=\"twitter:card\" content=\"summary_large_image\" \/>\n<meta name=\"twitter:label1\" content=\"Dur\u00e9e de lecture estim\u00e9e\" \/>\n\t<meta name=\"twitter:data1\" content=\"2 minutes\" \/>\n<script type=\"application\/ld+json\" class=\"yoast-schema-graph\">{\"@context\":\"https:\/\/schema.org\",\"@graph\":[{\"@type\":\"WebPage\",\"@id\":\"https:\/\/audibax.com\/fr\/produit\/audibax-fab40-2u-rack-case\/\",\"url\":\"https:\/\/audibax.com\/fr\/produit\/audibax-fab40-2u-rack-case\/\",\"name\":\"FAB40-2U - Audibax\",\"isPartOf\":{\"@id\":\"https:\/\/audibax.com\/fr\/#website\"},\"primaryImageOfPage\":{\"@id\":\"https:\/\/audibax.com\/fr\/produit\/audibax-fab40-2u-rack-case\/#primaryimage\"},\"image\":{\"@id\":\"https:\/\/audibax.com\/fr\/produit\/audibax-fab40-2u-rack-case\/#primaryimage\"},\"thumbnailUrl\":\"https:\/\/audibax.com\/wp-content\/uploads\/2025\/10\/FAB40-2U-COMPRAR-1-2.png\",\"datePublished\":\"2025-10-06T11:19:32+00:00\",\"dateModified\":\"2025-12-11T11:30:40+00:00\",\"breadcrumb\":{\"@id\":\"https:\/\/audibax.com\/fr\/produit\/audibax-fab40-2u-rack-case\/#breadcrumb\"},\"inLanguage\":\"fr-FR\",\"potentialAction\":[{\"@type\":\"ReadAction\",\"target\":[\"https:\/\/audibax.com\/fr\/produit\/audibax-fab40-2u-rack-case\/\"]}]},{\"@type\":\"ImageObject\",\"inLanguage\":\"fr-FR\",\"@id\":\"https:\/\/audibax.com\/fr\/produit\/audibax-fab40-2u-rack-case\/#primaryimage\",\"url\":\"https:\/\/audibax.com\/wp-content\/uploads\/2025\/10\/FAB40-2U-COMPRAR-1-2.png\",\"contentUrl\":\"https:\/\/audibax.com\/wp-content\/uploads\/2025\/10\/FAB40-2U-COMPRAR-1-2.png\",\"width\":2500,\"height\":1769},{\"@type\":\"BreadcrumbList\",\"@id\":\"https:\/\/audibax.com\/fr\/produit\/audibax-fab40-2u-rack-case\/#breadcrumb\",\"itemListElement\":[{\"@type\":\"ListItem\",\"position\":1,\"name\":\"Portada\",\"item\":\"https:\/\/audibax.com\/fr\/\"},{\"@type\":\"ListItem\",\"position\":2,\"name\":\"Produits\",\"item\":\"https:\/\/audibax.com\/fr\/shop\/\"},{\"@type\":\"ListItem\",\"position\":3,\"name\":\"FAB40-2U\"}]},{\"@type\":\"WebSite\",\"@id\":\"https:\/\/audibax.com\/fr\/#website\",\"url\":\"https:\/\/audibax.com\/fr\/\",\"name\":\"Audibax\",\"description\":\"\",\"publisher\":{\"@id\":\"https:\/\/audibax.com\/fr\/#organization\"},\"potentialAction\":[{\"@type\":\"SearchAction\",\"target\":{\"@type\":\"EntryPoint\",\"urlTemplate\":\"https:\/\/audibax.com\/fr\/?s={search_term_string}\"},\"query-input\":{\"@type\":\"PropertyValueSpecification\",\"valueRequired\":true,\"valueName\":\"search_term_string\"}}],\"inLanguage\":\"fr-FR\"},{\"@type\":\"Organization\",\"@id\":\"https:\/\/audibax.com\/fr\/#organization\",\"name\":\"Audibax\",\"url\":\"https:\/\/audibax.com\/fr\/\",\"logo\":{\"@type\":\"ImageObject\",\"inLanguage\":\"fr-FR\",\"@id\":\"https:\/\/audibax.com\/fr\/#\/schema\/logo\/image\/\",\"url\":\"https:\/\/audibax.com\/wp-content\/uploads\/2023\/09\/logo-Audibax-BLANCO-SVG-1.svg\",\"contentUrl\":\"https:\/\/audibax.com\/wp-content\/uploads\/2023\/09\/logo-Audibax-BLANCO-SVG-1.svg\",\"caption\":\"Audibax\"},\"image\":{\"@id\":\"https:\/\/audibax.com\/fr\/#\/schema\/logo\/image\/\"}}]}<\/script>\n<!-- \/ Yoast SEO plugin. -->","yoast_head_json":{"title":"FAB40-2U - Audibax","robots":{"index":"index","follow":"follow","max-snippet":"max-snippet:-1","max-image-preview":"max-image-preview:large","max-video-preview":"max-video-preview:-1"},"canonical":"https:\/\/audibax.com\/fr\/produit\/audibax-fab40-2u-rack-case\/","og_locale":"fr_FR","og_type":"article","og_title":"FAB40-2U - Audibax","og_description":"Construction Robuste    Couvercles Protecteurs Extensibles    Serrures Haute S\u00e9curit\u00e9    Couvercles \u00e0 Ouverture Facile    Ext\u00e9rieur : 502 x 165 x 570 mm    Int\u00e9rieur : 495 x 98 x 490 mm    Capacit\u00e9 : 2 Unit\u00e9s    Poids : 4,5 Kg","og_url":"https:\/\/audibax.com\/fr\/produit\/audibax-fab40-2u-rack-case\/","og_site_name":"Audibax","article_modified_time":"2025-12-11T11:30:40+00:00","og_image":[{"width":1024,"height":725,"url":"https:\/\/audibax.com\/wp-content\/uploads\/2025\/10\/FAB40-2U-COMPRAR-1-2-1024x725.png","type":"image\/png"}],"twitter_card":"summary_large_image","twitter_misc":{"Dur\u00e9e de lecture estim\u00e9e":"2 minutes"},"schema":{"@context":"https:\/\/schema.org","@graph":[{"@type":"WebPage","@id":"https:\/\/audibax.com\/fr\/produit\/audibax-fab40-2u-rack-case\/","url":"https:\/\/audibax.com\/fr\/produit\/audibax-fab40-2u-rack-case\/","name":"FAB40-2U - Audibax","isPartOf":{"@id":"https:\/\/audibax.com\/fr\/#website"},"primaryImageOfPage":{"@id":"https:\/\/audibax.com\/fr\/produit\/audibax-fab40-2u-rack-case\/#primaryimage"},"image":{"@id":"https:\/\/audibax.com\/fr\/produit\/audibax-fab40-2u-rack-case\/#primaryimage"},"thumbnailUrl":"https:\/\/audibax.com\/wp-content\/uploads\/2025\/10\/FAB40-2U-COMPRAR-1-2.png","datePublished":"2025-10-06T11:19:32+00:00","dateModified":"2025-12-11T11:30:40+00:00","breadcrumb":{"@id":"https:\/\/audibax.com\/fr\/produit\/audibax-fab40-2u-rack-case\/#breadcrumb"},"inLanguage":"fr-FR","potentialAction":[{"@type":"ReadAction","target":["https:\/\/audibax.com\/fr\/produit\/audibax-fab40-2u-rack-case\/"]}]},{"@type":"ImageObject","inLanguage":"fr-FR","@id":"https:\/\/audibax.com\/fr\/produit\/audibax-fab40-2u-rack-case\/#primaryimage","url":"https:\/\/audibax.com\/wp-content\/uploads\/2025\/10\/FAB40-2U-COMPRAR-1-2.png","contentUrl":"https:\/\/audibax.com\/wp-content\/uploads\/2025\/10\/FAB40-2U-COMPRAR-1-2.png","width":2500,"height":1769},{"@type":"BreadcrumbList","@id":"https:\/\/audibax.com\/fr\/produit\/audibax-fab40-2u-rack-case\/#breadcrumb","itemListElement":[{"@type":"ListItem","position":1,"name":"Portada","item":"https:\/\/audibax.com\/fr\/"},{"@type":"ListItem","position":2,"name":"Produits","item":"https:\/\/audibax.com\/fr\/shop\/"},{"@type":"ListItem","position":3,"name":"FAB40-2U"}]},{"@type":"WebSite","@id":"https:\/\/audibax.com\/fr\/#website","url":"https:\/\/audibax.com\/fr\/","name":"Audibax","description":"","publisher":{"@id":"https:\/\/audibax.com\/fr\/#organization"},"potentialAction":[{"@type":"SearchAction","target":{"@type":"EntryPoint","urlTemplate":"https:\/\/audibax.com\/fr\/?s={search_term_string}"},"query-input":{"@type":"PropertyValueSpecification","valueRequired":true,"valueName":"search_term_string"}}],"inLanguage":"fr-FR"},{"@type":"Organization","@id":"https:\/\/audibax.com\/fr\/#organization","name":"Audibax","url":"https:\/\/audibax.com\/fr\/","logo":{"@type":"ImageObject","inLanguage":"fr-FR","@id":"https:\/\/audibax.com\/fr\/#\/schema\/logo\/image\/","url":"https:\/\/audibax.com\/wp-content\/uploads\/2023\/09\/logo-Audibax-BLANCO-SVG-1.svg","contentUrl":"https:\/\/audibax.com\/wp-content\/uploads\/2023\/09\/logo-Audibax-BLANCO-SVG-1.svg","caption":"Audibax"},"image":{"@id":"https:\/\/audibax.com\/fr\/#\/schema\/logo\/image\/"}}]}},"_links":{"self":[{"href":"https:\/\/audibax.com\/fr\/wp-json\/wp\/v2\/product\/52217","targetHints":{"allow":["GET"]}}],"collection":[{"href":"https:\/\/audibax.com\/fr\/wp-json\/wp\/v2\/product"}],"about":[{"href":"https:\/\/audibax.com\/fr\/wp-json\/wp\/v2\/types\/product"}],"replies":[{"embeddable":true,"href":"https:\/\/audibax.com\/fr\/wp-json\/wp\/v2\/comments?post=52217"}],"wp:featuredmedia":[{"embeddable":true,"href":"https:\/\/audibax.com\/fr\/wp-json\/wp\/v2\/media\/52245"}],"wp:attachment":[{"href":"https:\/\/audibax.com\/fr\/wp-json\/wp\/v2\/media?parent=52217"}],"wp:term":[{"taxonomy":"product_cat","embeddable":true,"href":"https:\/\/audibax.com\/fr\/wp-json\/wp\/v2\/product_cat?post=52217"},{"taxonomy":"product_tag","embeddable":true,"href":"https:\/\/audibax.com\/fr\/wp-json\/wp\/v2\/product_tag?post=52217"}],"curies":[{"name":"wp","href":"https:\/\/api.w.org\/{rel}","templated":true}]}}