{"id":51663,"date":"2025-10-06T10:33:27","date_gmt":"2025-10-06T08:33:27","guid":{"rendered":"https:\/\/audibax.com\/?post_type=product&#038;p=51663"},"modified":"2025-12-11T12:33:17","modified_gmt":"2025-12-11T11:33:17","slug":"audibax-fa51-4u-rack-case","status":"publish","type":"product","link":"https:\/\/audibax.com\/fr\/produit\/audibax-fa51-4u-rack-case\/","title":{"rendered":"FA51-4U"},"content":{"rendered":"<p data-start=\"127\" data-end=\"463\">Le <strong data-start=\"130\" data-end=\"154\">Case Audibax FA51-4U<\/strong> red\u00e9finit la protection des \u00e9quipements professionnels gr\u00e2ce \u00e0 son design robuste et \u00e0 ses caract\u00e9ristiques avanc\u00e9es. Cette mallette est parfaite pour les musiciens, les techniciens du son et tous les professionnels ayant besoin de transporter leur mat\u00e9riel en toute s\u00e9curit\u00e9 et avec un maximum de confort.<\/p>\n<p data-start=\"465\" data-end=\"501\"><strong data-start=\"465\" data-end=\"499\">Caract\u00e9ristiques principales :<\/strong><\/p>\n<ul>\n<li data-start=\"503\" data-end=\"697\"><strong data-start=\"503\" data-end=\"532\">Construction r\u00e9sistante :<\/strong> Fabriqu\u00e9 en plastique PE de haute qualit\u00e9, il offre une durabilit\u00e9 exceptionnelle pour prot\u00e9ger vos \u00e9quipements contre les chocs, les chutes et l\u2019usage intensif.<\/li>\n<li data-start=\"699\" data-end=\"867\"><strong data-start=\"699\" data-end=\"730\">Verrous de haute s\u00e9curit\u00e9 :<\/strong> \u00c9quip\u00e9 de 2 fermetures \u201cpapillon\u201d sur chaque couvercle, emp\u00eachant toute ouverture accidentelle et garantissant la s\u00e9curit\u00e9 du contenu.<\/li>\n<li data-start=\"869\" data-end=\"982\"><strong data-start=\"869\" data-end=\"890\">C\u00f4t\u00e9s amovibles :<\/strong> Permettent un acc\u00e8s rapide et flexible \u00e0 vos \u00e9quipements sans compromettre la protection.<\/li>\n<li data-start=\"984\" data-end=\"1132\"><strong data-start=\"984\" data-end=\"1018\">Couvercle \u00e0 ouverture facile :<\/strong> Son syst\u00e8me d\u2019ouverture simple facilite le chargement et le d\u00e9chargement du mat\u00e9riel de mani\u00e8re rapide et s\u00fbre.<\/li>\n<li data-start=\"1134\" data-end=\"1263\"><strong data-start=\"1134\" data-end=\"1177\">Poign\u00e9es doubles pour charges lourdes :<\/strong> Con\u00e7ues de mani\u00e8re ergonomique pour offrir confort et r\u00e9sistance lors du transport.<\/li>\n<li data-start=\"1265\" data-end=\"1377\"><strong data-start=\"1265\" data-end=\"1286\">Coins renforc\u00e9s :<\/strong> Assurent un empilement stable et prot\u00e8gent la mallette contre les impacts sur les bords.<\/li>\n<li data-start=\"1379\" data-end=\"1483\"><strong data-start=\"1379\" data-end=\"1405\">Inclut un jeu de vis :<\/strong> Id\u00e9al pour l\u2019installation et la fixation s\u00e9curis\u00e9e de l\u2019\u00e9quipement en rack.<\/li>\n<\/ul>\n<p data-start=\"1485\" data-end=\"1503\"><strong data-start=\"1485\" data-end=\"1501\">Dimensions :<\/strong><\/p>\n<ul>\n<li data-start=\"1506\" data-end=\"1540\"><strong>Ext\u00e9rieures<\/strong> : 560 x 230 x 502 mm<\/li>\n<li data-start=\"1543\" data-end=\"1577\"><strong>Int\u00e9rieures<\/strong> : 540 x 182 x 455 mm<\/li>\n<li data-start=\"1580\" data-end=\"1616\"><strong>Profondeur d\u2019installation<\/strong> : 420 mm<\/li>\n<li data-start=\"1619\" data-end=\"1652\"><strong>Profondeur du couvercle<\/strong> : 70 mm<\/li>\n<li data-start=\"1655\" data-end=\"1670\"><strong>Capacit\u00e9<\/strong> : 4U<\/li>\n<li data-start=\"1673\" data-end=\"1689\"><strong>Poids<\/strong> : 5,3 kg<\/li>\n<\/ul>\n<p data-start=\"1691\" data-end=\"2183\">Le <strong data-start=\"1694\" data-end=\"1718\">Case Audibax FA51-4U<\/strong> n\u2019est pas seulement une mallette ; c\u2019est un v\u00e9ritable investissement dans la s\u00e9curit\u00e9 et la durabilit\u00e9 de vos \u00e9quipements professionnels. Parfait pour les mixeurs, amplificateurs et syst\u00e8mes audio modulaires, il garantit que votre mat\u00e9riel arrive \u00e0 destination en parfait \u00e9tat. De plus, il prot\u00e8ge contre les chocs extr\u00eames et les vibrations pendant le transport. Faites confiance \u00e0 <strong data-start=\"2102\" data-end=\"2113\">Audibax<\/strong> pour garder vos \u00e9quipements prot\u00e9g\u00e9s et toujours pr\u00eats \u00e0 l\u2019action !<\/p>\n","protected":false},"excerpt":{"rendered":"<p>\u2981 <strong data-start=\"1997\" data-end=\"2021\">Construction robuste<\/strong><br data-start=\"2021\" data-end=\"2024\" \/>\u2981 <strong data-start=\"2026\" data-end=\"2067\">Fermetures de s\u00e9curit\u00e9 type butterfly<\/strong><br data-start=\"2067\" data-end=\"2070\" \/>\u2981 <strong data-start=\"2072\" data-end=\"2105\">Couvercles \u00e0 ouverture facile<\/strong><br data-start=\"2105\" data-end=\"2108\" \/>\u2981 <strong data-start=\"2110\" data-end=\"2158\">Ergonomie optimis\u00e9e pour les charges lourdes<\/strong><br data-start=\"2158\" data-end=\"2161\" \/>\u2981 <strong data-start=\"2163\" data-end=\"2191\">Dimensions ext\u00e9rieures :<\/strong> 560 x 142 x 502 mm<br data-start=\"2210\" data-end=\"2213\" \/>\u2981 <strong data-start=\"2215\" data-end=\"2243\">Dimensions int\u00e9rieures :<\/strong> 540 x 94 x 455 mm<br data-start=\"2261\" data-end=\"2264\" data-is-only-node=\"\" \/>\u2981 <strong data-start=\"2266\" data-end=\"2280\">Capacit\u00e9 :<\/strong> 2 U<br data-start=\"2284\" data-end=\"2287\" \/>\u2981 <strong data-start=\"2289\" data-end=\"2300\">Poids :<\/strong> 4,3 kg<\/p>\n","protected":false},"featured_media":51730,"comment_status":"open","ping_status":"closed","template":"","meta":{"_acf_changed":false},"product_cat":[762],"product_tag":[],"class_list":{"0":"post-51663","1":"product","2":"type-product","3":"status-publish","4":"has-post-thumbnail","6":"product_cat-rack-cases-fr","8":"first","9":"onbackorder","10":"shipping-taxable","11":"product-type-simple"},"acf":[],"yoast_head":"<!-- This site is optimized with the Yoast SEO plugin v27.0 - https:\/\/yoast.com\/product\/yoast-seo-wordpress\/ -->\n<title>FA51-4U - Audibax<\/title>\n<meta name=\"robots\" content=\"index, follow, max-snippet:-1, max-image-preview:large, max-video-preview:-1\" \/>\n<link rel=\"canonical\" href=\"https:\/\/audibax.com\/fr\/produit\/audibax-fa51-4u-rack-case\/\" \/>\n<meta property=\"og:locale\" content=\"fr_FR\" \/>\n<meta property=\"og:type\" content=\"article\" \/>\n<meta property=\"og:title\" content=\"FA51-4U - Audibax\" \/>\n<meta property=\"og:description\" content=\"\u2981 Construction robuste\u2981 Fermetures de s\u00e9curit\u00e9 type butterfly\u2981 Couvercles \u00e0 ouverture facile\u2981 Ergonomie optimis\u00e9e pour les charges lourdes\u2981 Dimensions ext\u00e9rieures : 560 x 142 x 502 mm\u2981 Dimensions int\u00e9rieures : 540 x 94 x 455 mm\u2981 Capacit\u00e9 : 2 U\u2981 Poids : 4,3 kg\" \/>\n<meta property=\"og:url\" content=\"https:\/\/audibax.com\/fr\/produit\/audibax-fa51-4u-rack-case\/\" \/>\n<meta property=\"og:site_name\" content=\"Audibax\" \/>\n<meta property=\"article:modified_time\" content=\"2025-12-11T11:33:17+00:00\" \/>\n<meta property=\"og:image\" content=\"https:\/\/audibax.com\/wp-content\/uploads\/2025\/10\/FA51-4U-COMPRAR-1-2-1024x725.png\" \/>\n\t<meta property=\"og:image:width\" content=\"1024\" \/>\n\t<meta property=\"og:image:height\" content=\"725\" \/>\n\t<meta property=\"og:image:type\" content=\"image\/png\" \/>\n<meta name=\"twitter:card\" content=\"summary_large_image\" \/>\n<meta name=\"twitter:label1\" content=\"Dur\u00e9e de lecture estim\u00e9e\" \/>\n\t<meta name=\"twitter:data1\" content=\"2 minutes\" \/>\n<script type=\"application\/ld+json\" class=\"yoast-schema-graph\">{\"@context\":\"https:\/\/schema.org\",\"@graph\":[{\"@type\":\"WebPage\",\"@id\":\"https:\/\/audibax.com\/fr\/produit\/audibax-fa51-4u-rack-case\/\",\"url\":\"https:\/\/audibax.com\/fr\/produit\/audibax-fa51-4u-rack-case\/\",\"name\":\"FA51-4U - Audibax\",\"isPartOf\":{\"@id\":\"https:\/\/audibax.com\/fr\/#website\"},\"primaryImageOfPage\":{\"@id\":\"https:\/\/audibax.com\/fr\/produit\/audibax-fa51-4u-rack-case\/#primaryimage\"},\"image\":{\"@id\":\"https:\/\/audibax.com\/fr\/produit\/audibax-fa51-4u-rack-case\/#primaryimage\"},\"thumbnailUrl\":\"https:\/\/audibax.com\/wp-content\/uploads\/2025\/10\/FA51-4U-COMPRAR-1-2.png\",\"datePublished\":\"2025-10-06T08:33:27+00:00\",\"dateModified\":\"2025-12-11T11:33:17+00:00\",\"breadcrumb\":{\"@id\":\"https:\/\/audibax.com\/fr\/produit\/audibax-fa51-4u-rack-case\/#breadcrumb\"},\"inLanguage\":\"fr-FR\",\"potentialAction\":[{\"@type\":\"ReadAction\",\"target\":[\"https:\/\/audibax.com\/fr\/produit\/audibax-fa51-4u-rack-case\/\"]}]},{\"@type\":\"ImageObject\",\"inLanguage\":\"fr-FR\",\"@id\":\"https:\/\/audibax.com\/fr\/produit\/audibax-fa51-4u-rack-case\/#primaryimage\",\"url\":\"https:\/\/audibax.com\/wp-content\/uploads\/2025\/10\/FA51-4U-COMPRAR-1-2.png\",\"contentUrl\":\"https:\/\/audibax.com\/wp-content\/uploads\/2025\/10\/FA51-4U-COMPRAR-1-2.png\",\"width\":2500,\"height\":1769},{\"@type\":\"BreadcrumbList\",\"@id\":\"https:\/\/audibax.com\/fr\/produit\/audibax-fa51-4u-rack-case\/#breadcrumb\",\"itemListElement\":[{\"@type\":\"ListItem\",\"position\":1,\"name\":\"Portada\",\"item\":\"https:\/\/audibax.com\/fr\/\"},{\"@type\":\"ListItem\",\"position\":2,\"name\":\"Produits\",\"item\":\"https:\/\/audibax.com\/fr\/shop\/\"},{\"@type\":\"ListItem\",\"position\":3,\"name\":\"FA51-4U\"}]},{\"@type\":\"WebSite\",\"@id\":\"https:\/\/audibax.com\/fr\/#website\",\"url\":\"https:\/\/audibax.com\/fr\/\",\"name\":\"Audibax\",\"description\":\"\",\"publisher\":{\"@id\":\"https:\/\/audibax.com\/fr\/#organization\"},\"potentialAction\":[{\"@type\":\"SearchAction\",\"target\":{\"@type\":\"EntryPoint\",\"urlTemplate\":\"https:\/\/audibax.com\/fr\/?s={search_term_string}\"},\"query-input\":{\"@type\":\"PropertyValueSpecification\",\"valueRequired\":true,\"valueName\":\"search_term_string\"}}],\"inLanguage\":\"fr-FR\"},{\"@type\":\"Organization\",\"@id\":\"https:\/\/audibax.com\/fr\/#organization\",\"name\":\"Audibax\",\"url\":\"https:\/\/audibax.com\/fr\/\",\"logo\":{\"@type\":\"ImageObject\",\"inLanguage\":\"fr-FR\",\"@id\":\"https:\/\/audibax.com\/fr\/#\/schema\/logo\/image\/\",\"url\":\"https:\/\/audibax.com\/wp-content\/uploads\/2023\/09\/logo-Audibax-BLANCO-SVG-1.svg\",\"contentUrl\":\"https:\/\/audibax.com\/wp-content\/uploads\/2023\/09\/logo-Audibax-BLANCO-SVG-1.svg\",\"caption\":\"Audibax\"},\"image\":{\"@id\":\"https:\/\/audibax.com\/fr\/#\/schema\/logo\/image\/\"}}]}<\/script>\n<!-- \/ Yoast SEO plugin. -->","yoast_head_json":{"title":"FA51-4U - Audibax","robots":{"index":"index","follow":"follow","max-snippet":"max-snippet:-1","max-image-preview":"max-image-preview:large","max-video-preview":"max-video-preview:-1"},"canonical":"https:\/\/audibax.com\/fr\/produit\/audibax-fa51-4u-rack-case\/","og_locale":"fr_FR","og_type":"article","og_title":"FA51-4U - Audibax","og_description":"\u2981 Construction robuste\u2981 Fermetures de s\u00e9curit\u00e9 type butterfly\u2981 Couvercles \u00e0 ouverture facile\u2981 Ergonomie optimis\u00e9e pour les charges lourdes\u2981 Dimensions ext\u00e9rieures : 560 x 142 x 502 mm\u2981 Dimensions int\u00e9rieures : 540 x 94 x 455 mm\u2981 Capacit\u00e9 : 2 U\u2981 Poids : 4,3 kg","og_url":"https:\/\/audibax.com\/fr\/produit\/audibax-fa51-4u-rack-case\/","og_site_name":"Audibax","article_modified_time":"2025-12-11T11:33:17+00:00","og_image":[{"width":1024,"height":725,"url":"https:\/\/audibax.com\/wp-content\/uploads\/2025\/10\/FA51-4U-COMPRAR-1-2-1024x725.png","type":"image\/png"}],"twitter_card":"summary_large_image","twitter_misc":{"Dur\u00e9e de lecture estim\u00e9e":"2 minutes"},"schema":{"@context":"https:\/\/schema.org","@graph":[{"@type":"WebPage","@id":"https:\/\/audibax.com\/fr\/produit\/audibax-fa51-4u-rack-case\/","url":"https:\/\/audibax.com\/fr\/produit\/audibax-fa51-4u-rack-case\/","name":"FA51-4U - Audibax","isPartOf":{"@id":"https:\/\/audibax.com\/fr\/#website"},"primaryImageOfPage":{"@id":"https:\/\/audibax.com\/fr\/produit\/audibax-fa51-4u-rack-case\/#primaryimage"},"image":{"@id":"https:\/\/audibax.com\/fr\/produit\/audibax-fa51-4u-rack-case\/#primaryimage"},"thumbnailUrl":"https:\/\/audibax.com\/wp-content\/uploads\/2025\/10\/FA51-4U-COMPRAR-1-2.png","datePublished":"2025-10-06T08:33:27+00:00","dateModified":"2025-12-11T11:33:17+00:00","breadcrumb":{"@id":"https:\/\/audibax.com\/fr\/produit\/audibax-fa51-4u-rack-case\/#breadcrumb"},"inLanguage":"fr-FR","potentialAction":[{"@type":"ReadAction","target":["https:\/\/audibax.com\/fr\/produit\/audibax-fa51-4u-rack-case\/"]}]},{"@type":"ImageObject","inLanguage":"fr-FR","@id":"https:\/\/audibax.com\/fr\/produit\/audibax-fa51-4u-rack-case\/#primaryimage","url":"https:\/\/audibax.com\/wp-content\/uploads\/2025\/10\/FA51-4U-COMPRAR-1-2.png","contentUrl":"https:\/\/audibax.com\/wp-content\/uploads\/2025\/10\/FA51-4U-COMPRAR-1-2.png","width":2500,"height":1769},{"@type":"BreadcrumbList","@id":"https:\/\/audibax.com\/fr\/produit\/audibax-fa51-4u-rack-case\/#breadcrumb","itemListElement":[{"@type":"ListItem","position":1,"name":"Portada","item":"https:\/\/audibax.com\/fr\/"},{"@type":"ListItem","position":2,"name":"Produits","item":"https:\/\/audibax.com\/fr\/shop\/"},{"@type":"ListItem","position":3,"name":"FA51-4U"}]},{"@type":"WebSite","@id":"https:\/\/audibax.com\/fr\/#website","url":"https:\/\/audibax.com\/fr\/","name":"Audibax","description":"","publisher":{"@id":"https:\/\/audibax.com\/fr\/#organization"},"potentialAction":[{"@type":"SearchAction","target":{"@type":"EntryPoint","urlTemplate":"https:\/\/audibax.com\/fr\/?s={search_term_string}"},"query-input":{"@type":"PropertyValueSpecification","valueRequired":true,"valueName":"search_term_string"}}],"inLanguage":"fr-FR"},{"@type":"Organization","@id":"https:\/\/audibax.com\/fr\/#organization","name":"Audibax","url":"https:\/\/audibax.com\/fr\/","logo":{"@type":"ImageObject","inLanguage":"fr-FR","@id":"https:\/\/audibax.com\/fr\/#\/schema\/logo\/image\/","url":"https:\/\/audibax.com\/wp-content\/uploads\/2023\/09\/logo-Audibax-BLANCO-SVG-1.svg","contentUrl":"https:\/\/audibax.com\/wp-content\/uploads\/2023\/09\/logo-Audibax-BLANCO-SVG-1.svg","caption":"Audibax"},"image":{"@id":"https:\/\/audibax.com\/fr\/#\/schema\/logo\/image\/"}}]}},"_links":{"self":[{"href":"https:\/\/audibax.com\/fr\/wp-json\/wp\/v2\/product\/51663","targetHints":{"allow":["GET"]}}],"collection":[{"href":"https:\/\/audibax.com\/fr\/wp-json\/wp\/v2\/product"}],"about":[{"href":"https:\/\/audibax.com\/fr\/wp-json\/wp\/v2\/types\/product"}],"replies":[{"embeddable":true,"href":"https:\/\/audibax.com\/fr\/wp-json\/wp\/v2\/comments?post=51663"}],"wp:featuredmedia":[{"embeddable":true,"href":"https:\/\/audibax.com\/fr\/wp-json\/wp\/v2\/media\/51730"}],"wp:attachment":[{"href":"https:\/\/audibax.com\/fr\/wp-json\/wp\/v2\/media?parent=51663"}],"wp:term":[{"taxonomy":"product_cat","embeddable":true,"href":"https:\/\/audibax.com\/fr\/wp-json\/wp\/v2\/product_cat?post=51663"},{"taxonomy":"product_tag","embeddable":true,"href":"https:\/\/audibax.com\/fr\/wp-json\/wp\/v2\/product_tag?post=51663"}],"curies":[{"name":"wp","href":"https:\/\/api.w.org\/{rel}","templated":true}]}}