{"id":51485,"date":"2025-10-03T12:57:32","date_gmt":"2025-10-03T10:57:32","guid":{"rendered":"https:\/\/audibax.com\/?post_type=product&#038;p=51485"},"modified":"2025-12-11T12:33:56","modified_gmt":"2025-12-11T11:33:56","slug":"audibax-fa51-12u-rack-case","status":"publish","type":"product","link":"https:\/\/audibax.com\/fr\/produit\/audibax-fa51-12u-rack-case\/","title":{"rendered":"FA51-12U"},"content":{"rendered":"<p data-start=\"87\" data-end=\"416\">Le <strong data-start=\"90\" data-end=\"115\">Case Audibax FA51-12U<\/strong> red\u00e9finit la protection des \u00e9quipements professionnels gr\u00e2ce \u00e0 son design robuste et \u00e0 ses caract\u00e9ristiques avanc\u00e9es. Cette mallette est parfaite pour les musiciens, les techniciens du son et tous les professionnels ayant besoin de transporter leur mat\u00e9riel avec une s\u00e9curit\u00e9 et un confort maximum.<\/p>\n<p data-start=\"418\" data-end=\"454\"><strong data-start=\"418\" data-end=\"452\">Caract\u00e9ristiques principales :<\/strong><\/p>\n<ul>\n<li data-start=\"456\" data-end=\"622\"><strong data-start=\"456\" data-end=\"485\">Construction r\u00e9sistante :<\/strong> Fabriqu\u00e9 en PE de haute qualit\u00e9, il offre une durabilit\u00e9 exceptionnelle pour prot\u00e9ger vos \u00e9quipements contre les chocs et les chutes.<\/li>\n<li data-start=\"624\" data-end=\"792\"><strong data-start=\"624\" data-end=\"655\">Verrous de haute s\u00e9curit\u00e9 :<\/strong> \u00c9quip\u00e9 de 4 fermetures \u201cpapillon\u201d sur chaque couvercle, emp\u00eachant toute ouverture accidentelle et garantissant la s\u00e9curit\u00e9 du contenu.<\/li>\n<li data-start=\"794\" data-end=\"909\"><strong data-start=\"794\" data-end=\"815\">C\u00f4t\u00e9s amovibles :<\/strong> Permettent un acc\u00e8s rapide et flexible \u00e0 vos \u00e9quipements sans compromettre leur protection.<\/li>\n<li data-start=\"911\" data-end=\"1037\"><strong data-start=\"911\" data-end=\"942\">Couvercle facile \u00e0 ouvrir :<\/strong> Con\u00e7u pour une manipulation simple, facilitant le chargement et le d\u00e9chargement du mat\u00e9riel.<\/li>\n<li data-start=\"1039\" data-end=\"1185\"><strong data-start=\"1039\" data-end=\"1082\">Poign\u00e9es doubles pour charges lourdes :<\/strong> Ergonomiques et r\u00e9sistantes, elles permettent de transporter la mallette sans effort suppl\u00e9mentaire.<\/li>\n<li data-start=\"1187\" data-end=\"1300\"><strong data-start=\"1187\" data-end=\"1208\">Coins renforc\u00e9s :<\/strong> Assurent un empilement s\u00e9curis\u00e9 et pr\u00e9viennent les dommages sur les bords de la mallette.<\/li>\n<\/ul>\n<p data-start=\"1302\" data-end=\"1320\"><strong data-start=\"1302\" data-end=\"1318\">Dimensions :<\/strong><\/p>\n<ul>\n<li data-start=\"1323\" data-end=\"1357\"><strong>Ext\u00e9rieures<\/strong> : 560 x 584 x 502 mm<\/li>\n<li data-start=\"1360\" data-end=\"1394\"><strong>Int\u00e9rieures<\/strong> : 540 x 535 x 455 mm<\/li>\n<li data-start=\"1360\" data-end=\"1394\"><strong>Capacit\u00e9<\/strong> : 12U<\/li>\n<li data-start=\"1360\" data-end=\"1394\"><strong>Poids<\/strong>: 9,6Kg<\/li>\n<\/ul>\n<p data-start=\"1415\" data-end=\"1865\">Le <strong data-start=\"1418\" data-end=\"1443\">Case Audibax FA51-12U<\/strong> n\u2019est pas seulement une mallette ; c\u2019est un investissement dans la s\u00e9curit\u00e9 de vos \u00e9quipements professionnels. Parfait pour les mixeurs, amplificateurs et syst\u00e8mes modulaires audio, il garantit que votre mat\u00e9riel arrive \u00e0 destination en parfait \u00e9tat. De plus, il prot\u00e8ge contre les chocs extr\u00eames et les vibrations lors du transport. Faites confiance \u00e0 Audibax pour garder vos \u00e9quipements prot\u00e9g\u00e9s et pr\u00eats \u00e0 l\u2019action !<\/p>\n","protected":false},"excerpt":{"rendered":"<ul>\n<li data-start=\"302\" data-end=\"326\">\n<p data-start=\"304\" data-end=\"326\">Construction Robuste<\/p>\n<\/li>\n<li data-start=\"327\" data-end=\"376\">\n<p data-start=\"329\" data-end=\"376\">Loquets Haute S\u00e9curit\u00e9 avec Serrures Papillon<\/p>\n<\/li>\n<li data-start=\"377\" data-end=\"408\">\n<p data-start=\"379\" data-end=\"408\">Panneaux Lat\u00e9raux Amovibles<\/p>\n<\/li>\n<li data-start=\"409\" data-end=\"438\">\n<p data-start=\"411\" data-end=\"438\">Couvercle Facile \u00e0 Ouvrir<\/p>\n<\/li>\n<li data-start=\"439\" data-end=\"473\">\n<p data-start=\"441\" data-end=\"473\">Ext\u00e9rieur : 560 x 584 x 502 mm<\/p>\n<\/li>\n<li data-start=\"474\" data-end=\"508\">\n<p data-start=\"476\" data-end=\"508\">Int\u00e9rieur : 540 x 535 x 455 mm<\/p>\n<\/li>\n<li data-start=\"509\" data-end=\"528\">\n<p data-start=\"511\" data-end=\"528\">Capacit\u00e9 : 12 U<\/p>\n<\/li>\n<li data-start=\"529\" data-end=\"545\" data-is-last-node=\"\">\n<p data-start=\"531\" data-end=\"545\" data-is-last-node=\"\">Poids : 9,6 Kg<\/p>\n<\/li>\n<\/ul>\n","protected":false},"featured_media":51517,"comment_status":"open","ping_status":"closed","template":"","meta":{"_acf_changed":false},"product_cat":[762],"product_tag":[],"class_list":{"0":"post-51485","1":"product","2":"type-product","3":"status-publish","4":"has-post-thumbnail","6":"product_cat-rack-cases-fr","8":"first","9":"onbackorder","10":"shipping-taxable","11":"product-type-simple"},"acf":[],"yoast_head":"<!-- This site is optimized with the Yoast SEO plugin v27.0 - https:\/\/yoast.com\/product\/yoast-seo-wordpress\/ -->\n<title>FA51-12U - Audibax<\/title>\n<meta name=\"robots\" content=\"index, follow, max-snippet:-1, max-image-preview:large, max-video-preview:-1\" \/>\n<link rel=\"canonical\" href=\"https:\/\/audibax.com\/fr\/produit\/audibax-fa51-12u-rack-case\/\" \/>\n<meta property=\"og:locale\" content=\"fr_FR\" \/>\n<meta property=\"og:type\" content=\"article\" \/>\n<meta property=\"og:title\" content=\"FA51-12U - Audibax\" \/>\n<meta property=\"og:description\" content=\"Construction Robuste    Loquets Haute S\u00e9curit\u00e9 avec Serrures Papillon    Panneaux Lat\u00e9raux Amovibles    Couvercle Facile \u00e0 Ouvrir    Ext\u00e9rieur : 560 x 584 x 502 mm    Int\u00e9rieur : 540 x 535 x 455 mm    Capacit\u00e9 : 12 U    Poids : 9,6 Kg\" \/>\n<meta property=\"og:url\" content=\"https:\/\/audibax.com\/fr\/produit\/audibax-fa51-12u-rack-case\/\" \/>\n<meta property=\"og:site_name\" content=\"Audibax\" \/>\n<meta property=\"article:modified_time\" content=\"2025-12-11T11:33:56+00:00\" \/>\n<meta property=\"og:image\" content=\"https:\/\/audibax.com\/wp-content\/uploads\/2025\/10\/FA51-12U-comprar-1-1-1024x725.png\" \/>\n\t<meta property=\"og:image:width\" content=\"1024\" \/>\n\t<meta property=\"og:image:height\" content=\"725\" \/>\n\t<meta property=\"og:image:type\" content=\"image\/png\" \/>\n<meta name=\"twitter:card\" content=\"summary_large_image\" \/>\n<meta name=\"twitter:label1\" content=\"Dur\u00e9e de lecture estim\u00e9e\" \/>\n\t<meta name=\"twitter:data1\" content=\"2 minutes\" \/>\n<script type=\"application\/ld+json\" class=\"yoast-schema-graph\">{\"@context\":\"https:\/\/schema.org\",\"@graph\":[{\"@type\":\"WebPage\",\"@id\":\"https:\/\/audibax.com\/fr\/produit\/audibax-fa51-12u-rack-case\/\",\"url\":\"https:\/\/audibax.com\/fr\/produit\/audibax-fa51-12u-rack-case\/\",\"name\":\"FA51-12U - Audibax\",\"isPartOf\":{\"@id\":\"https:\/\/audibax.com\/fr\/#website\"},\"primaryImageOfPage\":{\"@id\":\"https:\/\/audibax.com\/fr\/produit\/audibax-fa51-12u-rack-case\/#primaryimage\"},\"image\":{\"@id\":\"https:\/\/audibax.com\/fr\/produit\/audibax-fa51-12u-rack-case\/#primaryimage\"},\"thumbnailUrl\":\"https:\/\/audibax.com\/wp-content\/uploads\/2025\/10\/FA51-12U-comprar-1-1.png\",\"datePublished\":\"2025-10-03T10:57:32+00:00\",\"dateModified\":\"2025-12-11T11:33:56+00:00\",\"breadcrumb\":{\"@id\":\"https:\/\/audibax.com\/fr\/produit\/audibax-fa51-12u-rack-case\/#breadcrumb\"},\"inLanguage\":\"fr-FR\",\"potentialAction\":[{\"@type\":\"ReadAction\",\"target\":[\"https:\/\/audibax.com\/fr\/produit\/audibax-fa51-12u-rack-case\/\"]}]},{\"@type\":\"ImageObject\",\"inLanguage\":\"fr-FR\",\"@id\":\"https:\/\/audibax.com\/fr\/produit\/audibax-fa51-12u-rack-case\/#primaryimage\",\"url\":\"https:\/\/audibax.com\/wp-content\/uploads\/2025\/10\/FA51-12U-comprar-1-1.png\",\"contentUrl\":\"https:\/\/audibax.com\/wp-content\/uploads\/2025\/10\/FA51-12U-comprar-1-1.png\",\"width\":2500,\"height\":1769},{\"@type\":\"BreadcrumbList\",\"@id\":\"https:\/\/audibax.com\/fr\/produit\/audibax-fa51-12u-rack-case\/#breadcrumb\",\"itemListElement\":[{\"@type\":\"ListItem\",\"position\":1,\"name\":\"Portada\",\"item\":\"https:\/\/audibax.com\/fr\/\"},{\"@type\":\"ListItem\",\"position\":2,\"name\":\"Produits\",\"item\":\"https:\/\/audibax.com\/fr\/shop\/\"},{\"@type\":\"ListItem\",\"position\":3,\"name\":\"FA51-12U\"}]},{\"@type\":\"WebSite\",\"@id\":\"https:\/\/audibax.com\/fr\/#website\",\"url\":\"https:\/\/audibax.com\/fr\/\",\"name\":\"Audibax\",\"description\":\"\",\"publisher\":{\"@id\":\"https:\/\/audibax.com\/fr\/#organization\"},\"potentialAction\":[{\"@type\":\"SearchAction\",\"target\":{\"@type\":\"EntryPoint\",\"urlTemplate\":\"https:\/\/audibax.com\/fr\/?s={search_term_string}\"},\"query-input\":{\"@type\":\"PropertyValueSpecification\",\"valueRequired\":true,\"valueName\":\"search_term_string\"}}],\"inLanguage\":\"fr-FR\"},{\"@type\":\"Organization\",\"@id\":\"https:\/\/audibax.com\/fr\/#organization\",\"name\":\"Audibax\",\"url\":\"https:\/\/audibax.com\/fr\/\",\"logo\":{\"@type\":\"ImageObject\",\"inLanguage\":\"fr-FR\",\"@id\":\"https:\/\/audibax.com\/fr\/#\/schema\/logo\/image\/\",\"url\":\"https:\/\/audibax.com\/wp-content\/uploads\/2023\/09\/logo-Audibax-BLANCO-SVG-1.svg\",\"contentUrl\":\"https:\/\/audibax.com\/wp-content\/uploads\/2023\/09\/logo-Audibax-BLANCO-SVG-1.svg\",\"caption\":\"Audibax\"},\"image\":{\"@id\":\"https:\/\/audibax.com\/fr\/#\/schema\/logo\/image\/\"}}]}<\/script>\n<!-- \/ Yoast SEO plugin. -->","yoast_head_json":{"title":"FA51-12U - Audibax","robots":{"index":"index","follow":"follow","max-snippet":"max-snippet:-1","max-image-preview":"max-image-preview:large","max-video-preview":"max-video-preview:-1"},"canonical":"https:\/\/audibax.com\/fr\/produit\/audibax-fa51-12u-rack-case\/","og_locale":"fr_FR","og_type":"article","og_title":"FA51-12U - Audibax","og_description":"Construction Robuste    Loquets Haute S\u00e9curit\u00e9 avec Serrures Papillon    Panneaux Lat\u00e9raux Amovibles    Couvercle Facile \u00e0 Ouvrir    Ext\u00e9rieur : 560 x 584 x 502 mm    Int\u00e9rieur : 540 x 535 x 455 mm    Capacit\u00e9 : 12 U    Poids : 9,6 Kg","og_url":"https:\/\/audibax.com\/fr\/produit\/audibax-fa51-12u-rack-case\/","og_site_name":"Audibax","article_modified_time":"2025-12-11T11:33:56+00:00","og_image":[{"width":1024,"height":725,"url":"https:\/\/audibax.com\/wp-content\/uploads\/2025\/10\/FA51-12U-comprar-1-1-1024x725.png","type":"image\/png"}],"twitter_card":"summary_large_image","twitter_misc":{"Dur\u00e9e de lecture estim\u00e9e":"2 minutes"},"schema":{"@context":"https:\/\/schema.org","@graph":[{"@type":"WebPage","@id":"https:\/\/audibax.com\/fr\/produit\/audibax-fa51-12u-rack-case\/","url":"https:\/\/audibax.com\/fr\/produit\/audibax-fa51-12u-rack-case\/","name":"FA51-12U - Audibax","isPartOf":{"@id":"https:\/\/audibax.com\/fr\/#website"},"primaryImageOfPage":{"@id":"https:\/\/audibax.com\/fr\/produit\/audibax-fa51-12u-rack-case\/#primaryimage"},"image":{"@id":"https:\/\/audibax.com\/fr\/produit\/audibax-fa51-12u-rack-case\/#primaryimage"},"thumbnailUrl":"https:\/\/audibax.com\/wp-content\/uploads\/2025\/10\/FA51-12U-comprar-1-1.png","datePublished":"2025-10-03T10:57:32+00:00","dateModified":"2025-12-11T11:33:56+00:00","breadcrumb":{"@id":"https:\/\/audibax.com\/fr\/produit\/audibax-fa51-12u-rack-case\/#breadcrumb"},"inLanguage":"fr-FR","potentialAction":[{"@type":"ReadAction","target":["https:\/\/audibax.com\/fr\/produit\/audibax-fa51-12u-rack-case\/"]}]},{"@type":"ImageObject","inLanguage":"fr-FR","@id":"https:\/\/audibax.com\/fr\/produit\/audibax-fa51-12u-rack-case\/#primaryimage","url":"https:\/\/audibax.com\/wp-content\/uploads\/2025\/10\/FA51-12U-comprar-1-1.png","contentUrl":"https:\/\/audibax.com\/wp-content\/uploads\/2025\/10\/FA51-12U-comprar-1-1.png","width":2500,"height":1769},{"@type":"BreadcrumbList","@id":"https:\/\/audibax.com\/fr\/produit\/audibax-fa51-12u-rack-case\/#breadcrumb","itemListElement":[{"@type":"ListItem","position":1,"name":"Portada","item":"https:\/\/audibax.com\/fr\/"},{"@type":"ListItem","position":2,"name":"Produits","item":"https:\/\/audibax.com\/fr\/shop\/"},{"@type":"ListItem","position":3,"name":"FA51-12U"}]},{"@type":"WebSite","@id":"https:\/\/audibax.com\/fr\/#website","url":"https:\/\/audibax.com\/fr\/","name":"Audibax","description":"","publisher":{"@id":"https:\/\/audibax.com\/fr\/#organization"},"potentialAction":[{"@type":"SearchAction","target":{"@type":"EntryPoint","urlTemplate":"https:\/\/audibax.com\/fr\/?s={search_term_string}"},"query-input":{"@type":"PropertyValueSpecification","valueRequired":true,"valueName":"search_term_string"}}],"inLanguage":"fr-FR"},{"@type":"Organization","@id":"https:\/\/audibax.com\/fr\/#organization","name":"Audibax","url":"https:\/\/audibax.com\/fr\/","logo":{"@type":"ImageObject","inLanguage":"fr-FR","@id":"https:\/\/audibax.com\/fr\/#\/schema\/logo\/image\/","url":"https:\/\/audibax.com\/wp-content\/uploads\/2023\/09\/logo-Audibax-BLANCO-SVG-1.svg","contentUrl":"https:\/\/audibax.com\/wp-content\/uploads\/2023\/09\/logo-Audibax-BLANCO-SVG-1.svg","caption":"Audibax"},"image":{"@id":"https:\/\/audibax.com\/fr\/#\/schema\/logo\/image\/"}}]}},"_links":{"self":[{"href":"https:\/\/audibax.com\/fr\/wp-json\/wp\/v2\/product\/51485","targetHints":{"allow":["GET"]}}],"collection":[{"href":"https:\/\/audibax.com\/fr\/wp-json\/wp\/v2\/product"}],"about":[{"href":"https:\/\/audibax.com\/fr\/wp-json\/wp\/v2\/types\/product"}],"replies":[{"embeddable":true,"href":"https:\/\/audibax.com\/fr\/wp-json\/wp\/v2\/comments?post=51485"}],"wp:featuredmedia":[{"embeddable":true,"href":"https:\/\/audibax.com\/fr\/wp-json\/wp\/v2\/media\/51517"}],"wp:attachment":[{"href":"https:\/\/audibax.com\/fr\/wp-json\/wp\/v2\/media?parent=51485"}],"wp:term":[{"taxonomy":"product_cat","embeddable":true,"href":"https:\/\/audibax.com\/fr\/wp-json\/wp\/v2\/product_cat?post=51485"},{"taxonomy":"product_tag","embeddable":true,"href":"https:\/\/audibax.com\/fr\/wp-json\/wp\/v2\/product_tag?post=51485"}],"curies":[{"name":"wp","href":"https:\/\/api.w.org\/{rel}","templated":true}]}}