{"id":51170,"date":"2025-10-03T11:52:44","date_gmt":"2025-10-03T09:52:44","guid":{"rendered":"https:\/\/audibax.com\/?post_type=product&#038;p=51170"},"modified":"2025-12-11T12:48:24","modified_gmt":"2025-12-11T11:48:24","slug":"audibax-fa51-10u-rack-case","status":"publish","type":"product","link":"https:\/\/audibax.com\/fr\/produit\/audibax-fa51-10u-rack-case\/","title":{"rendered":"FA51-10U"},"content":{"rendered":"<p data-start=\"85\" data-end=\"358\">Le <strong data-start=\"88\" data-end=\"113\">Case Audibax FA51-10U<\/strong> red\u00e9finit la protection des \u00e9quipements gr\u00e2ce \u00e0 son design robuste et \u00e0 ses fonctionnalit\u00e9s avanc\u00e9es. Ce case est parfait pour les professionnels qui ont besoin de transporter leurs \u00e9quipements en toute s\u00e9curit\u00e9 et avec un maximum de confort.<\/p>\n<h3 data-start=\"360\" data-end=\"396\">Caract\u00e9ristiques principales :<\/h3>\n<ul data-start=\"398\" data-end=\"1288\">\n<li data-start=\"398\" data-end=\"565\">\n<p data-start=\"400\" data-end=\"565\"><strong data-start=\"400\" data-end=\"429\">Construction r\u00e9sistante :<\/strong> Fabriqu\u00e9 en poly\u00e9thyl\u00e8ne (PE) haute r\u00e9sistance, il offre une durabilit\u00e9 exceptionnelle et une protection contre les chocs et l\u2019usure.<\/p>\n<\/li>\n<li data-start=\"566\" data-end=\"719\">\n<p data-start=\"568\" data-end=\"719\"><strong data-start=\"568\" data-end=\"593\">Verrous de s\u00e9curit\u00e9 :<\/strong> \u00c9quip\u00e9 de 4 verrous papillon haute s\u00e9curit\u00e9 sur chaque couvercle, emp\u00eachant toute ouverture accidentelle lors du transport.<\/p>\n<\/li>\n<li data-start=\"720\" data-end=\"899\">\n<p data-start=\"722\" data-end=\"899\"><strong data-start=\"722\" data-end=\"768\">Couvercle et panneaux lat\u00e9raux amovibles :<\/strong> Comprend 2 panneaux lat\u00e9raux amovibles et des couvercles \u00e0 ouverture facile pour un acc\u00e8s rapide aux \u00e9quipements mont\u00e9s en rack.<\/p>\n<\/li>\n<li data-start=\"900\" data-end=\"1022\">\n<p data-start=\"902\" data-end=\"1022\"><strong data-start=\"902\" data-end=\"929\">Poign\u00e9es ergonomiques :<\/strong> Deux poign\u00e9es robustes permettent un transport confortable, m\u00eame avec des charges lourdes.<\/p>\n<\/li>\n<li data-start=\"1023\" data-end=\"1129\">\n<p data-start=\"1025\" data-end=\"1129\"><strong data-start=\"1025\" data-end=\"1046\">Coins renforc\u00e9s :<\/strong> Assurent un empilement s\u00fbr et une stabilit\u00e9 pendant le stockage ou le transport.<\/p>\n<\/li>\n<li data-start=\"1130\" data-end=\"1288\">\n<p data-start=\"1132\" data-end=\"1288\"><strong data-start=\"1132\" data-end=\"1154\">Design modulaire :<\/strong> Compatible avec les syst\u00e8mes d\u2019int\u00e9gration, id\u00e9al pour les \u00e9quipements audio professionnels tels que les mixeurs et amplificateurs.<\/p>\n<\/li>\n<\/ul>\n<h3 data-start=\"1290\" data-end=\"1308\">Dimensions :<\/h3>\n<ul data-start=\"1309\" data-end=\"1390\">\n<li data-start=\"1309\" data-end=\"1349\">\n<p data-start=\"1311\" data-end=\"1349\"><strong data-start=\"1311\" data-end=\"1328\">Ext\u00e9rieures :<\/strong> 560 x 498 x 502 mm<\/p>\n<\/li>\n<li data-start=\"1350\" data-end=\"1390\">\n<p data-start=\"1352\" data-end=\"1390\"><strong data-start=\"1352\" data-end=\"1369\">Int\u00e9rieures :<\/strong> 540 x 450 x 455 mm<\/p>\n<\/li>\n<li data-start=\"1350\" data-end=\"1390\">\n<p data-start=\"1352\" data-end=\"1390\"><strong>Poids:<\/strong> 9,4 Kg<\/p>\n<\/li>\n<li data-start=\"1350\" data-end=\"1390\">\n<p data-start=\"1352\" data-end=\"1390\"><strong>Capacit\u00e9:<\/strong> 10U<\/p>\n<\/li>\n<\/ul>\n<p data-start=\"1392\" data-end=\"1708\">Le <strong data-start=\"1395\" data-end=\"1420\">Case Audibax FA51-10U<\/strong> n\u2019est pas seulement un case ; c\u2019est un investissement dans la s\u00e9curit\u00e9 de vos \u00e9quipements. Id\u00e9al pour les ing\u00e9nieurs du son, les musiciens et tout professionnel n\u00e9cessitant une protection fiable pour ses outils, ce case garantit que votre mat\u00e9riel arrive \u00e0 destination en parfait \u00e9tat.<\/p>\n<p data-start=\"1710\" data-end=\"1797\">Faites confiance \u00e0 <strong data-start=\"1729\" data-end=\"1740\">Audibax<\/strong> pour garder vos \u00e9quipements s\u00fbrs et pr\u00eats \u00e0 l\u2019action !<\/p>\n","protected":false},"excerpt":{"rendered":"<ul>\n<li data-start=\"302\" data-end=\"326\">\n<p data-start=\"304\" data-end=\"326\">Construction Robuste<\/p>\n<\/li>\n<li data-start=\"327\" data-end=\"373\">\n<p data-start=\"329\" data-end=\"373\">Loquets de S\u00e9curit\u00e9 avec Serrures Papillon<\/p>\n<\/li>\n<li data-start=\"374\" data-end=\"399\">\n<p data-start=\"376\" data-end=\"399\">Poign\u00e9es Ergonomiques<\/p>\n<\/li>\n<li data-start=\"400\" data-end=\"419\">\n<p data-start=\"402\" data-end=\"419\">Coins Renforc\u00e9s<\/p>\n<\/li>\n<li data-start=\"420\" data-end=\"454\">\n<p data-start=\"422\" data-end=\"454\">Ext\u00e9rieur : 560 x 498 x 502 mm<\/p>\n<\/li>\n<li data-start=\"455\" data-end=\"489\">\n<p data-start=\"457\" data-end=\"489\">Int\u00e9rieur : 540 x 450 x 455 mm<\/p>\n<\/li>\n<li data-start=\"490\" data-end=\"514\">\n<p data-start=\"492\" data-end=\"514\">Capacit\u00e9 : 10 Unit\u00e9s<\/p>\n<\/li>\n<li data-start=\"515\" data-end=\"531\" data-is-last-node=\"\">\n<p data-start=\"517\" data-end=\"531\" data-is-last-node=\"\">Poids : 9,4 Kg<\/p>\n<\/li>\n<\/ul>\n","protected":false},"featured_media":51183,"comment_status":"open","ping_status":"closed","template":"","meta":{"_acf_changed":false},"product_cat":[762],"product_tag":[],"class_list":{"0":"post-51170","1":"product","2":"type-product","3":"status-publish","4":"has-post-thumbnail","6":"product_cat-rack-cases-fr","8":"first","9":"onbackorder","10":"shipping-taxable","11":"product-type-simple"},"acf":[],"yoast_head":"<!-- This site is optimized with the Yoast SEO plugin v27.0 - https:\/\/yoast.com\/product\/yoast-seo-wordpress\/ -->\n<title>FA51-10U - Audibax<\/title>\n<meta name=\"robots\" content=\"index, follow, max-snippet:-1, max-image-preview:large, max-video-preview:-1\" \/>\n<link rel=\"canonical\" href=\"https:\/\/audibax.com\/fr\/produit\/audibax-fa51-10u-rack-case\/\" \/>\n<meta property=\"og:locale\" content=\"fr_FR\" \/>\n<meta property=\"og:type\" content=\"article\" \/>\n<meta property=\"og:title\" content=\"FA51-10U - Audibax\" \/>\n<meta property=\"og:description\" content=\"Construction Robuste    Loquets de S\u00e9curit\u00e9 avec Serrures Papillon    Poign\u00e9es Ergonomiques    Coins Renforc\u00e9s    Ext\u00e9rieur : 560 x 498 x 502 mm    Int\u00e9rieur : 540 x 450 x 455 mm    Capacit\u00e9 : 10 Unit\u00e9s    Poids : 9,4 Kg\" \/>\n<meta property=\"og:url\" content=\"https:\/\/audibax.com\/fr\/produit\/audibax-fa51-10u-rack-case\/\" \/>\n<meta property=\"og:site_name\" content=\"Audibax\" \/>\n<meta property=\"article:modified_time\" content=\"2025-12-11T11:48:24+00:00\" \/>\n<meta property=\"og:image\" content=\"https:\/\/audibax.com\/wp-content\/uploads\/2025\/10\/FA51-angulo-3-2-1024x725.png\" \/>\n\t<meta property=\"og:image:width\" content=\"1024\" \/>\n\t<meta property=\"og:image:height\" content=\"725\" \/>\n\t<meta property=\"og:image:type\" content=\"image\/png\" \/>\n<meta name=\"twitter:card\" content=\"summary_large_image\" \/>\n<meta name=\"twitter:label1\" content=\"Dur\u00e9e de lecture estim\u00e9e\" \/>\n\t<meta name=\"twitter:data1\" content=\"2 minutes\" \/>\n<script type=\"application\/ld+json\" class=\"yoast-schema-graph\">{\"@context\":\"https:\/\/schema.org\",\"@graph\":[{\"@type\":\"WebPage\",\"@id\":\"https:\/\/audibax.com\/fr\/produit\/audibax-fa51-10u-rack-case\/\",\"url\":\"https:\/\/audibax.com\/fr\/produit\/audibax-fa51-10u-rack-case\/\",\"name\":\"FA51-10U - Audibax\",\"isPartOf\":{\"@id\":\"https:\/\/audibax.com\/fr\/#website\"},\"primaryImageOfPage\":{\"@id\":\"https:\/\/audibax.com\/fr\/produit\/audibax-fa51-10u-rack-case\/#primaryimage\"},\"image\":{\"@id\":\"https:\/\/audibax.com\/fr\/produit\/audibax-fa51-10u-rack-case\/#primaryimage\"},\"thumbnailUrl\":\"https:\/\/audibax.com\/wp-content\/uploads\/2025\/10\/FA51-angulo-3-2.png\",\"datePublished\":\"2025-10-03T09:52:44+00:00\",\"dateModified\":\"2025-12-11T11:48:24+00:00\",\"breadcrumb\":{\"@id\":\"https:\/\/audibax.com\/fr\/produit\/audibax-fa51-10u-rack-case\/#breadcrumb\"},\"inLanguage\":\"fr-FR\",\"potentialAction\":[{\"@type\":\"ReadAction\",\"target\":[\"https:\/\/audibax.com\/fr\/produit\/audibax-fa51-10u-rack-case\/\"]}]},{\"@type\":\"ImageObject\",\"inLanguage\":\"fr-FR\",\"@id\":\"https:\/\/audibax.com\/fr\/produit\/audibax-fa51-10u-rack-case\/#primaryimage\",\"url\":\"https:\/\/audibax.com\/wp-content\/uploads\/2025\/10\/FA51-angulo-3-2.png\",\"contentUrl\":\"https:\/\/audibax.com\/wp-content\/uploads\/2025\/10\/FA51-angulo-3-2.png\",\"width\":2500,\"height\":1769},{\"@type\":\"BreadcrumbList\",\"@id\":\"https:\/\/audibax.com\/fr\/produit\/audibax-fa51-10u-rack-case\/#breadcrumb\",\"itemListElement\":[{\"@type\":\"ListItem\",\"position\":1,\"name\":\"Portada\",\"item\":\"https:\/\/audibax.com\/fr\/\"},{\"@type\":\"ListItem\",\"position\":2,\"name\":\"Produits\",\"item\":\"https:\/\/audibax.com\/fr\/shop\/\"},{\"@type\":\"ListItem\",\"position\":3,\"name\":\"FA51-10U\"}]},{\"@type\":\"WebSite\",\"@id\":\"https:\/\/audibax.com\/fr\/#website\",\"url\":\"https:\/\/audibax.com\/fr\/\",\"name\":\"Audibax\",\"description\":\"\",\"publisher\":{\"@id\":\"https:\/\/audibax.com\/fr\/#organization\"},\"potentialAction\":[{\"@type\":\"SearchAction\",\"target\":{\"@type\":\"EntryPoint\",\"urlTemplate\":\"https:\/\/audibax.com\/fr\/?s={search_term_string}\"},\"query-input\":{\"@type\":\"PropertyValueSpecification\",\"valueRequired\":true,\"valueName\":\"search_term_string\"}}],\"inLanguage\":\"fr-FR\"},{\"@type\":\"Organization\",\"@id\":\"https:\/\/audibax.com\/fr\/#organization\",\"name\":\"Audibax\",\"url\":\"https:\/\/audibax.com\/fr\/\",\"logo\":{\"@type\":\"ImageObject\",\"inLanguage\":\"fr-FR\",\"@id\":\"https:\/\/audibax.com\/fr\/#\/schema\/logo\/image\/\",\"url\":\"https:\/\/audibax.com\/wp-content\/uploads\/2023\/09\/logo-Audibax-BLANCO-SVG-1.svg\",\"contentUrl\":\"https:\/\/audibax.com\/wp-content\/uploads\/2023\/09\/logo-Audibax-BLANCO-SVG-1.svg\",\"caption\":\"Audibax\"},\"image\":{\"@id\":\"https:\/\/audibax.com\/fr\/#\/schema\/logo\/image\/\"}}]}<\/script>\n<!-- \/ Yoast SEO plugin. -->","yoast_head_json":{"title":"FA51-10U - Audibax","robots":{"index":"index","follow":"follow","max-snippet":"max-snippet:-1","max-image-preview":"max-image-preview:large","max-video-preview":"max-video-preview:-1"},"canonical":"https:\/\/audibax.com\/fr\/produit\/audibax-fa51-10u-rack-case\/","og_locale":"fr_FR","og_type":"article","og_title":"FA51-10U - Audibax","og_description":"Construction Robuste    Loquets de S\u00e9curit\u00e9 avec Serrures Papillon    Poign\u00e9es Ergonomiques    Coins Renforc\u00e9s    Ext\u00e9rieur : 560 x 498 x 502 mm    Int\u00e9rieur : 540 x 450 x 455 mm    Capacit\u00e9 : 10 Unit\u00e9s    Poids : 9,4 Kg","og_url":"https:\/\/audibax.com\/fr\/produit\/audibax-fa51-10u-rack-case\/","og_site_name":"Audibax","article_modified_time":"2025-12-11T11:48:24+00:00","og_image":[{"width":1024,"height":725,"url":"https:\/\/audibax.com\/wp-content\/uploads\/2025\/10\/FA51-angulo-3-2-1024x725.png","type":"image\/png"}],"twitter_card":"summary_large_image","twitter_misc":{"Dur\u00e9e de lecture estim\u00e9e":"2 minutes"},"schema":{"@context":"https:\/\/schema.org","@graph":[{"@type":"WebPage","@id":"https:\/\/audibax.com\/fr\/produit\/audibax-fa51-10u-rack-case\/","url":"https:\/\/audibax.com\/fr\/produit\/audibax-fa51-10u-rack-case\/","name":"FA51-10U - Audibax","isPartOf":{"@id":"https:\/\/audibax.com\/fr\/#website"},"primaryImageOfPage":{"@id":"https:\/\/audibax.com\/fr\/produit\/audibax-fa51-10u-rack-case\/#primaryimage"},"image":{"@id":"https:\/\/audibax.com\/fr\/produit\/audibax-fa51-10u-rack-case\/#primaryimage"},"thumbnailUrl":"https:\/\/audibax.com\/wp-content\/uploads\/2025\/10\/FA51-angulo-3-2.png","datePublished":"2025-10-03T09:52:44+00:00","dateModified":"2025-12-11T11:48:24+00:00","breadcrumb":{"@id":"https:\/\/audibax.com\/fr\/produit\/audibax-fa51-10u-rack-case\/#breadcrumb"},"inLanguage":"fr-FR","potentialAction":[{"@type":"ReadAction","target":["https:\/\/audibax.com\/fr\/produit\/audibax-fa51-10u-rack-case\/"]}]},{"@type":"ImageObject","inLanguage":"fr-FR","@id":"https:\/\/audibax.com\/fr\/produit\/audibax-fa51-10u-rack-case\/#primaryimage","url":"https:\/\/audibax.com\/wp-content\/uploads\/2025\/10\/FA51-angulo-3-2.png","contentUrl":"https:\/\/audibax.com\/wp-content\/uploads\/2025\/10\/FA51-angulo-3-2.png","width":2500,"height":1769},{"@type":"BreadcrumbList","@id":"https:\/\/audibax.com\/fr\/produit\/audibax-fa51-10u-rack-case\/#breadcrumb","itemListElement":[{"@type":"ListItem","position":1,"name":"Portada","item":"https:\/\/audibax.com\/fr\/"},{"@type":"ListItem","position":2,"name":"Produits","item":"https:\/\/audibax.com\/fr\/shop\/"},{"@type":"ListItem","position":3,"name":"FA51-10U"}]},{"@type":"WebSite","@id":"https:\/\/audibax.com\/fr\/#website","url":"https:\/\/audibax.com\/fr\/","name":"Audibax","description":"","publisher":{"@id":"https:\/\/audibax.com\/fr\/#organization"},"potentialAction":[{"@type":"SearchAction","target":{"@type":"EntryPoint","urlTemplate":"https:\/\/audibax.com\/fr\/?s={search_term_string}"},"query-input":{"@type":"PropertyValueSpecification","valueRequired":true,"valueName":"search_term_string"}}],"inLanguage":"fr-FR"},{"@type":"Organization","@id":"https:\/\/audibax.com\/fr\/#organization","name":"Audibax","url":"https:\/\/audibax.com\/fr\/","logo":{"@type":"ImageObject","inLanguage":"fr-FR","@id":"https:\/\/audibax.com\/fr\/#\/schema\/logo\/image\/","url":"https:\/\/audibax.com\/wp-content\/uploads\/2023\/09\/logo-Audibax-BLANCO-SVG-1.svg","contentUrl":"https:\/\/audibax.com\/wp-content\/uploads\/2023\/09\/logo-Audibax-BLANCO-SVG-1.svg","caption":"Audibax"},"image":{"@id":"https:\/\/audibax.com\/fr\/#\/schema\/logo\/image\/"}}]}},"_links":{"self":[{"href":"https:\/\/audibax.com\/fr\/wp-json\/wp\/v2\/product\/51170","targetHints":{"allow":["GET"]}}],"collection":[{"href":"https:\/\/audibax.com\/fr\/wp-json\/wp\/v2\/product"}],"about":[{"href":"https:\/\/audibax.com\/fr\/wp-json\/wp\/v2\/types\/product"}],"replies":[{"embeddable":true,"href":"https:\/\/audibax.com\/fr\/wp-json\/wp\/v2\/comments?post=51170"}],"wp:featuredmedia":[{"embeddable":true,"href":"https:\/\/audibax.com\/fr\/wp-json\/wp\/v2\/media\/51183"}],"wp:attachment":[{"href":"https:\/\/audibax.com\/fr\/wp-json\/wp\/v2\/media?parent=51170"}],"wp:term":[{"taxonomy":"product_cat","embeddable":true,"href":"https:\/\/audibax.com\/fr\/wp-json\/wp\/v2\/product_cat?post=51170"},{"taxonomy":"product_tag","embeddable":true,"href":"https:\/\/audibax.com\/fr\/wp-json\/wp\/v2\/product_tag?post=51170"}],"curies":[{"name":"wp","href":"https:\/\/api.w.org\/{rel}","templated":true}]}}