{"id":50669,"date":"2025-09-30T10:39:58","date_gmt":"2025-09-30T08:39:58","guid":{"rendered":"https:\/\/audibax.com\/?post_type=product&#038;p=50669"},"modified":"2025-12-11T12:50:55","modified_gmt":"2025-12-11T11:50:55","slug":"audibax-ef1-pp-case","status":"publish","type":"product","link":"https:\/\/audibax.com\/fr\/produit\/audibax-ef1-pp-case\/","title":{"rendered":"EF1-PP Case"},"content":{"rendered":"<p data-start=\"46\" data-end=\"311\"><strong data-start=\"46\" data-end=\"72\">Le Audibax EF1-PP Case<\/strong> red\u00e9finit la protection des \u00e9quipements gr\u00e2ce \u00e0 son design robuste et \u00e0 ses caract\u00e9ristiques avanc\u00e9es.<br data-start=\"175\" data-end=\"178\" \/>Cet \u00e9tui est parfait pour les professionnels qui doivent transporter leur mat\u00e9riel en toute s\u00e9curit\u00e9 et avec un maximum de confort.<\/p>\n<p data-start=\"313\" data-end=\"349\"><strong data-start=\"313\" data-end=\"347\">Caract\u00e9ristiques principales :<\/strong><\/p>\n<ul data-start=\"350\" data-end=\"1140\">\n<li data-start=\"350\" data-end=\"470\">\n<p data-start=\"352\" data-end=\"470\"><strong data-start=\"352\" data-end=\"381\">Construction r\u00e9sistante :<\/strong> fabriqu\u00e9 en polypropyl\u00e8ne moul\u00e9 par injection (PP), il offre une durabilit\u00e9 exceptionnelle.<\/p>\n<\/li>\n<li data-start=\"471\" data-end=\"644\">\n<p data-start=\"473\" data-end=\"644\"><strong data-start=\"473\" data-end=\"502\">Valves de d\u00e9compression :<\/strong> con\u00e7ues pour les voyages internationaux, elles permettent \u00e0 l\u2019\u00e9tui de s\u2019adapter aux variations de pression sans compromettre son int\u00e9grit\u00e9.<\/p>\n<\/li>\n<li data-start=\"645\" data-end=\"794\">\n<p data-start=\"647\" data-end=\"794\"><strong data-start=\"647\" data-end=\"674\">Joint torique \u00e9tanche :<\/strong> assure une barri\u00e8re herm\u00e9tique entre le couvercle et la base, prot\u00e9geant le contenu de l\u2019humidit\u00e9 et de la poussi\u00e8re.<\/p>\n<\/li>\n<li data-start=\"795\" data-end=\"934\">\n<p data-start=\"797\" data-end=\"934\"><strong data-start=\"797\" data-end=\"822\">Loquets de s\u00e9curit\u00e9 :<\/strong> emp\u00eachent toute ouverture accidentelle et garantissent que votre mat\u00e9riel reste prot\u00e9g\u00e9 pendant le transport.<\/p>\n<\/li>\n<li data-start=\"935\" data-end=\"1048\">\n<p data-start=\"937\" data-end=\"1048\"><strong data-start=\"937\" data-end=\"964\">Poign\u00e9es ergonomiques :<\/strong> facilitent le transport et offrent un confort optimal, m\u00eame sur de longs trajets.<\/p>\n<\/li>\n<li data-start=\"1049\" data-end=\"1140\">\n<p data-start=\"1051\" data-end=\"1140\"><strong data-start=\"1051\" data-end=\"1087\">Charni\u00e8res solides et durables :<\/strong> garantissent une utilisation prolong\u00e9e sans usure.<\/p>\n<\/li>\n<\/ul>\n<p data-start=\"1142\" data-end=\"1160\"><strong data-start=\"1142\" data-end=\"1158\">Dimensions :<\/strong><\/p>\n<ul data-start=\"1161\" data-end=\"1234\">\n<li data-start=\"1161\" data-end=\"1197\">\n<p data-start=\"1163\" data-end=\"1197\"><strong>Ext\u00e9rieures<\/strong> : 330 x 124 x 240 cm<\/p>\n<\/li>\n<li data-start=\"1198\" data-end=\"1234\">\n<p data-start=\"1200\" data-end=\"1234\"><strong>Int\u00e9rieures :<\/strong> 307 x 104 x 187 cm<\/p>\n<\/li>\n<li data-start=\"1198\" data-end=\"1234\">\n<p data-start=\"1200\" data-end=\"1234\"><strong>Poids:<\/strong> 1,3 Kg<\/p>\n<\/li>\n<\/ul>\n<p data-start=\"1236\" data-end=\"1643\">Le <strong data-start=\"1239\" data-end=\"1262\">Audibax EF1-PP Case<\/strong> n\u2019est pas seulement un \u00e9tui ; c\u2019est un investissement dans la s\u00e9curit\u00e9 de vos \u00e9quipements.<br data-start=\"1353\" data-end=\"1356\" \/>Id\u00e9al pour les photographes, les techniciens du son et tout professionnel ayant besoin d\u2019une protection fiable, cet \u00e9tui garantit que vos outils arrivent \u00e0 destination en parfait \u00e9tat.<br data-start=\"1540\" data-end=\"1543\" \/><strong data-start=\"1543\" data-end=\"1641\">Faites confiance \u00e0 Audibax pour garder vos \u00e9quipements prot\u00e9g\u00e9s et toujours pr\u00eats \u00e0 l\u2019action !<\/strong><\/p>\n","protected":false},"excerpt":{"rendered":"<ul>\n<li data-start=\"267\" data-end=\"291\">\n<p data-start=\"269\" data-end=\"291\">Construction Robuste<\/p>\n<\/li>\n<li data-start=\"292\" data-end=\"328\">\n<p data-start=\"294\" data-end=\"328\">Vannes de D\u00e9gagement de Pression<\/p>\n<\/li>\n<li data-start=\"329\" data-end=\"354\">\n<p data-start=\"331\" data-end=\"354\">Joint Torique \u00c9tanche<\/p>\n<\/li>\n<li data-start=\"355\" data-end=\"378\">\n<p data-start=\"357\" data-end=\"378\">Loquets de S\u00e9curit\u00e9<\/p>\n<\/li>\n<li data-start=\"379\" data-end=\"413\">\n<p data-start=\"381\" data-end=\"413\">Ext\u00e9rieur : 420 x 207 x 302 mm<\/p>\n<\/li>\n<li data-start=\"414\" data-end=\"448\">\n<p data-start=\"416\" data-end=\"448\">Int\u00e9rieur : 392 x 186 x 262 mm<\/p>\n<\/li>\n<li data-start=\"449\" data-end=\"465\" data-is-last-node=\"\">\n<p data-start=\"451\" data-end=\"465\" data-is-last-node=\"\">Poids : 2,8 Kg<\/p>\n<\/li>\n<\/ul>\n","protected":false},"featured_media":50671,"comment_status":"open","ping_status":"closed","template":"","meta":{"_acf_changed":false},"product_cat":[327,339],"product_tag":[],"class_list":{"0":"post-50669","1":"product","2":"type-product","3":"status-publish","4":"has-post-thumbnail","6":"product_cat-cas","7":"product_cat-flightcase-declairage","9":"first","10":"onbackorder","11":"shipping-taxable","12":"product-type-simple"},"acf":[],"yoast_head":"<!-- This site is optimized with the Yoast SEO plugin v27.0 - https:\/\/yoast.com\/product\/yoast-seo-wordpress\/ -->\n<title>EF1-PP Case - Audibax<\/title>\n<meta name=\"robots\" content=\"index, follow, max-snippet:-1, max-image-preview:large, max-video-preview:-1\" \/>\n<link rel=\"canonical\" href=\"https:\/\/audibax.com\/fr\/produit\/audibax-ef1-pp-case\/\" \/>\n<meta property=\"og:locale\" content=\"fr_FR\" \/>\n<meta property=\"og:type\" content=\"article\" \/>\n<meta property=\"og:title\" content=\"EF1-PP Case - Audibax\" \/>\n<meta property=\"og:description\" content=\"Construction Robuste    Vannes de D\u00e9gagement de Pression    Joint Torique \u00c9tanche    Loquets de S\u00e9curit\u00e9    Ext\u00e9rieur : 420 x 207 x 302 mm    Int\u00e9rieur : 392 x 186 x 262 mm    Poids : 2,8 Kg\" \/>\n<meta property=\"og:url\" content=\"https:\/\/audibax.com\/fr\/produit\/audibax-ef1-pp-case\/\" \/>\n<meta property=\"og:site_name\" content=\"Audibax\" \/>\n<meta property=\"article:modified_time\" content=\"2025-12-11T11:50:55+00:00\" \/>\n<meta property=\"og:image\" content=\"https:\/\/audibax.com\/wp-content\/uploads\/2025\/09\/Audibax-EF1-1-comprar-1.png\" \/>\n\t<meta property=\"og:image:width\" content=\"2500\" \/>\n\t<meta property=\"og:image:height\" content=\"1769\" \/>\n\t<meta property=\"og:image:type\" content=\"image\/png\" \/>\n<meta name=\"twitter:card\" content=\"summary_large_image\" \/>\n<meta name=\"twitter:label1\" content=\"Dur\u00e9e de lecture estim\u00e9e\" \/>\n\t<meta name=\"twitter:data1\" content=\"2 minutes\" \/>\n<script type=\"application\/ld+json\" class=\"yoast-schema-graph\">{\"@context\":\"https:\/\/schema.org\",\"@graph\":[{\"@type\":\"WebPage\",\"@id\":\"https:\/\/audibax.com\/fr\/produit\/audibax-ef1-pp-case\/\",\"url\":\"https:\/\/audibax.com\/fr\/produit\/audibax-ef1-pp-case\/\",\"name\":\"EF1-PP Case - Audibax\",\"isPartOf\":{\"@id\":\"https:\/\/audibax.com\/fr\/#website\"},\"primaryImageOfPage\":{\"@id\":\"https:\/\/audibax.com\/fr\/produit\/audibax-ef1-pp-case\/#primaryimage\"},\"image\":{\"@id\":\"https:\/\/audibax.com\/fr\/produit\/audibax-ef1-pp-case\/#primaryimage\"},\"thumbnailUrl\":\"https:\/\/audibax.com\/wp-content\/uploads\/2025\/09\/Audibax-EF1-1-comprar-1.png\",\"datePublished\":\"2025-09-30T08:39:58+00:00\",\"dateModified\":\"2025-12-11T11:50:55+00:00\",\"breadcrumb\":{\"@id\":\"https:\/\/audibax.com\/fr\/produit\/audibax-ef1-pp-case\/#breadcrumb\"},\"inLanguage\":\"fr-FR\",\"potentialAction\":[{\"@type\":\"ReadAction\",\"target\":[\"https:\/\/audibax.com\/fr\/produit\/audibax-ef1-pp-case\/\"]}]},{\"@type\":\"ImageObject\",\"inLanguage\":\"fr-FR\",\"@id\":\"https:\/\/audibax.com\/fr\/produit\/audibax-ef1-pp-case\/#primaryimage\",\"url\":\"https:\/\/audibax.com\/wp-content\/uploads\/2025\/09\/Audibax-EF1-1-comprar-1.png\",\"contentUrl\":\"https:\/\/audibax.com\/wp-content\/uploads\/2025\/09\/Audibax-EF1-1-comprar-1.png\",\"width\":2500,\"height\":1769},{\"@type\":\"BreadcrumbList\",\"@id\":\"https:\/\/audibax.com\/fr\/produit\/audibax-ef1-pp-case\/#breadcrumb\",\"itemListElement\":[{\"@type\":\"ListItem\",\"position\":1,\"name\":\"Portada\",\"item\":\"https:\/\/audibax.com\/fr\/\"},{\"@type\":\"ListItem\",\"position\":2,\"name\":\"Produits\",\"item\":\"https:\/\/audibax.com\/fr\/shop\/\"},{\"@type\":\"ListItem\",\"position\":3,\"name\":\"EF1-PP Case\"}]},{\"@type\":\"WebSite\",\"@id\":\"https:\/\/audibax.com\/fr\/#website\",\"url\":\"https:\/\/audibax.com\/fr\/\",\"name\":\"Audibax\",\"description\":\"\",\"publisher\":{\"@id\":\"https:\/\/audibax.com\/fr\/#organization\"},\"potentialAction\":[{\"@type\":\"SearchAction\",\"target\":{\"@type\":\"EntryPoint\",\"urlTemplate\":\"https:\/\/audibax.com\/fr\/?s={search_term_string}\"},\"query-input\":{\"@type\":\"PropertyValueSpecification\",\"valueRequired\":true,\"valueName\":\"search_term_string\"}}],\"inLanguage\":\"fr-FR\"},{\"@type\":\"Organization\",\"@id\":\"https:\/\/audibax.com\/fr\/#organization\",\"name\":\"Audibax\",\"url\":\"https:\/\/audibax.com\/fr\/\",\"logo\":{\"@type\":\"ImageObject\",\"inLanguage\":\"fr-FR\",\"@id\":\"https:\/\/audibax.com\/fr\/#\/schema\/logo\/image\/\",\"url\":\"https:\/\/audibax.com\/wp-content\/uploads\/2023\/09\/logo-Audibax-BLANCO-SVG-1.svg\",\"contentUrl\":\"https:\/\/audibax.com\/wp-content\/uploads\/2023\/09\/logo-Audibax-BLANCO-SVG-1.svg\",\"caption\":\"Audibax\"},\"image\":{\"@id\":\"https:\/\/audibax.com\/fr\/#\/schema\/logo\/image\/\"}}]}<\/script>\n<!-- \/ Yoast SEO plugin. -->","yoast_head_json":{"title":"EF1-PP Case - Audibax","robots":{"index":"index","follow":"follow","max-snippet":"max-snippet:-1","max-image-preview":"max-image-preview:large","max-video-preview":"max-video-preview:-1"},"canonical":"https:\/\/audibax.com\/fr\/produit\/audibax-ef1-pp-case\/","og_locale":"fr_FR","og_type":"article","og_title":"EF1-PP Case - Audibax","og_description":"Construction Robuste    Vannes de D\u00e9gagement de Pression    Joint Torique \u00c9tanche    Loquets de S\u00e9curit\u00e9    Ext\u00e9rieur : 420 x 207 x 302 mm    Int\u00e9rieur : 392 x 186 x 262 mm    Poids : 2,8 Kg","og_url":"https:\/\/audibax.com\/fr\/produit\/audibax-ef1-pp-case\/","og_site_name":"Audibax","article_modified_time":"2025-12-11T11:50:55+00:00","og_image":[{"width":2500,"height":1769,"url":"https:\/\/audibax.com\/wp-content\/uploads\/2025\/09\/Audibax-EF1-1-comprar-1.png","type":"image\/png"}],"twitter_card":"summary_large_image","twitter_misc":{"Dur\u00e9e de lecture estim\u00e9e":"2 minutes"},"schema":{"@context":"https:\/\/schema.org","@graph":[{"@type":"WebPage","@id":"https:\/\/audibax.com\/fr\/produit\/audibax-ef1-pp-case\/","url":"https:\/\/audibax.com\/fr\/produit\/audibax-ef1-pp-case\/","name":"EF1-PP Case - Audibax","isPartOf":{"@id":"https:\/\/audibax.com\/fr\/#website"},"primaryImageOfPage":{"@id":"https:\/\/audibax.com\/fr\/produit\/audibax-ef1-pp-case\/#primaryimage"},"image":{"@id":"https:\/\/audibax.com\/fr\/produit\/audibax-ef1-pp-case\/#primaryimage"},"thumbnailUrl":"https:\/\/audibax.com\/wp-content\/uploads\/2025\/09\/Audibax-EF1-1-comprar-1.png","datePublished":"2025-09-30T08:39:58+00:00","dateModified":"2025-12-11T11:50:55+00:00","breadcrumb":{"@id":"https:\/\/audibax.com\/fr\/produit\/audibax-ef1-pp-case\/#breadcrumb"},"inLanguage":"fr-FR","potentialAction":[{"@type":"ReadAction","target":["https:\/\/audibax.com\/fr\/produit\/audibax-ef1-pp-case\/"]}]},{"@type":"ImageObject","inLanguage":"fr-FR","@id":"https:\/\/audibax.com\/fr\/produit\/audibax-ef1-pp-case\/#primaryimage","url":"https:\/\/audibax.com\/wp-content\/uploads\/2025\/09\/Audibax-EF1-1-comprar-1.png","contentUrl":"https:\/\/audibax.com\/wp-content\/uploads\/2025\/09\/Audibax-EF1-1-comprar-1.png","width":2500,"height":1769},{"@type":"BreadcrumbList","@id":"https:\/\/audibax.com\/fr\/produit\/audibax-ef1-pp-case\/#breadcrumb","itemListElement":[{"@type":"ListItem","position":1,"name":"Portada","item":"https:\/\/audibax.com\/fr\/"},{"@type":"ListItem","position":2,"name":"Produits","item":"https:\/\/audibax.com\/fr\/shop\/"},{"@type":"ListItem","position":3,"name":"EF1-PP Case"}]},{"@type":"WebSite","@id":"https:\/\/audibax.com\/fr\/#website","url":"https:\/\/audibax.com\/fr\/","name":"Audibax","description":"","publisher":{"@id":"https:\/\/audibax.com\/fr\/#organization"},"potentialAction":[{"@type":"SearchAction","target":{"@type":"EntryPoint","urlTemplate":"https:\/\/audibax.com\/fr\/?s={search_term_string}"},"query-input":{"@type":"PropertyValueSpecification","valueRequired":true,"valueName":"search_term_string"}}],"inLanguage":"fr-FR"},{"@type":"Organization","@id":"https:\/\/audibax.com\/fr\/#organization","name":"Audibax","url":"https:\/\/audibax.com\/fr\/","logo":{"@type":"ImageObject","inLanguage":"fr-FR","@id":"https:\/\/audibax.com\/fr\/#\/schema\/logo\/image\/","url":"https:\/\/audibax.com\/wp-content\/uploads\/2023\/09\/logo-Audibax-BLANCO-SVG-1.svg","contentUrl":"https:\/\/audibax.com\/wp-content\/uploads\/2023\/09\/logo-Audibax-BLANCO-SVG-1.svg","caption":"Audibax"},"image":{"@id":"https:\/\/audibax.com\/fr\/#\/schema\/logo\/image\/"}}]}},"_links":{"self":[{"href":"https:\/\/audibax.com\/fr\/wp-json\/wp\/v2\/product\/50669","targetHints":{"allow":["GET"]}}],"collection":[{"href":"https:\/\/audibax.com\/fr\/wp-json\/wp\/v2\/product"}],"about":[{"href":"https:\/\/audibax.com\/fr\/wp-json\/wp\/v2\/types\/product"}],"replies":[{"embeddable":true,"href":"https:\/\/audibax.com\/fr\/wp-json\/wp\/v2\/comments?post=50669"}],"wp:featuredmedia":[{"embeddable":true,"href":"https:\/\/audibax.com\/fr\/wp-json\/wp\/v2\/media\/50671"}],"wp:attachment":[{"href":"https:\/\/audibax.com\/fr\/wp-json\/wp\/v2\/media?parent=50669"}],"wp:term":[{"taxonomy":"product_cat","embeddable":true,"href":"https:\/\/audibax.com\/fr\/wp-json\/wp\/v2\/product_cat?post=50669"},{"taxonomy":"product_tag","embeddable":true,"href":"https:\/\/audibax.com\/fr\/wp-json\/wp\/v2\/product_tag?post=50669"}],"curies":[{"name":"wp","href":"https:\/\/api.w.org\/{rel}","templated":true}]}}