{"id":50562,"date":"2025-09-29T17:37:27","date_gmt":"2025-09-29T15:37:27","guid":{"rendered":"https:\/\/audibax.com\/?post_type=product&#038;p=50562"},"modified":"2025-12-11T12:51:39","modified_gmt":"2025-12-11T11:51:39","slug":"audibax-ef2-pp-case","status":"publish","type":"product","link":"https:\/\/audibax.com\/fr\/produit\/audibax-ef2-pp-case\/","title":{"rendered":"EF2-PP Case"},"content":{"rendered":"<p data-start=\"69\" data-end=\"340\">Le <strong data-start=\"72\" data-end=\"95\">Case Audibax EF2-PP<\/strong> red\u00e9finit la protection des \u00e9quipements gr\u00e2ce \u00e0 son design robuste et \u00e0 ses fonctionnalit\u00e9s avanc\u00e9es.<br data-start=\"197\" data-end=\"200\" \/>Cette mallette est parfaite pour les professionnels qui doivent transporter leur mat\u00e9riel en toute s\u00e9curit\u00e9 et avec un maximum de confort.<\/p>\n<h3 data-start=\"342\" data-end=\"378\">Caract\u00e9ristiques principales :<\/h3>\n<ul data-start=\"379\" data-end=\"1199\">\n<li data-start=\"379\" data-end=\"513\">\n<p data-start=\"381\" data-end=\"513\"><strong data-start=\"381\" data-end=\"407\">Construction robuste :<\/strong> Fabriqu\u00e9e en polypropyl\u00e8ne moul\u00e9 par injection (PP), offrant une durabilit\u00e9 et une solidit\u00e9 exceptionnelles.<\/p>\n<\/li>\n<li data-start=\"514\" data-end=\"697\">\n<p data-start=\"516\" data-end=\"697\"><strong data-start=\"516\" data-end=\"545\">Valves de d\u00e9compression :<\/strong> Con\u00e7ues pour les voyages internationaux, ces valves permettent \u00e0 la mallette de s\u2019adapter aux variations de pression sans compromettre son int\u00e9grit\u00e9.<\/p>\n<\/li>\n<li data-start=\"698\" data-end=\"847\">\n<p data-start=\"700\" data-end=\"847\"><strong data-start=\"700\" data-end=\"727\">Joint torique \u00e9tanche :<\/strong> Assure une barri\u00e8re herm\u00e9tique entre le couvercle et la base, prot\u00e9geant le contenu de l\u2019humidit\u00e9 et de la poussi\u00e8re.<\/p>\n<\/li>\n<li data-start=\"848\" data-end=\"986\">\n<p data-start=\"850\" data-end=\"986\"><strong data-start=\"850\" data-end=\"876\">Fermoirs de s\u00e9curit\u00e9 :<\/strong> Emp\u00eachent toute ouverture accidentelle, garantissant que votre mat\u00e9riel reste prot\u00e9g\u00e9 pendant le transport.<\/p>\n<\/li>\n<li data-start=\"987\" data-end=\"1100\">\n<p data-start=\"989\" data-end=\"1100\"><strong data-start=\"989\" data-end=\"1016\">Poign\u00e9es ergonomiques :<\/strong> Facilitent le transport et offrent un confort optimal, m\u00eame sur de longs trajets.<\/p>\n<\/li>\n<li data-start=\"1101\" data-end=\"1199\">\n<p data-start=\"1103\" data-end=\"1199\"><strong data-start=\"1103\" data-end=\"1139\">Charni\u00e8res solides et durables :<\/strong> Assurent une utilisation prolong\u00e9e sans usure pr\u00e9matur\u00e9e.<\/p>\n<\/li>\n<\/ul>\n<h3 data-start=\"1201\" data-end=\"1219\">Dimensions :<\/h3>\n<ul data-start=\"1220\" data-end=\"1301\">\n<li data-start=\"1220\" data-end=\"1260\">\n<p data-start=\"1222\" data-end=\"1260\"><strong data-start=\"1222\" data-end=\"1239\">Ext\u00e9rieures :<\/strong> 420 x 207 x 302 mm<\/p>\n<\/li>\n<li data-start=\"1261\" data-end=\"1301\">\n<p data-start=\"1263\" data-end=\"1301\"><strong data-start=\"1263\" data-end=\"1280\">Int\u00e9rieures :<\/strong> 392 x 186 x 262 mm<\/p>\n<\/li>\n<li data-start=\"1261\" data-end=\"1301\">\n<p data-start=\"1263\" data-end=\"1301\"><strong>Poids:<\/strong> 2,8 Kg<\/p>\n<\/li>\n<\/ul>\n<p data-start=\"1303\" data-end=\"1698\">Le <strong data-start=\"1306\" data-end=\"1329\">Case Audibax EF2-PP<\/strong> n\u2019est pas seulement une mallette ; c\u2019est un v\u00e9ritable investissement pour la s\u00e9curit\u00e9 de votre mat\u00e9riel. Id\u00e9al pour les photographes, techniciens du son et tout professionnel recherchant une protection fiable, il garantit que vos outils arrivent \u00e0 destination en parfait \u00e9tat. Faites confiance \u00e0 <strong data-start=\"1626\" data-end=\"1637\">Audibax<\/strong> pour garder votre \u00e9quipement s\u00e9curis\u00e9 et pr\u00eat \u00e0 l\u2019action !<\/p>\n","protected":false},"excerpt":{"rendered":"<ul>\n<li data-start=\"267\" data-end=\"291\">\n<p data-start=\"269\" data-end=\"291\">Construction Robuste<\/p>\n<\/li>\n<li data-start=\"292\" data-end=\"328\">\n<p data-start=\"294\" data-end=\"328\">Vannes de D\u00e9gagement de Pression<\/p>\n<\/li>\n<li data-start=\"329\" data-end=\"354\">\n<p data-start=\"331\" data-end=\"354\">Joint Torique \u00c9tanche<\/p>\n<\/li>\n<li data-start=\"355\" data-end=\"378\">\n<p data-start=\"357\" data-end=\"378\">Loquets de S\u00e9curit\u00e9<\/p>\n<\/li>\n<li data-start=\"379\" data-end=\"413\">\n<p data-start=\"381\" data-end=\"413\">Ext\u00e9rieur : 420 x 207 x 302 mm<\/p>\n<\/li>\n<li data-start=\"414\" data-end=\"448\">\n<p data-start=\"416\" data-end=\"448\">Int\u00e9rieur : 392 x 186 x 262 mm<\/p>\n<\/li>\n<li data-start=\"449\" data-end=\"465\" data-is-last-node=\"\">\n<p data-start=\"451\" data-end=\"465\" data-is-last-node=\"\">Poids : 2,8 Kg<\/p>\n<\/li>\n<\/ul>\n","protected":false},"featured_media":50599,"comment_status":"open","ping_status":"closed","template":"","meta":{"_acf_changed":false},"product_cat":[327,339],"product_tag":[],"class_list":{"0":"post-50562","1":"product","2":"type-product","3":"status-publish","4":"has-post-thumbnail","6":"product_cat-cas","7":"product_cat-flightcase-declairage","9":"first","10":"onbackorder","11":"shipping-taxable","12":"product-type-simple"},"acf":[],"yoast_head":"<!-- This site is optimized with the Yoast SEO plugin v27.0 - https:\/\/yoast.com\/product\/yoast-seo-wordpress\/ -->\n<title>EF2-PP Case - Audibax<\/title>\n<meta name=\"robots\" content=\"index, follow, max-snippet:-1, max-image-preview:large, max-video-preview:-1\" \/>\n<link rel=\"canonical\" href=\"https:\/\/audibax.com\/fr\/produit\/audibax-ef2-pp-case\/\" \/>\n<meta property=\"og:locale\" content=\"fr_FR\" \/>\n<meta property=\"og:type\" content=\"article\" \/>\n<meta property=\"og:title\" content=\"EF2-PP Case - Audibax\" \/>\n<meta property=\"og:description\" content=\"Construction Robuste    Vannes de D\u00e9gagement de Pression    Joint Torique \u00c9tanche    Loquets de S\u00e9curit\u00e9    Ext\u00e9rieur : 420 x 207 x 302 mm    Int\u00e9rieur : 392 x 186 x 262 mm    Poids : 2,8 Kg\" \/>\n<meta property=\"og:url\" content=\"https:\/\/audibax.com\/fr\/produit\/audibax-ef2-pp-case\/\" \/>\n<meta property=\"og:site_name\" content=\"Audibax\" \/>\n<meta property=\"article:modified_time\" content=\"2025-12-11T11:51:39+00:00\" \/>\n<meta property=\"og:image\" content=\"https:\/\/audibax.com\/wp-content\/uploads\/2025\/09\/Audibax-EF2-1-comprar-3-1024x725.png\" \/>\n\t<meta property=\"og:image:width\" content=\"1024\" \/>\n\t<meta property=\"og:image:height\" content=\"725\" \/>\n\t<meta property=\"og:image:type\" content=\"image\/png\" \/>\n<meta name=\"twitter:card\" content=\"summary_large_image\" \/>\n<meta name=\"twitter:label1\" content=\"Dur\u00e9e de lecture estim\u00e9e\" \/>\n\t<meta name=\"twitter:data1\" content=\"2 minutes\" \/>\n<script type=\"application\/ld+json\" class=\"yoast-schema-graph\">{\"@context\":\"https:\/\/schema.org\",\"@graph\":[{\"@type\":\"WebPage\",\"@id\":\"https:\/\/audibax.com\/fr\/produit\/audibax-ef2-pp-case\/\",\"url\":\"https:\/\/audibax.com\/fr\/produit\/audibax-ef2-pp-case\/\",\"name\":\"EF2-PP Case - Audibax\",\"isPartOf\":{\"@id\":\"https:\/\/audibax.com\/fr\/#website\"},\"primaryImageOfPage\":{\"@id\":\"https:\/\/audibax.com\/fr\/produit\/audibax-ef2-pp-case\/#primaryimage\"},\"image\":{\"@id\":\"https:\/\/audibax.com\/fr\/produit\/audibax-ef2-pp-case\/#primaryimage\"},\"thumbnailUrl\":\"https:\/\/audibax.com\/wp-content\/uploads\/2025\/09\/Audibax-EF2-1-comprar-3.png\",\"datePublished\":\"2025-09-29T15:37:27+00:00\",\"dateModified\":\"2025-12-11T11:51:39+00:00\",\"breadcrumb\":{\"@id\":\"https:\/\/audibax.com\/fr\/produit\/audibax-ef2-pp-case\/#breadcrumb\"},\"inLanguage\":\"fr-FR\",\"potentialAction\":[{\"@type\":\"ReadAction\",\"target\":[\"https:\/\/audibax.com\/fr\/produit\/audibax-ef2-pp-case\/\"]}]},{\"@type\":\"ImageObject\",\"inLanguage\":\"fr-FR\",\"@id\":\"https:\/\/audibax.com\/fr\/produit\/audibax-ef2-pp-case\/#primaryimage\",\"url\":\"https:\/\/audibax.com\/wp-content\/uploads\/2025\/09\/Audibax-EF2-1-comprar-3.png\",\"contentUrl\":\"https:\/\/audibax.com\/wp-content\/uploads\/2025\/09\/Audibax-EF2-1-comprar-3.png\",\"width\":2500,\"height\":1769},{\"@type\":\"BreadcrumbList\",\"@id\":\"https:\/\/audibax.com\/fr\/produit\/audibax-ef2-pp-case\/#breadcrumb\",\"itemListElement\":[{\"@type\":\"ListItem\",\"position\":1,\"name\":\"Portada\",\"item\":\"https:\/\/audibax.com\/fr\/\"},{\"@type\":\"ListItem\",\"position\":2,\"name\":\"Produits\",\"item\":\"https:\/\/audibax.com\/fr\/shop\/\"},{\"@type\":\"ListItem\",\"position\":3,\"name\":\"EF2-PP Case\"}]},{\"@type\":\"WebSite\",\"@id\":\"https:\/\/audibax.com\/fr\/#website\",\"url\":\"https:\/\/audibax.com\/fr\/\",\"name\":\"Audibax\",\"description\":\"\",\"publisher\":{\"@id\":\"https:\/\/audibax.com\/fr\/#organization\"},\"potentialAction\":[{\"@type\":\"SearchAction\",\"target\":{\"@type\":\"EntryPoint\",\"urlTemplate\":\"https:\/\/audibax.com\/fr\/?s={search_term_string}\"},\"query-input\":{\"@type\":\"PropertyValueSpecification\",\"valueRequired\":true,\"valueName\":\"search_term_string\"}}],\"inLanguage\":\"fr-FR\"},{\"@type\":\"Organization\",\"@id\":\"https:\/\/audibax.com\/fr\/#organization\",\"name\":\"Audibax\",\"url\":\"https:\/\/audibax.com\/fr\/\",\"logo\":{\"@type\":\"ImageObject\",\"inLanguage\":\"fr-FR\",\"@id\":\"https:\/\/audibax.com\/fr\/#\/schema\/logo\/image\/\",\"url\":\"https:\/\/audibax.com\/wp-content\/uploads\/2023\/09\/logo-Audibax-BLANCO-SVG-1.svg\",\"contentUrl\":\"https:\/\/audibax.com\/wp-content\/uploads\/2023\/09\/logo-Audibax-BLANCO-SVG-1.svg\",\"caption\":\"Audibax\"},\"image\":{\"@id\":\"https:\/\/audibax.com\/fr\/#\/schema\/logo\/image\/\"}}]}<\/script>\n<!-- \/ Yoast SEO plugin. -->","yoast_head_json":{"title":"EF2-PP Case - Audibax","robots":{"index":"index","follow":"follow","max-snippet":"max-snippet:-1","max-image-preview":"max-image-preview:large","max-video-preview":"max-video-preview:-1"},"canonical":"https:\/\/audibax.com\/fr\/produit\/audibax-ef2-pp-case\/","og_locale":"fr_FR","og_type":"article","og_title":"EF2-PP Case - Audibax","og_description":"Construction Robuste    Vannes de D\u00e9gagement de Pression    Joint Torique \u00c9tanche    Loquets de S\u00e9curit\u00e9    Ext\u00e9rieur : 420 x 207 x 302 mm    Int\u00e9rieur : 392 x 186 x 262 mm    Poids : 2,8 Kg","og_url":"https:\/\/audibax.com\/fr\/produit\/audibax-ef2-pp-case\/","og_site_name":"Audibax","article_modified_time":"2025-12-11T11:51:39+00:00","og_image":[{"width":1024,"height":725,"url":"https:\/\/audibax.com\/wp-content\/uploads\/2025\/09\/Audibax-EF2-1-comprar-3-1024x725.png","type":"image\/png"}],"twitter_card":"summary_large_image","twitter_misc":{"Dur\u00e9e de lecture estim\u00e9e":"2 minutes"},"schema":{"@context":"https:\/\/schema.org","@graph":[{"@type":"WebPage","@id":"https:\/\/audibax.com\/fr\/produit\/audibax-ef2-pp-case\/","url":"https:\/\/audibax.com\/fr\/produit\/audibax-ef2-pp-case\/","name":"EF2-PP Case - Audibax","isPartOf":{"@id":"https:\/\/audibax.com\/fr\/#website"},"primaryImageOfPage":{"@id":"https:\/\/audibax.com\/fr\/produit\/audibax-ef2-pp-case\/#primaryimage"},"image":{"@id":"https:\/\/audibax.com\/fr\/produit\/audibax-ef2-pp-case\/#primaryimage"},"thumbnailUrl":"https:\/\/audibax.com\/wp-content\/uploads\/2025\/09\/Audibax-EF2-1-comprar-3.png","datePublished":"2025-09-29T15:37:27+00:00","dateModified":"2025-12-11T11:51:39+00:00","breadcrumb":{"@id":"https:\/\/audibax.com\/fr\/produit\/audibax-ef2-pp-case\/#breadcrumb"},"inLanguage":"fr-FR","potentialAction":[{"@type":"ReadAction","target":["https:\/\/audibax.com\/fr\/produit\/audibax-ef2-pp-case\/"]}]},{"@type":"ImageObject","inLanguage":"fr-FR","@id":"https:\/\/audibax.com\/fr\/produit\/audibax-ef2-pp-case\/#primaryimage","url":"https:\/\/audibax.com\/wp-content\/uploads\/2025\/09\/Audibax-EF2-1-comprar-3.png","contentUrl":"https:\/\/audibax.com\/wp-content\/uploads\/2025\/09\/Audibax-EF2-1-comprar-3.png","width":2500,"height":1769},{"@type":"BreadcrumbList","@id":"https:\/\/audibax.com\/fr\/produit\/audibax-ef2-pp-case\/#breadcrumb","itemListElement":[{"@type":"ListItem","position":1,"name":"Portada","item":"https:\/\/audibax.com\/fr\/"},{"@type":"ListItem","position":2,"name":"Produits","item":"https:\/\/audibax.com\/fr\/shop\/"},{"@type":"ListItem","position":3,"name":"EF2-PP Case"}]},{"@type":"WebSite","@id":"https:\/\/audibax.com\/fr\/#website","url":"https:\/\/audibax.com\/fr\/","name":"Audibax","description":"","publisher":{"@id":"https:\/\/audibax.com\/fr\/#organization"},"potentialAction":[{"@type":"SearchAction","target":{"@type":"EntryPoint","urlTemplate":"https:\/\/audibax.com\/fr\/?s={search_term_string}"},"query-input":{"@type":"PropertyValueSpecification","valueRequired":true,"valueName":"search_term_string"}}],"inLanguage":"fr-FR"},{"@type":"Organization","@id":"https:\/\/audibax.com\/fr\/#organization","name":"Audibax","url":"https:\/\/audibax.com\/fr\/","logo":{"@type":"ImageObject","inLanguage":"fr-FR","@id":"https:\/\/audibax.com\/fr\/#\/schema\/logo\/image\/","url":"https:\/\/audibax.com\/wp-content\/uploads\/2023\/09\/logo-Audibax-BLANCO-SVG-1.svg","contentUrl":"https:\/\/audibax.com\/wp-content\/uploads\/2023\/09\/logo-Audibax-BLANCO-SVG-1.svg","caption":"Audibax"},"image":{"@id":"https:\/\/audibax.com\/fr\/#\/schema\/logo\/image\/"}}]}},"_links":{"self":[{"href":"https:\/\/audibax.com\/fr\/wp-json\/wp\/v2\/product\/50562","targetHints":{"allow":["GET"]}}],"collection":[{"href":"https:\/\/audibax.com\/fr\/wp-json\/wp\/v2\/product"}],"about":[{"href":"https:\/\/audibax.com\/fr\/wp-json\/wp\/v2\/types\/product"}],"replies":[{"embeddable":true,"href":"https:\/\/audibax.com\/fr\/wp-json\/wp\/v2\/comments?post=50562"}],"wp:featuredmedia":[{"embeddable":true,"href":"https:\/\/audibax.com\/fr\/wp-json\/wp\/v2\/media\/50599"}],"wp:attachment":[{"href":"https:\/\/audibax.com\/fr\/wp-json\/wp\/v2\/media?parent=50562"}],"wp:term":[{"taxonomy":"product_cat","embeddable":true,"href":"https:\/\/audibax.com\/fr\/wp-json\/wp\/v2\/product_cat?post=50562"},{"taxonomy":"product_tag","embeddable":true,"href":"https:\/\/audibax.com\/fr\/wp-json\/wp\/v2\/product_tag?post=50562"}],"curies":[{"name":"wp","href":"https:\/\/api.w.org\/{rel}","templated":true}]}}