{"id":49106,"date":"2025-01-22T17:11:29","date_gmt":"2025-01-22T16:11:29","guid":{"rendered":"https:\/\/audibax.com\/product\/as3000s-001-dolly-bag\/"},"modified":"2025-01-22T17:44:27","modified_gmt":"2025-01-22T16:44:27","slug":"as3000s-001-dolly-bag","status":"publish","type":"product","link":"https:\/\/audibax.com\/fr\/produit\/as3000s-001-dolly-bag\/","title":{"rendered":"AS3000S-001 DOLLY BAG"},"content":{"rendered":"<p><strong>Sp\u00e9cificit\u00e9s<\/strong><\/p>\n<ul>\n<li>Housse pour Seattle 3000S<\/li>\n<li>Couleur : Noir<\/li>\n<li>Mat\u00e9riau : Nylon type cordura<\/li>\n<li>R\u00e9sistante \u00e0 l&rsquo;eau<\/li>\n<li>Dimensions : Hauteur : 52 cm Largeur : 59 cm Profondeur : 63 cm<\/li>\n<\/ul>\n","protected":false},"excerpt":{"rendered":"<ul>\n<li>Couleur : Noir<br \/>\nMat\u00e9riau : Nylon type cordura<br \/>\nR\u00e9sistante \u00e0 l&rsquo;eau<\/li>\n<\/ul>\n","protected":false},"featured_media":49092,"comment_status":"open","ping_status":"closed","template":"","meta":{"_acf_changed":false},"product_cat":[327,341],"product_tag":[],"class_list":{"0":"post-49106","1":"product","2":"type-product","3":"status-publish","4":"has-post-thumbnail","6":"product_cat-cas","7":"product_cat-couvercle-du-haut-parleur","9":"first","10":"instock","11":"shipping-taxable","12":"product-type-simple"},"acf":[],"yoast_head":"<!-- This site is optimized with the Yoast SEO plugin v27.0 - https:\/\/yoast.com\/product\/yoast-seo-wordpress\/ -->\n<title>AS3000S-001 DOLLY BAG - Audibax<\/title>\n<meta name=\"robots\" content=\"index, follow, max-snippet:-1, max-image-preview:large, max-video-preview:-1\" \/>\n<link rel=\"canonical\" href=\"https:\/\/audibax.com\/fr\/produit\/as3000s-001-dolly-bag\/\" \/>\n<meta property=\"og:locale\" content=\"fr_FR\" \/>\n<meta property=\"og:type\" content=\"article\" \/>\n<meta property=\"og:title\" content=\"AS3000S-001 DOLLY BAG - Audibax\" \/>\n<meta property=\"og:description\" content=\"Couleur : Noir Mat\u00e9riau : Nylon type cordura R\u00e9sistante \u00e0 l&#039;eau\" \/>\n<meta property=\"og:url\" content=\"https:\/\/audibax.com\/fr\/produit\/as3000s-001-dolly-bag\/\" \/>\n<meta property=\"og:site_name\" content=\"Audibax\" \/>\n<meta property=\"article:modified_time\" content=\"2025-01-22T16:44:27+00:00\" \/>\n<meta property=\"og:image\" content=\"https:\/\/audibax.com\/wp-content\/uploads\/2025\/01\/10299867_01.png\" \/>\n\t<meta property=\"og:image:width\" content=\"2500\" \/>\n\t<meta property=\"og:image:height\" content=\"1698\" \/>\n\t<meta property=\"og:image:type\" content=\"image\/png\" \/>\n<meta name=\"twitter:card\" content=\"summary_large_image\" \/>\n<meta name=\"twitter:label1\" content=\"Dur\u00e9e de lecture estim\u00e9e\" \/>\n\t<meta name=\"twitter:data1\" content=\"1 minute\" \/>\n<script type=\"application\/ld+json\" class=\"yoast-schema-graph\">{\"@context\":\"https:\/\/schema.org\",\"@graph\":[{\"@type\":\"WebPage\",\"@id\":\"https:\/\/audibax.com\/fr\/produit\/as3000s-001-dolly-bag\/\",\"url\":\"https:\/\/audibax.com\/fr\/produit\/as3000s-001-dolly-bag\/\",\"name\":\"AS3000S-001 DOLLY BAG - Audibax\",\"isPartOf\":{\"@id\":\"https:\/\/audibax.com\/fr\/#website\"},\"primaryImageOfPage\":{\"@id\":\"https:\/\/audibax.com\/fr\/produit\/as3000s-001-dolly-bag\/#primaryimage\"},\"image\":{\"@id\":\"https:\/\/audibax.com\/fr\/produit\/as3000s-001-dolly-bag\/#primaryimage\"},\"thumbnailUrl\":\"https:\/\/audibax.com\/wp-content\/uploads\/2025\/01\/10299867_01.png\",\"datePublished\":\"2025-01-22T16:11:29+00:00\",\"dateModified\":\"2025-01-22T16:44:27+00:00\",\"breadcrumb\":{\"@id\":\"https:\/\/audibax.com\/fr\/produit\/as3000s-001-dolly-bag\/#breadcrumb\"},\"inLanguage\":\"fr-FR\",\"potentialAction\":[{\"@type\":\"ReadAction\",\"target\":[\"https:\/\/audibax.com\/fr\/produit\/as3000s-001-dolly-bag\/\"]}]},{\"@type\":\"ImageObject\",\"inLanguage\":\"fr-FR\",\"@id\":\"https:\/\/audibax.com\/fr\/produit\/as3000s-001-dolly-bag\/#primaryimage\",\"url\":\"https:\/\/audibax.com\/wp-content\/uploads\/2025\/01\/10299867_01.png\",\"contentUrl\":\"https:\/\/audibax.com\/wp-content\/uploads\/2025\/01\/10299867_01.png\",\"width\":2500,\"height\":1698},{\"@type\":\"BreadcrumbList\",\"@id\":\"https:\/\/audibax.com\/fr\/produit\/as3000s-001-dolly-bag\/#breadcrumb\",\"itemListElement\":[{\"@type\":\"ListItem\",\"position\":1,\"name\":\"Portada\",\"item\":\"https:\/\/audibax.com\/fr\/\"},{\"@type\":\"ListItem\",\"position\":2,\"name\":\"Produits\",\"item\":\"https:\/\/audibax.com\/fr\/shop\/\"},{\"@type\":\"ListItem\",\"position\":3,\"name\":\"AS3000S-001 DOLLY BAG\"}]},{\"@type\":\"WebSite\",\"@id\":\"https:\/\/audibax.com\/fr\/#website\",\"url\":\"https:\/\/audibax.com\/fr\/\",\"name\":\"Audibax\",\"description\":\"\",\"publisher\":{\"@id\":\"https:\/\/audibax.com\/fr\/#organization\"},\"potentialAction\":[{\"@type\":\"SearchAction\",\"target\":{\"@type\":\"EntryPoint\",\"urlTemplate\":\"https:\/\/audibax.com\/fr\/?s={search_term_string}\"},\"query-input\":{\"@type\":\"PropertyValueSpecification\",\"valueRequired\":true,\"valueName\":\"search_term_string\"}}],\"inLanguage\":\"fr-FR\"},{\"@type\":\"Organization\",\"@id\":\"https:\/\/audibax.com\/fr\/#organization\",\"name\":\"Audibax\",\"url\":\"https:\/\/audibax.com\/fr\/\",\"logo\":{\"@type\":\"ImageObject\",\"inLanguage\":\"fr-FR\",\"@id\":\"https:\/\/audibax.com\/fr\/#\/schema\/logo\/image\/\",\"url\":\"https:\/\/audibax.com\/wp-content\/uploads\/2023\/09\/logo-Audibax-BLANCO-SVG-1.svg\",\"contentUrl\":\"https:\/\/audibax.com\/wp-content\/uploads\/2023\/09\/logo-Audibax-BLANCO-SVG-1.svg\",\"caption\":\"Audibax\"},\"image\":{\"@id\":\"https:\/\/audibax.com\/fr\/#\/schema\/logo\/image\/\"}}]}<\/script>\n<!-- \/ Yoast SEO plugin. -->","yoast_head_json":{"title":"AS3000S-001 DOLLY BAG - Audibax","robots":{"index":"index","follow":"follow","max-snippet":"max-snippet:-1","max-image-preview":"max-image-preview:large","max-video-preview":"max-video-preview:-1"},"canonical":"https:\/\/audibax.com\/fr\/produit\/as3000s-001-dolly-bag\/","og_locale":"fr_FR","og_type":"article","og_title":"AS3000S-001 DOLLY BAG - Audibax","og_description":"Couleur : Noir Mat\u00e9riau : Nylon type cordura R\u00e9sistante \u00e0 l'eau","og_url":"https:\/\/audibax.com\/fr\/produit\/as3000s-001-dolly-bag\/","og_site_name":"Audibax","article_modified_time":"2025-01-22T16:44:27+00:00","og_image":[{"width":2500,"height":1698,"url":"https:\/\/audibax.com\/wp-content\/uploads\/2025\/01\/10299867_01.png","type":"image\/png"}],"twitter_card":"summary_large_image","twitter_misc":{"Dur\u00e9e de lecture estim\u00e9e":"1 minute"},"schema":{"@context":"https:\/\/schema.org","@graph":[{"@type":"WebPage","@id":"https:\/\/audibax.com\/fr\/produit\/as3000s-001-dolly-bag\/","url":"https:\/\/audibax.com\/fr\/produit\/as3000s-001-dolly-bag\/","name":"AS3000S-001 DOLLY BAG - Audibax","isPartOf":{"@id":"https:\/\/audibax.com\/fr\/#website"},"primaryImageOfPage":{"@id":"https:\/\/audibax.com\/fr\/produit\/as3000s-001-dolly-bag\/#primaryimage"},"image":{"@id":"https:\/\/audibax.com\/fr\/produit\/as3000s-001-dolly-bag\/#primaryimage"},"thumbnailUrl":"https:\/\/audibax.com\/wp-content\/uploads\/2025\/01\/10299867_01.png","datePublished":"2025-01-22T16:11:29+00:00","dateModified":"2025-01-22T16:44:27+00:00","breadcrumb":{"@id":"https:\/\/audibax.com\/fr\/produit\/as3000s-001-dolly-bag\/#breadcrumb"},"inLanguage":"fr-FR","potentialAction":[{"@type":"ReadAction","target":["https:\/\/audibax.com\/fr\/produit\/as3000s-001-dolly-bag\/"]}]},{"@type":"ImageObject","inLanguage":"fr-FR","@id":"https:\/\/audibax.com\/fr\/produit\/as3000s-001-dolly-bag\/#primaryimage","url":"https:\/\/audibax.com\/wp-content\/uploads\/2025\/01\/10299867_01.png","contentUrl":"https:\/\/audibax.com\/wp-content\/uploads\/2025\/01\/10299867_01.png","width":2500,"height":1698},{"@type":"BreadcrumbList","@id":"https:\/\/audibax.com\/fr\/produit\/as3000s-001-dolly-bag\/#breadcrumb","itemListElement":[{"@type":"ListItem","position":1,"name":"Portada","item":"https:\/\/audibax.com\/fr\/"},{"@type":"ListItem","position":2,"name":"Produits","item":"https:\/\/audibax.com\/fr\/shop\/"},{"@type":"ListItem","position":3,"name":"AS3000S-001 DOLLY BAG"}]},{"@type":"WebSite","@id":"https:\/\/audibax.com\/fr\/#website","url":"https:\/\/audibax.com\/fr\/","name":"Audibax","description":"","publisher":{"@id":"https:\/\/audibax.com\/fr\/#organization"},"potentialAction":[{"@type":"SearchAction","target":{"@type":"EntryPoint","urlTemplate":"https:\/\/audibax.com\/fr\/?s={search_term_string}"},"query-input":{"@type":"PropertyValueSpecification","valueRequired":true,"valueName":"search_term_string"}}],"inLanguage":"fr-FR"},{"@type":"Organization","@id":"https:\/\/audibax.com\/fr\/#organization","name":"Audibax","url":"https:\/\/audibax.com\/fr\/","logo":{"@type":"ImageObject","inLanguage":"fr-FR","@id":"https:\/\/audibax.com\/fr\/#\/schema\/logo\/image\/","url":"https:\/\/audibax.com\/wp-content\/uploads\/2023\/09\/logo-Audibax-BLANCO-SVG-1.svg","contentUrl":"https:\/\/audibax.com\/wp-content\/uploads\/2023\/09\/logo-Audibax-BLANCO-SVG-1.svg","caption":"Audibax"},"image":{"@id":"https:\/\/audibax.com\/fr\/#\/schema\/logo\/image\/"}}]}},"_links":{"self":[{"href":"https:\/\/audibax.com\/fr\/wp-json\/wp\/v2\/product\/49106","targetHints":{"allow":["GET"]}}],"collection":[{"href":"https:\/\/audibax.com\/fr\/wp-json\/wp\/v2\/product"}],"about":[{"href":"https:\/\/audibax.com\/fr\/wp-json\/wp\/v2\/types\/product"}],"replies":[{"embeddable":true,"href":"https:\/\/audibax.com\/fr\/wp-json\/wp\/v2\/comments?post=49106"}],"wp:featuredmedia":[{"embeddable":true,"href":"https:\/\/audibax.com\/fr\/wp-json\/wp\/v2\/media\/49092"}],"wp:attachment":[{"href":"https:\/\/audibax.com\/fr\/wp-json\/wp\/v2\/media?parent=49106"}],"wp:term":[{"taxonomy":"product_cat","embeddable":true,"href":"https:\/\/audibax.com\/fr\/wp-json\/wp\/v2\/product_cat?post=49106"},{"taxonomy":"product_tag","embeddable":true,"href":"https:\/\/audibax.com\/fr\/wp-json\/wp\/v2\/product_tag?post=49106"}],"curies":[{"name":"wp","href":"https:\/\/api.w.org\/{rel}","templated":true}]}}