{"id":48293,"date":"2025-01-13T16:49:10","date_gmt":"2025-01-13T15:49:10","guid":{"rendered":"https:\/\/audibax.com\/product\/m88-wp-btdn\/"},"modified":"2025-01-27T12:33:32","modified_gmt":"2025-01-27T11:33:32","slug":"m88-wp-btdn","status":"publish","type":"product","link":"https:\/\/audibax.com\/fr\/produit\/m88-wp-btdn\/","title":{"rendered":"M88 WP-BTDN"},"content":{"rendered":"<p><strong>Audibax Pro M88 WP-BTDN<\/strong><\/p>\n<p>L&rsquo;Audibax Pro M88 WP-BTDN est une solution audio professionnelle con\u00e7ue pour offrir la derni\u00e8re technologie en mati\u00e8re de transmission audio et de connectivit\u00e9. Avec sa construction en aluminium, cet appareil est extr\u00eamement robuste et durable. Sa technologie Dante pour la transmission audio et sa compatibilit\u00e9 avec Dante Controller permettent un contr\u00f4le total des configurations du syst\u00e8me, ce qui le rend id\u00e9al pour des environnements professionnels \u00e0 forte demande.<\/p>\n<p>Gr\u00e2ce \u00e0 son support de montage mural, le M88 WP-BTDN est parfait pour des applications audio fixes, garantissant toujours une qualit\u00e9 sonore sup\u00e9rieure et une transmission fiable.<\/p>\n<p><strong>Caract\u00e9ristiques<\/strong><\/p>\n<ul>\n<li>Cat\u00e9gorie : Syst\u00e8me audio<\/li>\n<li>Mat\u00e9riau : Aluminium<\/li>\n<li>Connectivit\u00e9 :<\/li>\n<li>Entr\u00e9e audio : Bluetooth + 2 canaux RCA analogiques<\/li>\n<li>Dante : 2 canaux de sortie<\/li>\n<li>Logiciel : Dante Controller<\/li>\n<li>Montage : Support mural<\/li>\n<li>Couleur : Argent<\/li>\n<li>Accessoires inclus :<\/li>\n<li>Manuel d&rsquo;utilisation<\/li>\n<li>Dimensions : Hauteur : 8,6 cm, Largeur : 8,6 cm, Profondeur : 3,8 cm<\/li>\n<li>Poids : 0,6 kg<\/li>\n<li>Applications : Transmission audio dans des environnements professionnels<\/li>\n<\/ul>\n","protected":false},"excerpt":{"rendered":"<ul>\n<li>Connectivit\u00e9 : Audio : Entr\u00e9e audio : Bluetooth + 2 canaux RCA analogiques, Dante : 2 canaux de sortie<\/li>\n<li>Montage : Support mural<\/li>\n<li>Mat\u00e9riau : Aluminium<\/li>\n<li>Poids : 0,6 kg<\/li>\n<\/ul>\n","protected":false},"featured_media":48270,"comment_status":"open","ping_status":"closed","template":"","meta":{"_acf_changed":false},"product_cat":[707,711],"product_tag":[],"class_list":{"0":"post-48293","1":"product","2":"type-product","3":"status-publish","4":"has-post-thumbnail","6":"product_cat-matrice-numerique-processeurs","7":"product_cat-panneaux-muraux","9":"first","10":"instock","11":"shipping-taxable","12":"product-type-simple"},"acf":[],"yoast_head":"<!-- This site is optimized with the Yoast SEO plugin v27.0 - https:\/\/yoast.com\/product\/yoast-seo-wordpress\/ -->\n<title>M88 WP-BTDN - Audibax<\/title>\n<meta name=\"robots\" content=\"index, follow, max-snippet:-1, max-image-preview:large, max-video-preview:-1\" \/>\n<link rel=\"canonical\" href=\"https:\/\/audibax.com\/fr\/produit\/m88-wp-btdn\/\" \/>\n<meta property=\"og:locale\" content=\"fr_FR\" \/>\n<meta property=\"og:type\" content=\"article\" \/>\n<meta property=\"og:title\" content=\"M88 WP-BTDN - Audibax\" \/>\n<meta property=\"og:description\" content=\"Connectivit\u00e9 : Audio : Entr\u00e9e audio : Bluetooth + 2 canaux RCA analogiques, Dante : 2 canaux de sortie  Montage : Support mural  Mat\u00e9riau : Aluminium  Poids : 0,6 kg\" \/>\n<meta property=\"og:url\" content=\"https:\/\/audibax.com\/fr\/produit\/m88-wp-btdn\/\" \/>\n<meta property=\"og:site_name\" content=\"Audibax\" \/>\n<meta property=\"article:modified_time\" content=\"2025-01-27T11:33:32+00:00\" \/>\n<meta property=\"og:image\" content=\"https:\/\/audibax.com\/wp-content\/uploads\/2025\/01\/10300005-01-1024x724.png\" \/>\n\t<meta property=\"og:image:width\" content=\"1024\" \/>\n\t<meta property=\"og:image:height\" content=\"724\" \/>\n\t<meta property=\"og:image:type\" content=\"image\/png\" \/>\n<meta name=\"twitter:card\" content=\"summary_large_image\" \/>\n<meta name=\"twitter:label1\" content=\"Dur\u00e9e de lecture estim\u00e9e\" \/>\n\t<meta name=\"twitter:data1\" content=\"1 minute\" \/>\n<script type=\"application\/ld+json\" class=\"yoast-schema-graph\">{\"@context\":\"https:\/\/schema.org\",\"@graph\":[{\"@type\":\"WebPage\",\"@id\":\"https:\/\/audibax.com\/fr\/produit\/m88-wp-btdn\/\",\"url\":\"https:\/\/audibax.com\/fr\/produit\/m88-wp-btdn\/\",\"name\":\"M88 WP-BTDN - Audibax\",\"isPartOf\":{\"@id\":\"https:\/\/audibax.com\/fr\/#website\"},\"primaryImageOfPage\":{\"@id\":\"https:\/\/audibax.com\/fr\/produit\/m88-wp-btdn\/#primaryimage\"},\"image\":{\"@id\":\"https:\/\/audibax.com\/fr\/produit\/m88-wp-btdn\/#primaryimage\"},\"thumbnailUrl\":\"https:\/\/audibax.com\/wp-content\/uploads\/2025\/01\/10300005-01.png\",\"datePublished\":\"2025-01-13T15:49:10+00:00\",\"dateModified\":\"2025-01-27T11:33:32+00:00\",\"breadcrumb\":{\"@id\":\"https:\/\/audibax.com\/fr\/produit\/m88-wp-btdn\/#breadcrumb\"},\"inLanguage\":\"fr-FR\",\"potentialAction\":[{\"@type\":\"ReadAction\",\"target\":[\"https:\/\/audibax.com\/fr\/produit\/m88-wp-btdn\/\"]}]},{\"@type\":\"ImageObject\",\"inLanguage\":\"fr-FR\",\"@id\":\"https:\/\/audibax.com\/fr\/produit\/m88-wp-btdn\/#primaryimage\",\"url\":\"https:\/\/audibax.com\/wp-content\/uploads\/2025\/01\/10300005-01.png\",\"contentUrl\":\"https:\/\/audibax.com\/wp-content\/uploads\/2025\/01\/10300005-01.png\",\"width\":2500,\"height\":1768},{\"@type\":\"BreadcrumbList\",\"@id\":\"https:\/\/audibax.com\/fr\/produit\/m88-wp-btdn\/#breadcrumb\",\"itemListElement\":[{\"@type\":\"ListItem\",\"position\":1,\"name\":\"Portada\",\"item\":\"https:\/\/audibax.com\/fr\/\"},{\"@type\":\"ListItem\",\"position\":2,\"name\":\"Produits\",\"item\":\"https:\/\/audibax.com\/fr\/shop\/\"},{\"@type\":\"ListItem\",\"position\":3,\"name\":\"M88 WP-BTDN\"}]},{\"@type\":\"WebSite\",\"@id\":\"https:\/\/audibax.com\/fr\/#website\",\"url\":\"https:\/\/audibax.com\/fr\/\",\"name\":\"Audibax\",\"description\":\"\",\"publisher\":{\"@id\":\"https:\/\/audibax.com\/fr\/#organization\"},\"potentialAction\":[{\"@type\":\"SearchAction\",\"target\":{\"@type\":\"EntryPoint\",\"urlTemplate\":\"https:\/\/audibax.com\/fr\/?s={search_term_string}\"},\"query-input\":{\"@type\":\"PropertyValueSpecification\",\"valueRequired\":true,\"valueName\":\"search_term_string\"}}],\"inLanguage\":\"fr-FR\"},{\"@type\":\"Organization\",\"@id\":\"https:\/\/audibax.com\/fr\/#organization\",\"name\":\"Audibax\",\"url\":\"https:\/\/audibax.com\/fr\/\",\"logo\":{\"@type\":\"ImageObject\",\"inLanguage\":\"fr-FR\",\"@id\":\"https:\/\/audibax.com\/fr\/#\/schema\/logo\/image\/\",\"url\":\"https:\/\/audibax.com\/wp-content\/uploads\/2023\/09\/logo-Audibax-BLANCO-SVG-1.svg\",\"contentUrl\":\"https:\/\/audibax.com\/wp-content\/uploads\/2023\/09\/logo-Audibax-BLANCO-SVG-1.svg\",\"caption\":\"Audibax\"},\"image\":{\"@id\":\"https:\/\/audibax.com\/fr\/#\/schema\/logo\/image\/\"}}]}<\/script>\n<!-- \/ Yoast SEO plugin. -->","yoast_head_json":{"title":"M88 WP-BTDN - Audibax","robots":{"index":"index","follow":"follow","max-snippet":"max-snippet:-1","max-image-preview":"max-image-preview:large","max-video-preview":"max-video-preview:-1"},"canonical":"https:\/\/audibax.com\/fr\/produit\/m88-wp-btdn\/","og_locale":"fr_FR","og_type":"article","og_title":"M88 WP-BTDN - Audibax","og_description":"Connectivit\u00e9 : Audio : Entr\u00e9e audio : Bluetooth + 2 canaux RCA analogiques, Dante : 2 canaux de sortie  Montage : Support mural  Mat\u00e9riau : Aluminium  Poids : 0,6 kg","og_url":"https:\/\/audibax.com\/fr\/produit\/m88-wp-btdn\/","og_site_name":"Audibax","article_modified_time":"2025-01-27T11:33:32+00:00","og_image":[{"width":1024,"height":724,"url":"https:\/\/audibax.com\/wp-content\/uploads\/2025\/01\/10300005-01-1024x724.png","type":"image\/png"}],"twitter_card":"summary_large_image","twitter_misc":{"Dur\u00e9e de lecture estim\u00e9e":"1 minute"},"schema":{"@context":"https:\/\/schema.org","@graph":[{"@type":"WebPage","@id":"https:\/\/audibax.com\/fr\/produit\/m88-wp-btdn\/","url":"https:\/\/audibax.com\/fr\/produit\/m88-wp-btdn\/","name":"M88 WP-BTDN - Audibax","isPartOf":{"@id":"https:\/\/audibax.com\/fr\/#website"},"primaryImageOfPage":{"@id":"https:\/\/audibax.com\/fr\/produit\/m88-wp-btdn\/#primaryimage"},"image":{"@id":"https:\/\/audibax.com\/fr\/produit\/m88-wp-btdn\/#primaryimage"},"thumbnailUrl":"https:\/\/audibax.com\/wp-content\/uploads\/2025\/01\/10300005-01.png","datePublished":"2025-01-13T15:49:10+00:00","dateModified":"2025-01-27T11:33:32+00:00","breadcrumb":{"@id":"https:\/\/audibax.com\/fr\/produit\/m88-wp-btdn\/#breadcrumb"},"inLanguage":"fr-FR","potentialAction":[{"@type":"ReadAction","target":["https:\/\/audibax.com\/fr\/produit\/m88-wp-btdn\/"]}]},{"@type":"ImageObject","inLanguage":"fr-FR","@id":"https:\/\/audibax.com\/fr\/produit\/m88-wp-btdn\/#primaryimage","url":"https:\/\/audibax.com\/wp-content\/uploads\/2025\/01\/10300005-01.png","contentUrl":"https:\/\/audibax.com\/wp-content\/uploads\/2025\/01\/10300005-01.png","width":2500,"height":1768},{"@type":"BreadcrumbList","@id":"https:\/\/audibax.com\/fr\/produit\/m88-wp-btdn\/#breadcrumb","itemListElement":[{"@type":"ListItem","position":1,"name":"Portada","item":"https:\/\/audibax.com\/fr\/"},{"@type":"ListItem","position":2,"name":"Produits","item":"https:\/\/audibax.com\/fr\/shop\/"},{"@type":"ListItem","position":3,"name":"M88 WP-BTDN"}]},{"@type":"WebSite","@id":"https:\/\/audibax.com\/fr\/#website","url":"https:\/\/audibax.com\/fr\/","name":"Audibax","description":"","publisher":{"@id":"https:\/\/audibax.com\/fr\/#organization"},"potentialAction":[{"@type":"SearchAction","target":{"@type":"EntryPoint","urlTemplate":"https:\/\/audibax.com\/fr\/?s={search_term_string}"},"query-input":{"@type":"PropertyValueSpecification","valueRequired":true,"valueName":"search_term_string"}}],"inLanguage":"fr-FR"},{"@type":"Organization","@id":"https:\/\/audibax.com\/fr\/#organization","name":"Audibax","url":"https:\/\/audibax.com\/fr\/","logo":{"@type":"ImageObject","inLanguage":"fr-FR","@id":"https:\/\/audibax.com\/fr\/#\/schema\/logo\/image\/","url":"https:\/\/audibax.com\/wp-content\/uploads\/2023\/09\/logo-Audibax-BLANCO-SVG-1.svg","contentUrl":"https:\/\/audibax.com\/wp-content\/uploads\/2023\/09\/logo-Audibax-BLANCO-SVG-1.svg","caption":"Audibax"},"image":{"@id":"https:\/\/audibax.com\/fr\/#\/schema\/logo\/image\/"}}]}},"_links":{"self":[{"href":"https:\/\/audibax.com\/fr\/wp-json\/wp\/v2\/product\/48293","targetHints":{"allow":["GET"]}}],"collection":[{"href":"https:\/\/audibax.com\/fr\/wp-json\/wp\/v2\/product"}],"about":[{"href":"https:\/\/audibax.com\/fr\/wp-json\/wp\/v2\/types\/product"}],"replies":[{"embeddable":true,"href":"https:\/\/audibax.com\/fr\/wp-json\/wp\/v2\/comments?post=48293"}],"wp:featuredmedia":[{"embeddable":true,"href":"https:\/\/audibax.com\/fr\/wp-json\/wp\/v2\/media\/48270"}],"wp:attachment":[{"href":"https:\/\/audibax.com\/fr\/wp-json\/wp\/v2\/media?parent=48293"}],"wp:term":[{"taxonomy":"product_cat","embeddable":true,"href":"https:\/\/audibax.com\/fr\/wp-json\/wp\/v2\/product_cat?post=48293"},{"taxonomy":"product_tag","embeddable":true,"href":"https:\/\/audibax.com\/fr\/wp-json\/wp\/v2\/product_tag?post=48293"}],"curies":[{"name":"wp","href":"https:\/\/api.w.org\/{rel}","templated":true}]}}