{"id":45696,"date":"2024-08-14T11:51:07","date_gmt":"2024-08-14T09:51:07","guid":{"rendered":"https:\/\/audibax.com\/?post_type=product&#038;p=45696"},"modified":"2024-08-14T13:52:20","modified_gmt":"2024-08-14T11:52:20","slug":"splash-140-barndoor","status":"publish","type":"product","link":"https:\/\/audibax.com\/fr\/produit\/splash-140-barndoor\/","title":{"rendered":"Splash 140 Barndoor"},"content":{"rendered":"<p><strong>Audibax Pro Splash 140 Barndoor pour projecteur LED Splash 140<\/strong><\/p>\n<p>Le <strong>Audibax Pro Splash 140 Barndoor<\/strong> est un accessoire essentiel pour le projecteur LED Splash 140, con\u00e7u pour offrir un contr\u00f4le pr\u00e9cis et professionnel sur la direction et l\u2019intensit\u00e9 de la lumi\u00e8re. Avec un design \u00e9l\u00e9gant et fonctionnel, ce barndoor am\u00e9liore la polyvalence de votre \u00e9quipement d\u2019\u00e9clairage, vous permettant d\u2019obtenir des effets de lumi\u00e8re pr\u00e9cis et personnalis\u00e9s dans chaque sc\u00e8ne.<\/p>\n<p>Compatible avec le mod\u00e8le Audibax Pro Splash 140<\/p>\n<p><strong>Sp\u00e9cifications techniques<\/strong> :<\/p>\n<ul>\n<li>Pour ajuster le faisceau lumineux souhait\u00e9<\/li>\n<li>Couleur : Noir<\/li>\n<li>Mat\u00e9riau : M\u00e9tal<\/li>\n<li>Dimensions : 260 x 229 x 22 mm<\/li>\n<li>Poids : 1,182 kg<\/li>\n<\/ul>\n","protected":false},"excerpt":{"rendered":"<p>Compatible avec le mod\u00e8le Audibax Pro Splash 140<\/p>\n","protected":false},"featured_media":45678,"comment_status":"open","ping_status":"closed","template":"","meta":{"_acf_changed":false},"product_cat":[327,339],"product_tag":[],"class_list":{"0":"post-45696","1":"product","2":"type-product","3":"status-publish","4":"has-post-thumbnail","6":"product_cat-cas","7":"product_cat-flightcase-declairage","9":"first","10":"instock","11":"shipping-taxable","12":"product-type-simple"},"acf":[],"yoast_head":"<!-- This site is optimized with the Yoast SEO plugin v27.0 - https:\/\/yoast.com\/product\/yoast-seo-wordpress\/ -->\n<title>Splash 140 Barndoor - Audibax<\/title>\n<meta name=\"robots\" content=\"index, follow, max-snippet:-1, max-image-preview:large, max-video-preview:-1\" \/>\n<link rel=\"canonical\" href=\"https:\/\/audibax.com\/fr\/produit\/splash-140-barndoor\/\" \/>\n<meta property=\"og:locale\" content=\"fr_FR\" \/>\n<meta property=\"og:type\" content=\"article\" \/>\n<meta property=\"og:title\" content=\"Splash 140 Barndoor - Audibax\" \/>\n<meta property=\"og:description\" content=\"Compatible avec le mod\u00e8le Audibax Pro Splash 140\" \/>\n<meta property=\"og:url\" content=\"https:\/\/audibax.com\/fr\/produit\/splash-140-barndoor\/\" \/>\n<meta property=\"og:site_name\" content=\"Audibax\" \/>\n<meta property=\"article:modified_time\" content=\"2024-08-14T11:52:20+00:00\" \/>\n<meta property=\"og:image\" content=\"https:\/\/audibax.com\/wp-content\/uploads\/2024\/08\/Splash-140-Barndoor-1.png\" \/>\n\t<meta property=\"og:image:width\" content=\"2500\" \/>\n\t<meta property=\"og:image:height\" content=\"1769\" \/>\n\t<meta property=\"og:image:type\" content=\"image\/png\" \/>\n<meta name=\"twitter:card\" content=\"summary_large_image\" \/>\n<meta name=\"twitter:label1\" content=\"Dur\u00e9e de lecture estim\u00e9e\" \/>\n\t<meta name=\"twitter:data1\" content=\"1 minute\" \/>\n<script type=\"application\/ld+json\" class=\"yoast-schema-graph\">{\"@context\":\"https:\/\/schema.org\",\"@graph\":[{\"@type\":\"WebPage\",\"@id\":\"https:\/\/audibax.com\/fr\/produit\/splash-140-barndoor\/\",\"url\":\"https:\/\/audibax.com\/fr\/produit\/splash-140-barndoor\/\",\"name\":\"Splash 140 Barndoor - Audibax\",\"isPartOf\":{\"@id\":\"https:\/\/audibax.com\/fr\/#website\"},\"primaryImageOfPage\":{\"@id\":\"https:\/\/audibax.com\/fr\/produit\/splash-140-barndoor\/#primaryimage\"},\"image\":{\"@id\":\"https:\/\/audibax.com\/fr\/produit\/splash-140-barndoor\/#primaryimage\"},\"thumbnailUrl\":\"https:\/\/audibax.com\/wp-content\/uploads\/2024\/08\/Splash-140-Barndoor-1.png\",\"datePublished\":\"2024-08-14T09:51:07+00:00\",\"dateModified\":\"2024-08-14T11:52:20+00:00\",\"breadcrumb\":{\"@id\":\"https:\/\/audibax.com\/fr\/produit\/splash-140-barndoor\/#breadcrumb\"},\"inLanguage\":\"fr-FR\",\"potentialAction\":[{\"@type\":\"ReadAction\",\"target\":[\"https:\/\/audibax.com\/fr\/produit\/splash-140-barndoor\/\"]}]},{\"@type\":\"ImageObject\",\"inLanguage\":\"fr-FR\",\"@id\":\"https:\/\/audibax.com\/fr\/produit\/splash-140-barndoor\/#primaryimage\",\"url\":\"https:\/\/audibax.com\/wp-content\/uploads\/2024\/08\/Splash-140-Barndoor-1.png\",\"contentUrl\":\"https:\/\/audibax.com\/wp-content\/uploads\/2024\/08\/Splash-140-Barndoor-1.png\",\"width\":2500,\"height\":1769},{\"@type\":\"BreadcrumbList\",\"@id\":\"https:\/\/audibax.com\/fr\/produit\/splash-140-barndoor\/#breadcrumb\",\"itemListElement\":[{\"@type\":\"ListItem\",\"position\":1,\"name\":\"Portada\",\"item\":\"https:\/\/audibax.com\/fr\/\"},{\"@type\":\"ListItem\",\"position\":2,\"name\":\"Produits\",\"item\":\"https:\/\/audibax.com\/fr\/shop\/\"},{\"@type\":\"ListItem\",\"position\":3,\"name\":\"Splash 140 Barndoor\"}]},{\"@type\":\"WebSite\",\"@id\":\"https:\/\/audibax.com\/fr\/#website\",\"url\":\"https:\/\/audibax.com\/fr\/\",\"name\":\"Audibax\",\"description\":\"\",\"publisher\":{\"@id\":\"https:\/\/audibax.com\/fr\/#organization\"},\"potentialAction\":[{\"@type\":\"SearchAction\",\"target\":{\"@type\":\"EntryPoint\",\"urlTemplate\":\"https:\/\/audibax.com\/fr\/?s={search_term_string}\"},\"query-input\":{\"@type\":\"PropertyValueSpecification\",\"valueRequired\":true,\"valueName\":\"search_term_string\"}}],\"inLanguage\":\"fr-FR\"},{\"@type\":\"Organization\",\"@id\":\"https:\/\/audibax.com\/fr\/#organization\",\"name\":\"Audibax\",\"url\":\"https:\/\/audibax.com\/fr\/\",\"logo\":{\"@type\":\"ImageObject\",\"inLanguage\":\"fr-FR\",\"@id\":\"https:\/\/audibax.com\/fr\/#\/schema\/logo\/image\/\",\"url\":\"https:\/\/audibax.com\/wp-content\/uploads\/2023\/09\/logo-Audibax-BLANCO-SVG-1.svg\",\"contentUrl\":\"https:\/\/audibax.com\/wp-content\/uploads\/2023\/09\/logo-Audibax-BLANCO-SVG-1.svg\",\"caption\":\"Audibax\"},\"image\":{\"@id\":\"https:\/\/audibax.com\/fr\/#\/schema\/logo\/image\/\"}}]}<\/script>\n<!-- \/ Yoast SEO plugin. -->","yoast_head_json":{"title":"Splash 140 Barndoor - Audibax","robots":{"index":"index","follow":"follow","max-snippet":"max-snippet:-1","max-image-preview":"max-image-preview:large","max-video-preview":"max-video-preview:-1"},"canonical":"https:\/\/audibax.com\/fr\/produit\/splash-140-barndoor\/","og_locale":"fr_FR","og_type":"article","og_title":"Splash 140 Barndoor - Audibax","og_description":"Compatible avec le mod\u00e8le Audibax Pro Splash 140","og_url":"https:\/\/audibax.com\/fr\/produit\/splash-140-barndoor\/","og_site_name":"Audibax","article_modified_time":"2024-08-14T11:52:20+00:00","og_image":[{"width":2500,"height":1769,"url":"https:\/\/audibax.com\/wp-content\/uploads\/2024\/08\/Splash-140-Barndoor-1.png","type":"image\/png"}],"twitter_card":"summary_large_image","twitter_misc":{"Dur\u00e9e de lecture estim\u00e9e":"1 minute"},"schema":{"@context":"https:\/\/schema.org","@graph":[{"@type":"WebPage","@id":"https:\/\/audibax.com\/fr\/produit\/splash-140-barndoor\/","url":"https:\/\/audibax.com\/fr\/produit\/splash-140-barndoor\/","name":"Splash 140 Barndoor - Audibax","isPartOf":{"@id":"https:\/\/audibax.com\/fr\/#website"},"primaryImageOfPage":{"@id":"https:\/\/audibax.com\/fr\/produit\/splash-140-barndoor\/#primaryimage"},"image":{"@id":"https:\/\/audibax.com\/fr\/produit\/splash-140-barndoor\/#primaryimage"},"thumbnailUrl":"https:\/\/audibax.com\/wp-content\/uploads\/2024\/08\/Splash-140-Barndoor-1.png","datePublished":"2024-08-14T09:51:07+00:00","dateModified":"2024-08-14T11:52:20+00:00","breadcrumb":{"@id":"https:\/\/audibax.com\/fr\/produit\/splash-140-barndoor\/#breadcrumb"},"inLanguage":"fr-FR","potentialAction":[{"@type":"ReadAction","target":["https:\/\/audibax.com\/fr\/produit\/splash-140-barndoor\/"]}]},{"@type":"ImageObject","inLanguage":"fr-FR","@id":"https:\/\/audibax.com\/fr\/produit\/splash-140-barndoor\/#primaryimage","url":"https:\/\/audibax.com\/wp-content\/uploads\/2024\/08\/Splash-140-Barndoor-1.png","contentUrl":"https:\/\/audibax.com\/wp-content\/uploads\/2024\/08\/Splash-140-Barndoor-1.png","width":2500,"height":1769},{"@type":"BreadcrumbList","@id":"https:\/\/audibax.com\/fr\/produit\/splash-140-barndoor\/#breadcrumb","itemListElement":[{"@type":"ListItem","position":1,"name":"Portada","item":"https:\/\/audibax.com\/fr\/"},{"@type":"ListItem","position":2,"name":"Produits","item":"https:\/\/audibax.com\/fr\/shop\/"},{"@type":"ListItem","position":3,"name":"Splash 140 Barndoor"}]},{"@type":"WebSite","@id":"https:\/\/audibax.com\/fr\/#website","url":"https:\/\/audibax.com\/fr\/","name":"Audibax","description":"","publisher":{"@id":"https:\/\/audibax.com\/fr\/#organization"},"potentialAction":[{"@type":"SearchAction","target":{"@type":"EntryPoint","urlTemplate":"https:\/\/audibax.com\/fr\/?s={search_term_string}"},"query-input":{"@type":"PropertyValueSpecification","valueRequired":true,"valueName":"search_term_string"}}],"inLanguage":"fr-FR"},{"@type":"Organization","@id":"https:\/\/audibax.com\/fr\/#organization","name":"Audibax","url":"https:\/\/audibax.com\/fr\/","logo":{"@type":"ImageObject","inLanguage":"fr-FR","@id":"https:\/\/audibax.com\/fr\/#\/schema\/logo\/image\/","url":"https:\/\/audibax.com\/wp-content\/uploads\/2023\/09\/logo-Audibax-BLANCO-SVG-1.svg","contentUrl":"https:\/\/audibax.com\/wp-content\/uploads\/2023\/09\/logo-Audibax-BLANCO-SVG-1.svg","caption":"Audibax"},"image":{"@id":"https:\/\/audibax.com\/fr\/#\/schema\/logo\/image\/"}}]}},"_links":{"self":[{"href":"https:\/\/audibax.com\/fr\/wp-json\/wp\/v2\/product\/45696","targetHints":{"allow":["GET"]}}],"collection":[{"href":"https:\/\/audibax.com\/fr\/wp-json\/wp\/v2\/product"}],"about":[{"href":"https:\/\/audibax.com\/fr\/wp-json\/wp\/v2\/types\/product"}],"replies":[{"embeddable":true,"href":"https:\/\/audibax.com\/fr\/wp-json\/wp\/v2\/comments?post=45696"}],"wp:featuredmedia":[{"embeddable":true,"href":"https:\/\/audibax.com\/fr\/wp-json\/wp\/v2\/media\/45678"}],"wp:attachment":[{"href":"https:\/\/audibax.com\/fr\/wp-json\/wp\/v2\/media?parent=45696"}],"wp:term":[{"taxonomy":"product_cat","embeddable":true,"href":"https:\/\/audibax.com\/fr\/wp-json\/wp\/v2\/product_cat?post=45696"},{"taxonomy":"product_tag","embeddable":true,"href":"https:\/\/audibax.com\/fr\/wp-json\/wp\/v2\/product_tag?post=45696"}],"curies":[{"name":"wp","href":"https:\/\/api.w.org\/{rel}","templated":true}]}}