{"id":45624,"date":"2024-08-14T11:05:08","date_gmt":"2024-08-14T09:05:08","guid":{"rendered":"https:\/\/audibax.com\/?post_type=product&#038;p=45624"},"modified":"2024-08-14T13:35:03","modified_gmt":"2024-08-14T11:35:03","slug":"splash-80-diffuser","status":"publish","type":"product","link":"https:\/\/audibax.com\/fr\/produit\/splash-80-diffuser\/","title":{"rendered":"Splash 80 Diffuser"},"content":{"rendered":"<p><strong>Audibax Pro Splash 80 Diffuseur 50\u00ba pour projecteur LED Splash 80<\/strong><\/p>\n<p>Le<strong> Audibax Pro Splash 80 Diffuseur 50\u00ba<\/strong> est l&rsquo;accessoire id\u00e9al pour les projecteurs LED de la s\u00e9rie Aqua, con\u00e7u pour offrir une diffusion de lumi\u00e8re douce et uniforme, parfait pour cr\u00e9er des environnements \u00e9clair\u00e9s de mani\u00e8re professionnelle. Ce diffuseur permet un contr\u00f4le pr\u00e9cis du faisceau lumineux, le transformant en un angle circulaire de 50\u00b0, am\u00e9liorant ainsi la qualit\u00e9 et l&rsquo;effet de vos productions d&rsquo;\u00e9clairage.<\/p>\n<p>Compatible avec le mod\u00e8le Audibax Pro Splash 80<\/p>\n<p><strong>Sp\u00e9cifications techniques :<\/strong><\/p>\n<ul>\n<li>Mat\u00e9riau : ABS + Acrylique<\/li>\n<li>Dimensions : 158 x 5,7 mm<\/li>\n<li>Poids : 0,06 kg<\/li>\n<\/ul>\n","protected":false},"excerpt":{"rendered":"<p>Compatible avec le mod\u00e8le Audibax Pro Splash 80<\/p>\n","protected":false},"featured_media":45610,"comment_status":"open","ping_status":"closed","template":"","meta":{"_acf_changed":false},"product_cat":[327,339],"product_tag":[],"class_list":{"0":"post-45624","1":"product","2":"type-product","3":"status-publish","4":"has-post-thumbnail","6":"product_cat-cas","7":"product_cat-flightcase-declairage","9":"first","10":"instock","11":"shipping-taxable","12":"product-type-simple"},"acf":[],"yoast_head":"<!-- This site is optimized with the Yoast SEO plugin v27.0 - https:\/\/yoast.com\/product\/yoast-seo-wordpress\/ -->\n<title>Splash 80 Diffuser - Audibax<\/title>\n<meta name=\"robots\" content=\"index, follow, max-snippet:-1, max-image-preview:large, max-video-preview:-1\" \/>\n<link rel=\"canonical\" href=\"https:\/\/audibax.com\/fr\/produit\/splash-80-diffuser\/\" \/>\n<meta property=\"og:locale\" content=\"fr_FR\" \/>\n<meta property=\"og:type\" content=\"article\" \/>\n<meta property=\"og:title\" content=\"Splash 80 Diffuser - Audibax\" \/>\n<meta property=\"og:description\" content=\"Compatible avec le mod\u00e8le Audibax Pro Splash 80\" \/>\n<meta property=\"og:url\" content=\"https:\/\/audibax.com\/fr\/produit\/splash-80-diffuser\/\" \/>\n<meta property=\"og:site_name\" content=\"Audibax\" \/>\n<meta property=\"article:modified_time\" content=\"2024-08-14T11:35:03+00:00\" \/>\n<meta property=\"og:image\" content=\"https:\/\/audibax.com\/wp-content\/uploads\/2024\/08\/Splash-80-Difusser-1.png\" \/>\n\t<meta property=\"og:image:width\" content=\"2500\" \/>\n\t<meta property=\"og:image:height\" content=\"1769\" \/>\n\t<meta property=\"og:image:type\" content=\"image\/png\" \/>\n<meta name=\"twitter:card\" content=\"summary_large_image\" \/>\n<meta name=\"twitter:label1\" content=\"Dur\u00e9e de lecture estim\u00e9e\" \/>\n\t<meta name=\"twitter:data1\" content=\"1 minute\" \/>\n<script type=\"application\/ld+json\" class=\"yoast-schema-graph\">{\"@context\":\"https:\/\/schema.org\",\"@graph\":[{\"@type\":\"WebPage\",\"@id\":\"https:\/\/audibax.com\/fr\/produit\/splash-80-diffuser\/\",\"url\":\"https:\/\/audibax.com\/fr\/produit\/splash-80-diffuser\/\",\"name\":\"Splash 80 Diffuser - Audibax\",\"isPartOf\":{\"@id\":\"https:\/\/audibax.com\/fr\/#website\"},\"primaryImageOfPage\":{\"@id\":\"https:\/\/audibax.com\/fr\/produit\/splash-80-diffuser\/#primaryimage\"},\"image\":{\"@id\":\"https:\/\/audibax.com\/fr\/produit\/splash-80-diffuser\/#primaryimage\"},\"thumbnailUrl\":\"https:\/\/audibax.com\/wp-content\/uploads\/2024\/08\/Splash-80-Difusser-1.png\",\"datePublished\":\"2024-08-14T09:05:08+00:00\",\"dateModified\":\"2024-08-14T11:35:03+00:00\",\"breadcrumb\":{\"@id\":\"https:\/\/audibax.com\/fr\/produit\/splash-80-diffuser\/#breadcrumb\"},\"inLanguage\":\"fr-FR\",\"potentialAction\":[{\"@type\":\"ReadAction\",\"target\":[\"https:\/\/audibax.com\/fr\/produit\/splash-80-diffuser\/\"]}]},{\"@type\":\"ImageObject\",\"inLanguage\":\"fr-FR\",\"@id\":\"https:\/\/audibax.com\/fr\/produit\/splash-80-diffuser\/#primaryimage\",\"url\":\"https:\/\/audibax.com\/wp-content\/uploads\/2024\/08\/Splash-80-Difusser-1.png\",\"contentUrl\":\"https:\/\/audibax.com\/wp-content\/uploads\/2024\/08\/Splash-80-Difusser-1.png\",\"width\":2500,\"height\":1769},{\"@type\":\"BreadcrumbList\",\"@id\":\"https:\/\/audibax.com\/fr\/produit\/splash-80-diffuser\/#breadcrumb\",\"itemListElement\":[{\"@type\":\"ListItem\",\"position\":1,\"name\":\"Portada\",\"item\":\"https:\/\/audibax.com\/fr\/\"},{\"@type\":\"ListItem\",\"position\":2,\"name\":\"Produits\",\"item\":\"https:\/\/audibax.com\/fr\/shop\/\"},{\"@type\":\"ListItem\",\"position\":3,\"name\":\"Splash 80 Diffuser\"}]},{\"@type\":\"WebSite\",\"@id\":\"https:\/\/audibax.com\/fr\/#website\",\"url\":\"https:\/\/audibax.com\/fr\/\",\"name\":\"Audibax\",\"description\":\"\",\"publisher\":{\"@id\":\"https:\/\/audibax.com\/fr\/#organization\"},\"potentialAction\":[{\"@type\":\"SearchAction\",\"target\":{\"@type\":\"EntryPoint\",\"urlTemplate\":\"https:\/\/audibax.com\/fr\/?s={search_term_string}\"},\"query-input\":{\"@type\":\"PropertyValueSpecification\",\"valueRequired\":true,\"valueName\":\"search_term_string\"}}],\"inLanguage\":\"fr-FR\"},{\"@type\":\"Organization\",\"@id\":\"https:\/\/audibax.com\/fr\/#organization\",\"name\":\"Audibax\",\"url\":\"https:\/\/audibax.com\/fr\/\",\"logo\":{\"@type\":\"ImageObject\",\"inLanguage\":\"fr-FR\",\"@id\":\"https:\/\/audibax.com\/fr\/#\/schema\/logo\/image\/\",\"url\":\"https:\/\/audibax.com\/wp-content\/uploads\/2023\/09\/logo-Audibax-BLANCO-SVG-1.svg\",\"contentUrl\":\"https:\/\/audibax.com\/wp-content\/uploads\/2023\/09\/logo-Audibax-BLANCO-SVG-1.svg\",\"caption\":\"Audibax\"},\"image\":{\"@id\":\"https:\/\/audibax.com\/fr\/#\/schema\/logo\/image\/\"}}]}<\/script>\n<!-- \/ Yoast SEO plugin. -->","yoast_head_json":{"title":"Splash 80 Diffuser - Audibax","robots":{"index":"index","follow":"follow","max-snippet":"max-snippet:-1","max-image-preview":"max-image-preview:large","max-video-preview":"max-video-preview:-1"},"canonical":"https:\/\/audibax.com\/fr\/produit\/splash-80-diffuser\/","og_locale":"fr_FR","og_type":"article","og_title":"Splash 80 Diffuser - Audibax","og_description":"Compatible avec le mod\u00e8le Audibax Pro Splash 80","og_url":"https:\/\/audibax.com\/fr\/produit\/splash-80-diffuser\/","og_site_name":"Audibax","article_modified_time":"2024-08-14T11:35:03+00:00","og_image":[{"width":2500,"height":1769,"url":"https:\/\/audibax.com\/wp-content\/uploads\/2024\/08\/Splash-80-Difusser-1.png","type":"image\/png"}],"twitter_card":"summary_large_image","twitter_misc":{"Dur\u00e9e de lecture estim\u00e9e":"1 minute"},"schema":{"@context":"https:\/\/schema.org","@graph":[{"@type":"WebPage","@id":"https:\/\/audibax.com\/fr\/produit\/splash-80-diffuser\/","url":"https:\/\/audibax.com\/fr\/produit\/splash-80-diffuser\/","name":"Splash 80 Diffuser - Audibax","isPartOf":{"@id":"https:\/\/audibax.com\/fr\/#website"},"primaryImageOfPage":{"@id":"https:\/\/audibax.com\/fr\/produit\/splash-80-diffuser\/#primaryimage"},"image":{"@id":"https:\/\/audibax.com\/fr\/produit\/splash-80-diffuser\/#primaryimage"},"thumbnailUrl":"https:\/\/audibax.com\/wp-content\/uploads\/2024\/08\/Splash-80-Difusser-1.png","datePublished":"2024-08-14T09:05:08+00:00","dateModified":"2024-08-14T11:35:03+00:00","breadcrumb":{"@id":"https:\/\/audibax.com\/fr\/produit\/splash-80-diffuser\/#breadcrumb"},"inLanguage":"fr-FR","potentialAction":[{"@type":"ReadAction","target":["https:\/\/audibax.com\/fr\/produit\/splash-80-diffuser\/"]}]},{"@type":"ImageObject","inLanguage":"fr-FR","@id":"https:\/\/audibax.com\/fr\/produit\/splash-80-diffuser\/#primaryimage","url":"https:\/\/audibax.com\/wp-content\/uploads\/2024\/08\/Splash-80-Difusser-1.png","contentUrl":"https:\/\/audibax.com\/wp-content\/uploads\/2024\/08\/Splash-80-Difusser-1.png","width":2500,"height":1769},{"@type":"BreadcrumbList","@id":"https:\/\/audibax.com\/fr\/produit\/splash-80-diffuser\/#breadcrumb","itemListElement":[{"@type":"ListItem","position":1,"name":"Portada","item":"https:\/\/audibax.com\/fr\/"},{"@type":"ListItem","position":2,"name":"Produits","item":"https:\/\/audibax.com\/fr\/shop\/"},{"@type":"ListItem","position":3,"name":"Splash 80 Diffuser"}]},{"@type":"WebSite","@id":"https:\/\/audibax.com\/fr\/#website","url":"https:\/\/audibax.com\/fr\/","name":"Audibax","description":"","publisher":{"@id":"https:\/\/audibax.com\/fr\/#organization"},"potentialAction":[{"@type":"SearchAction","target":{"@type":"EntryPoint","urlTemplate":"https:\/\/audibax.com\/fr\/?s={search_term_string}"},"query-input":{"@type":"PropertyValueSpecification","valueRequired":true,"valueName":"search_term_string"}}],"inLanguage":"fr-FR"},{"@type":"Organization","@id":"https:\/\/audibax.com\/fr\/#organization","name":"Audibax","url":"https:\/\/audibax.com\/fr\/","logo":{"@type":"ImageObject","inLanguage":"fr-FR","@id":"https:\/\/audibax.com\/fr\/#\/schema\/logo\/image\/","url":"https:\/\/audibax.com\/wp-content\/uploads\/2023\/09\/logo-Audibax-BLANCO-SVG-1.svg","contentUrl":"https:\/\/audibax.com\/wp-content\/uploads\/2023\/09\/logo-Audibax-BLANCO-SVG-1.svg","caption":"Audibax"},"image":{"@id":"https:\/\/audibax.com\/fr\/#\/schema\/logo\/image\/"}}]}},"_links":{"self":[{"href":"https:\/\/audibax.com\/fr\/wp-json\/wp\/v2\/product\/45624","targetHints":{"allow":["GET"]}}],"collection":[{"href":"https:\/\/audibax.com\/fr\/wp-json\/wp\/v2\/product"}],"about":[{"href":"https:\/\/audibax.com\/fr\/wp-json\/wp\/v2\/types\/product"}],"replies":[{"embeddable":true,"href":"https:\/\/audibax.com\/fr\/wp-json\/wp\/v2\/comments?post=45624"}],"wp:featuredmedia":[{"embeddable":true,"href":"https:\/\/audibax.com\/fr\/wp-json\/wp\/v2\/media\/45610"}],"wp:attachment":[{"href":"https:\/\/audibax.com\/fr\/wp-json\/wp\/v2\/media?parent=45624"}],"wp:term":[{"taxonomy":"product_cat","embeddable":true,"href":"https:\/\/audibax.com\/fr\/wp-json\/wp\/v2\/product_cat?post=45624"},{"taxonomy":"product_tag","embeddable":true,"href":"https:\/\/audibax.com\/fr\/wp-json\/wp\/v2\/product_tag?post=45624"}],"curies":[{"name":"wp","href":"https:\/\/api.w.org\/{rel}","templated":true}]}}