{"id":45556,"date":"2024-08-14T10:53:59","date_gmt":"2024-08-14T08:53:59","guid":{"rendered":"https:\/\/audibax.com\/?post_type=product&#038;p=45556"},"modified":"2024-08-14T13:19:09","modified_gmt":"2024-08-14T11:19:09","slug":"irwin-fc","status":"publish","type":"product","link":"https:\/\/audibax.com\/fr\/produit\/irwin-fc\/","title":{"rendered":"Irwin FC"},"content":{"rendered":"<p><strong>Flightcase Audibax Irwin FC pour \u00e9clairages LED de la s\u00e9rie Irwin<\/strong><\/p>\n<p>Le flight case robuste pour la s\u00e9rie Irwin est la solution ultime pour prot\u00e9ger et transporter jusqu&rsquo;\u00e0 8 unit\u00e9s d&rsquo;\u00e9quipements d&rsquo;\u00e9clairage haut de gamme. Con\u00e7u selon les normes de qualit\u00e9 les plus \u00e9lev\u00e9es, ce flight case allie durabilit\u00e9 et fonctionnalit\u00e9, id\u00e9al pour les professionnels qui n\u00e9cessitent une protection maximale pour leur \u00e9quipement dans des conditions exigeantes.<\/p>\n<p><strong>Compatible avec les mod\u00e8les Audibax :<\/strong><\/p>\n<ul>\n<li>Irwin 60<\/li>\n<li>Irwin 120<\/li>\n<\/ul>\n<p><strong>Caract\u00e9ristiques Techniques :<\/strong><\/p>\n<ul>\n<li>4 roues pivotantes<\/li>\n<li>8 coins \u00e0 boule<\/li>\n<li>2 poign\u00e9es pliables<\/li>\n<li>Couleur noire<\/li>\n<li>Int\u00e9rieur rembourr\u00e9 de mousse<\/li>\n<li>Dimensions : 1050 x 485 x 410 mm<\/li>\n<li>Poids : 20,8 Kg<\/li>\n<\/ul>\n","protected":false},"excerpt":{"rendered":"<p>Compatible avec les mod\u00e8les Audibax :<\/p>\n<ul>\n<li>Irwin 60<\/li>\n<li>Irwin 120<\/li>\n<\/ul>\n","protected":false},"featured_media":45533,"comment_status":"open","ping_status":"closed","template":"","meta":{"_acf_changed":false},"product_cat":[327,339],"product_tag":[],"class_list":{"0":"post-45556","1":"product","2":"type-product","3":"status-publish","4":"has-post-thumbnail","6":"product_cat-cas","7":"product_cat-flightcase-declairage","9":"first","10":"instock","11":"shipping-taxable","12":"product-type-simple"},"acf":[],"yoast_head":"<!-- This site is optimized with the Yoast SEO plugin v27.0 - https:\/\/yoast.com\/product\/yoast-seo-wordpress\/ -->\n<title>Irwin FC - Audibax<\/title>\n<meta name=\"robots\" content=\"index, follow, max-snippet:-1, max-image-preview:large, max-video-preview:-1\" \/>\n<link rel=\"canonical\" href=\"https:\/\/audibax.com\/fr\/produit\/irwin-fc\/\" \/>\n<meta property=\"og:locale\" content=\"fr_FR\" \/>\n<meta property=\"og:type\" content=\"article\" \/>\n<meta property=\"og:title\" content=\"Irwin FC - Audibax\" \/>\n<meta property=\"og:description\" content=\"Compatible avec les mod\u00e8les Audibax :   Irwin 60  Irwin 120\" \/>\n<meta property=\"og:url\" content=\"https:\/\/audibax.com\/fr\/produit\/irwin-fc\/\" \/>\n<meta property=\"og:site_name\" content=\"Audibax\" \/>\n<meta property=\"article:modified_time\" content=\"2024-08-14T11:19:09+00:00\" \/>\n<meta property=\"og:image\" content=\"https:\/\/audibax.com\/wp-content\/uploads\/2024\/08\/Irwin-FC-1.png\" \/>\n\t<meta property=\"og:image:width\" content=\"1500\" \/>\n\t<meta property=\"og:image:height\" content=\"1060\" \/>\n\t<meta property=\"og:image:type\" content=\"image\/png\" \/>\n<meta name=\"twitter:card\" content=\"summary_large_image\" \/>\n<meta name=\"twitter:label1\" content=\"Dur\u00e9e de lecture estim\u00e9e\" \/>\n\t<meta name=\"twitter:data1\" content=\"1 minute\" \/>\n<script type=\"application\/ld+json\" class=\"yoast-schema-graph\">{\"@context\":\"https:\/\/schema.org\",\"@graph\":[{\"@type\":\"WebPage\",\"@id\":\"https:\/\/audibax.com\/fr\/produit\/irwin-fc\/\",\"url\":\"https:\/\/audibax.com\/fr\/produit\/irwin-fc\/\",\"name\":\"Irwin FC - Audibax\",\"isPartOf\":{\"@id\":\"https:\/\/audibax.com\/fr\/#website\"},\"primaryImageOfPage\":{\"@id\":\"https:\/\/audibax.com\/fr\/produit\/irwin-fc\/#primaryimage\"},\"image\":{\"@id\":\"https:\/\/audibax.com\/fr\/produit\/irwin-fc\/#primaryimage\"},\"thumbnailUrl\":\"https:\/\/audibax.com\/wp-content\/uploads\/2024\/08\/Irwin-FC-1.png\",\"datePublished\":\"2024-08-14T08:53:59+00:00\",\"dateModified\":\"2024-08-14T11:19:09+00:00\",\"breadcrumb\":{\"@id\":\"https:\/\/audibax.com\/fr\/produit\/irwin-fc\/#breadcrumb\"},\"inLanguage\":\"fr-FR\",\"potentialAction\":[{\"@type\":\"ReadAction\",\"target\":[\"https:\/\/audibax.com\/fr\/produit\/irwin-fc\/\"]}]},{\"@type\":\"ImageObject\",\"inLanguage\":\"fr-FR\",\"@id\":\"https:\/\/audibax.com\/fr\/produit\/irwin-fc\/#primaryimage\",\"url\":\"https:\/\/audibax.com\/wp-content\/uploads\/2024\/08\/Irwin-FC-1.png\",\"contentUrl\":\"https:\/\/audibax.com\/wp-content\/uploads\/2024\/08\/Irwin-FC-1.png\",\"width\":1500,\"height\":1060},{\"@type\":\"BreadcrumbList\",\"@id\":\"https:\/\/audibax.com\/fr\/produit\/irwin-fc\/#breadcrumb\",\"itemListElement\":[{\"@type\":\"ListItem\",\"position\":1,\"name\":\"Portada\",\"item\":\"https:\/\/audibax.com\/fr\/\"},{\"@type\":\"ListItem\",\"position\":2,\"name\":\"Produits\",\"item\":\"https:\/\/audibax.com\/fr\/shop\/\"},{\"@type\":\"ListItem\",\"position\":3,\"name\":\"Irwin FC\"}]},{\"@type\":\"WebSite\",\"@id\":\"https:\/\/audibax.com\/fr\/#website\",\"url\":\"https:\/\/audibax.com\/fr\/\",\"name\":\"Audibax\",\"description\":\"\",\"publisher\":{\"@id\":\"https:\/\/audibax.com\/fr\/#organization\"},\"potentialAction\":[{\"@type\":\"SearchAction\",\"target\":{\"@type\":\"EntryPoint\",\"urlTemplate\":\"https:\/\/audibax.com\/fr\/?s={search_term_string}\"},\"query-input\":{\"@type\":\"PropertyValueSpecification\",\"valueRequired\":true,\"valueName\":\"search_term_string\"}}],\"inLanguage\":\"fr-FR\"},{\"@type\":\"Organization\",\"@id\":\"https:\/\/audibax.com\/fr\/#organization\",\"name\":\"Audibax\",\"url\":\"https:\/\/audibax.com\/fr\/\",\"logo\":{\"@type\":\"ImageObject\",\"inLanguage\":\"fr-FR\",\"@id\":\"https:\/\/audibax.com\/fr\/#\/schema\/logo\/image\/\",\"url\":\"https:\/\/audibax.com\/wp-content\/uploads\/2023\/09\/logo-Audibax-BLANCO-SVG-1.svg\",\"contentUrl\":\"https:\/\/audibax.com\/wp-content\/uploads\/2023\/09\/logo-Audibax-BLANCO-SVG-1.svg\",\"caption\":\"Audibax\"},\"image\":{\"@id\":\"https:\/\/audibax.com\/fr\/#\/schema\/logo\/image\/\"}}]}<\/script>\n<!-- \/ Yoast SEO plugin. -->","yoast_head_json":{"title":"Irwin FC - Audibax","robots":{"index":"index","follow":"follow","max-snippet":"max-snippet:-1","max-image-preview":"max-image-preview:large","max-video-preview":"max-video-preview:-1"},"canonical":"https:\/\/audibax.com\/fr\/produit\/irwin-fc\/","og_locale":"fr_FR","og_type":"article","og_title":"Irwin FC - Audibax","og_description":"Compatible avec les mod\u00e8les Audibax :   Irwin 60  Irwin 120","og_url":"https:\/\/audibax.com\/fr\/produit\/irwin-fc\/","og_site_name":"Audibax","article_modified_time":"2024-08-14T11:19:09+00:00","og_image":[{"width":1500,"height":1060,"url":"https:\/\/audibax.com\/wp-content\/uploads\/2024\/08\/Irwin-FC-1.png","type":"image\/png"}],"twitter_card":"summary_large_image","twitter_misc":{"Dur\u00e9e de lecture estim\u00e9e":"1 minute"},"schema":{"@context":"https:\/\/schema.org","@graph":[{"@type":"WebPage","@id":"https:\/\/audibax.com\/fr\/produit\/irwin-fc\/","url":"https:\/\/audibax.com\/fr\/produit\/irwin-fc\/","name":"Irwin FC - Audibax","isPartOf":{"@id":"https:\/\/audibax.com\/fr\/#website"},"primaryImageOfPage":{"@id":"https:\/\/audibax.com\/fr\/produit\/irwin-fc\/#primaryimage"},"image":{"@id":"https:\/\/audibax.com\/fr\/produit\/irwin-fc\/#primaryimage"},"thumbnailUrl":"https:\/\/audibax.com\/wp-content\/uploads\/2024\/08\/Irwin-FC-1.png","datePublished":"2024-08-14T08:53:59+00:00","dateModified":"2024-08-14T11:19:09+00:00","breadcrumb":{"@id":"https:\/\/audibax.com\/fr\/produit\/irwin-fc\/#breadcrumb"},"inLanguage":"fr-FR","potentialAction":[{"@type":"ReadAction","target":["https:\/\/audibax.com\/fr\/produit\/irwin-fc\/"]}]},{"@type":"ImageObject","inLanguage":"fr-FR","@id":"https:\/\/audibax.com\/fr\/produit\/irwin-fc\/#primaryimage","url":"https:\/\/audibax.com\/wp-content\/uploads\/2024\/08\/Irwin-FC-1.png","contentUrl":"https:\/\/audibax.com\/wp-content\/uploads\/2024\/08\/Irwin-FC-1.png","width":1500,"height":1060},{"@type":"BreadcrumbList","@id":"https:\/\/audibax.com\/fr\/produit\/irwin-fc\/#breadcrumb","itemListElement":[{"@type":"ListItem","position":1,"name":"Portada","item":"https:\/\/audibax.com\/fr\/"},{"@type":"ListItem","position":2,"name":"Produits","item":"https:\/\/audibax.com\/fr\/shop\/"},{"@type":"ListItem","position":3,"name":"Irwin FC"}]},{"@type":"WebSite","@id":"https:\/\/audibax.com\/fr\/#website","url":"https:\/\/audibax.com\/fr\/","name":"Audibax","description":"","publisher":{"@id":"https:\/\/audibax.com\/fr\/#organization"},"potentialAction":[{"@type":"SearchAction","target":{"@type":"EntryPoint","urlTemplate":"https:\/\/audibax.com\/fr\/?s={search_term_string}"},"query-input":{"@type":"PropertyValueSpecification","valueRequired":true,"valueName":"search_term_string"}}],"inLanguage":"fr-FR"},{"@type":"Organization","@id":"https:\/\/audibax.com\/fr\/#organization","name":"Audibax","url":"https:\/\/audibax.com\/fr\/","logo":{"@type":"ImageObject","inLanguage":"fr-FR","@id":"https:\/\/audibax.com\/fr\/#\/schema\/logo\/image\/","url":"https:\/\/audibax.com\/wp-content\/uploads\/2023\/09\/logo-Audibax-BLANCO-SVG-1.svg","contentUrl":"https:\/\/audibax.com\/wp-content\/uploads\/2023\/09\/logo-Audibax-BLANCO-SVG-1.svg","caption":"Audibax"},"image":{"@id":"https:\/\/audibax.com\/fr\/#\/schema\/logo\/image\/"}}]}},"_links":{"self":[{"href":"https:\/\/audibax.com\/fr\/wp-json\/wp\/v2\/product\/45556","targetHints":{"allow":["GET"]}}],"collection":[{"href":"https:\/\/audibax.com\/fr\/wp-json\/wp\/v2\/product"}],"about":[{"href":"https:\/\/audibax.com\/fr\/wp-json\/wp\/v2\/types\/product"}],"replies":[{"embeddable":true,"href":"https:\/\/audibax.com\/fr\/wp-json\/wp\/v2\/comments?post=45556"}],"wp:featuredmedia":[{"embeddable":true,"href":"https:\/\/audibax.com\/fr\/wp-json\/wp\/v2\/media\/45533"}],"wp:attachment":[{"href":"https:\/\/audibax.com\/fr\/wp-json\/wp\/v2\/media?parent=45556"}],"wp:term":[{"taxonomy":"product_cat","embeddable":true,"href":"https:\/\/audibax.com\/fr\/wp-json\/wp\/v2\/product_cat?post=45556"},{"taxonomy":"product_tag","embeddable":true,"href":"https:\/\/audibax.com\/fr\/wp-json\/wp\/v2\/product_tag?post=45556"}],"curies":[{"name":"wp","href":"https:\/\/api.w.org\/{rel}","templated":true}]}}