{"id":44936,"date":"2024-07-15T13:56:27","date_gmt":"2024-07-15T11:56:27","guid":{"rendered":"https:\/\/audibax.com\/?post_type=product&#038;p=44936"},"modified":"2025-10-17T12:36:25","modified_gmt":"2025-10-17T10:36:25","slug":"dsp15-g2","status":"publish","type":"product","link":"https:\/\/audibax.com\/fr\/produit\/dsp15-g2\/","title":{"rendered":"DSP15 G2"},"content":{"rendered":"<p><strong>Audibax DSP15 Haut-parleur 15 actif L300W+H100W avec DSP G2<\/strong><\/p>\n<p>La nouvelle gamme Audibax DSP repr\u00e9sente un saut qualitatif dans le domaine des enceintes actives de la marque. Le DSP interne de haute qualit\u00e9 offre la possibilit\u00e9 de modifier des param\u00e8tres tels que l&rsquo;\u00e9galisation \u00e0 trois bandes ou de s\u00e9lectionner le mode de lecture en fonction des besoins du moment (Music, Live, DJ, Speech, etc.). Construits avec des mat\u00e9riaux et des composants de premi\u00e8re qualit\u00e9, les nouveaux DSP Audibax Pro garantissent durabilit\u00e9 et qualit\u00e9 sonore dans toutes les applications n\u00e9cessaires, qu&rsquo;il s&rsquo;agisse de musique en direct ou de lecture de musique.<\/p>\n<p>L<strong>&lsquo;Audibax DSP-15 G2<\/strong> est con\u00e7u avec un amplificateur r\u00e9volutionnaire de classe D qui offre une puissance incroyable, des performances impressionnantes et un bo\u00eetier compact et l\u00e9ger pour une utilisation et un transport quotidiens.<\/p>\n<p><strong>Caract\u00e9ristiques techniques :<\/strong><\/p>\n<ul>\n<li>Haut-parleur actif 2 voies de 15 pouces avec DSP G2<\/li>\n<li>R\u00e9ponse en fr\u00e9quence : 45Hz-20KHz<\/li>\n<li>Puissance de sortie RMS : L : 300W + H : 100W<\/li>\n<li>Puissance maximale : 800 W<\/li>\n<li>Woofer : 15 \u00ab\u00a0<\/li>\n<li>Tweeter : Titane 1.75 \u00a0\u00bb (44 mm)<\/li>\n<li>Amplificateur : Classe \/ D BI-AMP<\/li>\n<li>SPL (constant) : 95 dB<\/li>\n<li>SPL (cr\u00eate) : 125 dB<\/li>\n<li>Entr\u00e9es micro\/ligne : 2<\/li>\n<li>Connecteur des entr\u00e9es micro\/ligne : XLR\/Jack Combi<\/li>\n<li>Entr\u00e9e auxiliaire : 1<\/li>\n<li>Connecteur d&rsquo;entr\u00e9e auxiliaire : RCA st\u00e9r\u00e9o<\/li>\n<li>Sorties ligne : 1<\/li>\n<li>Connecteur des sorties ligne : XLR<\/li>\n<li>Fonction sp\u00e9ciale : Bluetooth + EQ + DSP<\/li>\n<li>Fonctions DSP : Modes de lecture (musique, son direct, DJ)<\/li>\n<li>R\u00e9glages de l&rsquo;\u00e9galiseur \u00e0 3 bandes<\/li>\n<li>Position du haut-parleur : (Floor Monitor\/Haut-parleur)<\/li>\n<li>R\u00e9glage de la luminosit\u00e9 de l&rsquo;\u00e9cran<\/li>\n<li>Activation\/d\u00e9sactivation de la LED frontale<\/li>\n<li>Alimentation : AC100-240V<\/li>\n<li>Bo\u00eetier trap\u00e9zo\u00efdal pour les applications de surveillance<\/li>\n<li>Dimensions : 420 x 382 x 695 mm<\/li>\n<li>Poids : 18,6 kg<\/li>\n<\/ul>\n","protected":false},"excerpt":{"rendered":"<ul>\n<li>Haut-parleur actif 2 voies de 15 pouces avec DSP G2<\/li>\n<li>R\u00e9ponse en fr\u00e9quence : 45Hz-120hz (-10dB)<\/li>\n<li>Puissance de sortie RMS : L : 300W + H : 100W<\/li>\n<li>Niveau de pression acoustique (constant) : 95 dB<\/li>\n<li>SPL (cr\u00eate) : 125 dB<\/li>\n<\/ul>\n","protected":false},"featured_media":44907,"comment_status":"open","ping_status":"closed","template":"","meta":{"_acf_changed":false},"product_cat":[254,253,393],"product_tag":[],"class_list":{"0":"post-44936","1":"product","2":"type-product","3":"status-publish","4":"has-post-thumbnail","6":"product_cat-active-speakers-fr","7":"product_cat-intervenants","8":"product_cat-sonorisation","10":"first","11":"instock","12":"shipping-taxable","13":"product-type-simple"},"acf":[],"yoast_head":"<!-- This site is optimized with the Yoast SEO plugin v27.0 - https:\/\/yoast.com\/product\/yoast-seo-wordpress\/ -->\n<title>DSP15 G2 - Audibax<\/title>\n<meta name=\"robots\" content=\"index, follow, max-snippet:-1, max-image-preview:large, max-video-preview:-1\" \/>\n<link rel=\"canonical\" href=\"https:\/\/audibax.com\/fr\/produit\/dsp15-g2\/\" \/>\n<meta property=\"og:locale\" content=\"fr_FR\" \/>\n<meta property=\"og:type\" content=\"article\" \/>\n<meta property=\"og:title\" content=\"DSP15 G2 - Audibax\" \/>\n<meta property=\"og:description\" content=\"Haut-parleur actif 2 voies de 15 pouces avec DSP G2  R\u00e9ponse en fr\u00e9quence : 45Hz-120hz (-10dB)  Puissance de sortie RMS : L : 300W + H : 100W  Niveau de pression acoustique (constant) : 95 dB  SPL (cr\u00eate) : 125 dB\" \/>\n<meta property=\"og:url\" content=\"https:\/\/audibax.com\/fr\/produit\/dsp15-g2\/\" \/>\n<meta property=\"og:site_name\" content=\"Audibax\" \/>\n<meta property=\"article:modified_time\" content=\"2025-10-17T10:36:25+00:00\" \/>\n<meta property=\"og:image\" content=\"https:\/\/audibax.com\/wp-content\/uploads\/2024\/07\/DSP15-1.png\" \/>\n\t<meta property=\"og:image:width\" content=\"1500\" \/>\n\t<meta property=\"og:image:height\" content=\"1061\" \/>\n\t<meta property=\"og:image:type\" content=\"image\/png\" \/>\n<meta name=\"twitter:card\" content=\"summary_large_image\" \/>\n<meta name=\"twitter:label1\" content=\"Dur\u00e9e de lecture estim\u00e9e\" \/>\n\t<meta name=\"twitter:data1\" content=\"2 minutes\" \/>\n<script type=\"application\/ld+json\" class=\"yoast-schema-graph\">{\"@context\":\"https:\/\/schema.org\",\"@graph\":[{\"@type\":\"WebPage\",\"@id\":\"https:\/\/audibax.com\/fr\/produit\/dsp15-g2\/\",\"url\":\"https:\/\/audibax.com\/fr\/produit\/dsp15-g2\/\",\"name\":\"DSP15 G2 - Audibax\",\"isPartOf\":{\"@id\":\"https:\/\/audibax.com\/fr\/#website\"},\"primaryImageOfPage\":{\"@id\":\"https:\/\/audibax.com\/fr\/produit\/dsp15-g2\/#primaryimage\"},\"image\":{\"@id\":\"https:\/\/audibax.com\/fr\/produit\/dsp15-g2\/#primaryimage\"},\"thumbnailUrl\":\"https:\/\/audibax.com\/wp-content\/uploads\/2024\/07\/DSP15-1.png\",\"datePublished\":\"2024-07-15T11:56:27+00:00\",\"dateModified\":\"2025-10-17T10:36:25+00:00\",\"breadcrumb\":{\"@id\":\"https:\/\/audibax.com\/fr\/produit\/dsp15-g2\/#breadcrumb\"},\"inLanguage\":\"fr-FR\",\"potentialAction\":[{\"@type\":\"ReadAction\",\"target\":[\"https:\/\/audibax.com\/fr\/produit\/dsp15-g2\/\"]}]},{\"@type\":\"ImageObject\",\"inLanguage\":\"fr-FR\",\"@id\":\"https:\/\/audibax.com\/fr\/produit\/dsp15-g2\/#primaryimage\",\"url\":\"https:\/\/audibax.com\/wp-content\/uploads\/2024\/07\/DSP15-1.png\",\"contentUrl\":\"https:\/\/audibax.com\/wp-content\/uploads\/2024\/07\/DSP15-1.png\",\"width\":1500,\"height\":1061},{\"@type\":\"BreadcrumbList\",\"@id\":\"https:\/\/audibax.com\/fr\/produit\/dsp15-g2\/#breadcrumb\",\"itemListElement\":[{\"@type\":\"ListItem\",\"position\":1,\"name\":\"Portada\",\"item\":\"https:\/\/audibax.com\/fr\/\"},{\"@type\":\"ListItem\",\"position\":2,\"name\":\"Produits\",\"item\":\"https:\/\/audibax.com\/fr\/shop\/\"},{\"@type\":\"ListItem\",\"position\":3,\"name\":\"DSP15 G2\"}]},{\"@type\":\"WebSite\",\"@id\":\"https:\/\/audibax.com\/fr\/#website\",\"url\":\"https:\/\/audibax.com\/fr\/\",\"name\":\"Audibax\",\"description\":\"\",\"publisher\":{\"@id\":\"https:\/\/audibax.com\/fr\/#organization\"},\"potentialAction\":[{\"@type\":\"SearchAction\",\"target\":{\"@type\":\"EntryPoint\",\"urlTemplate\":\"https:\/\/audibax.com\/fr\/?s={search_term_string}\"},\"query-input\":{\"@type\":\"PropertyValueSpecification\",\"valueRequired\":true,\"valueName\":\"search_term_string\"}}],\"inLanguage\":\"fr-FR\"},{\"@type\":\"Organization\",\"@id\":\"https:\/\/audibax.com\/fr\/#organization\",\"name\":\"Audibax\",\"url\":\"https:\/\/audibax.com\/fr\/\",\"logo\":{\"@type\":\"ImageObject\",\"inLanguage\":\"fr-FR\",\"@id\":\"https:\/\/audibax.com\/fr\/#\/schema\/logo\/image\/\",\"url\":\"https:\/\/audibax.com\/wp-content\/uploads\/2023\/09\/logo-Audibax-BLANCO-SVG-1.svg\",\"contentUrl\":\"https:\/\/audibax.com\/wp-content\/uploads\/2023\/09\/logo-Audibax-BLANCO-SVG-1.svg\",\"caption\":\"Audibax\"},\"image\":{\"@id\":\"https:\/\/audibax.com\/fr\/#\/schema\/logo\/image\/\"}}]}<\/script>\n<!-- \/ Yoast SEO plugin. -->","yoast_head_json":{"title":"DSP15 G2 - Audibax","robots":{"index":"index","follow":"follow","max-snippet":"max-snippet:-1","max-image-preview":"max-image-preview:large","max-video-preview":"max-video-preview:-1"},"canonical":"https:\/\/audibax.com\/fr\/produit\/dsp15-g2\/","og_locale":"fr_FR","og_type":"article","og_title":"DSP15 G2 - Audibax","og_description":"Haut-parleur actif 2 voies de 15 pouces avec DSP G2  R\u00e9ponse en fr\u00e9quence : 45Hz-120hz (-10dB)  Puissance de sortie RMS : L : 300W + H : 100W  Niveau de pression acoustique (constant) : 95 dB  SPL (cr\u00eate) : 125 dB","og_url":"https:\/\/audibax.com\/fr\/produit\/dsp15-g2\/","og_site_name":"Audibax","article_modified_time":"2025-10-17T10:36:25+00:00","og_image":[{"width":1500,"height":1061,"url":"https:\/\/audibax.com\/wp-content\/uploads\/2024\/07\/DSP15-1.png","type":"image\/png"}],"twitter_card":"summary_large_image","twitter_misc":{"Dur\u00e9e de lecture estim\u00e9e":"2 minutes"},"schema":{"@context":"https:\/\/schema.org","@graph":[{"@type":"WebPage","@id":"https:\/\/audibax.com\/fr\/produit\/dsp15-g2\/","url":"https:\/\/audibax.com\/fr\/produit\/dsp15-g2\/","name":"DSP15 G2 - Audibax","isPartOf":{"@id":"https:\/\/audibax.com\/fr\/#website"},"primaryImageOfPage":{"@id":"https:\/\/audibax.com\/fr\/produit\/dsp15-g2\/#primaryimage"},"image":{"@id":"https:\/\/audibax.com\/fr\/produit\/dsp15-g2\/#primaryimage"},"thumbnailUrl":"https:\/\/audibax.com\/wp-content\/uploads\/2024\/07\/DSP15-1.png","datePublished":"2024-07-15T11:56:27+00:00","dateModified":"2025-10-17T10:36:25+00:00","breadcrumb":{"@id":"https:\/\/audibax.com\/fr\/produit\/dsp15-g2\/#breadcrumb"},"inLanguage":"fr-FR","potentialAction":[{"@type":"ReadAction","target":["https:\/\/audibax.com\/fr\/produit\/dsp15-g2\/"]}]},{"@type":"ImageObject","inLanguage":"fr-FR","@id":"https:\/\/audibax.com\/fr\/produit\/dsp15-g2\/#primaryimage","url":"https:\/\/audibax.com\/wp-content\/uploads\/2024\/07\/DSP15-1.png","contentUrl":"https:\/\/audibax.com\/wp-content\/uploads\/2024\/07\/DSP15-1.png","width":1500,"height":1061},{"@type":"BreadcrumbList","@id":"https:\/\/audibax.com\/fr\/produit\/dsp15-g2\/#breadcrumb","itemListElement":[{"@type":"ListItem","position":1,"name":"Portada","item":"https:\/\/audibax.com\/fr\/"},{"@type":"ListItem","position":2,"name":"Produits","item":"https:\/\/audibax.com\/fr\/shop\/"},{"@type":"ListItem","position":3,"name":"DSP15 G2"}]},{"@type":"WebSite","@id":"https:\/\/audibax.com\/fr\/#website","url":"https:\/\/audibax.com\/fr\/","name":"Audibax","description":"","publisher":{"@id":"https:\/\/audibax.com\/fr\/#organization"},"potentialAction":[{"@type":"SearchAction","target":{"@type":"EntryPoint","urlTemplate":"https:\/\/audibax.com\/fr\/?s={search_term_string}"},"query-input":{"@type":"PropertyValueSpecification","valueRequired":true,"valueName":"search_term_string"}}],"inLanguage":"fr-FR"},{"@type":"Organization","@id":"https:\/\/audibax.com\/fr\/#organization","name":"Audibax","url":"https:\/\/audibax.com\/fr\/","logo":{"@type":"ImageObject","inLanguage":"fr-FR","@id":"https:\/\/audibax.com\/fr\/#\/schema\/logo\/image\/","url":"https:\/\/audibax.com\/wp-content\/uploads\/2023\/09\/logo-Audibax-BLANCO-SVG-1.svg","contentUrl":"https:\/\/audibax.com\/wp-content\/uploads\/2023\/09\/logo-Audibax-BLANCO-SVG-1.svg","caption":"Audibax"},"image":{"@id":"https:\/\/audibax.com\/fr\/#\/schema\/logo\/image\/"}}]}},"_links":{"self":[{"href":"https:\/\/audibax.com\/fr\/wp-json\/wp\/v2\/product\/44936","targetHints":{"allow":["GET"]}}],"collection":[{"href":"https:\/\/audibax.com\/fr\/wp-json\/wp\/v2\/product"}],"about":[{"href":"https:\/\/audibax.com\/fr\/wp-json\/wp\/v2\/types\/product"}],"replies":[{"embeddable":true,"href":"https:\/\/audibax.com\/fr\/wp-json\/wp\/v2\/comments?post=44936"}],"wp:featuredmedia":[{"embeddable":true,"href":"https:\/\/audibax.com\/fr\/wp-json\/wp\/v2\/media\/44907"}],"wp:attachment":[{"href":"https:\/\/audibax.com\/fr\/wp-json\/wp\/v2\/media?parent=44936"}],"wp:term":[{"taxonomy":"product_cat","embeddable":true,"href":"https:\/\/audibax.com\/fr\/wp-json\/wp\/v2\/product_cat?post=44936"},{"taxonomy":"product_tag","embeddable":true,"href":"https:\/\/audibax.com\/fr\/wp-json\/wp\/v2\/product_tag?post=44936"}],"curies":[{"name":"wp","href":"https:\/\/api.w.org\/{rel}","templated":true}]}}