{"id":44902,"date":"2024-07-15T13:17:31","date_gmt":"2024-07-15T11:17:31","guid":{"rendered":"https:\/\/audibax.com\/?post_type=product&#038;p=44902"},"modified":"2025-10-16T14:25:03","modified_gmt":"2025-10-16T12:25:03","slug":"dsp12s-g2","status":"publish","type":"product","link":"https:\/\/audibax.com\/fr\/produit\/dsp12s-g2\/","title":{"rendered":"DSP12S G2"},"content":{"rendered":"<p><strong>Audibax DSP12s Subwoofer actif 12 pouces 500W G2<\/strong><\/p>\n<p>L&rsquo;<strong>Audibax DSP12s Subwoofer G2<\/strong> est un haut-parleur actif de 12 pouces dot\u00e9 d&rsquo;un amplificateur r\u00e9volutionnaire de classe D offrant une puissance et des performances incroyables.<\/p>\n<p>Le DSP interne de haute qualit\u00e9 offre la possibilit\u00e9 de modifier des param\u00e8tres tels que l&rsquo;\u00e9galisation \u00e0 3 bandes ou de s\u00e9lectionner le mode de lecture en fonction des besoins du moment (Musique, Live, DJ, Discours, etc.), avec une entr\u00e9e JACK XLR et une entr\u00e9e et une sortie ligne XLR respectivement.<\/p>\n<p>Ses mat\u00e9riaux et composants de premi\u00e8re qualit\u00e9 garantissent la durabilit\u00e9 et la qualit\u00e9 du son dans toutes les applications n\u00e9cessaires, qu&rsquo;il s&rsquo;agisse de musique en direct ou de lecture de musique. Son bo\u00eetier compact facilite son utilisation et son transport au quotidien.<\/p>\n<p><strong>Caract\u00e9ristiques techniques :<\/strong><\/p>\n<ul>\n<li>Fr\u00e9quence : 40Hz-120Hz (-10dB)<\/li>\n<li>Puissance d&rsquo;amplification RMS : 500W<\/li>\n<li>Classe\/D + DSP<\/li>\n<li>Haut-parleur de graves de 12 pouces<\/li>\n<li>Sensibilit\u00e9 (1w\/1m) : 96 dB<\/li>\n<li>SPL (cr\u00eate) : 126 dB<\/li>\n<li>Entr\u00e9e ligne : 2<\/li>\n<li>Connecteur des entr\u00e9es micro\/ligne : XLR\/Jack Combi<\/li>\n<li>Sortie ligne : 2<\/li>\n<li>Connecteur de sortie ligne : XLR<\/li>\n<li>Fonction : DSP professionnel<\/li>\n<li>Alimentation \u00e9lectrique : AC120V&amp;230V<\/li>\n<li>Couleur : NoiR<\/li>\n<li>Accessoires : C\u00e2bles d&rsquo;alimentation<\/li>\n<li>Dimensions : 410 x 510 x 510 mm : 410 x 510 x 510 mm<\/li>\n<\/ul>\n","protected":false},"excerpt":{"rendered":"<ul>\n<li>Fr\u00e9quence : 40Hz-120Hz (-10dB)<\/li>\n<li>Puissance d&rsquo;amplification RMS : 500W<\/li>\n<li>Classe\/D + DSP<\/li>\n<li>Haut-parleur de graves de 12 pouces<\/li>\n<li>Entr\u00e9e ligne : JACK XLR<\/li>\n<\/ul>\n","protected":false},"featured_media":45909,"comment_status":"open","ping_status":"closed","template":"","meta":{"_acf_changed":false},"product_cat":[393,421],"product_tag":[],"class_list":{"0":"post-44902","1":"product","2":"type-product","3":"status-publish","4":"has-post-thumbnail","6":"product_cat-sonorisation","7":"product_cat-subwoofer-fr","9":"first","10":"instock","11":"shipping-taxable","12":"product-type-simple"},"acf":[],"yoast_head":"<!-- This site is optimized with the Yoast SEO plugin v27.0 - https:\/\/yoast.com\/product\/yoast-seo-wordpress\/ -->\n<title>DSP12S G2 - Audibax<\/title>\n<meta name=\"robots\" content=\"index, follow, max-snippet:-1, max-image-preview:large, max-video-preview:-1\" \/>\n<link rel=\"canonical\" href=\"https:\/\/audibax.com\/fr\/produit\/dsp12s-g2\/\" \/>\n<meta property=\"og:locale\" content=\"fr_FR\" \/>\n<meta property=\"og:type\" content=\"article\" \/>\n<meta property=\"og:title\" content=\"DSP12S G2 - Audibax\" \/>\n<meta property=\"og:description\" content=\"Fr\u00e9quence : 40Hz-120Hz (-10dB)  Puissance d&#039;amplification RMS : 500W  Classe\/D + DSP  Haut-parleur de graves de 12 pouces  Entr\u00e9e ligne : JACK XLR\" \/>\n<meta property=\"og:url\" content=\"https:\/\/audibax.com\/fr\/produit\/dsp12s-g2\/\" \/>\n<meta property=\"og:site_name\" content=\"Audibax\" \/>\n<meta property=\"article:modified_time\" content=\"2025-10-16T12:25:03+00:00\" \/>\n<meta property=\"og:image\" content=\"https:\/\/audibax.com\/wp-content\/uploads\/2024\/07\/DSP12s-1-1.png\" \/>\n\t<meta property=\"og:image:width\" content=\"1500\" \/>\n\t<meta property=\"og:image:height\" content=\"1061\" \/>\n\t<meta property=\"og:image:type\" content=\"image\/png\" \/>\n<meta name=\"twitter:card\" content=\"summary_large_image\" \/>\n<meta name=\"twitter:label1\" content=\"Dur\u00e9e de lecture estim\u00e9e\" \/>\n\t<meta name=\"twitter:data1\" content=\"2 minutes\" \/>\n<script type=\"application\/ld+json\" class=\"yoast-schema-graph\">{\"@context\":\"https:\/\/schema.org\",\"@graph\":[{\"@type\":\"WebPage\",\"@id\":\"https:\/\/audibax.com\/fr\/produit\/dsp12s-g2\/\",\"url\":\"https:\/\/audibax.com\/fr\/produit\/dsp12s-g2\/\",\"name\":\"DSP12S G2 - Audibax\",\"isPartOf\":{\"@id\":\"https:\/\/audibax.com\/fr\/#website\"},\"primaryImageOfPage\":{\"@id\":\"https:\/\/audibax.com\/fr\/produit\/dsp12s-g2\/#primaryimage\"},\"image\":{\"@id\":\"https:\/\/audibax.com\/fr\/produit\/dsp12s-g2\/#primaryimage\"},\"thumbnailUrl\":\"https:\/\/audibax.com\/wp-content\/uploads\/2024\/07\/DSP12s-1-1.png\",\"datePublished\":\"2024-07-15T11:17:31+00:00\",\"dateModified\":\"2025-10-16T12:25:03+00:00\",\"breadcrumb\":{\"@id\":\"https:\/\/audibax.com\/fr\/produit\/dsp12s-g2\/#breadcrumb\"},\"inLanguage\":\"fr-FR\",\"potentialAction\":[{\"@type\":\"ReadAction\",\"target\":[\"https:\/\/audibax.com\/fr\/produit\/dsp12s-g2\/\"]}]},{\"@type\":\"ImageObject\",\"inLanguage\":\"fr-FR\",\"@id\":\"https:\/\/audibax.com\/fr\/produit\/dsp12s-g2\/#primaryimage\",\"url\":\"https:\/\/audibax.com\/wp-content\/uploads\/2024\/07\/DSP12s-1-1.png\",\"contentUrl\":\"https:\/\/audibax.com\/wp-content\/uploads\/2024\/07\/DSP12s-1-1.png\",\"width\":1500,\"height\":1061},{\"@type\":\"BreadcrumbList\",\"@id\":\"https:\/\/audibax.com\/fr\/produit\/dsp12s-g2\/#breadcrumb\",\"itemListElement\":[{\"@type\":\"ListItem\",\"position\":1,\"name\":\"Portada\",\"item\":\"https:\/\/audibax.com\/fr\/\"},{\"@type\":\"ListItem\",\"position\":2,\"name\":\"Produits\",\"item\":\"https:\/\/audibax.com\/fr\/shop\/\"},{\"@type\":\"ListItem\",\"position\":3,\"name\":\"DSP12S G2\"}]},{\"@type\":\"WebSite\",\"@id\":\"https:\/\/audibax.com\/fr\/#website\",\"url\":\"https:\/\/audibax.com\/fr\/\",\"name\":\"Audibax\",\"description\":\"\",\"publisher\":{\"@id\":\"https:\/\/audibax.com\/fr\/#organization\"},\"potentialAction\":[{\"@type\":\"SearchAction\",\"target\":{\"@type\":\"EntryPoint\",\"urlTemplate\":\"https:\/\/audibax.com\/fr\/?s={search_term_string}\"},\"query-input\":{\"@type\":\"PropertyValueSpecification\",\"valueRequired\":true,\"valueName\":\"search_term_string\"}}],\"inLanguage\":\"fr-FR\"},{\"@type\":\"Organization\",\"@id\":\"https:\/\/audibax.com\/fr\/#organization\",\"name\":\"Audibax\",\"url\":\"https:\/\/audibax.com\/fr\/\",\"logo\":{\"@type\":\"ImageObject\",\"inLanguage\":\"fr-FR\",\"@id\":\"https:\/\/audibax.com\/fr\/#\/schema\/logo\/image\/\",\"url\":\"https:\/\/audibax.com\/wp-content\/uploads\/2023\/09\/logo-Audibax-BLANCO-SVG-1.svg\",\"contentUrl\":\"https:\/\/audibax.com\/wp-content\/uploads\/2023\/09\/logo-Audibax-BLANCO-SVG-1.svg\",\"caption\":\"Audibax\"},\"image\":{\"@id\":\"https:\/\/audibax.com\/fr\/#\/schema\/logo\/image\/\"}}]}<\/script>\n<!-- \/ Yoast SEO plugin. -->","yoast_head_json":{"title":"DSP12S G2 - Audibax","robots":{"index":"index","follow":"follow","max-snippet":"max-snippet:-1","max-image-preview":"max-image-preview:large","max-video-preview":"max-video-preview:-1"},"canonical":"https:\/\/audibax.com\/fr\/produit\/dsp12s-g2\/","og_locale":"fr_FR","og_type":"article","og_title":"DSP12S G2 - Audibax","og_description":"Fr\u00e9quence : 40Hz-120Hz (-10dB)  Puissance d'amplification RMS : 500W  Classe\/D + DSP  Haut-parleur de graves de 12 pouces  Entr\u00e9e ligne : JACK XLR","og_url":"https:\/\/audibax.com\/fr\/produit\/dsp12s-g2\/","og_site_name":"Audibax","article_modified_time":"2025-10-16T12:25:03+00:00","og_image":[{"width":1500,"height":1061,"url":"https:\/\/audibax.com\/wp-content\/uploads\/2024\/07\/DSP12s-1-1.png","type":"image\/png"}],"twitter_card":"summary_large_image","twitter_misc":{"Dur\u00e9e de lecture estim\u00e9e":"2 minutes"},"schema":{"@context":"https:\/\/schema.org","@graph":[{"@type":"WebPage","@id":"https:\/\/audibax.com\/fr\/produit\/dsp12s-g2\/","url":"https:\/\/audibax.com\/fr\/produit\/dsp12s-g2\/","name":"DSP12S G2 - Audibax","isPartOf":{"@id":"https:\/\/audibax.com\/fr\/#website"},"primaryImageOfPage":{"@id":"https:\/\/audibax.com\/fr\/produit\/dsp12s-g2\/#primaryimage"},"image":{"@id":"https:\/\/audibax.com\/fr\/produit\/dsp12s-g2\/#primaryimage"},"thumbnailUrl":"https:\/\/audibax.com\/wp-content\/uploads\/2024\/07\/DSP12s-1-1.png","datePublished":"2024-07-15T11:17:31+00:00","dateModified":"2025-10-16T12:25:03+00:00","breadcrumb":{"@id":"https:\/\/audibax.com\/fr\/produit\/dsp12s-g2\/#breadcrumb"},"inLanguage":"fr-FR","potentialAction":[{"@type":"ReadAction","target":["https:\/\/audibax.com\/fr\/produit\/dsp12s-g2\/"]}]},{"@type":"ImageObject","inLanguage":"fr-FR","@id":"https:\/\/audibax.com\/fr\/produit\/dsp12s-g2\/#primaryimage","url":"https:\/\/audibax.com\/wp-content\/uploads\/2024\/07\/DSP12s-1-1.png","contentUrl":"https:\/\/audibax.com\/wp-content\/uploads\/2024\/07\/DSP12s-1-1.png","width":1500,"height":1061},{"@type":"BreadcrumbList","@id":"https:\/\/audibax.com\/fr\/produit\/dsp12s-g2\/#breadcrumb","itemListElement":[{"@type":"ListItem","position":1,"name":"Portada","item":"https:\/\/audibax.com\/fr\/"},{"@type":"ListItem","position":2,"name":"Produits","item":"https:\/\/audibax.com\/fr\/shop\/"},{"@type":"ListItem","position":3,"name":"DSP12S G2"}]},{"@type":"WebSite","@id":"https:\/\/audibax.com\/fr\/#website","url":"https:\/\/audibax.com\/fr\/","name":"Audibax","description":"","publisher":{"@id":"https:\/\/audibax.com\/fr\/#organization"},"potentialAction":[{"@type":"SearchAction","target":{"@type":"EntryPoint","urlTemplate":"https:\/\/audibax.com\/fr\/?s={search_term_string}"},"query-input":{"@type":"PropertyValueSpecification","valueRequired":true,"valueName":"search_term_string"}}],"inLanguage":"fr-FR"},{"@type":"Organization","@id":"https:\/\/audibax.com\/fr\/#organization","name":"Audibax","url":"https:\/\/audibax.com\/fr\/","logo":{"@type":"ImageObject","inLanguage":"fr-FR","@id":"https:\/\/audibax.com\/fr\/#\/schema\/logo\/image\/","url":"https:\/\/audibax.com\/wp-content\/uploads\/2023\/09\/logo-Audibax-BLANCO-SVG-1.svg","contentUrl":"https:\/\/audibax.com\/wp-content\/uploads\/2023\/09\/logo-Audibax-BLANCO-SVG-1.svg","caption":"Audibax"},"image":{"@id":"https:\/\/audibax.com\/fr\/#\/schema\/logo\/image\/"}}]}},"_links":{"self":[{"href":"https:\/\/audibax.com\/fr\/wp-json\/wp\/v2\/product\/44902","targetHints":{"allow":["GET"]}}],"collection":[{"href":"https:\/\/audibax.com\/fr\/wp-json\/wp\/v2\/product"}],"about":[{"href":"https:\/\/audibax.com\/fr\/wp-json\/wp\/v2\/types\/product"}],"replies":[{"embeddable":true,"href":"https:\/\/audibax.com\/fr\/wp-json\/wp\/v2\/comments?post=44902"}],"wp:featuredmedia":[{"embeddable":true,"href":"https:\/\/audibax.com\/fr\/wp-json\/wp\/v2\/media\/45909"}],"wp:attachment":[{"href":"https:\/\/audibax.com\/fr\/wp-json\/wp\/v2\/media?parent=44902"}],"wp:term":[{"taxonomy":"product_cat","embeddable":true,"href":"https:\/\/audibax.com\/fr\/wp-json\/wp\/v2\/product_cat?post=44902"},{"taxonomy":"product_tag","embeddable":true,"href":"https:\/\/audibax.com\/fr\/wp-json\/wp\/v2\/product_tag?post=44902"}],"curies":[{"name":"wp","href":"https:\/\/api.w.org\/{rel}","templated":true}]}}