{"id":44867,"date":"2024-07-15T12:09:15","date_gmt":"2024-07-15T10:09:15","guid":{"rendered":"https:\/\/audibax.com\/?post_type=product&#038;p=44867"},"modified":"2025-10-20T08:58:58","modified_gmt":"2025-10-20T06:58:58","slug":"pro8p-g2","status":"publish","type":"product","link":"https:\/\/audibax.com\/fr\/produit\/pro8p-g2\/","title":{"rendered":"PRO8P G2"},"content":{"rendered":"<p><strong>Audibax PRO8P 400W G2 Haut-parleur passif 8 pouces<\/strong><\/p>\n<p>L&rsquo;<strong>Audibax PRO8P G2<\/strong> est un haut-parleur passif 8&Prime;, d&rsquo;une puissance maximale de 400W, qui sera capable de g\u00e9n\u00e9rer un son de grande qualit\u00e9.<br \/>\nNotre enceinte <strong>PRO8P G2<\/strong> est \u00e9quip\u00e9e de 2 entr\u00e9es Speakon.<\/p>\n<p>Elle dispose d&rsquo;un woofer de 8&Prime;, offrant une r\u00e9ponse en fr\u00e9quence de 65Hz-18kHZ.<\/p>\n<p><strong>Caract\u00e9ristiques techniques :<\/strong><\/p>\n<ul>\n<li>Haut-parleur passif bass-reflex de 8&Prime;.<\/li>\n<li>R\u00e9ponse en fr\u00e9quence : 65Hz-18KHz<\/li>\n<li>Puissance RMS : 200W<\/li>\n<li>Haut-parleur de graves de 8 pouces<\/li>\n<li>SPL : 94dB (constant) 120dB (cr\u00eate)<\/li>\n<li>Imp\u00e9dance : 8 ohms<\/li>\n<li>Entr\u00e9e : 2 connecteurs Speakon<\/li>\n<li>Mat\u00e9riau : ABS ABS anti-rayures<\/li>\n<li>Couleur : Noir<\/li>\n<li>Dimensions : 259 x 250 x 432 mm : 259 x 250 x 432 mm<\/li>\n<li>Poids brut : 7 Kg<\/li>\n<\/ul>\n","protected":false},"excerpt":{"rendered":"<ul>\n<li>Haut-parleur bass-reflex passif de 8 pouces<\/li>\n<li>R\u00e9ponse en fr\u00e9quence : 65Hz-18KHz<\/li>\n<li>Puissance RMS : 200W<\/li>\n<li>Woofer : 8\u00a0\u00bb VC 2.0\u00a0\u00bb 8ohm<\/li>\n<\/ul>\n","protected":false},"featured_media":45229,"comment_status":"open","ping_status":"closed","template":"","meta":{"_acf_changed":false},"product_cat":[415,253],"product_tag":[],"class_list":{"0":"post-44867","1":"product","2":"type-product","3":"status-publish","4":"has-post-thumbnail","6":"product_cat-haut-parleurs-passifs","7":"product_cat-intervenants","9":"first","10":"instock","11":"shipping-taxable","12":"product-type-simple"},"acf":[],"yoast_head":"<!-- This site is optimized with the Yoast SEO plugin v27.0 - https:\/\/yoast.com\/product\/yoast-seo-wordpress\/ -->\n<title>PRO8P G2 - Audibax<\/title>\n<meta name=\"robots\" content=\"index, follow, max-snippet:-1, max-image-preview:large, max-video-preview:-1\" \/>\n<link rel=\"canonical\" href=\"https:\/\/audibax.com\/fr\/produit\/pro8p-g2\/\" \/>\n<meta property=\"og:locale\" content=\"fr_FR\" \/>\n<meta property=\"og:type\" content=\"article\" \/>\n<meta property=\"og:title\" content=\"PRO8P G2 - Audibax\" \/>\n<meta property=\"og:description\" content=\"Haut-parleur bass-reflex passif de 8 pouces  R\u00e9ponse en fr\u00e9quence : 65Hz-18KHz  Puissance RMS : 200W  Woofer : 8&#039;&#039; VC 2.0&#039;&#039; 8ohm\" \/>\n<meta property=\"og:url\" content=\"https:\/\/audibax.com\/fr\/produit\/pro8p-g2\/\" \/>\n<meta property=\"og:site_name\" content=\"Audibax\" \/>\n<meta property=\"article:modified_time\" content=\"2025-10-20T06:58:58+00:00\" \/>\n<meta property=\"og:image\" content=\"https:\/\/audibax.com\/wp-content\/uploads\/2024\/07\/PRO8P-Altavoz.png\" \/>\n\t<meta property=\"og:image:width\" content=\"2500\" \/>\n\t<meta property=\"og:image:height\" content=\"1768\" \/>\n\t<meta property=\"og:image:type\" content=\"image\/png\" \/>\n<meta name=\"twitter:card\" content=\"summary_large_image\" \/>\n<meta name=\"twitter:label1\" content=\"Dur\u00e9e de lecture estim\u00e9e\" \/>\n\t<meta name=\"twitter:data1\" content=\"1 minute\" \/>\n<script type=\"application\/ld+json\" class=\"yoast-schema-graph\">{\"@context\":\"https:\/\/schema.org\",\"@graph\":[{\"@type\":\"WebPage\",\"@id\":\"https:\/\/audibax.com\/fr\/produit\/pro8p-g2\/\",\"url\":\"https:\/\/audibax.com\/fr\/produit\/pro8p-g2\/\",\"name\":\"PRO8P G2 - Audibax\",\"isPartOf\":{\"@id\":\"https:\/\/audibax.com\/fr\/#website\"},\"primaryImageOfPage\":{\"@id\":\"https:\/\/audibax.com\/fr\/produit\/pro8p-g2\/#primaryimage\"},\"image\":{\"@id\":\"https:\/\/audibax.com\/fr\/produit\/pro8p-g2\/#primaryimage\"},\"thumbnailUrl\":\"https:\/\/audibax.com\/wp-content\/uploads\/2024\/07\/PRO8P-Altavoz.png\",\"datePublished\":\"2024-07-15T10:09:15+00:00\",\"dateModified\":\"2025-10-20T06:58:58+00:00\",\"breadcrumb\":{\"@id\":\"https:\/\/audibax.com\/fr\/produit\/pro8p-g2\/#breadcrumb\"},\"inLanguage\":\"fr-FR\",\"potentialAction\":[{\"@type\":\"ReadAction\",\"target\":[\"https:\/\/audibax.com\/fr\/produit\/pro8p-g2\/\"]}]},{\"@type\":\"ImageObject\",\"inLanguage\":\"fr-FR\",\"@id\":\"https:\/\/audibax.com\/fr\/produit\/pro8p-g2\/#primaryimage\",\"url\":\"https:\/\/audibax.com\/wp-content\/uploads\/2024\/07\/PRO8P-Altavoz.png\",\"contentUrl\":\"https:\/\/audibax.com\/wp-content\/uploads\/2024\/07\/PRO8P-Altavoz.png\",\"width\":2500,\"height\":1768},{\"@type\":\"BreadcrumbList\",\"@id\":\"https:\/\/audibax.com\/fr\/produit\/pro8p-g2\/#breadcrumb\",\"itemListElement\":[{\"@type\":\"ListItem\",\"position\":1,\"name\":\"Portada\",\"item\":\"https:\/\/audibax.com\/fr\/\"},{\"@type\":\"ListItem\",\"position\":2,\"name\":\"Produits\",\"item\":\"https:\/\/audibax.com\/fr\/shop\/\"},{\"@type\":\"ListItem\",\"position\":3,\"name\":\"PRO8P G2\"}]},{\"@type\":\"WebSite\",\"@id\":\"https:\/\/audibax.com\/fr\/#website\",\"url\":\"https:\/\/audibax.com\/fr\/\",\"name\":\"Audibax\",\"description\":\"\",\"publisher\":{\"@id\":\"https:\/\/audibax.com\/fr\/#organization\"},\"potentialAction\":[{\"@type\":\"SearchAction\",\"target\":{\"@type\":\"EntryPoint\",\"urlTemplate\":\"https:\/\/audibax.com\/fr\/?s={search_term_string}\"},\"query-input\":{\"@type\":\"PropertyValueSpecification\",\"valueRequired\":true,\"valueName\":\"search_term_string\"}}],\"inLanguage\":\"fr-FR\"},{\"@type\":\"Organization\",\"@id\":\"https:\/\/audibax.com\/fr\/#organization\",\"name\":\"Audibax\",\"url\":\"https:\/\/audibax.com\/fr\/\",\"logo\":{\"@type\":\"ImageObject\",\"inLanguage\":\"fr-FR\",\"@id\":\"https:\/\/audibax.com\/fr\/#\/schema\/logo\/image\/\",\"url\":\"https:\/\/audibax.com\/wp-content\/uploads\/2023\/09\/logo-Audibax-BLANCO-SVG-1.svg\",\"contentUrl\":\"https:\/\/audibax.com\/wp-content\/uploads\/2023\/09\/logo-Audibax-BLANCO-SVG-1.svg\",\"caption\":\"Audibax\"},\"image\":{\"@id\":\"https:\/\/audibax.com\/fr\/#\/schema\/logo\/image\/\"}}]}<\/script>\n<!-- \/ Yoast SEO plugin. -->","yoast_head_json":{"title":"PRO8P G2 - Audibax","robots":{"index":"index","follow":"follow","max-snippet":"max-snippet:-1","max-image-preview":"max-image-preview:large","max-video-preview":"max-video-preview:-1"},"canonical":"https:\/\/audibax.com\/fr\/produit\/pro8p-g2\/","og_locale":"fr_FR","og_type":"article","og_title":"PRO8P G2 - Audibax","og_description":"Haut-parleur bass-reflex passif de 8 pouces  R\u00e9ponse en fr\u00e9quence : 65Hz-18KHz  Puissance RMS : 200W  Woofer : 8'' VC 2.0'' 8ohm","og_url":"https:\/\/audibax.com\/fr\/produit\/pro8p-g2\/","og_site_name":"Audibax","article_modified_time":"2025-10-20T06:58:58+00:00","og_image":[{"width":2500,"height":1768,"url":"https:\/\/audibax.com\/wp-content\/uploads\/2024\/07\/PRO8P-Altavoz.png","type":"image\/png"}],"twitter_card":"summary_large_image","twitter_misc":{"Dur\u00e9e de lecture estim\u00e9e":"1 minute"},"schema":{"@context":"https:\/\/schema.org","@graph":[{"@type":"WebPage","@id":"https:\/\/audibax.com\/fr\/produit\/pro8p-g2\/","url":"https:\/\/audibax.com\/fr\/produit\/pro8p-g2\/","name":"PRO8P G2 - Audibax","isPartOf":{"@id":"https:\/\/audibax.com\/fr\/#website"},"primaryImageOfPage":{"@id":"https:\/\/audibax.com\/fr\/produit\/pro8p-g2\/#primaryimage"},"image":{"@id":"https:\/\/audibax.com\/fr\/produit\/pro8p-g2\/#primaryimage"},"thumbnailUrl":"https:\/\/audibax.com\/wp-content\/uploads\/2024\/07\/PRO8P-Altavoz.png","datePublished":"2024-07-15T10:09:15+00:00","dateModified":"2025-10-20T06:58:58+00:00","breadcrumb":{"@id":"https:\/\/audibax.com\/fr\/produit\/pro8p-g2\/#breadcrumb"},"inLanguage":"fr-FR","potentialAction":[{"@type":"ReadAction","target":["https:\/\/audibax.com\/fr\/produit\/pro8p-g2\/"]}]},{"@type":"ImageObject","inLanguage":"fr-FR","@id":"https:\/\/audibax.com\/fr\/produit\/pro8p-g2\/#primaryimage","url":"https:\/\/audibax.com\/wp-content\/uploads\/2024\/07\/PRO8P-Altavoz.png","contentUrl":"https:\/\/audibax.com\/wp-content\/uploads\/2024\/07\/PRO8P-Altavoz.png","width":2500,"height":1768},{"@type":"BreadcrumbList","@id":"https:\/\/audibax.com\/fr\/produit\/pro8p-g2\/#breadcrumb","itemListElement":[{"@type":"ListItem","position":1,"name":"Portada","item":"https:\/\/audibax.com\/fr\/"},{"@type":"ListItem","position":2,"name":"Produits","item":"https:\/\/audibax.com\/fr\/shop\/"},{"@type":"ListItem","position":3,"name":"PRO8P G2"}]},{"@type":"WebSite","@id":"https:\/\/audibax.com\/fr\/#website","url":"https:\/\/audibax.com\/fr\/","name":"Audibax","description":"","publisher":{"@id":"https:\/\/audibax.com\/fr\/#organization"},"potentialAction":[{"@type":"SearchAction","target":{"@type":"EntryPoint","urlTemplate":"https:\/\/audibax.com\/fr\/?s={search_term_string}"},"query-input":{"@type":"PropertyValueSpecification","valueRequired":true,"valueName":"search_term_string"}}],"inLanguage":"fr-FR"},{"@type":"Organization","@id":"https:\/\/audibax.com\/fr\/#organization","name":"Audibax","url":"https:\/\/audibax.com\/fr\/","logo":{"@type":"ImageObject","inLanguage":"fr-FR","@id":"https:\/\/audibax.com\/fr\/#\/schema\/logo\/image\/","url":"https:\/\/audibax.com\/wp-content\/uploads\/2023\/09\/logo-Audibax-BLANCO-SVG-1.svg","contentUrl":"https:\/\/audibax.com\/wp-content\/uploads\/2023\/09\/logo-Audibax-BLANCO-SVG-1.svg","caption":"Audibax"},"image":{"@id":"https:\/\/audibax.com\/fr\/#\/schema\/logo\/image\/"}}]}},"_links":{"self":[{"href":"https:\/\/audibax.com\/fr\/wp-json\/wp\/v2\/product\/44867","targetHints":{"allow":["GET"]}}],"collection":[{"href":"https:\/\/audibax.com\/fr\/wp-json\/wp\/v2\/product"}],"about":[{"href":"https:\/\/audibax.com\/fr\/wp-json\/wp\/v2\/types\/product"}],"replies":[{"embeddable":true,"href":"https:\/\/audibax.com\/fr\/wp-json\/wp\/v2\/comments?post=44867"}],"wp:featuredmedia":[{"embeddable":true,"href":"https:\/\/audibax.com\/fr\/wp-json\/wp\/v2\/media\/45229"}],"wp:attachment":[{"href":"https:\/\/audibax.com\/fr\/wp-json\/wp\/v2\/media?parent=44867"}],"wp:term":[{"taxonomy":"product_cat","embeddable":true,"href":"https:\/\/audibax.com\/fr\/wp-json\/wp\/v2\/product_cat?post=44867"},{"taxonomy":"product_tag","embeddable":true,"href":"https:\/\/audibax.com\/fr\/wp-json\/wp\/v2\/product_tag?post=44867"}],"curies":[{"name":"wp","href":"https:\/\/api.w.org\/{rel}","templated":true}]}}