{"id":44774,"date":"2024-06-19T14:03:19","date_gmt":"2024-06-19T12:03:19","guid":{"rendered":"https:\/\/audibax.com\/?post_type=product&#038;p=44774"},"modified":"2024-11-21T10:47:00","modified_gmt":"2024-11-21T09:47:00","slug":"44774","status":"publish","type":"product","link":"https:\/\/audibax.com\/fr\/produit\/44774\/","title":{"rendered":"ASC1"},"content":{"rendered":"<p>L&rsquo;<strong>Audibax ASC1<\/strong> est un adaptateur polyvalent con\u00e7u pour r\u00e9pondre aux besoins de connectivit\u00e9 dans les environnements professionnels. Avec un kit de multi-connecteur incluant XLR, Jack, Spk (possiblement Speaker) et RCA, il offre la flexibilit\u00e9 n\u00e9cessaire pour s&rsquo;adapter \u00e0 diverses configurations audio et vid\u00e9o.<\/p>\n<p>Pr\u00e9sent\u00e9 dans une mallette noire robuste, l<strong>&lsquo;Audibax ASC1<\/strong> facilite le stockage et le transport des adaptateurs, assurant un acc\u00e8s rapide et organis\u00e9 lorsque diff\u00e9rents types d&rsquo;\u00e9quipements doivent \u00eatre connect\u00e9s.<\/p>\n<p><strong>Audibax ASC1<\/strong><\/p>\n<ul>\n<li>Type : Adaptateur<\/li>\n<li>Kit de Multi-Connecteur : XLR\/Jack\/Spk\/RCA<\/li>\n<li>Configuration des Adaptateurs : ADP XLR\/Jack\/RCA\/Spk, ADP RCA\/XLR\/Jack<\/li>\n<li>\u00c9tui : Mallette<\/li>\n<li>Couleur : Noir<\/li>\n<li>Longueur : 100 m\u00e8tres<\/li>\n<li>Dimensions de l&#8217;emballage : 230 x 310 x 74 mm<\/li>\n<li>Poids : 2,1 kg<\/li>\n<\/ul>\n","protected":false},"excerpt":{"rendered":"<ul>\n<li>Type : Adaptateur<\/li>\n<li>Kit de Multi-Connecteur : XLR\/Jack\/Spk\/RCA<\/li>\n<li>Configuration des Adaptateurs : ADP XLR\/Jack\/RCA\/Spk, ADP RCA\/XLR\/Jack<\/li>\n<li>\u00c9tui : Mallette<\/li>\n<\/ul>\n","protected":false},"featured_media":44754,"comment_status":"open","ping_status":"closed","template":"","meta":{"_acf_changed":false},"product_cat":[289,301],"product_tag":[],"class_list":{"0":"post-44774","1":"product","2":"type-product","3":"status-publish","4":"has-post-thumbnail","6":"product_cat-cables-fr","7":"product_cat-connecteurs","9":"first","10":"instock","11":"shipping-taxable","12":"product-type-simple"},"acf":[],"yoast_head":"<!-- This site is optimized with the Yoast SEO plugin v27.0 - https:\/\/yoast.com\/product\/yoast-seo-wordpress\/ -->\n<title>ASC1 - Audibax<\/title>\n<meta name=\"robots\" content=\"index, follow, max-snippet:-1, max-image-preview:large, max-video-preview:-1\" \/>\n<link rel=\"canonical\" href=\"https:\/\/audibax.com\/fr\/produit\/44774\/\" \/>\n<meta property=\"og:locale\" content=\"fr_FR\" \/>\n<meta property=\"og:type\" content=\"article\" \/>\n<meta property=\"og:title\" content=\"ASC1 - Audibax\" \/>\n<meta property=\"og:description\" content=\"Type : Adaptateur  Kit de Multi-Connecteur : XLR\/Jack\/Spk\/RCA  Configuration des Adaptateurs : ADP XLR\/Jack\/RCA\/Spk, ADP RCA\/XLR\/Jack  \u00c9tui : Mallette\" \/>\n<meta property=\"og:url\" content=\"https:\/\/audibax.com\/fr\/produit\/44774\/\" \/>\n<meta property=\"og:site_name\" content=\"Audibax\" \/>\n<meta property=\"article:modified_time\" content=\"2024-11-21T09:47:00+00:00\" \/>\n<meta property=\"og:image\" content=\"https:\/\/audibax.com\/wp-content\/uploads\/2024\/06\/ASC1-2.png\" \/>\n\t<meta property=\"og:image:width\" content=\"1500\" \/>\n\t<meta property=\"og:image:height\" content=\"1061\" \/>\n\t<meta property=\"og:image:type\" content=\"image\/png\" \/>\n<meta name=\"twitter:card\" content=\"summary_large_image\" \/>\n<meta name=\"twitter:label1\" content=\"Dur\u00e9e de lecture estim\u00e9e\" \/>\n\t<meta name=\"twitter:data1\" content=\"1 minute\" \/>\n<script type=\"application\/ld+json\" class=\"yoast-schema-graph\">{\"@context\":\"https:\/\/schema.org\",\"@graph\":[{\"@type\":\"WebPage\",\"@id\":\"https:\/\/audibax.com\/fr\/produit\/44774\/\",\"url\":\"https:\/\/audibax.com\/fr\/produit\/44774\/\",\"name\":\"ASC1 - Audibax\",\"isPartOf\":{\"@id\":\"https:\/\/audibax.com\/fr\/#website\"},\"primaryImageOfPage\":{\"@id\":\"https:\/\/audibax.com\/fr\/produit\/44774\/#primaryimage\"},\"image\":{\"@id\":\"https:\/\/audibax.com\/fr\/produit\/44774\/#primaryimage\"},\"thumbnailUrl\":\"https:\/\/audibax.com\/wp-content\/uploads\/2024\/06\/ASC1-2.png\",\"datePublished\":\"2024-06-19T12:03:19+00:00\",\"dateModified\":\"2024-11-21T09:47:00+00:00\",\"breadcrumb\":{\"@id\":\"https:\/\/audibax.com\/fr\/produit\/44774\/#breadcrumb\"},\"inLanguage\":\"fr-FR\",\"potentialAction\":[{\"@type\":\"ReadAction\",\"target\":[\"https:\/\/audibax.com\/fr\/produit\/44774\/\"]}]},{\"@type\":\"ImageObject\",\"inLanguage\":\"fr-FR\",\"@id\":\"https:\/\/audibax.com\/fr\/produit\/44774\/#primaryimage\",\"url\":\"https:\/\/audibax.com\/wp-content\/uploads\/2024\/06\/ASC1-2.png\",\"contentUrl\":\"https:\/\/audibax.com\/wp-content\/uploads\/2024\/06\/ASC1-2.png\",\"width\":1500,\"height\":1061},{\"@type\":\"BreadcrumbList\",\"@id\":\"https:\/\/audibax.com\/fr\/produit\/44774\/#breadcrumb\",\"itemListElement\":[{\"@type\":\"ListItem\",\"position\":1,\"name\":\"Portada\",\"item\":\"https:\/\/audibax.com\/fr\/\"},{\"@type\":\"ListItem\",\"position\":2,\"name\":\"Produits\",\"item\":\"https:\/\/audibax.com\/fr\/shop\/\"},{\"@type\":\"ListItem\",\"position\":3,\"name\":\"ASC1\"}]},{\"@type\":\"WebSite\",\"@id\":\"https:\/\/audibax.com\/fr\/#website\",\"url\":\"https:\/\/audibax.com\/fr\/\",\"name\":\"Audibax\",\"description\":\"\",\"publisher\":{\"@id\":\"https:\/\/audibax.com\/fr\/#organization\"},\"potentialAction\":[{\"@type\":\"SearchAction\",\"target\":{\"@type\":\"EntryPoint\",\"urlTemplate\":\"https:\/\/audibax.com\/fr\/?s={search_term_string}\"},\"query-input\":{\"@type\":\"PropertyValueSpecification\",\"valueRequired\":true,\"valueName\":\"search_term_string\"}}],\"inLanguage\":\"fr-FR\"},{\"@type\":\"Organization\",\"@id\":\"https:\/\/audibax.com\/fr\/#organization\",\"name\":\"Audibax\",\"url\":\"https:\/\/audibax.com\/fr\/\",\"logo\":{\"@type\":\"ImageObject\",\"inLanguage\":\"fr-FR\",\"@id\":\"https:\/\/audibax.com\/fr\/#\/schema\/logo\/image\/\",\"url\":\"https:\/\/audibax.com\/wp-content\/uploads\/2023\/09\/logo-Audibax-BLANCO-SVG-1.svg\",\"contentUrl\":\"https:\/\/audibax.com\/wp-content\/uploads\/2023\/09\/logo-Audibax-BLANCO-SVG-1.svg\",\"caption\":\"Audibax\"},\"image\":{\"@id\":\"https:\/\/audibax.com\/fr\/#\/schema\/logo\/image\/\"}}]}<\/script>\n<!-- \/ Yoast SEO plugin. -->","yoast_head_json":{"title":"ASC1 - Audibax","robots":{"index":"index","follow":"follow","max-snippet":"max-snippet:-1","max-image-preview":"max-image-preview:large","max-video-preview":"max-video-preview:-1"},"canonical":"https:\/\/audibax.com\/fr\/produit\/44774\/","og_locale":"fr_FR","og_type":"article","og_title":"ASC1 - Audibax","og_description":"Type : Adaptateur  Kit de Multi-Connecteur : XLR\/Jack\/Spk\/RCA  Configuration des Adaptateurs : ADP XLR\/Jack\/RCA\/Spk, ADP RCA\/XLR\/Jack  \u00c9tui : Mallette","og_url":"https:\/\/audibax.com\/fr\/produit\/44774\/","og_site_name":"Audibax","article_modified_time":"2024-11-21T09:47:00+00:00","og_image":[{"width":1500,"height":1061,"url":"https:\/\/audibax.com\/wp-content\/uploads\/2024\/06\/ASC1-2.png","type":"image\/png"}],"twitter_card":"summary_large_image","twitter_misc":{"Dur\u00e9e de lecture estim\u00e9e":"1 minute"},"schema":{"@context":"https:\/\/schema.org","@graph":[{"@type":"WebPage","@id":"https:\/\/audibax.com\/fr\/produit\/44774\/","url":"https:\/\/audibax.com\/fr\/produit\/44774\/","name":"ASC1 - Audibax","isPartOf":{"@id":"https:\/\/audibax.com\/fr\/#website"},"primaryImageOfPage":{"@id":"https:\/\/audibax.com\/fr\/produit\/44774\/#primaryimage"},"image":{"@id":"https:\/\/audibax.com\/fr\/produit\/44774\/#primaryimage"},"thumbnailUrl":"https:\/\/audibax.com\/wp-content\/uploads\/2024\/06\/ASC1-2.png","datePublished":"2024-06-19T12:03:19+00:00","dateModified":"2024-11-21T09:47:00+00:00","breadcrumb":{"@id":"https:\/\/audibax.com\/fr\/produit\/44774\/#breadcrumb"},"inLanguage":"fr-FR","potentialAction":[{"@type":"ReadAction","target":["https:\/\/audibax.com\/fr\/produit\/44774\/"]}]},{"@type":"ImageObject","inLanguage":"fr-FR","@id":"https:\/\/audibax.com\/fr\/produit\/44774\/#primaryimage","url":"https:\/\/audibax.com\/wp-content\/uploads\/2024\/06\/ASC1-2.png","contentUrl":"https:\/\/audibax.com\/wp-content\/uploads\/2024\/06\/ASC1-2.png","width":1500,"height":1061},{"@type":"BreadcrumbList","@id":"https:\/\/audibax.com\/fr\/produit\/44774\/#breadcrumb","itemListElement":[{"@type":"ListItem","position":1,"name":"Portada","item":"https:\/\/audibax.com\/fr\/"},{"@type":"ListItem","position":2,"name":"Produits","item":"https:\/\/audibax.com\/fr\/shop\/"},{"@type":"ListItem","position":3,"name":"ASC1"}]},{"@type":"WebSite","@id":"https:\/\/audibax.com\/fr\/#website","url":"https:\/\/audibax.com\/fr\/","name":"Audibax","description":"","publisher":{"@id":"https:\/\/audibax.com\/fr\/#organization"},"potentialAction":[{"@type":"SearchAction","target":{"@type":"EntryPoint","urlTemplate":"https:\/\/audibax.com\/fr\/?s={search_term_string}"},"query-input":{"@type":"PropertyValueSpecification","valueRequired":true,"valueName":"search_term_string"}}],"inLanguage":"fr-FR"},{"@type":"Organization","@id":"https:\/\/audibax.com\/fr\/#organization","name":"Audibax","url":"https:\/\/audibax.com\/fr\/","logo":{"@type":"ImageObject","inLanguage":"fr-FR","@id":"https:\/\/audibax.com\/fr\/#\/schema\/logo\/image\/","url":"https:\/\/audibax.com\/wp-content\/uploads\/2023\/09\/logo-Audibax-BLANCO-SVG-1.svg","contentUrl":"https:\/\/audibax.com\/wp-content\/uploads\/2023\/09\/logo-Audibax-BLANCO-SVG-1.svg","caption":"Audibax"},"image":{"@id":"https:\/\/audibax.com\/fr\/#\/schema\/logo\/image\/"}}]}},"_links":{"self":[{"href":"https:\/\/audibax.com\/fr\/wp-json\/wp\/v2\/product\/44774","targetHints":{"allow":["GET"]}}],"collection":[{"href":"https:\/\/audibax.com\/fr\/wp-json\/wp\/v2\/product"}],"about":[{"href":"https:\/\/audibax.com\/fr\/wp-json\/wp\/v2\/types\/product"}],"replies":[{"embeddable":true,"href":"https:\/\/audibax.com\/fr\/wp-json\/wp\/v2\/comments?post=44774"}],"wp:featuredmedia":[{"embeddable":true,"href":"https:\/\/audibax.com\/fr\/wp-json\/wp\/v2\/media\/44754"}],"wp:attachment":[{"href":"https:\/\/audibax.com\/fr\/wp-json\/wp\/v2\/media?parent=44774"}],"wp:term":[{"taxonomy":"product_cat","embeddable":true,"href":"https:\/\/audibax.com\/fr\/wp-json\/wp\/v2\/product_cat?post=44774"},{"taxonomy":"product_tag","embeddable":true,"href":"https:\/\/audibax.com\/fr\/wp-json\/wp\/v2\/product_tag?post=44774"}],"curies":[{"name":"wp","href":"https:\/\/api.w.org\/{rel}","templated":true}]}}