{"id":44747,"date":"2024-06-19T13:48:07","date_gmt":"2024-06-19T11:48:07","guid":{"rendered":"https:\/\/audibax.com\/?post_type=product&#038;p=44747"},"modified":"2024-06-19T13:59:22","modified_gmt":"2024-06-19T11:59:22","slug":"44747","status":"publish","type":"product","link":"https:\/\/audibax.com\/fr\/produit\/44747\/","title":{"rendered":"BPA100 &#8211; 425 Black"},"content":{"rendered":"<p>D\u00e9couvrez l&rsquo;<strong>Audibax Pro BPA100-425 Black<\/strong>, un c\u00e2ble pour haut-parleurs con\u00e7u pour offrir une qualit\u00e9 audio exceptionnelle dans n&rsquo;importe quel environnement.<\/p>\n<p>Avec une section de c\u00e2ble de 4&#215;2.5mm SPC et un diam\u00e8tre ext\u00e9rieur de 12 mm, ce c\u00e2ble assure une transmission de signal robuste et sans interf\u00e9rences sur une longueur de 100 m\u00e8tres.<\/p>\n<p>Id\u00e9al pour les applications professionnelles et les \u00e9v\u00e9nements en direct, l<strong>&lsquo;Audibax Pro BPA100-425 Black<\/strong> garantit des performances fiables et durables, ce qui en fait le choix pr\u00e9f\u00e9r\u00e9 des passionn\u00e9s de son exigeants.<\/p>\n<p><strong>Audibax Pro BPA100-425 Black<\/strong><\/p>\n<ul>\n<li>Type: C\u00e2ble pour haut-parleurs<\/li>\n<li>Configuration: 4&#215;2.5mm SPC (Section transversale)<\/li>\n<li>13 AWG<\/li>\n<li>Couleur: Noir<\/li>\n<li>Longueur: 100 m\u00e8tres<\/li>\n<li>Diam\u00e8tre du c\u00e2ble: 12mm<\/li>\n<li>Dimensions de l&#8217;emballage: 255 x 255 x 275 mm<\/li>\n<li>Poids: 20 kg<\/li>\n<\/ul>\n","protected":false},"excerpt":{"rendered":"<ul>\n<li>Type: C\u00e2ble pour haut-parleurs<\/li>\n<li>Configuration: 4&#215;2.5mm SPC (Section transversale)<\/li>\n<li>13 AWG<\/li>\n<\/ul>\n","protected":false},"featured_media":44727,"comment_status":"open","ping_status":"closed","template":"","meta":{"_acf_changed":false},"product_cat":[299,293,289],"product_tag":[],"class_list":{"0":"post-44747","1":"product","2":"type-product","3":"status-publish","4":"has-post-thumbnail","6":"product_cat-cable-de-haut-parleur-a-bobine","7":"product_cat-cable-de-la-bobine","8":"product_cat-cables-fr","10":"first","11":"instock","12":"shipping-taxable","13":"product-type-simple"},"acf":[],"yoast_head":"<!-- This site is optimized with the Yoast SEO plugin v27.0 - https:\/\/yoast.com\/product\/yoast-seo-wordpress\/ -->\n<title>BPA100 - 425 Black - Audibax<\/title>\n<meta name=\"robots\" content=\"index, follow, max-snippet:-1, max-image-preview:large, max-video-preview:-1\" \/>\n<link rel=\"canonical\" href=\"https:\/\/audibax.com\/fr\/produit\/44747\/\" \/>\n<meta property=\"og:locale\" content=\"fr_FR\" \/>\n<meta property=\"og:type\" content=\"article\" \/>\n<meta property=\"og:title\" content=\"BPA100 - 425 Black - Audibax\" \/>\n<meta property=\"og:description\" content=\"Type: C\u00e2ble pour haut-parleurs  Configuration: 4x2.5mm SPC (Section transversale)  13 AWG\" \/>\n<meta property=\"og:url\" content=\"https:\/\/audibax.com\/fr\/produit\/44747\/\" \/>\n<meta property=\"og:site_name\" content=\"Audibax\" \/>\n<meta property=\"article:modified_time\" content=\"2024-06-19T11:59:22+00:00\" \/>\n<meta property=\"og:image\" content=\"https:\/\/audibax.com\/wp-content\/uploads\/2024\/06\/BPA100-425BLACK-1.png\" \/>\n\t<meta property=\"og:image:width\" content=\"1500\" \/>\n\t<meta property=\"og:image:height\" content=\"1060\" \/>\n\t<meta property=\"og:image:type\" content=\"image\/png\" \/>\n<meta name=\"twitter:card\" content=\"summary_large_image\" \/>\n<meta name=\"twitter:label1\" content=\"Dur\u00e9e de lecture estim\u00e9e\" \/>\n\t<meta name=\"twitter:data1\" content=\"1 minute\" \/>\n<script type=\"application\/ld+json\" class=\"yoast-schema-graph\">{\"@context\":\"https:\/\/schema.org\",\"@graph\":[{\"@type\":\"WebPage\",\"@id\":\"https:\/\/audibax.com\/fr\/produit\/44747\/\",\"url\":\"https:\/\/audibax.com\/fr\/produit\/44747\/\",\"name\":\"BPA100 - 425 Black - Audibax\",\"isPartOf\":{\"@id\":\"https:\/\/audibax.com\/fr\/#website\"},\"primaryImageOfPage\":{\"@id\":\"https:\/\/audibax.com\/fr\/produit\/44747\/#primaryimage\"},\"image\":{\"@id\":\"https:\/\/audibax.com\/fr\/produit\/44747\/#primaryimage\"},\"thumbnailUrl\":\"https:\/\/audibax.com\/wp-content\/uploads\/2024\/06\/BPA100-425BLACK-1.png\",\"datePublished\":\"2024-06-19T11:48:07+00:00\",\"dateModified\":\"2024-06-19T11:59:22+00:00\",\"breadcrumb\":{\"@id\":\"https:\/\/audibax.com\/fr\/produit\/44747\/#breadcrumb\"},\"inLanguage\":\"fr-FR\",\"potentialAction\":[{\"@type\":\"ReadAction\",\"target\":[\"https:\/\/audibax.com\/fr\/produit\/44747\/\"]}]},{\"@type\":\"ImageObject\",\"inLanguage\":\"fr-FR\",\"@id\":\"https:\/\/audibax.com\/fr\/produit\/44747\/#primaryimage\",\"url\":\"https:\/\/audibax.com\/wp-content\/uploads\/2024\/06\/BPA100-425BLACK-1.png\",\"contentUrl\":\"https:\/\/audibax.com\/wp-content\/uploads\/2024\/06\/BPA100-425BLACK-1.png\",\"width\":1500,\"height\":1060},{\"@type\":\"BreadcrumbList\",\"@id\":\"https:\/\/audibax.com\/fr\/produit\/44747\/#breadcrumb\",\"itemListElement\":[{\"@type\":\"ListItem\",\"position\":1,\"name\":\"Portada\",\"item\":\"https:\/\/audibax.com\/fr\/\"},{\"@type\":\"ListItem\",\"position\":2,\"name\":\"Produits\",\"item\":\"https:\/\/audibax.com\/fr\/shop\/\"},{\"@type\":\"ListItem\",\"position\":3,\"name\":\"BPA100 &#8211; 425 Black\"}]},{\"@type\":\"WebSite\",\"@id\":\"https:\/\/audibax.com\/fr\/#website\",\"url\":\"https:\/\/audibax.com\/fr\/\",\"name\":\"Audibax\",\"description\":\"\",\"publisher\":{\"@id\":\"https:\/\/audibax.com\/fr\/#organization\"},\"potentialAction\":[{\"@type\":\"SearchAction\",\"target\":{\"@type\":\"EntryPoint\",\"urlTemplate\":\"https:\/\/audibax.com\/fr\/?s={search_term_string}\"},\"query-input\":{\"@type\":\"PropertyValueSpecification\",\"valueRequired\":true,\"valueName\":\"search_term_string\"}}],\"inLanguage\":\"fr-FR\"},{\"@type\":\"Organization\",\"@id\":\"https:\/\/audibax.com\/fr\/#organization\",\"name\":\"Audibax\",\"url\":\"https:\/\/audibax.com\/fr\/\",\"logo\":{\"@type\":\"ImageObject\",\"inLanguage\":\"fr-FR\",\"@id\":\"https:\/\/audibax.com\/fr\/#\/schema\/logo\/image\/\",\"url\":\"https:\/\/audibax.com\/wp-content\/uploads\/2023\/09\/logo-Audibax-BLANCO-SVG-1.svg\",\"contentUrl\":\"https:\/\/audibax.com\/wp-content\/uploads\/2023\/09\/logo-Audibax-BLANCO-SVG-1.svg\",\"caption\":\"Audibax\"},\"image\":{\"@id\":\"https:\/\/audibax.com\/fr\/#\/schema\/logo\/image\/\"}}]}<\/script>\n<!-- \/ Yoast SEO plugin. -->","yoast_head_json":{"title":"BPA100 - 425 Black - Audibax","robots":{"index":"index","follow":"follow","max-snippet":"max-snippet:-1","max-image-preview":"max-image-preview:large","max-video-preview":"max-video-preview:-1"},"canonical":"https:\/\/audibax.com\/fr\/produit\/44747\/","og_locale":"fr_FR","og_type":"article","og_title":"BPA100 - 425 Black - Audibax","og_description":"Type: C\u00e2ble pour haut-parleurs  Configuration: 4x2.5mm SPC (Section transversale)  13 AWG","og_url":"https:\/\/audibax.com\/fr\/produit\/44747\/","og_site_name":"Audibax","article_modified_time":"2024-06-19T11:59:22+00:00","og_image":[{"width":1500,"height":1060,"url":"https:\/\/audibax.com\/wp-content\/uploads\/2024\/06\/BPA100-425BLACK-1.png","type":"image\/png"}],"twitter_card":"summary_large_image","twitter_misc":{"Dur\u00e9e de lecture estim\u00e9e":"1 minute"},"schema":{"@context":"https:\/\/schema.org","@graph":[{"@type":"WebPage","@id":"https:\/\/audibax.com\/fr\/produit\/44747\/","url":"https:\/\/audibax.com\/fr\/produit\/44747\/","name":"BPA100 - 425 Black - Audibax","isPartOf":{"@id":"https:\/\/audibax.com\/fr\/#website"},"primaryImageOfPage":{"@id":"https:\/\/audibax.com\/fr\/produit\/44747\/#primaryimage"},"image":{"@id":"https:\/\/audibax.com\/fr\/produit\/44747\/#primaryimage"},"thumbnailUrl":"https:\/\/audibax.com\/wp-content\/uploads\/2024\/06\/BPA100-425BLACK-1.png","datePublished":"2024-06-19T11:48:07+00:00","dateModified":"2024-06-19T11:59:22+00:00","breadcrumb":{"@id":"https:\/\/audibax.com\/fr\/produit\/44747\/#breadcrumb"},"inLanguage":"fr-FR","potentialAction":[{"@type":"ReadAction","target":["https:\/\/audibax.com\/fr\/produit\/44747\/"]}]},{"@type":"ImageObject","inLanguage":"fr-FR","@id":"https:\/\/audibax.com\/fr\/produit\/44747\/#primaryimage","url":"https:\/\/audibax.com\/wp-content\/uploads\/2024\/06\/BPA100-425BLACK-1.png","contentUrl":"https:\/\/audibax.com\/wp-content\/uploads\/2024\/06\/BPA100-425BLACK-1.png","width":1500,"height":1060},{"@type":"BreadcrumbList","@id":"https:\/\/audibax.com\/fr\/produit\/44747\/#breadcrumb","itemListElement":[{"@type":"ListItem","position":1,"name":"Portada","item":"https:\/\/audibax.com\/fr\/"},{"@type":"ListItem","position":2,"name":"Produits","item":"https:\/\/audibax.com\/fr\/shop\/"},{"@type":"ListItem","position":3,"name":"BPA100 &#8211; 425 Black"}]},{"@type":"WebSite","@id":"https:\/\/audibax.com\/fr\/#website","url":"https:\/\/audibax.com\/fr\/","name":"Audibax","description":"","publisher":{"@id":"https:\/\/audibax.com\/fr\/#organization"},"potentialAction":[{"@type":"SearchAction","target":{"@type":"EntryPoint","urlTemplate":"https:\/\/audibax.com\/fr\/?s={search_term_string}"},"query-input":{"@type":"PropertyValueSpecification","valueRequired":true,"valueName":"search_term_string"}}],"inLanguage":"fr-FR"},{"@type":"Organization","@id":"https:\/\/audibax.com\/fr\/#organization","name":"Audibax","url":"https:\/\/audibax.com\/fr\/","logo":{"@type":"ImageObject","inLanguage":"fr-FR","@id":"https:\/\/audibax.com\/fr\/#\/schema\/logo\/image\/","url":"https:\/\/audibax.com\/wp-content\/uploads\/2023\/09\/logo-Audibax-BLANCO-SVG-1.svg","contentUrl":"https:\/\/audibax.com\/wp-content\/uploads\/2023\/09\/logo-Audibax-BLANCO-SVG-1.svg","caption":"Audibax"},"image":{"@id":"https:\/\/audibax.com\/fr\/#\/schema\/logo\/image\/"}}]}},"_links":{"self":[{"href":"https:\/\/audibax.com\/fr\/wp-json\/wp\/v2\/product\/44747","targetHints":{"allow":["GET"]}}],"collection":[{"href":"https:\/\/audibax.com\/fr\/wp-json\/wp\/v2\/product"}],"about":[{"href":"https:\/\/audibax.com\/fr\/wp-json\/wp\/v2\/types\/product"}],"replies":[{"embeddable":true,"href":"https:\/\/audibax.com\/fr\/wp-json\/wp\/v2\/comments?post=44747"}],"wp:featuredmedia":[{"embeddable":true,"href":"https:\/\/audibax.com\/fr\/wp-json\/wp\/v2\/media\/44727"}],"wp:attachment":[{"href":"https:\/\/audibax.com\/fr\/wp-json\/wp\/v2\/media?parent=44747"}],"wp:term":[{"taxonomy":"product_cat","embeddable":true,"href":"https:\/\/audibax.com\/fr\/wp-json\/wp\/v2\/product_cat?post=44747"},{"taxonomy":"product_tag","embeddable":true,"href":"https:\/\/audibax.com\/fr\/wp-json\/wp\/v2\/product_tag?post=44747"}],"curies":[{"name":"wp","href":"https:\/\/api.w.org\/{rel}","templated":true}]}}