{"id":44380,"date":"2024-06-06T15:31:16","date_gmt":"2024-06-06T13:31:16","guid":{"rendered":"https:\/\/audibax.com\/?post_type=product&#038;p=44380"},"modified":"2024-11-21T10:51:58","modified_gmt":"2024-11-21T09:51:58","slug":"volcano-1500-rgbw","status":"publish","type":"product","link":"https:\/\/audibax.com\/fr\/produit\/volcano-1500-rgbw\/","title":{"rendered":"VOLCANO 1500 RGBW"},"content":{"rendered":"<p><strong>Audibax Volcano 1500 RGBW<\/strong><\/p>\n<p><strong>L&rsquo;Audibax Volcano 1500 RGBW<\/strong> est une machine \u00e0 effets de haute performance, qui g\u00e9n\u00e8re de la fum\u00e9e \u00e0 effet CO2 accompagn\u00e9e d&rsquo;une source lumineuse LED de couleurs multiples, avec laquelle vous obtiendrez le look diff\u00e9rent que vous recherchiez pour vos spectacles et \u00e9v\u00e9nements.<\/p>\n<p>Notre machine \u00e0 fum\u00e9e <strong>Volcano 1500 RGBW<\/strong> est \u00e9quip\u00e9e de 24 lumi\u00e8res LED RGBW de 10W et d&rsquo;un r\u00e9servoir de 3,5 litres.<br \/>\nElle dispose d&rsquo;un \u00e9cran num\u00e9rique pour le r\u00e9glage des fonctions DMX et autonomes, et peut fonctionner en mode autonome, DMX et contr\u00f4le IR.<br \/>\nIl peut fonctionner \u00e0 l&rsquo;horizontale et \u00e0 la verticale, et son temps de pr\u00e9chauffage est de 4 minutes.<br \/>\nSa t\u00e9l\u00e9commande simple et son \u00e9cran num\u00e9rique avec fonction de minuterie le rendent facile \u00e0 utiliser.<\/p>\n<p>Sp\u00e9cifications<\/p>\n<ul>\n<li>Machine \u00e0 fum\u00e9e \u00e0 effet CO2 avec LED RGBW haute performance<\/li>\n<li>Puissance : 1500 Watt<\/li>\n<li>Source lumineuse : 24 x 10W LED RGBW<\/li>\n<li>Volume de fum\u00e9e par minute : 530 m3<\/li>\n<li>Temps de chauffe : 4 min<\/li>\n<li>Capacit\u00e9 du r\u00e9servoir : 3,5 L<\/li>\n<li>Canaux DMX : 8CH<\/li>\n<li>Mode de contr\u00f4le : DMX, AUTO, t\u00e9l\u00e9commande IR<\/li>\n<li>Alimentation : AC110-240v 50\/60HZ<\/li>\n<li>Fonctionne en position horizontale et verticale<\/li>\n<li>Clapet anti-retour<\/li>\n<li>Affichage num\u00e9rique pour le r\u00e9glage des fonctions DMX et des configurations ind\u00e9pendantes<\/li>\n<li>T\u00e9l\u00e9commande facile et affichage num\u00e9rique avec fonction de minuterie<\/li>\n<li>Couleur : noir<\/li>\n<li>Dimensions : 370 x 190 x 350 mm<\/li>\n<\/ul>\n","protected":false},"excerpt":{"rendered":"<ul>\n<li>Machine \u00e0 fum\u00e9e \u00e0 effet CO2 avec LED RGBW haute performance<\/li>\n<li>Puissance : 1500 Watt<\/li>\n<li>Source lumineuse : 24 x 10W RGBW LEDs<\/li>\n<li>T\u00e9l\u00e9commande<\/li>\n<\/ul>\n","protected":false},"featured_media":44372,"comment_status":"open","ping_status":"closed","template":"","meta":{"_acf_changed":false},"product_cat":[349,357],"product_tag":[],"class_list":{"0":"post-44380","1":"product","2":"type-product","3":"status-publish","4":"has-post-thumbnail","6":"product_cat-eclairage","7":"product_cat-effets-de-la-machine","9":"first","10":"instock","11":"shipping-taxable","12":"product-type-simple"},"acf":[],"yoast_head":"<!-- This site is optimized with the Yoast SEO plugin v27.0 - https:\/\/yoast.com\/product\/yoast-seo-wordpress\/ -->\n<title>VOLCANO 1500 RGBW - Audibax<\/title>\n<meta name=\"robots\" content=\"index, follow, max-snippet:-1, max-image-preview:large, max-video-preview:-1\" \/>\n<link rel=\"canonical\" href=\"https:\/\/audibax.com\/fr\/produit\/volcano-1500-rgbw\/\" \/>\n<meta property=\"og:locale\" content=\"fr_FR\" \/>\n<meta property=\"og:type\" content=\"article\" \/>\n<meta property=\"og:title\" content=\"VOLCANO 1500 RGBW - Audibax\" \/>\n<meta property=\"og:description\" content=\"Machine \u00e0 fum\u00e9e \u00e0 effet CO2 avec LED RGBW haute performance  Puissance : 1500 Watt  Source lumineuse : 24 x 10W RGBW LEDs  T\u00e9l\u00e9commande\" \/>\n<meta property=\"og:url\" content=\"https:\/\/audibax.com\/fr\/produit\/volcano-1500-rgbw\/\" \/>\n<meta property=\"og:site_name\" content=\"Audibax\" \/>\n<meta property=\"article:modified_time\" content=\"2024-11-21T09:51:58+00:00\" \/>\n<meta property=\"og:image\" content=\"https:\/\/audibax.com\/wp-content\/uploads\/2024\/06\/Volcano-1500-RGBw-efectos-maquina-humo-vertical-luz-roja.jpg\" \/>\n\t<meta property=\"og:image:width\" content=\"1326\" \/>\n\t<meta property=\"og:image:height\" content=\"1500\" \/>\n\t<meta property=\"og:image:type\" content=\"image\/jpeg\" \/>\n<meta name=\"twitter:card\" content=\"summary_large_image\" \/>\n<meta name=\"twitter:label1\" content=\"Dur\u00e9e de lecture estim\u00e9e\" \/>\n\t<meta name=\"twitter:data1\" content=\"2 minutes\" \/>\n<script type=\"application\/ld+json\" class=\"yoast-schema-graph\">{\"@context\":\"https:\/\/schema.org\",\"@graph\":[{\"@type\":\"WebPage\",\"@id\":\"https:\/\/audibax.com\/fr\/produit\/volcano-1500-rgbw\/\",\"url\":\"https:\/\/audibax.com\/fr\/produit\/volcano-1500-rgbw\/\",\"name\":\"VOLCANO 1500 RGBW - Audibax\",\"isPartOf\":{\"@id\":\"https:\/\/audibax.com\/fr\/#website\"},\"primaryImageOfPage\":{\"@id\":\"https:\/\/audibax.com\/fr\/produit\/volcano-1500-rgbw\/#primaryimage\"},\"image\":{\"@id\":\"https:\/\/audibax.com\/fr\/produit\/volcano-1500-rgbw\/#primaryimage\"},\"thumbnailUrl\":\"https:\/\/audibax.com\/wp-content\/uploads\/2024\/06\/Volcano-1500-RGBw-efectos-maquina-humo-vertical-luz-roja.jpg\",\"datePublished\":\"2024-06-06T13:31:16+00:00\",\"dateModified\":\"2024-11-21T09:51:58+00:00\",\"breadcrumb\":{\"@id\":\"https:\/\/audibax.com\/fr\/produit\/volcano-1500-rgbw\/#breadcrumb\"},\"inLanguage\":\"fr-FR\",\"potentialAction\":[{\"@type\":\"ReadAction\",\"target\":[\"https:\/\/audibax.com\/fr\/produit\/volcano-1500-rgbw\/\"]}]},{\"@type\":\"ImageObject\",\"inLanguage\":\"fr-FR\",\"@id\":\"https:\/\/audibax.com\/fr\/produit\/volcano-1500-rgbw\/#primaryimage\",\"url\":\"https:\/\/audibax.com\/wp-content\/uploads\/2024\/06\/Volcano-1500-RGBw-efectos-maquina-humo-vertical-luz-roja.jpg\",\"contentUrl\":\"https:\/\/audibax.com\/wp-content\/uploads\/2024\/06\/Volcano-1500-RGBw-efectos-maquina-humo-vertical-luz-roja.jpg\",\"width\":1326,\"height\":1500},{\"@type\":\"BreadcrumbList\",\"@id\":\"https:\/\/audibax.com\/fr\/produit\/volcano-1500-rgbw\/#breadcrumb\",\"itemListElement\":[{\"@type\":\"ListItem\",\"position\":1,\"name\":\"Portada\",\"item\":\"https:\/\/audibax.com\/fr\/\"},{\"@type\":\"ListItem\",\"position\":2,\"name\":\"Produits\",\"item\":\"https:\/\/audibax.com\/fr\/shop\/\"},{\"@type\":\"ListItem\",\"position\":3,\"name\":\"VOLCANO 1500 RGBW\"}]},{\"@type\":\"WebSite\",\"@id\":\"https:\/\/audibax.com\/fr\/#website\",\"url\":\"https:\/\/audibax.com\/fr\/\",\"name\":\"Audibax\",\"description\":\"\",\"publisher\":{\"@id\":\"https:\/\/audibax.com\/fr\/#organization\"},\"potentialAction\":[{\"@type\":\"SearchAction\",\"target\":{\"@type\":\"EntryPoint\",\"urlTemplate\":\"https:\/\/audibax.com\/fr\/?s={search_term_string}\"},\"query-input\":{\"@type\":\"PropertyValueSpecification\",\"valueRequired\":true,\"valueName\":\"search_term_string\"}}],\"inLanguage\":\"fr-FR\"},{\"@type\":\"Organization\",\"@id\":\"https:\/\/audibax.com\/fr\/#organization\",\"name\":\"Audibax\",\"url\":\"https:\/\/audibax.com\/fr\/\",\"logo\":{\"@type\":\"ImageObject\",\"inLanguage\":\"fr-FR\",\"@id\":\"https:\/\/audibax.com\/fr\/#\/schema\/logo\/image\/\",\"url\":\"https:\/\/audibax.com\/wp-content\/uploads\/2023\/09\/logo-Audibax-BLANCO-SVG-1.svg\",\"contentUrl\":\"https:\/\/audibax.com\/wp-content\/uploads\/2023\/09\/logo-Audibax-BLANCO-SVG-1.svg\",\"caption\":\"Audibax\"},\"image\":{\"@id\":\"https:\/\/audibax.com\/fr\/#\/schema\/logo\/image\/\"}}]}<\/script>\n<!-- \/ Yoast SEO plugin. -->","yoast_head_json":{"title":"VOLCANO 1500 RGBW - Audibax","robots":{"index":"index","follow":"follow","max-snippet":"max-snippet:-1","max-image-preview":"max-image-preview:large","max-video-preview":"max-video-preview:-1"},"canonical":"https:\/\/audibax.com\/fr\/produit\/volcano-1500-rgbw\/","og_locale":"fr_FR","og_type":"article","og_title":"VOLCANO 1500 RGBW - Audibax","og_description":"Machine \u00e0 fum\u00e9e \u00e0 effet CO2 avec LED RGBW haute performance  Puissance : 1500 Watt  Source lumineuse : 24 x 10W RGBW LEDs  T\u00e9l\u00e9commande","og_url":"https:\/\/audibax.com\/fr\/produit\/volcano-1500-rgbw\/","og_site_name":"Audibax","article_modified_time":"2024-11-21T09:51:58+00:00","og_image":[{"width":1326,"height":1500,"url":"https:\/\/audibax.com\/wp-content\/uploads\/2024\/06\/Volcano-1500-RGBw-efectos-maquina-humo-vertical-luz-roja.jpg","type":"image\/jpeg"}],"twitter_card":"summary_large_image","twitter_misc":{"Dur\u00e9e de lecture estim\u00e9e":"2 minutes"},"schema":{"@context":"https:\/\/schema.org","@graph":[{"@type":"WebPage","@id":"https:\/\/audibax.com\/fr\/produit\/volcano-1500-rgbw\/","url":"https:\/\/audibax.com\/fr\/produit\/volcano-1500-rgbw\/","name":"VOLCANO 1500 RGBW - Audibax","isPartOf":{"@id":"https:\/\/audibax.com\/fr\/#website"},"primaryImageOfPage":{"@id":"https:\/\/audibax.com\/fr\/produit\/volcano-1500-rgbw\/#primaryimage"},"image":{"@id":"https:\/\/audibax.com\/fr\/produit\/volcano-1500-rgbw\/#primaryimage"},"thumbnailUrl":"https:\/\/audibax.com\/wp-content\/uploads\/2024\/06\/Volcano-1500-RGBw-efectos-maquina-humo-vertical-luz-roja.jpg","datePublished":"2024-06-06T13:31:16+00:00","dateModified":"2024-11-21T09:51:58+00:00","breadcrumb":{"@id":"https:\/\/audibax.com\/fr\/produit\/volcano-1500-rgbw\/#breadcrumb"},"inLanguage":"fr-FR","potentialAction":[{"@type":"ReadAction","target":["https:\/\/audibax.com\/fr\/produit\/volcano-1500-rgbw\/"]}]},{"@type":"ImageObject","inLanguage":"fr-FR","@id":"https:\/\/audibax.com\/fr\/produit\/volcano-1500-rgbw\/#primaryimage","url":"https:\/\/audibax.com\/wp-content\/uploads\/2024\/06\/Volcano-1500-RGBw-efectos-maquina-humo-vertical-luz-roja.jpg","contentUrl":"https:\/\/audibax.com\/wp-content\/uploads\/2024\/06\/Volcano-1500-RGBw-efectos-maquina-humo-vertical-luz-roja.jpg","width":1326,"height":1500},{"@type":"BreadcrumbList","@id":"https:\/\/audibax.com\/fr\/produit\/volcano-1500-rgbw\/#breadcrumb","itemListElement":[{"@type":"ListItem","position":1,"name":"Portada","item":"https:\/\/audibax.com\/fr\/"},{"@type":"ListItem","position":2,"name":"Produits","item":"https:\/\/audibax.com\/fr\/shop\/"},{"@type":"ListItem","position":3,"name":"VOLCANO 1500 RGBW"}]},{"@type":"WebSite","@id":"https:\/\/audibax.com\/fr\/#website","url":"https:\/\/audibax.com\/fr\/","name":"Audibax","description":"","publisher":{"@id":"https:\/\/audibax.com\/fr\/#organization"},"potentialAction":[{"@type":"SearchAction","target":{"@type":"EntryPoint","urlTemplate":"https:\/\/audibax.com\/fr\/?s={search_term_string}"},"query-input":{"@type":"PropertyValueSpecification","valueRequired":true,"valueName":"search_term_string"}}],"inLanguage":"fr-FR"},{"@type":"Organization","@id":"https:\/\/audibax.com\/fr\/#organization","name":"Audibax","url":"https:\/\/audibax.com\/fr\/","logo":{"@type":"ImageObject","inLanguage":"fr-FR","@id":"https:\/\/audibax.com\/fr\/#\/schema\/logo\/image\/","url":"https:\/\/audibax.com\/wp-content\/uploads\/2023\/09\/logo-Audibax-BLANCO-SVG-1.svg","contentUrl":"https:\/\/audibax.com\/wp-content\/uploads\/2023\/09\/logo-Audibax-BLANCO-SVG-1.svg","caption":"Audibax"},"image":{"@id":"https:\/\/audibax.com\/fr\/#\/schema\/logo\/image\/"}}]}},"_links":{"self":[{"href":"https:\/\/audibax.com\/fr\/wp-json\/wp\/v2\/product\/44380","targetHints":{"allow":["GET"]}}],"collection":[{"href":"https:\/\/audibax.com\/fr\/wp-json\/wp\/v2\/product"}],"about":[{"href":"https:\/\/audibax.com\/fr\/wp-json\/wp\/v2\/types\/product"}],"replies":[{"embeddable":true,"href":"https:\/\/audibax.com\/fr\/wp-json\/wp\/v2\/comments?post=44380"}],"wp:featuredmedia":[{"embeddable":true,"href":"https:\/\/audibax.com\/fr\/wp-json\/wp\/v2\/media\/44372"}],"wp:attachment":[{"href":"https:\/\/audibax.com\/fr\/wp-json\/wp\/v2\/media?parent=44380"}],"wp:term":[{"taxonomy":"product_cat","embeddable":true,"href":"https:\/\/audibax.com\/fr\/wp-json\/wp\/v2\/product_cat?post=44380"},{"taxonomy":"product_tag","embeddable":true,"href":"https:\/\/audibax.com\/fr\/wp-json\/wp\/v2\/product_tag?post=44380"}],"curies":[{"name":"wp","href":"https:\/\/api.w.org\/{rel}","templated":true}]}}