{"id":44269,"date":"2024-06-06T11:57:50","date_gmt":"2024-06-06T09:57:50","guid":{"rendered":"https:\/\/audibax.com\/?post_type=product&#038;p=44269"},"modified":"2024-06-06T14:03:34","modified_gmt":"2024-06-06T12:03:34","slug":"mc-xlr-16415-pro","status":"publish","type":"product","link":"https:\/\/audibax.com\/fr\/produit\/mc-xlr-16415-pro\/","title":{"rendered":"MC XLR 16415 PRO"},"content":{"rendered":"<p><strong>Audibax Pro MC XLR 16415 Pro<\/strong><\/p>\n<p>Voici <strong>l&rsquo;Audibax Pro MC XLR 16415 Pro<\/strong>, le bo\u00eetier de sc\u00e8ne qui red\u00e9finit l&rsquo;excellence en mati\u00e8re de connexions audio professionnelles.<\/p>\n<p>Avec 16 connecteurs XLR femelles et 4 connecteurs XLR m\u00e2les soigneusement dispos\u00e9s dans un bo\u00eetier de sc\u00e8ne robuste, ce c\u00e2ble est le partenaire id\u00e9al pour les installations sonores exigeantes. Sa longueur de 15 m\u00e8tres offre la flexibilit\u00e9 n\u00e9cessaire \u00e0 toute configuration et garantit une transmission audio sans faille gr\u00e2ce \u00e0 son calibre 26 AWG.<\/p>\n<p>Avec le nouveau c\u00e2ble<strong> Audibax Pro MC XLR 16415 Pro<\/strong>, votre exp\u00e9rience audio passe \u00e0 la vitesse sup\u00e9rieure.<\/p>\n<p>&nbsp;<\/p>\n<ul>\n<li>Mod\u00e8le : Audibax Pro MC XLR 16415 Pro<\/li>\n<li>Code produit : 10275086<\/li>\n<li>Type de c\u00e2ble : MultiCore<\/li>\n<li>Connecteurs : XLR femelle\/m\u00e2le<\/li>\n<li>Connecteurs sur le bo\u00eetier de sc\u00e8ne : 16 XLR femelles, 4 XLR m\u00e2les<\/li>\n<li>Type de bo\u00eetier : Stage Box<\/li>\n<li>Nombre de connecteurs : 16 XLR, 4 XLR<\/li>\n<li>Couleur : Noir<\/li>\n<li>Longueur : 15 m\u00e8tres<\/li>\n<li>AWG : 26<\/li>\n<li>Dimensions : 300x181x75 mm<\/li>\n<\/ul>\n","protected":false},"excerpt":{"rendered":"<ul>\n<li>Type de c\u00e2ble : MultiCore<\/li>\n<li>Connecteurs : XLR femelle\/m\u00e2le<\/li>\n<li>Connecteurs sur le bo\u00eetier de sc\u00e8ne : 16 XLR femelles, 4 XLR m\u00e2les<\/li>\n<li>Nombre de connecteurs : 16 XLR, 4 XLR<\/li>\n<li>Longueur : 15 m\u00e8tres<\/li>\n<li>AWG : 26<\/li>\n<\/ul>\n","protected":false},"featured_media":44240,"comment_status":"open","ping_status":"closed","template":"","meta":{"_acf_changed":false},"product_cat":[741,289],"product_tag":[729],"class_list":{"0":"post-44269","1":"product","2":"type-product","3":"status-publish","4":"has-post-thumbnail","6":"product_cat-boitier-de-scene","7":"product_cat-cables-fr","8":"product_tag-new","10":"first","11":"instock","12":"shipping-taxable","13":"product-type-simple"},"acf":[],"yoast_head":"<!-- This site is optimized with the Yoast SEO plugin v27.0 - https:\/\/yoast.com\/product\/yoast-seo-wordpress\/ -->\n<title>MC XLR 16415 PRO - Audibax<\/title>\n<meta name=\"robots\" content=\"index, follow, max-snippet:-1, max-image-preview:large, max-video-preview:-1\" \/>\n<link rel=\"canonical\" href=\"https:\/\/audibax.com\/fr\/produit\/mc-xlr-16415-pro\/\" \/>\n<meta property=\"og:locale\" content=\"fr_FR\" \/>\n<meta property=\"og:type\" content=\"article\" \/>\n<meta property=\"og:title\" content=\"MC XLR 16415 PRO - Audibax\" \/>\n<meta property=\"og:description\" content=\"Type de c\u00e2ble : MultiCore  Connecteurs : XLR femelle\/m\u00e2le  Connecteurs sur le bo\u00eetier de sc\u00e8ne : 16 XLR femelles, 4 XLR m\u00e2les  Nombre de connecteurs : 16 XLR, 4 XLR  Longueur : 15 m\u00e8tres  AWG : 26\" \/>\n<meta property=\"og:url\" content=\"https:\/\/audibax.com\/fr\/produit\/mc-xlr-16415-pro\/\" \/>\n<meta property=\"og:site_name\" content=\"Audibax\" \/>\n<meta property=\"article:modified_time\" content=\"2024-06-06T12:03:34+00:00\" \/>\n<meta property=\"og:image\" content=\"https:\/\/audibax.com\/wp-content\/uploads\/2024\/06\/MC-XLR-164-15-PRO-1.png\" \/>\n\t<meta property=\"og:image:width\" content=\"1500\" \/>\n\t<meta property=\"og:image:height\" content=\"1061\" \/>\n\t<meta property=\"og:image:type\" content=\"image\/png\" \/>\n<meta name=\"twitter:card\" content=\"summary_large_image\" \/>\n<meta name=\"twitter:label1\" content=\"Dur\u00e9e de lecture estim\u00e9e\" \/>\n\t<meta name=\"twitter:data1\" content=\"1 minute\" \/>\n<script type=\"application\/ld+json\" class=\"yoast-schema-graph\">{\"@context\":\"https:\/\/schema.org\",\"@graph\":[{\"@type\":\"WebPage\",\"@id\":\"https:\/\/audibax.com\/fr\/produit\/mc-xlr-16415-pro\/\",\"url\":\"https:\/\/audibax.com\/fr\/produit\/mc-xlr-16415-pro\/\",\"name\":\"MC XLR 16415 PRO - Audibax\",\"isPartOf\":{\"@id\":\"https:\/\/audibax.com\/fr\/#website\"},\"primaryImageOfPage\":{\"@id\":\"https:\/\/audibax.com\/fr\/produit\/mc-xlr-16415-pro\/#primaryimage\"},\"image\":{\"@id\":\"https:\/\/audibax.com\/fr\/produit\/mc-xlr-16415-pro\/#primaryimage\"},\"thumbnailUrl\":\"https:\/\/audibax.com\/wp-content\/uploads\/2024\/06\/MC-XLR-164-15-PRO-1.png\",\"datePublished\":\"2024-06-06T09:57:50+00:00\",\"dateModified\":\"2024-06-06T12:03:34+00:00\",\"breadcrumb\":{\"@id\":\"https:\/\/audibax.com\/fr\/produit\/mc-xlr-16415-pro\/#breadcrumb\"},\"inLanguage\":\"fr-FR\",\"potentialAction\":[{\"@type\":\"ReadAction\",\"target\":[\"https:\/\/audibax.com\/fr\/produit\/mc-xlr-16415-pro\/\"]}]},{\"@type\":\"ImageObject\",\"inLanguage\":\"fr-FR\",\"@id\":\"https:\/\/audibax.com\/fr\/produit\/mc-xlr-16415-pro\/#primaryimage\",\"url\":\"https:\/\/audibax.com\/wp-content\/uploads\/2024\/06\/MC-XLR-164-15-PRO-1.png\",\"contentUrl\":\"https:\/\/audibax.com\/wp-content\/uploads\/2024\/06\/MC-XLR-164-15-PRO-1.png\",\"width\":1500,\"height\":1061},{\"@type\":\"BreadcrumbList\",\"@id\":\"https:\/\/audibax.com\/fr\/produit\/mc-xlr-16415-pro\/#breadcrumb\",\"itemListElement\":[{\"@type\":\"ListItem\",\"position\":1,\"name\":\"Portada\",\"item\":\"https:\/\/audibax.com\/fr\/\"},{\"@type\":\"ListItem\",\"position\":2,\"name\":\"Produits\",\"item\":\"https:\/\/audibax.com\/fr\/shop\/\"},{\"@type\":\"ListItem\",\"position\":3,\"name\":\"MC XLR 16415 PRO\"}]},{\"@type\":\"WebSite\",\"@id\":\"https:\/\/audibax.com\/fr\/#website\",\"url\":\"https:\/\/audibax.com\/fr\/\",\"name\":\"Audibax\",\"description\":\"\",\"publisher\":{\"@id\":\"https:\/\/audibax.com\/fr\/#organization\"},\"potentialAction\":[{\"@type\":\"SearchAction\",\"target\":{\"@type\":\"EntryPoint\",\"urlTemplate\":\"https:\/\/audibax.com\/fr\/?s={search_term_string}\"},\"query-input\":{\"@type\":\"PropertyValueSpecification\",\"valueRequired\":true,\"valueName\":\"search_term_string\"}}],\"inLanguage\":\"fr-FR\"},{\"@type\":\"Organization\",\"@id\":\"https:\/\/audibax.com\/fr\/#organization\",\"name\":\"Audibax\",\"url\":\"https:\/\/audibax.com\/fr\/\",\"logo\":{\"@type\":\"ImageObject\",\"inLanguage\":\"fr-FR\",\"@id\":\"https:\/\/audibax.com\/fr\/#\/schema\/logo\/image\/\",\"url\":\"https:\/\/audibax.com\/wp-content\/uploads\/2023\/09\/logo-Audibax-BLANCO-SVG-1.svg\",\"contentUrl\":\"https:\/\/audibax.com\/wp-content\/uploads\/2023\/09\/logo-Audibax-BLANCO-SVG-1.svg\",\"caption\":\"Audibax\"},\"image\":{\"@id\":\"https:\/\/audibax.com\/fr\/#\/schema\/logo\/image\/\"}}]}<\/script>\n<!-- \/ Yoast SEO plugin. -->","yoast_head_json":{"title":"MC XLR 16415 PRO - Audibax","robots":{"index":"index","follow":"follow","max-snippet":"max-snippet:-1","max-image-preview":"max-image-preview:large","max-video-preview":"max-video-preview:-1"},"canonical":"https:\/\/audibax.com\/fr\/produit\/mc-xlr-16415-pro\/","og_locale":"fr_FR","og_type":"article","og_title":"MC XLR 16415 PRO - Audibax","og_description":"Type de c\u00e2ble : MultiCore  Connecteurs : XLR femelle\/m\u00e2le  Connecteurs sur le bo\u00eetier de sc\u00e8ne : 16 XLR femelles, 4 XLR m\u00e2les  Nombre de connecteurs : 16 XLR, 4 XLR  Longueur : 15 m\u00e8tres  AWG : 26","og_url":"https:\/\/audibax.com\/fr\/produit\/mc-xlr-16415-pro\/","og_site_name":"Audibax","article_modified_time":"2024-06-06T12:03:34+00:00","og_image":[{"width":1500,"height":1061,"url":"https:\/\/audibax.com\/wp-content\/uploads\/2024\/06\/MC-XLR-164-15-PRO-1.png","type":"image\/png"}],"twitter_card":"summary_large_image","twitter_misc":{"Dur\u00e9e de lecture estim\u00e9e":"1 minute"},"schema":{"@context":"https:\/\/schema.org","@graph":[{"@type":"WebPage","@id":"https:\/\/audibax.com\/fr\/produit\/mc-xlr-16415-pro\/","url":"https:\/\/audibax.com\/fr\/produit\/mc-xlr-16415-pro\/","name":"MC XLR 16415 PRO - Audibax","isPartOf":{"@id":"https:\/\/audibax.com\/fr\/#website"},"primaryImageOfPage":{"@id":"https:\/\/audibax.com\/fr\/produit\/mc-xlr-16415-pro\/#primaryimage"},"image":{"@id":"https:\/\/audibax.com\/fr\/produit\/mc-xlr-16415-pro\/#primaryimage"},"thumbnailUrl":"https:\/\/audibax.com\/wp-content\/uploads\/2024\/06\/MC-XLR-164-15-PRO-1.png","datePublished":"2024-06-06T09:57:50+00:00","dateModified":"2024-06-06T12:03:34+00:00","breadcrumb":{"@id":"https:\/\/audibax.com\/fr\/produit\/mc-xlr-16415-pro\/#breadcrumb"},"inLanguage":"fr-FR","potentialAction":[{"@type":"ReadAction","target":["https:\/\/audibax.com\/fr\/produit\/mc-xlr-16415-pro\/"]}]},{"@type":"ImageObject","inLanguage":"fr-FR","@id":"https:\/\/audibax.com\/fr\/produit\/mc-xlr-16415-pro\/#primaryimage","url":"https:\/\/audibax.com\/wp-content\/uploads\/2024\/06\/MC-XLR-164-15-PRO-1.png","contentUrl":"https:\/\/audibax.com\/wp-content\/uploads\/2024\/06\/MC-XLR-164-15-PRO-1.png","width":1500,"height":1061},{"@type":"BreadcrumbList","@id":"https:\/\/audibax.com\/fr\/produit\/mc-xlr-16415-pro\/#breadcrumb","itemListElement":[{"@type":"ListItem","position":1,"name":"Portada","item":"https:\/\/audibax.com\/fr\/"},{"@type":"ListItem","position":2,"name":"Produits","item":"https:\/\/audibax.com\/fr\/shop\/"},{"@type":"ListItem","position":3,"name":"MC XLR 16415 PRO"}]},{"@type":"WebSite","@id":"https:\/\/audibax.com\/fr\/#website","url":"https:\/\/audibax.com\/fr\/","name":"Audibax","description":"","publisher":{"@id":"https:\/\/audibax.com\/fr\/#organization"},"potentialAction":[{"@type":"SearchAction","target":{"@type":"EntryPoint","urlTemplate":"https:\/\/audibax.com\/fr\/?s={search_term_string}"},"query-input":{"@type":"PropertyValueSpecification","valueRequired":true,"valueName":"search_term_string"}}],"inLanguage":"fr-FR"},{"@type":"Organization","@id":"https:\/\/audibax.com\/fr\/#organization","name":"Audibax","url":"https:\/\/audibax.com\/fr\/","logo":{"@type":"ImageObject","inLanguage":"fr-FR","@id":"https:\/\/audibax.com\/fr\/#\/schema\/logo\/image\/","url":"https:\/\/audibax.com\/wp-content\/uploads\/2023\/09\/logo-Audibax-BLANCO-SVG-1.svg","contentUrl":"https:\/\/audibax.com\/wp-content\/uploads\/2023\/09\/logo-Audibax-BLANCO-SVG-1.svg","caption":"Audibax"},"image":{"@id":"https:\/\/audibax.com\/fr\/#\/schema\/logo\/image\/"}}]}},"_links":{"self":[{"href":"https:\/\/audibax.com\/fr\/wp-json\/wp\/v2\/product\/44269","targetHints":{"allow":["GET"]}}],"collection":[{"href":"https:\/\/audibax.com\/fr\/wp-json\/wp\/v2\/product"}],"about":[{"href":"https:\/\/audibax.com\/fr\/wp-json\/wp\/v2\/types\/product"}],"replies":[{"embeddable":true,"href":"https:\/\/audibax.com\/fr\/wp-json\/wp\/v2\/comments?post=44269"}],"wp:featuredmedia":[{"embeddable":true,"href":"https:\/\/audibax.com\/fr\/wp-json\/wp\/v2\/media\/44240"}],"wp:attachment":[{"href":"https:\/\/audibax.com\/fr\/wp-json\/wp\/v2\/media?parent=44269"}],"wp:term":[{"taxonomy":"product_cat","embeddable":true,"href":"https:\/\/audibax.com\/fr\/wp-json\/wp\/v2\/product_cat?post=44269"},{"taxonomy":"product_tag","embeddable":true,"href":"https:\/\/audibax.com\/fr\/wp-json\/wp\/v2\/product_tag?post=44269"}],"curies":[{"name":"wp","href":"https:\/\/api.w.org\/{rel}","templated":true}]}}