{"id":44177,"date":"2024-06-06T10:37:03","date_gmt":"2024-06-06T08:37:03","guid":{"rendered":"https:\/\/audibax.com\/?post_type=product&#038;p=44177"},"modified":"2024-06-06T14:01:35","modified_gmt":"2024-06-06T12:01:35","slug":"cat6-5-pro","status":"publish","type":"product","link":"https:\/\/audibax.com\/fr\/produit\/cat6-5-pro\/","title":{"rendered":"CAT6 5 PRO"},"content":{"rendered":"<p><strong>Audibax Pro CAT6 5 Pro<\/strong><\/p>\n<p><strong>L&rsquo;Audibax Pro CAT6 5 Pro<\/strong> est le c\u00e2ble id\u00e9al pour vos connexions r\u00e9seau rapides et fiables.<\/p>\n<p>Ce c\u00e2ble CAT-6 de 5 m\u00e8tres est \u00e9quip\u00e9 de connecteurs RJ45 EtherCon, garantissant une transmission de donn\u00e9es stable et ininterrompue. Avec des sp\u00e9cifications 4&#215;2 AWG26 (568b) et un double blindage, il garantit une connectivit\u00e9 robuste et s\u00e9curis\u00e9e.<\/p>\n<p>Id\u00e9al pour les applications professionnelles n\u00e9cessitant une performance et une fiabilit\u00e9 \u00e9lev\u00e9es, la solution parfaite pour vos besoins en r\u00e9seau, faites confiance \u00e0 Audibax pour une connexion de haute qualit\u00e9 et sans probl\u00e8me !<\/p>\n<ul>\n<li>Mod\u00e8le : Audibax Pro CAT6 5 Pro<\/li>\n<li>Type de c\u00e2ble : CAT-6<\/li>\n<li>Connecteurs : RJ45 EtherCon<\/li>\n<li>Type de bo\u00eetier : Enrouleur de c\u00e2ble<\/li>\n<li>Couleur : Noir<\/li>\n<li>Longueur : 5 m\u00e8tres<\/li>\n<li>Sp\u00e9cifications du c\u00e2ble : 4&#215;2 AWG26 (568b)<\/li>\n<li>AWG : 24<\/li>\n<li>Section du c\u00e2ble : 0,16 mm\u00b2<\/li>\n<li>Diam\u00e8tre du c\u00e2ble : 1,0 mm\u00b2<\/li>\n<li>Blindage : Double<\/li>\n<li>Diam\u00e8tre ext\u00e9rieur du c\u00e2ble : 8,3 mm<\/li>\n<li>Dimensions : 200x200x30 mm<\/li>\n<li>Poids : 0,45 kg<\/li>\n<\/ul>\n","protected":false},"excerpt":{"rendered":"<p>&nbsp;<\/p>\n<ul>\n<li>Type de c\u00e2ble : CAT-6<\/li>\n<li>Connecteurs : RJ45 EtherCon<\/li>\n<li>Longueur : 5 m\u00e8tres<\/li>\n<li>Sp\u00e9cifications du c\u00e2ble : 4&#215;2 AWG26 (568b)<\/li>\n<li>AWG : 24<\/li>\n<li>Blindage : Double<\/li>\n<\/ul>\n","protected":false},"featured_media":44106,"comment_status":"open","ping_status":"closed","template":"","meta":{"_acf_changed":false},"product_cat":[743,289],"product_tag":[729],"class_list":{"0":"post-44177","1":"product","2":"type-product","3":"status-publish","4":"has-post-thumbnail","6":"product_cat-cable-ethernet","7":"product_cat-cables-fr","8":"product_tag-new","10":"first","11":"instock","12":"shipping-taxable","13":"product-type-simple"},"acf":[],"yoast_head":"<!-- This site is optimized with the Yoast SEO plugin v27.0 - https:\/\/yoast.com\/product\/yoast-seo-wordpress\/ -->\n<title>CAT6 5 PRO - Audibax<\/title>\n<meta name=\"robots\" content=\"index, follow, max-snippet:-1, max-image-preview:large, max-video-preview:-1\" \/>\n<link rel=\"canonical\" href=\"https:\/\/audibax.com\/fr\/produit\/cat6-5-pro\/\" \/>\n<meta property=\"og:locale\" content=\"fr_FR\" \/>\n<meta property=\"og:type\" content=\"article\" \/>\n<meta property=\"og:title\" content=\"CAT6 5 PRO - Audibax\" \/>\n<meta property=\"og:description\" content=\"&nbsp;   Type de c\u00e2ble : CAT-6  Connecteurs : RJ45 EtherCon  Longueur : 5 m\u00e8tres  Sp\u00e9cifications du c\u00e2ble : 4x2 AWG26 (568b)  AWG : 24  Blindage : Double\" \/>\n<meta property=\"og:url\" content=\"https:\/\/audibax.com\/fr\/produit\/cat6-5-pro\/\" \/>\n<meta property=\"og:site_name\" content=\"Audibax\" \/>\n<meta property=\"article:modified_time\" content=\"2024-06-06T12:01:35+00:00\" \/>\n<meta property=\"og:image\" content=\"https:\/\/audibax.com\/wp-content\/uploads\/2024\/06\/CAT-6-Series-1500-1.png\" \/>\n\t<meta property=\"og:image:width\" content=\"1500\" \/>\n\t<meta property=\"og:image:height\" content=\"1061\" \/>\n\t<meta property=\"og:image:type\" content=\"image\/png\" \/>\n<meta name=\"twitter:card\" content=\"summary_large_image\" \/>\n<meta name=\"twitter:label1\" content=\"Dur\u00e9e de lecture estim\u00e9e\" \/>\n\t<meta name=\"twitter:data1\" content=\"1 minute\" \/>\n<script type=\"application\/ld+json\" class=\"yoast-schema-graph\">{\"@context\":\"https:\/\/schema.org\",\"@graph\":[{\"@type\":\"WebPage\",\"@id\":\"https:\/\/audibax.com\/fr\/produit\/cat6-5-pro\/\",\"url\":\"https:\/\/audibax.com\/fr\/produit\/cat6-5-pro\/\",\"name\":\"CAT6 5 PRO - Audibax\",\"isPartOf\":{\"@id\":\"https:\/\/audibax.com\/fr\/#website\"},\"primaryImageOfPage\":{\"@id\":\"https:\/\/audibax.com\/fr\/produit\/cat6-5-pro\/#primaryimage\"},\"image\":{\"@id\":\"https:\/\/audibax.com\/fr\/produit\/cat6-5-pro\/#primaryimage\"},\"thumbnailUrl\":\"https:\/\/audibax.com\/wp-content\/uploads\/2024\/06\/CAT-6-Series-1500-1.png\",\"datePublished\":\"2024-06-06T08:37:03+00:00\",\"dateModified\":\"2024-06-06T12:01:35+00:00\",\"breadcrumb\":{\"@id\":\"https:\/\/audibax.com\/fr\/produit\/cat6-5-pro\/#breadcrumb\"},\"inLanguage\":\"fr-FR\",\"potentialAction\":[{\"@type\":\"ReadAction\",\"target\":[\"https:\/\/audibax.com\/fr\/produit\/cat6-5-pro\/\"]}]},{\"@type\":\"ImageObject\",\"inLanguage\":\"fr-FR\",\"@id\":\"https:\/\/audibax.com\/fr\/produit\/cat6-5-pro\/#primaryimage\",\"url\":\"https:\/\/audibax.com\/wp-content\/uploads\/2024\/06\/CAT-6-Series-1500-1.png\",\"contentUrl\":\"https:\/\/audibax.com\/wp-content\/uploads\/2024\/06\/CAT-6-Series-1500-1.png\",\"width\":1500,\"height\":1061},{\"@type\":\"BreadcrumbList\",\"@id\":\"https:\/\/audibax.com\/fr\/produit\/cat6-5-pro\/#breadcrumb\",\"itemListElement\":[{\"@type\":\"ListItem\",\"position\":1,\"name\":\"Portada\",\"item\":\"https:\/\/audibax.com\/fr\/\"},{\"@type\":\"ListItem\",\"position\":2,\"name\":\"Produits\",\"item\":\"https:\/\/audibax.com\/fr\/shop\/\"},{\"@type\":\"ListItem\",\"position\":3,\"name\":\"CAT6 5 PRO\"}]},{\"@type\":\"WebSite\",\"@id\":\"https:\/\/audibax.com\/fr\/#website\",\"url\":\"https:\/\/audibax.com\/fr\/\",\"name\":\"Audibax\",\"description\":\"\",\"publisher\":{\"@id\":\"https:\/\/audibax.com\/fr\/#organization\"},\"potentialAction\":[{\"@type\":\"SearchAction\",\"target\":{\"@type\":\"EntryPoint\",\"urlTemplate\":\"https:\/\/audibax.com\/fr\/?s={search_term_string}\"},\"query-input\":{\"@type\":\"PropertyValueSpecification\",\"valueRequired\":true,\"valueName\":\"search_term_string\"}}],\"inLanguage\":\"fr-FR\"},{\"@type\":\"Organization\",\"@id\":\"https:\/\/audibax.com\/fr\/#organization\",\"name\":\"Audibax\",\"url\":\"https:\/\/audibax.com\/fr\/\",\"logo\":{\"@type\":\"ImageObject\",\"inLanguage\":\"fr-FR\",\"@id\":\"https:\/\/audibax.com\/fr\/#\/schema\/logo\/image\/\",\"url\":\"https:\/\/audibax.com\/wp-content\/uploads\/2023\/09\/logo-Audibax-BLANCO-SVG-1.svg\",\"contentUrl\":\"https:\/\/audibax.com\/wp-content\/uploads\/2023\/09\/logo-Audibax-BLANCO-SVG-1.svg\",\"caption\":\"Audibax\"},\"image\":{\"@id\":\"https:\/\/audibax.com\/fr\/#\/schema\/logo\/image\/\"}}]}<\/script>\n<!-- \/ Yoast SEO plugin. -->","yoast_head_json":{"title":"CAT6 5 PRO - Audibax","robots":{"index":"index","follow":"follow","max-snippet":"max-snippet:-1","max-image-preview":"max-image-preview:large","max-video-preview":"max-video-preview:-1"},"canonical":"https:\/\/audibax.com\/fr\/produit\/cat6-5-pro\/","og_locale":"fr_FR","og_type":"article","og_title":"CAT6 5 PRO - Audibax","og_description":"&nbsp;   Type de c\u00e2ble : CAT-6  Connecteurs : RJ45 EtherCon  Longueur : 5 m\u00e8tres  Sp\u00e9cifications du c\u00e2ble : 4x2 AWG26 (568b)  AWG : 24  Blindage : Double","og_url":"https:\/\/audibax.com\/fr\/produit\/cat6-5-pro\/","og_site_name":"Audibax","article_modified_time":"2024-06-06T12:01:35+00:00","og_image":[{"width":1500,"height":1061,"url":"https:\/\/audibax.com\/wp-content\/uploads\/2024\/06\/CAT-6-Series-1500-1.png","type":"image\/png"}],"twitter_card":"summary_large_image","twitter_misc":{"Dur\u00e9e de lecture estim\u00e9e":"1 minute"},"schema":{"@context":"https:\/\/schema.org","@graph":[{"@type":"WebPage","@id":"https:\/\/audibax.com\/fr\/produit\/cat6-5-pro\/","url":"https:\/\/audibax.com\/fr\/produit\/cat6-5-pro\/","name":"CAT6 5 PRO - Audibax","isPartOf":{"@id":"https:\/\/audibax.com\/fr\/#website"},"primaryImageOfPage":{"@id":"https:\/\/audibax.com\/fr\/produit\/cat6-5-pro\/#primaryimage"},"image":{"@id":"https:\/\/audibax.com\/fr\/produit\/cat6-5-pro\/#primaryimage"},"thumbnailUrl":"https:\/\/audibax.com\/wp-content\/uploads\/2024\/06\/CAT-6-Series-1500-1.png","datePublished":"2024-06-06T08:37:03+00:00","dateModified":"2024-06-06T12:01:35+00:00","breadcrumb":{"@id":"https:\/\/audibax.com\/fr\/produit\/cat6-5-pro\/#breadcrumb"},"inLanguage":"fr-FR","potentialAction":[{"@type":"ReadAction","target":["https:\/\/audibax.com\/fr\/produit\/cat6-5-pro\/"]}]},{"@type":"ImageObject","inLanguage":"fr-FR","@id":"https:\/\/audibax.com\/fr\/produit\/cat6-5-pro\/#primaryimage","url":"https:\/\/audibax.com\/wp-content\/uploads\/2024\/06\/CAT-6-Series-1500-1.png","contentUrl":"https:\/\/audibax.com\/wp-content\/uploads\/2024\/06\/CAT-6-Series-1500-1.png","width":1500,"height":1061},{"@type":"BreadcrumbList","@id":"https:\/\/audibax.com\/fr\/produit\/cat6-5-pro\/#breadcrumb","itemListElement":[{"@type":"ListItem","position":1,"name":"Portada","item":"https:\/\/audibax.com\/fr\/"},{"@type":"ListItem","position":2,"name":"Produits","item":"https:\/\/audibax.com\/fr\/shop\/"},{"@type":"ListItem","position":3,"name":"CAT6 5 PRO"}]},{"@type":"WebSite","@id":"https:\/\/audibax.com\/fr\/#website","url":"https:\/\/audibax.com\/fr\/","name":"Audibax","description":"","publisher":{"@id":"https:\/\/audibax.com\/fr\/#organization"},"potentialAction":[{"@type":"SearchAction","target":{"@type":"EntryPoint","urlTemplate":"https:\/\/audibax.com\/fr\/?s={search_term_string}"},"query-input":{"@type":"PropertyValueSpecification","valueRequired":true,"valueName":"search_term_string"}}],"inLanguage":"fr-FR"},{"@type":"Organization","@id":"https:\/\/audibax.com\/fr\/#organization","name":"Audibax","url":"https:\/\/audibax.com\/fr\/","logo":{"@type":"ImageObject","inLanguage":"fr-FR","@id":"https:\/\/audibax.com\/fr\/#\/schema\/logo\/image\/","url":"https:\/\/audibax.com\/wp-content\/uploads\/2023\/09\/logo-Audibax-BLANCO-SVG-1.svg","contentUrl":"https:\/\/audibax.com\/wp-content\/uploads\/2023\/09\/logo-Audibax-BLANCO-SVG-1.svg","caption":"Audibax"},"image":{"@id":"https:\/\/audibax.com\/fr\/#\/schema\/logo\/image\/"}}]}},"_links":{"self":[{"href":"https:\/\/audibax.com\/fr\/wp-json\/wp\/v2\/product\/44177","targetHints":{"allow":["GET"]}}],"collection":[{"href":"https:\/\/audibax.com\/fr\/wp-json\/wp\/v2\/product"}],"about":[{"href":"https:\/\/audibax.com\/fr\/wp-json\/wp\/v2\/types\/product"}],"replies":[{"embeddable":true,"href":"https:\/\/audibax.com\/fr\/wp-json\/wp\/v2\/comments?post=44177"}],"wp:featuredmedia":[{"embeddable":true,"href":"https:\/\/audibax.com\/fr\/wp-json\/wp\/v2\/media\/44106"}],"wp:attachment":[{"href":"https:\/\/audibax.com\/fr\/wp-json\/wp\/v2\/media?parent=44177"}],"wp:term":[{"taxonomy":"product_cat","embeddable":true,"href":"https:\/\/audibax.com\/fr\/wp-json\/wp\/v2\/product_cat?post=44177"},{"taxonomy":"product_tag","embeddable":true,"href":"https:\/\/audibax.com\/fr\/wp-json\/wp\/v2\/product_tag?post=44177"}],"curies":[{"name":"wp","href":"https:\/\/api.w.org\/{rel}","templated":true}]}}