{"id":44126,"date":"2024-06-03T16:01:28","date_gmt":"2024-06-03T14:01:28","guid":{"rendered":"https:\/\/audibax.com\/?post_type=product&#038;p=44126"},"modified":"2024-06-06T15:05:38","modified_gmt":"2024-06-06T13:05:38","slug":"mc-xlr-8815-drum-pro","status":"publish","type":"product","link":"https:\/\/audibax.com\/fr\/produit\/mc-xlr-8815-drum-pro\/","title":{"rendered":"MC XLR 8815 DRUM PRO"},"content":{"rendered":"<p><strong>Audibax Pro MC XLR 8815 Drum Pro<\/strong><\/p>\n<p>Nous vous pr\u00e9sentons <strong>l&rsquo;Audibax Pro MC XLR 8815 Drum Pro<\/strong>, un multicore avec 8 connecteurs XLR femelles et 8 connecteurs XLR m\u00e2les, con\u00e7u pour offrir des performances optimales dans n&rsquo;importe quel environnement. Il garantit une transmission de signal claire et sans interf\u00e9rences. Son bobinage robuste facilite non seulement le transport et le stockage, mais prot\u00e8ge \u00e9galement le c\u00e2ble, le maintenant en parfait \u00e9tat.<\/p>\n<p>Le nouveau <strong>Audibax Pro MC XLR 8815 Drum Pro<\/strong> est votre alli\u00e9 fiable pour des connexions audio impeccables, en faisant le choix parfait pour tout professionnel du son.<\/p>\n<p>Id\u00e9al pour les studios d&rsquo;enregistrement, les \u00e9v\u00e9nements en direct et les applications professionnelles.<\/p>\n<ul>\n<li>Mod\u00e8le : Audibax Pro MC XLR 8815 Drum Pro<\/li>\n<li>Type de c\u00e2ble : MultiCore<\/li>\n<li>Connecteurs : 8 XLR femelles \/ 8 XLR m\u00e2les<\/li>\n<li>Type de bo\u00eetier : Bobine<\/li>\n<li>Couleur : Noir<\/li>\n<li>Longueur : 15 m\u00e8tres<\/li>\n<li>Section du c\u00e2ble : 0,12 mm\u00b2<\/li>\n<li>Blindage : AL<\/li>\n<li>Diam\u00e8tre ext\u00e9rieur du c\u00e2ble : 12,5 mm<\/li>\n<li>Dimensions de la bobine : 270x210x340 mm<\/li>\n<li>Poids : 6 kg<\/li>\n<\/ul>\n","protected":false},"excerpt":{"rendered":"<p>&nbsp;<\/p>\n<ul>\n<li>Type de c\u00e2ble : MultiCore<\/li>\n<li>Connecteurs : 8 XLR femelles \/ 8 XLR m\u00e2les<\/li>\n<li>Type de bo\u00eetier : Bobine<\/li>\n<li>Longueur : 15 m\u00e8tres<\/li>\n<\/ul>\n","protected":false},"featured_media":44082,"comment_status":"open","ping_status":"closed","template":"","meta":{"_acf_changed":false},"product_cat":[741,289],"product_tag":[],"class_list":{"0":"post-44126","1":"product","2":"type-product","3":"status-publish","4":"has-post-thumbnail","6":"product_cat-boitier-de-scene","7":"product_cat-cables-fr","9":"first","10":"instock","11":"shipping-taxable","12":"product-type-simple"},"acf":[],"yoast_head":"<!-- This site is optimized with the Yoast SEO plugin v27.0 - https:\/\/yoast.com\/product\/yoast-seo-wordpress\/ -->\n<title>MC XLR 8815 DRUM PRO - Audibax<\/title>\n<meta name=\"robots\" content=\"index, follow, max-snippet:-1, max-image-preview:large, max-video-preview:-1\" \/>\n<link rel=\"canonical\" href=\"https:\/\/audibax.com\/fr\/produit\/mc-xlr-8815-drum-pro\/\" \/>\n<meta property=\"og:locale\" content=\"fr_FR\" \/>\n<meta property=\"og:type\" content=\"article\" \/>\n<meta property=\"og:title\" content=\"MC XLR 8815 DRUM PRO - Audibax\" \/>\n<meta property=\"og:description\" content=\"&nbsp;   Type de c\u00e2ble : MultiCore  Connecteurs : 8 XLR femelles \/ 8 XLR m\u00e2les  Type de bo\u00eetier : Bobine  Longueur : 15 m\u00e8tres\" \/>\n<meta property=\"og:url\" content=\"https:\/\/audibax.com\/fr\/produit\/mc-xlr-8815-drum-pro\/\" \/>\n<meta property=\"og:site_name\" content=\"Audibax\" \/>\n<meta property=\"article:modified_time\" content=\"2024-06-06T13:05:38+00:00\" \/>\n<meta property=\"og:image\" content=\"https:\/\/audibax.com\/wp-content\/uploads\/2024\/06\/MC-XLR-815Drum-Pro-1.png\" \/>\n\t<meta property=\"og:image:width\" content=\"1500\" \/>\n\t<meta property=\"og:image:height\" content=\"1061\" \/>\n\t<meta property=\"og:image:type\" content=\"image\/png\" \/>\n<meta name=\"twitter:card\" content=\"summary_large_image\" \/>\n<meta name=\"twitter:label1\" content=\"Dur\u00e9e de lecture estim\u00e9e\" \/>\n\t<meta name=\"twitter:data1\" content=\"1 minute\" \/>\n<script type=\"application\/ld+json\" class=\"yoast-schema-graph\">{\"@context\":\"https:\/\/schema.org\",\"@graph\":[{\"@type\":\"WebPage\",\"@id\":\"https:\/\/audibax.com\/fr\/produit\/mc-xlr-8815-drum-pro\/\",\"url\":\"https:\/\/audibax.com\/fr\/produit\/mc-xlr-8815-drum-pro\/\",\"name\":\"MC XLR 8815 DRUM PRO - Audibax\",\"isPartOf\":{\"@id\":\"https:\/\/audibax.com\/fr\/#website\"},\"primaryImageOfPage\":{\"@id\":\"https:\/\/audibax.com\/fr\/produit\/mc-xlr-8815-drum-pro\/#primaryimage\"},\"image\":{\"@id\":\"https:\/\/audibax.com\/fr\/produit\/mc-xlr-8815-drum-pro\/#primaryimage\"},\"thumbnailUrl\":\"https:\/\/audibax.com\/wp-content\/uploads\/2024\/06\/MC-XLR-815Drum-Pro-1.png\",\"datePublished\":\"2024-06-03T14:01:28+00:00\",\"dateModified\":\"2024-06-06T13:05:38+00:00\",\"breadcrumb\":{\"@id\":\"https:\/\/audibax.com\/fr\/produit\/mc-xlr-8815-drum-pro\/#breadcrumb\"},\"inLanguage\":\"fr-FR\",\"potentialAction\":[{\"@type\":\"ReadAction\",\"target\":[\"https:\/\/audibax.com\/fr\/produit\/mc-xlr-8815-drum-pro\/\"]}]},{\"@type\":\"ImageObject\",\"inLanguage\":\"fr-FR\",\"@id\":\"https:\/\/audibax.com\/fr\/produit\/mc-xlr-8815-drum-pro\/#primaryimage\",\"url\":\"https:\/\/audibax.com\/wp-content\/uploads\/2024\/06\/MC-XLR-815Drum-Pro-1.png\",\"contentUrl\":\"https:\/\/audibax.com\/wp-content\/uploads\/2024\/06\/MC-XLR-815Drum-Pro-1.png\",\"width\":1500,\"height\":1061},{\"@type\":\"BreadcrumbList\",\"@id\":\"https:\/\/audibax.com\/fr\/produit\/mc-xlr-8815-drum-pro\/#breadcrumb\",\"itemListElement\":[{\"@type\":\"ListItem\",\"position\":1,\"name\":\"Portada\",\"item\":\"https:\/\/audibax.com\/fr\/\"},{\"@type\":\"ListItem\",\"position\":2,\"name\":\"Produits\",\"item\":\"https:\/\/audibax.com\/fr\/shop\/\"},{\"@type\":\"ListItem\",\"position\":3,\"name\":\"MC XLR 8815 DRUM PRO\"}]},{\"@type\":\"WebSite\",\"@id\":\"https:\/\/audibax.com\/fr\/#website\",\"url\":\"https:\/\/audibax.com\/fr\/\",\"name\":\"Audibax\",\"description\":\"\",\"publisher\":{\"@id\":\"https:\/\/audibax.com\/fr\/#organization\"},\"potentialAction\":[{\"@type\":\"SearchAction\",\"target\":{\"@type\":\"EntryPoint\",\"urlTemplate\":\"https:\/\/audibax.com\/fr\/?s={search_term_string}\"},\"query-input\":{\"@type\":\"PropertyValueSpecification\",\"valueRequired\":true,\"valueName\":\"search_term_string\"}}],\"inLanguage\":\"fr-FR\"},{\"@type\":\"Organization\",\"@id\":\"https:\/\/audibax.com\/fr\/#organization\",\"name\":\"Audibax\",\"url\":\"https:\/\/audibax.com\/fr\/\",\"logo\":{\"@type\":\"ImageObject\",\"inLanguage\":\"fr-FR\",\"@id\":\"https:\/\/audibax.com\/fr\/#\/schema\/logo\/image\/\",\"url\":\"https:\/\/audibax.com\/wp-content\/uploads\/2023\/09\/logo-Audibax-BLANCO-SVG-1.svg\",\"contentUrl\":\"https:\/\/audibax.com\/wp-content\/uploads\/2023\/09\/logo-Audibax-BLANCO-SVG-1.svg\",\"caption\":\"Audibax\"},\"image\":{\"@id\":\"https:\/\/audibax.com\/fr\/#\/schema\/logo\/image\/\"}}]}<\/script>\n<!-- \/ Yoast SEO plugin. -->","yoast_head_json":{"title":"MC XLR 8815 DRUM PRO - Audibax","robots":{"index":"index","follow":"follow","max-snippet":"max-snippet:-1","max-image-preview":"max-image-preview:large","max-video-preview":"max-video-preview:-1"},"canonical":"https:\/\/audibax.com\/fr\/produit\/mc-xlr-8815-drum-pro\/","og_locale":"fr_FR","og_type":"article","og_title":"MC XLR 8815 DRUM PRO - Audibax","og_description":"&nbsp;   Type de c\u00e2ble : MultiCore  Connecteurs : 8 XLR femelles \/ 8 XLR m\u00e2les  Type de bo\u00eetier : Bobine  Longueur : 15 m\u00e8tres","og_url":"https:\/\/audibax.com\/fr\/produit\/mc-xlr-8815-drum-pro\/","og_site_name":"Audibax","article_modified_time":"2024-06-06T13:05:38+00:00","og_image":[{"width":1500,"height":1061,"url":"https:\/\/audibax.com\/wp-content\/uploads\/2024\/06\/MC-XLR-815Drum-Pro-1.png","type":"image\/png"}],"twitter_card":"summary_large_image","twitter_misc":{"Dur\u00e9e de lecture estim\u00e9e":"1 minute"},"schema":{"@context":"https:\/\/schema.org","@graph":[{"@type":"WebPage","@id":"https:\/\/audibax.com\/fr\/produit\/mc-xlr-8815-drum-pro\/","url":"https:\/\/audibax.com\/fr\/produit\/mc-xlr-8815-drum-pro\/","name":"MC XLR 8815 DRUM PRO - Audibax","isPartOf":{"@id":"https:\/\/audibax.com\/fr\/#website"},"primaryImageOfPage":{"@id":"https:\/\/audibax.com\/fr\/produit\/mc-xlr-8815-drum-pro\/#primaryimage"},"image":{"@id":"https:\/\/audibax.com\/fr\/produit\/mc-xlr-8815-drum-pro\/#primaryimage"},"thumbnailUrl":"https:\/\/audibax.com\/wp-content\/uploads\/2024\/06\/MC-XLR-815Drum-Pro-1.png","datePublished":"2024-06-03T14:01:28+00:00","dateModified":"2024-06-06T13:05:38+00:00","breadcrumb":{"@id":"https:\/\/audibax.com\/fr\/produit\/mc-xlr-8815-drum-pro\/#breadcrumb"},"inLanguage":"fr-FR","potentialAction":[{"@type":"ReadAction","target":["https:\/\/audibax.com\/fr\/produit\/mc-xlr-8815-drum-pro\/"]}]},{"@type":"ImageObject","inLanguage":"fr-FR","@id":"https:\/\/audibax.com\/fr\/produit\/mc-xlr-8815-drum-pro\/#primaryimage","url":"https:\/\/audibax.com\/wp-content\/uploads\/2024\/06\/MC-XLR-815Drum-Pro-1.png","contentUrl":"https:\/\/audibax.com\/wp-content\/uploads\/2024\/06\/MC-XLR-815Drum-Pro-1.png","width":1500,"height":1061},{"@type":"BreadcrumbList","@id":"https:\/\/audibax.com\/fr\/produit\/mc-xlr-8815-drum-pro\/#breadcrumb","itemListElement":[{"@type":"ListItem","position":1,"name":"Portada","item":"https:\/\/audibax.com\/fr\/"},{"@type":"ListItem","position":2,"name":"Produits","item":"https:\/\/audibax.com\/fr\/shop\/"},{"@type":"ListItem","position":3,"name":"MC XLR 8815 DRUM PRO"}]},{"@type":"WebSite","@id":"https:\/\/audibax.com\/fr\/#website","url":"https:\/\/audibax.com\/fr\/","name":"Audibax","description":"","publisher":{"@id":"https:\/\/audibax.com\/fr\/#organization"},"potentialAction":[{"@type":"SearchAction","target":{"@type":"EntryPoint","urlTemplate":"https:\/\/audibax.com\/fr\/?s={search_term_string}"},"query-input":{"@type":"PropertyValueSpecification","valueRequired":true,"valueName":"search_term_string"}}],"inLanguage":"fr-FR"},{"@type":"Organization","@id":"https:\/\/audibax.com\/fr\/#organization","name":"Audibax","url":"https:\/\/audibax.com\/fr\/","logo":{"@type":"ImageObject","inLanguage":"fr-FR","@id":"https:\/\/audibax.com\/fr\/#\/schema\/logo\/image\/","url":"https:\/\/audibax.com\/wp-content\/uploads\/2023\/09\/logo-Audibax-BLANCO-SVG-1.svg","contentUrl":"https:\/\/audibax.com\/wp-content\/uploads\/2023\/09\/logo-Audibax-BLANCO-SVG-1.svg","caption":"Audibax"},"image":{"@id":"https:\/\/audibax.com\/fr\/#\/schema\/logo\/image\/"}}]}},"_links":{"self":[{"href":"https:\/\/audibax.com\/fr\/wp-json\/wp\/v2\/product\/44126","targetHints":{"allow":["GET"]}}],"collection":[{"href":"https:\/\/audibax.com\/fr\/wp-json\/wp\/v2\/product"}],"about":[{"href":"https:\/\/audibax.com\/fr\/wp-json\/wp\/v2\/types\/product"}],"replies":[{"embeddable":true,"href":"https:\/\/audibax.com\/fr\/wp-json\/wp\/v2\/comments?post=44126"}],"wp:featuredmedia":[{"embeddable":true,"href":"https:\/\/audibax.com\/fr\/wp-json\/wp\/v2\/media\/44082"}],"wp:attachment":[{"href":"https:\/\/audibax.com\/fr\/wp-json\/wp\/v2\/media?parent=44126"}],"wp:term":[{"taxonomy":"product_cat","embeddable":true,"href":"https:\/\/audibax.com\/fr\/wp-json\/wp\/v2\/product_cat?post=44126"},{"taxonomy":"product_tag","embeddable":true,"href":"https:\/\/audibax.com\/fr\/wp-json\/wp\/v2\/product_tag?post=44126"}],"curies":[{"name":"wp","href":"https:\/\/api.w.org\/{rel}","templated":true}]}}