{"id":43916,"date":"2024-05-27T14:29:41","date_gmt":"2024-05-27T12:29:41","guid":{"rendered":"https:\/\/audibax.com\/?post_type=product&#038;p=43916"},"modified":"2024-10-25T16:06:35","modified_gmt":"2024-10-25T14:06:35","slug":"kit-4-boston-30-flightcase","status":"publish","type":"product","link":"https:\/\/audibax.com\/fr\/produit\/kit-4-boston-30-flightcase\/","title":{"rendered":"Kit 4 Boston 30 + Flightcase"},"content":{"rendered":"<p><strong>Audibax Kit 4 Boston 30 Ring + Flightcase T\u00eates Mobiles Spot 30W Anneau LED + Flightcase<\/strong><\/p>\n<p>Nous pr\u00e9sentons le nouveau <strong>Kit Audibax Boston 30 Ring 4 unit\u00e9s + Flightcase<\/strong>. Cet ensemble comprend 4 unit\u00e9s d&rsquo;Audibax Boston 30 Ring, pr\u00e9sent\u00e9es dans un flightcase pratique et r\u00e9sistant, facilitant le transport et la protection.<\/p>\n<p>L&rsquo;Audibax Boston 30 Ring est une t\u00eate mobile spot avec une source lumineuse LED brillante de 30W + un anneau LED. Sa taille compacte et son poids l\u00e9ger le rendent id\u00e9al pour tout type d&rsquo;\u00e9v\u00e9nements, car avec une puissance de 30W, il offre des performances spectaculaires.<\/p>\n<p>Cette t\u00eate mobile dispose de 7 couleurs plus blanc, 7 spots rotatifs (GOBOS fixes) et des roues de couleur s\u00e9par\u00e9es. L&rsquo;Audibax Boston 30 Ring vous donnera la pure \u00e9motion de l&rsquo;\u00e9clairage avec ses mouvements rapides de faisceau et ses changements de couleur.<\/p>\n<p>&nbsp;<\/p>\n<p><strong>Sp\u00e9cifications Boston 30 Ring:<\/strong><\/p>\n<ul>\n<li>T\u00eate mobile spot haute performance avec une source lumineuse LED blanche brillante de 30W + anneau LED<\/li>\n<li>Couleur: 7 couleurs + blanc<\/li>\n<li>Gobos: 7 gobos + ouvert<\/li>\n<li>Roues de couleurs et de gobos ind\u00e9pendantes<\/li>\n<li>3 modes de fonctionnement: DMX, activ\u00e9 par le son et modes de contr\u00f4le de spectacle interne<\/li>\n<li>2 modes de canal DMX: 10 et 12<\/li>\n<li>4 spectacles pr\u00e9programm\u00e9s<\/li>\n<li>Mode d\u00e9filement de gobo<\/li>\n<li>Angle de faisceau de 13 degr\u00e9s<\/li>\n<li>Inclinaison horizontale 540\u00b0 \/ verticale 270\u00b0<\/li>\n<li>Inclinaison invers\u00e9e horizontale et verticale<\/li>\n<li>Dimmable: 0%-100%<\/li>\n<li>Refroidi par ventilateur<\/li>\n<li>Mode affichage invers\u00e9<\/li>\n<li>Support Omega inclus<\/li>\n<li>Liaison: c\u00e2ble XLR 3 broches via DMX<\/li>\n<li>Modes de contr\u00f4le: ma\u00eetre-esclave, auto, musique<\/li>\n<li>Consommation \u00e9lectrique: 50W<\/li>\n<li>Multi-tension: AC 900 &#8211; 240V, 50\/60Hz<\/li>\n<li>Source lumineuse LED: LED blanche de 30W (environ 50.000 heures)<\/li>\n<li>Couleur: noir<\/li>\n<\/ul>\n<p>&nbsp;<\/p>\n<p><strong>Sp\u00e9cifications Flightcase:<\/strong><\/p>\n<ul>\n<li>Flightcase avec rangement pour quatre t\u00eates mobiles<\/li>\n<li>4 roulettes pivotantes<\/li>\n<li>2 poign\u00e9es pliantes<\/li>\n<li>Finition durable<\/li>\n<li>Dimensions: 440 x 370 x 410mm<\/li>\n<\/ul>\n","protected":false},"excerpt":{"rendered":"<ul>\n<li>Set compos\u00e9 de 4 x Boston 30 Ring et 1 flightcase<\/li>\n<li>T\u00eate mobile spot haute performance avec une source lumineuse blanche brillante 30W blanc + anneau LED<\/li>\n<li>Couleur : 7 couleurs + blanc<\/li>\n<li>Gobos : 7 gobos + ouvert<\/li>\n<li>Roues de couleurs et de gobos ind\u00e9pendantes<\/li>\n<li>Flightcase avec rangement pour quatre t\u00eates mobiles<\/li>\n<\/ul>\n","protected":false},"featured_media":43878,"comment_status":"open","ping_status":"closed","template":"","meta":{"_acf_changed":false},"product_cat":[349,359],"product_tag":[],"class_list":{"0":"post-43916","1":"product","2":"type-product","3":"status-publish","4":"has-post-thumbnail","6":"product_cat-eclairage","7":"product_cat-tetes-en-mouvement","9":"first","10":"instock","11":"shipping-taxable","12":"product-type-simple"},"acf":[],"yoast_head":"<!-- This site is optimized with the Yoast SEO plugin v27.0 - https:\/\/yoast.com\/product\/yoast-seo-wordpress\/ -->\n<title>Kit 4 Boston 30 + Flightcase - Audibax<\/title>\n<meta name=\"robots\" content=\"index, follow, max-snippet:-1, max-image-preview:large, max-video-preview:-1\" \/>\n<link rel=\"canonical\" href=\"https:\/\/audibax.com\/fr\/produit\/kit-4-boston-30-flightcase\/\" \/>\n<meta property=\"og:locale\" content=\"fr_FR\" \/>\n<meta property=\"og:type\" content=\"article\" \/>\n<meta property=\"og:title\" content=\"Kit 4 Boston 30 + Flightcase - Audibax\" \/>\n<meta property=\"og:description\" content=\"Set compos\u00e9 de 4 x Boston 30 Ring et 1 flightcase  T\u00eate mobile spot haute performance avec une source lumineuse blanche brillante 30W blanc + anneau LED  Couleur : 7 couleurs + blanc  Gobos : 7 gobos + ouvert  Roues de couleurs et de gobos ind\u00e9pendantes  Flightcase avec rangement pour quatre t\u00eates mobiles\" \/>\n<meta property=\"og:url\" content=\"https:\/\/audibax.com\/fr\/produit\/kit-4-boston-30-flightcase\/\" \/>\n<meta property=\"og:site_name\" content=\"Audibax\" \/>\n<meta property=\"article:modified_time\" content=\"2024-10-25T14:06:35+00:00\" \/>\n<meta property=\"og:image\" content=\"https:\/\/audibax.com\/wp-content\/uploads\/2024\/05\/Flightcase-Boston-30-4u-7.png\" \/>\n\t<meta property=\"og:image:width\" content=\"1500\" \/>\n\t<meta property=\"og:image:height\" content=\"1060\" \/>\n\t<meta property=\"og:image:type\" content=\"image\/png\" \/>\n<meta name=\"twitter:card\" content=\"summary_large_image\" \/>\n<meta name=\"twitter:label1\" content=\"Dur\u00e9e de lecture estim\u00e9e\" \/>\n\t<meta name=\"twitter:data1\" content=\"2 minutes\" \/>\n<script type=\"application\/ld+json\" class=\"yoast-schema-graph\">{\"@context\":\"https:\/\/schema.org\",\"@graph\":[{\"@type\":\"WebPage\",\"@id\":\"https:\/\/audibax.com\/fr\/produit\/kit-4-boston-30-flightcase\/\",\"url\":\"https:\/\/audibax.com\/fr\/produit\/kit-4-boston-30-flightcase\/\",\"name\":\"Kit 4 Boston 30 + Flightcase - Audibax\",\"isPartOf\":{\"@id\":\"https:\/\/audibax.com\/fr\/#website\"},\"primaryImageOfPage\":{\"@id\":\"https:\/\/audibax.com\/fr\/produit\/kit-4-boston-30-flightcase\/#primaryimage\"},\"image\":{\"@id\":\"https:\/\/audibax.com\/fr\/produit\/kit-4-boston-30-flightcase\/#primaryimage\"},\"thumbnailUrl\":\"https:\/\/audibax.com\/wp-content\/uploads\/2024\/05\/Flightcase-Boston-30-4u-7.png\",\"datePublished\":\"2024-05-27T12:29:41+00:00\",\"dateModified\":\"2024-10-25T14:06:35+00:00\",\"breadcrumb\":{\"@id\":\"https:\/\/audibax.com\/fr\/produit\/kit-4-boston-30-flightcase\/#breadcrumb\"},\"inLanguage\":\"fr-FR\",\"potentialAction\":[{\"@type\":\"ReadAction\",\"target\":[\"https:\/\/audibax.com\/fr\/produit\/kit-4-boston-30-flightcase\/\"]}]},{\"@type\":\"ImageObject\",\"inLanguage\":\"fr-FR\",\"@id\":\"https:\/\/audibax.com\/fr\/produit\/kit-4-boston-30-flightcase\/#primaryimage\",\"url\":\"https:\/\/audibax.com\/wp-content\/uploads\/2024\/05\/Flightcase-Boston-30-4u-7.png\",\"contentUrl\":\"https:\/\/audibax.com\/wp-content\/uploads\/2024\/05\/Flightcase-Boston-30-4u-7.png\",\"width\":1500,\"height\":1060},{\"@type\":\"BreadcrumbList\",\"@id\":\"https:\/\/audibax.com\/fr\/produit\/kit-4-boston-30-flightcase\/#breadcrumb\",\"itemListElement\":[{\"@type\":\"ListItem\",\"position\":1,\"name\":\"Portada\",\"item\":\"https:\/\/audibax.com\/fr\/\"},{\"@type\":\"ListItem\",\"position\":2,\"name\":\"Produits\",\"item\":\"https:\/\/audibax.com\/fr\/shop\/\"},{\"@type\":\"ListItem\",\"position\":3,\"name\":\"Kit 4 Boston 30 + Flightcase\"}]},{\"@type\":\"WebSite\",\"@id\":\"https:\/\/audibax.com\/fr\/#website\",\"url\":\"https:\/\/audibax.com\/fr\/\",\"name\":\"Audibax\",\"description\":\"\",\"publisher\":{\"@id\":\"https:\/\/audibax.com\/fr\/#organization\"},\"potentialAction\":[{\"@type\":\"SearchAction\",\"target\":{\"@type\":\"EntryPoint\",\"urlTemplate\":\"https:\/\/audibax.com\/fr\/?s={search_term_string}\"},\"query-input\":{\"@type\":\"PropertyValueSpecification\",\"valueRequired\":true,\"valueName\":\"search_term_string\"}}],\"inLanguage\":\"fr-FR\"},{\"@type\":\"Organization\",\"@id\":\"https:\/\/audibax.com\/fr\/#organization\",\"name\":\"Audibax\",\"url\":\"https:\/\/audibax.com\/fr\/\",\"logo\":{\"@type\":\"ImageObject\",\"inLanguage\":\"fr-FR\",\"@id\":\"https:\/\/audibax.com\/fr\/#\/schema\/logo\/image\/\",\"url\":\"https:\/\/audibax.com\/wp-content\/uploads\/2023\/09\/logo-Audibax-BLANCO-SVG-1.svg\",\"contentUrl\":\"https:\/\/audibax.com\/wp-content\/uploads\/2023\/09\/logo-Audibax-BLANCO-SVG-1.svg\",\"caption\":\"Audibax\"},\"image\":{\"@id\":\"https:\/\/audibax.com\/fr\/#\/schema\/logo\/image\/\"}}]}<\/script>\n<!-- \/ Yoast SEO plugin. -->","yoast_head_json":{"title":"Kit 4 Boston 30 + Flightcase - Audibax","robots":{"index":"index","follow":"follow","max-snippet":"max-snippet:-1","max-image-preview":"max-image-preview:large","max-video-preview":"max-video-preview:-1"},"canonical":"https:\/\/audibax.com\/fr\/produit\/kit-4-boston-30-flightcase\/","og_locale":"fr_FR","og_type":"article","og_title":"Kit 4 Boston 30 + Flightcase - Audibax","og_description":"Set compos\u00e9 de 4 x Boston 30 Ring et 1 flightcase  T\u00eate mobile spot haute performance avec une source lumineuse blanche brillante 30W blanc + anneau LED  Couleur : 7 couleurs + blanc  Gobos : 7 gobos + ouvert  Roues de couleurs et de gobos ind\u00e9pendantes  Flightcase avec rangement pour quatre t\u00eates mobiles","og_url":"https:\/\/audibax.com\/fr\/produit\/kit-4-boston-30-flightcase\/","og_site_name":"Audibax","article_modified_time":"2024-10-25T14:06:35+00:00","og_image":[{"width":1500,"height":1060,"url":"https:\/\/audibax.com\/wp-content\/uploads\/2024\/05\/Flightcase-Boston-30-4u-7.png","type":"image\/png"}],"twitter_card":"summary_large_image","twitter_misc":{"Dur\u00e9e de lecture estim\u00e9e":"2 minutes"},"schema":{"@context":"https:\/\/schema.org","@graph":[{"@type":"WebPage","@id":"https:\/\/audibax.com\/fr\/produit\/kit-4-boston-30-flightcase\/","url":"https:\/\/audibax.com\/fr\/produit\/kit-4-boston-30-flightcase\/","name":"Kit 4 Boston 30 + Flightcase - Audibax","isPartOf":{"@id":"https:\/\/audibax.com\/fr\/#website"},"primaryImageOfPage":{"@id":"https:\/\/audibax.com\/fr\/produit\/kit-4-boston-30-flightcase\/#primaryimage"},"image":{"@id":"https:\/\/audibax.com\/fr\/produit\/kit-4-boston-30-flightcase\/#primaryimage"},"thumbnailUrl":"https:\/\/audibax.com\/wp-content\/uploads\/2024\/05\/Flightcase-Boston-30-4u-7.png","datePublished":"2024-05-27T12:29:41+00:00","dateModified":"2024-10-25T14:06:35+00:00","breadcrumb":{"@id":"https:\/\/audibax.com\/fr\/produit\/kit-4-boston-30-flightcase\/#breadcrumb"},"inLanguage":"fr-FR","potentialAction":[{"@type":"ReadAction","target":["https:\/\/audibax.com\/fr\/produit\/kit-4-boston-30-flightcase\/"]}]},{"@type":"ImageObject","inLanguage":"fr-FR","@id":"https:\/\/audibax.com\/fr\/produit\/kit-4-boston-30-flightcase\/#primaryimage","url":"https:\/\/audibax.com\/wp-content\/uploads\/2024\/05\/Flightcase-Boston-30-4u-7.png","contentUrl":"https:\/\/audibax.com\/wp-content\/uploads\/2024\/05\/Flightcase-Boston-30-4u-7.png","width":1500,"height":1060},{"@type":"BreadcrumbList","@id":"https:\/\/audibax.com\/fr\/produit\/kit-4-boston-30-flightcase\/#breadcrumb","itemListElement":[{"@type":"ListItem","position":1,"name":"Portada","item":"https:\/\/audibax.com\/fr\/"},{"@type":"ListItem","position":2,"name":"Produits","item":"https:\/\/audibax.com\/fr\/shop\/"},{"@type":"ListItem","position":3,"name":"Kit 4 Boston 30 + Flightcase"}]},{"@type":"WebSite","@id":"https:\/\/audibax.com\/fr\/#website","url":"https:\/\/audibax.com\/fr\/","name":"Audibax","description":"","publisher":{"@id":"https:\/\/audibax.com\/fr\/#organization"},"potentialAction":[{"@type":"SearchAction","target":{"@type":"EntryPoint","urlTemplate":"https:\/\/audibax.com\/fr\/?s={search_term_string}"},"query-input":{"@type":"PropertyValueSpecification","valueRequired":true,"valueName":"search_term_string"}}],"inLanguage":"fr-FR"},{"@type":"Organization","@id":"https:\/\/audibax.com\/fr\/#organization","name":"Audibax","url":"https:\/\/audibax.com\/fr\/","logo":{"@type":"ImageObject","inLanguage":"fr-FR","@id":"https:\/\/audibax.com\/fr\/#\/schema\/logo\/image\/","url":"https:\/\/audibax.com\/wp-content\/uploads\/2023\/09\/logo-Audibax-BLANCO-SVG-1.svg","contentUrl":"https:\/\/audibax.com\/wp-content\/uploads\/2023\/09\/logo-Audibax-BLANCO-SVG-1.svg","caption":"Audibax"},"image":{"@id":"https:\/\/audibax.com\/fr\/#\/schema\/logo\/image\/"}}]}},"_links":{"self":[{"href":"https:\/\/audibax.com\/fr\/wp-json\/wp\/v2\/product\/43916","targetHints":{"allow":["GET"]}}],"collection":[{"href":"https:\/\/audibax.com\/fr\/wp-json\/wp\/v2\/product"}],"about":[{"href":"https:\/\/audibax.com\/fr\/wp-json\/wp\/v2\/types\/product"}],"replies":[{"embeddable":true,"href":"https:\/\/audibax.com\/fr\/wp-json\/wp\/v2\/comments?post=43916"}],"wp:featuredmedia":[{"embeddable":true,"href":"https:\/\/audibax.com\/fr\/wp-json\/wp\/v2\/media\/43878"}],"wp:attachment":[{"href":"https:\/\/audibax.com\/fr\/wp-json\/wp\/v2\/media?parent=43916"}],"wp:term":[{"taxonomy":"product_cat","embeddable":true,"href":"https:\/\/audibax.com\/fr\/wp-json\/wp\/v2\/product_cat?post=43916"},{"taxonomy":"product_tag","embeddable":true,"href":"https:\/\/audibax.com\/fr\/wp-json\/wp\/v2\/product_tag?post=43916"}],"curies":[{"name":"wp","href":"https:\/\/api.w.org\/{rel}","templated":true}]}}