{"id":43794,"date":"2024-05-27T13:31:41","date_gmt":"2024-05-27T11:31:41","guid":{"rendered":"https:\/\/audibax.com\/?post_type=product&#038;p=43794"},"modified":"2024-05-27T16:02:55","modified_gmt":"2024-05-27T14:02:55","slug":"kit-4-boston-60-flightcase","status":"publish","type":"product","link":"https:\/\/audibax.com\/fr\/produit\/kit-4-boston-60-flightcase\/","title":{"rendered":"Kit 4 Boston 60 + Flightcase"},"content":{"rendered":"<p><strong>Audibax Kit 4 Boston 60 + Flightcase Moving Heads Spot 60w + Flightcase<\/strong><\/p>\n<p>Voici le nouveau <strong>kit Audibax Boston 60 4 unit\u00e9s + Flightcase<\/strong>. Ce kit comprend 4 unit\u00e9s de l&rsquo;Audibax Boston 60, pr\u00e9sent\u00e9es dans un flightcase pratique et r\u00e9sistant, facilitant son transport et sa protection.<\/p>\n<p>L&rsquo;Audibax Boston 60 est une t\u00eate mobile compacte dot\u00e9e d&rsquo;une source lumineuse LED de 60W. De taille moyenne, elle se distingue par sa puissance, sa l\u00e9g\u00e8ret\u00e9 et sa polyvalence, offrant de hautes performances en cr\u00e9ant une source lumineuse personnalisable avec diff\u00e9rentes couleurs et gobos.<\/p>\n<p>Gr\u00e2ce \u00e0 la rapidit\u00e9 des mouvements et des changements de couleur, le Boston 60 vous procurera un pur plaisir d&rsquo;\u00e9clairage.<\/p>\n<p>Son design simple et \u00e9l\u00e9gant le rend id\u00e9al pour les endroits o\u00f9 l&rsquo;espace est limit\u00e9 et o\u00f9 un faible poids est indispensable, comme les pubs, les discoth\u00e8ques, les DJ mobiles ou tout autre endroit o\u00f9 vous souhaitez couvrir vos besoins en mati\u00e8re d&rsquo;\u00e9clairage.<\/p>\n<p>Le set est compos\u00e9 de :<\/p>\n<p>4 x Boston 60<br \/>\n1 flightcase pour 4 unit\u00e9s<\/p>\n<p>&nbsp;<\/p>\n<p><strong>Sp\u00e9cifications Boston 60 :<\/strong><\/p>\n<ul>\n<li>Couleurs : 7 couleurs + blanc<\/li>\n<li>Tension : AC110-220V, 50-60HZ<\/li>\n<li>Source lumineuse : 1 pcs x 60W LED<\/li>\n<li>Alimentation : 220V<\/li>\n<li>Puissance : 60W LED blanche<\/li>\n<li>Gobos : 7 + ouvert<\/li>\n<li>Couleur : 8 couleurs<\/li>\n<li>Canaux DMX : 9\/11 CH<\/li>\n<li>Fonctionnement : DMX, Auto, Son, Ma\u00eetre-esclave<\/li>\n<li>Couleur de la t\u00eate : Noir<\/li>\n<li>Dimensions : 280 x 145 x 168 mm 280 x 145 x 168mm<\/li>\n<\/ul>\n<p>&nbsp;<\/p>\n<p><strong>Sp\u00e9cifications Flightcase :<\/strong><\/p>\n<ul>\n<li>Flightcase avec rangement pour quatre t\u00eates mobiles<\/li>\n<li>4 roulettes pivotantes<\/li>\n<li>2 poign\u00e9es rabattables<\/li>\n<li>Finition robuste<\/li>\n<li>Dimensions : 440 x 370 x 41 440 x 370 x 41<\/li>\n<\/ul>\n","protected":false},"excerpt":{"rendered":"<ul>\n<li>Set compos\u00e9 de 4 x Boston 60 et 1 flightcase<\/li>\n<li>Couleurs : 7 couleurs + blanc<\/li>\n<li>Tension : AC110-220V, 50-60HZ<\/li>\n<li>Source lumineuse : 1 pcs x 60W LED<\/li>\n<li>Puissance : 60W LED blanche<\/li>\n<li>Canaux DMX : 9\/11 CH<\/li>\n<li>Flightcase avec rangement pour quatre t\u00eates mobiles<\/li>\n<\/ul>\n","protected":false},"featured_media":44027,"comment_status":"open","ping_status":"closed","template":"","meta":{"_acf_changed":false},"product_cat":[349,359],"product_tag":[],"class_list":{"0":"post-43794","1":"product","2":"type-product","3":"status-publish","4":"has-post-thumbnail","6":"product_cat-eclairage","7":"product_cat-tetes-en-mouvement","9":"first","10":"instock","11":"shipping-taxable","12":"product-type-simple"},"acf":[],"yoast_head":"<!-- This site is optimized with the Yoast SEO plugin v27.0 - https:\/\/yoast.com\/product\/yoast-seo-wordpress\/ -->\n<title>Kit 4 Boston 60 + Flightcase - Audibax<\/title>\n<meta name=\"robots\" content=\"index, follow, max-snippet:-1, max-image-preview:large, max-video-preview:-1\" \/>\n<link rel=\"canonical\" href=\"https:\/\/audibax.com\/fr\/produit\/kit-4-boston-60-flightcase\/\" \/>\n<meta property=\"og:locale\" content=\"fr_FR\" \/>\n<meta property=\"og:type\" content=\"article\" \/>\n<meta property=\"og:title\" content=\"Kit 4 Boston 60 + Flightcase - Audibax\" \/>\n<meta property=\"og:description\" content=\"Set compos\u00e9 de 4 x Boston 60 et 1 flightcase  Couleurs : 7 couleurs + blanc  Tension : AC110-220V, 50-60HZ  Source lumineuse : 1 pcs x 60W LED  Puissance : 60W LED blanche  Canaux DMX : 9\/11 CH  Flightcase avec rangement pour quatre t\u00eates mobiles\" \/>\n<meta property=\"og:url\" content=\"https:\/\/audibax.com\/fr\/produit\/kit-4-boston-60-flightcase\/\" \/>\n<meta property=\"og:site_name\" content=\"Audibax\" \/>\n<meta property=\"article:modified_time\" content=\"2024-05-27T14:02:55+00:00\" \/>\n<meta property=\"og:image\" content=\"https:\/\/audibax.com\/wp-content\/uploads\/2024\/05\/Flightcase-Boston-60-4u-SIN-RING-7-1024x724.png\" \/>\n\t<meta property=\"og:image:width\" content=\"1024\" \/>\n\t<meta property=\"og:image:height\" content=\"724\" \/>\n\t<meta property=\"og:image:type\" content=\"image\/png\" \/>\n<meta name=\"twitter:card\" content=\"summary_large_image\" \/>\n<meta name=\"twitter:label1\" content=\"Dur\u00e9e de lecture estim\u00e9e\" \/>\n\t<meta name=\"twitter:data1\" content=\"2 minutes\" \/>\n<script type=\"application\/ld+json\" class=\"yoast-schema-graph\">{\"@context\":\"https:\/\/schema.org\",\"@graph\":[{\"@type\":\"WebPage\",\"@id\":\"https:\/\/audibax.com\/fr\/produit\/kit-4-boston-60-flightcase\/\",\"url\":\"https:\/\/audibax.com\/fr\/produit\/kit-4-boston-60-flightcase\/\",\"name\":\"Kit 4 Boston 60 + Flightcase - Audibax\",\"isPartOf\":{\"@id\":\"https:\/\/audibax.com\/fr\/#website\"},\"primaryImageOfPage\":{\"@id\":\"https:\/\/audibax.com\/fr\/produit\/kit-4-boston-60-flightcase\/#primaryimage\"},\"image\":{\"@id\":\"https:\/\/audibax.com\/fr\/produit\/kit-4-boston-60-flightcase\/#primaryimage\"},\"thumbnailUrl\":\"https:\/\/audibax.com\/wp-content\/uploads\/2024\/05\/Flightcase-Boston-60-4u-SIN-RING-7.png\",\"datePublished\":\"2024-05-27T11:31:41+00:00\",\"dateModified\":\"2024-05-27T14:02:55+00:00\",\"breadcrumb\":{\"@id\":\"https:\/\/audibax.com\/fr\/produit\/kit-4-boston-60-flightcase\/#breadcrumb\"},\"inLanguage\":\"fr-FR\",\"potentialAction\":[{\"@type\":\"ReadAction\",\"target\":[\"https:\/\/audibax.com\/fr\/produit\/kit-4-boston-60-flightcase\/\"]}]},{\"@type\":\"ImageObject\",\"inLanguage\":\"fr-FR\",\"@id\":\"https:\/\/audibax.com\/fr\/produit\/kit-4-boston-60-flightcase\/#primaryimage\",\"url\":\"https:\/\/audibax.com\/wp-content\/uploads\/2024\/05\/Flightcase-Boston-60-4u-SIN-RING-7.png\",\"contentUrl\":\"https:\/\/audibax.com\/wp-content\/uploads\/2024\/05\/Flightcase-Boston-60-4u-SIN-RING-7.png\",\"width\":2500,\"height\":1767},{\"@type\":\"BreadcrumbList\",\"@id\":\"https:\/\/audibax.com\/fr\/produit\/kit-4-boston-60-flightcase\/#breadcrumb\",\"itemListElement\":[{\"@type\":\"ListItem\",\"position\":1,\"name\":\"Portada\",\"item\":\"https:\/\/audibax.com\/fr\/\"},{\"@type\":\"ListItem\",\"position\":2,\"name\":\"Produits\",\"item\":\"https:\/\/audibax.com\/fr\/shop\/\"},{\"@type\":\"ListItem\",\"position\":3,\"name\":\"Kit 4 Boston 60 + Flightcase\"}]},{\"@type\":\"WebSite\",\"@id\":\"https:\/\/audibax.com\/fr\/#website\",\"url\":\"https:\/\/audibax.com\/fr\/\",\"name\":\"Audibax\",\"description\":\"\",\"publisher\":{\"@id\":\"https:\/\/audibax.com\/fr\/#organization\"},\"potentialAction\":[{\"@type\":\"SearchAction\",\"target\":{\"@type\":\"EntryPoint\",\"urlTemplate\":\"https:\/\/audibax.com\/fr\/?s={search_term_string}\"},\"query-input\":{\"@type\":\"PropertyValueSpecification\",\"valueRequired\":true,\"valueName\":\"search_term_string\"}}],\"inLanguage\":\"fr-FR\"},{\"@type\":\"Organization\",\"@id\":\"https:\/\/audibax.com\/fr\/#organization\",\"name\":\"Audibax\",\"url\":\"https:\/\/audibax.com\/fr\/\",\"logo\":{\"@type\":\"ImageObject\",\"inLanguage\":\"fr-FR\",\"@id\":\"https:\/\/audibax.com\/fr\/#\/schema\/logo\/image\/\",\"url\":\"https:\/\/audibax.com\/wp-content\/uploads\/2023\/09\/logo-Audibax-BLANCO-SVG-1.svg\",\"contentUrl\":\"https:\/\/audibax.com\/wp-content\/uploads\/2023\/09\/logo-Audibax-BLANCO-SVG-1.svg\",\"caption\":\"Audibax\"},\"image\":{\"@id\":\"https:\/\/audibax.com\/fr\/#\/schema\/logo\/image\/\"}}]}<\/script>\n<!-- \/ Yoast SEO plugin. -->","yoast_head_json":{"title":"Kit 4 Boston 60 + Flightcase - Audibax","robots":{"index":"index","follow":"follow","max-snippet":"max-snippet:-1","max-image-preview":"max-image-preview:large","max-video-preview":"max-video-preview:-1"},"canonical":"https:\/\/audibax.com\/fr\/produit\/kit-4-boston-60-flightcase\/","og_locale":"fr_FR","og_type":"article","og_title":"Kit 4 Boston 60 + Flightcase - Audibax","og_description":"Set compos\u00e9 de 4 x Boston 60 et 1 flightcase  Couleurs : 7 couleurs + blanc  Tension : AC110-220V, 50-60HZ  Source lumineuse : 1 pcs x 60W LED  Puissance : 60W LED blanche  Canaux DMX : 9\/11 CH  Flightcase avec rangement pour quatre t\u00eates mobiles","og_url":"https:\/\/audibax.com\/fr\/produit\/kit-4-boston-60-flightcase\/","og_site_name":"Audibax","article_modified_time":"2024-05-27T14:02:55+00:00","og_image":[{"width":1024,"height":724,"url":"https:\/\/audibax.com\/wp-content\/uploads\/2024\/05\/Flightcase-Boston-60-4u-SIN-RING-7-1024x724.png","type":"image\/png"}],"twitter_card":"summary_large_image","twitter_misc":{"Dur\u00e9e de lecture estim\u00e9e":"2 minutes"},"schema":{"@context":"https:\/\/schema.org","@graph":[{"@type":"WebPage","@id":"https:\/\/audibax.com\/fr\/produit\/kit-4-boston-60-flightcase\/","url":"https:\/\/audibax.com\/fr\/produit\/kit-4-boston-60-flightcase\/","name":"Kit 4 Boston 60 + Flightcase - Audibax","isPartOf":{"@id":"https:\/\/audibax.com\/fr\/#website"},"primaryImageOfPage":{"@id":"https:\/\/audibax.com\/fr\/produit\/kit-4-boston-60-flightcase\/#primaryimage"},"image":{"@id":"https:\/\/audibax.com\/fr\/produit\/kit-4-boston-60-flightcase\/#primaryimage"},"thumbnailUrl":"https:\/\/audibax.com\/wp-content\/uploads\/2024\/05\/Flightcase-Boston-60-4u-SIN-RING-7.png","datePublished":"2024-05-27T11:31:41+00:00","dateModified":"2024-05-27T14:02:55+00:00","breadcrumb":{"@id":"https:\/\/audibax.com\/fr\/produit\/kit-4-boston-60-flightcase\/#breadcrumb"},"inLanguage":"fr-FR","potentialAction":[{"@type":"ReadAction","target":["https:\/\/audibax.com\/fr\/produit\/kit-4-boston-60-flightcase\/"]}]},{"@type":"ImageObject","inLanguage":"fr-FR","@id":"https:\/\/audibax.com\/fr\/produit\/kit-4-boston-60-flightcase\/#primaryimage","url":"https:\/\/audibax.com\/wp-content\/uploads\/2024\/05\/Flightcase-Boston-60-4u-SIN-RING-7.png","contentUrl":"https:\/\/audibax.com\/wp-content\/uploads\/2024\/05\/Flightcase-Boston-60-4u-SIN-RING-7.png","width":2500,"height":1767},{"@type":"BreadcrumbList","@id":"https:\/\/audibax.com\/fr\/produit\/kit-4-boston-60-flightcase\/#breadcrumb","itemListElement":[{"@type":"ListItem","position":1,"name":"Portada","item":"https:\/\/audibax.com\/fr\/"},{"@type":"ListItem","position":2,"name":"Produits","item":"https:\/\/audibax.com\/fr\/shop\/"},{"@type":"ListItem","position":3,"name":"Kit 4 Boston 60 + Flightcase"}]},{"@type":"WebSite","@id":"https:\/\/audibax.com\/fr\/#website","url":"https:\/\/audibax.com\/fr\/","name":"Audibax","description":"","publisher":{"@id":"https:\/\/audibax.com\/fr\/#organization"},"potentialAction":[{"@type":"SearchAction","target":{"@type":"EntryPoint","urlTemplate":"https:\/\/audibax.com\/fr\/?s={search_term_string}"},"query-input":{"@type":"PropertyValueSpecification","valueRequired":true,"valueName":"search_term_string"}}],"inLanguage":"fr-FR"},{"@type":"Organization","@id":"https:\/\/audibax.com\/fr\/#organization","name":"Audibax","url":"https:\/\/audibax.com\/fr\/","logo":{"@type":"ImageObject","inLanguage":"fr-FR","@id":"https:\/\/audibax.com\/fr\/#\/schema\/logo\/image\/","url":"https:\/\/audibax.com\/wp-content\/uploads\/2023\/09\/logo-Audibax-BLANCO-SVG-1.svg","contentUrl":"https:\/\/audibax.com\/wp-content\/uploads\/2023\/09\/logo-Audibax-BLANCO-SVG-1.svg","caption":"Audibax"},"image":{"@id":"https:\/\/audibax.com\/fr\/#\/schema\/logo\/image\/"}}]}},"_links":{"self":[{"href":"https:\/\/audibax.com\/fr\/wp-json\/wp\/v2\/product\/43794","targetHints":{"allow":["GET"]}}],"collection":[{"href":"https:\/\/audibax.com\/fr\/wp-json\/wp\/v2\/product"}],"about":[{"href":"https:\/\/audibax.com\/fr\/wp-json\/wp\/v2\/types\/product"}],"replies":[{"embeddable":true,"href":"https:\/\/audibax.com\/fr\/wp-json\/wp\/v2\/comments?post=43794"}],"wp:featuredmedia":[{"embeddable":true,"href":"https:\/\/audibax.com\/fr\/wp-json\/wp\/v2\/media\/44027"}],"wp:attachment":[{"href":"https:\/\/audibax.com\/fr\/wp-json\/wp\/v2\/media?parent=43794"}],"wp:term":[{"taxonomy":"product_cat","embeddable":true,"href":"https:\/\/audibax.com\/fr\/wp-json\/wp\/v2\/product_cat?post=43794"},{"taxonomy":"product_tag","embeddable":true,"href":"https:\/\/audibax.com\/fr\/wp-json\/wp\/v2\/product_tag?post=43794"}],"curies":[{"name":"wp","href":"https:\/\/api.w.org\/{rel}","templated":true}]}}