{"id":43215,"date":"2024-05-22T17:59:17","date_gmt":"2024-05-22T15:59:17","guid":{"rendered":"https:\/\/audibax.com\/?post_type=product&#038;p=43215"},"modified":"2024-05-23T10:34:25","modified_gmt":"2024-05-23T08:34:25","slug":"neo-stm-4b","status":"publish","type":"product","link":"https:\/\/audibax.com\/fr\/produit\/neo-stm-4b\/","title":{"rendered":"NEO STM 4B"},"content":{"rendered":"<p><strong>Audibax Neo STM 4B Supports de table pour moniteurs et enceintes de studio (paire)<\/strong><\/p>\n<p>Am\u00e9liorez votre exp\u00e9rience d&rsquo;\u00e9coute avec les supports Audibax Neo STM 4B. Ces supports de table polyvalents offrent une solution robuste et \u00e9l\u00e9gante pour vos appareils audio, ajoutant une touche d&rsquo;\u00e9l\u00e9gance \u00e0 votre environnement de travail ou de studio.<\/p>\n<p><strong>Adaptabilit\u00e9 de l&rsquo;agencement<\/strong><\/p>\n<p>Les pieds Audibax Neo STM 4 B sont id\u00e9aux pour une grande vari\u00e9t\u00e9 d&rsquo;appareils, offrant une base de 200x195mm avec une profondeur verticale de 180mm. Cela garantit un maintien stable et s\u00fbr pour votre \u00e9quipement pesant jusqu&rsquo;\u00e0 15 kg.<\/p>\n<p><strong>Am\u00e9lioration de l&rsquo;exp\u00e9rience d&rsquo;\u00e9coute<\/strong><\/p>\n<p>Avec un angle d&rsquo;inclinaison de 5\u00b0, ces supports dirigent le son pr\u00e9cis\u00e9ment vers vos oreilles, offrant une exp\u00e9rience d&rsquo;\u00e9coute optimale pendant que vous travaillez ou \u00e9tudiez.<\/p>\n<p><strong>Construction durable<\/strong><\/p>\n<p>Fabriqu\u00e9s en m\u00e9tal durable, les supports Audibax Neo STM 4 B offrent une base solide \u00e0 vos appareils audio. Leur finition noire ajoute une touche moderne et \u00e9l\u00e9gante \u00e0 votre espace de travail.<\/p>\n<p>D\u00e9tails techniques :<\/p>\n<p>Couleur : Noir<br \/>\nPoids support\u00e9 : 15 kg<br \/>\nType de support : Bureau<br \/>\nPlate-forme de support : 200x195mm<br \/>\nHauteur de la plate-forme : 180 mm<br \/>\nDegr\u00e9s d&rsquo;inclinaison : 5\u00b0 Inclinaison : 5\u00b0 Angle d&rsquo;inclinaison : 5\u00b0 Angle d&rsquo;inclinaison : 5\u00b0 Angle d&rsquo;inclinaison<br \/>\nFinition du mat\u00e9riau : M\u00e9tal<br \/>\nPoids net : 5,3 kg \/paire<br \/>\nFourni par paire<br \/>\nAm\u00e9liorez les performances et l&rsquo;esth\u00e9tique de votre espace de travail avec les supports Audibax Neo STM 4 B et profitez d&rsquo;une meilleure exp\u00e9rience d&rsquo;\u00e9coute lors de vos sessions d&rsquo;\u00e9tude ou de travail.<\/p>\n","protected":false},"excerpt":{"rendered":"<p><strong>Audibax Neo STM 4B Supports de table pour moniteurs et enceintes de studio (paire)<\/strong><\/p>\n<p>Am\u00e9liorez votre exp\u00e9rience d&rsquo;\u00e9coute avec les supports Audibax Neo STM 4B. Ces supports de table polyvalents offrent une solution robuste et \u00e9l\u00e9gante pour vos appareils audio, ajoutant une touche d&rsquo;\u00e9l\u00e9gance \u00e0 votre environnement de travail ou de studio.<\/p>\n<p><strong>Adaptabilit\u00e9 de l&rsquo;agencement<\/strong><\/p>\n<p>Les pieds Audibax Neo STM 4 B sont id\u00e9aux pour une grande vari\u00e9t\u00e9 d&rsquo;appareils, offrant une base de 200x195mm avec une profondeur verticale de 180mm. Cela garantit un maintien stable et s\u00fbr pour votre \u00e9quipement pesant jusqu&rsquo;\u00e0 15 kg.<\/p>\n<p><strong>Am\u00e9lioration de l&rsquo;exp\u00e9rience d&rsquo;\u00e9coute<\/strong><\/p>\n<p>Avec un angle d&rsquo;inclinaison de 5\u00b0, ces supports dirigent le son pr\u00e9cis\u00e9ment vers vos oreilles, offrant une exp\u00e9rience d&rsquo;\u00e9coute optimale pendant que vous travaillez ou \u00e9tudiez.<\/p>\n<p><strong>Construction durable<\/strong><\/p>\n<p>Fabriqu\u00e9s en m\u00e9tal durable, les supports Audibax Neo STM 4 B offrent une base solide \u00e0 vos appareils audio. Leur finition noire ajoute une touche moderne et \u00e9l\u00e9gante \u00e0 votre espace de travail.<\/p>\n","protected":false},"featured_media":43186,"comment_status":"open","ping_status":"closed","template":"","meta":{"_acf_changed":false},"product_cat":[425,447],"product_tag":[],"class_list":{"0":"post-43215","1":"product","2":"type-product","3":"status-publish","4":"has-post-thumbnail","6":"product_cat-stands-fr","7":"product_cat-supports-de-moniteurs-de-studio","9":"first","10":"instock","11":"shipping-taxable","12":"product-type-simple"},"acf":[],"yoast_head":"<!-- This site is optimized with the Yoast SEO plugin v27.0 - https:\/\/yoast.com\/product\/yoast-seo-wordpress\/ -->\n<title>NEO STM 4B - Audibax<\/title>\n<meta name=\"robots\" content=\"index, follow, max-snippet:-1, max-image-preview:large, max-video-preview:-1\" \/>\n<link rel=\"canonical\" href=\"https:\/\/audibax.com\/fr\/produit\/neo-stm-4b\/\" \/>\n<meta property=\"og:locale\" content=\"fr_FR\" \/>\n<meta property=\"og:type\" content=\"article\" \/>\n<meta property=\"og:title\" content=\"NEO STM 4B - Audibax\" \/>\n<meta property=\"og:description\" content=\"Audibax Neo STM 4B Supports de table pour moniteurs et enceintes de studio (paire)  Am\u00e9liorez votre exp\u00e9rience d&#039;\u00e9coute avec les supports Audibax Neo STM 4B. Ces supports de table polyvalents offrent une solution robuste et \u00e9l\u00e9gante pour vos appareils audio, ajoutant une touche d&#039;\u00e9l\u00e9gance \u00e0 votre environnement de travail ou de studio.  Adaptabilit\u00e9 de l&#039;agencement  Les pieds Audibax Neo STM 4 B sont id\u00e9aux pour une grande vari\u00e9t\u00e9 d&#039;appareils, offrant une base de 200x195mm avec une profondeur verticale de 180mm. Cela garantit un maintien stable et s\u00fbr pour votre \u00e9quipement pesant jusqu&#039;\u00e0 15 kg.  Am\u00e9lioration de l&#039;exp\u00e9rience d&#039;\u00e9coute  Avec un angle d&#039;inclinaison de 5\u00b0, ces supports dirigent le son pr\u00e9cis\u00e9ment vers vos oreilles, offrant une exp\u00e9rience d&#039;\u00e9coute optimale pendant que vous travaillez ou \u00e9tudiez.  Construction durable  Fabriqu\u00e9s en m\u00e9tal durable, les supports Audibax Neo STM 4 B offrent une base solide \u00e0 vos appareils audio. Leur finition noire ajoute une touche moderne et \u00e9l\u00e9gante \u00e0 votre espace de travail.\" \/>\n<meta property=\"og:url\" content=\"https:\/\/audibax.com\/fr\/produit\/neo-stm-4b\/\" \/>\n<meta property=\"og:site_name\" content=\"Audibax\" \/>\n<meta property=\"article:modified_time\" content=\"2024-05-23T08:34:25+00:00\" \/>\n<meta property=\"og:image\" content=\"https:\/\/audibax.com\/wp-content\/uploads\/2024\/05\/601Neo-STM-4B-1.png\" \/>\n\t<meta property=\"og:image:width\" content=\"2500\" \/>\n\t<meta property=\"og:image:height\" content=\"1767\" \/>\n\t<meta property=\"og:image:type\" content=\"image\/png\" \/>\n<meta name=\"twitter:card\" content=\"summary_large_image\" \/>\n<meta name=\"twitter:label1\" content=\"Dur\u00e9e de lecture estim\u00e9e\" \/>\n\t<meta name=\"twitter:data1\" content=\"2 minutes\" \/>\n<script type=\"application\/ld+json\" class=\"yoast-schema-graph\">{\"@context\":\"https:\/\/schema.org\",\"@graph\":[{\"@type\":\"WebPage\",\"@id\":\"https:\/\/audibax.com\/fr\/produit\/neo-stm-4b\/\",\"url\":\"https:\/\/audibax.com\/fr\/produit\/neo-stm-4b\/\",\"name\":\"NEO STM 4B - Audibax\",\"isPartOf\":{\"@id\":\"https:\/\/audibax.com\/fr\/#website\"},\"primaryImageOfPage\":{\"@id\":\"https:\/\/audibax.com\/fr\/produit\/neo-stm-4b\/#primaryimage\"},\"image\":{\"@id\":\"https:\/\/audibax.com\/fr\/produit\/neo-stm-4b\/#primaryimage\"},\"thumbnailUrl\":\"https:\/\/audibax.com\/wp-content\/uploads\/2024\/05\/601Neo-STM-4B-1.png\",\"datePublished\":\"2024-05-22T15:59:17+00:00\",\"dateModified\":\"2024-05-23T08:34:25+00:00\",\"breadcrumb\":{\"@id\":\"https:\/\/audibax.com\/fr\/produit\/neo-stm-4b\/#breadcrumb\"},\"inLanguage\":\"fr-FR\",\"potentialAction\":[{\"@type\":\"ReadAction\",\"target\":[\"https:\/\/audibax.com\/fr\/produit\/neo-stm-4b\/\"]}]},{\"@type\":\"ImageObject\",\"inLanguage\":\"fr-FR\",\"@id\":\"https:\/\/audibax.com\/fr\/produit\/neo-stm-4b\/#primaryimage\",\"url\":\"https:\/\/audibax.com\/wp-content\/uploads\/2024\/05\/601Neo-STM-4B-1.png\",\"contentUrl\":\"https:\/\/audibax.com\/wp-content\/uploads\/2024\/05\/601Neo-STM-4B-1.png\",\"width\":2500,\"height\":1767},{\"@type\":\"BreadcrumbList\",\"@id\":\"https:\/\/audibax.com\/fr\/produit\/neo-stm-4b\/#breadcrumb\",\"itemListElement\":[{\"@type\":\"ListItem\",\"position\":1,\"name\":\"Portada\",\"item\":\"https:\/\/audibax.com\/fr\/\"},{\"@type\":\"ListItem\",\"position\":2,\"name\":\"Produits\",\"item\":\"https:\/\/audibax.com\/fr\/shop\/\"},{\"@type\":\"ListItem\",\"position\":3,\"name\":\"NEO STM 4B\"}]},{\"@type\":\"WebSite\",\"@id\":\"https:\/\/audibax.com\/fr\/#website\",\"url\":\"https:\/\/audibax.com\/fr\/\",\"name\":\"Audibax\",\"description\":\"\",\"publisher\":{\"@id\":\"https:\/\/audibax.com\/fr\/#organization\"},\"potentialAction\":[{\"@type\":\"SearchAction\",\"target\":{\"@type\":\"EntryPoint\",\"urlTemplate\":\"https:\/\/audibax.com\/fr\/?s={search_term_string}\"},\"query-input\":{\"@type\":\"PropertyValueSpecification\",\"valueRequired\":true,\"valueName\":\"search_term_string\"}}],\"inLanguage\":\"fr-FR\"},{\"@type\":\"Organization\",\"@id\":\"https:\/\/audibax.com\/fr\/#organization\",\"name\":\"Audibax\",\"url\":\"https:\/\/audibax.com\/fr\/\",\"logo\":{\"@type\":\"ImageObject\",\"inLanguage\":\"fr-FR\",\"@id\":\"https:\/\/audibax.com\/fr\/#\/schema\/logo\/image\/\",\"url\":\"https:\/\/audibax.com\/wp-content\/uploads\/2023\/09\/logo-Audibax-BLANCO-SVG-1.svg\",\"contentUrl\":\"https:\/\/audibax.com\/wp-content\/uploads\/2023\/09\/logo-Audibax-BLANCO-SVG-1.svg\",\"caption\":\"Audibax\"},\"image\":{\"@id\":\"https:\/\/audibax.com\/fr\/#\/schema\/logo\/image\/\"}}]}<\/script>\n<!-- \/ Yoast SEO plugin. -->","yoast_head_json":{"title":"NEO STM 4B - Audibax","robots":{"index":"index","follow":"follow","max-snippet":"max-snippet:-1","max-image-preview":"max-image-preview:large","max-video-preview":"max-video-preview:-1"},"canonical":"https:\/\/audibax.com\/fr\/produit\/neo-stm-4b\/","og_locale":"fr_FR","og_type":"article","og_title":"NEO STM 4B - Audibax","og_description":"Audibax Neo STM 4B Supports de table pour moniteurs et enceintes de studio (paire)  Am\u00e9liorez votre exp\u00e9rience d'\u00e9coute avec les supports Audibax Neo STM 4B. Ces supports de table polyvalents offrent une solution robuste et \u00e9l\u00e9gante pour vos appareils audio, ajoutant une touche d'\u00e9l\u00e9gance \u00e0 votre environnement de travail ou de studio.  Adaptabilit\u00e9 de l'agencement  Les pieds Audibax Neo STM 4 B sont id\u00e9aux pour une grande vari\u00e9t\u00e9 d'appareils, offrant une base de 200x195mm avec une profondeur verticale de 180mm. Cela garantit un maintien stable et s\u00fbr pour votre \u00e9quipement pesant jusqu'\u00e0 15 kg.  Am\u00e9lioration de l'exp\u00e9rience d'\u00e9coute  Avec un angle d'inclinaison de 5\u00b0, ces supports dirigent le son pr\u00e9cis\u00e9ment vers vos oreilles, offrant une exp\u00e9rience d'\u00e9coute optimale pendant que vous travaillez ou \u00e9tudiez.  Construction durable  Fabriqu\u00e9s en m\u00e9tal durable, les supports Audibax Neo STM 4 B offrent une base solide \u00e0 vos appareils audio. Leur finition noire ajoute une touche moderne et \u00e9l\u00e9gante \u00e0 votre espace de travail.","og_url":"https:\/\/audibax.com\/fr\/produit\/neo-stm-4b\/","og_site_name":"Audibax","article_modified_time":"2024-05-23T08:34:25+00:00","og_image":[{"width":2500,"height":1767,"url":"https:\/\/audibax.com\/wp-content\/uploads\/2024\/05\/601Neo-STM-4B-1.png","type":"image\/png"}],"twitter_card":"summary_large_image","twitter_misc":{"Dur\u00e9e de lecture estim\u00e9e":"2 minutes"},"schema":{"@context":"https:\/\/schema.org","@graph":[{"@type":"WebPage","@id":"https:\/\/audibax.com\/fr\/produit\/neo-stm-4b\/","url":"https:\/\/audibax.com\/fr\/produit\/neo-stm-4b\/","name":"NEO STM 4B - Audibax","isPartOf":{"@id":"https:\/\/audibax.com\/fr\/#website"},"primaryImageOfPage":{"@id":"https:\/\/audibax.com\/fr\/produit\/neo-stm-4b\/#primaryimage"},"image":{"@id":"https:\/\/audibax.com\/fr\/produit\/neo-stm-4b\/#primaryimage"},"thumbnailUrl":"https:\/\/audibax.com\/wp-content\/uploads\/2024\/05\/601Neo-STM-4B-1.png","datePublished":"2024-05-22T15:59:17+00:00","dateModified":"2024-05-23T08:34:25+00:00","breadcrumb":{"@id":"https:\/\/audibax.com\/fr\/produit\/neo-stm-4b\/#breadcrumb"},"inLanguage":"fr-FR","potentialAction":[{"@type":"ReadAction","target":["https:\/\/audibax.com\/fr\/produit\/neo-stm-4b\/"]}]},{"@type":"ImageObject","inLanguage":"fr-FR","@id":"https:\/\/audibax.com\/fr\/produit\/neo-stm-4b\/#primaryimage","url":"https:\/\/audibax.com\/wp-content\/uploads\/2024\/05\/601Neo-STM-4B-1.png","contentUrl":"https:\/\/audibax.com\/wp-content\/uploads\/2024\/05\/601Neo-STM-4B-1.png","width":2500,"height":1767},{"@type":"BreadcrumbList","@id":"https:\/\/audibax.com\/fr\/produit\/neo-stm-4b\/#breadcrumb","itemListElement":[{"@type":"ListItem","position":1,"name":"Portada","item":"https:\/\/audibax.com\/fr\/"},{"@type":"ListItem","position":2,"name":"Produits","item":"https:\/\/audibax.com\/fr\/shop\/"},{"@type":"ListItem","position":3,"name":"NEO STM 4B"}]},{"@type":"WebSite","@id":"https:\/\/audibax.com\/fr\/#website","url":"https:\/\/audibax.com\/fr\/","name":"Audibax","description":"","publisher":{"@id":"https:\/\/audibax.com\/fr\/#organization"},"potentialAction":[{"@type":"SearchAction","target":{"@type":"EntryPoint","urlTemplate":"https:\/\/audibax.com\/fr\/?s={search_term_string}"},"query-input":{"@type":"PropertyValueSpecification","valueRequired":true,"valueName":"search_term_string"}}],"inLanguage":"fr-FR"},{"@type":"Organization","@id":"https:\/\/audibax.com\/fr\/#organization","name":"Audibax","url":"https:\/\/audibax.com\/fr\/","logo":{"@type":"ImageObject","inLanguage":"fr-FR","@id":"https:\/\/audibax.com\/fr\/#\/schema\/logo\/image\/","url":"https:\/\/audibax.com\/wp-content\/uploads\/2023\/09\/logo-Audibax-BLANCO-SVG-1.svg","contentUrl":"https:\/\/audibax.com\/wp-content\/uploads\/2023\/09\/logo-Audibax-BLANCO-SVG-1.svg","caption":"Audibax"},"image":{"@id":"https:\/\/audibax.com\/fr\/#\/schema\/logo\/image\/"}}]}},"_links":{"self":[{"href":"https:\/\/audibax.com\/fr\/wp-json\/wp\/v2\/product\/43215","targetHints":{"allow":["GET"]}}],"collection":[{"href":"https:\/\/audibax.com\/fr\/wp-json\/wp\/v2\/product"}],"about":[{"href":"https:\/\/audibax.com\/fr\/wp-json\/wp\/v2\/types\/product"}],"replies":[{"embeddable":true,"href":"https:\/\/audibax.com\/fr\/wp-json\/wp\/v2\/comments?post=43215"}],"wp:featuredmedia":[{"embeddable":true,"href":"https:\/\/audibax.com\/fr\/wp-json\/wp\/v2\/media\/43186"}],"wp:attachment":[{"href":"https:\/\/audibax.com\/fr\/wp-json\/wp\/v2\/media?parent=43215"}],"wp:term":[{"taxonomy":"product_cat","embeddable":true,"href":"https:\/\/audibax.com\/fr\/wp-json\/wp\/v2\/product_cat?post=43215"},{"taxonomy":"product_tag","embeddable":true,"href":"https:\/\/audibax.com\/fr\/wp-json\/wp\/v2\/product_tag?post=43215"}],"curies":[{"name":"wp","href":"https:\/\/api.w.org\/{rel}","templated":true}]}}