{"id":43095,"date":"2024-05-22T17:28:31","date_gmt":"2024-05-22T15:28:31","guid":{"rendered":"https:\/\/audibax.com\/?post_type=product&#038;p=43095"},"modified":"2024-05-23T10:05:41","modified_gmt":"2024-05-23T08:05:41","slug":"neo-stm-2w","status":"publish","type":"product","link":"https:\/\/audibax.com\/fr\/produit\/neo-stm-2w\/","title":{"rendered":"NEO STM 2W"},"content":{"rendered":"<p><strong>Audibax Neo STM 2W Studio Monitor &amp; Speaker Table Stands (Pair)<\/strong><\/p>\n<p>Si votre vie tourne autour du studio, il n&rsquo;y a rien de mieux que d&rsquo;avoir une installation parfaite. Les Audibax Neo STM 2W sont les supports de moniteurs dont vous avez besoin pour tirer le meilleur parti de vos moniteurs, obtenir le son le plus clair possible et le look le plus professionnel.<\/p>\n<p><strong>Un design parfait<\/strong><\/p>\n<p>Ces supports vous permettront de positionner vos moniteurs aussi bien verticalement qu&rsquo;horizontalement et leur conception lin\u00e9aire vous aidera \u00e0 ranger votre bureau et \u00e0 \u00e9conomiser de l&rsquo;espace.<\/p>\n<p>Leur l\u00e9g\u00e8re inclinaison permet de projeter le son provenant des moniteurs directement dans la zone de l&rsquo;oreille, ce qui vous permet de b\u00e9n\u00e9ficier de la meilleure qualit\u00e9 sonore possible.<\/p>\n<p><strong>Robustes et s\u00fbrs<\/strong><\/p>\n<p>Les supports Audibax Neo STM 2W sont fabriqu\u00e9s en m\u00e9tal, ce qui les rend totalement r\u00e9sistants et stables pour garantir la s\u00e9curit\u00e9 de vos moniteurs.<\/p>\n<p>Finition : blanc<br \/>\nPoids support\u00e9 : 15 kg<br \/>\nType de support : Bureau<br \/>\nPlate-forme de support : 90x151mm<br \/>\nDegr\u00e9s d&rsquo;inclinaison : 15<br \/>\nFinition du mat\u00e9riau : M\u00e9tal<br \/>\nPoids net : 0.85Kg\/paire approx.<br \/>\nFourni par paire<\/p>\n","protected":false},"excerpt":{"rendered":"<p><strong>Audibax Neo STM 2W Studio Monitor &amp; Speaker Table Stands (Pair)<\/strong><\/p>\n<p>Si votre vie tourne autour du studio, il n&rsquo;y a rien de mieux que d&rsquo;avoir une installation parfaite. Les Audibax Neo STM 2W sont les supports de moniteurs dont vous avez besoin pour tirer le meilleur parti de vos moniteurs, obtenir le son le plus clair possible et le look le plus professionnel.<\/p>\n<p><strong>Un design parfait<\/strong><\/p>\n<p>Ces supports vous permettront de positionner vos moniteurs aussi bien verticalement qu&rsquo;horizontalement et leur conception lin\u00e9aire vous aidera \u00e0 ranger votre bureau et \u00e0 \u00e9conomiser de l&rsquo;espace.<\/p>\n<p>Leur l\u00e9g\u00e8re inclinaison permet de projeter le son provenant des moniteurs directement dans la zone de l&rsquo;oreille, ce qui vous permet de b\u00e9n\u00e9ficier de la meilleure qualit\u00e9 sonore possible.<\/p>\n<p><strong>Robustes et s\u00fbrs<\/strong><\/p>\n<p>Les supports Audibax Neo STM 2W sont fabriqu\u00e9s en m\u00e9tal, ce qui les rend totalement r\u00e9sistants et stables pour garantir la s\u00e9curit\u00e9 de vos moniteurs.<\/p>\n","protected":false},"featured_media":43074,"comment_status":"open","ping_status":"closed","template":"","meta":{"_acf_changed":false},"product_cat":[425,447],"product_tag":[],"class_list":{"0":"post-43095","1":"product","2":"type-product","3":"status-publish","4":"has-post-thumbnail","6":"product_cat-stands-fr","7":"product_cat-supports-de-moniteurs-de-studio","9":"first","10":"instock","11":"shipping-taxable","12":"product-type-simple"},"acf":[],"yoast_head":"<!-- This site is optimized with the Yoast SEO plugin v27.0 - https:\/\/yoast.com\/product\/yoast-seo-wordpress\/ -->\n<title>NEO STM 2W - Audibax<\/title>\n<meta name=\"robots\" content=\"index, follow, max-snippet:-1, max-image-preview:large, max-video-preview:-1\" \/>\n<link rel=\"canonical\" href=\"https:\/\/audibax.com\/fr\/produit\/neo-stm-2w\/\" \/>\n<meta property=\"og:locale\" content=\"fr_FR\" \/>\n<meta property=\"og:type\" content=\"article\" \/>\n<meta property=\"og:title\" content=\"NEO STM 2W - Audibax\" \/>\n<meta property=\"og:description\" content=\"Audibax Neo STM 2W Studio Monitor &amp; Speaker Table Stands (Pair)  Si votre vie tourne autour du studio, il n&#039;y a rien de mieux que d&#039;avoir une installation parfaite. Les Audibax Neo STM 2W sont les supports de moniteurs dont vous avez besoin pour tirer le meilleur parti de vos moniteurs, obtenir le son le plus clair possible et le look le plus professionnel.  Un design parfait  Ces supports vous permettront de positionner vos moniteurs aussi bien verticalement qu&#039;horizontalement et leur conception lin\u00e9aire vous aidera \u00e0 ranger votre bureau et \u00e0 \u00e9conomiser de l&#039;espace.  Leur l\u00e9g\u00e8re inclinaison permet de projeter le son provenant des moniteurs directement dans la zone de l&#039;oreille, ce qui vous permet de b\u00e9n\u00e9ficier de la meilleure qualit\u00e9 sonore possible.  Robustes et s\u00fbrs  Les supports Audibax Neo STM 2W sont fabriqu\u00e9s en m\u00e9tal, ce qui les rend totalement r\u00e9sistants et stables pour garantir la s\u00e9curit\u00e9 de vos moniteurs.\" \/>\n<meta property=\"og:url\" content=\"https:\/\/audibax.com\/fr\/produit\/neo-stm-2w\/\" \/>\n<meta property=\"og:site_name\" content=\"Audibax\" \/>\n<meta property=\"article:modified_time\" content=\"2024-05-23T08:05:41+00:00\" \/>\n<meta property=\"og:image\" content=\"https:\/\/audibax.com\/wp-content\/uploads\/2024\/05\/600A\uff08Neo-STM-2W\uff09-1.png\" \/>\n\t<meta property=\"og:image:width\" content=\"2500\" \/>\n\t<meta property=\"og:image:height\" content=\"1767\" \/>\n\t<meta property=\"og:image:type\" content=\"image\/png\" \/>\n<meta name=\"twitter:card\" content=\"summary_large_image\" \/>\n<meta name=\"twitter:label1\" content=\"Dur\u00e9e de lecture estim\u00e9e\" \/>\n\t<meta name=\"twitter:data1\" content=\"1 minute\" \/>\n<script type=\"application\/ld+json\" class=\"yoast-schema-graph\">{\"@context\":\"https:\/\/schema.org\",\"@graph\":[{\"@type\":\"WebPage\",\"@id\":\"https:\/\/audibax.com\/fr\/produit\/neo-stm-2w\/\",\"url\":\"https:\/\/audibax.com\/fr\/produit\/neo-stm-2w\/\",\"name\":\"NEO STM 2W - Audibax\",\"isPartOf\":{\"@id\":\"https:\/\/audibax.com\/fr\/#website\"},\"primaryImageOfPage\":{\"@id\":\"https:\/\/audibax.com\/fr\/produit\/neo-stm-2w\/#primaryimage\"},\"image\":{\"@id\":\"https:\/\/audibax.com\/fr\/produit\/neo-stm-2w\/#primaryimage\"},\"thumbnailUrl\":\"https:\/\/audibax.com\/wp-content\/uploads\/2024\/05\/600A\uff08Neo-STM-2W\uff09-1.png\",\"datePublished\":\"2024-05-22T15:28:31+00:00\",\"dateModified\":\"2024-05-23T08:05:41+00:00\",\"breadcrumb\":{\"@id\":\"https:\/\/audibax.com\/fr\/produit\/neo-stm-2w\/#breadcrumb\"},\"inLanguage\":\"fr-FR\",\"potentialAction\":[{\"@type\":\"ReadAction\",\"target\":[\"https:\/\/audibax.com\/fr\/produit\/neo-stm-2w\/\"]}]},{\"@type\":\"ImageObject\",\"inLanguage\":\"fr-FR\",\"@id\":\"https:\/\/audibax.com\/fr\/produit\/neo-stm-2w\/#primaryimage\",\"url\":\"https:\/\/audibax.com\/wp-content\/uploads\/2024\/05\/600A\uff08Neo-STM-2W\uff09-1.png\",\"contentUrl\":\"https:\/\/audibax.com\/wp-content\/uploads\/2024\/05\/600A\uff08Neo-STM-2W\uff09-1.png\",\"width\":2500,\"height\":1767},{\"@type\":\"BreadcrumbList\",\"@id\":\"https:\/\/audibax.com\/fr\/produit\/neo-stm-2w\/#breadcrumb\",\"itemListElement\":[{\"@type\":\"ListItem\",\"position\":1,\"name\":\"Portada\",\"item\":\"https:\/\/audibax.com\/fr\/\"},{\"@type\":\"ListItem\",\"position\":2,\"name\":\"Produits\",\"item\":\"https:\/\/audibax.com\/fr\/shop\/\"},{\"@type\":\"ListItem\",\"position\":3,\"name\":\"NEO STM 2W\"}]},{\"@type\":\"WebSite\",\"@id\":\"https:\/\/audibax.com\/fr\/#website\",\"url\":\"https:\/\/audibax.com\/fr\/\",\"name\":\"Audibax\",\"description\":\"\",\"publisher\":{\"@id\":\"https:\/\/audibax.com\/fr\/#organization\"},\"potentialAction\":[{\"@type\":\"SearchAction\",\"target\":{\"@type\":\"EntryPoint\",\"urlTemplate\":\"https:\/\/audibax.com\/fr\/?s={search_term_string}\"},\"query-input\":{\"@type\":\"PropertyValueSpecification\",\"valueRequired\":true,\"valueName\":\"search_term_string\"}}],\"inLanguage\":\"fr-FR\"},{\"@type\":\"Organization\",\"@id\":\"https:\/\/audibax.com\/fr\/#organization\",\"name\":\"Audibax\",\"url\":\"https:\/\/audibax.com\/fr\/\",\"logo\":{\"@type\":\"ImageObject\",\"inLanguage\":\"fr-FR\",\"@id\":\"https:\/\/audibax.com\/fr\/#\/schema\/logo\/image\/\",\"url\":\"https:\/\/audibax.com\/wp-content\/uploads\/2023\/09\/logo-Audibax-BLANCO-SVG-1.svg\",\"contentUrl\":\"https:\/\/audibax.com\/wp-content\/uploads\/2023\/09\/logo-Audibax-BLANCO-SVG-1.svg\",\"caption\":\"Audibax\"},\"image\":{\"@id\":\"https:\/\/audibax.com\/fr\/#\/schema\/logo\/image\/\"}}]}<\/script>\n<!-- \/ Yoast SEO plugin. -->","yoast_head_json":{"title":"NEO STM 2W - Audibax","robots":{"index":"index","follow":"follow","max-snippet":"max-snippet:-1","max-image-preview":"max-image-preview:large","max-video-preview":"max-video-preview:-1"},"canonical":"https:\/\/audibax.com\/fr\/produit\/neo-stm-2w\/","og_locale":"fr_FR","og_type":"article","og_title":"NEO STM 2W - Audibax","og_description":"Audibax Neo STM 2W Studio Monitor &amp; Speaker Table Stands (Pair)  Si votre vie tourne autour du studio, il n'y a rien de mieux que d'avoir une installation parfaite. Les Audibax Neo STM 2W sont les supports de moniteurs dont vous avez besoin pour tirer le meilleur parti de vos moniteurs, obtenir le son le plus clair possible et le look le plus professionnel.  Un design parfait  Ces supports vous permettront de positionner vos moniteurs aussi bien verticalement qu'horizontalement et leur conception lin\u00e9aire vous aidera \u00e0 ranger votre bureau et \u00e0 \u00e9conomiser de l'espace.  Leur l\u00e9g\u00e8re inclinaison permet de projeter le son provenant des moniteurs directement dans la zone de l'oreille, ce qui vous permet de b\u00e9n\u00e9ficier de la meilleure qualit\u00e9 sonore possible.  Robustes et s\u00fbrs  Les supports Audibax Neo STM 2W sont fabriqu\u00e9s en m\u00e9tal, ce qui les rend totalement r\u00e9sistants et stables pour garantir la s\u00e9curit\u00e9 de vos moniteurs.","og_url":"https:\/\/audibax.com\/fr\/produit\/neo-stm-2w\/","og_site_name":"Audibax","article_modified_time":"2024-05-23T08:05:41+00:00","og_image":[{"width":2500,"height":1767,"url":"https:\/\/audibax.com\/wp-content\/uploads\/2024\/05\/600A\uff08Neo-STM-2W\uff09-1.png","type":"image\/png"}],"twitter_card":"summary_large_image","twitter_misc":{"Dur\u00e9e de lecture estim\u00e9e":"1 minute"},"schema":{"@context":"https:\/\/schema.org","@graph":[{"@type":"WebPage","@id":"https:\/\/audibax.com\/fr\/produit\/neo-stm-2w\/","url":"https:\/\/audibax.com\/fr\/produit\/neo-stm-2w\/","name":"NEO STM 2W - Audibax","isPartOf":{"@id":"https:\/\/audibax.com\/fr\/#website"},"primaryImageOfPage":{"@id":"https:\/\/audibax.com\/fr\/produit\/neo-stm-2w\/#primaryimage"},"image":{"@id":"https:\/\/audibax.com\/fr\/produit\/neo-stm-2w\/#primaryimage"},"thumbnailUrl":"https:\/\/audibax.com\/wp-content\/uploads\/2024\/05\/600A\uff08Neo-STM-2W\uff09-1.png","datePublished":"2024-05-22T15:28:31+00:00","dateModified":"2024-05-23T08:05:41+00:00","breadcrumb":{"@id":"https:\/\/audibax.com\/fr\/produit\/neo-stm-2w\/#breadcrumb"},"inLanguage":"fr-FR","potentialAction":[{"@type":"ReadAction","target":["https:\/\/audibax.com\/fr\/produit\/neo-stm-2w\/"]}]},{"@type":"ImageObject","inLanguage":"fr-FR","@id":"https:\/\/audibax.com\/fr\/produit\/neo-stm-2w\/#primaryimage","url":"https:\/\/audibax.com\/wp-content\/uploads\/2024\/05\/600A\uff08Neo-STM-2W\uff09-1.png","contentUrl":"https:\/\/audibax.com\/wp-content\/uploads\/2024\/05\/600A\uff08Neo-STM-2W\uff09-1.png","width":2500,"height":1767},{"@type":"BreadcrumbList","@id":"https:\/\/audibax.com\/fr\/produit\/neo-stm-2w\/#breadcrumb","itemListElement":[{"@type":"ListItem","position":1,"name":"Portada","item":"https:\/\/audibax.com\/fr\/"},{"@type":"ListItem","position":2,"name":"Produits","item":"https:\/\/audibax.com\/fr\/shop\/"},{"@type":"ListItem","position":3,"name":"NEO STM 2W"}]},{"@type":"WebSite","@id":"https:\/\/audibax.com\/fr\/#website","url":"https:\/\/audibax.com\/fr\/","name":"Audibax","description":"","publisher":{"@id":"https:\/\/audibax.com\/fr\/#organization"},"potentialAction":[{"@type":"SearchAction","target":{"@type":"EntryPoint","urlTemplate":"https:\/\/audibax.com\/fr\/?s={search_term_string}"},"query-input":{"@type":"PropertyValueSpecification","valueRequired":true,"valueName":"search_term_string"}}],"inLanguage":"fr-FR"},{"@type":"Organization","@id":"https:\/\/audibax.com\/fr\/#organization","name":"Audibax","url":"https:\/\/audibax.com\/fr\/","logo":{"@type":"ImageObject","inLanguage":"fr-FR","@id":"https:\/\/audibax.com\/fr\/#\/schema\/logo\/image\/","url":"https:\/\/audibax.com\/wp-content\/uploads\/2023\/09\/logo-Audibax-BLANCO-SVG-1.svg","contentUrl":"https:\/\/audibax.com\/wp-content\/uploads\/2023\/09\/logo-Audibax-BLANCO-SVG-1.svg","caption":"Audibax"},"image":{"@id":"https:\/\/audibax.com\/fr\/#\/schema\/logo\/image\/"}}]}},"_links":{"self":[{"href":"https:\/\/audibax.com\/fr\/wp-json\/wp\/v2\/product\/43095","targetHints":{"allow":["GET"]}}],"collection":[{"href":"https:\/\/audibax.com\/fr\/wp-json\/wp\/v2\/product"}],"about":[{"href":"https:\/\/audibax.com\/fr\/wp-json\/wp\/v2\/types\/product"}],"replies":[{"embeddable":true,"href":"https:\/\/audibax.com\/fr\/wp-json\/wp\/v2\/comments?post=43095"}],"wp:featuredmedia":[{"embeddable":true,"href":"https:\/\/audibax.com\/fr\/wp-json\/wp\/v2\/media\/43074"}],"wp:attachment":[{"href":"https:\/\/audibax.com\/fr\/wp-json\/wp\/v2\/media?parent=43095"}],"wp:term":[{"taxonomy":"product_cat","embeddable":true,"href":"https:\/\/audibax.com\/fr\/wp-json\/wp\/v2\/product_cat?post=43095"},{"taxonomy":"product_tag","embeddable":true,"href":"https:\/\/audibax.com\/fr\/wp-json\/wp\/v2\/product_tag?post=43095"}],"curies":[{"name":"wp","href":"https:\/\/api.w.org\/{rel}","templated":true}]}}