{"id":42589,"date":"2024-05-22T09:56:57","date_gmt":"2024-05-22T07:56:57","guid":{"rendered":"https:\/\/audibax.com\/?post_type=product&#038;p=42589"},"modified":"2024-05-22T10:00:39","modified_gmt":"2024-05-22T08:00:39","slug":"tg1","status":"publish","type":"product","link":"https:\/\/audibax.com\/fr\/produit\/tg1\/","title":{"rendered":"TG1"},"content":{"rendered":"<p>Absorption pour optimiser l&rsquo;acoustique de la pi\u00e8ce<br \/>\nAbsorbe les ondes sonores de basse fr\u00e9quence<br \/>\nMat\u00e9riau : mousse de polyur\u00e9thane<br \/>\nDensit\u00e9 : 25,0 kg\/m\u00b3 \u00b15%.<br \/>\nDimensions : 600 x 370 x 370 mm (H x L x P)<br \/>\nCouleur : Gris<br \/>\nL&rsquo;ensemble comprend 2 pi\u00e8ces<\/p>\n","protected":false},"excerpt":{"rendered":"<p>Absorption pour optimiser l&rsquo;acoustique de la pi\u00e8ce<br \/>\nAbsorbe les ondes sonores de basse fr\u00e9quence<br \/>\nMat\u00e9riau : mousse de polyur\u00e9thane<br \/>\nDensit\u00e9 : 25,0 kg\/m\u00b3 \u00b15%.<br \/>\nDimensions : 600 x 370 x 370 mm (H x L x P)<br \/>\nCouleur : Gris<br \/>\nL&rsquo;ensemble comprend 2 pi\u00e8ces<\/p>\n","protected":false},"featured_media":42572,"comment_status":"open","ping_status":"closed","template":"","meta":{"_acf_changed":false},"product_cat":[425,447],"product_tag":[],"class_list":{"0":"post-42589","1":"product","2":"type-product","3":"status-publish","4":"has-post-thumbnail","6":"product_cat-stands-fr","7":"product_cat-supports-de-moniteurs-de-studio","9":"first","10":"instock","11":"shipping-taxable","12":"product-type-simple"},"acf":[],"yoast_head":"<!-- This site is optimized with the Yoast SEO plugin v27.0 - https:\/\/yoast.com\/product\/yoast-seo-wordpress\/ -->\n<title>TG1 - Audibax<\/title>\n<meta name=\"robots\" content=\"index, follow, max-snippet:-1, max-image-preview:large, max-video-preview:-1\" \/>\n<link rel=\"canonical\" href=\"https:\/\/audibax.com\/fr\/produit\/tg1\/\" \/>\n<meta property=\"og:locale\" content=\"fr_FR\" \/>\n<meta property=\"og:type\" content=\"article\" \/>\n<meta property=\"og:title\" content=\"TG1 - Audibax\" \/>\n<meta property=\"og:description\" content=\"Absorption pour optimiser l&#039;acoustique de la pi\u00e8ce Absorbe les ondes sonores de basse fr\u00e9quence Mat\u00e9riau : mousse de polyur\u00e9thane Densit\u00e9 : 25,0 kg\/m\u00b3 \u00b15%. Dimensions : 600 x 370 x 370 mm (H x L x P) Couleur : Gris L&#039;ensemble comprend 2 pi\u00e8ces\" \/>\n<meta property=\"og:url\" content=\"https:\/\/audibax.com\/fr\/produit\/tg1\/\" \/>\n<meta property=\"og:site_name\" content=\"Audibax\" \/>\n<meta property=\"article:modified_time\" content=\"2024-05-22T08:00:39+00:00\" \/>\n<meta property=\"og:image\" content=\"https:\/\/audibax.com\/wp-content\/uploads\/2024\/05\/TG1-1-1024x1024.png\" \/>\n\t<meta property=\"og:image:width\" content=\"1024\" \/>\n\t<meta property=\"og:image:height\" content=\"1024\" \/>\n\t<meta property=\"og:image:type\" content=\"image\/png\" \/>\n<meta name=\"twitter:card\" content=\"summary_large_image\" \/>\n<meta name=\"twitter:label1\" content=\"Dur\u00e9e de lecture estim\u00e9e\" \/>\n\t<meta name=\"twitter:data1\" content=\"1 minute\" \/>\n<script type=\"application\/ld+json\" class=\"yoast-schema-graph\">{\"@context\":\"https:\/\/schema.org\",\"@graph\":[{\"@type\":\"WebPage\",\"@id\":\"https:\/\/audibax.com\/fr\/produit\/tg1\/\",\"url\":\"https:\/\/audibax.com\/fr\/produit\/tg1\/\",\"name\":\"TG1 - Audibax\",\"isPartOf\":{\"@id\":\"https:\/\/audibax.com\/fr\/#website\"},\"primaryImageOfPage\":{\"@id\":\"https:\/\/audibax.com\/fr\/produit\/tg1\/#primaryimage\"},\"image\":{\"@id\":\"https:\/\/audibax.com\/fr\/produit\/tg1\/#primaryimage\"},\"thumbnailUrl\":\"https:\/\/audibax.com\/wp-content\/uploads\/2024\/05\/TG1-1.png\",\"datePublished\":\"2024-05-22T07:56:57+00:00\",\"dateModified\":\"2024-05-22T08:00:39+00:00\",\"breadcrumb\":{\"@id\":\"https:\/\/audibax.com\/fr\/produit\/tg1\/#breadcrumb\"},\"inLanguage\":\"fr-FR\",\"potentialAction\":[{\"@type\":\"ReadAction\",\"target\":[\"https:\/\/audibax.com\/fr\/produit\/tg1\/\"]}]},{\"@type\":\"ImageObject\",\"inLanguage\":\"fr-FR\",\"@id\":\"https:\/\/audibax.com\/fr\/produit\/tg1\/#primaryimage\",\"url\":\"https:\/\/audibax.com\/wp-content\/uploads\/2024\/05\/TG1-1.png\",\"contentUrl\":\"https:\/\/audibax.com\/wp-content\/uploads\/2024\/05\/TG1-1.png\",\"width\":2000,\"height\":2000},{\"@type\":\"BreadcrumbList\",\"@id\":\"https:\/\/audibax.com\/fr\/produit\/tg1\/#breadcrumb\",\"itemListElement\":[{\"@type\":\"ListItem\",\"position\":1,\"name\":\"Portada\",\"item\":\"https:\/\/audibax.com\/fr\/\"},{\"@type\":\"ListItem\",\"position\":2,\"name\":\"Produits\",\"item\":\"https:\/\/audibax.com\/fr\/shop\/\"},{\"@type\":\"ListItem\",\"position\":3,\"name\":\"TG1\"}]},{\"@type\":\"WebSite\",\"@id\":\"https:\/\/audibax.com\/fr\/#website\",\"url\":\"https:\/\/audibax.com\/fr\/\",\"name\":\"Audibax\",\"description\":\"\",\"publisher\":{\"@id\":\"https:\/\/audibax.com\/fr\/#organization\"},\"potentialAction\":[{\"@type\":\"SearchAction\",\"target\":{\"@type\":\"EntryPoint\",\"urlTemplate\":\"https:\/\/audibax.com\/fr\/?s={search_term_string}\"},\"query-input\":{\"@type\":\"PropertyValueSpecification\",\"valueRequired\":true,\"valueName\":\"search_term_string\"}}],\"inLanguage\":\"fr-FR\"},{\"@type\":\"Organization\",\"@id\":\"https:\/\/audibax.com\/fr\/#organization\",\"name\":\"Audibax\",\"url\":\"https:\/\/audibax.com\/fr\/\",\"logo\":{\"@type\":\"ImageObject\",\"inLanguage\":\"fr-FR\",\"@id\":\"https:\/\/audibax.com\/fr\/#\/schema\/logo\/image\/\",\"url\":\"https:\/\/audibax.com\/wp-content\/uploads\/2023\/09\/logo-Audibax-BLANCO-SVG-1.svg\",\"contentUrl\":\"https:\/\/audibax.com\/wp-content\/uploads\/2023\/09\/logo-Audibax-BLANCO-SVG-1.svg\",\"caption\":\"Audibax\"},\"image\":{\"@id\":\"https:\/\/audibax.com\/fr\/#\/schema\/logo\/image\/\"}}]}<\/script>\n<!-- \/ Yoast SEO plugin. -->","yoast_head_json":{"title":"TG1 - Audibax","robots":{"index":"index","follow":"follow","max-snippet":"max-snippet:-1","max-image-preview":"max-image-preview:large","max-video-preview":"max-video-preview:-1"},"canonical":"https:\/\/audibax.com\/fr\/produit\/tg1\/","og_locale":"fr_FR","og_type":"article","og_title":"TG1 - Audibax","og_description":"Absorption pour optimiser l'acoustique de la pi\u00e8ce Absorbe les ondes sonores de basse fr\u00e9quence Mat\u00e9riau : mousse de polyur\u00e9thane Densit\u00e9 : 25,0 kg\/m\u00b3 \u00b15%. Dimensions : 600 x 370 x 370 mm (H x L x P) Couleur : Gris L'ensemble comprend 2 pi\u00e8ces","og_url":"https:\/\/audibax.com\/fr\/produit\/tg1\/","og_site_name":"Audibax","article_modified_time":"2024-05-22T08:00:39+00:00","og_image":[{"width":1024,"height":1024,"url":"https:\/\/audibax.com\/wp-content\/uploads\/2024\/05\/TG1-1-1024x1024.png","type":"image\/png"}],"twitter_card":"summary_large_image","twitter_misc":{"Dur\u00e9e de lecture estim\u00e9e":"1 minute"},"schema":{"@context":"https:\/\/schema.org","@graph":[{"@type":"WebPage","@id":"https:\/\/audibax.com\/fr\/produit\/tg1\/","url":"https:\/\/audibax.com\/fr\/produit\/tg1\/","name":"TG1 - Audibax","isPartOf":{"@id":"https:\/\/audibax.com\/fr\/#website"},"primaryImageOfPage":{"@id":"https:\/\/audibax.com\/fr\/produit\/tg1\/#primaryimage"},"image":{"@id":"https:\/\/audibax.com\/fr\/produit\/tg1\/#primaryimage"},"thumbnailUrl":"https:\/\/audibax.com\/wp-content\/uploads\/2024\/05\/TG1-1.png","datePublished":"2024-05-22T07:56:57+00:00","dateModified":"2024-05-22T08:00:39+00:00","breadcrumb":{"@id":"https:\/\/audibax.com\/fr\/produit\/tg1\/#breadcrumb"},"inLanguage":"fr-FR","potentialAction":[{"@type":"ReadAction","target":["https:\/\/audibax.com\/fr\/produit\/tg1\/"]}]},{"@type":"ImageObject","inLanguage":"fr-FR","@id":"https:\/\/audibax.com\/fr\/produit\/tg1\/#primaryimage","url":"https:\/\/audibax.com\/wp-content\/uploads\/2024\/05\/TG1-1.png","contentUrl":"https:\/\/audibax.com\/wp-content\/uploads\/2024\/05\/TG1-1.png","width":2000,"height":2000},{"@type":"BreadcrumbList","@id":"https:\/\/audibax.com\/fr\/produit\/tg1\/#breadcrumb","itemListElement":[{"@type":"ListItem","position":1,"name":"Portada","item":"https:\/\/audibax.com\/fr\/"},{"@type":"ListItem","position":2,"name":"Produits","item":"https:\/\/audibax.com\/fr\/shop\/"},{"@type":"ListItem","position":3,"name":"TG1"}]},{"@type":"WebSite","@id":"https:\/\/audibax.com\/fr\/#website","url":"https:\/\/audibax.com\/fr\/","name":"Audibax","description":"","publisher":{"@id":"https:\/\/audibax.com\/fr\/#organization"},"potentialAction":[{"@type":"SearchAction","target":{"@type":"EntryPoint","urlTemplate":"https:\/\/audibax.com\/fr\/?s={search_term_string}"},"query-input":{"@type":"PropertyValueSpecification","valueRequired":true,"valueName":"search_term_string"}}],"inLanguage":"fr-FR"},{"@type":"Organization","@id":"https:\/\/audibax.com\/fr\/#organization","name":"Audibax","url":"https:\/\/audibax.com\/fr\/","logo":{"@type":"ImageObject","inLanguage":"fr-FR","@id":"https:\/\/audibax.com\/fr\/#\/schema\/logo\/image\/","url":"https:\/\/audibax.com\/wp-content\/uploads\/2023\/09\/logo-Audibax-BLANCO-SVG-1.svg","contentUrl":"https:\/\/audibax.com\/wp-content\/uploads\/2023\/09\/logo-Audibax-BLANCO-SVG-1.svg","caption":"Audibax"},"image":{"@id":"https:\/\/audibax.com\/fr\/#\/schema\/logo\/image\/"}}]}},"_links":{"self":[{"href":"https:\/\/audibax.com\/fr\/wp-json\/wp\/v2\/product\/42589","targetHints":{"allow":["GET"]}}],"collection":[{"href":"https:\/\/audibax.com\/fr\/wp-json\/wp\/v2\/product"}],"about":[{"href":"https:\/\/audibax.com\/fr\/wp-json\/wp\/v2\/types\/product"}],"replies":[{"embeddable":true,"href":"https:\/\/audibax.com\/fr\/wp-json\/wp\/v2\/comments?post=42589"}],"wp:featuredmedia":[{"embeddable":true,"href":"https:\/\/audibax.com\/fr\/wp-json\/wp\/v2\/media\/42572"}],"wp:attachment":[{"href":"https:\/\/audibax.com\/fr\/wp-json\/wp\/v2\/media?parent=42589"}],"wp:term":[{"taxonomy":"product_cat","embeddable":true,"href":"https:\/\/audibax.com\/fr\/wp-json\/wp\/v2\/product_cat?post=42589"},{"taxonomy":"product_tag","embeddable":true,"href":"https:\/\/audibax.com\/fr\/wp-json\/wp\/v2\/product_tag?post=42589"}],"curies":[{"name":"wp","href":"https:\/\/api.w.org\/{rel}","templated":true}]}}