{"id":42567,"date":"2024-05-22T09:29:10","date_gmt":"2024-05-22T07:29:10","guid":{"rendered":"https:\/\/audibax.com\/?post_type=product&#038;p=42567"},"modified":"2024-05-22T09:34:42","modified_gmt":"2024-05-22T07:34:42","slug":"pro-rack-cabinet-12u","status":"publish","type":"product","link":"https:\/\/audibax.com\/fr\/produit\/pro-rack-cabinet-12u\/","title":{"rendered":"Pro Rack Cabinet 12u"},"content":{"rendered":"<p>L&rsquo;armoire rack 19 pouces, d&rsquo;une hauteur de 12 unit\u00e9s, offre un espace suppl\u00e9mentaire pour le stockage d&rsquo;\u00e9quipements mont\u00e9s en rack et est particuli\u00e8rement utile dans les environnements professionnels tels que les studios d&rsquo;enregistrement. Cette armoire constitue une solution simple pour ranger votre \u00e9quipement audio en un seul endroit. Sa construction robuste, avec un cadre en acier solide et un plateau en bois stratifi\u00e9, garantit une surface de travail fiable et solide, avec une capacit\u00e9 de charge allant jusqu&rsquo;\u00e0 90,5 kg, ce qui la rend parfaite pour une utilisation dans des environnements de studio.<\/p>\n<p>Armoire rack 12U pour les studios professionnels et domestiques<br \/>\nLe plateau sup\u00e9rieur en bois stratifi\u00e9 offre un espace de travail suppl\u00e9mentaire<br \/>\nStructure en acier robuste avec une capacit\u00e9 de charge de 90,5 kg<br \/>\nParfait pour un bureau de studio \u00e0 trois niveaux pour une configuration compl\u00e8te<\/p>\n","protected":false},"excerpt":{"rendered":"<p>L&rsquo;armoire rack 19 pouces, d&rsquo;une hauteur de 12 unit\u00e9s, offre un espace suppl\u00e9mentaire pour le stockage d&rsquo;\u00e9quipements mont\u00e9s en rack et est particuli\u00e8rement utile dans les environnements professionnels tels que les studios d&rsquo;enregistrement. Cette armoire constitue une solution simple pour ranger votre \u00e9quipement audio en un seul endroit. Sa construction robuste, avec un cadre en acier solide et un plateau en bois stratifi\u00e9, garantit une surface de travail fiable et solide, avec une capacit\u00e9 de charge allant jusqu&rsquo;\u00e0 90,5 kg, ce qui la rend parfaite pour une utilisation dans des environnements de studio.<\/p>\n<p>Armoire rack 12U pour les studios professionnels et domestiques<br \/>\nLe plateau sup\u00e9rieur en bois stratifi\u00e9 offre un espace de travail suppl\u00e9mentaire<br \/>\nStructure en acier robuste avec une capacit\u00e9 de charge de 90,5 kg<br \/>\nParfait pour un bureau de studio \u00e0 trois niveaux pour une configuration compl\u00e8te<\/p>\n","protected":false},"featured_media":42544,"comment_status":"open","ping_status":"closed","template":"","meta":{"_acf_changed":false},"product_cat":[425],"product_tag":[],"class_list":{"0":"post-42567","1":"product","2":"type-product","3":"status-publish","4":"has-post-thumbnail","6":"product_cat-stands-fr","8":"first","9":"instock","10":"shipping-taxable","11":"product-type-simple"},"acf":[],"yoast_head":"<!-- This site is optimized with the Yoast SEO plugin v27.0 - https:\/\/yoast.com\/product\/yoast-seo-wordpress\/ -->\n<title>Pro Rack Cabinet 12u - Audibax<\/title>\n<meta name=\"robots\" content=\"index, follow, max-snippet:-1, max-image-preview:large, max-video-preview:-1\" \/>\n<link rel=\"canonical\" href=\"https:\/\/audibax.com\/fr\/produit\/pro-rack-cabinet-12u\/\" \/>\n<meta property=\"og:locale\" content=\"fr_FR\" \/>\n<meta property=\"og:type\" content=\"article\" \/>\n<meta property=\"og:title\" content=\"Pro Rack Cabinet 12u - Audibax\" \/>\n<meta property=\"og:description\" content=\"L&#039;armoire rack 19 pouces, d&#039;une hauteur de 12 unit\u00e9s, offre un espace suppl\u00e9mentaire pour le stockage d&#039;\u00e9quipements mont\u00e9s en rack et est particuli\u00e8rement utile dans les environnements professionnels tels que les studios d&#039;enregistrement. Cette armoire constitue une solution simple pour ranger votre \u00e9quipement audio en un seul endroit. Sa construction robuste, avec un cadre en acier solide et un plateau en bois stratifi\u00e9, garantit une surface de travail fiable et solide, avec une capacit\u00e9 de charge allant jusqu&#039;\u00e0 90,5 kg, ce qui la rend parfaite pour une utilisation dans des environnements de studio.  Armoire rack 12U pour les studios professionnels et domestiques Le plateau sup\u00e9rieur en bois stratifi\u00e9 offre un espace de travail suppl\u00e9mentaire Structure en acier robuste avec une capacit\u00e9 de charge de 90,5 kg Parfait pour un bureau de studio \u00e0 trois niveaux pour une configuration compl\u00e8te\" \/>\n<meta property=\"og:url\" content=\"https:\/\/audibax.com\/fr\/produit\/pro-rack-cabinet-12u\/\" \/>\n<meta property=\"og:site_name\" content=\"Audibax\" \/>\n<meta property=\"article:modified_time\" content=\"2024-05-22T07:34:42+00:00\" \/>\n<meta property=\"og:image\" content=\"https:\/\/audibax.com\/wp-content\/uploads\/2024\/05\/ProRackCabinet12U-1-1024x1024.png\" \/>\n\t<meta property=\"og:image:width\" content=\"1024\" \/>\n\t<meta property=\"og:image:height\" content=\"1024\" \/>\n\t<meta property=\"og:image:type\" content=\"image\/png\" \/>\n<meta name=\"twitter:card\" content=\"summary_large_image\" \/>\n<meta name=\"twitter:label1\" content=\"Dur\u00e9e de lecture estim\u00e9e\" \/>\n\t<meta name=\"twitter:data1\" content=\"1 minute\" \/>\n<script type=\"application\/ld+json\" class=\"yoast-schema-graph\">{\"@context\":\"https:\/\/schema.org\",\"@graph\":[{\"@type\":\"WebPage\",\"@id\":\"https:\/\/audibax.com\/fr\/produit\/pro-rack-cabinet-12u\/\",\"url\":\"https:\/\/audibax.com\/fr\/produit\/pro-rack-cabinet-12u\/\",\"name\":\"Pro Rack Cabinet 12u - Audibax\",\"isPartOf\":{\"@id\":\"https:\/\/audibax.com\/fr\/#website\"},\"primaryImageOfPage\":{\"@id\":\"https:\/\/audibax.com\/fr\/produit\/pro-rack-cabinet-12u\/#primaryimage\"},\"image\":{\"@id\":\"https:\/\/audibax.com\/fr\/produit\/pro-rack-cabinet-12u\/#primaryimage\"},\"thumbnailUrl\":\"https:\/\/audibax.com\/wp-content\/uploads\/2024\/05\/ProRackCabinet12U-1.png\",\"datePublished\":\"2024-05-22T07:29:10+00:00\",\"dateModified\":\"2024-05-22T07:34:42+00:00\",\"breadcrumb\":{\"@id\":\"https:\/\/audibax.com\/fr\/produit\/pro-rack-cabinet-12u\/#breadcrumb\"},\"inLanguage\":\"fr-FR\",\"potentialAction\":[{\"@type\":\"ReadAction\",\"target\":[\"https:\/\/audibax.com\/fr\/produit\/pro-rack-cabinet-12u\/\"]}]},{\"@type\":\"ImageObject\",\"inLanguage\":\"fr-FR\",\"@id\":\"https:\/\/audibax.com\/fr\/produit\/pro-rack-cabinet-12u\/#primaryimage\",\"url\":\"https:\/\/audibax.com\/wp-content\/uploads\/2024\/05\/ProRackCabinet12U-1.png\",\"contentUrl\":\"https:\/\/audibax.com\/wp-content\/uploads\/2024\/05\/ProRackCabinet12U-1.png\",\"width\":2000,\"height\":2000},{\"@type\":\"BreadcrumbList\",\"@id\":\"https:\/\/audibax.com\/fr\/produit\/pro-rack-cabinet-12u\/#breadcrumb\",\"itemListElement\":[{\"@type\":\"ListItem\",\"position\":1,\"name\":\"Portada\",\"item\":\"https:\/\/audibax.com\/fr\/\"},{\"@type\":\"ListItem\",\"position\":2,\"name\":\"Produits\",\"item\":\"https:\/\/audibax.com\/fr\/shop\/\"},{\"@type\":\"ListItem\",\"position\":3,\"name\":\"Pro Rack Cabinet 12u\"}]},{\"@type\":\"WebSite\",\"@id\":\"https:\/\/audibax.com\/fr\/#website\",\"url\":\"https:\/\/audibax.com\/fr\/\",\"name\":\"Audibax\",\"description\":\"\",\"publisher\":{\"@id\":\"https:\/\/audibax.com\/fr\/#organization\"},\"potentialAction\":[{\"@type\":\"SearchAction\",\"target\":{\"@type\":\"EntryPoint\",\"urlTemplate\":\"https:\/\/audibax.com\/fr\/?s={search_term_string}\"},\"query-input\":{\"@type\":\"PropertyValueSpecification\",\"valueRequired\":true,\"valueName\":\"search_term_string\"}}],\"inLanguage\":\"fr-FR\"},{\"@type\":\"Organization\",\"@id\":\"https:\/\/audibax.com\/fr\/#organization\",\"name\":\"Audibax\",\"url\":\"https:\/\/audibax.com\/fr\/\",\"logo\":{\"@type\":\"ImageObject\",\"inLanguage\":\"fr-FR\",\"@id\":\"https:\/\/audibax.com\/fr\/#\/schema\/logo\/image\/\",\"url\":\"https:\/\/audibax.com\/wp-content\/uploads\/2023\/09\/logo-Audibax-BLANCO-SVG-1.svg\",\"contentUrl\":\"https:\/\/audibax.com\/wp-content\/uploads\/2023\/09\/logo-Audibax-BLANCO-SVG-1.svg\",\"caption\":\"Audibax\"},\"image\":{\"@id\":\"https:\/\/audibax.com\/fr\/#\/schema\/logo\/image\/\"}}]}<\/script>\n<!-- \/ Yoast SEO plugin. -->","yoast_head_json":{"title":"Pro Rack Cabinet 12u - Audibax","robots":{"index":"index","follow":"follow","max-snippet":"max-snippet:-1","max-image-preview":"max-image-preview:large","max-video-preview":"max-video-preview:-1"},"canonical":"https:\/\/audibax.com\/fr\/produit\/pro-rack-cabinet-12u\/","og_locale":"fr_FR","og_type":"article","og_title":"Pro Rack Cabinet 12u - Audibax","og_description":"L'armoire rack 19 pouces, d'une hauteur de 12 unit\u00e9s, offre un espace suppl\u00e9mentaire pour le stockage d'\u00e9quipements mont\u00e9s en rack et est particuli\u00e8rement utile dans les environnements professionnels tels que les studios d'enregistrement. Cette armoire constitue une solution simple pour ranger votre \u00e9quipement audio en un seul endroit. Sa construction robuste, avec un cadre en acier solide et un plateau en bois stratifi\u00e9, garantit une surface de travail fiable et solide, avec une capacit\u00e9 de charge allant jusqu'\u00e0 90,5 kg, ce qui la rend parfaite pour une utilisation dans des environnements de studio.  Armoire rack 12U pour les studios professionnels et domestiques Le plateau sup\u00e9rieur en bois stratifi\u00e9 offre un espace de travail suppl\u00e9mentaire Structure en acier robuste avec une capacit\u00e9 de charge de 90,5 kg Parfait pour un bureau de studio \u00e0 trois niveaux pour une configuration compl\u00e8te","og_url":"https:\/\/audibax.com\/fr\/produit\/pro-rack-cabinet-12u\/","og_site_name":"Audibax","article_modified_time":"2024-05-22T07:34:42+00:00","og_image":[{"width":1024,"height":1024,"url":"https:\/\/audibax.com\/wp-content\/uploads\/2024\/05\/ProRackCabinet12U-1-1024x1024.png","type":"image\/png"}],"twitter_card":"summary_large_image","twitter_misc":{"Dur\u00e9e de lecture estim\u00e9e":"1 minute"},"schema":{"@context":"https:\/\/schema.org","@graph":[{"@type":"WebPage","@id":"https:\/\/audibax.com\/fr\/produit\/pro-rack-cabinet-12u\/","url":"https:\/\/audibax.com\/fr\/produit\/pro-rack-cabinet-12u\/","name":"Pro Rack Cabinet 12u - Audibax","isPartOf":{"@id":"https:\/\/audibax.com\/fr\/#website"},"primaryImageOfPage":{"@id":"https:\/\/audibax.com\/fr\/produit\/pro-rack-cabinet-12u\/#primaryimage"},"image":{"@id":"https:\/\/audibax.com\/fr\/produit\/pro-rack-cabinet-12u\/#primaryimage"},"thumbnailUrl":"https:\/\/audibax.com\/wp-content\/uploads\/2024\/05\/ProRackCabinet12U-1.png","datePublished":"2024-05-22T07:29:10+00:00","dateModified":"2024-05-22T07:34:42+00:00","breadcrumb":{"@id":"https:\/\/audibax.com\/fr\/produit\/pro-rack-cabinet-12u\/#breadcrumb"},"inLanguage":"fr-FR","potentialAction":[{"@type":"ReadAction","target":["https:\/\/audibax.com\/fr\/produit\/pro-rack-cabinet-12u\/"]}]},{"@type":"ImageObject","inLanguage":"fr-FR","@id":"https:\/\/audibax.com\/fr\/produit\/pro-rack-cabinet-12u\/#primaryimage","url":"https:\/\/audibax.com\/wp-content\/uploads\/2024\/05\/ProRackCabinet12U-1.png","contentUrl":"https:\/\/audibax.com\/wp-content\/uploads\/2024\/05\/ProRackCabinet12U-1.png","width":2000,"height":2000},{"@type":"BreadcrumbList","@id":"https:\/\/audibax.com\/fr\/produit\/pro-rack-cabinet-12u\/#breadcrumb","itemListElement":[{"@type":"ListItem","position":1,"name":"Portada","item":"https:\/\/audibax.com\/fr\/"},{"@type":"ListItem","position":2,"name":"Produits","item":"https:\/\/audibax.com\/fr\/shop\/"},{"@type":"ListItem","position":3,"name":"Pro Rack Cabinet 12u"}]},{"@type":"WebSite","@id":"https:\/\/audibax.com\/fr\/#website","url":"https:\/\/audibax.com\/fr\/","name":"Audibax","description":"","publisher":{"@id":"https:\/\/audibax.com\/fr\/#organization"},"potentialAction":[{"@type":"SearchAction","target":{"@type":"EntryPoint","urlTemplate":"https:\/\/audibax.com\/fr\/?s={search_term_string}"},"query-input":{"@type":"PropertyValueSpecification","valueRequired":true,"valueName":"search_term_string"}}],"inLanguage":"fr-FR"},{"@type":"Organization","@id":"https:\/\/audibax.com\/fr\/#organization","name":"Audibax","url":"https:\/\/audibax.com\/fr\/","logo":{"@type":"ImageObject","inLanguage":"fr-FR","@id":"https:\/\/audibax.com\/fr\/#\/schema\/logo\/image\/","url":"https:\/\/audibax.com\/wp-content\/uploads\/2023\/09\/logo-Audibax-BLANCO-SVG-1.svg","contentUrl":"https:\/\/audibax.com\/wp-content\/uploads\/2023\/09\/logo-Audibax-BLANCO-SVG-1.svg","caption":"Audibax"},"image":{"@id":"https:\/\/audibax.com\/fr\/#\/schema\/logo\/image\/"}}]}},"_links":{"self":[{"href":"https:\/\/audibax.com\/fr\/wp-json\/wp\/v2\/product\/42567","targetHints":{"allow":["GET"]}}],"collection":[{"href":"https:\/\/audibax.com\/fr\/wp-json\/wp\/v2\/product"}],"about":[{"href":"https:\/\/audibax.com\/fr\/wp-json\/wp\/v2\/types\/product"}],"replies":[{"embeddable":true,"href":"https:\/\/audibax.com\/fr\/wp-json\/wp\/v2\/comments?post=42567"}],"wp:featuredmedia":[{"embeddable":true,"href":"https:\/\/audibax.com\/fr\/wp-json\/wp\/v2\/media\/42544"}],"wp:attachment":[{"href":"https:\/\/audibax.com\/fr\/wp-json\/wp\/v2\/media?parent=42567"}],"wp:term":[{"taxonomy":"product_cat","embeddable":true,"href":"https:\/\/audibax.com\/fr\/wp-json\/wp\/v2\/product_cat?post=42567"},{"taxonomy":"product_tag","embeddable":true,"href":"https:\/\/audibax.com\/fr\/wp-json\/wp\/v2\/product_tag?post=42567"}],"curies":[{"name":"wp","href":"https:\/\/api.w.org\/{rel}","templated":true}]}}