{"id":42539,"date":"2024-05-21T17:32:29","date_gmt":"2024-05-21T15:32:29","guid":{"rendered":"https:\/\/audibax.com\/?post_type=product&#038;p=42539"},"modified":"2024-05-21T18:01:08","modified_gmt":"2024-05-21T16:01:08","slug":"kb502-black","status":"publish","type":"product","link":"https:\/\/audibax.com\/fr\/produit\/kb502-black\/","title":{"rendered":"KB502 BLACK"},"content":{"rendered":"<p>Audibax KB502 Banc double pour piano\/clavier avec compartiment<\/p>\n<p>L&rsquo;Audibax KB502 est un banc double pour piano\/clavier dot\u00e9 d&rsquo;un espace de rangement sous le si\u00e8ge, qui permet de gagner beaucoup de place et peut \u00eatre utilis\u00e9 pour ranger des partitions ou des accessoires. Le banc est fabriqu\u00e9 en aluminium, qui se caract\u00e9rise par sa durabilit\u00e9 et sa l\u00e9g\u00e8ret\u00e9.<\/p>\n<p>L&rsquo;assise est constitu\u00e9e d&rsquo;un coussin tr\u00e8s confortable, souple et rembourr\u00e9 de mousse, qui offre un grand confort et une grande commodit\u00e9 et constitue le choix le plus appropri\u00e9 pour de longues heures de pratique du piano ou du clavier.<\/p>\n<p>Il est recouvert d&rsquo;une \u00e9paisse housse en similicuir, facile \u00e0 nettoyer et \u00e0 entretenir.<\/p>\n<p>La base des pieds est antid\u00e9rapante car elle est recouverte d&rsquo;un protecteur en caoutchouc qui emp\u00eache de glisser et d&rsquo;ab\u00eemer le sol, tout en assurant une grande stabilit\u00e9 au support. Les pieds sont tr\u00e8s robustes et sont viss\u00e9s au cadre du si\u00e8ge.<\/p>\n<p>En outre, le banc est facile \u00e0 assembler et les outils et instructions pour le montage du banc sont inclus dans l&#8217;emballage.<\/p>\n<p>Ce banc de piano est id\u00e9al pour les concerts, les cours de musique et la pratique quotidienne.<\/p>\n<p>Sp\u00e9cifications<\/p>\n<p>Banc double pour piano\/clavier<br \/>\nCompartiment dans le si\u00e8ge<br \/>\nCouleur : Noir<br \/>\nMat\u00e9riau du banc : aluminium<br \/>\nMat\u00e9riau de l&rsquo;assise : cuir synth\u00e9tique rempli de mousse<br \/>\nLes dimensions du banc sont les suivantes<br \/>\nHauteur : 50cm<br \/>\nLargeur : 74cm<br \/>\nProfondeur : 35cm<\/p>\n","protected":false},"excerpt":{"rendered":"<p>Audibax KB502 Banc double pour piano\/clavier avec compartiment<\/p>\n<p>L&rsquo;Audibax KB502 est un banc double pour piano\/clavier dot\u00e9 d&rsquo;un espace de rangement sous le si\u00e8ge, qui permet de gagner beaucoup de place et peut \u00eatre utilis\u00e9 pour ranger des partitions ou des accessoires. Le banc est fabriqu\u00e9 en aluminium, qui se caract\u00e9rise par sa durabilit\u00e9 et sa l\u00e9g\u00e8ret\u00e9.<\/p>\n<p>L&rsquo;assise est constitu\u00e9e d&rsquo;un coussin tr\u00e8s confortable, souple et rembourr\u00e9 de mousse, qui offre un grand confort et une grande commodit\u00e9 et constitue le choix le plus appropri\u00e9 pour de longues heures de pratique du piano ou du clavier.<\/p>\n<p>Il est recouvert d&rsquo;une \u00e9paisse housse en similicuir, facile \u00e0 nettoyer et \u00e0 entretenir.<\/p>\n<p>La base des pieds est antid\u00e9rapante car elle est recouverte d&rsquo;un protecteur en caoutchouc qui emp\u00eache de glisser et d&rsquo;ab\u00eemer le sol, tout en assurant une grande stabilit\u00e9 au support. Les pieds sont tr\u00e8s robustes et sont viss\u00e9s au cadre du si\u00e8ge.<\/p>\n<p>En outre, le banc est facile \u00e0 assembler et les outils et instructions pour le montage du banc sont inclus dans l&#8217;emballage.<\/p>\n<p>Ce banc de piano est id\u00e9al pour les concerts, les cours de musique et la pratique quotidienne.<\/p>\n","protected":false},"featured_media":42518,"comment_status":"open","ping_status":"closed","template":"","meta":{"_acf_changed":false},"product_cat":[441],"product_tag":[],"class_list":{"0":"post-42539","1":"product","2":"type-product","3":"status-publish","4":"has-post-thumbnail","6":"product_cat-banc-de-piano","8":"first","9":"instock","10":"shipping-taxable","11":"product-type-simple"},"acf":[],"yoast_head":"<!-- This site is optimized with the Yoast SEO plugin v27.0 - https:\/\/yoast.com\/product\/yoast-seo-wordpress\/ -->\n<title>KB502 BLACK - Audibax<\/title>\n<meta name=\"robots\" content=\"index, follow, max-snippet:-1, max-image-preview:large, max-video-preview:-1\" \/>\n<link rel=\"canonical\" href=\"https:\/\/audibax.com\/fr\/produit\/kb502-black\/\" \/>\n<meta property=\"og:locale\" content=\"fr_FR\" \/>\n<meta property=\"og:type\" content=\"article\" \/>\n<meta property=\"og:title\" content=\"KB502 BLACK - Audibax\" \/>\n<meta property=\"og:description\" content=\"Audibax KB502 Banc double pour piano\/clavier avec compartiment  L&#039;Audibax KB502 est un banc double pour piano\/clavier dot\u00e9 d&#039;un espace de rangement sous le si\u00e8ge, qui permet de gagner beaucoup de place et peut \u00eatre utilis\u00e9 pour ranger des partitions ou des accessoires. Le banc est fabriqu\u00e9 en aluminium, qui se caract\u00e9rise par sa durabilit\u00e9 et sa l\u00e9g\u00e8ret\u00e9.  L&#039;assise est constitu\u00e9e d&#039;un coussin tr\u00e8s confortable, souple et rembourr\u00e9 de mousse, qui offre un grand confort et une grande commodit\u00e9 et constitue le choix le plus appropri\u00e9 pour de longues heures de pratique du piano ou du clavier.  Il est recouvert d&#039;une \u00e9paisse housse en similicuir, facile \u00e0 nettoyer et \u00e0 entretenir.  La base des pieds est antid\u00e9rapante car elle est recouverte d&#039;un protecteur en caoutchouc qui emp\u00eache de glisser et d&#039;ab\u00eemer le sol, tout en assurant une grande stabilit\u00e9 au support. Les pieds sont tr\u00e8s robustes et sont viss\u00e9s au cadre du si\u00e8ge.  En outre, le banc est facile \u00e0 assembler et les outils et instructions pour le montage du banc sont inclus dans l&#039;emballage.  Ce banc de piano est id\u00e9al pour les concerts, les cours de musique et la pratique quotidienne.\" \/>\n<meta property=\"og:url\" content=\"https:\/\/audibax.com\/fr\/produit\/kb502-black\/\" \/>\n<meta property=\"og:site_name\" content=\"Audibax\" \/>\n<meta property=\"article:modified_time\" content=\"2024-05-21T16:01:08+00:00\" \/>\n<meta property=\"og:image\" content=\"https:\/\/audibax.com\/wp-content\/uploads\/2024\/05\/KB502-Black-1.png\" \/>\n\t<meta property=\"og:image:width\" content=\"2000\" \/>\n\t<meta property=\"og:image:height\" content=\"2000\" \/>\n\t<meta property=\"og:image:type\" content=\"image\/png\" \/>\n<meta name=\"twitter:card\" content=\"summary_large_image\" \/>\n<meta name=\"twitter:label1\" content=\"Dur\u00e9e de lecture estim\u00e9e\" \/>\n\t<meta name=\"twitter:data1\" content=\"2 minutes\" \/>\n<script type=\"application\/ld+json\" class=\"yoast-schema-graph\">{\"@context\":\"https:\/\/schema.org\",\"@graph\":[{\"@type\":\"WebPage\",\"@id\":\"https:\/\/audibax.com\/fr\/produit\/kb502-black\/\",\"url\":\"https:\/\/audibax.com\/fr\/produit\/kb502-black\/\",\"name\":\"KB502 BLACK - Audibax\",\"isPartOf\":{\"@id\":\"https:\/\/audibax.com\/fr\/#website\"},\"primaryImageOfPage\":{\"@id\":\"https:\/\/audibax.com\/fr\/produit\/kb502-black\/#primaryimage\"},\"image\":{\"@id\":\"https:\/\/audibax.com\/fr\/produit\/kb502-black\/#primaryimage\"},\"thumbnailUrl\":\"https:\/\/audibax.com\/wp-content\/uploads\/2024\/05\/KB502-Black-1.png\",\"datePublished\":\"2024-05-21T15:32:29+00:00\",\"dateModified\":\"2024-05-21T16:01:08+00:00\",\"breadcrumb\":{\"@id\":\"https:\/\/audibax.com\/fr\/produit\/kb502-black\/#breadcrumb\"},\"inLanguage\":\"fr-FR\",\"potentialAction\":[{\"@type\":\"ReadAction\",\"target\":[\"https:\/\/audibax.com\/fr\/produit\/kb502-black\/\"]}]},{\"@type\":\"ImageObject\",\"inLanguage\":\"fr-FR\",\"@id\":\"https:\/\/audibax.com\/fr\/produit\/kb502-black\/#primaryimage\",\"url\":\"https:\/\/audibax.com\/wp-content\/uploads\/2024\/05\/KB502-Black-1.png\",\"contentUrl\":\"https:\/\/audibax.com\/wp-content\/uploads\/2024\/05\/KB502-Black-1.png\",\"width\":2000,\"height\":2000},{\"@type\":\"BreadcrumbList\",\"@id\":\"https:\/\/audibax.com\/fr\/produit\/kb502-black\/#breadcrumb\",\"itemListElement\":[{\"@type\":\"ListItem\",\"position\":1,\"name\":\"Portada\",\"item\":\"https:\/\/audibax.com\/fr\/\"},{\"@type\":\"ListItem\",\"position\":2,\"name\":\"Produits\",\"item\":\"https:\/\/audibax.com\/fr\/shop\/\"},{\"@type\":\"ListItem\",\"position\":3,\"name\":\"KB502 BLACK\"}]},{\"@type\":\"WebSite\",\"@id\":\"https:\/\/audibax.com\/fr\/#website\",\"url\":\"https:\/\/audibax.com\/fr\/\",\"name\":\"Audibax\",\"description\":\"\",\"publisher\":{\"@id\":\"https:\/\/audibax.com\/fr\/#organization\"},\"potentialAction\":[{\"@type\":\"SearchAction\",\"target\":{\"@type\":\"EntryPoint\",\"urlTemplate\":\"https:\/\/audibax.com\/fr\/?s={search_term_string}\"},\"query-input\":{\"@type\":\"PropertyValueSpecification\",\"valueRequired\":true,\"valueName\":\"search_term_string\"}}],\"inLanguage\":\"fr-FR\"},{\"@type\":\"Organization\",\"@id\":\"https:\/\/audibax.com\/fr\/#organization\",\"name\":\"Audibax\",\"url\":\"https:\/\/audibax.com\/fr\/\",\"logo\":{\"@type\":\"ImageObject\",\"inLanguage\":\"fr-FR\",\"@id\":\"https:\/\/audibax.com\/fr\/#\/schema\/logo\/image\/\",\"url\":\"https:\/\/audibax.com\/wp-content\/uploads\/2023\/09\/logo-Audibax-BLANCO-SVG-1.svg\",\"contentUrl\":\"https:\/\/audibax.com\/wp-content\/uploads\/2023\/09\/logo-Audibax-BLANCO-SVG-1.svg\",\"caption\":\"Audibax\"},\"image\":{\"@id\":\"https:\/\/audibax.com\/fr\/#\/schema\/logo\/image\/\"}}]}<\/script>\n<!-- \/ Yoast SEO plugin. -->","yoast_head_json":{"title":"KB502 BLACK - Audibax","robots":{"index":"index","follow":"follow","max-snippet":"max-snippet:-1","max-image-preview":"max-image-preview:large","max-video-preview":"max-video-preview:-1"},"canonical":"https:\/\/audibax.com\/fr\/produit\/kb502-black\/","og_locale":"fr_FR","og_type":"article","og_title":"KB502 BLACK - Audibax","og_description":"Audibax KB502 Banc double pour piano\/clavier avec compartiment  L'Audibax KB502 est un banc double pour piano\/clavier dot\u00e9 d'un espace de rangement sous le si\u00e8ge, qui permet de gagner beaucoup de place et peut \u00eatre utilis\u00e9 pour ranger des partitions ou des accessoires. Le banc est fabriqu\u00e9 en aluminium, qui se caract\u00e9rise par sa durabilit\u00e9 et sa l\u00e9g\u00e8ret\u00e9.  L'assise est constitu\u00e9e d'un coussin tr\u00e8s confortable, souple et rembourr\u00e9 de mousse, qui offre un grand confort et une grande commodit\u00e9 et constitue le choix le plus appropri\u00e9 pour de longues heures de pratique du piano ou du clavier.  Il est recouvert d'une \u00e9paisse housse en similicuir, facile \u00e0 nettoyer et \u00e0 entretenir.  La base des pieds est antid\u00e9rapante car elle est recouverte d'un protecteur en caoutchouc qui emp\u00eache de glisser et d'ab\u00eemer le sol, tout en assurant une grande stabilit\u00e9 au support. Les pieds sont tr\u00e8s robustes et sont viss\u00e9s au cadre du si\u00e8ge.  En outre, le banc est facile \u00e0 assembler et les outils et instructions pour le montage du banc sont inclus dans l'emballage.  Ce banc de piano est id\u00e9al pour les concerts, les cours de musique et la pratique quotidienne.","og_url":"https:\/\/audibax.com\/fr\/produit\/kb502-black\/","og_site_name":"Audibax","article_modified_time":"2024-05-21T16:01:08+00:00","og_image":[{"width":2000,"height":2000,"url":"https:\/\/audibax.com\/wp-content\/uploads\/2024\/05\/KB502-Black-1.png","type":"image\/png"}],"twitter_card":"summary_large_image","twitter_misc":{"Dur\u00e9e de lecture estim\u00e9e":"2 minutes"},"schema":{"@context":"https:\/\/schema.org","@graph":[{"@type":"WebPage","@id":"https:\/\/audibax.com\/fr\/produit\/kb502-black\/","url":"https:\/\/audibax.com\/fr\/produit\/kb502-black\/","name":"KB502 BLACK - Audibax","isPartOf":{"@id":"https:\/\/audibax.com\/fr\/#website"},"primaryImageOfPage":{"@id":"https:\/\/audibax.com\/fr\/produit\/kb502-black\/#primaryimage"},"image":{"@id":"https:\/\/audibax.com\/fr\/produit\/kb502-black\/#primaryimage"},"thumbnailUrl":"https:\/\/audibax.com\/wp-content\/uploads\/2024\/05\/KB502-Black-1.png","datePublished":"2024-05-21T15:32:29+00:00","dateModified":"2024-05-21T16:01:08+00:00","breadcrumb":{"@id":"https:\/\/audibax.com\/fr\/produit\/kb502-black\/#breadcrumb"},"inLanguage":"fr-FR","potentialAction":[{"@type":"ReadAction","target":["https:\/\/audibax.com\/fr\/produit\/kb502-black\/"]}]},{"@type":"ImageObject","inLanguage":"fr-FR","@id":"https:\/\/audibax.com\/fr\/produit\/kb502-black\/#primaryimage","url":"https:\/\/audibax.com\/wp-content\/uploads\/2024\/05\/KB502-Black-1.png","contentUrl":"https:\/\/audibax.com\/wp-content\/uploads\/2024\/05\/KB502-Black-1.png","width":2000,"height":2000},{"@type":"BreadcrumbList","@id":"https:\/\/audibax.com\/fr\/produit\/kb502-black\/#breadcrumb","itemListElement":[{"@type":"ListItem","position":1,"name":"Portada","item":"https:\/\/audibax.com\/fr\/"},{"@type":"ListItem","position":2,"name":"Produits","item":"https:\/\/audibax.com\/fr\/shop\/"},{"@type":"ListItem","position":3,"name":"KB502 BLACK"}]},{"@type":"WebSite","@id":"https:\/\/audibax.com\/fr\/#website","url":"https:\/\/audibax.com\/fr\/","name":"Audibax","description":"","publisher":{"@id":"https:\/\/audibax.com\/fr\/#organization"},"potentialAction":[{"@type":"SearchAction","target":{"@type":"EntryPoint","urlTemplate":"https:\/\/audibax.com\/fr\/?s={search_term_string}"},"query-input":{"@type":"PropertyValueSpecification","valueRequired":true,"valueName":"search_term_string"}}],"inLanguage":"fr-FR"},{"@type":"Organization","@id":"https:\/\/audibax.com\/fr\/#organization","name":"Audibax","url":"https:\/\/audibax.com\/fr\/","logo":{"@type":"ImageObject","inLanguage":"fr-FR","@id":"https:\/\/audibax.com\/fr\/#\/schema\/logo\/image\/","url":"https:\/\/audibax.com\/wp-content\/uploads\/2023\/09\/logo-Audibax-BLANCO-SVG-1.svg","contentUrl":"https:\/\/audibax.com\/wp-content\/uploads\/2023\/09\/logo-Audibax-BLANCO-SVG-1.svg","caption":"Audibax"},"image":{"@id":"https:\/\/audibax.com\/fr\/#\/schema\/logo\/image\/"}}]}},"_links":{"self":[{"href":"https:\/\/audibax.com\/fr\/wp-json\/wp\/v2\/product\/42539","targetHints":{"allow":["GET"]}}],"collection":[{"href":"https:\/\/audibax.com\/fr\/wp-json\/wp\/v2\/product"}],"about":[{"href":"https:\/\/audibax.com\/fr\/wp-json\/wp\/v2\/types\/product"}],"replies":[{"embeddable":true,"href":"https:\/\/audibax.com\/fr\/wp-json\/wp\/v2\/comments?post=42539"}],"wp:featuredmedia":[{"embeddable":true,"href":"https:\/\/audibax.com\/fr\/wp-json\/wp\/v2\/media\/42518"}],"wp:attachment":[{"href":"https:\/\/audibax.com\/fr\/wp-json\/wp\/v2\/media?parent=42539"}],"wp:term":[{"taxonomy":"product_cat","embeddable":true,"href":"https:\/\/audibax.com\/fr\/wp-json\/wp\/v2\/product_cat?post=42539"},{"taxonomy":"product_tag","embeddable":true,"href":"https:\/\/audibax.com\/fr\/wp-json\/wp\/v2\/product_tag?post=42539"}],"curies":[{"name":"wp","href":"https:\/\/api.w.org\/{rel}","templated":true}]}}