{"id":42514,"date":"2024-05-21T17:15:47","date_gmt":"2024-05-21T15:15:47","guid":{"rendered":"https:\/\/audibax.com\/?post_type=product&#038;p=42514"},"modified":"2024-05-21T17:26:23","modified_gmt":"2024-05-21T15:26:23","slug":"neo-bag-6","status":"publish","type":"product","link":"https:\/\/audibax.com\/fr\/produit\/neo-bag-6\/","title":{"rendered":"Neo Bag 6"},"content":{"rendered":"<p>Audibax Neo Bag 6 est une mallette pouvant contenir jusqu&rsquo;\u00e0 six pieds de micro standard, con\u00e7ue pour garder votre mat\u00e9riel organis\u00e9 et s\u00e9curis\u00e9 lorsque vous \u00eates en d\u00e9placement. Sa conception compacte et portable permet de la transporter facilement entre les concerts, les sessions d&rsquo;enregistrement ou toute autre activit\u00e9 n\u00e9cessitant une installation de microphone professionnelle.<\/p>\n<p>Peut contenir jusqu&rsquo;\u00e0 6 pieds de micro<br \/>\nRembourrage de 5 mm<br \/>\nMat\u00e9riau : Nylon<br \/>\nDimensions : 1070 x 350 x 350 mm<\/p>\n","protected":false},"excerpt":{"rendered":"<p>Audibax Neo Bag 6 est une mallette pouvant contenir jusqu&rsquo;\u00e0 six pieds de micro standard, con\u00e7ue pour garder votre mat\u00e9riel organis\u00e9 et s\u00e9curis\u00e9 lorsque vous \u00eates en d\u00e9placement. Sa conception compacte et portable permet de la transporter facilement entre les concerts, les sessions d&rsquo;enregistrement ou toute autre activit\u00e9 n\u00e9cessitant une installation de microphone professionnelle.<\/p>\n<p>Peut contenir jusqu&rsquo;\u00e0 6 pieds de micro<br \/>\nRembourrage de 5 mm<br \/>\nMat\u00e9riau : Nylon<br \/>\nDimensions : 1070 x 350 x 350 mm<\/p>\n","protected":false},"featured_media":42493,"comment_status":"open","ping_status":"closed","template":"","meta":{"_acf_changed":false},"product_cat":[327],"product_tag":[],"class_list":{"0":"post-42514","1":"product","2":"type-product","3":"status-publish","4":"has-post-thumbnail","6":"product_cat-cas","8":"first","9":"instock","10":"shipping-taxable","11":"product-type-simple"},"acf":[],"yoast_head":"<!-- This site is optimized with the Yoast SEO plugin v27.0 - https:\/\/yoast.com\/product\/yoast-seo-wordpress\/ -->\n<title>Neo Bag 6 - Audibax<\/title>\n<meta name=\"robots\" content=\"index, follow, max-snippet:-1, max-image-preview:large, max-video-preview:-1\" \/>\n<link rel=\"canonical\" href=\"https:\/\/audibax.com\/fr\/produit\/neo-bag-6\/\" \/>\n<meta property=\"og:locale\" content=\"fr_FR\" \/>\n<meta property=\"og:type\" content=\"article\" \/>\n<meta property=\"og:title\" content=\"Neo Bag 6 - Audibax\" \/>\n<meta property=\"og:description\" content=\"Audibax Neo Bag 6 est une mallette pouvant contenir jusqu&#039;\u00e0 six pieds de micro standard, con\u00e7ue pour garder votre mat\u00e9riel organis\u00e9 et s\u00e9curis\u00e9 lorsque vous \u00eates en d\u00e9placement. Sa conception compacte et portable permet de la transporter facilement entre les concerts, les sessions d&#039;enregistrement ou toute autre activit\u00e9 n\u00e9cessitant une installation de microphone professionnelle.  Peut contenir jusqu&#039;\u00e0 6 pieds de micro Rembourrage de 5 mm Mat\u00e9riau : Nylon Dimensions : 1070 x 350 x 350 mm\" \/>\n<meta property=\"og:url\" content=\"https:\/\/audibax.com\/fr\/produit\/neo-bag-6\/\" \/>\n<meta property=\"og:site_name\" content=\"Audibax\" \/>\n<meta property=\"article:modified_time\" content=\"2024-05-21T15:26:23+00:00\" \/>\n<meta property=\"og:image\" content=\"https:\/\/audibax.com\/wp-content\/uploads\/2024\/05\/NeoBag6-1.png\" \/>\n\t<meta property=\"og:image:width\" content=\"2000\" \/>\n\t<meta property=\"og:image:height\" content=\"2000\" \/>\n\t<meta property=\"og:image:type\" content=\"image\/png\" \/>\n<meta name=\"twitter:card\" content=\"summary_large_image\" \/>\n<meta name=\"twitter:label1\" content=\"Dur\u00e9e de lecture estim\u00e9e\" \/>\n\t<meta name=\"twitter:data1\" content=\"1 minute\" \/>\n<script type=\"application\/ld+json\" class=\"yoast-schema-graph\">{\"@context\":\"https:\/\/schema.org\",\"@graph\":[{\"@type\":\"WebPage\",\"@id\":\"https:\/\/audibax.com\/fr\/produit\/neo-bag-6\/\",\"url\":\"https:\/\/audibax.com\/fr\/produit\/neo-bag-6\/\",\"name\":\"Neo Bag 6 - Audibax\",\"isPartOf\":{\"@id\":\"https:\/\/audibax.com\/fr\/#website\"},\"primaryImageOfPage\":{\"@id\":\"https:\/\/audibax.com\/fr\/produit\/neo-bag-6\/#primaryimage\"},\"image\":{\"@id\":\"https:\/\/audibax.com\/fr\/produit\/neo-bag-6\/#primaryimage\"},\"thumbnailUrl\":\"https:\/\/audibax.com\/wp-content\/uploads\/2024\/05\/NeoBag6-1.png\",\"datePublished\":\"2024-05-21T15:15:47+00:00\",\"dateModified\":\"2024-05-21T15:26:23+00:00\",\"breadcrumb\":{\"@id\":\"https:\/\/audibax.com\/fr\/produit\/neo-bag-6\/#breadcrumb\"},\"inLanguage\":\"fr-FR\",\"potentialAction\":[{\"@type\":\"ReadAction\",\"target\":[\"https:\/\/audibax.com\/fr\/produit\/neo-bag-6\/\"]}]},{\"@type\":\"ImageObject\",\"inLanguage\":\"fr-FR\",\"@id\":\"https:\/\/audibax.com\/fr\/produit\/neo-bag-6\/#primaryimage\",\"url\":\"https:\/\/audibax.com\/wp-content\/uploads\/2024\/05\/NeoBag6-1.png\",\"contentUrl\":\"https:\/\/audibax.com\/wp-content\/uploads\/2024\/05\/NeoBag6-1.png\",\"width\":2000,\"height\":2000},{\"@type\":\"BreadcrumbList\",\"@id\":\"https:\/\/audibax.com\/fr\/produit\/neo-bag-6\/#breadcrumb\",\"itemListElement\":[{\"@type\":\"ListItem\",\"position\":1,\"name\":\"Portada\",\"item\":\"https:\/\/audibax.com\/fr\/\"},{\"@type\":\"ListItem\",\"position\":2,\"name\":\"Produits\",\"item\":\"https:\/\/audibax.com\/fr\/shop\/\"},{\"@type\":\"ListItem\",\"position\":3,\"name\":\"Neo Bag 6\"}]},{\"@type\":\"WebSite\",\"@id\":\"https:\/\/audibax.com\/fr\/#website\",\"url\":\"https:\/\/audibax.com\/fr\/\",\"name\":\"Audibax\",\"description\":\"\",\"publisher\":{\"@id\":\"https:\/\/audibax.com\/fr\/#organization\"},\"potentialAction\":[{\"@type\":\"SearchAction\",\"target\":{\"@type\":\"EntryPoint\",\"urlTemplate\":\"https:\/\/audibax.com\/fr\/?s={search_term_string}\"},\"query-input\":{\"@type\":\"PropertyValueSpecification\",\"valueRequired\":true,\"valueName\":\"search_term_string\"}}],\"inLanguage\":\"fr-FR\"},{\"@type\":\"Organization\",\"@id\":\"https:\/\/audibax.com\/fr\/#organization\",\"name\":\"Audibax\",\"url\":\"https:\/\/audibax.com\/fr\/\",\"logo\":{\"@type\":\"ImageObject\",\"inLanguage\":\"fr-FR\",\"@id\":\"https:\/\/audibax.com\/fr\/#\/schema\/logo\/image\/\",\"url\":\"https:\/\/audibax.com\/wp-content\/uploads\/2023\/09\/logo-Audibax-BLANCO-SVG-1.svg\",\"contentUrl\":\"https:\/\/audibax.com\/wp-content\/uploads\/2023\/09\/logo-Audibax-BLANCO-SVG-1.svg\",\"caption\":\"Audibax\"},\"image\":{\"@id\":\"https:\/\/audibax.com\/fr\/#\/schema\/logo\/image\/\"}}]}<\/script>\n<!-- \/ Yoast SEO plugin. -->","yoast_head_json":{"title":"Neo Bag 6 - Audibax","robots":{"index":"index","follow":"follow","max-snippet":"max-snippet:-1","max-image-preview":"max-image-preview:large","max-video-preview":"max-video-preview:-1"},"canonical":"https:\/\/audibax.com\/fr\/produit\/neo-bag-6\/","og_locale":"fr_FR","og_type":"article","og_title":"Neo Bag 6 - Audibax","og_description":"Audibax Neo Bag 6 est une mallette pouvant contenir jusqu'\u00e0 six pieds de micro standard, con\u00e7ue pour garder votre mat\u00e9riel organis\u00e9 et s\u00e9curis\u00e9 lorsque vous \u00eates en d\u00e9placement. Sa conception compacte et portable permet de la transporter facilement entre les concerts, les sessions d'enregistrement ou toute autre activit\u00e9 n\u00e9cessitant une installation de microphone professionnelle.  Peut contenir jusqu'\u00e0 6 pieds de micro Rembourrage de 5 mm Mat\u00e9riau : Nylon Dimensions : 1070 x 350 x 350 mm","og_url":"https:\/\/audibax.com\/fr\/produit\/neo-bag-6\/","og_site_name":"Audibax","article_modified_time":"2024-05-21T15:26:23+00:00","og_image":[{"width":2000,"height":2000,"url":"https:\/\/audibax.com\/wp-content\/uploads\/2024\/05\/NeoBag6-1.png","type":"image\/png"}],"twitter_card":"summary_large_image","twitter_misc":{"Dur\u00e9e de lecture estim\u00e9e":"1 minute"},"schema":{"@context":"https:\/\/schema.org","@graph":[{"@type":"WebPage","@id":"https:\/\/audibax.com\/fr\/produit\/neo-bag-6\/","url":"https:\/\/audibax.com\/fr\/produit\/neo-bag-6\/","name":"Neo Bag 6 - Audibax","isPartOf":{"@id":"https:\/\/audibax.com\/fr\/#website"},"primaryImageOfPage":{"@id":"https:\/\/audibax.com\/fr\/produit\/neo-bag-6\/#primaryimage"},"image":{"@id":"https:\/\/audibax.com\/fr\/produit\/neo-bag-6\/#primaryimage"},"thumbnailUrl":"https:\/\/audibax.com\/wp-content\/uploads\/2024\/05\/NeoBag6-1.png","datePublished":"2024-05-21T15:15:47+00:00","dateModified":"2024-05-21T15:26:23+00:00","breadcrumb":{"@id":"https:\/\/audibax.com\/fr\/produit\/neo-bag-6\/#breadcrumb"},"inLanguage":"fr-FR","potentialAction":[{"@type":"ReadAction","target":["https:\/\/audibax.com\/fr\/produit\/neo-bag-6\/"]}]},{"@type":"ImageObject","inLanguage":"fr-FR","@id":"https:\/\/audibax.com\/fr\/produit\/neo-bag-6\/#primaryimage","url":"https:\/\/audibax.com\/wp-content\/uploads\/2024\/05\/NeoBag6-1.png","contentUrl":"https:\/\/audibax.com\/wp-content\/uploads\/2024\/05\/NeoBag6-1.png","width":2000,"height":2000},{"@type":"BreadcrumbList","@id":"https:\/\/audibax.com\/fr\/produit\/neo-bag-6\/#breadcrumb","itemListElement":[{"@type":"ListItem","position":1,"name":"Portada","item":"https:\/\/audibax.com\/fr\/"},{"@type":"ListItem","position":2,"name":"Produits","item":"https:\/\/audibax.com\/fr\/shop\/"},{"@type":"ListItem","position":3,"name":"Neo Bag 6"}]},{"@type":"WebSite","@id":"https:\/\/audibax.com\/fr\/#website","url":"https:\/\/audibax.com\/fr\/","name":"Audibax","description":"","publisher":{"@id":"https:\/\/audibax.com\/fr\/#organization"},"potentialAction":[{"@type":"SearchAction","target":{"@type":"EntryPoint","urlTemplate":"https:\/\/audibax.com\/fr\/?s={search_term_string}"},"query-input":{"@type":"PropertyValueSpecification","valueRequired":true,"valueName":"search_term_string"}}],"inLanguage":"fr-FR"},{"@type":"Organization","@id":"https:\/\/audibax.com\/fr\/#organization","name":"Audibax","url":"https:\/\/audibax.com\/fr\/","logo":{"@type":"ImageObject","inLanguage":"fr-FR","@id":"https:\/\/audibax.com\/fr\/#\/schema\/logo\/image\/","url":"https:\/\/audibax.com\/wp-content\/uploads\/2023\/09\/logo-Audibax-BLANCO-SVG-1.svg","contentUrl":"https:\/\/audibax.com\/wp-content\/uploads\/2023\/09\/logo-Audibax-BLANCO-SVG-1.svg","caption":"Audibax"},"image":{"@id":"https:\/\/audibax.com\/fr\/#\/schema\/logo\/image\/"}}]}},"_links":{"self":[{"href":"https:\/\/audibax.com\/fr\/wp-json\/wp\/v2\/product\/42514","targetHints":{"allow":["GET"]}}],"collection":[{"href":"https:\/\/audibax.com\/fr\/wp-json\/wp\/v2\/product"}],"about":[{"href":"https:\/\/audibax.com\/fr\/wp-json\/wp\/v2\/types\/product"}],"replies":[{"embeddable":true,"href":"https:\/\/audibax.com\/fr\/wp-json\/wp\/v2\/comments?post=42514"}],"wp:featuredmedia":[{"embeddable":true,"href":"https:\/\/audibax.com\/fr\/wp-json\/wp\/v2\/media\/42493"}],"wp:attachment":[{"href":"https:\/\/audibax.com\/fr\/wp-json\/wp\/v2\/media?parent=42514"}],"wp:term":[{"taxonomy":"product_cat","embeddable":true,"href":"https:\/\/audibax.com\/fr\/wp-json\/wp\/v2\/product_cat?post=42514"},{"taxonomy":"product_tag","embeddable":true,"href":"https:\/\/audibax.com\/fr\/wp-json\/wp\/v2\/product_tag?post=42514"}],"curies":[{"name":"wp","href":"https:\/\/api.w.org\/{rel}","templated":true}]}}