{"id":42466,"date":"2024-05-21T16:53:55","date_gmt":"2024-05-21T14:53:55","guid":{"rendered":"https:\/\/audibax.com\/?post_type=product&#038;p=42466"},"modified":"2024-05-21T17:57:42","modified_gmt":"2024-05-21T15:57:42","slug":"neo-bag-lt2","status":"publish","type":"product","link":"https:\/\/audibax.com\/fr\/produit\/neo-bag-lt2\/","title":{"rendered":"Neo Bag LT2"},"content":{"rendered":"<p>Voici notre sac d&rsquo;\u00e9clairage, le compagnon id\u00e9al pour transporter et prot\u00e9ger votre \u00e9quipement d&rsquo;\u00e9clairage dans le confort et le style. Con\u00e7u dans un souci de praticit\u00e9 et de durabilit\u00e9, ce sac offre un rangement s\u00fbr et pratique pour vos \u00e9clairages, c\u00e2bles et accessoires, que vous travailliez en studio, sur sc\u00e8ne ou lors d&rsquo;\u00e9v\u00e9nements mobiles.<\/p>\n<p>Sac de transport en tissu renforc\u00e9<br \/>\n4 compartiments m\u00e9talliques pour 4 projecteurs<br \/>\nPoche zipp\u00e9e sur le c\u00f4t\u00e9 pour ranger les accessoires<br \/>\nPoign\u00e9es rembourr\u00e9es<br \/>\nCouleur : noir<br \/>\nDimensions : 42 x 34 x 24 cm<\/p>\n","protected":false},"excerpt":{"rendered":"<p>Voici notre sac d&rsquo;\u00e9clairage, le compagnon id\u00e9al pour transporter et prot\u00e9ger votre \u00e9quipement d&rsquo;\u00e9clairage dans le confort et le style. Con\u00e7u dans un souci de praticit\u00e9 et de durabilit\u00e9, ce sac offre un rangement s\u00fbr et pratique pour vos \u00e9clairages, c\u00e2bles et accessoires, que vous travailliez en studio, sur sc\u00e8ne ou lors d&rsquo;\u00e9v\u00e9nements mobiles.<\/p>\n<p>Sac de transport en tissu renforc\u00e9<br \/>\n4 compartiments m\u00e9talliques pour 4 projecteurs<br \/>\nPoche zipp\u00e9e sur le c\u00f4t\u00e9 pour ranger les accessoires<br \/>\nPoign\u00e9es rembourr\u00e9es<br \/>\nCouleur : noir<br \/>\nDimensions : 42 x 34 x 24 cm<\/p>\n","protected":false},"featured_media":42467,"comment_status":"open","ping_status":"closed","template":"","meta":{"_acf_changed":false},"product_cat":[339],"product_tag":[],"class_list":{"0":"post-42466","1":"product","2":"type-product","3":"status-publish","4":"has-post-thumbnail","6":"product_cat-flightcase-declairage","8":"first","9":"instock","10":"shipping-taxable","11":"product-type-simple"},"acf":[],"yoast_head":"<!-- This site is optimized with the Yoast SEO plugin v27.0 - https:\/\/yoast.com\/product\/yoast-seo-wordpress\/ -->\n<title>Neo Bag LT2 - Audibax<\/title>\n<meta name=\"robots\" content=\"index, follow, max-snippet:-1, max-image-preview:large, max-video-preview:-1\" \/>\n<link rel=\"canonical\" href=\"https:\/\/audibax.com\/fr\/produit\/neo-bag-lt2\/\" \/>\n<meta property=\"og:locale\" content=\"fr_FR\" \/>\n<meta property=\"og:type\" content=\"article\" \/>\n<meta property=\"og:title\" content=\"Neo Bag LT2 - Audibax\" \/>\n<meta property=\"og:description\" content=\"Voici notre sac d&#039;\u00e9clairage, le compagnon id\u00e9al pour transporter et prot\u00e9ger votre \u00e9quipement d&#039;\u00e9clairage dans le confort et le style. Con\u00e7u dans un souci de praticit\u00e9 et de durabilit\u00e9, ce sac offre un rangement s\u00fbr et pratique pour vos \u00e9clairages, c\u00e2bles et accessoires, que vous travailliez en studio, sur sc\u00e8ne ou lors d&#039;\u00e9v\u00e9nements mobiles.  Sac de transport en tissu renforc\u00e9 4 compartiments m\u00e9talliques pour 4 projecteurs Poche zipp\u00e9e sur le c\u00f4t\u00e9 pour ranger les accessoires Poign\u00e9es rembourr\u00e9es Couleur : noir Dimensions : 42 x 34 x 24 cm\" \/>\n<meta property=\"og:url\" content=\"https:\/\/audibax.com\/fr\/produit\/neo-bag-lt2\/\" \/>\n<meta property=\"og:site_name\" content=\"Audibax\" \/>\n<meta property=\"article:modified_time\" content=\"2024-05-21T15:57:42+00:00\" \/>\n<meta property=\"og:image\" content=\"https:\/\/audibax.com\/wp-content\/uploads\/2024\/05\/NeoBagLT2-1.png\" \/>\n\t<meta property=\"og:image:width\" content=\"2000\" \/>\n\t<meta property=\"og:image:height\" content=\"2000\" \/>\n\t<meta property=\"og:image:type\" content=\"image\/png\" \/>\n<meta name=\"twitter:card\" content=\"summary_large_image\" \/>\n<meta name=\"twitter:label1\" content=\"Dur\u00e9e de lecture estim\u00e9e\" \/>\n\t<meta name=\"twitter:data1\" content=\"1 minute\" \/>\n<script type=\"application\/ld+json\" class=\"yoast-schema-graph\">{\"@context\":\"https:\/\/schema.org\",\"@graph\":[{\"@type\":\"WebPage\",\"@id\":\"https:\/\/audibax.com\/fr\/produit\/neo-bag-lt2\/\",\"url\":\"https:\/\/audibax.com\/fr\/produit\/neo-bag-lt2\/\",\"name\":\"Neo Bag LT2 - Audibax\",\"isPartOf\":{\"@id\":\"https:\/\/audibax.com\/fr\/#website\"},\"primaryImageOfPage\":{\"@id\":\"https:\/\/audibax.com\/fr\/produit\/neo-bag-lt2\/#primaryimage\"},\"image\":{\"@id\":\"https:\/\/audibax.com\/fr\/produit\/neo-bag-lt2\/#primaryimage\"},\"thumbnailUrl\":\"https:\/\/audibax.com\/wp-content\/uploads\/2024\/05\/NeoBagLT2-1.png\",\"datePublished\":\"2024-05-21T14:53:55+00:00\",\"dateModified\":\"2024-05-21T15:57:42+00:00\",\"breadcrumb\":{\"@id\":\"https:\/\/audibax.com\/fr\/produit\/neo-bag-lt2\/#breadcrumb\"},\"inLanguage\":\"fr-FR\",\"potentialAction\":[{\"@type\":\"ReadAction\",\"target\":[\"https:\/\/audibax.com\/fr\/produit\/neo-bag-lt2\/\"]}]},{\"@type\":\"ImageObject\",\"inLanguage\":\"fr-FR\",\"@id\":\"https:\/\/audibax.com\/fr\/produit\/neo-bag-lt2\/#primaryimage\",\"url\":\"https:\/\/audibax.com\/wp-content\/uploads\/2024\/05\/NeoBagLT2-1.png\",\"contentUrl\":\"https:\/\/audibax.com\/wp-content\/uploads\/2024\/05\/NeoBagLT2-1.png\",\"width\":2000,\"height\":2000},{\"@type\":\"BreadcrumbList\",\"@id\":\"https:\/\/audibax.com\/fr\/produit\/neo-bag-lt2\/#breadcrumb\",\"itemListElement\":[{\"@type\":\"ListItem\",\"position\":1,\"name\":\"Portada\",\"item\":\"https:\/\/audibax.com\/fr\/\"},{\"@type\":\"ListItem\",\"position\":2,\"name\":\"Produits\",\"item\":\"https:\/\/audibax.com\/fr\/shop\/\"},{\"@type\":\"ListItem\",\"position\":3,\"name\":\"Neo Bag LT2\"}]},{\"@type\":\"WebSite\",\"@id\":\"https:\/\/audibax.com\/fr\/#website\",\"url\":\"https:\/\/audibax.com\/fr\/\",\"name\":\"Audibax\",\"description\":\"\",\"publisher\":{\"@id\":\"https:\/\/audibax.com\/fr\/#organization\"},\"potentialAction\":[{\"@type\":\"SearchAction\",\"target\":{\"@type\":\"EntryPoint\",\"urlTemplate\":\"https:\/\/audibax.com\/fr\/?s={search_term_string}\"},\"query-input\":{\"@type\":\"PropertyValueSpecification\",\"valueRequired\":true,\"valueName\":\"search_term_string\"}}],\"inLanguage\":\"fr-FR\"},{\"@type\":\"Organization\",\"@id\":\"https:\/\/audibax.com\/fr\/#organization\",\"name\":\"Audibax\",\"url\":\"https:\/\/audibax.com\/fr\/\",\"logo\":{\"@type\":\"ImageObject\",\"inLanguage\":\"fr-FR\",\"@id\":\"https:\/\/audibax.com\/fr\/#\/schema\/logo\/image\/\",\"url\":\"https:\/\/audibax.com\/wp-content\/uploads\/2023\/09\/logo-Audibax-BLANCO-SVG-1.svg\",\"contentUrl\":\"https:\/\/audibax.com\/wp-content\/uploads\/2023\/09\/logo-Audibax-BLANCO-SVG-1.svg\",\"caption\":\"Audibax\"},\"image\":{\"@id\":\"https:\/\/audibax.com\/fr\/#\/schema\/logo\/image\/\"}}]}<\/script>\n<!-- \/ Yoast SEO plugin. -->","yoast_head_json":{"title":"Neo Bag LT2 - Audibax","robots":{"index":"index","follow":"follow","max-snippet":"max-snippet:-1","max-image-preview":"max-image-preview:large","max-video-preview":"max-video-preview:-1"},"canonical":"https:\/\/audibax.com\/fr\/produit\/neo-bag-lt2\/","og_locale":"fr_FR","og_type":"article","og_title":"Neo Bag LT2 - Audibax","og_description":"Voici notre sac d'\u00e9clairage, le compagnon id\u00e9al pour transporter et prot\u00e9ger votre \u00e9quipement d'\u00e9clairage dans le confort et le style. Con\u00e7u dans un souci de praticit\u00e9 et de durabilit\u00e9, ce sac offre un rangement s\u00fbr et pratique pour vos \u00e9clairages, c\u00e2bles et accessoires, que vous travailliez en studio, sur sc\u00e8ne ou lors d'\u00e9v\u00e9nements mobiles.  Sac de transport en tissu renforc\u00e9 4 compartiments m\u00e9talliques pour 4 projecteurs Poche zipp\u00e9e sur le c\u00f4t\u00e9 pour ranger les accessoires Poign\u00e9es rembourr\u00e9es Couleur : noir Dimensions : 42 x 34 x 24 cm","og_url":"https:\/\/audibax.com\/fr\/produit\/neo-bag-lt2\/","og_site_name":"Audibax","article_modified_time":"2024-05-21T15:57:42+00:00","og_image":[{"width":2000,"height":2000,"url":"https:\/\/audibax.com\/wp-content\/uploads\/2024\/05\/NeoBagLT2-1.png","type":"image\/png"}],"twitter_card":"summary_large_image","twitter_misc":{"Dur\u00e9e de lecture estim\u00e9e":"1 minute"},"schema":{"@context":"https:\/\/schema.org","@graph":[{"@type":"WebPage","@id":"https:\/\/audibax.com\/fr\/produit\/neo-bag-lt2\/","url":"https:\/\/audibax.com\/fr\/produit\/neo-bag-lt2\/","name":"Neo Bag LT2 - Audibax","isPartOf":{"@id":"https:\/\/audibax.com\/fr\/#website"},"primaryImageOfPage":{"@id":"https:\/\/audibax.com\/fr\/produit\/neo-bag-lt2\/#primaryimage"},"image":{"@id":"https:\/\/audibax.com\/fr\/produit\/neo-bag-lt2\/#primaryimage"},"thumbnailUrl":"https:\/\/audibax.com\/wp-content\/uploads\/2024\/05\/NeoBagLT2-1.png","datePublished":"2024-05-21T14:53:55+00:00","dateModified":"2024-05-21T15:57:42+00:00","breadcrumb":{"@id":"https:\/\/audibax.com\/fr\/produit\/neo-bag-lt2\/#breadcrumb"},"inLanguage":"fr-FR","potentialAction":[{"@type":"ReadAction","target":["https:\/\/audibax.com\/fr\/produit\/neo-bag-lt2\/"]}]},{"@type":"ImageObject","inLanguage":"fr-FR","@id":"https:\/\/audibax.com\/fr\/produit\/neo-bag-lt2\/#primaryimage","url":"https:\/\/audibax.com\/wp-content\/uploads\/2024\/05\/NeoBagLT2-1.png","contentUrl":"https:\/\/audibax.com\/wp-content\/uploads\/2024\/05\/NeoBagLT2-1.png","width":2000,"height":2000},{"@type":"BreadcrumbList","@id":"https:\/\/audibax.com\/fr\/produit\/neo-bag-lt2\/#breadcrumb","itemListElement":[{"@type":"ListItem","position":1,"name":"Portada","item":"https:\/\/audibax.com\/fr\/"},{"@type":"ListItem","position":2,"name":"Produits","item":"https:\/\/audibax.com\/fr\/shop\/"},{"@type":"ListItem","position":3,"name":"Neo Bag LT2"}]},{"@type":"WebSite","@id":"https:\/\/audibax.com\/fr\/#website","url":"https:\/\/audibax.com\/fr\/","name":"Audibax","description":"","publisher":{"@id":"https:\/\/audibax.com\/fr\/#organization"},"potentialAction":[{"@type":"SearchAction","target":{"@type":"EntryPoint","urlTemplate":"https:\/\/audibax.com\/fr\/?s={search_term_string}"},"query-input":{"@type":"PropertyValueSpecification","valueRequired":true,"valueName":"search_term_string"}}],"inLanguage":"fr-FR"},{"@type":"Organization","@id":"https:\/\/audibax.com\/fr\/#organization","name":"Audibax","url":"https:\/\/audibax.com\/fr\/","logo":{"@type":"ImageObject","inLanguage":"fr-FR","@id":"https:\/\/audibax.com\/fr\/#\/schema\/logo\/image\/","url":"https:\/\/audibax.com\/wp-content\/uploads\/2023\/09\/logo-Audibax-BLANCO-SVG-1.svg","contentUrl":"https:\/\/audibax.com\/wp-content\/uploads\/2023\/09\/logo-Audibax-BLANCO-SVG-1.svg","caption":"Audibax"},"image":{"@id":"https:\/\/audibax.com\/fr\/#\/schema\/logo\/image\/"}}]}},"_links":{"self":[{"href":"https:\/\/audibax.com\/fr\/wp-json\/wp\/v2\/product\/42466","targetHints":{"allow":["GET"]}}],"collection":[{"href":"https:\/\/audibax.com\/fr\/wp-json\/wp\/v2\/product"}],"about":[{"href":"https:\/\/audibax.com\/fr\/wp-json\/wp\/v2\/types\/product"}],"replies":[{"embeddable":true,"href":"https:\/\/audibax.com\/fr\/wp-json\/wp\/v2\/comments?post=42466"}],"wp:featuredmedia":[{"embeddable":true,"href":"https:\/\/audibax.com\/fr\/wp-json\/wp\/v2\/media\/42467"}],"wp:attachment":[{"href":"https:\/\/audibax.com\/fr\/wp-json\/wp\/v2\/media?parent=42466"}],"wp:term":[{"taxonomy":"product_cat","embeddable":true,"href":"https:\/\/audibax.com\/fr\/wp-json\/wp\/v2\/product_cat?post=42466"},{"taxonomy":"product_tag","embeddable":true,"href":"https:\/\/audibax.com\/fr\/wp-json\/wp\/v2\/product_tag?post=42466"}],"curies":[{"name":"wp","href":"https:\/\/api.w.org\/{rel}","templated":true}]}}