{"id":42465,"date":"2024-05-21T16:38:38","date_gmt":"2024-05-21T14:38:38","guid":{"rendered":"https:\/\/audibax.com\/?post_type=product&#038;p=42465"},"modified":"2024-05-21T16:45:06","modified_gmt":"2024-05-21T14:45:06","slug":"neo-bag-lt1","status":"publish","type":"product","link":"https:\/\/audibax.com\/fr\/produit\/neo-bag-lt1\/","title":{"rendered":"Neo Bag LT1"},"content":{"rendered":"<p>Voici notre sac d&rsquo;\u00e9clairage, le compagnon id\u00e9al pour transporter et prot\u00e9ger votre \u00e9quipement d&rsquo;\u00e9clairage dans le confort et le style. Con\u00e7u dans un souci de praticit\u00e9 et de durabilit\u00e9, ce sac offre un rangement s\u00fbr et pratique pour vos \u00e9clairages, c\u00e2bles et accessoires, que vous travailliez en studio, sur sc\u00e8ne ou lors d&rsquo;\u00e9v\u00e9nements mobiles.<\/p>\n<p>Convient pour ranger jusqu&rsquo;\u00e0 4 PAR minces.<br \/>\nSac avec cloisons amovibles et rembourr\u00e9es<br \/>\n2 poches ext\u00e9rieures pour ranger toutes sortes d&rsquo;accessoires<br \/>\nFabriqu\u00e9 en mat\u00e9riau synth\u00e9tique de haute qualit\u00e9, anti-salissures et l\u00e9ger<br \/>\nDimensions int\u00e9rieures : 500 x 290 x 280 mm<\/p>\n","protected":false},"excerpt":{"rendered":"<p>Voici notre sac d&rsquo;\u00e9clairage, le compagnon id\u00e9al pour transporter et prot\u00e9ger votre \u00e9quipement d&rsquo;\u00e9clairage dans le confort et le style. Con\u00e7u dans un souci de praticit\u00e9 et de durabilit\u00e9, ce sac offre un rangement s\u00fbr et pratique pour vos \u00e9clairages, c\u00e2bles et accessoires, que vous travailliez en studio, sur sc\u00e8ne ou lors d&rsquo;\u00e9v\u00e9nements mobiles.<\/p>\n<p>Convient pour ranger jusqu&rsquo;\u00e0 4 PAR minces.<br \/>\nSac avec cloisons amovibles et rembourr\u00e9es<br \/>\n2 poches ext\u00e9rieures pour ranger toutes sortes d&rsquo;accessoires<br \/>\nFabriqu\u00e9 en mat\u00e9riau synth\u00e9tique de haute qualit\u00e9, anti-salissures et l\u00e9ger<br \/>\nDimensions int\u00e9rieures : 500 x 290 x 280 mm<\/p>\n","protected":false},"featured_media":42444,"comment_status":"open","ping_status":"closed","template":"","meta":{"_acf_changed":false},"product_cat":[339],"product_tag":[],"class_list":{"0":"post-42465","1":"product","2":"type-product","3":"status-publish","4":"has-post-thumbnail","6":"product_cat-flightcase-declairage","8":"first","9":"instock","10":"shipping-taxable","11":"product-type-simple"},"acf":[],"yoast_head":"<!-- This site is optimized with the Yoast SEO plugin v27.0 - https:\/\/yoast.com\/product\/yoast-seo-wordpress\/ -->\n<title>Neo Bag LT1 - Audibax<\/title>\n<meta name=\"robots\" content=\"index, follow, max-snippet:-1, max-image-preview:large, max-video-preview:-1\" \/>\n<link rel=\"canonical\" href=\"https:\/\/audibax.com\/fr\/produit\/neo-bag-lt1\/\" \/>\n<meta property=\"og:locale\" content=\"fr_FR\" \/>\n<meta property=\"og:type\" content=\"article\" \/>\n<meta property=\"og:title\" content=\"Neo Bag LT1 - Audibax\" \/>\n<meta property=\"og:description\" content=\"Voici notre sac d&#039;\u00e9clairage, le compagnon id\u00e9al pour transporter et prot\u00e9ger votre \u00e9quipement d&#039;\u00e9clairage dans le confort et le style. Con\u00e7u dans un souci de praticit\u00e9 et de durabilit\u00e9, ce sac offre un rangement s\u00fbr et pratique pour vos \u00e9clairages, c\u00e2bles et accessoires, que vous travailliez en studio, sur sc\u00e8ne ou lors d&#039;\u00e9v\u00e9nements mobiles.  Convient pour ranger jusqu&#039;\u00e0 4 PAR minces. Sac avec cloisons amovibles et rembourr\u00e9es 2 poches ext\u00e9rieures pour ranger toutes sortes d&#039;accessoires Fabriqu\u00e9 en mat\u00e9riau synth\u00e9tique de haute qualit\u00e9, anti-salissures et l\u00e9ger Dimensions int\u00e9rieures : 500 x 290 x 280 mm\" \/>\n<meta property=\"og:url\" content=\"https:\/\/audibax.com\/fr\/produit\/neo-bag-lt1\/\" \/>\n<meta property=\"og:site_name\" content=\"Audibax\" \/>\n<meta property=\"article:modified_time\" content=\"2024-05-21T14:45:06+00:00\" \/>\n<meta property=\"og:image\" content=\"https:\/\/audibax.com\/wp-content\/uploads\/2024\/05\/NeoBagLT1-1.png\" \/>\n\t<meta property=\"og:image:width\" content=\"2000\" \/>\n\t<meta property=\"og:image:height\" content=\"2000\" \/>\n\t<meta property=\"og:image:type\" content=\"image\/png\" \/>\n<meta name=\"twitter:card\" content=\"summary_large_image\" \/>\n<meta name=\"twitter:label1\" content=\"Dur\u00e9e de lecture estim\u00e9e\" \/>\n\t<meta name=\"twitter:data1\" content=\"1 minute\" \/>\n<script type=\"application\/ld+json\" class=\"yoast-schema-graph\">{\"@context\":\"https:\/\/schema.org\",\"@graph\":[{\"@type\":\"WebPage\",\"@id\":\"https:\/\/audibax.com\/fr\/produit\/neo-bag-lt1\/\",\"url\":\"https:\/\/audibax.com\/fr\/produit\/neo-bag-lt1\/\",\"name\":\"Neo Bag LT1 - Audibax\",\"isPartOf\":{\"@id\":\"https:\/\/audibax.com\/fr\/#website\"},\"primaryImageOfPage\":{\"@id\":\"https:\/\/audibax.com\/fr\/produit\/neo-bag-lt1\/#primaryimage\"},\"image\":{\"@id\":\"https:\/\/audibax.com\/fr\/produit\/neo-bag-lt1\/#primaryimage\"},\"thumbnailUrl\":\"https:\/\/audibax.com\/wp-content\/uploads\/2024\/05\/NeoBagLT1-1.png\",\"datePublished\":\"2024-05-21T14:38:38+00:00\",\"dateModified\":\"2024-05-21T14:45:06+00:00\",\"breadcrumb\":{\"@id\":\"https:\/\/audibax.com\/fr\/produit\/neo-bag-lt1\/#breadcrumb\"},\"inLanguage\":\"fr-FR\",\"potentialAction\":[{\"@type\":\"ReadAction\",\"target\":[\"https:\/\/audibax.com\/fr\/produit\/neo-bag-lt1\/\"]}]},{\"@type\":\"ImageObject\",\"inLanguage\":\"fr-FR\",\"@id\":\"https:\/\/audibax.com\/fr\/produit\/neo-bag-lt1\/#primaryimage\",\"url\":\"https:\/\/audibax.com\/wp-content\/uploads\/2024\/05\/NeoBagLT1-1.png\",\"contentUrl\":\"https:\/\/audibax.com\/wp-content\/uploads\/2024\/05\/NeoBagLT1-1.png\",\"width\":2000,\"height\":2000},{\"@type\":\"BreadcrumbList\",\"@id\":\"https:\/\/audibax.com\/fr\/produit\/neo-bag-lt1\/#breadcrumb\",\"itemListElement\":[{\"@type\":\"ListItem\",\"position\":1,\"name\":\"Portada\",\"item\":\"https:\/\/audibax.com\/fr\/\"},{\"@type\":\"ListItem\",\"position\":2,\"name\":\"Produits\",\"item\":\"https:\/\/audibax.com\/fr\/shop\/\"},{\"@type\":\"ListItem\",\"position\":3,\"name\":\"Neo Bag LT1\"}]},{\"@type\":\"WebSite\",\"@id\":\"https:\/\/audibax.com\/fr\/#website\",\"url\":\"https:\/\/audibax.com\/fr\/\",\"name\":\"Audibax\",\"description\":\"\",\"publisher\":{\"@id\":\"https:\/\/audibax.com\/fr\/#organization\"},\"potentialAction\":[{\"@type\":\"SearchAction\",\"target\":{\"@type\":\"EntryPoint\",\"urlTemplate\":\"https:\/\/audibax.com\/fr\/?s={search_term_string}\"},\"query-input\":{\"@type\":\"PropertyValueSpecification\",\"valueRequired\":true,\"valueName\":\"search_term_string\"}}],\"inLanguage\":\"fr-FR\"},{\"@type\":\"Organization\",\"@id\":\"https:\/\/audibax.com\/fr\/#organization\",\"name\":\"Audibax\",\"url\":\"https:\/\/audibax.com\/fr\/\",\"logo\":{\"@type\":\"ImageObject\",\"inLanguage\":\"fr-FR\",\"@id\":\"https:\/\/audibax.com\/fr\/#\/schema\/logo\/image\/\",\"url\":\"https:\/\/audibax.com\/wp-content\/uploads\/2023\/09\/logo-Audibax-BLANCO-SVG-1.svg\",\"contentUrl\":\"https:\/\/audibax.com\/wp-content\/uploads\/2023\/09\/logo-Audibax-BLANCO-SVG-1.svg\",\"caption\":\"Audibax\"},\"image\":{\"@id\":\"https:\/\/audibax.com\/fr\/#\/schema\/logo\/image\/\"}}]}<\/script>\n<!-- \/ Yoast SEO plugin. -->","yoast_head_json":{"title":"Neo Bag LT1 - Audibax","robots":{"index":"index","follow":"follow","max-snippet":"max-snippet:-1","max-image-preview":"max-image-preview:large","max-video-preview":"max-video-preview:-1"},"canonical":"https:\/\/audibax.com\/fr\/produit\/neo-bag-lt1\/","og_locale":"fr_FR","og_type":"article","og_title":"Neo Bag LT1 - Audibax","og_description":"Voici notre sac d'\u00e9clairage, le compagnon id\u00e9al pour transporter et prot\u00e9ger votre \u00e9quipement d'\u00e9clairage dans le confort et le style. Con\u00e7u dans un souci de praticit\u00e9 et de durabilit\u00e9, ce sac offre un rangement s\u00fbr et pratique pour vos \u00e9clairages, c\u00e2bles et accessoires, que vous travailliez en studio, sur sc\u00e8ne ou lors d'\u00e9v\u00e9nements mobiles.  Convient pour ranger jusqu'\u00e0 4 PAR minces. Sac avec cloisons amovibles et rembourr\u00e9es 2 poches ext\u00e9rieures pour ranger toutes sortes d'accessoires Fabriqu\u00e9 en mat\u00e9riau synth\u00e9tique de haute qualit\u00e9, anti-salissures et l\u00e9ger Dimensions int\u00e9rieures : 500 x 290 x 280 mm","og_url":"https:\/\/audibax.com\/fr\/produit\/neo-bag-lt1\/","og_site_name":"Audibax","article_modified_time":"2024-05-21T14:45:06+00:00","og_image":[{"width":2000,"height":2000,"url":"https:\/\/audibax.com\/wp-content\/uploads\/2024\/05\/NeoBagLT1-1.png","type":"image\/png"}],"twitter_card":"summary_large_image","twitter_misc":{"Dur\u00e9e de lecture estim\u00e9e":"1 minute"},"schema":{"@context":"https:\/\/schema.org","@graph":[{"@type":"WebPage","@id":"https:\/\/audibax.com\/fr\/produit\/neo-bag-lt1\/","url":"https:\/\/audibax.com\/fr\/produit\/neo-bag-lt1\/","name":"Neo Bag LT1 - Audibax","isPartOf":{"@id":"https:\/\/audibax.com\/fr\/#website"},"primaryImageOfPage":{"@id":"https:\/\/audibax.com\/fr\/produit\/neo-bag-lt1\/#primaryimage"},"image":{"@id":"https:\/\/audibax.com\/fr\/produit\/neo-bag-lt1\/#primaryimage"},"thumbnailUrl":"https:\/\/audibax.com\/wp-content\/uploads\/2024\/05\/NeoBagLT1-1.png","datePublished":"2024-05-21T14:38:38+00:00","dateModified":"2024-05-21T14:45:06+00:00","breadcrumb":{"@id":"https:\/\/audibax.com\/fr\/produit\/neo-bag-lt1\/#breadcrumb"},"inLanguage":"fr-FR","potentialAction":[{"@type":"ReadAction","target":["https:\/\/audibax.com\/fr\/produit\/neo-bag-lt1\/"]}]},{"@type":"ImageObject","inLanguage":"fr-FR","@id":"https:\/\/audibax.com\/fr\/produit\/neo-bag-lt1\/#primaryimage","url":"https:\/\/audibax.com\/wp-content\/uploads\/2024\/05\/NeoBagLT1-1.png","contentUrl":"https:\/\/audibax.com\/wp-content\/uploads\/2024\/05\/NeoBagLT1-1.png","width":2000,"height":2000},{"@type":"BreadcrumbList","@id":"https:\/\/audibax.com\/fr\/produit\/neo-bag-lt1\/#breadcrumb","itemListElement":[{"@type":"ListItem","position":1,"name":"Portada","item":"https:\/\/audibax.com\/fr\/"},{"@type":"ListItem","position":2,"name":"Produits","item":"https:\/\/audibax.com\/fr\/shop\/"},{"@type":"ListItem","position":3,"name":"Neo Bag LT1"}]},{"@type":"WebSite","@id":"https:\/\/audibax.com\/fr\/#website","url":"https:\/\/audibax.com\/fr\/","name":"Audibax","description":"","publisher":{"@id":"https:\/\/audibax.com\/fr\/#organization"},"potentialAction":[{"@type":"SearchAction","target":{"@type":"EntryPoint","urlTemplate":"https:\/\/audibax.com\/fr\/?s={search_term_string}"},"query-input":{"@type":"PropertyValueSpecification","valueRequired":true,"valueName":"search_term_string"}}],"inLanguage":"fr-FR"},{"@type":"Organization","@id":"https:\/\/audibax.com\/fr\/#organization","name":"Audibax","url":"https:\/\/audibax.com\/fr\/","logo":{"@type":"ImageObject","inLanguage":"fr-FR","@id":"https:\/\/audibax.com\/fr\/#\/schema\/logo\/image\/","url":"https:\/\/audibax.com\/wp-content\/uploads\/2023\/09\/logo-Audibax-BLANCO-SVG-1.svg","contentUrl":"https:\/\/audibax.com\/wp-content\/uploads\/2023\/09\/logo-Audibax-BLANCO-SVG-1.svg","caption":"Audibax"},"image":{"@id":"https:\/\/audibax.com\/fr\/#\/schema\/logo\/image\/"}}]}},"_links":{"self":[{"href":"https:\/\/audibax.com\/fr\/wp-json\/wp\/v2\/product\/42465","targetHints":{"allow":["GET"]}}],"collection":[{"href":"https:\/\/audibax.com\/fr\/wp-json\/wp\/v2\/product"}],"about":[{"href":"https:\/\/audibax.com\/fr\/wp-json\/wp\/v2\/types\/product"}],"replies":[{"embeddable":true,"href":"https:\/\/audibax.com\/fr\/wp-json\/wp\/v2\/comments?post=42465"}],"wp:featuredmedia":[{"embeddable":true,"href":"https:\/\/audibax.com\/fr\/wp-json\/wp\/v2\/media\/42444"}],"wp:attachment":[{"href":"https:\/\/audibax.com\/fr\/wp-json\/wp\/v2\/media?parent=42465"}],"wp:term":[{"taxonomy":"product_cat","embeddable":true,"href":"https:\/\/audibax.com\/fr\/wp-json\/wp\/v2\/product_cat?post=42465"},{"taxonomy":"product_tag","embeddable":true,"href":"https:\/\/audibax.com\/fr\/wp-json\/wp\/v2\/product_tag?post=42465"}],"curies":[{"name":"wp","href":"https:\/\/api.w.org\/{rel}","templated":true}]}}