{"id":42440,"date":"2024-05-21T15:58:28","date_gmt":"2024-05-21T13:58:28","guid":{"rendered":"https:\/\/audibax.com\/?post_type=product&#038;p=42440"},"modified":"2024-05-21T16:20:43","modified_gmt":"2024-05-21T14:20:43","slug":"neo-mb-1","status":"publish","type":"product","link":"https:\/\/audibax.com\/fr\/produit\/neo-mb-1\/","title":{"rendered":"Neo MB 1"},"content":{"rendered":"<p>Audibax Neo MB 1 est un sac pour 8 microphones. Fabriqu\u00e9e \u00e0 partir de mat\u00e9riaux durables et r\u00e9sistants, notre sac offre une protection optimale contre les \u00e9l\u00e9ments et l&rsquo;usure quotidienne. Sa conception rembourr\u00e9e et personnalisable garantit que chaque microphone est prot\u00e9g\u00e9 contre les chocs et les rayures pendant le transport, tandis que des s\u00e9parateurs internes r\u00e9glables permettent d&rsquo;organiser les microphones et de les maintenir en place en toute s\u00e9curit\u00e9.<\/p>\n<p>Sac pouvant contenir jusqu&rsquo;\u00e0 8 microphones<br \/>\nEspace pour les microphones de Lavalier, les c\u00e2bles, etc.<br \/>\nFermeture \u00e9clair sur le devant<br \/>\nBandouli\u00e8re rembourr\u00e9e<br \/>\nDimensions ext\u00e9rieures : 240 x 280 x 270 mm (L x l x h)<br \/>\nCouleur : Noir<\/p>\n","protected":false},"excerpt":{"rendered":"<p>Audibax Neo MB 1 est un sac pour 8 microphones. Fabriqu\u00e9e \u00e0 partir de mat\u00e9riaux durables et r\u00e9sistants, notre sac offre une protection optimale contre les \u00e9l\u00e9ments et l&rsquo;usure quotidienne. Sa conception rembourr\u00e9e et personnalisable garantit que chaque microphone est prot\u00e9g\u00e9 contre les chocs et les rayures pendant le transport, tandis que des s\u00e9parateurs internes r\u00e9glables permettent d&rsquo;organiser les microphones et de les maintenir en place en toute s\u00e9curit\u00e9.<\/p>\n<p>Sac pouvant contenir jusqu&rsquo;\u00e0 8 microphones<br \/>\nEspace pour les microphones de Lavalier, les c\u00e2bles, etc.<br \/>\nFermeture \u00e9clair sur le devant<br \/>\nBandouli\u00e8re rembourr\u00e9e<br \/>\nDimensions ext\u00e9rieures : 240 x 280 x 270 mm (L x l x h)<br \/>\nCouleur : Noir<\/p>\n","protected":false},"featured_media":42418,"comment_status":"open","ping_status":"closed","template":"","meta":{"_acf_changed":false},"product_cat":[327],"product_tag":[],"class_list":{"0":"post-42440","1":"product","2":"type-product","3":"status-publish","4":"has-post-thumbnail","6":"product_cat-cas","8":"first","9":"instock","10":"shipping-taxable","11":"product-type-simple"},"acf":[],"yoast_head":"<!-- This site is optimized with the Yoast SEO plugin v27.0 - https:\/\/yoast.com\/product\/yoast-seo-wordpress\/ -->\n<title>Neo MB 1 - Audibax<\/title>\n<meta name=\"robots\" content=\"index, follow, max-snippet:-1, max-image-preview:large, max-video-preview:-1\" \/>\n<link rel=\"canonical\" href=\"https:\/\/audibax.com\/fr\/produit\/neo-mb-1\/\" \/>\n<meta property=\"og:locale\" content=\"fr_FR\" \/>\n<meta property=\"og:type\" content=\"article\" \/>\n<meta property=\"og:title\" content=\"Neo MB 1 - Audibax\" \/>\n<meta property=\"og:description\" content=\"Audibax Neo MB 1 est un sac pour 8 microphones. Fabriqu\u00e9e \u00e0 partir de mat\u00e9riaux durables et r\u00e9sistants, notre sac offre une protection optimale contre les \u00e9l\u00e9ments et l&#039;usure quotidienne. Sa conception rembourr\u00e9e et personnalisable garantit que chaque microphone est prot\u00e9g\u00e9 contre les chocs et les rayures pendant le transport, tandis que des s\u00e9parateurs internes r\u00e9glables permettent d&#039;organiser les microphones et de les maintenir en place en toute s\u00e9curit\u00e9.  Sac pouvant contenir jusqu&#039;\u00e0 8 microphones Espace pour les microphones de Lavalier, les c\u00e2bles, etc. Fermeture \u00e9clair sur le devant Bandouli\u00e8re rembourr\u00e9e Dimensions ext\u00e9rieures : 240 x 280 x 270 mm (L x l x h) Couleur : Noir\" \/>\n<meta property=\"og:url\" content=\"https:\/\/audibax.com\/fr\/produit\/neo-mb-1\/\" \/>\n<meta property=\"og:site_name\" content=\"Audibax\" \/>\n<meta property=\"article:modified_time\" content=\"2024-05-21T14:20:43+00:00\" \/>\n<meta property=\"og:image\" content=\"https:\/\/audibax.com\/wp-content\/uploads\/2024\/05\/NEO-MB1-1-1024x1024.png\" \/>\n\t<meta property=\"og:image:width\" content=\"1024\" \/>\n\t<meta property=\"og:image:height\" content=\"1024\" \/>\n\t<meta property=\"og:image:type\" content=\"image\/png\" \/>\n<meta name=\"twitter:card\" content=\"summary_large_image\" \/>\n<meta name=\"twitter:label1\" content=\"Dur\u00e9e de lecture estim\u00e9e\" \/>\n\t<meta name=\"twitter:data1\" content=\"1 minute\" \/>\n<script type=\"application\/ld+json\" class=\"yoast-schema-graph\">{\"@context\":\"https:\/\/schema.org\",\"@graph\":[{\"@type\":\"WebPage\",\"@id\":\"https:\/\/audibax.com\/fr\/produit\/neo-mb-1\/\",\"url\":\"https:\/\/audibax.com\/fr\/produit\/neo-mb-1\/\",\"name\":\"Neo MB 1 - Audibax\",\"isPartOf\":{\"@id\":\"https:\/\/audibax.com\/fr\/#website\"},\"primaryImageOfPage\":{\"@id\":\"https:\/\/audibax.com\/fr\/produit\/neo-mb-1\/#primaryimage\"},\"image\":{\"@id\":\"https:\/\/audibax.com\/fr\/produit\/neo-mb-1\/#primaryimage\"},\"thumbnailUrl\":\"https:\/\/audibax.com\/wp-content\/uploads\/2024\/05\/NEO-MB1-1.png\",\"datePublished\":\"2024-05-21T13:58:28+00:00\",\"dateModified\":\"2024-05-21T14:20:43+00:00\",\"breadcrumb\":{\"@id\":\"https:\/\/audibax.com\/fr\/produit\/neo-mb-1\/#breadcrumb\"},\"inLanguage\":\"fr-FR\",\"potentialAction\":[{\"@type\":\"ReadAction\",\"target\":[\"https:\/\/audibax.com\/fr\/produit\/neo-mb-1\/\"]}]},{\"@type\":\"ImageObject\",\"inLanguage\":\"fr-FR\",\"@id\":\"https:\/\/audibax.com\/fr\/produit\/neo-mb-1\/#primaryimage\",\"url\":\"https:\/\/audibax.com\/wp-content\/uploads\/2024\/05\/NEO-MB1-1.png\",\"contentUrl\":\"https:\/\/audibax.com\/wp-content\/uploads\/2024\/05\/NEO-MB1-1.png\",\"width\":2000,\"height\":2000},{\"@type\":\"BreadcrumbList\",\"@id\":\"https:\/\/audibax.com\/fr\/produit\/neo-mb-1\/#breadcrumb\",\"itemListElement\":[{\"@type\":\"ListItem\",\"position\":1,\"name\":\"Portada\",\"item\":\"https:\/\/audibax.com\/fr\/\"},{\"@type\":\"ListItem\",\"position\":2,\"name\":\"Produits\",\"item\":\"https:\/\/audibax.com\/fr\/shop\/\"},{\"@type\":\"ListItem\",\"position\":3,\"name\":\"Neo MB 1\"}]},{\"@type\":\"WebSite\",\"@id\":\"https:\/\/audibax.com\/fr\/#website\",\"url\":\"https:\/\/audibax.com\/fr\/\",\"name\":\"Audibax\",\"description\":\"\",\"publisher\":{\"@id\":\"https:\/\/audibax.com\/fr\/#organization\"},\"potentialAction\":[{\"@type\":\"SearchAction\",\"target\":{\"@type\":\"EntryPoint\",\"urlTemplate\":\"https:\/\/audibax.com\/fr\/?s={search_term_string}\"},\"query-input\":{\"@type\":\"PropertyValueSpecification\",\"valueRequired\":true,\"valueName\":\"search_term_string\"}}],\"inLanguage\":\"fr-FR\"},{\"@type\":\"Organization\",\"@id\":\"https:\/\/audibax.com\/fr\/#organization\",\"name\":\"Audibax\",\"url\":\"https:\/\/audibax.com\/fr\/\",\"logo\":{\"@type\":\"ImageObject\",\"inLanguage\":\"fr-FR\",\"@id\":\"https:\/\/audibax.com\/fr\/#\/schema\/logo\/image\/\",\"url\":\"https:\/\/audibax.com\/wp-content\/uploads\/2023\/09\/logo-Audibax-BLANCO-SVG-1.svg\",\"contentUrl\":\"https:\/\/audibax.com\/wp-content\/uploads\/2023\/09\/logo-Audibax-BLANCO-SVG-1.svg\",\"caption\":\"Audibax\"},\"image\":{\"@id\":\"https:\/\/audibax.com\/fr\/#\/schema\/logo\/image\/\"}}]}<\/script>\n<!-- \/ Yoast SEO plugin. -->","yoast_head_json":{"title":"Neo MB 1 - Audibax","robots":{"index":"index","follow":"follow","max-snippet":"max-snippet:-1","max-image-preview":"max-image-preview:large","max-video-preview":"max-video-preview:-1"},"canonical":"https:\/\/audibax.com\/fr\/produit\/neo-mb-1\/","og_locale":"fr_FR","og_type":"article","og_title":"Neo MB 1 - Audibax","og_description":"Audibax Neo MB 1 est un sac pour 8 microphones. Fabriqu\u00e9e \u00e0 partir de mat\u00e9riaux durables et r\u00e9sistants, notre sac offre une protection optimale contre les \u00e9l\u00e9ments et l'usure quotidienne. Sa conception rembourr\u00e9e et personnalisable garantit que chaque microphone est prot\u00e9g\u00e9 contre les chocs et les rayures pendant le transport, tandis que des s\u00e9parateurs internes r\u00e9glables permettent d'organiser les microphones et de les maintenir en place en toute s\u00e9curit\u00e9.  Sac pouvant contenir jusqu'\u00e0 8 microphones Espace pour les microphones de Lavalier, les c\u00e2bles, etc. Fermeture \u00e9clair sur le devant Bandouli\u00e8re rembourr\u00e9e Dimensions ext\u00e9rieures : 240 x 280 x 270 mm (L x l x h) Couleur : Noir","og_url":"https:\/\/audibax.com\/fr\/produit\/neo-mb-1\/","og_site_name":"Audibax","article_modified_time":"2024-05-21T14:20:43+00:00","og_image":[{"width":1024,"height":1024,"url":"https:\/\/audibax.com\/wp-content\/uploads\/2024\/05\/NEO-MB1-1-1024x1024.png","type":"image\/png"}],"twitter_card":"summary_large_image","twitter_misc":{"Dur\u00e9e de lecture estim\u00e9e":"1 minute"},"schema":{"@context":"https:\/\/schema.org","@graph":[{"@type":"WebPage","@id":"https:\/\/audibax.com\/fr\/produit\/neo-mb-1\/","url":"https:\/\/audibax.com\/fr\/produit\/neo-mb-1\/","name":"Neo MB 1 - Audibax","isPartOf":{"@id":"https:\/\/audibax.com\/fr\/#website"},"primaryImageOfPage":{"@id":"https:\/\/audibax.com\/fr\/produit\/neo-mb-1\/#primaryimage"},"image":{"@id":"https:\/\/audibax.com\/fr\/produit\/neo-mb-1\/#primaryimage"},"thumbnailUrl":"https:\/\/audibax.com\/wp-content\/uploads\/2024\/05\/NEO-MB1-1.png","datePublished":"2024-05-21T13:58:28+00:00","dateModified":"2024-05-21T14:20:43+00:00","breadcrumb":{"@id":"https:\/\/audibax.com\/fr\/produit\/neo-mb-1\/#breadcrumb"},"inLanguage":"fr-FR","potentialAction":[{"@type":"ReadAction","target":["https:\/\/audibax.com\/fr\/produit\/neo-mb-1\/"]}]},{"@type":"ImageObject","inLanguage":"fr-FR","@id":"https:\/\/audibax.com\/fr\/produit\/neo-mb-1\/#primaryimage","url":"https:\/\/audibax.com\/wp-content\/uploads\/2024\/05\/NEO-MB1-1.png","contentUrl":"https:\/\/audibax.com\/wp-content\/uploads\/2024\/05\/NEO-MB1-1.png","width":2000,"height":2000},{"@type":"BreadcrumbList","@id":"https:\/\/audibax.com\/fr\/produit\/neo-mb-1\/#breadcrumb","itemListElement":[{"@type":"ListItem","position":1,"name":"Portada","item":"https:\/\/audibax.com\/fr\/"},{"@type":"ListItem","position":2,"name":"Produits","item":"https:\/\/audibax.com\/fr\/shop\/"},{"@type":"ListItem","position":3,"name":"Neo MB 1"}]},{"@type":"WebSite","@id":"https:\/\/audibax.com\/fr\/#website","url":"https:\/\/audibax.com\/fr\/","name":"Audibax","description":"","publisher":{"@id":"https:\/\/audibax.com\/fr\/#organization"},"potentialAction":[{"@type":"SearchAction","target":{"@type":"EntryPoint","urlTemplate":"https:\/\/audibax.com\/fr\/?s={search_term_string}"},"query-input":{"@type":"PropertyValueSpecification","valueRequired":true,"valueName":"search_term_string"}}],"inLanguage":"fr-FR"},{"@type":"Organization","@id":"https:\/\/audibax.com\/fr\/#organization","name":"Audibax","url":"https:\/\/audibax.com\/fr\/","logo":{"@type":"ImageObject","inLanguage":"fr-FR","@id":"https:\/\/audibax.com\/fr\/#\/schema\/logo\/image\/","url":"https:\/\/audibax.com\/wp-content\/uploads\/2023\/09\/logo-Audibax-BLANCO-SVG-1.svg","contentUrl":"https:\/\/audibax.com\/wp-content\/uploads\/2023\/09\/logo-Audibax-BLANCO-SVG-1.svg","caption":"Audibax"},"image":{"@id":"https:\/\/audibax.com\/fr\/#\/schema\/logo\/image\/"}}]}},"_links":{"self":[{"href":"https:\/\/audibax.com\/fr\/wp-json\/wp\/v2\/product\/42440","targetHints":{"allow":["GET"]}}],"collection":[{"href":"https:\/\/audibax.com\/fr\/wp-json\/wp\/v2\/product"}],"about":[{"href":"https:\/\/audibax.com\/fr\/wp-json\/wp\/v2\/types\/product"}],"replies":[{"embeddable":true,"href":"https:\/\/audibax.com\/fr\/wp-json\/wp\/v2\/comments?post=42440"}],"wp:featuredmedia":[{"embeddable":true,"href":"https:\/\/audibax.com\/fr\/wp-json\/wp\/v2\/media\/42418"}],"wp:attachment":[{"href":"https:\/\/audibax.com\/fr\/wp-json\/wp\/v2\/media?parent=42440"}],"wp:term":[{"taxonomy":"product_cat","embeddable":true,"href":"https:\/\/audibax.com\/fr\/wp-json\/wp\/v2\/product_cat?post=42440"},{"taxonomy":"product_tag","embeddable":true,"href":"https:\/\/audibax.com\/fr\/wp-json\/wp\/v2\/product_tag?post=42440"}],"curies":[{"name":"wp","href":"https:\/\/api.w.org\/{rel}","templated":true}]}}