{"id":41485,"date":"2024-01-24T14:16:09","date_gmt":"2024-01-24T13:16:09","guid":{"rendered":"https:\/\/audibax.com\/product\/r1-poe-psu-black\/"},"modified":"2024-01-24T17:20:26","modified_gmt":"2024-01-24T16:20:26","slug":"r1-poe-psu-black","status":"publish","type":"product","link":"https:\/\/audibax.com\/fr\/produit\/r1-poe-psu-black\/","title":{"rendered":"R1 PoE PSU Black"},"content":{"rendered":"<p>Ce r\u00e9partiteur PoE permet d&rsquo;alimenter une cam\u00e9ra IP et de la connecter \u00e0 un c\u00e2ble Ethernet avec l&rsquo;alimentation par Ethernet (PoE). Il est utile dans les cas o\u00f9 l&rsquo;alimentation PoE est n\u00e9cessaire pour alimenter une cam\u00e9ra IP qui ne dispose pas de cette fonction, ce qui simplifie l&rsquo;installation et r\u00e9duit les co\u00fbts.<\/p>\n<p>Le c\u00e2ble Ethernet aliment\u00e9 par PoE est connect\u00e9 \u00e0 l&rsquo;appareil via RJ45. Il poss\u00e8de deux sorties: l&rsquo;une pour la transmission des donn\u00e9es (connecteur RJ45) et l&rsquo;autre pour l&rsquo;alimentation \u00e9lectrique (connecteur jack) avec une tension de sortie de 12 V DC.<\/p>\n<p>Il accepte l&rsquo;alimentation PoE (IEEE 802.3af) et PoE+ (IEEE 802.3at), jusqu&rsquo;\u00e0 un maximum de 25 W.<\/p>\n<p><strong>Caract\u00e9ristiques<\/strong><\/p>\n<ul>\n<li>R\u00e9partiteur PoE<\/li>\n<li>Pour les cam\u00e9ras IP non PoE<\/li>\n<li>Entr\u00e9e RJ45 (PoE)<\/li>\n<li>Sortie RJ45 et jack<\/li>\n<li>Max. Puissance 25 W \/ DC 12 V<\/li>\n<li>PoE IEEE802.3af \/ IEEE802.3at PoE<\/li>\n<\/ul>\n","protected":false},"excerpt":{"rendered":"<ul>\n<li>R\u00e9partiteur PoE<\/li>\n<li>Pour les cam\u00e9ras IP non PoE<\/li>\n<li>Entr\u00e9e RJ45 (PoE)<\/li>\n<li>Sortie RJ45 et jack<\/li>\n<li>Max. Puissance 25 W \/ DC 12 V<\/li>\n<li>PoE IEEE802.3af \/ IEEE802.3at PoE<\/li>\n<\/ul>\n","protected":false},"featured_media":41468,"comment_status":"open","ping_status":"closed","template":"","meta":{"_acf_changed":false},"product_cat":[708,707,393],"product_tag":[],"class_list":{"0":"post-41485","1":"product","2":"type-product","3":"status-publish","4":"has-post-thumbnail","6":"product_cat-convertisseur-dante","7":"product_cat-matrice-numerique-processeurs","8":"product_cat-sonorisation","10":"first","11":"instock","12":"shipping-taxable","13":"product-type-simple"},"acf":[],"yoast_head":"<!-- This site is optimized with the Yoast SEO plugin v27.0 - https:\/\/yoast.com\/product\/yoast-seo-wordpress\/ -->\n<title>R1 PoE PSU Black - Audibax<\/title>\n<meta name=\"robots\" content=\"index, follow, max-snippet:-1, max-image-preview:large, max-video-preview:-1\" \/>\n<link rel=\"canonical\" href=\"https:\/\/audibax.com\/fr\/produit\/r1-poe-psu-black\/\" \/>\n<meta property=\"og:locale\" content=\"fr_FR\" \/>\n<meta property=\"og:type\" content=\"article\" \/>\n<meta property=\"og:title\" content=\"R1 PoE PSU Black - Audibax\" \/>\n<meta property=\"og:description\" content=\"R\u00e9partiteur PoE  Pour les cam\u00e9ras IP non PoE  Entr\u00e9e RJ45 (PoE)  Sortie RJ45 et jack  Max. Puissance 25 W \/ DC 12 V  PoE IEEE802.3af \/ IEEE802.3at PoE\" \/>\n<meta property=\"og:url\" content=\"https:\/\/audibax.com\/fr\/produit\/r1-poe-psu-black\/\" \/>\n<meta property=\"og:site_name\" content=\"Audibax\" \/>\n<meta property=\"article:modified_time\" content=\"2024-01-24T16:20:26+00:00\" \/>\n<meta property=\"og:image\" content=\"https:\/\/audibax.com\/wp-content\/uploads\/2024\/01\/R1-PoE-PSU-1-new-jpg.webp\" \/>\n\t<meta property=\"og:image:width\" content=\"1500\" \/>\n\t<meta property=\"og:image:height\" content=\"931\" \/>\n\t<meta property=\"og:image:type\" content=\"image\/jpeg\" \/>\n<meta name=\"twitter:card\" content=\"summary_large_image\" \/>\n<meta name=\"twitter:label1\" content=\"Dur\u00e9e de lecture estim\u00e9e\" \/>\n\t<meta name=\"twitter:data1\" content=\"1 minute\" \/>\n<script type=\"application\/ld+json\" class=\"yoast-schema-graph\">{\"@context\":\"https:\/\/schema.org\",\"@graph\":[{\"@type\":\"WebPage\",\"@id\":\"https:\/\/audibax.com\/fr\/produit\/r1-poe-psu-black\/\",\"url\":\"https:\/\/audibax.com\/fr\/produit\/r1-poe-psu-black\/\",\"name\":\"R1 PoE PSU Black - Audibax\",\"isPartOf\":{\"@id\":\"https:\/\/audibax.com\/fr\/#website\"},\"primaryImageOfPage\":{\"@id\":\"https:\/\/audibax.com\/fr\/produit\/r1-poe-psu-black\/#primaryimage\"},\"image\":{\"@id\":\"https:\/\/audibax.com\/fr\/produit\/r1-poe-psu-black\/#primaryimage\"},\"thumbnailUrl\":\"https:\/\/audibax.com\/wp-content\/uploads\/2024\/01\/R1-PoE-PSU-1-new-jpg.webp\",\"datePublished\":\"2024-01-24T13:16:09+00:00\",\"dateModified\":\"2024-01-24T16:20:26+00:00\",\"breadcrumb\":{\"@id\":\"https:\/\/audibax.com\/fr\/produit\/r1-poe-psu-black\/#breadcrumb\"},\"inLanguage\":\"fr-FR\",\"potentialAction\":[{\"@type\":\"ReadAction\",\"target\":[\"https:\/\/audibax.com\/fr\/produit\/r1-poe-psu-black\/\"]}]},{\"@type\":\"ImageObject\",\"inLanguage\":\"fr-FR\",\"@id\":\"https:\/\/audibax.com\/fr\/produit\/r1-poe-psu-black\/#primaryimage\",\"url\":\"https:\/\/audibax.com\/wp-content\/uploads\/2024\/01\/R1-PoE-PSU-1-new-jpg.webp\",\"contentUrl\":\"https:\/\/audibax.com\/wp-content\/uploads\/2024\/01\/R1-PoE-PSU-1-new-jpg.webp\",\"width\":1500,\"height\":931},{\"@type\":\"BreadcrumbList\",\"@id\":\"https:\/\/audibax.com\/fr\/produit\/r1-poe-psu-black\/#breadcrumb\",\"itemListElement\":[{\"@type\":\"ListItem\",\"position\":1,\"name\":\"Portada\",\"item\":\"https:\/\/audibax.com\/fr\/\"},{\"@type\":\"ListItem\",\"position\":2,\"name\":\"Produits\",\"item\":\"https:\/\/audibax.com\/fr\/shop\/\"},{\"@type\":\"ListItem\",\"position\":3,\"name\":\"R1 PoE PSU Black\"}]},{\"@type\":\"WebSite\",\"@id\":\"https:\/\/audibax.com\/fr\/#website\",\"url\":\"https:\/\/audibax.com\/fr\/\",\"name\":\"Audibax\",\"description\":\"\",\"publisher\":{\"@id\":\"https:\/\/audibax.com\/fr\/#organization\"},\"potentialAction\":[{\"@type\":\"SearchAction\",\"target\":{\"@type\":\"EntryPoint\",\"urlTemplate\":\"https:\/\/audibax.com\/fr\/?s={search_term_string}\"},\"query-input\":{\"@type\":\"PropertyValueSpecification\",\"valueRequired\":true,\"valueName\":\"search_term_string\"}}],\"inLanguage\":\"fr-FR\"},{\"@type\":\"Organization\",\"@id\":\"https:\/\/audibax.com\/fr\/#organization\",\"name\":\"Audibax\",\"url\":\"https:\/\/audibax.com\/fr\/\",\"logo\":{\"@type\":\"ImageObject\",\"inLanguage\":\"fr-FR\",\"@id\":\"https:\/\/audibax.com\/fr\/#\/schema\/logo\/image\/\",\"url\":\"https:\/\/audibax.com\/wp-content\/uploads\/2023\/09\/logo-Audibax-BLANCO-SVG-1.svg\",\"contentUrl\":\"https:\/\/audibax.com\/wp-content\/uploads\/2023\/09\/logo-Audibax-BLANCO-SVG-1.svg\",\"caption\":\"Audibax\"},\"image\":{\"@id\":\"https:\/\/audibax.com\/fr\/#\/schema\/logo\/image\/\"}}]}<\/script>\n<!-- \/ Yoast SEO plugin. -->","yoast_head_json":{"title":"R1 PoE PSU Black - Audibax","robots":{"index":"index","follow":"follow","max-snippet":"max-snippet:-1","max-image-preview":"max-image-preview:large","max-video-preview":"max-video-preview:-1"},"canonical":"https:\/\/audibax.com\/fr\/produit\/r1-poe-psu-black\/","og_locale":"fr_FR","og_type":"article","og_title":"R1 PoE PSU Black - Audibax","og_description":"R\u00e9partiteur PoE  Pour les cam\u00e9ras IP non PoE  Entr\u00e9e RJ45 (PoE)  Sortie RJ45 et jack  Max. Puissance 25 W \/ DC 12 V  PoE IEEE802.3af \/ IEEE802.3at PoE","og_url":"https:\/\/audibax.com\/fr\/produit\/r1-poe-psu-black\/","og_site_name":"Audibax","article_modified_time":"2024-01-24T16:20:26+00:00","og_image":[{"width":1500,"height":931,"url":"https:\/\/audibax.com\/wp-content\/uploads\/2024\/01\/R1-PoE-PSU-1-new-jpg.webp","type":"image\/jpeg"}],"twitter_card":"summary_large_image","twitter_misc":{"Dur\u00e9e de lecture estim\u00e9e":"1 minute"},"schema":{"@context":"https:\/\/schema.org","@graph":[{"@type":"WebPage","@id":"https:\/\/audibax.com\/fr\/produit\/r1-poe-psu-black\/","url":"https:\/\/audibax.com\/fr\/produit\/r1-poe-psu-black\/","name":"R1 PoE PSU Black - Audibax","isPartOf":{"@id":"https:\/\/audibax.com\/fr\/#website"},"primaryImageOfPage":{"@id":"https:\/\/audibax.com\/fr\/produit\/r1-poe-psu-black\/#primaryimage"},"image":{"@id":"https:\/\/audibax.com\/fr\/produit\/r1-poe-psu-black\/#primaryimage"},"thumbnailUrl":"https:\/\/audibax.com\/wp-content\/uploads\/2024\/01\/R1-PoE-PSU-1-new-jpg.webp","datePublished":"2024-01-24T13:16:09+00:00","dateModified":"2024-01-24T16:20:26+00:00","breadcrumb":{"@id":"https:\/\/audibax.com\/fr\/produit\/r1-poe-psu-black\/#breadcrumb"},"inLanguage":"fr-FR","potentialAction":[{"@type":"ReadAction","target":["https:\/\/audibax.com\/fr\/produit\/r1-poe-psu-black\/"]}]},{"@type":"ImageObject","inLanguage":"fr-FR","@id":"https:\/\/audibax.com\/fr\/produit\/r1-poe-psu-black\/#primaryimage","url":"https:\/\/audibax.com\/wp-content\/uploads\/2024\/01\/R1-PoE-PSU-1-new-jpg.webp","contentUrl":"https:\/\/audibax.com\/wp-content\/uploads\/2024\/01\/R1-PoE-PSU-1-new-jpg.webp","width":1500,"height":931},{"@type":"BreadcrumbList","@id":"https:\/\/audibax.com\/fr\/produit\/r1-poe-psu-black\/#breadcrumb","itemListElement":[{"@type":"ListItem","position":1,"name":"Portada","item":"https:\/\/audibax.com\/fr\/"},{"@type":"ListItem","position":2,"name":"Produits","item":"https:\/\/audibax.com\/fr\/shop\/"},{"@type":"ListItem","position":3,"name":"R1 PoE PSU Black"}]},{"@type":"WebSite","@id":"https:\/\/audibax.com\/fr\/#website","url":"https:\/\/audibax.com\/fr\/","name":"Audibax","description":"","publisher":{"@id":"https:\/\/audibax.com\/fr\/#organization"},"potentialAction":[{"@type":"SearchAction","target":{"@type":"EntryPoint","urlTemplate":"https:\/\/audibax.com\/fr\/?s={search_term_string}"},"query-input":{"@type":"PropertyValueSpecification","valueRequired":true,"valueName":"search_term_string"}}],"inLanguage":"fr-FR"},{"@type":"Organization","@id":"https:\/\/audibax.com\/fr\/#organization","name":"Audibax","url":"https:\/\/audibax.com\/fr\/","logo":{"@type":"ImageObject","inLanguage":"fr-FR","@id":"https:\/\/audibax.com\/fr\/#\/schema\/logo\/image\/","url":"https:\/\/audibax.com\/wp-content\/uploads\/2023\/09\/logo-Audibax-BLANCO-SVG-1.svg","contentUrl":"https:\/\/audibax.com\/wp-content\/uploads\/2023\/09\/logo-Audibax-BLANCO-SVG-1.svg","caption":"Audibax"},"image":{"@id":"https:\/\/audibax.com\/fr\/#\/schema\/logo\/image\/"}}]}},"_links":{"self":[{"href":"https:\/\/audibax.com\/fr\/wp-json\/wp\/v2\/product\/41485","targetHints":{"allow":["GET"]}}],"collection":[{"href":"https:\/\/audibax.com\/fr\/wp-json\/wp\/v2\/product"}],"about":[{"href":"https:\/\/audibax.com\/fr\/wp-json\/wp\/v2\/types\/product"}],"replies":[{"embeddable":true,"href":"https:\/\/audibax.com\/fr\/wp-json\/wp\/v2\/comments?post=41485"}],"wp:featuredmedia":[{"embeddable":true,"href":"https:\/\/audibax.com\/fr\/wp-json\/wp\/v2\/media\/41468"}],"wp:attachment":[{"href":"https:\/\/audibax.com\/fr\/wp-json\/wp\/v2\/media?parent=41485"}],"wp:term":[{"taxonomy":"product_cat","embeddable":true,"href":"https:\/\/audibax.com\/fr\/wp-json\/wp\/v2\/product_cat?post=41485"},{"taxonomy":"product_tag","embeddable":true,"href":"https:\/\/audibax.com\/fr\/wp-json\/wp\/v2\/product_tag?post=41485"}],"curies":[{"name":"wp","href":"https:\/\/api.w.org\/{rel}","templated":true}]}}