{"id":41247,"date":"2024-01-17T12:30:55","date_gmt":"2024-01-17T11:30:55","guid":{"rendered":"https:\/\/audibax.com\/product\/r44io-dante-black\/"},"modified":"2024-05-06T18:42:33","modified_gmt":"2024-05-06T16:42:33","slug":"r44io-dante-black","status":"publish","type":"product","link":"https:\/\/audibax.com\/fr\/produit\/r44io-dante-black\/","title":{"rendered":"R44io Dante Black"},"content":{"rendered":"<p>La machine d&rsquo;interface Dante Audibax R44io est utilis\u00e9e pour la conversion du signal entre le signal audio analogique et le signal audio num\u00e9rique Dante.<br \/>\nCe processeur prend en charge l&rsquo;entr\u00e9e et la sortie \u00e9quilibr\u00e9es de signaux audio analogiques \u00e0 4 canaux, y compris l&rsquo;entr\u00e9e et la sortie de signaux audio num\u00e9riques Dante \u00e0 4 canaux de 2 appareils Dante.<\/p>\n<p>Il est aliment\u00e9 par DC12V, ce qui peut \u00eatre utilis\u00e9 avec un commutateur POE standard 802.3af lors de l&rsquo;ajout d&rsquo;un r\u00e9partiteur POE.<\/p>\n<ul>\n<li>Entr\u00e9e: 4 entr\u00e9es sym\u00e9triques\/asym\u00e9triques<\/li>\n<li>Imp\u00e9dance d&rsquo;entr\u00e9e: Sup\u00e9rieure \u00e0 1800 \u03a9<\/li>\n<li>Niveau d&rsquo;entr\u00e9e max: +8dbu@ 0dB gain<\/li>\n<li>Sortie: 4 sorties sym\u00e9triques\/asym\u00e9triques<\/li>\n<li>Imp\u00e9dance de sortie: 200\u03a9 balance<\/li>\n<li>Niveau de sortie max: +20dbu balance<\/li>\n<li>R\u00e9ponse en fr\u00e9quence: 20~20KHz, \u00b11dB<\/li>\n<li>THD: Moins de 0,02 %<\/li>\n<li>Exigences en mati\u00e8re d&rsquo;alimentation: 12V DC<\/li>\n<li>Dimensions: 123x75x35 mm<\/li>\n<\/ul>\n","protected":false},"excerpt":{"rendered":"<ul>\n<li>Entr\u00e9e: 4 entr\u00e9es sym\u00e9triques\/asym\u00e9triques<\/li>\n<li>Imp\u00e9dance d&rsquo;entr\u00e9e: Sup\u00e9rieure \u00e0 1800 \u03a9<\/li>\n<li>Niveau d&rsquo;entr\u00e9e max: +8dbu@ 0dB gain<\/li>\n<li>Sortie: 4 sorties sym\u00e9triques\/asym\u00e9triques<\/li>\n<li>Imp\u00e9dance de sortie: 200\u03a9 balance<\/li>\n<li>Niveau de sortie max: +20dbu balance<\/li>\n<li>R\u00e9ponse en fr\u00e9quence: 20~20KHz, \u00b11dB<\/li>\n<li>THD: Moins de 0,02 %<\/li>\n<li>Exigences en mati\u00e8re d&rsquo;alimentation: 12V DC<\/li>\n<li>Dimensions: 123x75x35 mm<\/li>\n<\/ul>\n","protected":false},"featured_media":50129,"comment_status":"open","ping_status":"closed","template":"","meta":{"_acf_changed":false},"product_cat":[708,707,393],"product_tag":[],"class_list":{"0":"post-41247","1":"product","2":"type-product","3":"status-publish","4":"has-post-thumbnail","6":"product_cat-convertisseur-dante","7":"product_cat-matrice-numerique-processeurs","8":"product_cat-sonorisation","10":"first","11":"instock","12":"shipping-taxable","13":"product-type-simple"},"acf":[],"yoast_head":"<!-- This site is optimized with the Yoast SEO plugin v27.0 - https:\/\/yoast.com\/product\/yoast-seo-wordpress\/ -->\n<title>R44io Dante Black - Audibax<\/title>\n<meta name=\"robots\" content=\"index, follow, max-snippet:-1, max-image-preview:large, max-video-preview:-1\" \/>\n<link rel=\"canonical\" href=\"https:\/\/audibax.com\/fr\/produit\/r44io-dante-black\/\" \/>\n<meta property=\"og:locale\" content=\"fr_FR\" \/>\n<meta property=\"og:type\" content=\"article\" \/>\n<meta property=\"og:title\" content=\"R44io Dante Black - Audibax\" \/>\n<meta property=\"og:description\" content=\"Entr\u00e9e: 4 entr\u00e9es sym\u00e9triques\/asym\u00e9triques  Imp\u00e9dance d&#039;entr\u00e9e: Sup\u00e9rieure \u00e0 1800 \u03a9  Niveau d&#039;entr\u00e9e max: +8dbu@ 0dB gain  Sortie: 4 sorties sym\u00e9triques\/asym\u00e9triques  Imp\u00e9dance de sortie: 200\u03a9 balance  Niveau de sortie max: +20dbu balance  R\u00e9ponse en fr\u00e9quence: 20~20KHz, \u00b11dB  THD: Moins de 0,02 %  Exigences en mati\u00e8re d&#039;alimentation: 12V DC  Dimensions: 123x75x35 mm\" \/>\n<meta property=\"og:url\" content=\"https:\/\/audibax.com\/fr\/produit\/r44io-dante-black\/\" \/>\n<meta property=\"og:site_name\" content=\"Audibax\" \/>\n<meta property=\"article:modified_time\" content=\"2024-05-06T16:42:33+00:00\" \/>\n<meta property=\"og:image\" content=\"https:\/\/audibax.com\/wp-content\/uploads\/2024\/01\/R44io-Dante-1.png\" \/>\n\t<meta property=\"og:image:width\" content=\"1500\" \/>\n\t<meta property=\"og:image:height\" content=\"1060\" \/>\n\t<meta property=\"og:image:type\" content=\"image\/png\" \/>\n<meta name=\"twitter:card\" content=\"summary_large_image\" \/>\n<meta name=\"twitter:label1\" content=\"Dur\u00e9e de lecture estim\u00e9e\" \/>\n\t<meta name=\"twitter:data1\" content=\"1 minute\" \/>\n<script type=\"application\/ld+json\" class=\"yoast-schema-graph\">{\"@context\":\"https:\/\/schema.org\",\"@graph\":[{\"@type\":\"WebPage\",\"@id\":\"https:\/\/audibax.com\/fr\/produit\/r44io-dante-black\/\",\"url\":\"https:\/\/audibax.com\/fr\/produit\/r44io-dante-black\/\",\"name\":\"R44io Dante Black - Audibax\",\"isPartOf\":{\"@id\":\"https:\/\/audibax.com\/fr\/#website\"},\"primaryImageOfPage\":{\"@id\":\"https:\/\/audibax.com\/fr\/produit\/r44io-dante-black\/#primaryimage\"},\"image\":{\"@id\":\"https:\/\/audibax.com\/fr\/produit\/r44io-dante-black\/#primaryimage\"},\"thumbnailUrl\":\"https:\/\/audibax.com\/wp-content\/uploads\/2024\/01\/R44io-Dante-1.png\",\"datePublished\":\"2024-01-17T11:30:55+00:00\",\"dateModified\":\"2024-05-06T16:42:33+00:00\",\"breadcrumb\":{\"@id\":\"https:\/\/audibax.com\/fr\/produit\/r44io-dante-black\/#breadcrumb\"},\"inLanguage\":\"fr-FR\",\"potentialAction\":[{\"@type\":\"ReadAction\",\"target\":[\"https:\/\/audibax.com\/fr\/produit\/r44io-dante-black\/\"]}]},{\"@type\":\"ImageObject\",\"inLanguage\":\"fr-FR\",\"@id\":\"https:\/\/audibax.com\/fr\/produit\/r44io-dante-black\/#primaryimage\",\"url\":\"https:\/\/audibax.com\/wp-content\/uploads\/2024\/01\/R44io-Dante-1.png\",\"contentUrl\":\"https:\/\/audibax.com\/wp-content\/uploads\/2024\/01\/R44io-Dante-1.png\",\"width\":1500,\"height\":1060},{\"@type\":\"BreadcrumbList\",\"@id\":\"https:\/\/audibax.com\/fr\/produit\/r44io-dante-black\/#breadcrumb\",\"itemListElement\":[{\"@type\":\"ListItem\",\"position\":1,\"name\":\"Portada\",\"item\":\"https:\/\/audibax.com\/fr\/\"},{\"@type\":\"ListItem\",\"position\":2,\"name\":\"Produits\",\"item\":\"https:\/\/audibax.com\/fr\/shop\/\"},{\"@type\":\"ListItem\",\"position\":3,\"name\":\"R44io Dante Black\"}]},{\"@type\":\"WebSite\",\"@id\":\"https:\/\/audibax.com\/fr\/#website\",\"url\":\"https:\/\/audibax.com\/fr\/\",\"name\":\"Audibax\",\"description\":\"\",\"publisher\":{\"@id\":\"https:\/\/audibax.com\/fr\/#organization\"},\"potentialAction\":[{\"@type\":\"SearchAction\",\"target\":{\"@type\":\"EntryPoint\",\"urlTemplate\":\"https:\/\/audibax.com\/fr\/?s={search_term_string}\"},\"query-input\":{\"@type\":\"PropertyValueSpecification\",\"valueRequired\":true,\"valueName\":\"search_term_string\"}}],\"inLanguage\":\"fr-FR\"},{\"@type\":\"Organization\",\"@id\":\"https:\/\/audibax.com\/fr\/#organization\",\"name\":\"Audibax\",\"url\":\"https:\/\/audibax.com\/fr\/\",\"logo\":{\"@type\":\"ImageObject\",\"inLanguage\":\"fr-FR\",\"@id\":\"https:\/\/audibax.com\/fr\/#\/schema\/logo\/image\/\",\"url\":\"https:\/\/audibax.com\/wp-content\/uploads\/2023\/09\/logo-Audibax-BLANCO-SVG-1.svg\",\"contentUrl\":\"https:\/\/audibax.com\/wp-content\/uploads\/2023\/09\/logo-Audibax-BLANCO-SVG-1.svg\",\"caption\":\"Audibax\"},\"image\":{\"@id\":\"https:\/\/audibax.com\/fr\/#\/schema\/logo\/image\/\"}}]}<\/script>\n<!-- \/ Yoast SEO plugin. -->","yoast_head_json":{"title":"R44io Dante Black - Audibax","robots":{"index":"index","follow":"follow","max-snippet":"max-snippet:-1","max-image-preview":"max-image-preview:large","max-video-preview":"max-video-preview:-1"},"canonical":"https:\/\/audibax.com\/fr\/produit\/r44io-dante-black\/","og_locale":"fr_FR","og_type":"article","og_title":"R44io Dante Black - Audibax","og_description":"Entr\u00e9e: 4 entr\u00e9es sym\u00e9triques\/asym\u00e9triques  Imp\u00e9dance d'entr\u00e9e: Sup\u00e9rieure \u00e0 1800 \u03a9  Niveau d'entr\u00e9e max: +8dbu@ 0dB gain  Sortie: 4 sorties sym\u00e9triques\/asym\u00e9triques  Imp\u00e9dance de sortie: 200\u03a9 balance  Niveau de sortie max: +20dbu balance  R\u00e9ponse en fr\u00e9quence: 20~20KHz, \u00b11dB  THD: Moins de 0,02 %  Exigences en mati\u00e8re d'alimentation: 12V DC  Dimensions: 123x75x35 mm","og_url":"https:\/\/audibax.com\/fr\/produit\/r44io-dante-black\/","og_site_name":"Audibax","article_modified_time":"2024-05-06T16:42:33+00:00","og_image":[{"width":1500,"height":1060,"url":"https:\/\/audibax.com\/wp-content\/uploads\/2024\/01\/R44io-Dante-1.png","type":"image\/png"}],"twitter_card":"summary_large_image","twitter_misc":{"Dur\u00e9e de lecture estim\u00e9e":"1 minute"},"schema":{"@context":"https:\/\/schema.org","@graph":[{"@type":"WebPage","@id":"https:\/\/audibax.com\/fr\/produit\/r44io-dante-black\/","url":"https:\/\/audibax.com\/fr\/produit\/r44io-dante-black\/","name":"R44io Dante Black - Audibax","isPartOf":{"@id":"https:\/\/audibax.com\/fr\/#website"},"primaryImageOfPage":{"@id":"https:\/\/audibax.com\/fr\/produit\/r44io-dante-black\/#primaryimage"},"image":{"@id":"https:\/\/audibax.com\/fr\/produit\/r44io-dante-black\/#primaryimage"},"thumbnailUrl":"https:\/\/audibax.com\/wp-content\/uploads\/2024\/01\/R44io-Dante-1.png","datePublished":"2024-01-17T11:30:55+00:00","dateModified":"2024-05-06T16:42:33+00:00","breadcrumb":{"@id":"https:\/\/audibax.com\/fr\/produit\/r44io-dante-black\/#breadcrumb"},"inLanguage":"fr-FR","potentialAction":[{"@type":"ReadAction","target":["https:\/\/audibax.com\/fr\/produit\/r44io-dante-black\/"]}]},{"@type":"ImageObject","inLanguage":"fr-FR","@id":"https:\/\/audibax.com\/fr\/produit\/r44io-dante-black\/#primaryimage","url":"https:\/\/audibax.com\/wp-content\/uploads\/2024\/01\/R44io-Dante-1.png","contentUrl":"https:\/\/audibax.com\/wp-content\/uploads\/2024\/01\/R44io-Dante-1.png","width":1500,"height":1060},{"@type":"BreadcrumbList","@id":"https:\/\/audibax.com\/fr\/produit\/r44io-dante-black\/#breadcrumb","itemListElement":[{"@type":"ListItem","position":1,"name":"Portada","item":"https:\/\/audibax.com\/fr\/"},{"@type":"ListItem","position":2,"name":"Produits","item":"https:\/\/audibax.com\/fr\/shop\/"},{"@type":"ListItem","position":3,"name":"R44io Dante Black"}]},{"@type":"WebSite","@id":"https:\/\/audibax.com\/fr\/#website","url":"https:\/\/audibax.com\/fr\/","name":"Audibax","description":"","publisher":{"@id":"https:\/\/audibax.com\/fr\/#organization"},"potentialAction":[{"@type":"SearchAction","target":{"@type":"EntryPoint","urlTemplate":"https:\/\/audibax.com\/fr\/?s={search_term_string}"},"query-input":{"@type":"PropertyValueSpecification","valueRequired":true,"valueName":"search_term_string"}}],"inLanguage":"fr-FR"},{"@type":"Organization","@id":"https:\/\/audibax.com\/fr\/#organization","name":"Audibax","url":"https:\/\/audibax.com\/fr\/","logo":{"@type":"ImageObject","inLanguage":"fr-FR","@id":"https:\/\/audibax.com\/fr\/#\/schema\/logo\/image\/","url":"https:\/\/audibax.com\/wp-content\/uploads\/2023\/09\/logo-Audibax-BLANCO-SVG-1.svg","contentUrl":"https:\/\/audibax.com\/wp-content\/uploads\/2023\/09\/logo-Audibax-BLANCO-SVG-1.svg","caption":"Audibax"},"image":{"@id":"https:\/\/audibax.com\/fr\/#\/schema\/logo\/image\/"}}]}},"_links":{"self":[{"href":"https:\/\/audibax.com\/fr\/wp-json\/wp\/v2\/product\/41247","targetHints":{"allow":["GET"]}}],"collection":[{"href":"https:\/\/audibax.com\/fr\/wp-json\/wp\/v2\/product"}],"about":[{"href":"https:\/\/audibax.com\/fr\/wp-json\/wp\/v2\/types\/product"}],"replies":[{"embeddable":true,"href":"https:\/\/audibax.com\/fr\/wp-json\/wp\/v2\/comments?post=41247"}],"wp:featuredmedia":[{"embeddable":true,"href":"https:\/\/audibax.com\/fr\/wp-json\/wp\/v2\/media\/50129"}],"wp:attachment":[{"href":"https:\/\/audibax.com\/fr\/wp-json\/wp\/v2\/media?parent=41247"}],"wp:term":[{"taxonomy":"product_cat","embeddable":true,"href":"https:\/\/audibax.com\/fr\/wp-json\/wp\/v2\/product_cat?post=41247"},{"taxonomy":"product_tag","embeddable":true,"href":"https:\/\/audibax.com\/fr\/wp-json\/wp\/v2\/product_tag?post=41247"}],"curies":[{"name":"wp","href":"https:\/\/api.w.org\/{rel}","templated":true}]}}