{"id":41244,"date":"2024-01-17T12:05:37","date_gmt":"2024-01-17T11:05:37","guid":{"rendered":"https:\/\/audibax.com\/product\/r22o-dante-black\/"},"modified":"2024-05-06T18:39:40","modified_gmt":"2024-05-06T16:39:40","slug":"r22o-dante-black","status":"publish","type":"product","link":"https:\/\/audibax.com\/fr\/produit\/r22o-dante-black\/","title":{"rendered":"R22o Dante Black"},"content":{"rendered":"<p>L&rsquo;adaptateur Dante R22o est un dispositif Dante complet et performant, qui se distingue par ses capacit\u00e9s d&rsquo;automatisation et son interface conviviale. Ces adaptateurs s&rsquo;int\u00e8grent parfaitement \u00e0 toutes les interfaces Dante, offrant une suite compl\u00e8te de fonctions attendues des r\u00e9seaux audio Dante. En outre, cette s\u00e9rie excelle dans la restauration de la qualit\u00e9 audio haute fid\u00e9lit\u00e9, la latence ultra-faible et la synchronisation pr\u00e9cise de la fr\u00e9quence d&rsquo;\u00e9chantillonnage sur l&rsquo;ensemble du r\u00e9seau.<\/p>\n<ul>\n<li>Entr\u00e9e Dante 2CH<\/li>\n<li>Sortie analogique 2CH<\/li>\n<li>Conforme \u00e0 la norme AES67<\/li>\n<li>Taux d&rsquo;\u00e9chantillonnage: 44,1 kHz\/48 kHz\/96 kHz<\/li>\n<li>Niveau d&rsquo;entr\u00e9e maximum: +18dBu<\/li>\n<li>Plage dynamique: 116dBu<\/li>\n<li>THD+N: 0,001% \u00e0 1kHz 4dBu<\/li>\n<li>Rapport signal\/bruit: 116dB<\/li>\n<li>R\u00e9ponse en fr\u00e9quence: 20Hz \u00e0 20kHz (-\/+0.1dB)<\/li>\n<li>Connecteur: RJ45 &amp; 2XLR-M<\/li>\n<li>Bits de donn\u00e9es: 24bit<\/li>\n<li>Retard du dispositif Dante: &lt;&lt;1ms<\/li>\n<li>Alimentation \u00e9lectrique: Classe 1 802.3af PoE<\/li>\n<\/ul>\n","protected":false},"excerpt":{"rendered":"<ul>\n<li>Entr\u00e9e Dante 2CH<\/li>\n<li>Sortie analogique 2CH<\/li>\n<li>Conforme \u00e0 la norme AES67<\/li>\n<li>Taux d&rsquo;\u00e9chantillonnage: 44,1 kHz\/48 kHz\/96 kHz<\/li>\n<li>Niveau d&rsquo;entr\u00e9e maximum: +18dBu<\/li>\n<li>Plage dynamique: 116dBu<\/li>\n<li>THD+N: 0,001% \u00e0 1kHz 4dBu<\/li>\n<li>Rapport signal\/bruit: 116dB<\/li>\n<li>R\u00e9ponse en fr\u00e9quence: 20Hz \u00e0 20kHz (-\/+0.1dB)<\/li>\n<li>Connecteur: RJ45 &amp; 2XLR-M<\/li>\n<li>Bits de donn\u00e9es: 24bit<\/li>\n<li>Retard du dispositif Dante: &lt;&lt;1ms<\/li>\n<li>Alimentation \u00e9lectrique: Classe 1 802.3af PoE<\/li>\n<\/ul>\n","protected":false},"featured_media":41202,"comment_status":"open","ping_status":"closed","template":"","meta":{"_acf_changed":false},"product_cat":[708,707,393],"product_tag":[],"class_list":{"0":"post-41244","1":"product","2":"type-product","3":"status-publish","4":"has-post-thumbnail","6":"product_cat-convertisseur-dante","7":"product_cat-matrice-numerique-processeurs","8":"product_cat-sonorisation","10":"first","11":"instock","12":"shipping-taxable","13":"product-type-simple"},"acf":[],"yoast_head":"<!-- This site is optimized with the Yoast SEO plugin v27.0 - https:\/\/yoast.com\/product\/yoast-seo-wordpress\/ -->\n<title>R22o Dante Black - Audibax<\/title>\n<meta name=\"robots\" content=\"index, follow, max-snippet:-1, max-image-preview:large, max-video-preview:-1\" \/>\n<link rel=\"canonical\" href=\"https:\/\/audibax.com\/fr\/produit\/r22o-dante-black\/\" \/>\n<meta property=\"og:locale\" content=\"fr_FR\" \/>\n<meta property=\"og:type\" content=\"article\" \/>\n<meta property=\"og:title\" content=\"R22o Dante Black - Audibax\" \/>\n<meta property=\"og:description\" content=\"Entr\u00e9e Dante 2CH  Sortie analogique 2CH  Conforme \u00e0 la norme AES67  Taux d&#039;\u00e9chantillonnage: 44,1 kHz\/48 kHz\/96 kHz  Niveau d&#039;entr\u00e9e maximum: +18dBu  Plage dynamique: 116dBu  THD+N: 0,001% \u00e0 1kHz 4dBu  Rapport signal\/bruit: 116dB  R\u00e9ponse en fr\u00e9quence: 20Hz \u00e0 20kHz (-\/+0.1dB)  Connecteur: RJ45 &amp; 2XLR-M  Bits de donn\u00e9es: 24bit  Retard du dispositif Dante: &lt;&lt;1ms  Alimentation \u00e9lectrique: Classe 1 802.3af PoE\" \/>\n<meta property=\"og:url\" content=\"https:\/\/audibax.com\/fr\/produit\/r22o-dante-black\/\" \/>\n<meta property=\"og:site_name\" content=\"Audibax\" \/>\n<meta property=\"article:modified_time\" content=\"2024-05-06T16:39:40+00:00\" \/>\n<meta property=\"og:image\" content=\"https:\/\/audibax.com\/wp-content\/uploads\/2024\/01\/R22o-Dante-1-new-jpg.webp\" \/>\n\t<meta property=\"og:image:width\" content=\"2500\" \/>\n\t<meta property=\"og:image:height\" content=\"1767\" \/>\n\t<meta property=\"og:image:type\" content=\"image\/jpeg\" \/>\n<meta name=\"twitter:card\" content=\"summary_large_image\" \/>\n<meta name=\"twitter:label1\" content=\"Dur\u00e9e de lecture estim\u00e9e\" \/>\n\t<meta name=\"twitter:data1\" content=\"1 minute\" \/>\n<script type=\"application\/ld+json\" class=\"yoast-schema-graph\">{\"@context\":\"https:\/\/schema.org\",\"@graph\":[{\"@type\":\"WebPage\",\"@id\":\"https:\/\/audibax.com\/fr\/produit\/r22o-dante-black\/\",\"url\":\"https:\/\/audibax.com\/fr\/produit\/r22o-dante-black\/\",\"name\":\"R22o Dante Black - Audibax\",\"isPartOf\":{\"@id\":\"https:\/\/audibax.com\/fr\/#website\"},\"primaryImageOfPage\":{\"@id\":\"https:\/\/audibax.com\/fr\/produit\/r22o-dante-black\/#primaryimage\"},\"image\":{\"@id\":\"https:\/\/audibax.com\/fr\/produit\/r22o-dante-black\/#primaryimage\"},\"thumbnailUrl\":\"https:\/\/audibax.com\/wp-content\/uploads\/2024\/01\/R22o-Dante-1-new-jpg.webp\",\"datePublished\":\"2024-01-17T11:05:37+00:00\",\"dateModified\":\"2024-05-06T16:39:40+00:00\",\"breadcrumb\":{\"@id\":\"https:\/\/audibax.com\/fr\/produit\/r22o-dante-black\/#breadcrumb\"},\"inLanguage\":\"fr-FR\",\"potentialAction\":[{\"@type\":\"ReadAction\",\"target\":[\"https:\/\/audibax.com\/fr\/produit\/r22o-dante-black\/\"]}]},{\"@type\":\"ImageObject\",\"inLanguage\":\"fr-FR\",\"@id\":\"https:\/\/audibax.com\/fr\/produit\/r22o-dante-black\/#primaryimage\",\"url\":\"https:\/\/audibax.com\/wp-content\/uploads\/2024\/01\/R22o-Dante-1-new-jpg.webp\",\"contentUrl\":\"https:\/\/audibax.com\/wp-content\/uploads\/2024\/01\/R22o-Dante-1-new-jpg.webp\",\"width\":2500,\"height\":1767},{\"@type\":\"BreadcrumbList\",\"@id\":\"https:\/\/audibax.com\/fr\/produit\/r22o-dante-black\/#breadcrumb\",\"itemListElement\":[{\"@type\":\"ListItem\",\"position\":1,\"name\":\"Portada\",\"item\":\"https:\/\/audibax.com\/fr\/\"},{\"@type\":\"ListItem\",\"position\":2,\"name\":\"Produits\",\"item\":\"https:\/\/audibax.com\/fr\/shop\/\"},{\"@type\":\"ListItem\",\"position\":3,\"name\":\"R22o Dante Black\"}]},{\"@type\":\"WebSite\",\"@id\":\"https:\/\/audibax.com\/fr\/#website\",\"url\":\"https:\/\/audibax.com\/fr\/\",\"name\":\"Audibax\",\"description\":\"\",\"publisher\":{\"@id\":\"https:\/\/audibax.com\/fr\/#organization\"},\"potentialAction\":[{\"@type\":\"SearchAction\",\"target\":{\"@type\":\"EntryPoint\",\"urlTemplate\":\"https:\/\/audibax.com\/fr\/?s={search_term_string}\"},\"query-input\":{\"@type\":\"PropertyValueSpecification\",\"valueRequired\":true,\"valueName\":\"search_term_string\"}}],\"inLanguage\":\"fr-FR\"},{\"@type\":\"Organization\",\"@id\":\"https:\/\/audibax.com\/fr\/#organization\",\"name\":\"Audibax\",\"url\":\"https:\/\/audibax.com\/fr\/\",\"logo\":{\"@type\":\"ImageObject\",\"inLanguage\":\"fr-FR\",\"@id\":\"https:\/\/audibax.com\/fr\/#\/schema\/logo\/image\/\",\"url\":\"https:\/\/audibax.com\/wp-content\/uploads\/2023\/09\/logo-Audibax-BLANCO-SVG-1.svg\",\"contentUrl\":\"https:\/\/audibax.com\/wp-content\/uploads\/2023\/09\/logo-Audibax-BLANCO-SVG-1.svg\",\"caption\":\"Audibax\"},\"image\":{\"@id\":\"https:\/\/audibax.com\/fr\/#\/schema\/logo\/image\/\"}}]}<\/script>\n<!-- \/ Yoast SEO plugin. -->","yoast_head_json":{"title":"R22o Dante Black - Audibax","robots":{"index":"index","follow":"follow","max-snippet":"max-snippet:-1","max-image-preview":"max-image-preview:large","max-video-preview":"max-video-preview:-1"},"canonical":"https:\/\/audibax.com\/fr\/produit\/r22o-dante-black\/","og_locale":"fr_FR","og_type":"article","og_title":"R22o Dante Black - Audibax","og_description":"Entr\u00e9e Dante 2CH  Sortie analogique 2CH  Conforme \u00e0 la norme AES67  Taux d'\u00e9chantillonnage: 44,1 kHz\/48 kHz\/96 kHz  Niveau d'entr\u00e9e maximum: +18dBu  Plage dynamique: 116dBu  THD+N: 0,001% \u00e0 1kHz 4dBu  Rapport signal\/bruit: 116dB  R\u00e9ponse en fr\u00e9quence: 20Hz \u00e0 20kHz (-\/+0.1dB)  Connecteur: RJ45 &amp; 2XLR-M  Bits de donn\u00e9es: 24bit  Retard du dispositif Dante: &lt;&lt;1ms  Alimentation \u00e9lectrique: Classe 1 802.3af PoE","og_url":"https:\/\/audibax.com\/fr\/produit\/r22o-dante-black\/","og_site_name":"Audibax","article_modified_time":"2024-05-06T16:39:40+00:00","og_image":[{"width":2500,"height":1767,"url":"https:\/\/audibax.com\/wp-content\/uploads\/2024\/01\/R22o-Dante-1-new-jpg.webp","type":"image\/jpeg"}],"twitter_card":"summary_large_image","twitter_misc":{"Dur\u00e9e de lecture estim\u00e9e":"1 minute"},"schema":{"@context":"https:\/\/schema.org","@graph":[{"@type":"WebPage","@id":"https:\/\/audibax.com\/fr\/produit\/r22o-dante-black\/","url":"https:\/\/audibax.com\/fr\/produit\/r22o-dante-black\/","name":"R22o Dante Black - Audibax","isPartOf":{"@id":"https:\/\/audibax.com\/fr\/#website"},"primaryImageOfPage":{"@id":"https:\/\/audibax.com\/fr\/produit\/r22o-dante-black\/#primaryimage"},"image":{"@id":"https:\/\/audibax.com\/fr\/produit\/r22o-dante-black\/#primaryimage"},"thumbnailUrl":"https:\/\/audibax.com\/wp-content\/uploads\/2024\/01\/R22o-Dante-1-new-jpg.webp","datePublished":"2024-01-17T11:05:37+00:00","dateModified":"2024-05-06T16:39:40+00:00","breadcrumb":{"@id":"https:\/\/audibax.com\/fr\/produit\/r22o-dante-black\/#breadcrumb"},"inLanguage":"fr-FR","potentialAction":[{"@type":"ReadAction","target":["https:\/\/audibax.com\/fr\/produit\/r22o-dante-black\/"]}]},{"@type":"ImageObject","inLanguage":"fr-FR","@id":"https:\/\/audibax.com\/fr\/produit\/r22o-dante-black\/#primaryimage","url":"https:\/\/audibax.com\/wp-content\/uploads\/2024\/01\/R22o-Dante-1-new-jpg.webp","contentUrl":"https:\/\/audibax.com\/wp-content\/uploads\/2024\/01\/R22o-Dante-1-new-jpg.webp","width":2500,"height":1767},{"@type":"BreadcrumbList","@id":"https:\/\/audibax.com\/fr\/produit\/r22o-dante-black\/#breadcrumb","itemListElement":[{"@type":"ListItem","position":1,"name":"Portada","item":"https:\/\/audibax.com\/fr\/"},{"@type":"ListItem","position":2,"name":"Produits","item":"https:\/\/audibax.com\/fr\/shop\/"},{"@type":"ListItem","position":3,"name":"R22o Dante Black"}]},{"@type":"WebSite","@id":"https:\/\/audibax.com\/fr\/#website","url":"https:\/\/audibax.com\/fr\/","name":"Audibax","description":"","publisher":{"@id":"https:\/\/audibax.com\/fr\/#organization"},"potentialAction":[{"@type":"SearchAction","target":{"@type":"EntryPoint","urlTemplate":"https:\/\/audibax.com\/fr\/?s={search_term_string}"},"query-input":{"@type":"PropertyValueSpecification","valueRequired":true,"valueName":"search_term_string"}}],"inLanguage":"fr-FR"},{"@type":"Organization","@id":"https:\/\/audibax.com\/fr\/#organization","name":"Audibax","url":"https:\/\/audibax.com\/fr\/","logo":{"@type":"ImageObject","inLanguage":"fr-FR","@id":"https:\/\/audibax.com\/fr\/#\/schema\/logo\/image\/","url":"https:\/\/audibax.com\/wp-content\/uploads\/2023\/09\/logo-Audibax-BLANCO-SVG-1.svg","contentUrl":"https:\/\/audibax.com\/wp-content\/uploads\/2023\/09\/logo-Audibax-BLANCO-SVG-1.svg","caption":"Audibax"},"image":{"@id":"https:\/\/audibax.com\/fr\/#\/schema\/logo\/image\/"}}]}},"_links":{"self":[{"href":"https:\/\/audibax.com\/fr\/wp-json\/wp\/v2\/product\/41244","targetHints":{"allow":["GET"]}}],"collection":[{"href":"https:\/\/audibax.com\/fr\/wp-json\/wp\/v2\/product"}],"about":[{"href":"https:\/\/audibax.com\/fr\/wp-json\/wp\/v2\/types\/product"}],"replies":[{"embeddable":true,"href":"https:\/\/audibax.com\/fr\/wp-json\/wp\/v2\/comments?post=41244"}],"wp:featuredmedia":[{"embeddable":true,"href":"https:\/\/audibax.com\/fr\/wp-json\/wp\/v2\/media\/41202"}],"wp:attachment":[{"href":"https:\/\/audibax.com\/fr\/wp-json\/wp\/v2\/media?parent=41244"}],"wp:term":[{"taxonomy":"product_cat","embeddable":true,"href":"https:\/\/audibax.com\/fr\/wp-json\/wp\/v2\/product_cat?post=41244"},{"taxonomy":"product_tag","embeddable":true,"href":"https:\/\/audibax.com\/fr\/wp-json\/wp\/v2\/product_tag?post=41244"}],"curies":[{"name":"wp","href":"https:\/\/api.w.org\/{rel}","templated":true}]}}