{"id":41181,"date":"2024-01-17T11:39:17","date_gmt":"2024-01-17T10:39:17","guid":{"rendered":"https:\/\/audibax.com\/product\/ma4500t-dsp-dante-black\/"},"modified":"2024-05-06T17:57:21","modified_gmt":"2024-05-06T15:57:21","slug":"ma4500t-dsp-dante-black","status":"publish","type":"product","link":"https:\/\/audibax.com\/fr\/produit\/ma4500t-dsp-dante-black\/","title":{"rendered":"MA4500T DSP Dante Black"},"content":{"rendered":"<ul>\n<li>Type: Amplificateur matriciel<\/li>\n<li>Sortie ampli: Low-z \/70\/100V<\/li>\n<li>Canaux Ampli 4<\/li>\n<li>Puissance par canal 8 Ohms (RMS): 300W<\/li>\n<li>Type d&rsquo;ampli: Classe D<\/li>\n<li>THD+Bruit @ 1kHz pleine puissance: &lt;&lt;0,01%<\/li>\n<li>Diaphonie du canal @ 1 kHz: -70dB<\/li>\n<li>Rapport signal\/bruit : &gt;&gt;94dB<\/li>\n<li>Pont d&rsquo;alimentation: LoZ 2x600W \/ 2 x100V-600W<\/li>\n<li>Dimensions: 1 unit\u00e9 19<\/li>\n<li>Entr\u00e9es Canal Ligne\/Micro: 4 XLR+ 2 Dante<\/li>\n<li>Connecteur d&rsquo;entr\u00e9e ligne: Euroblock+XLR+Dante<\/li>\n<li>Connecteur de sortie de ligne: Euroblock+XLR+Dante<\/li>\n<li>Contr\u00f4le de l&rsquo;interface: USB\/Ethernet\/Rs232\/485<\/li>\n<li>Contr\u00f4le de la tonalit\u00e9: Contr\u00f4le DSP<\/li>\n<li>Processeur DSP : Contr\u00f4le DSP + Ethernet<\/li>\n<li>Conectores de salida Amp: Terminal<\/li>\n<li>Mode d&rsquo;alarme: Limiteur et cr\u00eate<\/li>\n<li>Type de montage: Montage en rack<\/li>\n<li>Alimentation \u00e9lectrique: AC 180V-264VAC, 50-60Hz<\/li>\n<li>Poids: 4,2Kg<\/li>\n<li>Dimensions: 483 x 300 x 44,5 mm<\/li>\n<\/ul>\n","protected":false},"excerpt":{"rendered":"<ul>\n<li>Type: Amplificateur matriciel<\/li>\n<li>Sortie ampli: Low-z \/70\/100V<\/li>\n<li>Canaux Ampli 4<\/li>\n<li>Puissance par canal 8 Ohms (RMS): 300W<\/li>\n<li>Type d&rsquo;ampli: Classe D<\/li>\n<li>Entr\u00e9es Canal Ligne\/Micro: 4 XLR+ 2 Dante<\/li>\n<li>Processeur DSP : Contr\u00f4le DSP + Ethernet<\/li>\n<\/ul>\n","protected":false},"featured_media":41154,"comment_status":"open","ping_status":"closed","template":"","meta":{"_acf_changed":false},"product_cat":[395,399,393],"product_tag":[],"class_list":{"0":"post-41181","1":"product","2":"type-product","3":"status-publish","4":"has-post-thumbnail","6":"product_cat-amplificateurs","7":"product_cat-amplificateurs-dinstallation","8":"product_cat-sonorisation","10":"first","11":"instock","12":"shipping-taxable","13":"product-type-simple"},"acf":[],"yoast_head":"<!-- This site is optimized with the Yoast SEO plugin v27.0 - https:\/\/yoast.com\/product\/yoast-seo-wordpress\/ -->\n<title>MA4500T DSP Dante Black - Audibax<\/title>\n<meta name=\"robots\" content=\"index, follow, max-snippet:-1, max-image-preview:large, max-video-preview:-1\" \/>\n<link rel=\"canonical\" href=\"https:\/\/audibax.com\/fr\/produit\/ma4500t-dsp-dante-black\/\" \/>\n<meta property=\"og:locale\" content=\"fr_FR\" \/>\n<meta property=\"og:type\" content=\"article\" \/>\n<meta property=\"og:title\" content=\"MA4500T DSP Dante Black - Audibax\" \/>\n<meta property=\"og:description\" content=\"Type: Amplificateur matriciel  Sortie ampli: Low-z \/70\/100V  Canaux Ampli 4  Puissance par canal 8 Ohms (RMS): 300W  Type d&#039;ampli: Classe D  Entr\u00e9es Canal Ligne\/Micro: 4 XLR+ 2 Dante  Processeur DSP : Contr\u00f4le DSP + Ethernet\" \/>\n<meta property=\"og:url\" content=\"https:\/\/audibax.com\/fr\/produit\/ma4500t-dsp-dante-black\/\" \/>\n<meta property=\"og:site_name\" content=\"Audibax\" \/>\n<meta property=\"article:modified_time\" content=\"2024-05-06T15:57:21+00:00\" \/>\n<meta property=\"og:image\" content=\"https:\/\/audibax.com\/wp-content\/uploads\/2024\/01\/MA4500T-DSP-Dante-1-new-1-jpg.webp\" \/>\n\t<meta property=\"og:image:width\" content=\"2500\" \/>\n\t<meta property=\"og:image:height\" content=\"1767\" \/>\n\t<meta property=\"og:image:type\" content=\"image\/jpeg\" \/>\n<meta name=\"twitter:card\" content=\"summary_large_image\" \/>\n<meta name=\"twitter:label1\" content=\"Dur\u00e9e de lecture estim\u00e9e\" \/>\n\t<meta name=\"twitter:data1\" content=\"1 minute\" \/>\n<script type=\"application\/ld+json\" class=\"yoast-schema-graph\">{\"@context\":\"https:\/\/schema.org\",\"@graph\":[{\"@type\":\"WebPage\",\"@id\":\"https:\/\/audibax.com\/fr\/produit\/ma4500t-dsp-dante-black\/\",\"url\":\"https:\/\/audibax.com\/fr\/produit\/ma4500t-dsp-dante-black\/\",\"name\":\"MA4500T DSP Dante Black - Audibax\",\"isPartOf\":{\"@id\":\"https:\/\/audibax.com\/fr\/#website\"},\"primaryImageOfPage\":{\"@id\":\"https:\/\/audibax.com\/fr\/produit\/ma4500t-dsp-dante-black\/#primaryimage\"},\"image\":{\"@id\":\"https:\/\/audibax.com\/fr\/produit\/ma4500t-dsp-dante-black\/#primaryimage\"},\"thumbnailUrl\":\"https:\/\/audibax.com\/wp-content\/uploads\/2024\/01\/MA4500T-DSP-Dante-1-new-1-jpg.webp\",\"datePublished\":\"2024-01-17T10:39:17+00:00\",\"dateModified\":\"2024-05-06T15:57:21+00:00\",\"breadcrumb\":{\"@id\":\"https:\/\/audibax.com\/fr\/produit\/ma4500t-dsp-dante-black\/#breadcrumb\"},\"inLanguage\":\"fr-FR\",\"potentialAction\":[{\"@type\":\"ReadAction\",\"target\":[\"https:\/\/audibax.com\/fr\/produit\/ma4500t-dsp-dante-black\/\"]}]},{\"@type\":\"ImageObject\",\"inLanguage\":\"fr-FR\",\"@id\":\"https:\/\/audibax.com\/fr\/produit\/ma4500t-dsp-dante-black\/#primaryimage\",\"url\":\"https:\/\/audibax.com\/wp-content\/uploads\/2024\/01\/MA4500T-DSP-Dante-1-new-1-jpg.webp\",\"contentUrl\":\"https:\/\/audibax.com\/wp-content\/uploads\/2024\/01\/MA4500T-DSP-Dante-1-new-1-jpg.webp\",\"width\":2500,\"height\":1767},{\"@type\":\"BreadcrumbList\",\"@id\":\"https:\/\/audibax.com\/fr\/produit\/ma4500t-dsp-dante-black\/#breadcrumb\",\"itemListElement\":[{\"@type\":\"ListItem\",\"position\":1,\"name\":\"Portada\",\"item\":\"https:\/\/audibax.com\/fr\/\"},{\"@type\":\"ListItem\",\"position\":2,\"name\":\"Produits\",\"item\":\"https:\/\/audibax.com\/fr\/shop\/\"},{\"@type\":\"ListItem\",\"position\":3,\"name\":\"MA4500T DSP Dante Black\"}]},{\"@type\":\"WebSite\",\"@id\":\"https:\/\/audibax.com\/fr\/#website\",\"url\":\"https:\/\/audibax.com\/fr\/\",\"name\":\"Audibax\",\"description\":\"\",\"publisher\":{\"@id\":\"https:\/\/audibax.com\/fr\/#organization\"},\"potentialAction\":[{\"@type\":\"SearchAction\",\"target\":{\"@type\":\"EntryPoint\",\"urlTemplate\":\"https:\/\/audibax.com\/fr\/?s={search_term_string}\"},\"query-input\":{\"@type\":\"PropertyValueSpecification\",\"valueRequired\":true,\"valueName\":\"search_term_string\"}}],\"inLanguage\":\"fr-FR\"},{\"@type\":\"Organization\",\"@id\":\"https:\/\/audibax.com\/fr\/#organization\",\"name\":\"Audibax\",\"url\":\"https:\/\/audibax.com\/fr\/\",\"logo\":{\"@type\":\"ImageObject\",\"inLanguage\":\"fr-FR\",\"@id\":\"https:\/\/audibax.com\/fr\/#\/schema\/logo\/image\/\",\"url\":\"https:\/\/audibax.com\/wp-content\/uploads\/2023\/09\/logo-Audibax-BLANCO-SVG-1.svg\",\"contentUrl\":\"https:\/\/audibax.com\/wp-content\/uploads\/2023\/09\/logo-Audibax-BLANCO-SVG-1.svg\",\"caption\":\"Audibax\"},\"image\":{\"@id\":\"https:\/\/audibax.com\/fr\/#\/schema\/logo\/image\/\"}}]}<\/script>\n<!-- \/ Yoast SEO plugin. -->","yoast_head_json":{"title":"MA4500T DSP Dante Black - Audibax","robots":{"index":"index","follow":"follow","max-snippet":"max-snippet:-1","max-image-preview":"max-image-preview:large","max-video-preview":"max-video-preview:-1"},"canonical":"https:\/\/audibax.com\/fr\/produit\/ma4500t-dsp-dante-black\/","og_locale":"fr_FR","og_type":"article","og_title":"MA4500T DSP Dante Black - Audibax","og_description":"Type: Amplificateur matriciel  Sortie ampli: Low-z \/70\/100V  Canaux Ampli 4  Puissance par canal 8 Ohms (RMS): 300W  Type d'ampli: Classe D  Entr\u00e9es Canal Ligne\/Micro: 4 XLR+ 2 Dante  Processeur DSP : Contr\u00f4le DSP + Ethernet","og_url":"https:\/\/audibax.com\/fr\/produit\/ma4500t-dsp-dante-black\/","og_site_name":"Audibax","article_modified_time":"2024-05-06T15:57:21+00:00","og_image":[{"width":2500,"height":1767,"url":"https:\/\/audibax.com\/wp-content\/uploads\/2024\/01\/MA4500T-DSP-Dante-1-new-1-jpg.webp","type":"image\/jpeg"}],"twitter_card":"summary_large_image","twitter_misc":{"Dur\u00e9e de lecture estim\u00e9e":"1 minute"},"schema":{"@context":"https:\/\/schema.org","@graph":[{"@type":"WebPage","@id":"https:\/\/audibax.com\/fr\/produit\/ma4500t-dsp-dante-black\/","url":"https:\/\/audibax.com\/fr\/produit\/ma4500t-dsp-dante-black\/","name":"MA4500T DSP Dante Black - Audibax","isPartOf":{"@id":"https:\/\/audibax.com\/fr\/#website"},"primaryImageOfPage":{"@id":"https:\/\/audibax.com\/fr\/produit\/ma4500t-dsp-dante-black\/#primaryimage"},"image":{"@id":"https:\/\/audibax.com\/fr\/produit\/ma4500t-dsp-dante-black\/#primaryimage"},"thumbnailUrl":"https:\/\/audibax.com\/wp-content\/uploads\/2024\/01\/MA4500T-DSP-Dante-1-new-1-jpg.webp","datePublished":"2024-01-17T10:39:17+00:00","dateModified":"2024-05-06T15:57:21+00:00","breadcrumb":{"@id":"https:\/\/audibax.com\/fr\/produit\/ma4500t-dsp-dante-black\/#breadcrumb"},"inLanguage":"fr-FR","potentialAction":[{"@type":"ReadAction","target":["https:\/\/audibax.com\/fr\/produit\/ma4500t-dsp-dante-black\/"]}]},{"@type":"ImageObject","inLanguage":"fr-FR","@id":"https:\/\/audibax.com\/fr\/produit\/ma4500t-dsp-dante-black\/#primaryimage","url":"https:\/\/audibax.com\/wp-content\/uploads\/2024\/01\/MA4500T-DSP-Dante-1-new-1-jpg.webp","contentUrl":"https:\/\/audibax.com\/wp-content\/uploads\/2024\/01\/MA4500T-DSP-Dante-1-new-1-jpg.webp","width":2500,"height":1767},{"@type":"BreadcrumbList","@id":"https:\/\/audibax.com\/fr\/produit\/ma4500t-dsp-dante-black\/#breadcrumb","itemListElement":[{"@type":"ListItem","position":1,"name":"Portada","item":"https:\/\/audibax.com\/fr\/"},{"@type":"ListItem","position":2,"name":"Produits","item":"https:\/\/audibax.com\/fr\/shop\/"},{"@type":"ListItem","position":3,"name":"MA4500T DSP Dante Black"}]},{"@type":"WebSite","@id":"https:\/\/audibax.com\/fr\/#website","url":"https:\/\/audibax.com\/fr\/","name":"Audibax","description":"","publisher":{"@id":"https:\/\/audibax.com\/fr\/#organization"},"potentialAction":[{"@type":"SearchAction","target":{"@type":"EntryPoint","urlTemplate":"https:\/\/audibax.com\/fr\/?s={search_term_string}"},"query-input":{"@type":"PropertyValueSpecification","valueRequired":true,"valueName":"search_term_string"}}],"inLanguage":"fr-FR"},{"@type":"Organization","@id":"https:\/\/audibax.com\/fr\/#organization","name":"Audibax","url":"https:\/\/audibax.com\/fr\/","logo":{"@type":"ImageObject","inLanguage":"fr-FR","@id":"https:\/\/audibax.com\/fr\/#\/schema\/logo\/image\/","url":"https:\/\/audibax.com\/wp-content\/uploads\/2023\/09\/logo-Audibax-BLANCO-SVG-1.svg","contentUrl":"https:\/\/audibax.com\/wp-content\/uploads\/2023\/09\/logo-Audibax-BLANCO-SVG-1.svg","caption":"Audibax"},"image":{"@id":"https:\/\/audibax.com\/fr\/#\/schema\/logo\/image\/"}}]}},"_links":{"self":[{"href":"https:\/\/audibax.com\/fr\/wp-json\/wp\/v2\/product\/41181","targetHints":{"allow":["GET"]}}],"collection":[{"href":"https:\/\/audibax.com\/fr\/wp-json\/wp\/v2\/product"}],"about":[{"href":"https:\/\/audibax.com\/fr\/wp-json\/wp\/v2\/types\/product"}],"replies":[{"embeddable":true,"href":"https:\/\/audibax.com\/fr\/wp-json\/wp\/v2\/comments?post=41181"}],"wp:featuredmedia":[{"embeddable":true,"href":"https:\/\/audibax.com\/fr\/wp-json\/wp\/v2\/media\/41154"}],"wp:attachment":[{"href":"https:\/\/audibax.com\/fr\/wp-json\/wp\/v2\/media?parent=41181"}],"wp:term":[{"taxonomy":"product_cat","embeddable":true,"href":"https:\/\/audibax.com\/fr\/wp-json\/wp\/v2\/product_cat?post=41181"},{"taxonomy":"product_tag","embeddable":true,"href":"https:\/\/audibax.com\/fr\/wp-json\/wp\/v2\/product_tag?post=41181"}],"curies":[{"name":"wp","href":"https:\/\/api.w.org\/{rel}","templated":true}]}}