{"id":40688,"date":"2024-01-16T13:46:42","date_gmt":"2024-01-16T12:46:42","guid":{"rendered":"https:\/\/audibax.com\/product\/seattle-18s-2-1-black\/"},"modified":"2025-10-20T12:37:23","modified_gmt":"2025-10-20T10:37:23","slug":"seattle-18s-2-1-black","status":"publish","type":"product","link":"https:\/\/audibax.com\/fr\/produit\/seattle-18s-2-1-black\/","title":{"rendered":"Seattle 18S 2.1 Black"},"content":{"rendered":"<ul>\n<li>Type: Actif<\/li>\n<li>Conducteur du woofer: 18 pouces<\/li>\n<li>Bobine vocale du woofer: 3<\/li>\n<li>R\u00e9ponse en fr\u00e9quence: 45Hz-200Hz<\/li>\n<li>SPL maximum (dB): 124dB<\/li>\n<li>Type d&rsquo;imp\u00e9dance: 4 ohms<\/li>\n<li>Montage: Soutien<\/li>\n<li>Type de montage: Bride de 36 mm P\u00f4le ascendant<\/li>\n<li>Entr\u00e9es MIc\/Ligne: 2<\/li>\n<li>Connecteur d&rsquo;entr\u00e9e micro\/ligne: XLR\/Combi Jack<\/li>\n<li>Entr\u00e9es AUX: RCA st\u00e9r\u00e9o<\/li>\n<li>Connecteur d&rsquo;entr\u00e9es d&rsquo;ampli: Speakon 2-p<\/li>\n<li>Sorties de ligne: 2<\/li>\n<li>Connecteur de sortie ligne: XLR<\/li>\n<li>Processeur DSP: Pr\u00e9s\u00e9lection DSP<\/li>\n<li>Bluetooth<\/li>\n<li>USB\/MSD\/SD<\/li>\n<li>Puissance de charge (RMS): HF300W+HF300W<\/li>\n<li>Puissance d&rsquo;amplification (RMS): LF500W+HF300W+HF300W<\/li>\n<li>Puissance max. de l&rsquo;amplificateur (cr\u00eate): 2000W<\/li>\n<li>Finition du bo\u00eetier: MDF<\/li>\n<li>Alimentation \u00e9lectrique: AC 100V\/240V<\/li>\n<li>Peso: 38,57Kg<\/li>\n<li>Dimensions: 515X610X620mm<\/li>\n<\/ul>\n","protected":false},"excerpt":{"rendered":"<ul>\n<li>Type: Actif<\/li>\n<li>Conducteur du woofer: 18 pouces<\/li>\n<li>SPL maximum (dB): 124dB<\/li>\n<li>Processeur DSP: Pr\u00e9s\u00e9lection DSP<\/li>\n<li>Bluetooth<\/li>\n<li>Puissance de charge (RMS): HF300W+HF300W<\/li>\n<li>Puissance d&rsquo;amplification (RMS): LF500W+HF300W+HF300W<\/li>\n<li>Finition du bo\u00eetier: MDF<\/li>\n<\/ul>\n","protected":false},"featured_media":42986,"comment_status":"open","ping_status":"closed","template":"","meta":{"_acf_changed":false},"product_cat":[407,393,421],"product_tag":[],"class_list":{"0":"post-40688","1":"product","2":"type-product","3":"status-publish","4":"has-post-thumbnail","6":"product_cat-haut-parleurs-bluetooth","7":"product_cat-sonorisation","8":"product_cat-subwoofer-fr","10":"first","11":"instock","12":"shipping-taxable","13":"product-type-simple"},"acf":[],"yoast_head":"<!-- This site is optimized with the Yoast SEO plugin v27.0 - https:\/\/yoast.com\/product\/yoast-seo-wordpress\/ -->\n<title>Seattle 18S 2.1 Black - Audibax<\/title>\n<meta name=\"robots\" content=\"index, follow, max-snippet:-1, max-image-preview:large, max-video-preview:-1\" \/>\n<link rel=\"canonical\" href=\"https:\/\/audibax.com\/fr\/produit\/seattle-18s-2-1-black\/\" \/>\n<meta property=\"og:locale\" content=\"fr_FR\" \/>\n<meta property=\"og:type\" content=\"article\" \/>\n<meta property=\"og:title\" content=\"Seattle 18S 2.1 Black - Audibax\" \/>\n<meta property=\"og:description\" content=\"Type: Actif  Conducteur du woofer: 18 pouces  SPL maximum (dB): 124dB  Processeur DSP: Pr\u00e9s\u00e9lection DSP  Bluetooth  Puissance de charge (RMS): HF300W+HF300W  Puissance d&#039;amplification (RMS): LF500W+HF300W+HF300W  Finition du bo\u00eetier: MDF\" \/>\n<meta property=\"og:url\" content=\"https:\/\/audibax.com\/fr\/produit\/seattle-18s-2-1-black\/\" \/>\n<meta property=\"og:site_name\" content=\"Audibax\" \/>\n<meta property=\"article:modified_time\" content=\"2025-10-20T10:37:23+00:00\" \/>\n<meta property=\"og:image\" content=\"https:\/\/audibax.com\/wp-content\/uploads\/2024\/01\/Seattle-18S-2.1-1-1024x724.png\" \/>\n\t<meta property=\"og:image:width\" content=\"1024\" \/>\n\t<meta property=\"og:image:height\" content=\"724\" \/>\n\t<meta property=\"og:image:type\" content=\"image\/png\" \/>\n<meta name=\"twitter:card\" content=\"summary_large_image\" \/>\n<meta name=\"twitter:label1\" content=\"Dur\u00e9e de lecture estim\u00e9e\" \/>\n\t<meta name=\"twitter:data1\" content=\"1 minute\" \/>\n<script type=\"application\/ld+json\" class=\"yoast-schema-graph\">{\"@context\":\"https:\/\/schema.org\",\"@graph\":[{\"@type\":\"WebPage\",\"@id\":\"https:\/\/audibax.com\/fr\/produit\/seattle-18s-2-1-black\/\",\"url\":\"https:\/\/audibax.com\/fr\/produit\/seattle-18s-2-1-black\/\",\"name\":\"Seattle 18S 2.1 Black - Audibax\",\"isPartOf\":{\"@id\":\"https:\/\/audibax.com\/fr\/#website\"},\"primaryImageOfPage\":{\"@id\":\"https:\/\/audibax.com\/fr\/produit\/seattle-18s-2-1-black\/#primaryimage\"},\"image\":{\"@id\":\"https:\/\/audibax.com\/fr\/produit\/seattle-18s-2-1-black\/#primaryimage\"},\"thumbnailUrl\":\"https:\/\/audibax.com\/wp-content\/uploads\/2024\/01\/Seattle-18S-2.1-1.png\",\"datePublished\":\"2024-01-16T12:46:42+00:00\",\"dateModified\":\"2025-10-20T10:37:23+00:00\",\"breadcrumb\":{\"@id\":\"https:\/\/audibax.com\/fr\/produit\/seattle-18s-2-1-black\/#breadcrumb\"},\"inLanguage\":\"fr-FR\",\"potentialAction\":[{\"@type\":\"ReadAction\",\"target\":[\"https:\/\/audibax.com\/fr\/produit\/seattle-18s-2-1-black\/\"]}]},{\"@type\":\"ImageObject\",\"inLanguage\":\"fr-FR\",\"@id\":\"https:\/\/audibax.com\/fr\/produit\/seattle-18s-2-1-black\/#primaryimage\",\"url\":\"https:\/\/audibax.com\/wp-content\/uploads\/2024\/01\/Seattle-18S-2.1-1.png\",\"contentUrl\":\"https:\/\/audibax.com\/wp-content\/uploads\/2024\/01\/Seattle-18S-2.1-1.png\",\"width\":2500,\"height\":1767},{\"@type\":\"BreadcrumbList\",\"@id\":\"https:\/\/audibax.com\/fr\/produit\/seattle-18s-2-1-black\/#breadcrumb\",\"itemListElement\":[{\"@type\":\"ListItem\",\"position\":1,\"name\":\"Portada\",\"item\":\"https:\/\/audibax.com\/fr\/\"},{\"@type\":\"ListItem\",\"position\":2,\"name\":\"Produits\",\"item\":\"https:\/\/audibax.com\/fr\/shop\/\"},{\"@type\":\"ListItem\",\"position\":3,\"name\":\"Seattle 18S 2.1 Black\"}]},{\"@type\":\"WebSite\",\"@id\":\"https:\/\/audibax.com\/fr\/#website\",\"url\":\"https:\/\/audibax.com\/fr\/\",\"name\":\"Audibax\",\"description\":\"\",\"publisher\":{\"@id\":\"https:\/\/audibax.com\/fr\/#organization\"},\"potentialAction\":[{\"@type\":\"SearchAction\",\"target\":{\"@type\":\"EntryPoint\",\"urlTemplate\":\"https:\/\/audibax.com\/fr\/?s={search_term_string}\"},\"query-input\":{\"@type\":\"PropertyValueSpecification\",\"valueRequired\":true,\"valueName\":\"search_term_string\"}}],\"inLanguage\":\"fr-FR\"},{\"@type\":\"Organization\",\"@id\":\"https:\/\/audibax.com\/fr\/#organization\",\"name\":\"Audibax\",\"url\":\"https:\/\/audibax.com\/fr\/\",\"logo\":{\"@type\":\"ImageObject\",\"inLanguage\":\"fr-FR\",\"@id\":\"https:\/\/audibax.com\/fr\/#\/schema\/logo\/image\/\",\"url\":\"https:\/\/audibax.com\/wp-content\/uploads\/2023\/09\/logo-Audibax-BLANCO-SVG-1.svg\",\"contentUrl\":\"https:\/\/audibax.com\/wp-content\/uploads\/2023\/09\/logo-Audibax-BLANCO-SVG-1.svg\",\"caption\":\"Audibax\"},\"image\":{\"@id\":\"https:\/\/audibax.com\/fr\/#\/schema\/logo\/image\/\"}}]}<\/script>\n<!-- \/ Yoast SEO plugin. -->","yoast_head_json":{"title":"Seattle 18S 2.1 Black - Audibax","robots":{"index":"index","follow":"follow","max-snippet":"max-snippet:-1","max-image-preview":"max-image-preview:large","max-video-preview":"max-video-preview:-1"},"canonical":"https:\/\/audibax.com\/fr\/produit\/seattle-18s-2-1-black\/","og_locale":"fr_FR","og_type":"article","og_title":"Seattle 18S 2.1 Black - Audibax","og_description":"Type: Actif  Conducteur du woofer: 18 pouces  SPL maximum (dB): 124dB  Processeur DSP: Pr\u00e9s\u00e9lection DSP  Bluetooth  Puissance de charge (RMS): HF300W+HF300W  Puissance d'amplification (RMS): LF500W+HF300W+HF300W  Finition du bo\u00eetier: MDF","og_url":"https:\/\/audibax.com\/fr\/produit\/seattle-18s-2-1-black\/","og_site_name":"Audibax","article_modified_time":"2025-10-20T10:37:23+00:00","og_image":[{"width":1024,"height":724,"url":"https:\/\/audibax.com\/wp-content\/uploads\/2024\/01\/Seattle-18S-2.1-1-1024x724.png","type":"image\/png"}],"twitter_card":"summary_large_image","twitter_misc":{"Dur\u00e9e de lecture estim\u00e9e":"1 minute"},"schema":{"@context":"https:\/\/schema.org","@graph":[{"@type":"WebPage","@id":"https:\/\/audibax.com\/fr\/produit\/seattle-18s-2-1-black\/","url":"https:\/\/audibax.com\/fr\/produit\/seattle-18s-2-1-black\/","name":"Seattle 18S 2.1 Black - Audibax","isPartOf":{"@id":"https:\/\/audibax.com\/fr\/#website"},"primaryImageOfPage":{"@id":"https:\/\/audibax.com\/fr\/produit\/seattle-18s-2-1-black\/#primaryimage"},"image":{"@id":"https:\/\/audibax.com\/fr\/produit\/seattle-18s-2-1-black\/#primaryimage"},"thumbnailUrl":"https:\/\/audibax.com\/wp-content\/uploads\/2024\/01\/Seattle-18S-2.1-1.png","datePublished":"2024-01-16T12:46:42+00:00","dateModified":"2025-10-20T10:37:23+00:00","breadcrumb":{"@id":"https:\/\/audibax.com\/fr\/produit\/seattle-18s-2-1-black\/#breadcrumb"},"inLanguage":"fr-FR","potentialAction":[{"@type":"ReadAction","target":["https:\/\/audibax.com\/fr\/produit\/seattle-18s-2-1-black\/"]}]},{"@type":"ImageObject","inLanguage":"fr-FR","@id":"https:\/\/audibax.com\/fr\/produit\/seattle-18s-2-1-black\/#primaryimage","url":"https:\/\/audibax.com\/wp-content\/uploads\/2024\/01\/Seattle-18S-2.1-1.png","contentUrl":"https:\/\/audibax.com\/wp-content\/uploads\/2024\/01\/Seattle-18S-2.1-1.png","width":2500,"height":1767},{"@type":"BreadcrumbList","@id":"https:\/\/audibax.com\/fr\/produit\/seattle-18s-2-1-black\/#breadcrumb","itemListElement":[{"@type":"ListItem","position":1,"name":"Portada","item":"https:\/\/audibax.com\/fr\/"},{"@type":"ListItem","position":2,"name":"Produits","item":"https:\/\/audibax.com\/fr\/shop\/"},{"@type":"ListItem","position":3,"name":"Seattle 18S 2.1 Black"}]},{"@type":"WebSite","@id":"https:\/\/audibax.com\/fr\/#website","url":"https:\/\/audibax.com\/fr\/","name":"Audibax","description":"","publisher":{"@id":"https:\/\/audibax.com\/fr\/#organization"},"potentialAction":[{"@type":"SearchAction","target":{"@type":"EntryPoint","urlTemplate":"https:\/\/audibax.com\/fr\/?s={search_term_string}"},"query-input":{"@type":"PropertyValueSpecification","valueRequired":true,"valueName":"search_term_string"}}],"inLanguage":"fr-FR"},{"@type":"Organization","@id":"https:\/\/audibax.com\/fr\/#organization","name":"Audibax","url":"https:\/\/audibax.com\/fr\/","logo":{"@type":"ImageObject","inLanguage":"fr-FR","@id":"https:\/\/audibax.com\/fr\/#\/schema\/logo\/image\/","url":"https:\/\/audibax.com\/wp-content\/uploads\/2023\/09\/logo-Audibax-BLANCO-SVG-1.svg","contentUrl":"https:\/\/audibax.com\/wp-content\/uploads\/2023\/09\/logo-Audibax-BLANCO-SVG-1.svg","caption":"Audibax"},"image":{"@id":"https:\/\/audibax.com\/fr\/#\/schema\/logo\/image\/"}}]}},"_links":{"self":[{"href":"https:\/\/audibax.com\/fr\/wp-json\/wp\/v2\/product\/40688","targetHints":{"allow":["GET"]}}],"collection":[{"href":"https:\/\/audibax.com\/fr\/wp-json\/wp\/v2\/product"}],"about":[{"href":"https:\/\/audibax.com\/fr\/wp-json\/wp\/v2\/types\/product"}],"replies":[{"embeddable":true,"href":"https:\/\/audibax.com\/fr\/wp-json\/wp\/v2\/comments?post=40688"}],"wp:featuredmedia":[{"embeddable":true,"href":"https:\/\/audibax.com\/fr\/wp-json\/wp\/v2\/media\/42986"}],"wp:attachment":[{"href":"https:\/\/audibax.com\/fr\/wp-json\/wp\/v2\/media?parent=40688"}],"wp:term":[{"taxonomy":"product_cat","embeddable":true,"href":"https:\/\/audibax.com\/fr\/wp-json\/wp\/v2\/product_cat?post=40688"},{"taxonomy":"product_tag","embeddable":true,"href":"https:\/\/audibax.com\/fr\/wp-json\/wp\/v2\/product_tag?post=40688"}],"curies":[{"name":"wp","href":"https:\/\/api.w.org\/{rel}","templated":true}]}}