{"id":40571,"date":"2024-01-16T12:33:46","date_gmt":"2024-01-16T11:33:46","guid":{"rendered":"https:\/\/audibax.com\/product\/monster-200-hybrid-black-2\/"},"modified":"2024-11-27T10:45:12","modified_gmt":"2024-11-27T09:45:12","slug":"monster-200-hybrid-black-2","status":"publish","type":"product","link":"https:\/\/audibax.com\/fr\/produit\/monster-200-hybrid-black-2\/","title":{"rendered":"Monster 200 Hybrid Black"},"content":{"rendered":"<p><strong>Caract\u00e9ristiques<\/strong><\/p>\n<p>Le Monster 200 Hybrid d&rsquo;Audibax est un puissant projecteur mobile au design hybride, combinant l&rsquo;intensit\u00e9 et la luminosit\u00e9 d&rsquo;une LED blanche de 200W avec la polyvalence d&rsquo;une t\u00eate mobile. Ce projecteur est id\u00e9al pour les concepteurs d&rsquo;\u00e9clairage, les DJ et les organisateurs d&rsquo;\u00e9v\u00e9nements qui ont besoin d&rsquo;une solution d&rsquo;\u00e9clairage de haute performance pour leurs \u00e9v\u00e9nements.<\/p>\n<p>Avec sa LED blanche haute luminosit\u00e9 de 200W, la t\u00eate mobile Audibax Monster 200 Hybrid est capable de produire des faisceaux lumineux intenses qui peuvent \u00eatre utilis\u00e9s pour des effets de lumi\u00e8re. La conception de la t\u00eate mobile permet \u00e0 l&rsquo;appareil de pivoter et de s&rsquo;incliner dans une vari\u00e9t\u00e9 de directions, donnant aux utilisateurs la possibilit\u00e9 de cr\u00e9er des pr\u00e9sentations lumineuses dynamiques et attrayantes.<\/p>\n<p>L&rsquo;un des avantages de la conception hybride est qu&rsquo;elle combine les meilleures caract\u00e9ristiques de deux types d&rsquo;appareils d&rsquo;\u00e9clairage, ce qui en fait une solution polyvalente pour un large \u00e9ventail d&rsquo;applications d&rsquo;\u00e9clairage. En outre, le Monster 200 Hybrid dispose d&rsquo;un certain nombre de fonctions avanc\u00e9es telles que le contr\u00f4le DMX, la roue chromatique, les gobos et les prismes, ce qui en fait l&rsquo;un des meilleurs choix pour les professionnels de l&rsquo;\u00e9clairage.<\/p>\n<p><strong>Sp\u00e9cifications<\/strong><\/p>\n<ul>\n<li>T\u00eate de spot mobile<\/li>\n<li>Puissance: 300W<\/li>\n<li>Source LED: LED blanche 200W<\/li>\n<li>Temp\u00e9rature de couleur: 7500K<\/li>\n<li>Variateur: Variateur lin\u00e9aire doux 0-100%.<\/li>\n<li>Stroboscope: 1-25 Hz avec effet d&rsquo;impulsion<\/li>\n<li>Panoramique: 540\u00ba + fin<\/li>\n<li>Inclinaison: 270\u00ba + fine<\/li>\n<li>Plage de zoom: 7 &#8211; 21\u00ba<\/li>\n<li>Canal: 18 canaux DMX<\/li>\n<li>Contr\u00f4le: DMX, Ma\u00eetre-Esclave, Auto, Activ\u00e9 par le son<\/li>\n<li>Roue de couleurs: 9 couleurs + ouverte, avec effet de demi-couleur<\/li>\n<li>Roue de gobos statiques: 10 gobos + ouverts<\/li>\n<li>Roue de gobos rotatifs: 7 gobos + ouverts<\/li>\n<li>Prisme: Prisme \u00e0 4 facettes avec rotation bidirectionnelle<\/li>\n<li>Frost: Avec effet de givre<\/li>\n<li>Tension: AC100-240V, 50-60Hz<\/li>\n<li>Dur\u00e9e de vie des LED: Moyenne de 50000 heures<\/li>\n<li>Affichage: \u00c9cran LCD, r\u00e9glable \u00e0 180 degr\u00e9s pour s&rsquo;adapter aux diff\u00e9rentes positions d&rsquo;installation.<\/li>\n<li>Permet d&rsquo;installer des gobos d&rsquo;entreprise\n<ul>\n<li>Tama\u00f1o de gobos: 21,8 mm \/ imagen 17 mm \/ grosor m\u00e1ximo 1,2 mm<\/li>\n<\/ul>\n<\/li>\n<li>Dimensiones: 343 x 239 x 537 mm<\/li>\n<li>Dimensiones del embalaje: 59 x 45 x 45 cm<\/li>\n<li>Poids net: 14,5 kg<\/li>\n<li>Poids brut: 17,8 kg<\/li>\n<\/ul>\n","protected":false},"excerpt":{"rendered":"<ul>\n<li>Moving head spot<\/li>\n<li>Puissance: 300W<\/li>\n<li>Source LED: LED blanche 200W<\/li>\n<li>Canal: 18 canaux DMX<\/li>\n<li>Contr\u00f4le: DMX, Ma\u00eetre-Esclave, Auto, Activ\u00e9 par le son<\/li>\n<\/ul>\n","protected":false},"featured_media":40561,"comment_status":"open","ping_status":"closed","template":"","meta":{"_acf_changed":false},"product_cat":[349,363,359],"product_tag":[],"class_list":{"0":"post-40571","1":"product","2":"type-product","3":"status-publish","4":"has-post-thumbnail","6":"product_cat-eclairage","7":"product_cat-tete-mobile-ponctuelle","8":"product_cat-tetes-en-mouvement","10":"first","11":"instock","12":"shipping-taxable","13":"product-type-simple"},"acf":[],"yoast_head":"<!-- This site is optimized with the Yoast SEO plugin v27.0 - https:\/\/yoast.com\/product\/yoast-seo-wordpress\/ -->\n<title>Monster 200 Hybrid Black - Audibax<\/title>\n<meta name=\"robots\" content=\"index, follow, max-snippet:-1, max-image-preview:large, max-video-preview:-1\" \/>\n<link rel=\"canonical\" href=\"https:\/\/audibax.com\/fr\/produit\/monster-200-hybrid-black-2\/\" \/>\n<meta property=\"og:locale\" content=\"fr_FR\" \/>\n<meta property=\"og:type\" content=\"article\" \/>\n<meta property=\"og:title\" content=\"Monster 200 Hybrid Black - Audibax\" \/>\n<meta property=\"og:description\" content=\"Moving head spot  Puissance: 300W  Source LED: LED blanche 200W  Canal: 18 canaux DMX  Contr\u00f4le: DMX, Ma\u00eetre-Esclave, Auto, Activ\u00e9 par le son\" \/>\n<meta property=\"og:url\" content=\"https:\/\/audibax.com\/fr\/produit\/monster-200-hybrid-black-2\/\" \/>\n<meta property=\"og:site_name\" content=\"Audibax\" \/>\n<meta property=\"article:modified_time\" content=\"2024-11-27T09:45:12+00:00\" \/>\n<meta property=\"og:image\" content=\"https:\/\/audibax.com\/wp-content\/uploads\/2024\/01\/Monster-200-Hybrid-1-new-jpg.webp\" \/>\n\t<meta property=\"og:image:width\" content=\"2500\" \/>\n\t<meta property=\"og:image:height\" content=\"1767\" \/>\n\t<meta property=\"og:image:type\" content=\"image\/jpeg\" \/>\n<meta name=\"twitter:card\" content=\"summary_large_image\" \/>\n<meta name=\"twitter:label1\" content=\"Dur\u00e9e de lecture estim\u00e9e\" \/>\n\t<meta name=\"twitter:data1\" content=\"2 minutes\" \/>\n<script type=\"application\/ld+json\" class=\"yoast-schema-graph\">{\"@context\":\"https:\/\/schema.org\",\"@graph\":[{\"@type\":\"WebPage\",\"@id\":\"https:\/\/audibax.com\/fr\/produit\/monster-200-hybrid-black-2\/\",\"url\":\"https:\/\/audibax.com\/fr\/produit\/monster-200-hybrid-black-2\/\",\"name\":\"Monster 200 Hybrid Black - Audibax\",\"isPartOf\":{\"@id\":\"https:\/\/audibax.com\/fr\/#website\"},\"primaryImageOfPage\":{\"@id\":\"https:\/\/audibax.com\/fr\/produit\/monster-200-hybrid-black-2\/#primaryimage\"},\"image\":{\"@id\":\"https:\/\/audibax.com\/fr\/produit\/monster-200-hybrid-black-2\/#primaryimage\"},\"thumbnailUrl\":\"https:\/\/audibax.com\/wp-content\/uploads\/2024\/01\/Monster-200-Hybrid-1-new-jpg.webp\",\"datePublished\":\"2024-01-16T11:33:46+00:00\",\"dateModified\":\"2024-11-27T09:45:12+00:00\",\"breadcrumb\":{\"@id\":\"https:\/\/audibax.com\/fr\/produit\/monster-200-hybrid-black-2\/#breadcrumb\"},\"inLanguage\":\"fr-FR\",\"potentialAction\":[{\"@type\":\"ReadAction\",\"target\":[\"https:\/\/audibax.com\/fr\/produit\/monster-200-hybrid-black-2\/\"]}]},{\"@type\":\"ImageObject\",\"inLanguage\":\"fr-FR\",\"@id\":\"https:\/\/audibax.com\/fr\/produit\/monster-200-hybrid-black-2\/#primaryimage\",\"url\":\"https:\/\/audibax.com\/wp-content\/uploads\/2024\/01\/Monster-200-Hybrid-1-new-jpg.webp\",\"contentUrl\":\"https:\/\/audibax.com\/wp-content\/uploads\/2024\/01\/Monster-200-Hybrid-1-new-jpg.webp\",\"width\":2500,\"height\":1767},{\"@type\":\"BreadcrumbList\",\"@id\":\"https:\/\/audibax.com\/fr\/produit\/monster-200-hybrid-black-2\/#breadcrumb\",\"itemListElement\":[{\"@type\":\"ListItem\",\"position\":1,\"name\":\"Portada\",\"item\":\"https:\/\/audibax.com\/fr\/\"},{\"@type\":\"ListItem\",\"position\":2,\"name\":\"Produits\",\"item\":\"https:\/\/audibax.com\/fr\/shop\/\"},{\"@type\":\"ListItem\",\"position\":3,\"name\":\"Monster 200 Hybrid Black\"}]},{\"@type\":\"WebSite\",\"@id\":\"https:\/\/audibax.com\/fr\/#website\",\"url\":\"https:\/\/audibax.com\/fr\/\",\"name\":\"Audibax\",\"description\":\"\",\"publisher\":{\"@id\":\"https:\/\/audibax.com\/fr\/#organization\"},\"potentialAction\":[{\"@type\":\"SearchAction\",\"target\":{\"@type\":\"EntryPoint\",\"urlTemplate\":\"https:\/\/audibax.com\/fr\/?s={search_term_string}\"},\"query-input\":{\"@type\":\"PropertyValueSpecification\",\"valueRequired\":true,\"valueName\":\"search_term_string\"}}],\"inLanguage\":\"fr-FR\"},{\"@type\":\"Organization\",\"@id\":\"https:\/\/audibax.com\/fr\/#organization\",\"name\":\"Audibax\",\"url\":\"https:\/\/audibax.com\/fr\/\",\"logo\":{\"@type\":\"ImageObject\",\"inLanguage\":\"fr-FR\",\"@id\":\"https:\/\/audibax.com\/fr\/#\/schema\/logo\/image\/\",\"url\":\"https:\/\/audibax.com\/wp-content\/uploads\/2023\/09\/logo-Audibax-BLANCO-SVG-1.svg\",\"contentUrl\":\"https:\/\/audibax.com\/wp-content\/uploads\/2023\/09\/logo-Audibax-BLANCO-SVG-1.svg\",\"caption\":\"Audibax\"},\"image\":{\"@id\":\"https:\/\/audibax.com\/fr\/#\/schema\/logo\/image\/\"}}]}<\/script>\n<!-- \/ Yoast SEO plugin. -->","yoast_head_json":{"title":"Monster 200 Hybrid Black - Audibax","robots":{"index":"index","follow":"follow","max-snippet":"max-snippet:-1","max-image-preview":"max-image-preview:large","max-video-preview":"max-video-preview:-1"},"canonical":"https:\/\/audibax.com\/fr\/produit\/monster-200-hybrid-black-2\/","og_locale":"fr_FR","og_type":"article","og_title":"Monster 200 Hybrid Black - Audibax","og_description":"Moving head spot  Puissance: 300W  Source LED: LED blanche 200W  Canal: 18 canaux DMX  Contr\u00f4le: DMX, Ma\u00eetre-Esclave, Auto, Activ\u00e9 par le son","og_url":"https:\/\/audibax.com\/fr\/produit\/monster-200-hybrid-black-2\/","og_site_name":"Audibax","article_modified_time":"2024-11-27T09:45:12+00:00","og_image":[{"width":2500,"height":1767,"url":"https:\/\/audibax.com\/wp-content\/uploads\/2024\/01\/Monster-200-Hybrid-1-new-jpg.webp","type":"image\/jpeg"}],"twitter_card":"summary_large_image","twitter_misc":{"Dur\u00e9e de lecture estim\u00e9e":"2 minutes"},"schema":{"@context":"https:\/\/schema.org","@graph":[{"@type":"WebPage","@id":"https:\/\/audibax.com\/fr\/produit\/monster-200-hybrid-black-2\/","url":"https:\/\/audibax.com\/fr\/produit\/monster-200-hybrid-black-2\/","name":"Monster 200 Hybrid Black - Audibax","isPartOf":{"@id":"https:\/\/audibax.com\/fr\/#website"},"primaryImageOfPage":{"@id":"https:\/\/audibax.com\/fr\/produit\/monster-200-hybrid-black-2\/#primaryimage"},"image":{"@id":"https:\/\/audibax.com\/fr\/produit\/monster-200-hybrid-black-2\/#primaryimage"},"thumbnailUrl":"https:\/\/audibax.com\/wp-content\/uploads\/2024\/01\/Monster-200-Hybrid-1-new-jpg.webp","datePublished":"2024-01-16T11:33:46+00:00","dateModified":"2024-11-27T09:45:12+00:00","breadcrumb":{"@id":"https:\/\/audibax.com\/fr\/produit\/monster-200-hybrid-black-2\/#breadcrumb"},"inLanguage":"fr-FR","potentialAction":[{"@type":"ReadAction","target":["https:\/\/audibax.com\/fr\/produit\/monster-200-hybrid-black-2\/"]}]},{"@type":"ImageObject","inLanguage":"fr-FR","@id":"https:\/\/audibax.com\/fr\/produit\/monster-200-hybrid-black-2\/#primaryimage","url":"https:\/\/audibax.com\/wp-content\/uploads\/2024\/01\/Monster-200-Hybrid-1-new-jpg.webp","contentUrl":"https:\/\/audibax.com\/wp-content\/uploads\/2024\/01\/Monster-200-Hybrid-1-new-jpg.webp","width":2500,"height":1767},{"@type":"BreadcrumbList","@id":"https:\/\/audibax.com\/fr\/produit\/monster-200-hybrid-black-2\/#breadcrumb","itemListElement":[{"@type":"ListItem","position":1,"name":"Portada","item":"https:\/\/audibax.com\/fr\/"},{"@type":"ListItem","position":2,"name":"Produits","item":"https:\/\/audibax.com\/fr\/shop\/"},{"@type":"ListItem","position":3,"name":"Monster 200 Hybrid Black"}]},{"@type":"WebSite","@id":"https:\/\/audibax.com\/fr\/#website","url":"https:\/\/audibax.com\/fr\/","name":"Audibax","description":"","publisher":{"@id":"https:\/\/audibax.com\/fr\/#organization"},"potentialAction":[{"@type":"SearchAction","target":{"@type":"EntryPoint","urlTemplate":"https:\/\/audibax.com\/fr\/?s={search_term_string}"},"query-input":{"@type":"PropertyValueSpecification","valueRequired":true,"valueName":"search_term_string"}}],"inLanguage":"fr-FR"},{"@type":"Organization","@id":"https:\/\/audibax.com\/fr\/#organization","name":"Audibax","url":"https:\/\/audibax.com\/fr\/","logo":{"@type":"ImageObject","inLanguage":"fr-FR","@id":"https:\/\/audibax.com\/fr\/#\/schema\/logo\/image\/","url":"https:\/\/audibax.com\/wp-content\/uploads\/2023\/09\/logo-Audibax-BLANCO-SVG-1.svg","contentUrl":"https:\/\/audibax.com\/wp-content\/uploads\/2023\/09\/logo-Audibax-BLANCO-SVG-1.svg","caption":"Audibax"},"image":{"@id":"https:\/\/audibax.com\/fr\/#\/schema\/logo\/image\/"}}]}},"_links":{"self":[{"href":"https:\/\/audibax.com\/fr\/wp-json\/wp\/v2\/product\/40571","targetHints":{"allow":["GET"]}}],"collection":[{"href":"https:\/\/audibax.com\/fr\/wp-json\/wp\/v2\/product"}],"about":[{"href":"https:\/\/audibax.com\/fr\/wp-json\/wp\/v2\/types\/product"}],"replies":[{"embeddable":true,"href":"https:\/\/audibax.com\/fr\/wp-json\/wp\/v2\/comments?post=40571"}],"wp:featuredmedia":[{"embeddable":true,"href":"https:\/\/audibax.com\/fr\/wp-json\/wp\/v2\/media\/40561"}],"wp:attachment":[{"href":"https:\/\/audibax.com\/fr\/wp-json\/wp\/v2\/media?parent=40571"}],"wp:term":[{"taxonomy":"product_cat","embeddable":true,"href":"https:\/\/audibax.com\/fr\/wp-json\/wp\/v2\/product_cat?post=40571"},{"taxonomy":"product_tag","embeddable":true,"href":"https:\/\/audibax.com\/fr\/wp-json\/wp\/v2\/product_tag?post=40571"}],"curies":[{"name":"wp","href":"https:\/\/api.w.org\/{rel}","templated":true}]}}