{"id":40394,"date":"2024-01-16T10:25:39","date_gmt":"2024-01-16T09:25:39","guid":{"rendered":"https:\/\/audibax.com\/product\/columbia-10-black\/"},"modified":"2026-03-09T17:50:42","modified_gmt":"2026-03-09T16:50:42","slug":"columbia-10-black","status":"publish","type":"product","link":"https:\/\/audibax.com\/fr\/produit\/columbia-10-black\/","title":{"rendered":"Columbia 10"},"content":{"rendered":"<ul>\n<li>Type: Passif 2 voies<\/li>\n<li>Conducteur du woofer: 10&Prime;<\/li>\n<li>Bobine vocale du haut-parleur de graves: 2&Prime;<\/li>\n<li>HF Type de conducteur: Corne<\/li>\n<li>Haut-parleur HF: 1,35&Prime;<\/li>\n<li>Bobine vocale du haut-parleur HF: 3.5&Prime;<\/li>\n<li>R\u00e9ponse en fr\u00e9quence: 60Hz-20KHz<\/li>\n<li>SPL maximum (dB): 127dB<\/li>\n<li>Sensibilit\u00e9 (1w\/1m): 94dB<\/li>\n<li>Type d&rsquo;imp\u00e9dance: 8 ohms<\/li>\n<li>Dispersion: 100\u00b0 H \u00d7 90\u00b0 V<\/li>\n<li>Montage: Fixation murale<\/li>\n<li>Type de montage : Points d&rsquo;accrochage (5 x M8) et support mural<\/li>\n<li>Puissance de charge (RMS): 300W<\/li>\n<li>Puissance de charge en cr\u00eate: 600W<\/li>\n<li>Finition du bo\u00eetier: <span data-sheets-root=\"1\" data-sheets-value=\"{\" data-sheets-userformat=\"{\">Contreplaqu\u00e9 multicouche<\/span><\/li>\n<li>Poids: 10 Kg<\/li>\n<li>Dimensions: 290x290x495mm<\/li>\n<li>Soutien inclus<\/li>\n<\/ul>\n","protected":false},"excerpt":{"rendered":"<ul>\n<li>Type: Passif 2 voies<\/li>\n<li>Conducteur du woofer: 10&Prime;<\/li>\n<li>R\u00e9ponse en fr\u00e9quence: 60Hz-20KHz<\/li>\n<li>SPL maximum (dB): 127dB<\/li>\n<li>Sensibilit\u00e9 (1w\/1m): 94dB<\/li>\n<li>Type d&rsquo;imp\u00e9dance: 8 ohms<\/li>\n<li>Dispersion: 100\u00b0 H \u00d7 90\u00b0 V<\/li>\n<li>Puissance de charge (RMS): 300W<\/li>\n<li>Finition du bo\u00eetier: Contreplaqu\u00e9 multicouche<\/li>\n<li>Soutien inclus<\/li>\n<\/ul>\n","protected":false},"featured_media":42009,"comment_status":"open","ping_status":"closed","template":"","meta":{"_acf_changed":false},"product_cat":[415,253,393],"product_tag":[],"class_list":{"0":"post-40394","1":"product","2":"type-product","3":"status-publish","4":"has-post-thumbnail","6":"product_cat-haut-parleurs-passifs","7":"product_cat-intervenants","8":"product_cat-sonorisation","10":"first","11":"instock","12":"shipping-taxable","13":"product-type-simple"},"acf":[],"yoast_head":"<!-- This site is optimized with the Yoast SEO plugin v27.0 - https:\/\/yoast.com\/product\/yoast-seo-wordpress\/ -->\n<title>Columbia 10 - Audibax<\/title>\n<meta name=\"robots\" content=\"index, follow, max-snippet:-1, max-image-preview:large, max-video-preview:-1\" \/>\n<link rel=\"canonical\" href=\"https:\/\/audibax.com\/fr\/produit\/columbia-10-black\/\" \/>\n<meta property=\"og:locale\" content=\"fr_FR\" \/>\n<meta property=\"og:type\" content=\"article\" \/>\n<meta property=\"og:title\" content=\"Columbia 10 - Audibax\" \/>\n<meta property=\"og:description\" content=\"Type: Passif 2 voies  Conducteur du woofer: 10&quot;  R\u00e9ponse en fr\u00e9quence: 60Hz-20KHz  SPL maximum (dB): 127dB  Sensibilit\u00e9 (1w\/1m): 94dB  Type d&#039;imp\u00e9dance: 8 ohms  Dispersion: 100\u00b0 H \u00d7 90\u00b0 V  Puissance de charge (RMS): 300W  Finition du bo\u00eetier: Contreplaqu\u00e9 multicouche  Soutien inclus\" \/>\n<meta property=\"og:url\" content=\"https:\/\/audibax.com\/fr\/produit\/columbia-10-black\/\" \/>\n<meta property=\"og:site_name\" content=\"Audibax\" \/>\n<meta property=\"article:modified_time\" content=\"2026-03-09T16:50:42+00:00\" \/>\n<meta property=\"og:image\" content=\"https:\/\/audibax.com\/wp-content\/uploads\/2024\/01\/Columbia-10-1-1-1024x724.png\" \/>\n\t<meta property=\"og:image:width\" content=\"1024\" \/>\n\t<meta property=\"og:image:height\" content=\"724\" \/>\n\t<meta property=\"og:image:type\" content=\"image\/png\" \/>\n<meta name=\"twitter:card\" content=\"summary_large_image\" \/>\n<meta name=\"twitter:label1\" content=\"Dur\u00e9e de lecture estim\u00e9e\" \/>\n\t<meta name=\"twitter:data1\" content=\"1 minute\" \/>\n<script type=\"application\/ld+json\" class=\"yoast-schema-graph\">{\"@context\":\"https:\/\/schema.org\",\"@graph\":[{\"@type\":\"WebPage\",\"@id\":\"https:\/\/audibax.com\/fr\/produit\/columbia-10-black\/\",\"url\":\"https:\/\/audibax.com\/fr\/produit\/columbia-10-black\/\",\"name\":\"Columbia 10 - Audibax\",\"isPartOf\":{\"@id\":\"https:\/\/audibax.com\/fr\/#website\"},\"primaryImageOfPage\":{\"@id\":\"https:\/\/audibax.com\/fr\/produit\/columbia-10-black\/#primaryimage\"},\"image\":{\"@id\":\"https:\/\/audibax.com\/fr\/produit\/columbia-10-black\/#primaryimage\"},\"thumbnailUrl\":\"https:\/\/audibax.com\/wp-content\/uploads\/2024\/01\/Columbia-10-1-1.png\",\"datePublished\":\"2024-01-16T09:25:39+00:00\",\"dateModified\":\"2026-03-09T16:50:42+00:00\",\"breadcrumb\":{\"@id\":\"https:\/\/audibax.com\/fr\/produit\/columbia-10-black\/#breadcrumb\"},\"inLanguage\":\"fr-FR\",\"potentialAction\":[{\"@type\":\"ReadAction\",\"target\":[\"https:\/\/audibax.com\/fr\/produit\/columbia-10-black\/\"]}]},{\"@type\":\"ImageObject\",\"inLanguage\":\"fr-FR\",\"@id\":\"https:\/\/audibax.com\/fr\/produit\/columbia-10-black\/#primaryimage\",\"url\":\"https:\/\/audibax.com\/wp-content\/uploads\/2024\/01\/Columbia-10-1-1.png\",\"contentUrl\":\"https:\/\/audibax.com\/wp-content\/uploads\/2024\/01\/Columbia-10-1-1.png\",\"width\":2500,\"height\":1767},{\"@type\":\"BreadcrumbList\",\"@id\":\"https:\/\/audibax.com\/fr\/produit\/columbia-10-black\/#breadcrumb\",\"itemListElement\":[{\"@type\":\"ListItem\",\"position\":1,\"name\":\"Portada\",\"item\":\"https:\/\/audibax.com\/fr\/\"},{\"@type\":\"ListItem\",\"position\":2,\"name\":\"Produits\",\"item\":\"https:\/\/audibax.com\/fr\/shop\/\"},{\"@type\":\"ListItem\",\"position\":3,\"name\":\"Columbia 10\"}]},{\"@type\":\"WebSite\",\"@id\":\"https:\/\/audibax.com\/fr\/#website\",\"url\":\"https:\/\/audibax.com\/fr\/\",\"name\":\"Audibax\",\"description\":\"\",\"publisher\":{\"@id\":\"https:\/\/audibax.com\/fr\/#organization\"},\"potentialAction\":[{\"@type\":\"SearchAction\",\"target\":{\"@type\":\"EntryPoint\",\"urlTemplate\":\"https:\/\/audibax.com\/fr\/?s={search_term_string}\"},\"query-input\":{\"@type\":\"PropertyValueSpecification\",\"valueRequired\":true,\"valueName\":\"search_term_string\"}}],\"inLanguage\":\"fr-FR\"},{\"@type\":\"Organization\",\"@id\":\"https:\/\/audibax.com\/fr\/#organization\",\"name\":\"Audibax\",\"url\":\"https:\/\/audibax.com\/fr\/\",\"logo\":{\"@type\":\"ImageObject\",\"inLanguage\":\"fr-FR\",\"@id\":\"https:\/\/audibax.com\/fr\/#\/schema\/logo\/image\/\",\"url\":\"https:\/\/audibax.com\/wp-content\/uploads\/2023\/09\/logo-Audibax-BLANCO-SVG-1.svg\",\"contentUrl\":\"https:\/\/audibax.com\/wp-content\/uploads\/2023\/09\/logo-Audibax-BLANCO-SVG-1.svg\",\"caption\":\"Audibax\"},\"image\":{\"@id\":\"https:\/\/audibax.com\/fr\/#\/schema\/logo\/image\/\"}}]}<\/script>\n<!-- \/ Yoast SEO plugin. -->","yoast_head_json":{"title":"Columbia 10 - Audibax","robots":{"index":"index","follow":"follow","max-snippet":"max-snippet:-1","max-image-preview":"max-image-preview:large","max-video-preview":"max-video-preview:-1"},"canonical":"https:\/\/audibax.com\/fr\/produit\/columbia-10-black\/","og_locale":"fr_FR","og_type":"article","og_title":"Columbia 10 - Audibax","og_description":"Type: Passif 2 voies  Conducteur du woofer: 10\"  R\u00e9ponse en fr\u00e9quence: 60Hz-20KHz  SPL maximum (dB): 127dB  Sensibilit\u00e9 (1w\/1m): 94dB  Type d'imp\u00e9dance: 8 ohms  Dispersion: 100\u00b0 H \u00d7 90\u00b0 V  Puissance de charge (RMS): 300W  Finition du bo\u00eetier: Contreplaqu\u00e9 multicouche  Soutien inclus","og_url":"https:\/\/audibax.com\/fr\/produit\/columbia-10-black\/","og_site_name":"Audibax","article_modified_time":"2026-03-09T16:50:42+00:00","og_image":[{"width":1024,"height":724,"url":"https:\/\/audibax.com\/wp-content\/uploads\/2024\/01\/Columbia-10-1-1-1024x724.png","type":"image\/png"}],"twitter_card":"summary_large_image","twitter_misc":{"Dur\u00e9e de lecture estim\u00e9e":"1 minute"},"schema":{"@context":"https:\/\/schema.org","@graph":[{"@type":"WebPage","@id":"https:\/\/audibax.com\/fr\/produit\/columbia-10-black\/","url":"https:\/\/audibax.com\/fr\/produit\/columbia-10-black\/","name":"Columbia 10 - Audibax","isPartOf":{"@id":"https:\/\/audibax.com\/fr\/#website"},"primaryImageOfPage":{"@id":"https:\/\/audibax.com\/fr\/produit\/columbia-10-black\/#primaryimage"},"image":{"@id":"https:\/\/audibax.com\/fr\/produit\/columbia-10-black\/#primaryimage"},"thumbnailUrl":"https:\/\/audibax.com\/wp-content\/uploads\/2024\/01\/Columbia-10-1-1.png","datePublished":"2024-01-16T09:25:39+00:00","dateModified":"2026-03-09T16:50:42+00:00","breadcrumb":{"@id":"https:\/\/audibax.com\/fr\/produit\/columbia-10-black\/#breadcrumb"},"inLanguage":"fr-FR","potentialAction":[{"@type":"ReadAction","target":["https:\/\/audibax.com\/fr\/produit\/columbia-10-black\/"]}]},{"@type":"ImageObject","inLanguage":"fr-FR","@id":"https:\/\/audibax.com\/fr\/produit\/columbia-10-black\/#primaryimage","url":"https:\/\/audibax.com\/wp-content\/uploads\/2024\/01\/Columbia-10-1-1.png","contentUrl":"https:\/\/audibax.com\/wp-content\/uploads\/2024\/01\/Columbia-10-1-1.png","width":2500,"height":1767},{"@type":"BreadcrumbList","@id":"https:\/\/audibax.com\/fr\/produit\/columbia-10-black\/#breadcrumb","itemListElement":[{"@type":"ListItem","position":1,"name":"Portada","item":"https:\/\/audibax.com\/fr\/"},{"@type":"ListItem","position":2,"name":"Produits","item":"https:\/\/audibax.com\/fr\/shop\/"},{"@type":"ListItem","position":3,"name":"Columbia 10"}]},{"@type":"WebSite","@id":"https:\/\/audibax.com\/fr\/#website","url":"https:\/\/audibax.com\/fr\/","name":"Audibax","description":"","publisher":{"@id":"https:\/\/audibax.com\/fr\/#organization"},"potentialAction":[{"@type":"SearchAction","target":{"@type":"EntryPoint","urlTemplate":"https:\/\/audibax.com\/fr\/?s={search_term_string}"},"query-input":{"@type":"PropertyValueSpecification","valueRequired":true,"valueName":"search_term_string"}}],"inLanguage":"fr-FR"},{"@type":"Organization","@id":"https:\/\/audibax.com\/fr\/#organization","name":"Audibax","url":"https:\/\/audibax.com\/fr\/","logo":{"@type":"ImageObject","inLanguage":"fr-FR","@id":"https:\/\/audibax.com\/fr\/#\/schema\/logo\/image\/","url":"https:\/\/audibax.com\/wp-content\/uploads\/2023\/09\/logo-Audibax-BLANCO-SVG-1.svg","contentUrl":"https:\/\/audibax.com\/wp-content\/uploads\/2023\/09\/logo-Audibax-BLANCO-SVG-1.svg","caption":"Audibax"},"image":{"@id":"https:\/\/audibax.com\/fr\/#\/schema\/logo\/image\/"}}]}},"_links":{"self":[{"href":"https:\/\/audibax.com\/fr\/wp-json\/wp\/v2\/product\/40394","targetHints":{"allow":["GET"]}}],"collection":[{"href":"https:\/\/audibax.com\/fr\/wp-json\/wp\/v2\/product"}],"about":[{"href":"https:\/\/audibax.com\/fr\/wp-json\/wp\/v2\/types\/product"}],"replies":[{"embeddable":true,"href":"https:\/\/audibax.com\/fr\/wp-json\/wp\/v2\/comments?post=40394"}],"wp:featuredmedia":[{"embeddable":true,"href":"https:\/\/audibax.com\/fr\/wp-json\/wp\/v2\/media\/42009"}],"wp:attachment":[{"href":"https:\/\/audibax.com\/fr\/wp-json\/wp\/v2\/media?parent=40394"}],"wp:term":[{"taxonomy":"product_cat","embeddable":true,"href":"https:\/\/audibax.com\/fr\/wp-json\/wp\/v2\/product_cat?post=40394"},{"taxonomy":"product_tag","embeddable":true,"href":"https:\/\/audibax.com\/fr\/wp-json\/wp\/v2\/product_tag?post=40394"}],"curies":[{"name":"wp","href":"https:\/\/api.w.org\/{rel}","templated":true}]}}