{"id":40285,"date":"2024-01-15T17:55:14","date_gmt":"2024-01-15T16:55:14","guid":{"rendered":"https:\/\/audibax.com\/product\/manhattan-10a-black\/"},"modified":"2026-04-24T11:11:08","modified_gmt":"2026-04-24T09:11:08","slug":"manhattan-10a-black","status":"publish","type":"product","link":"https:\/\/audibax.com\/fr\/produit\/manhattan-10a-black\/","title":{"rendered":"Manhattan 10A Black"},"content":{"rendered":"<p data-start=\"68\" data-end=\"458\">L\u2019<strong data-start=\"70\" data-end=\"101\">Audibax Manhattan 10A Black<\/strong> est une enceinte active puissante et polyvalente, con\u00e7ue pour des applications audio professionnelles o\u00f9 la performance et la fiabilit\u00e9 sont essentielles. Elle est id\u00e9ale pour les \u00e9v\u00e9nements live, les DJs, les pr\u00e9sentations et les installations fixes, offrant une pression sonore impressionnante et une excellente clart\u00e9 dans un format compact et portable.<\/p>\n<div class=\"no-scrollbar flex min-h-36 flex-nowrap gap-0.5 overflow-auto sm:gap-1 sm:overflow-hidden xl:min-h-44 mt-1 mb-5 not-first:mt-4\">\n<div class=\"border-token-border-default relative w-32 shrink-0 overflow-hidden rounded-xl border-[0.5px] md:shrink max-h-64 sm:w-[calc((100%-0.5rem)\/3)] rounded-s-xl\">\n<div class=\"group\/search-image @container\/search-image relative rounded-[inherit] h-full w-full\">\n<div>\n<p data-start=\"502\" data-end=\"907\">Dot\u00e9e d\u2019une \u00e9l\u00e9gante finition noire et fabriqu\u00e9e en contreplaqu\u00e9 multicouche robuste, la Manhattan 10A int\u00e8gre un woofer de 10 pouces ainsi qu\u2019un moteur de compression de 1,75 pouce mont\u00e9 sur pavillon, atteignant un SPL maximal impressionnant de 134 dB. Sa sensibilit\u00e9 de 95 dB garantit un rendement \u00e9lev\u00e9, tandis que le processeur DSP int\u00e9gr\u00e9 (CAN BUS) optimise le son selon les diff\u00e9rentes applications.<\/p>\n<p data-start=\"909\" data-end=\"1331\">Gr\u00e2ce \u00e0 son amplificateur int\u00e9gr\u00e9 de 1000W RMS (2000W en cr\u00eate), elle d\u00e9livre une puissance constante adapt\u00e9e aux espaces de taille moyenne \u00e0 grande. Sa connectivit\u00e9 flexible, avec entr\u00e9e combo XLR\/Jack et sortie XLR, permet une int\u00e9gration facile dans tout syst\u00e8me audio professionnel. Elle offre \u00e9galement une grande polyvalence d\u2019installation gr\u00e2ce \u00e0 son embase 36 mm pour pied et ses points d\u2019accroche pour suspension.<\/p>\n<h2 data-section-id=\"cqxc87\" data-start=\"1338\" data-end=\"1367\">Sp\u00e9cifications G\u00e9n\u00e9rales<\/h2>\n<ul>\n<li data-start=\"1368\" data-end=\"1493\"><strong data-start=\"1368\" data-end=\"1381\">Couleur :<\/strong> Noir<\/li>\n<li data-start=\"1368\" data-end=\"1493\"><strong data-start=\"1389\" data-end=\"1410\">Type d\u2019Enceinte :<\/strong> Active 2 voies<\/li>\n<li data-start=\"1368\" data-end=\"1493\"><strong data-start=\"1428\" data-end=\"1452\">Type d\u2019Utilisation :<\/strong> Professionnelle \/ Live \/ Installations<\/li>\n<\/ul>\n<p>&nbsp;<\/p>\n<h2 data-section-id=\"9nsa5f\" data-start=\"1500\" data-end=\"1531\">Sp\u00e9cifications Acoustiques<\/h2>\n<ul>\n<li data-start=\"1532\" data-end=\"1806\"><strong data-start=\"1532\" data-end=\"1544\">Woofer :<\/strong> 10\u2033<\/li>\n<li data-start=\"1532\" data-end=\"1806\"><strong data-start=\"1551\" data-end=\"1573\">Bobine du Woofer :<\/strong> 2,5\u2033<\/li>\n<li data-start=\"1532\" data-end=\"1806\"><strong data-start=\"1581\" data-end=\"1604\">Type de Driver HF :<\/strong> Pavillon<\/li>\n<li data-start=\"1532\" data-end=\"1806\"><strong data-start=\"1616\" data-end=\"1631\">Driver HF :<\/strong> 1,75\u2033<\/li>\n<li data-start=\"1532\" data-end=\"1806\"><strong data-start=\"1640\" data-end=\"1665\">Bobine du Driver HF :<\/strong> 4,5\u2033<\/li>\n<li data-start=\"1532\" data-end=\"1806\"><strong data-start=\"1673\" data-end=\"1699\">R\u00e9ponse en Fr\u00e9quence :<\/strong> 50Hz \u2013 20kHz<\/li>\n<li data-start=\"1532\" data-end=\"1806\"><strong data-start=\"1715\" data-end=\"1732\">SPL Maximum :<\/strong> 134 dB<\/li>\n<li data-start=\"1532\" data-end=\"1806\"><strong data-start=\"1742\" data-end=\"1767\">Sensibilit\u00e9 (1W\/1m) :<\/strong> 95 dB<\/li>\n<li data-start=\"1532\" data-end=\"1806\"><strong data-start=\"1776\" data-end=\"1792\">Dispersion :<\/strong> H90\u00b0 x V60\u00b0<\/li>\n<\/ul>\n<p>&nbsp;<\/p>\n<h2 data-section-id=\"1iv8vjn\" data-start=\"1813\" data-end=\"1841\">Montage et Installation<\/h2>\n<ul>\n<li data-start=\"1842\" data-end=\"1937\"><strong data-start=\"1842\" data-end=\"1855\">Montage :<\/strong> Sur pied \/ Suspendu<\/li>\n<li data-start=\"1842\" data-end=\"1937\"><strong data-start=\"1878\" data-end=\"1899\">Type de Montage :<\/strong> Embase 36 mm &amp; points de suspension<\/li>\n<\/ul>\n<p>&nbsp;<\/p>\n<h2 data-section-id=\"10wp5cl\" data-start=\"1944\" data-end=\"1973\">Entr\u00e9es et Sorties Audio<\/h2>\n<ul>\n<li data-start=\"1974\" data-end=\"2112\"><strong data-start=\"1974\" data-end=\"1996\">Entr\u00e9es Mic\/Line :<\/strong> 1<\/li>\n<li data-start=\"1974\" data-end=\"2112\"><strong data-start=\"2001\" data-end=\"2033\">Connecteur Entr\u00e9e Mic\/Line :<\/strong> XLR \/ Jack Combo<\/li>\n<li data-start=\"1974\" data-end=\"2112\"><strong data-start=\"2053\" data-end=\"2072\">Sorties Ligne :<\/strong> 1<\/li>\n<li data-start=\"1974\" data-end=\"2112\"><strong data-start=\"2077\" data-end=\"2106\">Connecteur Sortie Ligne :<\/strong> XLR<\/li>\n<\/ul>\n<p>&nbsp;<\/p>\n<h2 data-section-id=\"1shgxsh\" data-start=\"2119\" data-end=\"2157\">Sp\u00e9cifications de l\u2019Amplificateur<\/h2>\n<ul>\n<li data-start=\"2158\" data-end=\"2256\"><strong data-start=\"2158\" data-end=\"2178\">Processeur DSP :<\/strong> DSP CAN BUS<\/li>\n<li data-start=\"2158\" data-end=\"2256\"><strong data-start=\"2193\" data-end=\"2212\">Puissance RMS :<\/strong> 1000W<\/li>\n<li data-start=\"2158\" data-end=\"2256\"><strong data-start=\"2221\" data-end=\"2248\">Puissance Max (Cr\u00eate) :<\/strong> 2000W<\/li>\n<\/ul>\n<p>&nbsp;<\/p>\n<h2 data-section-id=\"1t51bzn\" data-start=\"2263\" data-end=\"2290\">Informations Physiques<\/h2>\n<ul>\n<li data-start=\"2291\" data-end=\"2442\"><strong data-start=\"2291\" data-end=\"2316\">Finition du Bo\u00eetier :<\/strong> Contreplaqu\u00e9 multicouche<\/li>\n<li data-start=\"2291\" data-end=\"2442\"><strong data-start=\"2344\" data-end=\"2362\">Alimentation :<\/strong> AC 220\u2013240V, 50Hz<\/li>\n<li data-start=\"2291\" data-end=\"2442\"><strong data-start=\"2383\" data-end=\"2394\">Poids :<\/strong> 17,5 kg<\/li>\n<li data-start=\"2291\" data-end=\"2442\"><strong data-start=\"2405\" data-end=\"2421\">Dimensions :<\/strong> 320 x 320 x 515 mm<\/li>\n<\/ul>\n<p>&nbsp;<\/p>\n<h2 data-section-id=\"1jjdpwv\" data-start=\"2449\" data-end=\"2463\">Solutions<\/h2>\n<ul>\n<li data-start=\"2464\" data-end=\"2561\"><strong data-start=\"2464\" data-end=\"2482\">Applications :<\/strong> Sonorisation live, DJs, \u00e9v\u00e9nements, installations, audiovisuel professionnel<\/li>\n<\/ul>\n<p>&nbsp;<\/p>\n<h2 data-section-id=\"1bezk4u\" data-start=\"2568\" data-end=\"2587\">Certifications<\/h2>\n<ul>\n<li data-start=\"2588\" data-end=\"2616\"><strong data-start=\"2588\" data-end=\"2605\">Certificats :<\/strong> CE, ROHS<\/li>\n<\/ul>\n<p>&nbsp;<\/p>\n<h2 data-section-id=\"4aajir\" data-start=\"2623\" data-end=\"2647\">Contenu de la Bo\u00eete<\/h2>\n<ul>\n<li data-start=\"2648\" data-end=\"2739\"><strong data-start=\"2648\" data-end=\"2675\">1 x Manhattan 10A Black<\/strong><\/li>\n<li data-start=\"2648\" data-end=\"2739\"><strong data-start=\"2678\" data-end=\"2706\">1 x Manuel d\u2019utilisation<\/strong><\/li>\n<li data-start=\"2648\" data-end=\"2739\"><strong data-start=\"2709\" data-end=\"2737\">1 x C\u00e2ble d\u2019alimentation<\/strong><\/li>\n<\/ul>\n<\/div>\n<\/div>\n<\/div>\n<\/div>\n","protected":false},"excerpt":{"rendered":"<ul>\n<li><strong>Type<\/strong>: Actif 2 voies<\/li>\n<li>Conducteur du <strong>woofer<\/strong>: 10&Prime;<\/li>\n<li><strong>R\u00e9ponse en fr\u00e9quence<\/strong>: 50Hz-20KHz<\/li>\n<li><strong>SPL<\/strong> maximum (dB): 134dB<\/li>\n<li><strong>Dispersion<\/strong>: 90\u00b0H x 60\u00b0V<\/li>\n<li><strong>Puissance de l&rsquo;amplificateur (RMS)<\/strong>: 1000W<\/li>\n<li><strong>Finition du bo\u00eetier<\/strong>: Contreplaqu\u00e9 multicouche<\/li>\n<\/ul>\n","protected":false},"featured_media":46022,"comment_status":"open","ping_status":"closed","template":"","meta":{"_acf_changed":false},"product_cat":[254,253,393],"product_tag":[],"class_list":{"0":"post-40285","1":"product","2":"type-product","3":"status-publish","4":"has-post-thumbnail","6":"product_cat-active-speakers-fr","7":"product_cat-intervenants","8":"product_cat-sonorisation","10":"first","11":"instock","12":"shipping-taxable","13":"product-type-simple"},"acf":[],"yoast_head":"<!-- This site is optimized with the Yoast SEO plugin v27.0 - https:\/\/yoast.com\/product\/yoast-seo-wordpress\/ -->\n<title>Manhattan 10A Black - Audibax<\/title>\n<meta name=\"robots\" content=\"index, follow, max-snippet:-1, max-image-preview:large, max-video-preview:-1\" \/>\n<link rel=\"canonical\" href=\"https:\/\/audibax.com\/fr\/produit\/manhattan-10a-black\/\" \/>\n<meta property=\"og:locale\" content=\"fr_FR\" \/>\n<meta property=\"og:type\" content=\"article\" \/>\n<meta property=\"og:title\" content=\"Manhattan 10A Black - Audibax\" \/>\n<meta property=\"og:description\" content=\"Type: Actif 2 voies  Conducteur du woofer: 10&quot;  R\u00e9ponse en fr\u00e9quence: 50Hz-20KHz  SPL maximum (dB): 134dB  Dispersion: 90\u00b0H x 60\u00b0V  Puissance de l&#039;amplificateur (RMS): 1000W  Finition du bo\u00eetier: Contreplaqu\u00e9 multicouche\" \/>\n<meta property=\"og:url\" content=\"https:\/\/audibax.com\/fr\/produit\/manhattan-10a-black\/\" \/>\n<meta property=\"og:site_name\" content=\"Audibax\" \/>\n<meta property=\"article:modified_time\" content=\"2026-04-24T09:11:08+00:00\" \/>\n<meta property=\"og:image\" content=\"https:\/\/audibax.com\/wp-content\/uploads\/2024\/01\/Manhattan-10A-1.png\" \/>\n\t<meta property=\"og:image:width\" content=\"1500\" \/>\n\t<meta property=\"og:image:height\" content=\"1060\" \/>\n\t<meta property=\"og:image:type\" content=\"image\/png\" \/>\n<meta name=\"twitter:card\" content=\"summary_large_image\" \/>\n<meta name=\"twitter:label1\" content=\"Dur\u00e9e de lecture estim\u00e9e\" \/>\n\t<meta name=\"twitter:data1\" content=\"2 minutes\" \/>\n<script type=\"application\/ld+json\" class=\"yoast-schema-graph\">{\"@context\":\"https:\/\/schema.org\",\"@graph\":[{\"@type\":\"WebPage\",\"@id\":\"https:\/\/audibax.com\/fr\/produit\/manhattan-10a-black\/\",\"url\":\"https:\/\/audibax.com\/fr\/produit\/manhattan-10a-black\/\",\"name\":\"Manhattan 10A Black - Audibax\",\"isPartOf\":{\"@id\":\"https:\/\/audibax.com\/fr\/#website\"},\"primaryImageOfPage\":{\"@id\":\"https:\/\/audibax.com\/fr\/produit\/manhattan-10a-black\/#primaryimage\"},\"image\":{\"@id\":\"https:\/\/audibax.com\/fr\/produit\/manhattan-10a-black\/#primaryimage\"},\"thumbnailUrl\":\"https:\/\/audibax.com\/wp-content\/uploads\/2024\/01\/Manhattan-10A-1.png\",\"datePublished\":\"2024-01-15T16:55:14+00:00\",\"dateModified\":\"2026-04-24T09:11:08+00:00\",\"breadcrumb\":{\"@id\":\"https:\/\/audibax.com\/fr\/produit\/manhattan-10a-black\/#breadcrumb\"},\"inLanguage\":\"fr-FR\",\"potentialAction\":[{\"@type\":\"ReadAction\",\"target\":[\"https:\/\/audibax.com\/fr\/produit\/manhattan-10a-black\/\"]}]},{\"@type\":\"ImageObject\",\"inLanguage\":\"fr-FR\",\"@id\":\"https:\/\/audibax.com\/fr\/produit\/manhattan-10a-black\/#primaryimage\",\"url\":\"https:\/\/audibax.com\/wp-content\/uploads\/2024\/01\/Manhattan-10A-1.png\",\"contentUrl\":\"https:\/\/audibax.com\/wp-content\/uploads\/2024\/01\/Manhattan-10A-1.png\",\"width\":1500,\"height\":1060},{\"@type\":\"BreadcrumbList\",\"@id\":\"https:\/\/audibax.com\/fr\/produit\/manhattan-10a-black\/#breadcrumb\",\"itemListElement\":[{\"@type\":\"ListItem\",\"position\":1,\"name\":\"Portada\",\"item\":\"https:\/\/audibax.com\/fr\/\"},{\"@type\":\"ListItem\",\"position\":2,\"name\":\"Produits\",\"item\":\"https:\/\/audibax.com\/fr\/shop\/\"},{\"@type\":\"ListItem\",\"position\":3,\"name\":\"Manhattan 10A Black\"}]},{\"@type\":\"WebSite\",\"@id\":\"https:\/\/audibax.com\/fr\/#website\",\"url\":\"https:\/\/audibax.com\/fr\/\",\"name\":\"Audibax\",\"description\":\"\",\"publisher\":{\"@id\":\"https:\/\/audibax.com\/fr\/#organization\"},\"potentialAction\":[{\"@type\":\"SearchAction\",\"target\":{\"@type\":\"EntryPoint\",\"urlTemplate\":\"https:\/\/audibax.com\/fr\/?s={search_term_string}\"},\"query-input\":{\"@type\":\"PropertyValueSpecification\",\"valueRequired\":true,\"valueName\":\"search_term_string\"}}],\"inLanguage\":\"fr-FR\"},{\"@type\":\"Organization\",\"@id\":\"https:\/\/audibax.com\/fr\/#organization\",\"name\":\"Audibax\",\"url\":\"https:\/\/audibax.com\/fr\/\",\"logo\":{\"@type\":\"ImageObject\",\"inLanguage\":\"fr-FR\",\"@id\":\"https:\/\/audibax.com\/fr\/#\/schema\/logo\/image\/\",\"url\":\"https:\/\/audibax.com\/wp-content\/uploads\/2023\/09\/logo-Audibax-BLANCO-SVG-1.svg\",\"contentUrl\":\"https:\/\/audibax.com\/wp-content\/uploads\/2023\/09\/logo-Audibax-BLANCO-SVG-1.svg\",\"caption\":\"Audibax\"},\"image\":{\"@id\":\"https:\/\/audibax.com\/fr\/#\/schema\/logo\/image\/\"}}]}<\/script>\n<!-- \/ Yoast SEO plugin. -->","yoast_head_json":{"title":"Manhattan 10A Black - Audibax","robots":{"index":"index","follow":"follow","max-snippet":"max-snippet:-1","max-image-preview":"max-image-preview:large","max-video-preview":"max-video-preview:-1"},"canonical":"https:\/\/audibax.com\/fr\/produit\/manhattan-10a-black\/","og_locale":"fr_FR","og_type":"article","og_title":"Manhattan 10A Black - Audibax","og_description":"Type: Actif 2 voies  Conducteur du woofer: 10\"  R\u00e9ponse en fr\u00e9quence: 50Hz-20KHz  SPL maximum (dB): 134dB  Dispersion: 90\u00b0H x 60\u00b0V  Puissance de l'amplificateur (RMS): 1000W  Finition du bo\u00eetier: Contreplaqu\u00e9 multicouche","og_url":"https:\/\/audibax.com\/fr\/produit\/manhattan-10a-black\/","og_site_name":"Audibax","article_modified_time":"2026-04-24T09:11:08+00:00","og_image":[{"width":1500,"height":1060,"url":"https:\/\/audibax.com\/wp-content\/uploads\/2024\/01\/Manhattan-10A-1.png","type":"image\/png"}],"twitter_card":"summary_large_image","twitter_misc":{"Dur\u00e9e de lecture estim\u00e9e":"2 minutes"},"schema":{"@context":"https:\/\/schema.org","@graph":[{"@type":"WebPage","@id":"https:\/\/audibax.com\/fr\/produit\/manhattan-10a-black\/","url":"https:\/\/audibax.com\/fr\/produit\/manhattan-10a-black\/","name":"Manhattan 10A Black - Audibax","isPartOf":{"@id":"https:\/\/audibax.com\/fr\/#website"},"primaryImageOfPage":{"@id":"https:\/\/audibax.com\/fr\/produit\/manhattan-10a-black\/#primaryimage"},"image":{"@id":"https:\/\/audibax.com\/fr\/produit\/manhattan-10a-black\/#primaryimage"},"thumbnailUrl":"https:\/\/audibax.com\/wp-content\/uploads\/2024\/01\/Manhattan-10A-1.png","datePublished":"2024-01-15T16:55:14+00:00","dateModified":"2026-04-24T09:11:08+00:00","breadcrumb":{"@id":"https:\/\/audibax.com\/fr\/produit\/manhattan-10a-black\/#breadcrumb"},"inLanguage":"fr-FR","potentialAction":[{"@type":"ReadAction","target":["https:\/\/audibax.com\/fr\/produit\/manhattan-10a-black\/"]}]},{"@type":"ImageObject","inLanguage":"fr-FR","@id":"https:\/\/audibax.com\/fr\/produit\/manhattan-10a-black\/#primaryimage","url":"https:\/\/audibax.com\/wp-content\/uploads\/2024\/01\/Manhattan-10A-1.png","contentUrl":"https:\/\/audibax.com\/wp-content\/uploads\/2024\/01\/Manhattan-10A-1.png","width":1500,"height":1060},{"@type":"BreadcrumbList","@id":"https:\/\/audibax.com\/fr\/produit\/manhattan-10a-black\/#breadcrumb","itemListElement":[{"@type":"ListItem","position":1,"name":"Portada","item":"https:\/\/audibax.com\/fr\/"},{"@type":"ListItem","position":2,"name":"Produits","item":"https:\/\/audibax.com\/fr\/shop\/"},{"@type":"ListItem","position":3,"name":"Manhattan 10A Black"}]},{"@type":"WebSite","@id":"https:\/\/audibax.com\/fr\/#website","url":"https:\/\/audibax.com\/fr\/","name":"Audibax","description":"","publisher":{"@id":"https:\/\/audibax.com\/fr\/#organization"},"potentialAction":[{"@type":"SearchAction","target":{"@type":"EntryPoint","urlTemplate":"https:\/\/audibax.com\/fr\/?s={search_term_string}"},"query-input":{"@type":"PropertyValueSpecification","valueRequired":true,"valueName":"search_term_string"}}],"inLanguage":"fr-FR"},{"@type":"Organization","@id":"https:\/\/audibax.com\/fr\/#organization","name":"Audibax","url":"https:\/\/audibax.com\/fr\/","logo":{"@type":"ImageObject","inLanguage":"fr-FR","@id":"https:\/\/audibax.com\/fr\/#\/schema\/logo\/image\/","url":"https:\/\/audibax.com\/wp-content\/uploads\/2023\/09\/logo-Audibax-BLANCO-SVG-1.svg","contentUrl":"https:\/\/audibax.com\/wp-content\/uploads\/2023\/09\/logo-Audibax-BLANCO-SVG-1.svg","caption":"Audibax"},"image":{"@id":"https:\/\/audibax.com\/fr\/#\/schema\/logo\/image\/"}}]}},"_links":{"self":[{"href":"https:\/\/audibax.com\/fr\/wp-json\/wp\/v2\/product\/40285","targetHints":{"allow":["GET"]}}],"collection":[{"href":"https:\/\/audibax.com\/fr\/wp-json\/wp\/v2\/product"}],"about":[{"href":"https:\/\/audibax.com\/fr\/wp-json\/wp\/v2\/types\/product"}],"replies":[{"embeddable":true,"href":"https:\/\/audibax.com\/fr\/wp-json\/wp\/v2\/comments?post=40285"}],"wp:featuredmedia":[{"embeddable":true,"href":"https:\/\/audibax.com\/fr\/wp-json\/wp\/v2\/media\/46022"}],"wp:attachment":[{"href":"https:\/\/audibax.com\/fr\/wp-json\/wp\/v2\/media?parent=40285"}],"wp:term":[{"taxonomy":"product_cat","embeddable":true,"href":"https:\/\/audibax.com\/fr\/wp-json\/wp\/v2\/product_cat?post=40285"},{"taxonomy":"product_tag","embeddable":true,"href":"https:\/\/audibax.com\/fr\/wp-json\/wp\/v2\/product_tag?post=40285"}],"curies":[{"name":"wp","href":"https:\/\/api.w.org\/{rel}","templated":true}]}}