{"id":40139,"date":"2024-01-15T12:08:19","date_gmt":"2024-01-15T11:08:19","guid":{"rendered":"https:\/\/audibax.com\/product\/adi-10m\/"},"modified":"2024-01-17T13:42:45","modified_gmt":"2024-01-17T12:42:45","slug":"adi-10m","status":"publish","type":"product","link":"https:\/\/audibax.com\/fr\/produit\/adi-10m\/","title":{"rendered":"ADI-10M Blue"},"content":{"rendered":"<p>L&rsquo;ADI-10M est une bo\u00eete de direct passive (st\u00e9r\u00e9o) \u00e0 deux canaux. Cette bo\u00eete de direct passive est \u00e9quip\u00e9e de deux transformateurs audio con\u00e7us pour g\u00e9rer des niveaux de signal extr\u00eames sans distorsion d&rsquo;aucune sorte.<\/p>\n<p>Elle convertit les signaux audio haute imp\u00e9dance provenant d&rsquo;instruments ou d&rsquo;appareils audio tels que les lecteurs MP3 et CD en une sortie XLR basse imp\u00e9dance qui peut \u00eatre utilis\u00e9e directement dans une console de mixage ou \u00e0 l&rsquo;entr\u00e9e d&rsquo;un amplificateur.<\/p>\n<p>La bo\u00eete de direct dispose d&rsquo;une entr\u00e9e Jack 1\u20444&Prime;, d&rsquo;une entr\u00e9e RCA st\u00e9r\u00e9o et d&rsquo;une entr\u00e9e mini Jack 3,5 mm, ce qui en fait la bo\u00eete de direct id\u00e9ale pour les int\u00e9grateurs AV professionnels et les soci\u00e9t\u00e9s de location qui sont r\u00e9guli\u00e8rement confront\u00e9s \u00e0 une vari\u00e9t\u00e9 de probl\u00e8mes d&rsquo;interface syst\u00e8me. Aucune alimentation n&rsquo;est requise.<\/p>\n<ul>\n<li>Entr\u00e9e: Jack 1\u20444&Prime; asym\u00e9trique (droite et gauche), RCA st\u00e9r\u00e9o, mini-jack 3,5 mm<\/li>\n<li>Sorties: XLR m\u00e2le (droite et gauche)<\/li>\n<li>Imp\u00e9dance d&rsquo;entr\u00e9e : &gt;&gt;130k Ohms<\/li>\n<li>Imp\u00e9dance de sortie: 600 Ohms<\/li>\n<li>Commandes: 0\/-15dBu pad &amp; Ground-Lift switch<\/li>\n<li>Dimensions: 115x84x46mm<\/li>\n<li>Poids: 435g<\/li>\n<\/ul>\n","protected":false},"excerpt":{"rendered":"<ul>\n<li>Entr\u00e9e: Jack 1\u20444&Prime; asym\u00e9trique (droite et gauche), RCA st\u00e9r\u00e9o, mini-jack 3,5 mm<\/li>\n<li>Sorties: XLR m\u00e2le (droite et gauche)<\/li>\n<li>Imp\u00e9dance d&rsquo;entr\u00e9e : &gt;&gt;130k Ohms<\/li>\n<li>Imp\u00e9dance de sortie: 600 Ohms<\/li>\n<li>Commandes: 0\/-15dBu pad &amp; Ground-Lift switch<\/li>\n<li>Dimensions: 115x84x46mm<\/li>\n<li>Poids: 435g<\/li>\n<\/ul>\n","protected":false},"featured_media":40094,"comment_status":"open","ping_status":"closed","template":"","meta":{"_acf_changed":false},"product_cat":[705,704,393],"product_tag":[],"class_list":{"0":"post-40139","1":"product","2":"type-product","3":"status-publish","4":"has-post-thumbnail","6":"product_cat-boites-di","7":"product_cat-boites-di-outils","8":"product_cat-sonorisation","10":"first","11":"instock","12":"shipping-taxable","13":"product-type-simple"},"acf":[],"yoast_head":"<!-- This site is optimized with the Yoast SEO plugin v27.0 - https:\/\/yoast.com\/product\/yoast-seo-wordpress\/ -->\n<title>ADI-10M Blue - Audibax<\/title>\n<meta name=\"robots\" content=\"index, follow, max-snippet:-1, max-image-preview:large, max-video-preview:-1\" \/>\n<link rel=\"canonical\" href=\"https:\/\/audibax.com\/fr\/produit\/adi-10m\/\" \/>\n<meta property=\"og:locale\" content=\"fr_FR\" \/>\n<meta property=\"og:type\" content=\"article\" \/>\n<meta property=\"og:title\" content=\"ADI-10M Blue - Audibax\" \/>\n<meta property=\"og:description\" content=\"Entr\u00e9e: Jack 1\u20444&quot; asym\u00e9trique (droite et gauche), RCA st\u00e9r\u00e9o, mini-jack 3,5 mm  Sorties: XLR m\u00e2le (droite et gauche)  Imp\u00e9dance d&#039;entr\u00e9e : &gt;&gt;130k Ohms  Imp\u00e9dance de sortie: 600 Ohms  Commandes: 0\/-15dBu pad &amp; Ground-Lift switch  Dimensions: 115x84x46mm  Poids: 435g\" \/>\n<meta property=\"og:url\" content=\"https:\/\/audibax.com\/fr\/produit\/adi-10m\/\" \/>\n<meta property=\"og:site_name\" content=\"Audibax\" \/>\n<meta property=\"article:modified_time\" content=\"2024-01-17T12:42:45+00:00\" \/>\n<meta property=\"og:image\" content=\"https:\/\/audibax.com\/wp-content\/uploads\/2024\/01\/Audibax-ADI-10M-1-new-jpg.webp\" \/>\n\t<meta property=\"og:image:width\" content=\"2500\" \/>\n\t<meta property=\"og:image:height\" content=\"1767\" \/>\n\t<meta property=\"og:image:type\" content=\"image\/jpeg\" \/>\n<meta name=\"twitter:card\" content=\"summary_large_image\" \/>\n<meta name=\"twitter:label1\" content=\"Dur\u00e9e de lecture estim\u00e9e\" \/>\n\t<meta name=\"twitter:data1\" content=\"1 minute\" \/>\n<script type=\"application\/ld+json\" class=\"yoast-schema-graph\">{\"@context\":\"https:\/\/schema.org\",\"@graph\":[{\"@type\":\"WebPage\",\"@id\":\"https:\/\/audibax.com\/fr\/produit\/adi-10m\/\",\"url\":\"https:\/\/audibax.com\/fr\/produit\/adi-10m\/\",\"name\":\"ADI-10M Blue - Audibax\",\"isPartOf\":{\"@id\":\"https:\/\/audibax.com\/fr\/#website\"},\"primaryImageOfPage\":{\"@id\":\"https:\/\/audibax.com\/fr\/produit\/adi-10m\/#primaryimage\"},\"image\":{\"@id\":\"https:\/\/audibax.com\/fr\/produit\/adi-10m\/#primaryimage\"},\"thumbnailUrl\":\"https:\/\/audibax.com\/wp-content\/uploads\/2024\/01\/Audibax-ADI-10M-1-new-jpg.webp\",\"datePublished\":\"2024-01-15T11:08:19+00:00\",\"dateModified\":\"2024-01-17T12:42:45+00:00\",\"breadcrumb\":{\"@id\":\"https:\/\/audibax.com\/fr\/produit\/adi-10m\/#breadcrumb\"},\"inLanguage\":\"fr-FR\",\"potentialAction\":[{\"@type\":\"ReadAction\",\"target\":[\"https:\/\/audibax.com\/fr\/produit\/adi-10m\/\"]}]},{\"@type\":\"ImageObject\",\"inLanguage\":\"fr-FR\",\"@id\":\"https:\/\/audibax.com\/fr\/produit\/adi-10m\/#primaryimage\",\"url\":\"https:\/\/audibax.com\/wp-content\/uploads\/2024\/01\/Audibax-ADI-10M-1-new-jpg.webp\",\"contentUrl\":\"https:\/\/audibax.com\/wp-content\/uploads\/2024\/01\/Audibax-ADI-10M-1-new-jpg.webp\",\"width\":2500,\"height\":1767},{\"@type\":\"BreadcrumbList\",\"@id\":\"https:\/\/audibax.com\/fr\/produit\/adi-10m\/#breadcrumb\",\"itemListElement\":[{\"@type\":\"ListItem\",\"position\":1,\"name\":\"Portada\",\"item\":\"https:\/\/audibax.com\/fr\/\"},{\"@type\":\"ListItem\",\"position\":2,\"name\":\"Produits\",\"item\":\"https:\/\/audibax.com\/fr\/shop\/\"},{\"@type\":\"ListItem\",\"position\":3,\"name\":\"ADI-10M Blue\"}]},{\"@type\":\"WebSite\",\"@id\":\"https:\/\/audibax.com\/fr\/#website\",\"url\":\"https:\/\/audibax.com\/fr\/\",\"name\":\"Audibax\",\"description\":\"\",\"publisher\":{\"@id\":\"https:\/\/audibax.com\/fr\/#organization\"},\"potentialAction\":[{\"@type\":\"SearchAction\",\"target\":{\"@type\":\"EntryPoint\",\"urlTemplate\":\"https:\/\/audibax.com\/fr\/?s={search_term_string}\"},\"query-input\":{\"@type\":\"PropertyValueSpecification\",\"valueRequired\":true,\"valueName\":\"search_term_string\"}}],\"inLanguage\":\"fr-FR\"},{\"@type\":\"Organization\",\"@id\":\"https:\/\/audibax.com\/fr\/#organization\",\"name\":\"Audibax\",\"url\":\"https:\/\/audibax.com\/fr\/\",\"logo\":{\"@type\":\"ImageObject\",\"inLanguage\":\"fr-FR\",\"@id\":\"https:\/\/audibax.com\/fr\/#\/schema\/logo\/image\/\",\"url\":\"https:\/\/audibax.com\/wp-content\/uploads\/2023\/09\/logo-Audibax-BLANCO-SVG-1.svg\",\"contentUrl\":\"https:\/\/audibax.com\/wp-content\/uploads\/2023\/09\/logo-Audibax-BLANCO-SVG-1.svg\",\"caption\":\"Audibax\"},\"image\":{\"@id\":\"https:\/\/audibax.com\/fr\/#\/schema\/logo\/image\/\"}}]}<\/script>\n<!-- \/ Yoast SEO plugin. -->","yoast_head_json":{"title":"ADI-10M Blue - Audibax","robots":{"index":"index","follow":"follow","max-snippet":"max-snippet:-1","max-image-preview":"max-image-preview:large","max-video-preview":"max-video-preview:-1"},"canonical":"https:\/\/audibax.com\/fr\/produit\/adi-10m\/","og_locale":"fr_FR","og_type":"article","og_title":"ADI-10M Blue - Audibax","og_description":"Entr\u00e9e: Jack 1\u20444\" asym\u00e9trique (droite et gauche), RCA st\u00e9r\u00e9o, mini-jack 3,5 mm  Sorties: XLR m\u00e2le (droite et gauche)  Imp\u00e9dance d'entr\u00e9e : &gt;&gt;130k Ohms  Imp\u00e9dance de sortie: 600 Ohms  Commandes: 0\/-15dBu pad &amp; Ground-Lift switch  Dimensions: 115x84x46mm  Poids: 435g","og_url":"https:\/\/audibax.com\/fr\/produit\/adi-10m\/","og_site_name":"Audibax","article_modified_time":"2024-01-17T12:42:45+00:00","og_image":[{"width":2500,"height":1767,"url":"https:\/\/audibax.com\/wp-content\/uploads\/2024\/01\/Audibax-ADI-10M-1-new-jpg.webp","type":"image\/jpeg"}],"twitter_card":"summary_large_image","twitter_misc":{"Dur\u00e9e de lecture estim\u00e9e":"1 minute"},"schema":{"@context":"https:\/\/schema.org","@graph":[{"@type":"WebPage","@id":"https:\/\/audibax.com\/fr\/produit\/adi-10m\/","url":"https:\/\/audibax.com\/fr\/produit\/adi-10m\/","name":"ADI-10M Blue - Audibax","isPartOf":{"@id":"https:\/\/audibax.com\/fr\/#website"},"primaryImageOfPage":{"@id":"https:\/\/audibax.com\/fr\/produit\/adi-10m\/#primaryimage"},"image":{"@id":"https:\/\/audibax.com\/fr\/produit\/adi-10m\/#primaryimage"},"thumbnailUrl":"https:\/\/audibax.com\/wp-content\/uploads\/2024\/01\/Audibax-ADI-10M-1-new-jpg.webp","datePublished":"2024-01-15T11:08:19+00:00","dateModified":"2024-01-17T12:42:45+00:00","breadcrumb":{"@id":"https:\/\/audibax.com\/fr\/produit\/adi-10m\/#breadcrumb"},"inLanguage":"fr-FR","potentialAction":[{"@type":"ReadAction","target":["https:\/\/audibax.com\/fr\/produit\/adi-10m\/"]}]},{"@type":"ImageObject","inLanguage":"fr-FR","@id":"https:\/\/audibax.com\/fr\/produit\/adi-10m\/#primaryimage","url":"https:\/\/audibax.com\/wp-content\/uploads\/2024\/01\/Audibax-ADI-10M-1-new-jpg.webp","contentUrl":"https:\/\/audibax.com\/wp-content\/uploads\/2024\/01\/Audibax-ADI-10M-1-new-jpg.webp","width":2500,"height":1767},{"@type":"BreadcrumbList","@id":"https:\/\/audibax.com\/fr\/produit\/adi-10m\/#breadcrumb","itemListElement":[{"@type":"ListItem","position":1,"name":"Portada","item":"https:\/\/audibax.com\/fr\/"},{"@type":"ListItem","position":2,"name":"Produits","item":"https:\/\/audibax.com\/fr\/shop\/"},{"@type":"ListItem","position":3,"name":"ADI-10M Blue"}]},{"@type":"WebSite","@id":"https:\/\/audibax.com\/fr\/#website","url":"https:\/\/audibax.com\/fr\/","name":"Audibax","description":"","publisher":{"@id":"https:\/\/audibax.com\/fr\/#organization"},"potentialAction":[{"@type":"SearchAction","target":{"@type":"EntryPoint","urlTemplate":"https:\/\/audibax.com\/fr\/?s={search_term_string}"},"query-input":{"@type":"PropertyValueSpecification","valueRequired":true,"valueName":"search_term_string"}}],"inLanguage":"fr-FR"},{"@type":"Organization","@id":"https:\/\/audibax.com\/fr\/#organization","name":"Audibax","url":"https:\/\/audibax.com\/fr\/","logo":{"@type":"ImageObject","inLanguage":"fr-FR","@id":"https:\/\/audibax.com\/fr\/#\/schema\/logo\/image\/","url":"https:\/\/audibax.com\/wp-content\/uploads\/2023\/09\/logo-Audibax-BLANCO-SVG-1.svg","contentUrl":"https:\/\/audibax.com\/wp-content\/uploads\/2023\/09\/logo-Audibax-BLANCO-SVG-1.svg","caption":"Audibax"},"image":{"@id":"https:\/\/audibax.com\/fr\/#\/schema\/logo\/image\/"}}]}},"_links":{"self":[{"href":"https:\/\/audibax.com\/fr\/wp-json\/wp\/v2\/product\/40139","targetHints":{"allow":["GET"]}}],"collection":[{"href":"https:\/\/audibax.com\/fr\/wp-json\/wp\/v2\/product"}],"about":[{"href":"https:\/\/audibax.com\/fr\/wp-json\/wp\/v2\/types\/product"}],"replies":[{"embeddable":true,"href":"https:\/\/audibax.com\/fr\/wp-json\/wp\/v2\/comments?post=40139"}],"wp:featuredmedia":[{"embeddable":true,"href":"https:\/\/audibax.com\/fr\/wp-json\/wp\/v2\/media\/40094"}],"wp:attachment":[{"href":"https:\/\/audibax.com\/fr\/wp-json\/wp\/v2\/media?parent=40139"}],"wp:term":[{"taxonomy":"product_cat","embeddable":true,"href":"https:\/\/audibax.com\/fr\/wp-json\/wp\/v2\/product_cat?post=40139"},{"taxonomy":"product_tag","embeddable":true,"href":"https:\/\/audibax.com\/fr\/wp-json\/wp\/v2\/product_tag?post=40139"}],"curies":[{"name":"wp","href":"https:\/\/api.w.org\/{rel}","templated":true}]}}