{"id":40133,"date":"2024-01-15T11:55:05","date_gmt":"2024-01-15T10:55:05","guid":{"rendered":"https:\/\/audibax.com\/?post_type=product&#038;p=40133"},"modified":"2024-01-17T13:43:39","modified_gmt":"2024-01-17T12:43:39","slug":"adi-10a","status":"publish","type":"product","link":"https:\/\/audibax.com\/fr\/produit\/adi-10a\/","title":{"rendered":"ADI-10A Blue"},"content":{"rendered":"<p>L&rsquo;ADI-10A est une bo\u00eete de direct active 48V aliment\u00e9e en fant\u00f4me (st\u00e9r\u00e9o). Ce bo\u00eetier direct actif comprend une alimentation num\u00e9rique interne \u00e0 d\u00e9coupage qui convertit l&rsquo;alimentation fant\u00f4me 48V DC pour g\u00e9n\u00e9rer une tension de rail interne plus \u00e9lev\u00e9e. Ceci permet \u00e0 l&rsquo;ADI-10A de g\u00e9rer des transitoires allant jusqu&rsquo;\u00e0 9V sans \u00e9touffement. Une plus grande marge de man\u0153uvre dynamique permet de r\u00e9duire la distorsion des ondes carr\u00e9es.<\/p>\n<p>Cette bo\u00eete de direct active dispose \u00e9galement d&rsquo;un transformateur qui isole l&rsquo;alimentation fant\u00f4me 48V afin d&rsquo;\u00e9liminer les boucles de masse tout en supprimant les bruits parasites et les bruits du syst\u00e8me.<\/p>\n<p>L&rsquo;ADI-10A est une bo\u00eete de direct tr\u00e8s efficace pour tous les types d&rsquo;instruments, que ce soit sur sc\u00e8ne ou en studio.<\/p>\n<ul>\n<li>Entr\u00e9e: 1\u20444&Prime; Jack<\/li>\n<li>Sorties: XLR m\u00e2le<\/li>\n<li>Imp\u00e9dance d&rsquo;entr\u00e9e: &gt;&gt;220k Ohms<\/li>\n<li>Imp\u00e9dance de sortie: 600 Ohms<\/li>\n<li>Commandes: 0\/-15dBu pad &amp; Ground-Lift switch<\/li>\n<li>Dimensions: 127x87x46mm<\/li>\n<li>Poids: 420g<\/li>\n<\/ul>\n","protected":false},"excerpt":{"rendered":"<ul>\n<li>Entr\u00e9e: 1\u20444&Prime; Jack<\/li>\n<li>Sorties: XLR m\u00e2le<\/li>\n<li>Imp\u00e9dance d&rsquo;entr\u00e9e: &gt;&gt;220k Ohms<\/li>\n<li>Imp\u00e9dance de sortie: 600 Ohms<\/li>\n<li>Commandes: 0\/-15dBu pad &amp; Ground-Lift switch<\/li>\n<li>Dimensions: 127x87x46mm<\/li>\n<li>Poids: 420g<\/li>\n<\/ul>\n","protected":false},"featured_media":40070,"comment_status":"open","ping_status":"closed","template":"","meta":{"_acf_changed":false},"product_cat":[705,704,393],"product_tag":[],"class_list":{"0":"post-40133","1":"product","2":"type-product","3":"status-publish","4":"has-post-thumbnail","6":"product_cat-boites-di","7":"product_cat-boites-di-outils","8":"product_cat-sonorisation","10":"first","11":"instock","12":"shipping-taxable","13":"product-type-simple"},"acf":[],"yoast_head":"<!-- This site is optimized with the Yoast SEO plugin v27.0 - https:\/\/yoast.com\/product\/yoast-seo-wordpress\/ -->\n<title>ADI-10A Blue - Audibax<\/title>\n<meta name=\"robots\" content=\"index, follow, max-snippet:-1, max-image-preview:large, max-video-preview:-1\" \/>\n<link rel=\"canonical\" href=\"https:\/\/audibax.com\/fr\/produit\/adi-10a\/\" \/>\n<meta property=\"og:locale\" content=\"fr_FR\" \/>\n<meta property=\"og:type\" content=\"article\" \/>\n<meta property=\"og:title\" content=\"ADI-10A Blue - Audibax\" \/>\n<meta property=\"og:description\" content=\"Entr\u00e9e: 1\u20444&quot; Jack  Sorties: XLR m\u00e2le  Imp\u00e9dance d&#039;entr\u00e9e: &gt;&gt;220k Ohms  Imp\u00e9dance de sortie: 600 Ohms  Commandes: 0\/-15dBu pad &amp; Ground-Lift switch  Dimensions: 127x87x46mm  Poids: 420g\" \/>\n<meta property=\"og:url\" content=\"https:\/\/audibax.com\/fr\/produit\/adi-10a\/\" \/>\n<meta property=\"og:site_name\" content=\"Audibax\" \/>\n<meta property=\"article:modified_time\" content=\"2024-01-17T12:43:39+00:00\" \/>\n<meta property=\"og:image\" content=\"https:\/\/audibax.com\/wp-content\/uploads\/2024\/01\/Audibax-ADI-10A-1-new-jpg.webp\" \/>\n\t<meta property=\"og:image:width\" content=\"2500\" \/>\n\t<meta property=\"og:image:height\" content=\"1767\" \/>\n\t<meta property=\"og:image:type\" content=\"image\/jpeg\" \/>\n<meta name=\"twitter:card\" content=\"summary_large_image\" \/>\n<meta name=\"twitter:label1\" content=\"Dur\u00e9e de lecture estim\u00e9e\" \/>\n\t<meta name=\"twitter:data1\" content=\"1 minute\" \/>\n<script type=\"application\/ld+json\" class=\"yoast-schema-graph\">{\"@context\":\"https:\/\/schema.org\",\"@graph\":[{\"@type\":\"WebPage\",\"@id\":\"https:\/\/audibax.com\/fr\/produit\/adi-10a\/\",\"url\":\"https:\/\/audibax.com\/fr\/produit\/adi-10a\/\",\"name\":\"ADI-10A Blue - Audibax\",\"isPartOf\":{\"@id\":\"https:\/\/audibax.com\/fr\/#website\"},\"primaryImageOfPage\":{\"@id\":\"https:\/\/audibax.com\/fr\/produit\/adi-10a\/#primaryimage\"},\"image\":{\"@id\":\"https:\/\/audibax.com\/fr\/produit\/adi-10a\/#primaryimage\"},\"thumbnailUrl\":\"https:\/\/audibax.com\/wp-content\/uploads\/2024\/01\/Audibax-ADI-10A-1-new-jpg.webp\",\"datePublished\":\"2024-01-15T10:55:05+00:00\",\"dateModified\":\"2024-01-17T12:43:39+00:00\",\"breadcrumb\":{\"@id\":\"https:\/\/audibax.com\/fr\/produit\/adi-10a\/#breadcrumb\"},\"inLanguage\":\"fr-FR\",\"potentialAction\":[{\"@type\":\"ReadAction\",\"target\":[\"https:\/\/audibax.com\/fr\/produit\/adi-10a\/\"]}]},{\"@type\":\"ImageObject\",\"inLanguage\":\"fr-FR\",\"@id\":\"https:\/\/audibax.com\/fr\/produit\/adi-10a\/#primaryimage\",\"url\":\"https:\/\/audibax.com\/wp-content\/uploads\/2024\/01\/Audibax-ADI-10A-1-new-jpg.webp\",\"contentUrl\":\"https:\/\/audibax.com\/wp-content\/uploads\/2024\/01\/Audibax-ADI-10A-1-new-jpg.webp\",\"width\":2500,\"height\":1767},{\"@type\":\"BreadcrumbList\",\"@id\":\"https:\/\/audibax.com\/fr\/produit\/adi-10a\/#breadcrumb\",\"itemListElement\":[{\"@type\":\"ListItem\",\"position\":1,\"name\":\"Portada\",\"item\":\"https:\/\/audibax.com\/fr\/\"},{\"@type\":\"ListItem\",\"position\":2,\"name\":\"Produits\",\"item\":\"https:\/\/audibax.com\/fr\/shop\/\"},{\"@type\":\"ListItem\",\"position\":3,\"name\":\"ADI-10A Blue\"}]},{\"@type\":\"WebSite\",\"@id\":\"https:\/\/audibax.com\/fr\/#website\",\"url\":\"https:\/\/audibax.com\/fr\/\",\"name\":\"Audibax\",\"description\":\"\",\"publisher\":{\"@id\":\"https:\/\/audibax.com\/fr\/#organization\"},\"potentialAction\":[{\"@type\":\"SearchAction\",\"target\":{\"@type\":\"EntryPoint\",\"urlTemplate\":\"https:\/\/audibax.com\/fr\/?s={search_term_string}\"},\"query-input\":{\"@type\":\"PropertyValueSpecification\",\"valueRequired\":true,\"valueName\":\"search_term_string\"}}],\"inLanguage\":\"fr-FR\"},{\"@type\":\"Organization\",\"@id\":\"https:\/\/audibax.com\/fr\/#organization\",\"name\":\"Audibax\",\"url\":\"https:\/\/audibax.com\/fr\/\",\"logo\":{\"@type\":\"ImageObject\",\"inLanguage\":\"fr-FR\",\"@id\":\"https:\/\/audibax.com\/fr\/#\/schema\/logo\/image\/\",\"url\":\"https:\/\/audibax.com\/wp-content\/uploads\/2023\/09\/logo-Audibax-BLANCO-SVG-1.svg\",\"contentUrl\":\"https:\/\/audibax.com\/wp-content\/uploads\/2023\/09\/logo-Audibax-BLANCO-SVG-1.svg\",\"caption\":\"Audibax\"},\"image\":{\"@id\":\"https:\/\/audibax.com\/fr\/#\/schema\/logo\/image\/\"}}]}<\/script>\n<!-- \/ Yoast SEO plugin. -->","yoast_head_json":{"title":"ADI-10A Blue - Audibax","robots":{"index":"index","follow":"follow","max-snippet":"max-snippet:-1","max-image-preview":"max-image-preview:large","max-video-preview":"max-video-preview:-1"},"canonical":"https:\/\/audibax.com\/fr\/produit\/adi-10a\/","og_locale":"fr_FR","og_type":"article","og_title":"ADI-10A Blue - Audibax","og_description":"Entr\u00e9e: 1\u20444\" Jack  Sorties: XLR m\u00e2le  Imp\u00e9dance d'entr\u00e9e: &gt;&gt;220k Ohms  Imp\u00e9dance de sortie: 600 Ohms  Commandes: 0\/-15dBu pad &amp; Ground-Lift switch  Dimensions: 127x87x46mm  Poids: 420g","og_url":"https:\/\/audibax.com\/fr\/produit\/adi-10a\/","og_site_name":"Audibax","article_modified_time":"2024-01-17T12:43:39+00:00","og_image":[{"width":2500,"height":1767,"url":"https:\/\/audibax.com\/wp-content\/uploads\/2024\/01\/Audibax-ADI-10A-1-new-jpg.webp","type":"image\/jpeg"}],"twitter_card":"summary_large_image","twitter_misc":{"Dur\u00e9e de lecture estim\u00e9e":"1 minute"},"schema":{"@context":"https:\/\/schema.org","@graph":[{"@type":"WebPage","@id":"https:\/\/audibax.com\/fr\/produit\/adi-10a\/","url":"https:\/\/audibax.com\/fr\/produit\/adi-10a\/","name":"ADI-10A Blue - Audibax","isPartOf":{"@id":"https:\/\/audibax.com\/fr\/#website"},"primaryImageOfPage":{"@id":"https:\/\/audibax.com\/fr\/produit\/adi-10a\/#primaryimage"},"image":{"@id":"https:\/\/audibax.com\/fr\/produit\/adi-10a\/#primaryimage"},"thumbnailUrl":"https:\/\/audibax.com\/wp-content\/uploads\/2024\/01\/Audibax-ADI-10A-1-new-jpg.webp","datePublished":"2024-01-15T10:55:05+00:00","dateModified":"2024-01-17T12:43:39+00:00","breadcrumb":{"@id":"https:\/\/audibax.com\/fr\/produit\/adi-10a\/#breadcrumb"},"inLanguage":"fr-FR","potentialAction":[{"@type":"ReadAction","target":["https:\/\/audibax.com\/fr\/produit\/adi-10a\/"]}]},{"@type":"ImageObject","inLanguage":"fr-FR","@id":"https:\/\/audibax.com\/fr\/produit\/adi-10a\/#primaryimage","url":"https:\/\/audibax.com\/wp-content\/uploads\/2024\/01\/Audibax-ADI-10A-1-new-jpg.webp","contentUrl":"https:\/\/audibax.com\/wp-content\/uploads\/2024\/01\/Audibax-ADI-10A-1-new-jpg.webp","width":2500,"height":1767},{"@type":"BreadcrumbList","@id":"https:\/\/audibax.com\/fr\/produit\/adi-10a\/#breadcrumb","itemListElement":[{"@type":"ListItem","position":1,"name":"Portada","item":"https:\/\/audibax.com\/fr\/"},{"@type":"ListItem","position":2,"name":"Produits","item":"https:\/\/audibax.com\/fr\/shop\/"},{"@type":"ListItem","position":3,"name":"ADI-10A Blue"}]},{"@type":"WebSite","@id":"https:\/\/audibax.com\/fr\/#website","url":"https:\/\/audibax.com\/fr\/","name":"Audibax","description":"","publisher":{"@id":"https:\/\/audibax.com\/fr\/#organization"},"potentialAction":[{"@type":"SearchAction","target":{"@type":"EntryPoint","urlTemplate":"https:\/\/audibax.com\/fr\/?s={search_term_string}"},"query-input":{"@type":"PropertyValueSpecification","valueRequired":true,"valueName":"search_term_string"}}],"inLanguage":"fr-FR"},{"@type":"Organization","@id":"https:\/\/audibax.com\/fr\/#organization","name":"Audibax","url":"https:\/\/audibax.com\/fr\/","logo":{"@type":"ImageObject","inLanguage":"fr-FR","@id":"https:\/\/audibax.com\/fr\/#\/schema\/logo\/image\/","url":"https:\/\/audibax.com\/wp-content\/uploads\/2023\/09\/logo-Audibax-BLANCO-SVG-1.svg","contentUrl":"https:\/\/audibax.com\/wp-content\/uploads\/2023\/09\/logo-Audibax-BLANCO-SVG-1.svg","caption":"Audibax"},"image":{"@id":"https:\/\/audibax.com\/fr\/#\/schema\/logo\/image\/"}}]}},"_links":{"self":[{"href":"https:\/\/audibax.com\/fr\/wp-json\/wp\/v2\/product\/40133","targetHints":{"allow":["GET"]}}],"collection":[{"href":"https:\/\/audibax.com\/fr\/wp-json\/wp\/v2\/product"}],"about":[{"href":"https:\/\/audibax.com\/fr\/wp-json\/wp\/v2\/types\/product"}],"replies":[{"embeddable":true,"href":"https:\/\/audibax.com\/fr\/wp-json\/wp\/v2\/comments?post=40133"}],"wp:featuredmedia":[{"embeddable":true,"href":"https:\/\/audibax.com\/fr\/wp-json\/wp\/v2\/media\/40070"}],"wp:attachment":[{"href":"https:\/\/audibax.com\/fr\/wp-json\/wp\/v2\/media?parent=40133"}],"wp:term":[{"taxonomy":"product_cat","embeddable":true,"href":"https:\/\/audibax.com\/fr\/wp-json\/wp\/v2\/product_cat?post=40133"},{"taxonomy":"product_tag","embeddable":true,"href":"https:\/\/audibax.com\/fr\/wp-json\/wp\/v2\/product_tag?post=40133"}],"curies":[{"name":"wp","href":"https:\/\/api.w.org\/{rel}","templated":true}]}}