{"id":40056,"date":"2024-01-12T16:28:10","date_gmt":"2024-01-12T15:28:10","guid":{"rendered":"https:\/\/audibax.com\/product\/adp-48-dsp-black\/"},"modified":"2025-10-20T14:10:06","modified_gmt":"2025-10-20T12:10:06","slug":"adp-48-dsp-black","status":"publish","type":"product","link":"https:\/\/audibax.com\/fr\/produit\/adp-48-dsp-black\/","title":{"rendered":"ADP 48 DSP Black"},"content":{"rendered":"<ul>\n<li>Type: Processeur<\/li>\n<li>Canaux de sortie: 8<\/li>\n<li>Connecteur de ligne de sortie: XLR<\/li>\n<li>Entr\u00e9es canal ligne\/micro: 4<\/li>\n<li>Connecteur d&rsquo;entr\u00e9e ligne: XLR<\/li>\n<li>Sensibilit\u00e9 de l&rsquo;\u00e9quilibrage de l&rsquo;entr\u00e9e ligne: 0dB<\/li>\n<li>Contr\u00f4le de la tonalit\u00e9: Panneau de commande \u00e0 boutons<\/li>\n<li>Dimensions: 1 unit\u00e9 19<\/li>\n<li>Contr\u00f4le de l&rsquo;interface: USB\/Ethernet\/Rs232\/485<\/li>\n<li>Processeur DSP: 96KHZ- 32-Bit DSP<\/li>\n<li>Rapport signal\/bruit : &gt;&gt;105dB<\/li>\n<li>R\u00e9ponse en fr\u00e9quence: 20Hz-20KHz<\/li>\n<li>Alimentation \u00e9lectrique: AC 110V\/240V 50Hz\/60Hz<\/li>\n<li>Poids: 3kg<\/li>\n<li>Dimensions: 570\u00d7260\u00d790mm<\/li>\n<\/ul>\n","protected":false},"excerpt":{"rendered":"<ul>\n<li>Type: Processeur<\/li>\n<li>Canaux de sortie: 8<\/li>\n<li>Entr\u00e9es canal ligne\/micro: 4<\/li>\n<li>Dimensions: 1 unit\u00e9 19<\/li>\n<li>Contr\u00f4le de l&rsquo;interface: USB\/Ethernet\/Rs232\/485<\/li>\n<li>Processeur DSP: 96KHZ- 32-Bit DSP<\/li>\n<\/ul>\n","protected":false},"featured_media":39872,"comment_status":"open","ping_status":"closed","template":"","meta":{"_acf_changed":false},"product_cat":[707,710,393],"product_tag":[],"class_list":{"0":"post-40056","1":"product","2":"type-product","3":"status-publish","4":"has-post-thumbnail","6":"product_cat-matrice-numerique-processeurs","7":"product_cat-processeurs","8":"product_cat-sonorisation","10":"first","11":"instock","12":"shipping-taxable","13":"product-type-simple"},"acf":[],"yoast_head":"<!-- This site is optimized with the Yoast SEO plugin v27.0 - https:\/\/yoast.com\/product\/yoast-seo-wordpress\/ -->\n<title>ADP 48 DSP Black - Audibax<\/title>\n<meta name=\"robots\" content=\"index, follow, max-snippet:-1, max-image-preview:large, max-video-preview:-1\" \/>\n<link rel=\"canonical\" href=\"https:\/\/audibax.com\/fr\/produit\/adp-48-dsp-black\/\" \/>\n<meta property=\"og:locale\" content=\"fr_FR\" \/>\n<meta property=\"og:type\" content=\"article\" \/>\n<meta property=\"og:title\" content=\"ADP 48 DSP Black - Audibax\" \/>\n<meta property=\"og:description\" content=\"Type: Processeur  Canaux de sortie: 8  Entr\u00e9es canal ligne\/micro: 4  Dimensions: 1 unit\u00e9 19  Contr\u00f4le de l&#039;interface: USB\/Ethernet\/Rs232\/485  Processeur DSP: 96KHZ- 32-Bit DSP\" \/>\n<meta property=\"og:url\" content=\"https:\/\/audibax.com\/fr\/produit\/adp-48-dsp-black\/\" \/>\n<meta property=\"og:site_name\" content=\"Audibax\" \/>\n<meta property=\"article:modified_time\" content=\"2025-10-20T12:10:06+00:00\" \/>\n<meta property=\"og:image\" content=\"https:\/\/audibax.com\/wp-content\/uploads\/2024\/01\/ADP-48-DSP-1-new-jpg.webp\" \/>\n\t<meta property=\"og:image:width\" content=\"2500\" \/>\n\t<meta property=\"og:image:height\" content=\"1767\" \/>\n\t<meta property=\"og:image:type\" content=\"image\/jpeg\" \/>\n<meta name=\"twitter:card\" content=\"summary_large_image\" \/>\n<meta name=\"twitter:label1\" content=\"Dur\u00e9e de lecture estim\u00e9e\" \/>\n\t<meta name=\"twitter:data1\" content=\"1 minute\" \/>\n<script type=\"application\/ld+json\" class=\"yoast-schema-graph\">{\"@context\":\"https:\/\/schema.org\",\"@graph\":[{\"@type\":\"WebPage\",\"@id\":\"https:\/\/audibax.com\/fr\/produit\/adp-48-dsp-black\/\",\"url\":\"https:\/\/audibax.com\/fr\/produit\/adp-48-dsp-black\/\",\"name\":\"ADP 48 DSP Black - Audibax\",\"isPartOf\":{\"@id\":\"https:\/\/audibax.com\/fr\/#website\"},\"primaryImageOfPage\":{\"@id\":\"https:\/\/audibax.com\/fr\/produit\/adp-48-dsp-black\/#primaryimage\"},\"image\":{\"@id\":\"https:\/\/audibax.com\/fr\/produit\/adp-48-dsp-black\/#primaryimage\"},\"thumbnailUrl\":\"https:\/\/audibax.com\/wp-content\/uploads\/2024\/01\/ADP-48-DSP-1-new-jpg.webp\",\"datePublished\":\"2024-01-12T15:28:10+00:00\",\"dateModified\":\"2025-10-20T12:10:06+00:00\",\"breadcrumb\":{\"@id\":\"https:\/\/audibax.com\/fr\/produit\/adp-48-dsp-black\/#breadcrumb\"},\"inLanguage\":\"fr-FR\",\"potentialAction\":[{\"@type\":\"ReadAction\",\"target\":[\"https:\/\/audibax.com\/fr\/produit\/adp-48-dsp-black\/\"]}]},{\"@type\":\"ImageObject\",\"inLanguage\":\"fr-FR\",\"@id\":\"https:\/\/audibax.com\/fr\/produit\/adp-48-dsp-black\/#primaryimage\",\"url\":\"https:\/\/audibax.com\/wp-content\/uploads\/2024\/01\/ADP-48-DSP-1-new-jpg.webp\",\"contentUrl\":\"https:\/\/audibax.com\/wp-content\/uploads\/2024\/01\/ADP-48-DSP-1-new-jpg.webp\",\"width\":2500,\"height\":1767},{\"@type\":\"BreadcrumbList\",\"@id\":\"https:\/\/audibax.com\/fr\/produit\/adp-48-dsp-black\/#breadcrumb\",\"itemListElement\":[{\"@type\":\"ListItem\",\"position\":1,\"name\":\"Portada\",\"item\":\"https:\/\/audibax.com\/fr\/\"},{\"@type\":\"ListItem\",\"position\":2,\"name\":\"Produits\",\"item\":\"https:\/\/audibax.com\/fr\/shop\/\"},{\"@type\":\"ListItem\",\"position\":3,\"name\":\"ADP 48 DSP Black\"}]},{\"@type\":\"WebSite\",\"@id\":\"https:\/\/audibax.com\/fr\/#website\",\"url\":\"https:\/\/audibax.com\/fr\/\",\"name\":\"Audibax\",\"description\":\"\",\"publisher\":{\"@id\":\"https:\/\/audibax.com\/fr\/#organization\"},\"potentialAction\":[{\"@type\":\"SearchAction\",\"target\":{\"@type\":\"EntryPoint\",\"urlTemplate\":\"https:\/\/audibax.com\/fr\/?s={search_term_string}\"},\"query-input\":{\"@type\":\"PropertyValueSpecification\",\"valueRequired\":true,\"valueName\":\"search_term_string\"}}],\"inLanguage\":\"fr-FR\"},{\"@type\":\"Organization\",\"@id\":\"https:\/\/audibax.com\/fr\/#organization\",\"name\":\"Audibax\",\"url\":\"https:\/\/audibax.com\/fr\/\",\"logo\":{\"@type\":\"ImageObject\",\"inLanguage\":\"fr-FR\",\"@id\":\"https:\/\/audibax.com\/fr\/#\/schema\/logo\/image\/\",\"url\":\"https:\/\/audibax.com\/wp-content\/uploads\/2023\/09\/logo-Audibax-BLANCO-SVG-1.svg\",\"contentUrl\":\"https:\/\/audibax.com\/wp-content\/uploads\/2023\/09\/logo-Audibax-BLANCO-SVG-1.svg\",\"caption\":\"Audibax\"},\"image\":{\"@id\":\"https:\/\/audibax.com\/fr\/#\/schema\/logo\/image\/\"}}]}<\/script>\n<!-- \/ Yoast SEO plugin. -->","yoast_head_json":{"title":"ADP 48 DSP Black - Audibax","robots":{"index":"index","follow":"follow","max-snippet":"max-snippet:-1","max-image-preview":"max-image-preview:large","max-video-preview":"max-video-preview:-1"},"canonical":"https:\/\/audibax.com\/fr\/produit\/adp-48-dsp-black\/","og_locale":"fr_FR","og_type":"article","og_title":"ADP 48 DSP Black - Audibax","og_description":"Type: Processeur  Canaux de sortie: 8  Entr\u00e9es canal ligne\/micro: 4  Dimensions: 1 unit\u00e9 19  Contr\u00f4le de l'interface: USB\/Ethernet\/Rs232\/485  Processeur DSP: 96KHZ- 32-Bit DSP","og_url":"https:\/\/audibax.com\/fr\/produit\/adp-48-dsp-black\/","og_site_name":"Audibax","article_modified_time":"2025-10-20T12:10:06+00:00","og_image":[{"width":2500,"height":1767,"url":"https:\/\/audibax.com\/wp-content\/uploads\/2024\/01\/ADP-48-DSP-1-new-jpg.webp","type":"image\/jpeg"}],"twitter_card":"summary_large_image","twitter_misc":{"Dur\u00e9e de lecture estim\u00e9e":"1 minute"},"schema":{"@context":"https:\/\/schema.org","@graph":[{"@type":"WebPage","@id":"https:\/\/audibax.com\/fr\/produit\/adp-48-dsp-black\/","url":"https:\/\/audibax.com\/fr\/produit\/adp-48-dsp-black\/","name":"ADP 48 DSP Black - Audibax","isPartOf":{"@id":"https:\/\/audibax.com\/fr\/#website"},"primaryImageOfPage":{"@id":"https:\/\/audibax.com\/fr\/produit\/adp-48-dsp-black\/#primaryimage"},"image":{"@id":"https:\/\/audibax.com\/fr\/produit\/adp-48-dsp-black\/#primaryimage"},"thumbnailUrl":"https:\/\/audibax.com\/wp-content\/uploads\/2024\/01\/ADP-48-DSP-1-new-jpg.webp","datePublished":"2024-01-12T15:28:10+00:00","dateModified":"2025-10-20T12:10:06+00:00","breadcrumb":{"@id":"https:\/\/audibax.com\/fr\/produit\/adp-48-dsp-black\/#breadcrumb"},"inLanguage":"fr-FR","potentialAction":[{"@type":"ReadAction","target":["https:\/\/audibax.com\/fr\/produit\/adp-48-dsp-black\/"]}]},{"@type":"ImageObject","inLanguage":"fr-FR","@id":"https:\/\/audibax.com\/fr\/produit\/adp-48-dsp-black\/#primaryimage","url":"https:\/\/audibax.com\/wp-content\/uploads\/2024\/01\/ADP-48-DSP-1-new-jpg.webp","contentUrl":"https:\/\/audibax.com\/wp-content\/uploads\/2024\/01\/ADP-48-DSP-1-new-jpg.webp","width":2500,"height":1767},{"@type":"BreadcrumbList","@id":"https:\/\/audibax.com\/fr\/produit\/adp-48-dsp-black\/#breadcrumb","itemListElement":[{"@type":"ListItem","position":1,"name":"Portada","item":"https:\/\/audibax.com\/fr\/"},{"@type":"ListItem","position":2,"name":"Produits","item":"https:\/\/audibax.com\/fr\/shop\/"},{"@type":"ListItem","position":3,"name":"ADP 48 DSP Black"}]},{"@type":"WebSite","@id":"https:\/\/audibax.com\/fr\/#website","url":"https:\/\/audibax.com\/fr\/","name":"Audibax","description":"","publisher":{"@id":"https:\/\/audibax.com\/fr\/#organization"},"potentialAction":[{"@type":"SearchAction","target":{"@type":"EntryPoint","urlTemplate":"https:\/\/audibax.com\/fr\/?s={search_term_string}"},"query-input":{"@type":"PropertyValueSpecification","valueRequired":true,"valueName":"search_term_string"}}],"inLanguage":"fr-FR"},{"@type":"Organization","@id":"https:\/\/audibax.com\/fr\/#organization","name":"Audibax","url":"https:\/\/audibax.com\/fr\/","logo":{"@type":"ImageObject","inLanguage":"fr-FR","@id":"https:\/\/audibax.com\/fr\/#\/schema\/logo\/image\/","url":"https:\/\/audibax.com\/wp-content\/uploads\/2023\/09\/logo-Audibax-BLANCO-SVG-1.svg","contentUrl":"https:\/\/audibax.com\/wp-content\/uploads\/2023\/09\/logo-Audibax-BLANCO-SVG-1.svg","caption":"Audibax"},"image":{"@id":"https:\/\/audibax.com\/fr\/#\/schema\/logo\/image\/"}}]}},"_links":{"self":[{"href":"https:\/\/audibax.com\/fr\/wp-json\/wp\/v2\/product\/40056","targetHints":{"allow":["GET"]}}],"collection":[{"href":"https:\/\/audibax.com\/fr\/wp-json\/wp\/v2\/product"}],"about":[{"href":"https:\/\/audibax.com\/fr\/wp-json\/wp\/v2\/types\/product"}],"replies":[{"embeddable":true,"href":"https:\/\/audibax.com\/fr\/wp-json\/wp\/v2\/comments?post=40056"}],"wp:featuredmedia":[{"embeddable":true,"href":"https:\/\/audibax.com\/fr\/wp-json\/wp\/v2\/media\/39872"}],"wp:attachment":[{"href":"https:\/\/audibax.com\/fr\/wp-json\/wp\/v2\/media?parent=40056"}],"wp:term":[{"taxonomy":"product_cat","embeddable":true,"href":"https:\/\/audibax.com\/fr\/wp-json\/wp\/v2\/product_cat?post=40056"},{"taxonomy":"product_tag","embeddable":true,"href":"https:\/\/audibax.com\/fr\/wp-json\/wp\/v2\/product_tag?post=40056"}],"curies":[{"name":"wp","href":"https:\/\/api.w.org\/{rel}","templated":true}]}}